{"id":6169,"date":"2022-06-27T09:42:39","date_gmt":"2022-06-27T07:42:39","guid":{"rendered":"https:\/\/universitetipolis.edu.al\/?page_id=6169"},"modified":"2024-12-07T18:41:59","modified_gmt":"2024-12-07T17:41:59","slug":"master-i-shkencave-ne-arkitekture-dhe-dizajn-urban","status":"publish","type":"page","link":"https:\/\/universitetipolis.edu.al\/?page_id=6169","title":{"rendered":"Master i Shkencave n\u00eb Arkitekture dhe Dizajn Urban"},"content":{"rendered":"\t\t<div data-elementor-type=\"wp-page\" data-elementor-id=\"6169\" class=\"elementor elementor-6169\" data-elementor-post-type=\"page\">\n\t\t\t\t\t\t<section class=\"elementor-section elementor-top-section elementor-element elementor-element-5b40c25 elementor-section-boxed elementor-section-gap-beside-yes elementor-section-height-default elementor-section-height-default elementor-section-column-vertical-align-stretch\" data-id=\"5b40c25\" data-element_type=\"section\" data-e-type=\"section\">\n\t\t\t\t\t\t<div class=\"elementor-container elementor-column-gap-extended\">\n\t\t\t\t\t<div class=\"elementor-column elementor-col-100 elementor-top-column elementor-element elementor-element-4027fc9\" data-id=\"4027fc9\" data-element_type=\"column\" data-e-type=\"column\">\n\t\t\t<div class=\"elementor-widget-wrap elementor-element-populated\">\n\t\t\t\t\t\t<div class=\"elementor-element elementor-element-d42c899 elementor-widget elementor-widget-text-editor\" data-id=\"d42c899\" data-element_type=\"widget\" data-e-type=\"widget\" data-widget_type=\"text-editor.default\">\n\t\t\t\t<div class=\"elementor-widget-container\">\n\t\t\t\t\t\t\t\t\t<h5>Program i integruar n\u00eb <strong>Arkitektur\u00eb dhe Dizajn Urban<\/strong> (300 ECTC, 5 vite akademike, me koh\u00eb t\u00eb plot\u00eb)<\/h5><h6><b>Profili profesional <\/b><\/h6><p>Ky program studimi ofron nj\u00eb m\u00ebnyre t\u00eb re p\u00ebr t\u00eb menduar Arkitektur\u00ebn, nisur nga analizimi dhe eksperimentimi i kontekstit q\u00eb na rrethon si dhe eksperiencat bot\u00ebrore, gj\u00eb q\u00eb krijon mund\u00ebsin\u00eb p\u00ebr t\u2019u shk\u00ebputur nga \u201cpozicionimi\u201d standart i edukimit n\u00eb fush\u00ebn e arkitektur\u00ebs. Kjo ve\u00e7anti buron nga vler\u00ebsimi i potencialeve t\u00eb fjetura dhe transformimi i tyre n\u00eb burime frym\u00ebzimi, duke sjell n\u00eb arkitektur\u00eb nj\u00eb frym\u00eb t\u00eb re q\u00eb bazohet tek ri-interpretimi i kontekstit aktual dhe transformimi i tij n\u00eb vlera t\u00eb reja t\u00eb arkitektur\u00ebs dhe shoq\u00ebris\u00eb n\u00eb t\u00ebr\u00ebsi.<\/p><p><strong>Mund\u00ebsit\u00eb p\u00ebr pun\u00ebsim<\/strong><br \/>Sektor\u00ebt kryesor\u00eb t\u00eb pun\u00ebsimit p\u00ebrfshijn\u00eb:<br \/>&#8211; Sektori privat i studiove t\u00eb projektimit arkitektonik apo te kompanive te ndertimit.<br \/>&#8211; Sektori publik: nivelin e qeverisjes vendore, duke filluar q\u00eb nga bashkite e komunat e deri tek qarku apo rajonet. Nivelin e qeverisjes q\u00ebndrore;<br \/>&#8211; Institucionet k\u00ebrkimore shkencore vendase dhe t\u00eb huaja t\u00eb cilat kan\u00eb p\u00ebr fokus kryesor fush\u00ebn e arkitektur\u00ebs, nd\u00ebrtimit dhe dizajnit urban.<\/p>\t\t\t\t\t\t\t\t<\/div>\n\t\t\t\t<\/div>\n\t\t\t\t\t<\/div>\n\t\t<\/div>\n\t\t\t\t\t<\/div>\n\t\t<\/section>\n\t\t\t\t<section class=\"elementor-section elementor-top-section elementor-element elementor-element-d8732b2 elementor-section-boxed elementor-section-gap-beside-yes elementor-section-height-default elementor-section-height-default elementor-section-column-vertical-align-stretch\" data-id=\"d8732b2\" data-element_type=\"section\" data-e-type=\"section\" data-settings=\"{&quot;background_background&quot;:&quot;classic&quot;}\">\n\t\t\t\t\t\t<div class=\"elementor-container elementor-column-gap-extended\">\n\t\t\t\t\t<div class=\"elementor-column elementor-col-100 elementor-top-column elementor-element elementor-element-3809045\" data-id=\"3809045\" data-element_type=\"column\" data-e-type=\"column\">\n\t\t\t<div class=\"elementor-widget-wrap elementor-element-populated\">\n\t\t\t\t\t\t<div class=\"elementor-element elementor-element-01557bc elementor-widget elementor-widget-heading\" data-id=\"01557bc\" data-element_type=\"widget\" data-e-type=\"widget\" data-widget_type=\"heading.default\">\n\t\t\t\t<div class=\"elementor-widget-container\">\n\t\t\t\t\t<h2 class=\"elementor-heading-title elementor-size-default\">PROGRAMI MESIMOR\u00cb<\/h2>\t\t\t\t<\/div>\n\t\t\t\t<\/div>\n\t\t\t\t<div class=\"elementor-element elementor-element-4c90a6e unicamp-accordion-style-03 elementor-widget elementor-widget-tm-accordion\" data-id=\"4c90a6e\" data-element_type=\"widget\" data-e-type=\"widget\" data-widget_type=\"tm-accordion.default\">\n\t\t\t\t<div class=\"elementor-widget-container\">\n\t\t\t\t\t\t\t<div class=\"unicamp-accordion unicamp-accordion-icon-right\">\n\t\t\t\t\t\t\t<div class=\"accordion-section\">\n\t\t\t\t\t<div class=\"accordion-header\">\n\t\t\t\t\t\t<div class=\"accordion-title-wrapper\">\n\t\t\t\t\t\t\t<h6 class=\"accordion-title\">Semestri  I<\/h6>\t\t\t\t\t\t<\/div>\n\t\t\t\t\t\t\t\t\t\t\t\t\t<div class=\"accordion-icons\">\n\t\t\t\t\t\t\t\t<span\n\t\t\t\t\t\t\t\t\tclass=\"accordion-icon opened-icon\"><i class=\"far fa-angle-down\"><\/i><\/span>\n\t\t\t\t\t\t\t\t<span\n\t\t\t\t\t\t\t\t\tclass=\"accordion-icon closed-icon\"><\/span>\n\t\t\t\t\t\t\t<\/div>\n\t\t\t\t\t\t\t\t\t\t\t<\/div>\n\t\t\t\t\t<div class=\"accordion-content\">\n\t\t\t\t\t\t<ul><li>Analiz\u00eb Territori dhe Vendbanimi I (6 kredite)<\/li><li>Histori Arkitekture dhe Qyteti (6 kredite)<\/li><li>Studio dhe Teori Arkitekture 1A (6 kredite)<\/li><li>Gjeometri Deskriptive 1 (6 kredite)<\/li><li>Matematik\u00eb (6 kredite)<\/li><\/ul>\t\t\t\t\t<\/div>\n\t\t\t\t<\/div>\n\t\t\t\t\t\t\t<div class=\"accordion-section\">\n\t\t\t\t\t<div class=\"accordion-header\">\n\t\t\t\t\t\t<div class=\"accordion-title-wrapper\">\n\t\t\t\t\t\t\t<h6 class=\"accordion-title\">Semestri II<\/h6>\t\t\t\t\t\t<\/div>\n\t\t\t\t\t\t\t\t\t\t\t\t\t<div class=\"accordion-icons\">\n\t\t\t\t\t\t\t\t<span\n\t\t\t\t\t\t\t\t\tclass=\"accordion-icon opened-icon\"><i class=\"far fa-angle-down\"><\/i><\/span>\n\t\t\t\t\t\t\t\t<span\n\t\t\t\t\t\t\t\t\tclass=\"accordion-icon closed-icon\"><\/span>\n\t\t\t\t\t\t\t<\/div>\n\t\t\t\t\t\t\t\t\t\t\t<\/div>\n\t\t\t\t\t<div class=\"accordion-content\">\n\t\t\t\t\t\t<ul><li>Gjeometri Deskriptive 2 dhe Gjuh\u00eb Pamore (9 kredite)<\/li><li>Analiz\u00eb Territori dhe Vendbanimi II (9 kredite)<\/li><li>Studio dhe Teori Arkitekture 1B (6 kredite)<\/li><li>Histori Arkitekture dhe Qyteti II (6 kredite)<\/li><\/ul>\t\t\t\t\t<\/div>\n\t\t\t\t<\/div>\n\t\t\t\t\t\t\t<div class=\"accordion-section\">\n\t\t\t\t\t<div class=\"accordion-header\">\n\t\t\t\t\t\t<div class=\"accordion-title-wrapper\">\n\t\t\t\t\t\t\t<h6 class=\"accordion-title\">Semestri III<\/h6>\t\t\t\t\t\t<\/div>\n\t\t\t\t\t\t\t\t\t\t\t\t\t<div class=\"accordion-icons\">\n\t\t\t\t\t\t\t\t<span\n\t\t\t\t\t\t\t\t\tclass=\"accordion-icon opened-icon\"><i class=\"far fa-angle-down\"><\/i><\/span>\n\t\t\t\t\t\t\t\t<span\n\t\t\t\t\t\t\t\t\tclass=\"accordion-icon closed-icon\"><\/span>\n\t\t\t\t\t\t\t<\/div>\n\t\t\t\t\t\t\t\t\t\t\t<\/div>\n\t\t\t\t\t<div class=\"accordion-content\">\n\t\t\t\t\t\t<ul><li>Studio dhe Teori Arkitekture 2A (6 kredite)<\/li><li>CAAD I (3 kredite)<\/li><li>Materiale Nd\u00ebrtimi dhe Teknika Konstruktive (6 kredite)<\/li><li>Teknologji Arkitekture 1 (6 kredite)<\/li><li>Shkenca Konstruksioni 1 (6 kredite)<\/li><li>WSHP TAW\/TDW (3 kredite)<\/li><\/ul>\t\t\t\t\t<\/div>\n\t\t\t\t<\/div>\n\t\t\t\t\t\t\t<div class=\"accordion-section\">\n\t\t\t\t\t<div class=\"accordion-header\">\n\t\t\t\t\t\t<div class=\"accordion-title-wrapper\">\n\t\t\t\t\t\t\t<h6 class=\"accordion-title\">Semestri IV<\/h6>\t\t\t\t\t\t<\/div>\n\t\t\t\t\t\t\t\t\t\t\t\t\t<div class=\"accordion-icons\">\n\t\t\t\t\t\t\t\t<span\n\t\t\t\t\t\t\t\t\tclass=\"accordion-icon opened-icon\"><i class=\"far fa-angle-down\"><\/i><\/span>\n\t\t\t\t\t\t\t\t<span\n\t\t\t\t\t\t\t\t\tclass=\"accordion-icon closed-icon\"><\/span>\n\t\t\t\t\t\t\t<\/div>\n\t\t\t\t\t\t\t\t\t\t\t<\/div>\n\t\t\t\t\t<div class=\"accordion-content\">\n\t\t\t\t\t\t<ul><li>Topografi (3 kredite)<\/li><li>Rilevim Arkitekture (3 kredite)<\/li><li>CAAD II (6 kredite)<\/li><li>Studio dhe Teori Arkitekture 2B (6 kredite)<\/li><li>Teknologji Arkitekture 2 (6 kredite)<\/li><li>Shkenca Konstruksioni 2 (6 kredite)<\/li><\/ul>\t\t\t\t\t<\/div>\n\t\t\t\t<\/div>\n\t\t\t\t\t\t\t<div class=\"accordion-section\">\n\t\t\t\t\t<div class=\"accordion-header\">\n\t\t\t\t\t\t<div class=\"accordion-title-wrapper\">\n\t\t\t\t\t\t\t<h6 class=\"accordion-title\">Semestri V<\/h6>\t\t\t\t\t\t<\/div>\n\t\t\t\t\t\t\t\t\t\t\t\t\t<div class=\"accordion-icons\">\n\t\t\t\t\t\t\t\t<span\n\t\t\t\t\t\t\t\t\tclass=\"accordion-icon opened-icon\"><i class=\"far fa-angle-down\"><\/i><\/span>\n\t\t\t\t\t\t\t\t<span\n\t\t\t\t\t\t\t\t\tclass=\"accordion-icon closed-icon\"><\/span>\n\t\t\t\t\t\t\t<\/div>\n\t\t\t\t\t\t\t\t\t\t\t<\/div>\n\t\t\t\t\t<div class=\"accordion-content\">\n\t\t\t\t\t\t<ul><li>CAAD III (3 kredite)<\/li><li><p>Studio Planifikimi Urban (9 kredite)<\/p><\/li><li><p>Fizik\u00eb Teknike dhe Impianistik\u00eb (6 kredite)<\/p><\/li><li>Ekonomi dhe Kantjer Nd\u00ebrtimi (3 kredite)<\/li><li>Studio dhe Teori Arkitekture 3A (6 kredite)<\/li><li>Studio Dizajni Ambiental (6 kredite)<\/li><li>WSHP TAW\/TDW (3 kredite)<\/li><\/ul>\t\t\t\t\t<\/div>\n\t\t\t\t<\/div>\n\t\t\t\t\t\t\t<div class=\"accordion-section\">\n\t\t\t\t\t<div class=\"accordion-header\">\n\t\t\t\t\t\t<div class=\"accordion-title-wrapper\">\n\t\t\t\t\t\t\t<h6 class=\"accordion-title\">Semestri VI<\/h6>\t\t\t\t\t\t<\/div>\n\t\t\t\t\t\t\t\t\t\t\t\t\t<div class=\"accordion-icons\">\n\t\t\t\t\t\t\t\t<span\n\t\t\t\t\t\t\t\t\tclass=\"accordion-icon opened-icon\"><i class=\"far fa-angle-down\"><\/i><\/span>\n\t\t\t\t\t\t\t\t<span\n\t\t\t\t\t\t\t\t\tclass=\"accordion-icon closed-icon\"><\/span>\n\t\t\t\t\t\t\t<\/div>\n\t\t\t\t\t\t\t\t\t\t\t<\/div>\n\t\t\t\t\t<div class=\"accordion-content\">\n\t\t\t\t\t\t<ul><li>Urbanistik\u00eb Teknike dhe Ligj dhe Legjislacion Urban (3 kredite)<\/li><li>Rrjete Elektrike dhe Teknologjike (6 kredite)<\/li><li>Studio dhe Teori Arkitekture 3B (6 kredite)<\/li><li>Studio dhe Teori Dizajni Urban (9 kredite)<\/li><li>Analiz\u00eb e Tipologjis\u00eb dhe Morfologjis\u00eb Arkitektonike (3 kredite)<\/li><\/ul>\t\t\t\t\t<\/div>\n\t\t\t\t<\/div>\n\t\t\t\t\t\t\t<div class=\"accordion-section\">\n\t\t\t\t\t<div class=\"accordion-header\">\n\t\t\t\t\t\t<div class=\"accordion-title-wrapper\">\n\t\t\t\t\t\t\t<h6 class=\"accordion-title\">Semestri VII<\/h6>\t\t\t\t\t\t<\/div>\n\t\t\t\t\t\t\t\t\t\t\t\t\t<div class=\"accordion-icons\">\n\t\t\t\t\t\t\t\t<span\n\t\t\t\t\t\t\t\t\tclass=\"accordion-icon opened-icon\"><i class=\"far fa-angle-down\"><\/i><\/span>\n\t\t\t\t\t\t\t\t<span\n\t\t\t\t\t\t\t\t\tclass=\"accordion-icon closed-icon\"><\/span>\n\t\t\t\t\t\t\t<\/div>\n\t\t\t\t\t\t\t\t\t\t\t<\/div>\n\t\t\t\t\t<div class=\"accordion-content\">\n\t\t\t\t\t\t<ul><li>Restaurimi i Trash\u00ebgimis\u00eb Kulturore (6 kredite)<\/li><li>Dizajn Grafik dhe Industrial (6 kredite)<\/li><li>Advanced Studio in Architecture and IT (6 kredite)<\/li><li>Rigjenerim Urban dhe Projekte me Komunitetin (3 kredite)<\/li><li>Studio dhe Teori Arkitekture 4A (6 kredite)<\/li><li>WSHP TAW\/TDW (3 kredite)<\/li><\/ul>\t\t\t\t\t<\/div>\n\t\t\t\t<\/div>\n\t\t\t\t\t\t\t<div class=\"accordion-section\">\n\t\t\t\t\t<div class=\"accordion-header\">\n\t\t\t\t\t\t<div class=\"accordion-title-wrapper\">\n\t\t\t\t\t\t\t<h6 class=\"accordion-title\">Semestri VIII<\/h6>\t\t\t\t\t\t<\/div>\n\t\t\t\t\t\t\t\t\t\t\t\t\t<div class=\"accordion-icons\">\n\t\t\t\t\t\t\t\t<span\n\t\t\t\t\t\t\t\t\tclass=\"accordion-icon opened-icon\"><i class=\"far fa-angle-down\"><\/i><\/span>\n\t\t\t\t\t\t\t\t<span\n\t\t\t\t\t\t\t\t\tclass=\"accordion-icon closed-icon\"><\/span>\n\t\t\t\t\t\t\t<\/div>\n\t\t\t\t\t\t\t\t\t\t\t<\/div>\n\t\t\t\t\t<div class=\"accordion-content\">\n\t\t\t\t\t\t<ul><li>Studio dhe Teori Arkitekture 4B (6 kredite)<\/li><li>Projekt Zbatimi (6 kredite)<\/li><li>Studio dhe Teori Arkitekture Interieri (6 kredite)<\/li><li>Prefabrikim Dixhital dhe Prototipizim (6 kredite)<\/li><li>Dizajn Peizazhi (6 kredite)<\/li><\/ul>\t\t\t\t\t<\/div>\n\t\t\t\t<\/div>\n\t\t\t\t\t\t\t<div class=\"accordion-section\">\n\t\t\t\t\t<div class=\"accordion-header\">\n\t\t\t\t\t\t<div class=\"accordion-title-wrapper\">\n\t\t\t\t\t\t\t<h6 class=\"accordion-title\">Semestri IX<\/h6>\t\t\t\t\t\t<\/div>\n\t\t\t\t\t\t\t\t\t\t\t\t\t<div class=\"accordion-icons\">\n\t\t\t\t\t\t\t\t<span\n\t\t\t\t\t\t\t\t\tclass=\"accordion-icon opened-icon\"><i class=\"far fa-angle-down\"><\/i><\/span>\n\t\t\t\t\t\t\t\t<span\n\t\t\t\t\t\t\t\t\tclass=\"accordion-icon closed-icon\"><\/span>\n\t\t\t\t\t\t\t<\/div>\n\t\t\t\t\t\t\t\t\t\t\t<\/div>\n\t\t\t\t\t<div class=\"accordion-content\">\n\t\t\t\t\t\t<ul><li>Metoda te K\u00ebrkimit Shkencor (6 kredite)<\/li><li>Studio Profesionale n\u00eb Arkitektur\u00eb (6 kredite)<\/li><li>Sip\u00ebrmarrja dhe Biznesi (3 kredite)<\/li><li>Studio Finale Arkitektur\u00eb 5 (6 kredite)<\/li><li>Thellim Teorik (6 kredite)<\/li><li>WSHP TAW\/TDW (3 kredite)<\/li><\/ul>\t\t\t\t\t<\/div>\n\t\t\t\t<\/div>\n\t\t\t\t\t\t\t<div class=\"accordion-section\">\n\t\t\t\t\t<div class=\"accordion-header\">\n\t\t\t\t\t\t<div class=\"accordion-title-wrapper\">\n\t\t\t\t\t\t\t<h6 class=\"accordion-title\">Semestri X<\/h6>\t\t\t\t\t\t<\/div>\n\t\t\t\t\t\t\t\t\t\t\t\t\t<div class=\"accordion-icons\">\n\t\t\t\t\t\t\t\t<span\n\t\t\t\t\t\t\t\t\tclass=\"accordion-icon opened-icon\"><i class=\"far fa-angle-down\"><\/i><\/span>\n\t\t\t\t\t\t\t\t<span\n\t\t\t\t\t\t\t\t\tclass=\"accordion-icon closed-icon\"><\/span>\n\t\t\t\t\t\t\t<\/div>\n\t\t\t\t\t\t\t\t\t\t\t<\/div>\n\t\t\t\t\t<div class=\"accordion-content\">\n\t\t\t\t\t\t<ul><li>Studio Finale Arkitektur\u00eb 6 (9 kredite)<\/li><li>Teza dhe Projekt Diploma (15 kredite)<\/li><li>Internship profesional (6 kredite)<\/li><\/ul>\t\t\t\t\t<\/div>\n\t\t\t\t<\/div>\n\t\t\t\t\t<\/div>\n\t\t\t\t\t\t<\/div>\n\t\t\t\t<\/div>\n\t\t\t\t\t<\/div>\n\t\t<\/div>\n\t\t\t\t\t<\/div>\n\t\t<\/section>\n\t\t\t\t<\/div>\n\t\t","protected":false},"excerpt":{"rendered":"<p>Program i integruar n\u00eb Arkitektur\u00eb dhe Dizajn Urban (300 ECTC, 5 vite akademike, me koh\u00eb t\u00eb plot\u00eb) Profili profesional Ky program studimi ofron nj\u00eb m\u00ebnyre t\u00eb re p\u00ebr t\u00eb menduar Arkitektur\u00ebn, nisur nga analizimi dhe eksperimentimi i kontekstit q\u00eb na rrethon si dhe eksperiencat bot\u00ebrore, gj\u00eb q\u00eb krijon mund\u00ebsin\u00eb p\u00ebr t\u2019u shk\u00ebputur nga \u201cpozicionimi\u201d standart i edukimit n\u00eb fush\u00ebn e arkitektur\u00ebs. Kjo ve\u00e7anti buron nga vler\u00ebsimi i potencialeve t\u00eb fjetura dhe transformimi i tyre n\u00eb burime frym\u00ebzimi, duke sjell n\u00eb arkitektur\u00eb nj\u00eb frym\u00eb t\u00eb re q\u00eb bazohet tek ri-interpretimi i kontekstit aktual dhe transformimi i tij n\u00eb vlera t\u00eb reja t\u00eb arkitektur\u00ebs dhe shoq\u00ebris\u00eb n\u00eb t\u00ebr\u00ebsi. Mund\u00ebsit\u00eb p\u00ebr pun\u00ebsimSektor\u00ebt kryesor\u00eb t\u00eb pun\u00ebsimit p\u00ebrfshijn\u00eb:&#8211; Sektori privat i studiove t\u00eb projektimit arkitektonik apo te kompanive te ndertimit.&#8211; Sektori publik: nivelin e qeverisjes vendore, duke filluar q\u00eb nga bashkite e komunat e deri tek qarku apo rajonet. Nivelin e qeverisjes q\u00ebndrore;&#8211; Institucionet k\u00ebrkimore shkencore vendase dhe t\u00eb huaja t\u00eb cilat kan\u00eb p\u00ebr fokus kryesor fush\u00ebn e arkitektur\u00ebs, nd\u00ebrtimit dhe dizajnit urban. PROGRAMI MESIMOR\u00cb Semestri I Analiz\u00eb Territori dhe Vendbanimi I (6 kredite) Histori Arkitekture dhe Qyteti (6 kredite) Studio dhe Teori Arkitekture 1A (6 kredite) Gjeometri Deskriptive 1 (6 kredite) Matematik\u00eb (6 kredite) Semestri II Gjeometri Deskriptive 2 dhe Gjuh\u00eb Pamore (9 kredite) Analiz\u00eb Territori dhe Vendbanimi II (9 kredite) Studio dhe Teori Arkitekture 1B (6 kredite) Histori Arkitekture dhe Qyteti II (6 kredite) Semestri III Studio dhe Teori Arkitekture 2A (6 kredite) CAAD I (3 kredite) Materiale Nd\u00ebrtimi dhe Teknika Konstruktive (6 kredite) Teknologji Arkitekture 1 (6 kredite) Shkenca Konstruksioni 1 (6 kredite) WSHP TAW\/TDW (3 kredite) Semestri IV Topografi (3 kredite) Rilevim Arkitekture (3 kredite) CAAD II (6 kredite) Studio dhe Teori Arkitekture 2B (6 kredite) Teknologji Arkitekture 2 (6 kredite) Shkenca Konstruksioni 2 (6 kredite) Semestri V CAAD III (3 kredite) Studio Planifikimi Urban (9 kredite) Fizik\u00eb Teknike dhe Impianistik\u00eb (6 kredite) Ekonomi dhe Kantjer Nd\u00ebrtimi (3 kredite) Studio dhe Teori Arkitekture 3A (6 kredite) Studio Dizajni Ambiental (6 kredite) WSHP TAW\/TDW (3 kredite) Semestri VI Urbanistik\u00eb Teknike dhe Ligj dhe Legjislacion Urban (3 kredite) Rrjete Elektrike dhe Teknologjike (6 kredite) Studio dhe Teori Arkitekture 3B (6 kredite) Studio dhe Teori Dizajni Urban (9 kredite) Analiz\u00eb e Tipologjis\u00eb dhe Morfologjis\u00eb Arkitektonike (3 kredite) Semestri VII Restaurimi i Trash\u00ebgimis\u00eb Kulturore (6 kredite) Dizajn Grafik dhe Industrial (6 kredite) Advanced Studio in Architecture and IT (6 kredite) Rigjenerim Urban dhe Projekte me Komunitetin (3 kredite) Studio dhe Teori Arkitekture 4A (6 kredite) WSHP TAW\/TDW (3 kredite) Semestri VIII Studio dhe Teori Arkitekture 4B (6 kredite) Projekt Zbatimi (6 kredite) Studio dhe Teori Arkitekture Interieri (6 kredite) Prefabrikim Dixhital dhe Prototipizim (6 kredite) Dizajn Peizazhi (6 kredite) Semestri IX Metoda te K\u00ebrkimit Shkencor (6 kredite) Studio Profesionale n\u00eb Arkitektur\u00eb (6 kredite) Sip\u00ebrmarrja dhe Biznesi (3 kredite) Studio Finale Arkitektur\u00eb 5 (6 kredite) Thellim Teorik (6 kredite) WSHP TAW\/TDW (3 kredite) Semestri X Studio Finale Arkitektur\u00eb 6 (9 kredite) Teza dhe Projekt Diploma (15 kredite) Internship profesional (6 kredite)<\/p>\n","protected":false},"author":3,"featured_media":0,"parent":0,"menu_order":0,"comment_status":"closed","ping_status":"closed","template":"","meta":{"footnotes":""},"class_list":["post-6169","page","type-page","status-publish","hentry","post-no-thumbnail"],"_links":{"self":[{"href":"https:\/\/universitetipolis.edu.al\/index.php?rest_route=\/wp\/v2\/pages\/6169","targetHints":{"allow":["GET"]}}],"collection":[{"href":"https:\/\/universitetipolis.edu.al\/index.php?rest_route=\/wp\/v2\/pages"}],"about":[{"href":"https:\/\/universitetipolis.edu.al\/index.php?rest_route=\/wp\/v2\/types\/page"}],"author":[{"embeddable":true,"href":"https:\/\/universitetipolis.edu.al\/index.php?rest_route=\/wp\/v2\/users\/3"}],"replies":[{"embeddable":true,"href":"https:\/\/universitetipolis.edu.al\/index.php?rest_route=%2Fwp%2Fv2%2Fcomments&post=6169"}],"version-history":[{"count":15,"href":"https:\/\/universitetipolis.edu.al\/index.php?rest_route=\/wp\/v2\/pages\/6169\/revisions"}],"predecessor-version":[{"id":26203,"href":"https:\/\/universitetipolis.edu.al\/index.php?rest_route=\/wp\/v2\/pages\/6169\/revisions\/26203"}],"wp:attachment":[{"href":"https:\/\/universitetipolis.edu.al\/index.php?rest_route=%2Fwp%2Fv2%2Fmedia&parent=6169"}],"curies":[{"name":"wp","href":"https:\/\/api.w.org\/{rel}","templated":true}]}}