{"id":6156,"date":"2022-06-27T09:30:22","date_gmt":"2022-06-27T07:30:22","guid":{"rendered":"https:\/\/universitetipolis.edu.al\/?page_id=6156"},"modified":"2024-12-07T19:17:57","modified_gmt":"2024-12-07T18:17:57","slug":"master-i-shkencave-ne-inxhinieri-ndertimi","status":"publish","type":"page","link":"https:\/\/universitetipolis.edu.al\/?page_id=6156","title":{"rendered":"Master i Shkencave n\u00eb Inxhinieri Ndertimi"},"content":{"rendered":"\t\t<div data-elementor-type=\"wp-page\" data-elementor-id=\"6156\" class=\"elementor elementor-6156\" data-elementor-post-type=\"page\">\n\t\t\t\t\t\t<section class=\"elementor-section elementor-top-section elementor-element elementor-element-5b40c25 elementor-section-boxed elementor-section-gap-beside-yes elementor-section-height-default elementor-section-height-default elementor-section-column-vertical-align-stretch\" data-id=\"5b40c25\" data-element_type=\"section\" data-e-type=\"section\">\n\t\t\t\t\t\t<div class=\"elementor-container elementor-column-gap-extended\">\n\t\t\t\t\t<div class=\"elementor-column elementor-col-100 elementor-top-column elementor-element elementor-element-4027fc9\" data-id=\"4027fc9\" data-element_type=\"column\" data-e-type=\"column\">\n\t\t\t<div class=\"elementor-widget-wrap elementor-element-populated\">\n\t\t\t\t\t\t<div class=\"elementor-element elementor-element-d42c899 elementor-widget elementor-widget-text-editor\" data-id=\"d42c899\" data-element_type=\"widget\" data-e-type=\"widget\" data-widget_type=\"text-editor.default\">\n\t\t\t\t<div class=\"elementor-widget-container\">\n\t\t\t\t\t\t\t\t\t<h5>Master n\u00eb <strong>Inxhinieri Nd\u00ebrtimi<\/strong>&nbsp;(120 ECTC, 2 vite akademike, me koh\u00eb t\u00eb plot\u00eb)<\/h5>\n<h6><b>Profili profesional <\/b><\/h6>\n<p>Q\u00ebllimi i Programit t\u00eb Studimit Master Shkencor n\u00eb Inxhinieri Ndertimi \u00ebsht\u00eb q\u00eb t\u00eb p\u00ebrgatis\u00eb student\u00ebt profesionalisht si Inxhinier\u00eb Nd\u00ebrtimi n\u00eb profilet Gjeoteknik\u00eb dhe Struktur\u00eb me mund\u00ebsi integrimi n\u00eb nj\u00eb kontekst shum\u00ebdisiplinor pune si n\u00eb sektorin e pun\u00ebsimit privat ashtu dhe publik. Ky program studimi i ciklilt t\u00eb dyt\u00eb mund t\u00eb konsiderohet si vazhdim i studimeve t\u00eb ciklit t\u00eb par\u00eb t\u00eb atyre programeve t\u00eb cil\u00ebt japin formime me baz\u00eb t\u00eb gjer\u00eb n\u00eb fush\u00ebn e inxhinieris\u00eb s\u00eb nd\u00ebrtimit. Ndarja e studimeve n\u00eb dy profilet perkat\u00ebse si Gjeoteknike dhe Strukture synon t\u00eb p\u00ebrgatis\u00eb ekspert\u00eb p\u00ebr tregun e pun\u00ebs n\u00eb Shqip\u00ebri dhe Europ\u00eb.<\/p>\n<p><strong>Mund\u00ebsit\u00eb p\u00ebr pun\u00ebsim<\/strong><br>Sektor\u00ebt kryesor\u00eb t\u00eb pun\u00ebsimit p\u00ebrfshijn\u00eb:<\/p>\n<p>&#8211; Sektori privat: sipermarrje projektimi dhe nd\u00ebrtimi arkitektonik e inxhinierik, firma konsulence, kontraktor\u00eb, profesionist i lir\u00eb n\u00eb projektimin, nd\u00ebrtimin dhe mir\u00ebmbajtjen e nj\u00eb shum\u00ebllojshm\u00ebri projektesh; studio t\u00eb projektimit inxhinierik dhe arkitektonik.<br>&#8211; sektori i sh\u00ebrbimeve dhe prodhimit industrial n\u00eb fush\u00ebn e nd\u00ebrtimit ( materialet, pajisje, etj.)<br>&#8211; Sektori publik: autoritete lokale apo agjencive qeveritare; n\u00eb nivelet e ndryshme t\u00eb qeverisjes; duke filluar q\u00eb nga bashkite e komunat e deri tek qarku apo rajonet;<br>&#8211; Institucionet k\u00ebrkimore shkencore vendase dhe t\u00eb huaja t\u00eb cilat kan\u00eb p\u00ebr fokus fush\u00ebn e nd\u00ebrtimeve si psh. teknologjia e nd\u00ebrtimit dhe e materialeve t\u00eb nd\u00ebrtimit, standartet e projektimit t\u00eb objekteve t\u00eb ndryshme lidhur me funksionin p\u00ebr t\u00eb cilat projektohen, standartet teknike t\u00eb detajeve arkitektonike, etj.<\/p>\t\t\t\t\t\t\t\t<\/div>\n\t\t\t\t<\/div>\n\t\t\t\t\t<\/div>\n\t\t<\/div>\n\t\t\t\t\t<\/div>\n\t\t<\/section>\n\t\t\t\t<section class=\"elementor-section elementor-top-section elementor-element elementor-element-d8732b2 elementor-section-boxed elementor-section-gap-beside-yes elementor-section-height-default elementor-section-height-default elementor-section-column-vertical-align-stretch\" data-id=\"d8732b2\" data-element_type=\"section\" data-e-type=\"section\" data-settings=\"{&quot;background_background&quot;:&quot;classic&quot;}\">\n\t\t\t\t\t\t<div class=\"elementor-container elementor-column-gap-extended\">\n\t\t\t\t\t<div class=\"elementor-column elementor-col-100 elementor-top-column elementor-element elementor-element-3809045\" data-id=\"3809045\" data-element_type=\"column\" data-e-type=\"column\">\n\t\t\t<div class=\"elementor-widget-wrap elementor-element-populated\">\n\t\t\t\t\t\t<div class=\"elementor-element elementor-element-01557bc elementor-widget elementor-widget-heading\" data-id=\"01557bc\" data-element_type=\"widget\" data-e-type=\"widget\" data-widget_type=\"heading.default\">\n\t\t\t\t<div class=\"elementor-widget-container\">\n\t\t\t\t\t<h2 class=\"elementor-heading-title elementor-size-default\">PROGRAMI MESIMOR\u00cb<\/h2>\t\t\t\t<\/div>\n\t\t\t\t<\/div>\n\t\t\t\t<div class=\"elementor-element elementor-element-4c90a6e unicamp-accordion-style-03 elementor-widget elementor-widget-tm-accordion\" data-id=\"4c90a6e\" data-element_type=\"widget\" data-e-type=\"widget\" data-widget_type=\"tm-accordion.default\">\n\t\t\t\t<div class=\"elementor-widget-container\">\n\t\t\t\t\t\t\t<div class=\"unicamp-accordion unicamp-accordion-icon-right\">\n\t\t\t\t\t\t\t<div class=\"accordion-section\">\n\t\t\t\t\t<div class=\"accordion-header\">\n\t\t\t\t\t\t<div class=\"accordion-title-wrapper\">\n\t\t\t\t\t\t\t<h6 class=\"accordion-title\">Semestri  I<\/h6>\t\t\t\t\t\t<\/div>\n\t\t\t\t\t\t\t\t\t\t\t\t\t<div class=\"accordion-icons\">\n\t\t\t\t\t\t\t\t<span\n\t\t\t\t\t\t\t\t\tclass=\"accordion-icon opened-icon\"><i class=\"far fa-angle-down\"><\/i><\/span>\n\t\t\t\t\t\t\t\t<span\n\t\t\t\t\t\t\t\t\tclass=\"accordion-icon closed-icon\"><\/span>\n\t\t\t\t\t\t\t<\/div>\n\t\t\t\t\t\t\t\t\t\t\t<\/div>\n\t\t\t\t\t<div class=\"accordion-content\">\n\t\t\t\t\t\t<ul><li>Dinamika e Strukturave dhe Inxhinieria Sizmike (6 kredite)<\/li><li>Mekanik\u00eb Shk\u00ebmbi (6 kredite)<\/li><li>Teori e Avancuar e Strukturave 1 (Metoda Energjitike) (6 kredite)<\/li><li>Projektim Arkitektonik 1 (6 kredite)<\/li><li>Metoda Numerike (3 kredite)<\/li><li>Materiale t\u00eb Avancuara Nd\u00ebrtimi (3 kredite)<\/li><li>Introduction to BIM (3 kredite)<\/li><\/ul>\t\t\t\t\t<\/div>\n\t\t\t\t<\/div>\n\t\t\t\t\t\t\t<div class=\"accordion-section\">\n\t\t\t\t\t<div class=\"accordion-header\">\n\t\t\t\t\t\t<div class=\"accordion-title-wrapper\">\n\t\t\t\t\t\t\t<h6 class=\"accordion-title\">Semestri II<\/h6>\t\t\t\t\t\t<\/div>\n\t\t\t\t\t\t\t\t\t\t\t\t\t<div class=\"accordion-icons\">\n\t\t\t\t\t\t\t\t<span\n\t\t\t\t\t\t\t\t\tclass=\"accordion-icon opened-icon\"><i class=\"far fa-angle-down\"><\/i><\/span>\n\t\t\t\t\t\t\t\t<span\n\t\t\t\t\t\t\t\t\tclass=\"accordion-icon closed-icon\"><\/span>\n\t\t\t\t\t\t\t<\/div>\n\t\t\t\t\t\t\t\t\t\t\t<\/div>\n\t\t\t\t\t<div class=\"accordion-content\">\n\t\t\t\t\t\t<ul><li>Teknologji dhe Infrastruktur\u00eb Qyteti (Rrug\u00eb,Ura,Tunele) (6 kredite)<\/li><li>Konstruksione Hidroteknike (6 kredite)<\/li><li>Probabilitet dhe Statistik\u00eb (3 kredite)<\/li><li>Teori e Avancuar e Strukturave 2 (Q\u00ebndrueshmeri) (6 kredite)<\/li><li>Konstruksione Beton Arme 2 (6 kredite)<\/li><li>Projektim Arkitektonik 2 (3 kredite)<\/li><\/ul>\t\t\t\t\t<\/div>\n\t\t\t\t<\/div>\n\t\t\t\t\t\t\t<div class=\"accordion-section\">\n\t\t\t\t\t<div class=\"accordion-header\">\n\t\t\t\t\t\t<div class=\"accordion-title-wrapper\">\n\t\t\t\t\t\t\t<h6 class=\"accordion-title\">Semestri III<\/h6>\t\t\t\t\t\t<\/div>\n\t\t\t\t\t\t\t\t\t\t\t\t\t<div class=\"accordion-icons\">\n\t\t\t\t\t\t\t\t<span\n\t\t\t\t\t\t\t\t\tclass=\"accordion-icon opened-icon\"><i class=\"far fa-angle-down\"><\/i><\/span>\n\t\t\t\t\t\t\t\t<span\n\t\t\t\t\t\t\t\t\tclass=\"accordion-icon closed-icon\"><\/span>\n\t\t\t\t\t\t\t<\/div>\n\t\t\t\t\t\t\t\t\t\t\t<\/div>\n\t\t\t\t\t<div class=\"accordion-content\">\n\t\t\t\t\t\t<ul><li>Restaurim dhe Perforcim i Strukturave (6 kredite)<\/li><li>Konstruksione Metalike 2 (6 kredite)<\/li><li>Themelet me Pilota (3 kredite)<\/li><li>Teza dhe Projekt Diploma (9 kredite)<\/li><li>WSHP TAW\/TDW (3 kredite)<\/li><\/ul>\t\t\t\t\t<\/div>\n\t\t\t\t<\/div>\n\t\t\t\t\t\t\t<div class=\"accordion-section\">\n\t\t\t\t\t<div class=\"accordion-header\">\n\t\t\t\t\t\t<div class=\"accordion-title-wrapper\">\n\t\t\t\t\t\t\t<h6 class=\"accordion-title\">Semestri IV<\/h6>\t\t\t\t\t\t<\/div>\n\t\t\t\t\t\t\t\t\t\t\t\t\t<div class=\"accordion-icons\">\n\t\t\t\t\t\t\t\t<span\n\t\t\t\t\t\t\t\t\tclass=\"accordion-icon opened-icon\"><i class=\"far fa-angle-down\"><\/i><\/span>\n\t\t\t\t\t\t\t\t<span\n\t\t\t\t\t\t\t\t\tclass=\"accordion-icon closed-icon\"><\/span>\n\t\t\t\t\t\t\t<\/div>\n\t\t\t\t\t\t\t\t\t\t\t<\/div>\n\t\t\t\t\t<div class=\"accordion-content\">\n\t\t\t\t\t\t<ul><li>Analiz\u00eb dhe Projektim Strukturor Kompjuterik i Avancuar (6 kredite)<\/li><li>Konstruksione Beton Arme 3 (Special) (6 kredite)<\/li><li>Metoda K\u00ebrkimore t\u00eb Avancuara (3 kredite)<\/li><li>Teza dhe Projekt Diploma (9 kredite)<\/li><li>Internship Profesional (9 kredite)<\/li><\/ul>\t\t\t\t\t<\/div>\n\t\t\t\t<\/div>\n\t\t\t\t\t<\/div>\n\t\t\t\t\t\t<\/div>\n\t\t\t\t<\/div>\n\t\t\t\t\t<\/div>\n\t\t<\/div>\n\t\t\t\t\t<\/div>\n\t\t<\/section>\n\t\t\t\t<\/div>\n\t\t","protected":false},"excerpt":{"rendered":"<p>Master n\u00eb Inxhinieri Nd\u00ebrtimi&nbsp;(120 ECTC, 2 vite akademike, me koh\u00eb t\u00eb plot\u00eb) Profili profesional Q\u00ebllimi i Programit t\u00eb Studimit Master Shkencor n\u00eb Inxhinieri Ndertimi \u00ebsht\u00eb q\u00eb t\u00eb p\u00ebrgatis\u00eb student\u00ebt profesionalisht si Inxhinier\u00eb Nd\u00ebrtimi n\u00eb profilet Gjeoteknik\u00eb dhe Struktur\u00eb me mund\u00ebsi integrimi n\u00eb nj\u00eb kontekst shum\u00ebdisiplinor pune si n\u00eb sektorin e pun\u00ebsimit privat ashtu dhe publik. Ky program studimi i ciklilt t\u00eb dyt\u00eb mund t\u00eb konsiderohet si vazhdim i studimeve t\u00eb ciklit t\u00eb par\u00eb t\u00eb atyre programeve t\u00eb cil\u00ebt japin formime me baz\u00eb t\u00eb gjer\u00eb n\u00eb fush\u00ebn e inxhinieris\u00eb s\u00eb nd\u00ebrtimit. Ndarja e studimeve n\u00eb dy profilet perkat\u00ebse si Gjeoteknike dhe Strukture synon t\u00eb p\u00ebrgatis\u00eb ekspert\u00eb p\u00ebr tregun e pun\u00ebs n\u00eb Shqip\u00ebri dhe Europ\u00eb. Mund\u00ebsit\u00eb p\u00ebr pun\u00ebsimSektor\u00ebt kryesor\u00eb t\u00eb pun\u00ebsimit p\u00ebrfshijn\u00eb: &#8211; Sektori privat: sipermarrje projektimi dhe nd\u00ebrtimi arkitektonik e inxhinierik, firma konsulence, kontraktor\u00eb, profesionist i lir\u00eb n\u00eb projektimin, nd\u00ebrtimin dhe mir\u00ebmbajtjen e nj\u00eb shum\u00ebllojshm\u00ebri projektesh; studio t\u00eb projektimit inxhinierik dhe arkitektonik.&#8211; sektori i sh\u00ebrbimeve dhe prodhimit industrial n\u00eb fush\u00ebn e nd\u00ebrtimit ( materialet, pajisje, etj.)&#8211; Sektori publik: autoritete lokale apo agjencive qeveritare; n\u00eb nivelet e ndryshme t\u00eb qeverisjes; duke filluar q\u00eb nga bashkite e komunat e deri tek qarku apo rajonet;&#8211; Institucionet k\u00ebrkimore shkencore vendase dhe t\u00eb huaja t\u00eb cilat kan\u00eb p\u00ebr fokus fush\u00ebn e nd\u00ebrtimeve si psh. teknologjia e nd\u00ebrtimit dhe e materialeve t\u00eb nd\u00ebrtimit, standartet e projektimit t\u00eb objekteve t\u00eb ndryshme lidhur me funksionin p\u00ebr t\u00eb cilat projektohen, standartet teknike t\u00eb detajeve arkitektonike, etj. PROGRAMI MESIMOR\u00cb Semestri I Dinamika e Strukturave dhe Inxhinieria Sizmike (6 kredite) Mekanik\u00eb Shk\u00ebmbi (6 kredite) Teori e Avancuar e Strukturave 1 (Metoda Energjitike) (6 kredite) Projektim Arkitektonik 1 (6 kredite) Metoda Numerike (3 kredite) Materiale t\u00eb Avancuara Nd\u00ebrtimi (3 kredite) Introduction to BIM (3 kredite) Semestri II Teknologji dhe Infrastruktur\u00eb Qyteti (Rrug\u00eb,Ura,Tunele) (6 kredite) Konstruksione Hidroteknike (6 kredite) Probabilitet dhe Statistik\u00eb (3 kredite) Teori e Avancuar e Strukturave 2 (Q\u00ebndrueshmeri) (6 kredite) Konstruksione Beton Arme 2 (6 kredite) Projektim Arkitektonik 2 (3 kredite) Semestri III Restaurim dhe Perforcim i Strukturave (6 kredite) Konstruksione Metalike 2 (6 kredite) Themelet me Pilota (3 kredite) Teza dhe Projekt Diploma (9 kredite) WSHP TAW\/TDW (3 kredite) Semestri IV Analiz\u00eb dhe Projektim Strukturor Kompjuterik i Avancuar (6 kredite) Konstruksione Beton Arme 3 (Special) (6 kredite) Metoda K\u00ebrkimore t\u00eb Avancuara (3 kredite) Teza dhe Projekt Diploma (9 kredite) Internship Profesional (9 kredite)<\/p>\n","protected":false},"author":3,"featured_media":0,"parent":0,"menu_order":0,"comment_status":"closed","ping_status":"closed","template":"","meta":{"footnotes":""},"class_list":["post-6156","page","type-page","status-publish","hentry","post-no-thumbnail"],"_links":{"self":[{"href":"https:\/\/universitetipolis.edu.al\/index.php?rest_route=\/wp\/v2\/pages\/6156","targetHints":{"allow":["GET"]}}],"collection":[{"href":"https:\/\/universitetipolis.edu.al\/index.php?rest_route=\/wp\/v2\/pages"}],"about":[{"href":"https:\/\/universitetipolis.edu.al\/index.php?rest_route=\/wp\/v2\/types\/page"}],"author":[{"embeddable":true,"href":"https:\/\/universitetipolis.edu.al\/index.php?rest_route=\/wp\/v2\/users\/3"}],"replies":[{"embeddable":true,"href":"https:\/\/universitetipolis.edu.al\/index.php?rest_route=%2Fwp%2Fv2%2Fcomments&post=6156"}],"version-history":[{"count":6,"href":"https:\/\/universitetipolis.edu.al\/index.php?rest_route=\/wp\/v2\/pages\/6156\/revisions"}],"predecessor-version":[{"id":26251,"href":"https:\/\/universitetipolis.edu.al\/index.php?rest_route=\/wp\/v2\/pages\/6156\/revisions\/26251"}],"wp:attachment":[{"href":"https:\/\/universitetipolis.edu.al\/index.php?rest_route=%2Fwp%2Fv2%2Fmedia&parent=6156"}],"curies":[{"name":"wp","href":"https:\/\/api.w.org\/{rel}","templated":true}]}}