{"id":5971,"date":"2022-06-24T09:53:38","date_gmt":"2022-06-24T07:53:38","guid":{"rendered":"https:\/\/universitetipolis.edu.al\/?page_id=5971"},"modified":"2023-04-06T16:02:08","modified_gmt":"2023-04-06T14:02:08","slug":"strategji-dhe-axhenda","status":"publish","type":"page","link":"https:\/\/universitetipolis.edu.al\/?page_id=5971","title":{"rendered":"Axhenda K\u00ebrkimore"},"content":{"rendered":"\t\t<div data-elementor-type=\"wp-page\" data-elementor-id=\"5971\" class=\"elementor elementor-5971\" data-elementor-post-type=\"page\">\n\t\t\t\t\t\t<section class=\"elementor-section elementor-top-section elementor-element elementor-element-1dee9c0 elementor-section-boxed elementor-section-gap-beside-yes elementor-section-height-default elementor-section-height-default elementor-section-column-vertical-align-stretch\" data-id=\"1dee9c0\" data-element_type=\"section\" data-e-type=\"section\">\n\t\t\t\t\t\t<div class=\"elementor-container elementor-column-gap-extended\">\n\t\t\t\t\t<div class=\"elementor-column elementor-col-100 elementor-top-column elementor-element elementor-element-f46e7d2\" data-id=\"f46e7d2\" data-element_type=\"column\" data-e-type=\"column\">\n\t\t\t<div class=\"elementor-widget-wrap elementor-element-populated\">\n\t\t\t\t\t\t<div class=\"elementor-element elementor-element-1c74a1e elementor-widget elementor-widget-text-editor\" data-id=\"1c74a1e\" data-element_type=\"widget\" data-e-type=\"widget\" data-widget_type=\"text-editor.default\">\n\t\t\t\t<div class=\"elementor-widget-container\">\n\t\t\t\t\t\t\t\t\t<p>Axhenda\u00a0K\u00ebrkimore\u00a0e U_POLIS p\u00ebrfshin:<\/p><ol><li><strong><em>Programin Nd\u00ebrkomb\u00ebtar PhD t\u00eb Arkitektur\u00ebs dhe Planifikimit Urban<\/em><\/strong><\/li><\/ol><ul><li><strong><em>N\u00eb fush\u00ebn e\u00a0Arkitektur\u00ebs dhe Ndertimtarise:<\/em><\/strong><ul><li>Teorit\u00eb dhe metodat e projektimi, dhe nd\u00ebrtimi i q\u00ebndruesh\u00ebm;<\/li><li>Dizajni gjith\u00ebp\u00ebrfshir\u00ebs dhe p\u00ebr t\u00eb gjith\u00eb, aksesi n\u00eb hap\u00ebsira, produkte dhe sh\u00ebrbime, dizajni i q\u00ebndruesh\u00ebm;<\/li><li>Teknologjit\u00eb inovative dhe materialet p\u00ebr projektim\/ndertim objektesh, strukturor dhe industrial;<\/li><li>Materialet dhe teknikat p\u00ebr konservimin e trash\u00ebgimis\u00eb historike, mir\u00ebmbajtjes s\u00eb nd\u00ebrtesave, dhe vler\u00ebsimin e ciklit t\u00eb jet\u00ebs.<\/li><li>Trash\u00ebgimia kulturore, inovacioni dhe proceset\u00a0<strong>ICT\u00a0<\/strong>p\u00ebr p\u00ebrdorimin dhe konservimin e trash\u00ebgimis\u00eb kulturore;<\/li><li>\u201cL\u00ebkura\u201d e nd\u00ebrtimit\/arkitektures n\u00eb epok\u00ebn dixhitale, strategjit\u00eb dhe zgjidhjet inovative p\u00ebr fasadat shum\u00eb-funksionale n\u00eb nd\u00ebrtimin dixhital.<\/li><\/ul><\/li><li><strong><em>N\u00eb fush\u00ebn e\u00a0Planifikimit Urban dhe te Qendrueshem:<\/em><\/strong><ul><li>Qyteti i sot\u00ebm dhe i s\u00eb nes\u00ebrmes, midis p\u00ebrmir\u00ebsimit mjedisor dhe rehabilitimit t\u00eb tekstur\u00ebs ekzistuese urbane: k\u00ebrkesat p\u00ebr konvertim funksional dhe nevojat e reja t\u00eb shoq\u00ebris\u00eb p\u00ebr strehim cil\u00ebsor dhe jetueshm\u00ebri urbane;<\/li><li>Roli i trash\u00ebgimis\u00eb historike dhe kulturore p\u00ebr mjedisin e nd\u00ebrtuar dhe peizazhin n\u00eb zhvillimet urbane post-industriale, me referenc\u00eb t\u00eb ve\u00e7ant\u00eb n\u00eb politikat p\u00ebr zhvillim t\u00eb q\u00ebndruesh\u00ebm;<\/li><li>Territori, peizazhi dhe rigjenerimi i mjedisit t\u00eb nd\u00ebrtuar, nd\u00ebrhyrjet infrastrukturore, burimet e reja t\u00eb energjis\u00eb, dhe ndryshimet klimaterike;<\/li><li>Qeverisja e qytetit\/territorit dhe politikat e p\u00ebrshtatshme t\u00eb zhvillimit p\u00ebrmes menaxhimit t\u00eb tok\u00ebs dhe instrumentave ekonomike dhe financiare, etj.<\/li><\/ul><\/li><\/ul><ol start=\"2\"><li><strong>K\u00ebrkim prioritar mbi Rezilienc\u00ebn dhe Qytetin Pas-konfliktit \/ Pas-pandemis\u00eb.<\/strong><\/li><\/ol><ul><li><strong><em>U_POLIS inkurajon k\u00ebrkim brenda dhe jasht\u00eb tij sidomos p\u00ebrmes veprimtaris\u00eb s\u00eb njesive te medha\u00a0kerkimore\u00a0si FKZH \/ IF.<\/em><\/strong><ul><li>Nisur nga problematikat lokale t\u00eb Shqip\u00ebris\u00eb (t\u00ebrmetet, rreshqitjet, p\u00ebrmbytjet, zjarret, ndotja dhe krizat mjedisore, etj.);<\/li><li>Nisur edhe nga problematikat globale (ndryshimet klimatike, pandemia, siguria, terrorizmi, krizat social-ekonomike-financiare, lufta, etj.);<\/li><li>Roli i teknologjise dhe dixhitalizimit dhe hapesires virtuale ne situatat e krizave dhe pertej tyre.<\/li><\/ul><\/li><\/ul><ol start=\"3\"><li><strong>K\u00ebrkim t\u00eb Aplikuar dhe Inovacion<\/strong><\/li><\/ol><ul><li><strong><em>Kjo n\u00ebnkupton investim n\u00eb aksione\u00a0k\u00ebrkimore\u00a0specifike, perfshi ato innovative, aplikative, \u00a0sherbime\/konsulence dhe projekte me pergjegjesi sociale, ne fushat:<\/em><\/strong><ul><li>Arkitektures dhe Dizjanit Parametrik (<strong>FabLab\/<a href=\"https:\/\/opencorporates.al\/sq\/nipt\/k72223005v\" target=\"_blank\" rel=\"noopener\">MetroPolis<\/a><\/strong>);<\/li><li>Cil\u00ebsis\u00eb s\u00eb Ujit, Ajrit dhe Tokes (<strong>LAMP-Lab\/<a href=\"https:\/\/www.co-plan.org\/en\/\" target=\"_blank\" rel=\"noopener\">Co-Plan<\/a><\/strong>);<\/li><li>Eficienc\u00ebs s\u00eb Energjis\u00eb (<strong>Energy-Lab\/<a href=\"https:\/\/www.co-plan.org\/en\/\" target=\"_blank\" rel=\"noopener\">Co-Plan<\/a><\/strong>);<\/li><li>Strehimit dhe perballueshmerise (<strong><a href=\"https:\/\/ombresearchseries.org\/\" target=\"_blank\" rel=\"noopener\">OMB<\/a>\/<a href=\"https:\/\/www.ungeneva.org\/en\/organizations\/unece\" target=\"_blank\" rel=\"noopener\">UNECE<\/a><\/strong>);<\/li><li>Materialeve dhe teknologjise n\u00eb projektim, nd\u00ebrtim, mjedis, ICT, etj (<strong><a href=\"https:\/\/universitetipolis.edu.al\/fkzh\/\" target=\"_blank\" rel=\"noopener\">FKZH<\/a>\/<a href=\"https:\/\/universitetipolis.edu.al\/innovation-factory\/\" target=\"_blank\" rel=\"noopener\">IF<\/a><\/strong>);<\/li><li>Qeverisjes se mire te territorit, burimeve natyrore dhe njerezore, Decentralizimit dhe Rajonalizimit, etj (<a href=\"https:\/\/www.co-plan.org\/en\/\" target=\"_blank\" rel=\"noopener\"><strong>Co-PLAN<\/strong><\/a>);<\/li><li>Lidershipit, Efektivitetit, Sipermarrjes kreative dhe Inovacionit (<strong>PBS\/<a href=\"https:\/\/tirana-inc.al\/\" target=\"_blank\" rel=\"noopener\">TiranaInc<\/a>.<\/strong>).<\/li><\/ul><\/li><\/ul>\t\t\t\t\t\t\t\t<\/div>\n\t\t\t\t<\/div>\n\t\t\t\t\t<\/div>\n\t\t<\/div>\n\t\t\t\t\t<\/div>\n\t\t<\/section>\n\t\t\t\t<section class=\"elementor-section elementor-top-section elementor-element elementor-element-fef790c elementor-section-boxed elementor-section-gap-beside-yes elementor-section-height-default elementor-section-height-default elementor-section-column-vertical-align-stretch\" data-id=\"fef790c\" data-element_type=\"section\" data-e-type=\"section\">\n\t\t\t\t\t\t<div class=\"elementor-container elementor-column-gap-extended\">\n\t\t\t\t\t<div class=\"elementor-column elementor-col-50 elementor-top-column elementor-element elementor-element-7c920d8\" data-id=\"7c920d8\" data-element_type=\"column\" data-e-type=\"column\">\n\t\t\t<div class=\"elementor-widget-wrap elementor-element-populated\">\n\t\t\t\t\t\t<div class=\"elementor-element elementor-element-6283a7c unicamp-animation-zoom-in unicamp-graphic-position-top elementor-widget elementor-widget-tm-cover-image-box\" data-id=\"6283a7c\" data-element_type=\"widget\" data-e-type=\"widget\" data-widget_type=\"tm-cover-image-box.default\">\n\t\t\t\t<div class=\"elementor-widget-container\">\n\t\t\t\t\t\t\t<a class=\"tm-cover-image-box unicamp-box style-03 link-secret\" href=\"https:\/\/universitetipolis.edu.al\/wp-content\/uploads\/2022\/10\/U_POLIS-DEVELOPMENT-STRATEGY-1.pdf\">\t\t<div class=\"content-wrap\">\n\t\t\t\t\t\t\t<div class=\"unicamp-image image\">\n\t\t\t\t\t<img decoding=\"async\"  loading=\"lazy\" src=\"https:\/\/universitetipolis.edu.al\/wp-content\/uploads\/2022\/10\/Axhenda.png\" alt=\"Axhenda\" \/>\t\t\t\t<\/div>\n\t\t\t\t\t\t<div class=\"box-caption-wrap\">\n\t\t\t\t<div class=\"box-caption\">\n\t\t\t\t\t<h3 class=\"title\">Development Strategy<\/h3>\n\t\t\t\t\t\n\t\t\t\t\t\t\t\t\t<\/div>\n\t\t\t<\/div>\n\t\t<\/div>\n\t\t<\/a>\t\t\t\t\t\t<\/div>\n\t\t\t\t<\/div>\n\t\t\t\t\t<\/div>\n\t\t<\/div>\n\t\t\t\t<div class=\"elementor-column elementor-col-50 elementor-top-column elementor-element elementor-element-678dd2f\" data-id=\"678dd2f\" data-element_type=\"column\" data-e-type=\"column\">\n\t\t\t<div class=\"elementor-widget-wrap\">\n\t\t\t\t\t\t\t<\/div>\n\t\t<\/div>\n\t\t\t\t\t<\/div>\n\t\t<\/section>\n\t\t\t\t<\/div>\n\t\t","protected":false},"excerpt":{"rendered":"<p>Axhenda\u00a0K\u00ebrkimore\u00a0e U_POLIS p\u00ebrfshin: Programin Nd\u00ebrkomb\u00ebtar PhD t\u00eb Arkitektur\u00ebs dhe Planifikimit Urban N\u00eb fush\u00ebn e\u00a0Arkitektur\u00ebs dhe Ndertimtarise: Teorit\u00eb dhe metodat e projektimi, dhe nd\u00ebrtimi i q\u00ebndruesh\u00ebm; Dizajni gjith\u00ebp\u00ebrfshir\u00ebs dhe p\u00ebr t\u00eb gjith\u00eb, aksesi n\u00eb hap\u00ebsira, produkte dhe sh\u00ebrbime, dizajni i q\u00ebndruesh\u00ebm; Teknologjit\u00eb inovative dhe materialet p\u00ebr projektim\/ndertim objektesh, strukturor dhe industrial; Materialet dhe teknikat p\u00ebr konservimin e trash\u00ebgimis\u00eb historike, mir\u00ebmbajtjes s\u00eb nd\u00ebrtesave, dhe vler\u00ebsimin e ciklit t\u00eb jet\u00ebs. Trash\u00ebgimia kulturore, inovacioni dhe proceset\u00a0ICT\u00a0p\u00ebr p\u00ebrdorimin dhe konservimin e trash\u00ebgimis\u00eb kulturore; \u201cL\u00ebkura\u201d e nd\u00ebrtimit\/arkitektures n\u00eb epok\u00ebn dixhitale, strategjit\u00eb dhe zgjidhjet inovative p\u00ebr fasadat shum\u00eb-funksionale n\u00eb nd\u00ebrtimin dixhital. N\u00eb fush\u00ebn e\u00a0Planifikimit Urban dhe te Qendrueshem: Qyteti i sot\u00ebm dhe i s\u00eb nes\u00ebrmes, midis p\u00ebrmir\u00ebsimit mjedisor dhe rehabilitimit t\u00eb tekstur\u00ebs ekzistuese urbane: k\u00ebrkesat p\u00ebr konvertim funksional dhe nevojat e reja t\u00eb shoq\u00ebris\u00eb p\u00ebr strehim cil\u00ebsor dhe jetueshm\u00ebri urbane; Roli i trash\u00ebgimis\u00eb historike dhe kulturore p\u00ebr mjedisin e nd\u00ebrtuar dhe peizazhin n\u00eb zhvillimet urbane post-industriale, me referenc\u00eb t\u00eb ve\u00e7ant\u00eb n\u00eb politikat p\u00ebr zhvillim t\u00eb q\u00ebndruesh\u00ebm; Territori, peizazhi dhe rigjenerimi i mjedisit t\u00eb nd\u00ebrtuar, nd\u00ebrhyrjet infrastrukturore, burimet e reja t\u00eb energjis\u00eb, dhe ndryshimet klimaterike; Qeverisja e qytetit\/territorit dhe politikat e p\u00ebrshtatshme t\u00eb zhvillimit p\u00ebrmes menaxhimit t\u00eb tok\u00ebs dhe instrumentave ekonomike dhe financiare, etj. K\u00ebrkim prioritar mbi Rezilienc\u00ebn dhe Qytetin Pas-konfliktit \/ Pas-pandemis\u00eb. U_POLIS inkurajon k\u00ebrkim brenda dhe jasht\u00eb tij sidomos p\u00ebrmes veprimtaris\u00eb s\u00eb njesive te medha\u00a0kerkimore\u00a0si FKZH \/ IF. Nisur nga problematikat lokale t\u00eb Shqip\u00ebris\u00eb (t\u00ebrmetet, rreshqitjet, p\u00ebrmbytjet, zjarret, ndotja dhe krizat mjedisore, etj.); Nisur edhe nga problematikat globale (ndryshimet klimatike, pandemia, siguria, terrorizmi, krizat social-ekonomike-financiare, lufta, etj.); Roli i teknologjise dhe dixhitalizimit dhe hapesires virtuale ne situatat e krizave dhe pertej tyre. K\u00ebrkim t\u00eb Aplikuar dhe Inovacion Kjo n\u00ebnkupton investim n\u00eb aksione\u00a0k\u00ebrkimore\u00a0specifike, perfshi ato innovative, aplikative, \u00a0sherbime\/konsulence dhe projekte me pergjegjesi sociale, ne fushat: Arkitektures dhe Dizjanit Parametrik (FabLab\/MetroPolis); Cil\u00ebsis\u00eb s\u00eb Ujit, Ajrit dhe Tokes (LAMP-Lab\/Co-Plan); Eficienc\u00ebs s\u00eb Energjis\u00eb (Energy-Lab\/Co-Plan); Strehimit dhe perballueshmerise (OMB\/UNECE); Materialeve dhe teknologjise n\u00eb projektim, nd\u00ebrtim, mjedis, ICT, etj (FKZH\/IF); Qeverisjes se mire te territorit, burimeve natyrore dhe njerezore, Decentralizimit dhe Rajonalizimit, etj (Co-PLAN); Lidershipit, Efektivitetit, Sipermarrjes kreative dhe Inovacionit (PBS\/TiranaInc.). Development Strategy<\/p>\n","protected":false},"author":3,"featured_media":0,"parent":0,"menu_order":0,"comment_status":"closed","ping_status":"closed","template":"","meta":{"footnotes":""},"class_list":["post-5971","page","type-page","status-publish","hentry","post-no-thumbnail"],"_links":{"self":[{"href":"https:\/\/universitetipolis.edu.al\/index.php?rest_route=\/wp\/v2\/pages\/5971","targetHints":{"allow":["GET"]}}],"collection":[{"href":"https:\/\/universitetipolis.edu.al\/index.php?rest_route=\/wp\/v2\/pages"}],"about":[{"href":"https:\/\/universitetipolis.edu.al\/index.php?rest_route=\/wp\/v2\/types\/page"}],"author":[{"embeddable":true,"href":"https:\/\/universitetipolis.edu.al\/index.php?rest_route=\/wp\/v2\/users\/3"}],"replies":[{"embeddable":true,"href":"https:\/\/universitetipolis.edu.al\/index.php?rest_route=%2Fwp%2Fv2%2Fcomments&post=5971"}],"version-history":[{"count":0,"href":"https:\/\/universitetipolis.edu.al\/index.php?rest_route=\/wp\/v2\/pages\/5971\/revisions"}],"wp:attachment":[{"href":"https:\/\/universitetipolis.edu.al\/index.php?rest_route=%2Fwp%2Fv2%2Fmedia&parent=5971"}],"curies":[{"name":"wp","href":"https:\/\/api.w.org\/{rel}","templated":true}]}}