{"id":5736,"date":"2022-06-21T12:19:13","date_gmt":"2022-06-21T10:19:13","guid":{"rendered":"https:\/\/universitetipolis.edu.al\/?page_id=5736"},"modified":"2025-07-09T09:16:04","modified_gmt":"2025-07-09T07:16:04","slug":"bordi-i-administrimit","status":"publish","type":"page","link":"https:\/\/universitetipolis.edu.al\/?page_id=5736","title":{"rendered":"Bordi i Administrimit"},"content":{"rendered":"\t\t<div data-elementor-type=\"wp-page\" data-elementor-id=\"5736\" class=\"elementor elementor-5736\" data-elementor-post-type=\"page\">\n\t\t\t\t\t\t<section class=\"elementor-section elementor-top-section elementor-element elementor-element-f710ab6 elementor-section-boxed elementor-section-gap-beside-yes elementor-section-height-default elementor-section-height-default elementor-section-column-vertical-align-stretch\" data-id=\"f710ab6\" data-element_type=\"section\" data-e-type=\"section\">\n\t\t\t\t\t\t<div class=\"elementor-container elementor-column-gap-extended\">\n\t\t\t\t\t<div class=\"elementor-column elementor-col-100 elementor-top-column elementor-element elementor-element-16c8869\" data-id=\"16c8869\" data-element_type=\"column\" data-e-type=\"column\">\n\t\t\t<div class=\"elementor-widget-wrap elementor-element-populated\">\n\t\t\t\t\t\t<div class=\"elementor-element elementor-element-54cc319 elementor-widget elementor-widget-text-editor\" data-id=\"54cc319\" data-element_type=\"widget\" data-e-type=\"widget\" data-widget_type=\"text-editor.default\">\n\t\t\t\t<div class=\"elementor-widget-container\">\n\t\t\t\t\t\t\t\t\t<p><strong>An<em>\u00eb<\/em>tar<em>\u00eb<\/em>t e Bordit t<em>\u00eb<\/em> Administrimit<\/strong><\/p>\t\t\t\t\t\t\t\t<\/div>\n\t\t\t\t<\/div>\n\t\t\t\t\t<\/div>\n\t\t<\/div>\n\t\t\t\t\t<\/div>\n\t\t<\/section>\n\t\t\t\t<section class=\"elementor-section elementor-top-section elementor-element elementor-element-f4b7524 elementor-section-boxed elementor-section-gap-beside-yes elementor-section-height-default elementor-section-height-default elementor-section-column-vertical-align-stretch\" data-id=\"f4b7524\" data-element_type=\"section\" data-e-type=\"section\">\n\t\t\t\t\t\t<div class=\"elementor-container elementor-column-gap-extended\">\n\t\t\t\t\t<div class=\"elementor-column elementor-col-25 elementor-top-column elementor-element elementor-element-36d5beb\" data-id=\"36d5beb\" data-element_type=\"column\" data-e-type=\"column\">\n\t\t\t<div class=\"elementor-widget-wrap elementor-element-populated\">\n\t\t\t\t\t\t<div class=\"elementor-element elementor-element-7a74d57 unicamp-animation-zoom-in elementor-align-center unicamp-team-member-style-01 elementor-widget elementor-widget-tm-team-member\" data-id=\"7a74d57\" data-element_type=\"widget\" data-e-type=\"widget\" data-widget_type=\"tm-team-member.default\">\n\t\t\t\t<div class=\"elementor-widget-container\">\n\t\t\t\t\t\t\t<div class=\"tm-team-member unicamp-box\">\n\n\t\t\t<div class=\"item\">\n\t\t\t\t\t\t\t\t\t<div class=\"photo unicamp-image\">\n\n\n\t\t\t\t\t\t<img loading=\"lazy\" decoding=\"async\"  loading=\"lazy\" src=\"https:\/\/universitetipolis.edu.al\/wp-content\/uploads\/2022\/11\/Sotir-Dhamo.jpg\" alt=\"Sotir Dhamo\" width=\"200\" height=\"300\" \/>\n\t\t\t\t\t\t<div class=\"overlay\"><\/div>\n\n\t\t\t\t\t\t\t\t<div class=\"social-networks\">\n\t\t\t<div class=\"inner\">\n\t\t\t\t\t\t\t\t\t<a aria-label=\"Profili Akademik\" class=\"hint--bounce hint--top hint--white\" href=\"https:\/\/universitetipolis.edu.al\/fakultetet-stafi\/sotir-dhamo\/\">\n\t\t\t\t\t\t<span class=\"link-icon fad fa-external-link-alt\"><\/span>\t\t\t\t\t<\/a>\n\t\t\t\t\t\t\t\t<\/div>\n\t\t<\/div>\n\t\t\t\t\t\t\t<\/div>\n\n\t\t\t\t\t<div class=\"info\">\n\t\t\t\t\t\t\t\t\t\t\t\t\t\t\t<div class=\"name-wrap\">\n\t\t\t<h3 class=\"name\">\n\t\t\t\t<a href=\"https:\/\/universitetipolis.edu.al\/fakultetet-stafi\/sotir-dhamo\/\">Prof. Asoc. Dr. Sotir Dhamo<\/a>\t\t\t<\/h3>\n\t\t<\/div>\n\t\t\n\t\t\t\t\t\t\t\t\t\t\t\t\t\t\t<div class=\"position\">Kryetar<\/div>\n\t\t\t\t\t\t\t\t\t\t\t\t\t\n\t\t\t\t\t\t\t\t\t\t\t<\/div>\n\t\t\t\t\t\t\t<\/div>\n\t\t<\/div>\n\t\t\t\t\t\t<\/div>\n\t\t\t\t<\/div>\n\t\t\t\t\t<\/div>\n\t\t<\/div>\n\t\t\t\t<div class=\"elementor-column elementor-col-25 elementor-top-column elementor-element elementor-element-d9486f6\" data-id=\"d9486f6\" data-element_type=\"column\" data-e-type=\"column\">\n\t\t\t<div class=\"elementor-widget-wrap elementor-element-populated\">\n\t\t\t\t\t\t<div class=\"elementor-element elementor-element-a73c4a6 unicamp-animation-zoom-in elementor-align-center unicamp-team-member-style-01 elementor-widget elementor-widget-tm-team-member\" data-id=\"a73c4a6\" data-element_type=\"widget\" data-e-type=\"widget\" data-widget_type=\"tm-team-member.default\">\n\t\t\t\t<div class=\"elementor-widget-container\">\n\t\t\t\t\t\t\t<div class=\"tm-team-member unicamp-box\">\n\n\t\t\t<div class=\"item\">\n\t\t\t\t\t\t\t\t\t<div class=\"photo unicamp-image\">\n\n\n\t\t\t\t\t\t<img loading=\"lazy\" decoding=\"async\"  loading=\"lazy\" src=\"https:\/\/universitetipolis.edu.al\/wp-content\/uploads\/2023\/01\/DRITAN-SHUTINA.jpg\" alt=\"DRITAN SHUTINA\" width=\"200\" height=\"300\" \/>\n\t\t\t\t\t\t<div class=\"overlay\"><\/div>\n\n\t\t\t\t\t\t\t\t<div class=\"social-networks\">\n\t\t\t<div class=\"inner\">\n\t\t\t\t\t\t\t\t\t<a aria-label=\"Profili Akademik\" class=\"hint--bounce hint--top hint--white\" href=\"https:\/\/universitetipolis.edu.al\/fakultetet-stafi\/dritan-shutina\/\">\n\t\t\t\t\t\t<span class=\"link-icon fad fa-external-link-alt\"><\/span>\t\t\t\t\t<\/a>\n\t\t\t\t\t\t\t\t<\/div>\n\t\t<\/div>\n\t\t\t\t\t\t\t<\/div>\n\n\t\t\t\t\t<div class=\"info\">\n\t\t\t\t\t\t\t\t\t\t\t\t\t\t\t<div class=\"name-wrap\">\n\t\t\t<h3 class=\"name\">\n\t\t\t\t<a href=\"https:\/\/universitetipolis.edu.al\/fakultetet-stafi\/dritan-shutina\/\">Dr. Dritan Shutina<\/a>\t\t\t<\/h3>\n\t\t<\/div>\n\t\t\n\t\t\t\t\t\t\t\t\t\t\t\t\t\n\t\t\t\t\t\t\t\t\t\t\t<\/div>\n\t\t\t\t\t\t\t<\/div>\n\t\t<\/div>\n\t\t\t\t\t\t<\/div>\n\t\t\t\t<\/div>\n\t\t\t\t\t<\/div>\n\t\t<\/div>\n\t\t\t\t<div class=\"elementor-column elementor-col-25 elementor-top-column elementor-element elementor-element-7b62820\" data-id=\"7b62820\" data-element_type=\"column\" data-e-type=\"column\">\n\t\t\t<div class=\"elementor-widget-wrap elementor-element-populated\">\n\t\t\t\t\t\t<div class=\"elementor-element elementor-element-ef0bb66 unicamp-animation-zoom-in elementor-align-center unicamp-team-member-style-01 elementor-widget elementor-widget-tm-team-member\" data-id=\"ef0bb66\" data-element_type=\"widget\" data-e-type=\"widget\" data-widget_type=\"tm-team-member.default\">\n\t\t\t\t<div class=\"elementor-widget-container\">\n\t\t\t\t\t\t\t<div class=\"tm-team-member unicamp-box\">\n\n\t\t\t<div class=\"item\">\n\t\t\t\t\t\t\t\t\t<div class=\"photo unicamp-image\">\n\n\n\t\t\t\t\t\t<img loading=\"lazy\" decoding=\"async\"  loading=\"lazy\" src=\"https:\/\/universitetipolis.edu.al\/wp-content\/uploads\/2022\/11\/Floreta-Aliaj.jpg\" alt=\"Floreta Aliaj\" width=\"200\" height=\"300\" \/>\n\t\t\t\t\t\t<div class=\"overlay\"><\/div>\n\n\t\t\t\t\t\t\t\t<div class=\"social-networks\">\n\t\t\t<div class=\"inner\">\n\t\t\t\t\t\t\t\t\t<a aria-label=\"Profili Akademik\" class=\"hint--bounce hint--top hint--white\" href=\"https:\/\/universitetipolis.edu.al\/fakultetet-stafi\/floreta-aliaj\/\">\n\t\t\t\t\t\t<span class=\"link-icon fad fa-external-link-alt\"><\/span>\t\t\t\t\t<\/a>\n\t\t\t\t\t\t\t\t<\/div>\n\t\t<\/div>\n\t\t\t\t\t\t\t<\/div>\n\n\t\t\t\t\t<div class=\"info\">\n\t\t\t\t\t\t\t\t\t\t\t\t\t\t\t<div class=\"name-wrap\">\n\t\t\t<h3 class=\"name\">\n\t\t\t\t<a href=\"https:\/\/universitetipolis.edu.al\/fakultetet-stafi\/floreta-aliaj\/\">MSc. Floreta Aliaj<\/a>\t\t\t<\/h3>\n\t\t<\/div>\n\t\t\n\t\t\t\t\t\t\t\t\t\t\t\t\t\n\t\t\t\t\t\t\t\t\t\t\t<\/div>\n\t\t\t\t\t\t\t<\/div>\n\t\t<\/div>\n\t\t\t\t\t\t<\/div>\n\t\t\t\t<\/div>\n\t\t\t\t\t<\/div>\n\t\t<\/div>\n\t\t\t\t<div class=\"elementor-column elementor-col-25 elementor-top-column elementor-element elementor-element-2fe2210\" data-id=\"2fe2210\" data-element_type=\"column\" data-e-type=\"column\">\n\t\t\t<div class=\"elementor-widget-wrap elementor-element-populated\">\n\t\t\t\t\t\t<div class=\"elementor-element elementor-element-38731fd unicamp-animation-zoom-in elementor-align-center unicamp-team-member-style-01 elementor-widget elementor-widget-tm-team-member\" data-id=\"38731fd\" data-element_type=\"widget\" data-e-type=\"widget\" data-widget_type=\"tm-team-member.default\">\n\t\t\t\t<div class=\"elementor-widget-container\">\n\t\t\t\t\t\t\t<div class=\"tm-team-member unicamp-box\">\n\n\t\t\t<div class=\"item\">\n\t\t\t\t\t\t\t\t\t<div class=\"photo unicamp-image\">\n\n\n\t\t\t\t\t\t<img loading=\"lazy\" decoding=\"async\"  loading=\"lazy\" src=\"https:\/\/universitetipolis.edu.al\/wp-content\/uploads\/2023\/02\/Thoma-Thomai.jpg\" alt=\"Thoma Thomai\" width=\"200\" height=\"300\" \/>\n\t\t\t\t\t\t<div class=\"overlay\"><\/div>\n\n\t\t\t\t\t\t\t\t<div class=\"social-networks\">\n\t\t\t<div class=\"inner\">\n\t\t\t\t\t\t\t\t\t<a aria-label=\"Profili Akademik\" class=\"hint--bounce hint--top hint--white\" href=\"https:\/\/universitetipolis.edu.al\/fakultetet-stafi\/thoma-thomai\/\">\n\t\t\t\t\t\t<span class=\"link-icon fad fa-external-link-alt\"><\/span>\t\t\t\t\t<\/a>\n\t\t\t\t\t\t\t\t<\/div>\n\t\t<\/div>\n\t\t\t\t\t\t\t<\/div>\n\n\t\t\t\t\t<div class=\"info\">\n\t\t\t\t\t\t\t\t\t\t\t\t\t\t\t<div class=\"name-wrap\">\n\t\t\t<h3 class=\"name\">\n\t\t\t\t<a href=\"https:\/\/universitetipolis.edu.al\/fakultetet-stafi\/thoma-thomai\/\">Prof. Thoma Thomai<\/a>\t\t\t<\/h3>\n\t\t<\/div>\n\t\t\n\t\t\t\t\t\t\t\t\t\t\t\t\t\n\t\t\t\t\t\t\t\t\t\t\t<\/div>\n\t\t\t\t\t\t\t<\/div>\n\t\t<\/div>\n\t\t\t\t\t\t<\/div>\n\t\t\t\t<\/div>\n\t\t\t\t\t<\/div>\n\t\t<\/div>\n\t\t\t\t\t<\/div>\n\t\t<\/section>\n\t\t\t\t<\/div>\n\t\t","protected":false},"excerpt":{"rendered":"<p>An\u00ebtar\u00ebt e Bordit t\u00eb Administrimit Prof. Asoc. Dr. Sotir Dhamo Kryetar Dr. Dritan Shutina MSc. Floreta Aliaj Prof. Thoma Thomai<\/p>\n","protected":false},"author":3,"featured_media":0,"parent":0,"menu_order":0,"comment_status":"closed","ping_status":"closed","template":"","meta":{"footnotes":""},"class_list":["post-5736","page","type-page","status-publish","hentry","post-no-thumbnail"],"_links":{"self":[{"href":"https:\/\/universitetipolis.edu.al\/index.php?rest_route=\/wp\/v2\/pages\/5736","targetHints":{"allow":["GET"]}}],"collection":[{"href":"https:\/\/universitetipolis.edu.al\/index.php?rest_route=\/wp\/v2\/pages"}],"about":[{"href":"https:\/\/universitetipolis.edu.al\/index.php?rest_route=\/wp\/v2\/types\/page"}],"author":[{"embeddable":true,"href":"https:\/\/universitetipolis.edu.al\/index.php?rest_route=\/wp\/v2\/users\/3"}],"replies":[{"embeddable":true,"href":"https:\/\/universitetipolis.edu.al\/index.php?rest_route=%2Fwp%2Fv2%2Fcomments&post=5736"}],"version-history":[{"count":3,"href":"https:\/\/universitetipolis.edu.al\/index.php?rest_route=\/wp\/v2\/pages\/5736\/revisions"}],"predecessor-version":[{"id":28539,"href":"https:\/\/universitetipolis.edu.al\/index.php?rest_route=\/wp\/v2\/pages\/5736\/revisions\/28539"}],"wp:attachment":[{"href":"https:\/\/universitetipolis.edu.al\/index.php?rest_route=%2Fwp%2Fv2%2Fmedia&parent=5736"}],"curies":[{"name":"wp","href":"https:\/\/api.w.org\/{rel}","templated":true}]}}