{"id":5447,"date":"2022-06-13T13:09:43","date_gmt":"2022-06-13T11:09:43","guid":{"rendered":"https:\/\/universitetipolis.edu.al\/?page_id=5447"},"modified":"2023-01-25T10:20:12","modified_gmt":"2023-01-25T09:20:12","slug":"shkenca-kompjuterike-2","status":"publish","type":"page","link":"https:\/\/universitetipolis.edu.al\/?page_id=5447","title":{"rendered":"Shkenca Kompjuterike"},"content":{"rendered":"\t\t<div data-elementor-type=\"wp-page\" data-elementor-id=\"5447\" class=\"elementor elementor-5447\" data-elementor-post-type=\"page\">\n\t\t\t\t\t\t<section class=\"elementor-section elementor-top-section elementor-element elementor-element-862519b elementor-section-boxed elementor-section-gap-beside-yes elementor-section-height-default elementor-section-height-default elementor-section-column-vertical-align-stretch\" data-id=\"862519b\" data-element_type=\"section\" data-e-type=\"section\">\n\t\t\t\t\t\t<div class=\"elementor-container elementor-column-gap-extended\">\n\t\t\t\t\t<div class=\"elementor-column elementor-col-100 elementor-top-column elementor-element elementor-element-d1f8a11\" data-id=\"d1f8a11\" data-element_type=\"column\" data-e-type=\"column\">\n\t\t\t<div class=\"elementor-widget-wrap elementor-element-populated\">\n\t\t\t\t\t\t<div class=\"elementor-element elementor-element-8e7bd5a elementor-widget elementor-widget-text-editor\" data-id=\"8e7bd5a\" data-element_type=\"widget\" data-e-type=\"widget\" data-widget_type=\"text-editor.default\">\n\t\t\t\t<div class=\"elementor-widget-container\">\n\t\t\t\t\t\t\t\t\t<h5>Bachelor n\u00eb <b>Shkenca Kompjuterike<\/b> (180 ECTC, 3 vite akademike, me koh\u00eb t\u00eb plot\u00eb)<\/h5>\n<h6><b>Profili profesional <\/b><\/h6>\n<p>Q\u00ebllimi i Programit t\u00eb Studimit Bachelor n\u00eb Shkenca Kompjuterike \u00ebsht\u00eb q\u00eb t\u00eb p\u00ebrgatis\u00eb ekspert\u00eb t\u00eb aft\u00eb p\u00ebr t\u00eb kuptur dhe menaxhuar nj\u00eb s\u00ebr\u00eb teknologjish t\u00eb avancuara n\u00ebp\u00ebrmjet t\u00eb cilave p\u00ebrmir\u00ebsojn\u00eb dhe nd\u00ebrtojn\u00eb sisteme dhe aplikacione q\u00eb ndihmojn\u00eb n\u00eb zgjidhjen e problemeve t\u00eb sotme duke shk\u00ebmbyer aft\u00ebsit\u00eb dhe njohurit\u00eb me komunitetin n\u00eb fush\u00ebn e informatik\u00ebs dhe teknologjis\u00eb s\u00eb informacionit.<\/p>\n<h6><b>Objektivat formuese t\u00eb programit t\u00eb studimit: <\/b><\/h6>\n<p>Programi Bachelor n\u00eb Shkenca Kompjuterike p\u00ebrgatit student\u00ebt p\u00ebr t\u00eb arritur karrier\u00ebn e m\u00ebposhtme dhe arritjet profesionale brenda disa viteve t\u00eb diplomimit, duke i p\u00ebrgatitur t\u00eb jen\u00eb n\u00eb gjendje t\u00eb:<br>\u27a2 kryejn\u00eb karrier\u00eb t\u00eb suksesshme n\u00eb disiplinat e shkencave kompjuterike dhe \/ ose ndjekja e studimeve pasuniversitare n\u00eb k\u00ebt\u00eb fush\u00eb;<br>\u27a2 t\u00eb p\u00ebrmir\u00ebsojn\u00eb njohurit\u00eb dhe aft\u00ebsit\u00eb e tyre p\u00ebrmes m\u00ebsimit gjat\u00eb gjith\u00eb jet\u00ebs dhe p\u00ebrshtatja me tregjet dhe teknologjit\u00eb n\u00eb zhvillim;<br>\u27a2 t\u00eb marrin pozicione drejtuese me q\u00ebllim p\u00ebrmir\u00ebsimin e sh\u00ebrbimeve n\u00eb k\u00ebt\u00eb fush\u00eb dhe gjithashtu t\u00eb iniciojn\u00eb biznese q\u00eb ofrojn\u00eb zgjidhje inovative;<br>\u27a2 t\u00eb veprojn\u00eb me nd\u00ebrgjegje rreth potencialeve dhe p\u00ebrgjegj\u00ebsive t\u00eb profesionit informatik n\u00eb kontekstin e shkenc\u00ebs, teknologjis\u00eb, shoq\u00ebris\u00eb dhe njer\u00ebzimit;<\/p>\n<h6><b>Mund\u00ebsit\u00eb p\u00ebr pun\u00ebsim<\/b><\/h6>\n<p>Duke pasur parasysh p\u00ebrhapjen dhe zhvillimin e teknologjis\u00eb kompjuterike sot n\u00eb shoq\u00ebri ka shum\u00eb mund\u00ebsi t\u00eb ndryshme pune p\u00ebr student\u00ebt e diplomuar n\u00eb shkenca kompjuterike.<br>Disa nga mund\u00ebsit\u00eb e pun\u00ebsimit q\u00eb programi Bachelor n\u00eb Shkenca Kompjuterike ofron jan\u00eb<br>si vijon:<br>\u27a2 Analist i sistemeve software, b\u00ebn t\u00eb mundur kontrollimin e rrjedhjes s\u00eb informacionit;<br>\u27a2 Konsulent i sistemeve software, ndihmon n\u00eb p\u00ebrpunimin e informacionit;<br>\u27a2 Inxhinier software, Programues sistemi;<br>\u27a2 Analist i baz\u00ebs s\u00eb t\u00eb dh\u00ebnave, harton dhe krijon programe p\u00ebr t\u00eb mbledhur, ruajtuar dhe analizuar t\u00eb dh\u00ebna nga biznesi, qeveria ose dhe institucione t\u00eb tjera;<br>\u27a2 Programues i inteligjenc\u00ebs artificiale;<br>\u27a2 Operator dhe menaxhues i sistemeve t\u00eb informacionit;<br>\u27a2 Admistrator i sistemeve dhe\/ose i baz\u00ebs s\u00eb t\u00eb dh\u00ebnave;<br>\u27a2 Specialist i siguris\u00eb kompjuterike;<br>\u27a2 Menaxhues \/ konsulent IT;<br>\u27a2 Specialist i telekomunikacionit dhe konsulent rrjetesh;<\/p>\t\t\t\t\t\t\t\t<\/div>\n\t\t\t\t<\/div>\n\t\t\t\t\t<\/div>\n\t\t<\/div>\n\t\t\t\t\t<\/div>\n\t\t<\/section>\n\t\t\t\t<section class=\"elementor-section elementor-top-section elementor-element elementor-element-6dba965 elementor-section-boxed elementor-section-gap-beside-yes elementor-section-height-default elementor-section-height-default elementor-section-column-vertical-align-stretch\" data-id=\"6dba965\" data-element_type=\"section\" data-e-type=\"section\" data-settings=\"{&quot;background_background&quot;:&quot;classic&quot;}\">\n\t\t\t\t\t\t<div class=\"elementor-container elementor-column-gap-extended\">\n\t\t\t\t\t<div class=\"elementor-column elementor-col-100 elementor-top-column elementor-element elementor-element-f80754e\" data-id=\"f80754e\" data-element_type=\"column\" data-e-type=\"column\">\n\t\t\t<div class=\"elementor-widget-wrap elementor-element-populated\">\n\t\t\t\t\t\t<div class=\"elementor-element elementor-element-da00a89 elementor-widget elementor-widget-heading\" data-id=\"da00a89\" data-element_type=\"widget\" data-e-type=\"widget\" data-widget_type=\"heading.default\">\n\t\t\t\t<div class=\"elementor-widget-container\">\n\t\t\t\t\t<h2 class=\"elementor-heading-title elementor-size-default\">PROGRAMI M\u00cbSIMOR\u00cb<\/h2>\t\t\t\t<\/div>\n\t\t\t\t<\/div>\n\t\t\t\t<div class=\"elementor-element elementor-element-2ea6fa1 unicamp-accordion-style-03 elementor-widget elementor-widget-tm-accordion\" data-id=\"2ea6fa1\" data-element_type=\"widget\" data-e-type=\"widget\" data-widget_type=\"tm-accordion.default\">\n\t\t\t\t<div class=\"elementor-widget-container\">\n\t\t\t\t\t\t\t<div class=\"unicamp-accordion unicamp-accordion-icon-right\">\n\t\t\t\t\t\t\t<div class=\"accordion-section\">\n\t\t\t\t\t<div class=\"accordion-header\">\n\t\t\t\t\t\t<div class=\"accordion-title-wrapper\">\n\t\t\t\t\t\t\t<h6 class=\"accordion-title\">Semestri  I<\/h6>\t\t\t\t\t\t<\/div>\n\t\t\t\t\t\t\t\t\t\t\t\t\t<div class=\"accordion-icons\">\n\t\t\t\t\t\t\t\t<span\n\t\t\t\t\t\t\t\t\tclass=\"accordion-icon opened-icon\"><i class=\"far fa-angle-down\"><\/i><\/span>\n\t\t\t\t\t\t\t\t<span\n\t\t\t\t\t\t\t\t\tclass=\"accordion-icon closed-icon\"><\/span>\n\t\t\t\t\t\t\t<\/div>\n\t\t\t\t\t\t\t\t\t\t\t<\/div>\n\t\t\t\t\t<div class=\"accordion-content\">\n\t\t\t\t\t\t<ul><li>Fizik\u00eb (6 kredite)<\/li><li>Analiz\u00eb Matematike 1 (6 kredite)<\/li><li>Web Programming (6 kredite)<\/li><li>Shkrim Akademik (3 kredite)<\/li><li>Anglisht (3 kredite)<\/li><li>Hyrje n\u00eb Programim (6 kredite)<\/li><\/ul>\t\t\t\t\t<\/div>\n\t\t\t\t<\/div>\n\t\t\t\t\t\t\t<div class=\"accordion-section\">\n\t\t\t\t\t<div class=\"accordion-header\">\n\t\t\t\t\t\t<div class=\"accordion-title-wrapper\">\n\t\t\t\t\t\t\t<h6 class=\"accordion-title\">Semestri II<\/h6>\t\t\t\t\t\t<\/div>\n\t\t\t\t\t\t\t\t\t\t\t\t\t<div class=\"accordion-icons\">\n\t\t\t\t\t\t\t\t<span\n\t\t\t\t\t\t\t\t\tclass=\"accordion-icon opened-icon\"><i class=\"far fa-angle-down\"><\/i><\/span>\n\t\t\t\t\t\t\t\t<span\n\t\t\t\t\t\t\t\t\tclass=\"accordion-icon closed-icon\"><\/span>\n\t\t\t\t\t\t\t<\/div>\n\t\t\t\t\t\t\t\t\t\t\t<\/div>\n\t\t\t\t\t<div class=\"accordion-content\">\n\t\t\t\t\t\t<ul><li>Analiz\u00eb Matematike II (6 kredite)<\/li><li>Algjeb\u00ebr dhe Gjeometri (6 kredite)<\/li><li>Probabilitet dhe Statistik\u00eb (6 kredite)<\/li><li>Database Design Concepts (6 kredite)<\/li><li>Arkitektura e Kompjuterave (6 kredite)<\/li><\/ul>\t\t\t\t\t<\/div>\n\t\t\t\t<\/div>\n\t\t\t\t\t\t\t<div class=\"accordion-section\">\n\t\t\t\t\t<div class=\"accordion-header\">\n\t\t\t\t\t\t<div class=\"accordion-title-wrapper\">\n\t\t\t\t\t\t\t<h6 class=\"accordion-title\">Semestri III<\/h6>\t\t\t\t\t\t<\/div>\n\t\t\t\t\t\t\t\t\t\t\t\t\t<div class=\"accordion-icons\">\n\t\t\t\t\t\t\t\t<span\n\t\t\t\t\t\t\t\t\tclass=\"accordion-icon opened-icon\"><i class=\"far fa-angle-down\"><\/i><\/span>\n\t\t\t\t\t\t\t\t<span\n\t\t\t\t\t\t\t\t\tclass=\"accordion-icon closed-icon\"><\/span>\n\t\t\t\t\t\t\t<\/div>\n\t\t\t\t\t\t\t\t\t\t\t<\/div>\n\t\t\t\t\t<div class=\"accordion-content\">\n\t\t\t\t\t\t<ul><li>Inxhinieri Software (6 kredite)<\/li><li>Strukturat e t\u00eb Dh\u00ebnave (6 kredite)<\/li><li>Analizat e Sistemeve (6 kredite)<\/li><li>Hyrje n\u00eb Telekomunikim dhe Rrjetet Kompjuterike (6 kredite)<\/li><li>Sistemet Operative (6 kredite)<\/li><\/ul>\t\t\t\t\t<\/div>\n\t\t\t\t<\/div>\n\t\t\t\t\t\t\t<div class=\"accordion-section\">\n\t\t\t\t\t<div class=\"accordion-header\">\n\t\t\t\t\t\t<div class=\"accordion-title-wrapper\">\n\t\t\t\t\t\t\t<h6 class=\"accordion-title\">Semestri IV<\/h6>\t\t\t\t\t\t<\/div>\n\t\t\t\t\t\t\t\t\t\t\t\t\t<div class=\"accordion-icons\">\n\t\t\t\t\t\t\t\t<span\n\t\t\t\t\t\t\t\t\tclass=\"accordion-icon opened-icon\"><i class=\"far fa-angle-down\"><\/i><\/span>\n\t\t\t\t\t\t\t\t<span\n\t\t\t\t\t\t\t\t\tclass=\"accordion-icon closed-icon\"><\/span>\n\t\t\t\t\t\t\t<\/div>\n\t\t\t\t\t\t\t\t\t\t\t<\/div>\n\t\t\t\t\t<div class=\"accordion-content\">\n\t\t\t\t\t\t<ul><li>Algoritmet dhe Komplekset (6 kredite)<\/li><li>Data Science (6 kredite)<\/li><li>Gjuh\u00eb Programimi &#8211; C# (6 kredite)<\/li><li>Rrjete Kompjuterike 1 (6 kredite)<\/li><li>Multimedia Design (6 kredite)<\/li><\/ul>\t\t\t\t\t<\/div>\n\t\t\t\t<\/div>\n\t\t\t\t\t\t\t<div class=\"accordion-section\">\n\t\t\t\t\t<div class=\"accordion-header\">\n\t\t\t\t\t\t<div class=\"accordion-title-wrapper\">\n\t\t\t\t\t\t\t<h6 class=\"accordion-title\">Semestri V<\/h6>\t\t\t\t\t\t<\/div>\n\t\t\t\t\t\t\t\t\t\t\t\t\t<div class=\"accordion-icons\">\n\t\t\t\t\t\t\t\t<span\n\t\t\t\t\t\t\t\t\tclass=\"accordion-icon opened-icon\"><i class=\"far fa-angle-down\"><\/i><\/span>\n\t\t\t\t\t\t\t\t<span\n\t\t\t\t\t\t\t\t\tclass=\"accordion-icon closed-icon\"><\/span>\n\t\t\t\t\t\t\t<\/div>\n\t\t\t\t\t\t\t\t\t\t\t<\/div>\n\t\t\t\t\t<div class=\"accordion-content\">\n\t\t\t\t\t\t<ul><li>Sip\u00ebrmarrja dhe Biznesi (6 kredite)<\/li><li>Rrjete Kompjuterike 2 (6 kredite)<\/li><li>Metodat e K\u00ebrkimit Shkencor (6 kredite)<\/li><li>Inteligjenca Artificiale\/(Data Visualization) (6 kredite)<\/li><li>Gjuh\u00eb Programimi &#8211; Java (6 kredite)<\/li><\/ul>\t\t\t\t\t<\/div>\n\t\t\t\t<\/div>\n\t\t\t\t\t\t\t<div class=\"accordion-section\">\n\t\t\t\t\t<div class=\"accordion-header\">\n\t\t\t\t\t\t<div class=\"accordion-title-wrapper\">\n\t\t\t\t\t\t\t<h6 class=\"accordion-title\">Semestri VI<\/h6>\t\t\t\t\t\t<\/div>\n\t\t\t\t\t\t\t\t\t\t\t\t\t<div class=\"accordion-icons\">\n\t\t\t\t\t\t\t\t<span\n\t\t\t\t\t\t\t\t\tclass=\"accordion-icon opened-icon\"><i class=\"far fa-angle-down\"><\/i><\/span>\n\t\t\t\t\t\t\t\t<span\n\t\t\t\t\t\t\t\t\tclass=\"accordion-icon closed-icon\"><\/span>\n\t\t\t\t\t\t\t<\/div>\n\t\t\t\t\t\t\t\t\t\t\t<\/div>\n\t\t\t\t\t<div class=\"accordion-content\">\n\t\t\t\t\t\t<ul><li>Web Programming 2 (6 kredite)<\/li><li>App Programming (6 kredite)<\/li><li>Sistemi i Menaxhimit t\u00eb t\u00eb Dh\u00ebnave (6 kredite)<\/li><li>Teza dhe Projekt Diploma (6 kredite)<\/li><li>Internship Profesional (6 kredite)<\/li><\/ul>\t\t\t\t\t<\/div>\n\t\t\t\t<\/div>\n\t\t\t\t\t<\/div>\n\t\t\t\t\t\t<\/div>\n\t\t\t\t<\/div>\n\t\t\t\t\t<\/div>\n\t\t<\/div>\n\t\t\t\t\t<\/div>\n\t\t<\/section>\n\t\t\t\t<\/div>\n\t\t","protected":false},"excerpt":{"rendered":"<p>Bachelor n\u00eb Shkenca Kompjuterike (180 ECTC, 3 vite akademike, me koh\u00eb t\u00eb plot\u00eb) Profili profesional Q\u00ebllimi i Programit t\u00eb Studimit Bachelor n\u00eb Shkenca Kompjuterike \u00ebsht\u00eb q\u00eb t\u00eb p\u00ebrgatis\u00eb ekspert\u00eb t\u00eb aft\u00eb p\u00ebr t\u00eb kuptur dhe menaxhuar nj\u00eb s\u00ebr\u00eb teknologjish t\u00eb avancuara n\u00ebp\u00ebrmjet t\u00eb cilave p\u00ebrmir\u00ebsojn\u00eb dhe nd\u00ebrtojn\u00eb sisteme dhe aplikacione q\u00eb ndihmojn\u00eb n\u00eb zgjidhjen e problemeve t\u00eb sotme duke shk\u00ebmbyer aft\u00ebsit\u00eb dhe njohurit\u00eb me komunitetin n\u00eb fush\u00ebn e informatik\u00ebs dhe teknologjis\u00eb s\u00eb informacionit. Objektivat formuese t\u00eb programit t\u00eb studimit: Programi Bachelor n\u00eb Shkenca Kompjuterike p\u00ebrgatit student\u00ebt p\u00ebr t\u00eb arritur karrier\u00ebn e m\u00ebposhtme dhe arritjet profesionale brenda disa viteve t\u00eb diplomimit, duke i p\u00ebrgatitur t\u00eb jen\u00eb n\u00eb gjendje t\u00eb:\u27a2 kryejn\u00eb karrier\u00eb t\u00eb suksesshme n\u00eb disiplinat e shkencave kompjuterike dhe \/ ose ndjekja e studimeve pasuniversitare n\u00eb k\u00ebt\u00eb fush\u00eb;\u27a2 t\u00eb p\u00ebrmir\u00ebsojn\u00eb njohurit\u00eb dhe aft\u00ebsit\u00eb e tyre p\u00ebrmes m\u00ebsimit gjat\u00eb gjith\u00eb jet\u00ebs dhe p\u00ebrshtatja me tregjet dhe teknologjit\u00eb n\u00eb zhvillim;\u27a2 t\u00eb marrin pozicione drejtuese me q\u00ebllim p\u00ebrmir\u00ebsimin e sh\u00ebrbimeve n\u00eb k\u00ebt\u00eb fush\u00eb dhe gjithashtu t\u00eb iniciojn\u00eb biznese q\u00eb ofrojn\u00eb zgjidhje inovative;\u27a2 t\u00eb veprojn\u00eb me nd\u00ebrgjegje rreth potencialeve dhe p\u00ebrgjegj\u00ebsive t\u00eb profesionit informatik n\u00eb kontekstin e shkenc\u00ebs, teknologjis\u00eb, shoq\u00ebris\u00eb dhe njer\u00ebzimit; Mund\u00ebsit\u00eb p\u00ebr pun\u00ebsim Duke pasur parasysh p\u00ebrhapjen dhe zhvillimin e teknologjis\u00eb kompjuterike sot n\u00eb shoq\u00ebri ka shum\u00eb mund\u00ebsi t\u00eb ndryshme pune p\u00ebr student\u00ebt e diplomuar n\u00eb shkenca kompjuterike.Disa nga mund\u00ebsit\u00eb e pun\u00ebsimit q\u00eb programi Bachelor n\u00eb Shkenca Kompjuterike ofron jan\u00ebsi vijon:\u27a2 Analist i sistemeve software, b\u00ebn t\u00eb mundur kontrollimin e rrjedhjes s\u00eb informacionit;\u27a2 Konsulent i sistemeve software, ndihmon n\u00eb p\u00ebrpunimin e informacionit;\u27a2 Inxhinier software, Programues sistemi;\u27a2 Analist i baz\u00ebs s\u00eb t\u00eb dh\u00ebnave, harton dhe krijon programe p\u00ebr t\u00eb mbledhur, ruajtuar dhe analizuar t\u00eb dh\u00ebna nga biznesi, qeveria ose dhe institucione t\u00eb tjera;\u27a2 Programues i inteligjenc\u00ebs artificiale;\u27a2 Operator dhe menaxhues i sistemeve t\u00eb informacionit;\u27a2 Admistrator i sistemeve dhe\/ose i baz\u00ebs s\u00eb t\u00eb dh\u00ebnave;\u27a2 Specialist i siguris\u00eb kompjuterike;\u27a2 Menaxhues \/ konsulent IT;\u27a2 Specialist i telekomunikacionit dhe konsulent rrjetesh; PROGRAMI M\u00cbSIMOR\u00cb Semestri I Fizik\u00eb (6 kredite) Analiz\u00eb Matematike 1 (6 kredite) Web Programming (6 kredite) Shkrim Akademik (3 kredite) Anglisht (3 kredite) Hyrje n\u00eb Programim (6 kredite) Semestri II Analiz\u00eb Matematike II (6 kredite) Algjeb\u00ebr dhe Gjeometri (6 kredite) Probabilitet dhe Statistik\u00eb (6 kredite) Database Design Concepts (6 kredite) Arkitektura e Kompjuterave (6 kredite) Semestri III Inxhinieri Software (6 kredite) Strukturat e t\u00eb Dh\u00ebnave (6 kredite) Analizat e Sistemeve (6 kredite) Hyrje n\u00eb Telekomunikim dhe Rrjetet Kompjuterike (6 kredite) Sistemet Operative (6 kredite) Semestri IV Algoritmet dhe Komplekset (6 kredite) Data Science (6 kredite) Gjuh\u00eb Programimi &#8211; C# (6 kredite) Rrjete Kompjuterike 1 (6 kredite) Multimedia Design (6 kredite) Semestri V Sip\u00ebrmarrja dhe Biznesi (6 kredite) Rrjete Kompjuterike 2 (6 kredite) Metodat e K\u00ebrkimit Shkencor (6 kredite) Inteligjenca Artificiale\/(Data Visualization) (6 kredite) Gjuh\u00eb Programimi &#8211; Java (6 kredite) Semestri VI Web Programming 2 (6 kredite) App Programming (6 kredite) Sistemi i Menaxhimit t\u00eb t\u00eb Dh\u00ebnave (6 kredite) Teza dhe Projekt Diploma (6 kredite) Internship Profesional (6 kredite)<\/p>\n","protected":false},"author":3,"featured_media":0,"parent":0,"menu_order":0,"comment_status":"closed","ping_status":"closed","template":"","meta":{"footnotes":""},"class_list":["post-5447","page","type-page","status-publish","hentry","post-no-thumbnail"],"_links":{"self":[{"href":"https:\/\/universitetipolis.edu.al\/index.php?rest_route=\/wp\/v2\/pages\/5447","targetHints":{"allow":["GET"]}}],"collection":[{"href":"https:\/\/universitetipolis.edu.al\/index.php?rest_route=\/wp\/v2\/pages"}],"about":[{"href":"https:\/\/universitetipolis.edu.al\/index.php?rest_route=\/wp\/v2\/types\/page"}],"author":[{"embeddable":true,"href":"https:\/\/universitetipolis.edu.al\/index.php?rest_route=\/wp\/v2\/users\/3"}],"replies":[{"embeddable":true,"href":"https:\/\/universitetipolis.edu.al\/index.php?rest_route=%2Fwp%2Fv2%2Fcomments&post=5447"}],"version-history":[{"count":0,"href":"https:\/\/universitetipolis.edu.al\/index.php?rest_route=\/wp\/v2\/pages\/5447\/revisions"}],"wp:attachment":[{"href":"https:\/\/universitetipolis.edu.al\/index.php?rest_route=%2Fwp%2Fv2%2Fmedia&parent=5447"}],"curies":[{"name":"wp","href":"https:\/\/api.w.org\/{rel}","templated":true}]}}