{"id":4848,"date":"2022-05-31T11:38:13","date_gmt":"2022-05-31T09:38:13","guid":{"rendered":"https:\/\/universitetipolis.edu.al\/?page_id=4848"},"modified":"2026-04-16T14:02:06","modified_gmt":"2026-04-16T12:02:06","slug":"rektorati","status":"publish","type":"page","link":"https:\/\/universitetipolis.edu.al\/?page_id=4848","title":{"rendered":"Rektorati"},"content":{"rendered":"\t\t<div data-elementor-type=\"wp-page\" data-elementor-id=\"4848\" class=\"elementor elementor-4848\" data-elementor-post-type=\"page\">\n\t\t\t\t\t\t<section class=\"elementor-section elementor-top-section elementor-element elementor-element-8ae915f elementor-section-boxed elementor-section-gap-beside-yes elementor-section-height-default elementor-section-height-default elementor-section-column-vertical-align-stretch\" data-id=\"8ae915f\" data-element_type=\"section\" data-e-type=\"section\">\n\t\t\t\t\t\t<div class=\"elementor-container elementor-column-gap-extended\">\n\t\t\t\t\t<div class=\"elementor-column elementor-col-100 elementor-top-column elementor-element elementor-element-3d81b3a\" data-id=\"3d81b3a\" data-element_type=\"column\" data-e-type=\"column\">\n\t\t\t<div class=\"elementor-widget-wrap elementor-element-populated\">\n\t\t\t\t\t\t<div class=\"elementor-element elementor-element-462f5e5 elementor-widget elementor-widget-text-editor\" data-id=\"462f5e5\" data-element_type=\"widget\" data-e-type=\"widget\" data-widget_type=\"text-editor.default\">\n\t\t\t\t<div class=\"elementor-widget-container\">\n\t\t\t\t\t\t\t\t\t<p style=\"font-weight: 400;\"><strong>Rektorati \u00ebsht\u00eb organ kolegjial ekzekutiv i Universitetit POLIS i cili p\u00ebrb\u00ebhet nga:<\/strong><\/p><ol><li style=\"font-weight: 400;\">Rektori;<\/li><li style=\"font-weight: 400;\">Z\u00ebvend\u00ebs-Rektori;<\/li><li style=\"font-weight: 400;\">Drejtuesit e nj\u00ebsive kryesore;<\/li><li style=\"font-weight: 400;\">Administratori i Shpk \u2013s\u00eb;<\/li><li style=\"font-weight: 400;\">Administratori i IAL-s\u00eb;<\/li><\/ol><p style=\"font-weight: 400;\"><strong>Rektorati kryhesohet nga Rektori dhe ushtron disa funksione kryesore si:<\/strong><br \/>a) harton planin strategjik t\u00eb zhvillimit t\u00eb institucionit, mb\u00ebshtetur n\u00eb propozimet e nj\u00ebsive baz\u00eb dhe kryesore t\u00eb Universitetit POLIS. <br \/>b) zbaton t\u00eb gjitha vendimet e Senatit Akademik dhe t\u00eb Bordit t\u00eb Administrimit. <br \/>c) harton planin vjetor t\u00eb pun\u00ebs, n\u00eb nivel institucional, n\u00eb p\u00ebrputhje me planin strategjik t\u00eb zhvillimit t\u00eb institucionit dhe ndjek zbatimin e tij pas miratimit nga Senati Akademik. <br \/>d) shqyrton rezultatet e raporteve t\u00eb vler\u00ebsimit vjetor t\u00eb cil\u00ebsis\u00eb. <br \/>e) monitoron dhe publikon rezultatet e vler\u00ebsimit t\u00eb veprimtarive t\u00eb Universitetit POLIS. f) harton raportin vjetor t\u00eb veprimtaris\u00eb m\u00ebsimore-k\u00ebrkimore etj.<\/p>\t\t\t\t\t\t\t\t<\/div>\n\t\t\t\t<\/div>\n\t\t\t\t\t<\/div>\n\t\t<\/div>\n\t\t\t\t\t<\/div>\n\t\t<\/section>\n\t\t\t\t<section class=\"elementor-section elementor-top-section elementor-element elementor-element-9000a6b elementor-section-boxed elementor-section-gap-beside-yes elementor-section-height-default elementor-section-height-default elementor-section-column-vertical-align-stretch\" data-id=\"9000a6b\" data-element_type=\"section\" data-e-type=\"section\">\n\t\t\t\t\t\t<div class=\"elementor-container elementor-column-gap-extended\">\n\t\t\t\t\t<div class=\"elementor-column elementor-col-33 elementor-top-column elementor-element elementor-element-093fb59\" data-id=\"093fb59\" data-element_type=\"column\" data-e-type=\"column\">\n\t\t\t<div class=\"elementor-widget-wrap elementor-element-populated\">\n\t\t\t\t\t\t<div class=\"elementor-element elementor-element-642e5bf unicamp-animation-zoom-in elementor-align-center unicamp-team-member-style-01 elementor-widget elementor-widget-tm-team-member\" data-id=\"642e5bf\" data-element_type=\"widget\" data-e-type=\"widget\" data-widget_type=\"tm-team-member.default\">\n\t\t\t\t<div class=\"elementor-widget-container\">\n\t\t\t\t\t\t\t<div class=\"tm-team-member unicamp-box\">\n\n\t\t\t<div class=\"item\">\n\t\t\t\t\t\t\t\t\t<div class=\"photo unicamp-image\">\n\n\n\t\t\t\t\t\t<img loading=\"lazy\" decoding=\"async\"  loading=\"lazy\" src=\"https:\/\/universitetipolis.edu.al\/wp-content\/uploads\/2022\/11\/Besnik-Aliaj.jpg\" alt=\"Besnik Aliaj\" width=\"200\" height=\"300\" \/>\n\t\t\t\t\t\t<div class=\"overlay\"><\/div>\n\n\t\t\t\t\t\t\t\t<div class=\"social-networks\">\n\t\t\t<div class=\"inner\">\n\t\t\t\t\t\t\t\t\t<a aria-label=\"Profili Akademik\" class=\"hint--bounce hint--top hint--white\" href=\"https:\/\/universitetipolis.edu.al\/fakultetet-stafi\/besnik-aliaj\/\">\n\t\t\t\t\t\t<span class=\"link-icon fad fa-external-link-alt\"><\/span>\t\t\t\t\t<\/a>\n\t\t\t\t\t\t\t\t<\/div>\n\t\t<\/div>\n\t\t\t\t\t\t\t<\/div>\n\n\t\t\t\t\t<div class=\"info\">\n\t\t\t\t\t\t\t\t\t\t\t\t\t\t\t<div class=\"name-wrap\">\n\t\t\t<h3 class=\"name\">\n\t\t\t\t<a href=\"https:\/\/universitetipolis.edu.al\/fakultetet-stafi\/besnik-aliaj\/\">Prof. Dr. Besnik Aliaj<\/a>\t\t\t<\/h3>\n\t\t<\/div>\n\t\t\n\t\t\t\t\t\t\t\t\t\t\t\t\t\t\t<div class=\"position\">Rektor<\/div>\n\t\t\t\t\t\t\t\t\t\t\t\t\t\n\t\t\t\t\t\t\t\t\t\t\t<\/div>\n\t\t\t\t\t\t\t<\/div>\n\t\t<\/div>\n\t\t\t\t\t\t<\/div>\n\t\t\t\t<\/div>\n\t\t\t\t\t<\/div>\n\t\t<\/div>\n\t\t\t\t<div class=\"elementor-column elementor-col-33 elementor-top-column elementor-element elementor-element-719ae65\" data-id=\"719ae65\" data-element_type=\"column\" data-e-type=\"column\">\n\t\t\t<div class=\"elementor-widget-wrap elementor-element-populated\">\n\t\t\t\t\t\t<div class=\"elementor-element elementor-element-084a019 unicamp-animation-zoom-in elementor-align-center unicamp-team-member-style-01 elementor-widget elementor-widget-tm-team-member\" data-id=\"084a019\" data-element_type=\"widget\" data-e-type=\"widget\" data-widget_type=\"tm-team-member.default\">\n\t\t\t\t<div class=\"elementor-widget-container\">\n\t\t\t\t\t\t\t<div class=\"tm-team-member unicamp-box\">\n\n\t\t\t<div class=\"item\">\n\t\t\t\t\t\t\t\t\t<div class=\"photo unicamp-image\">\n\n\n\t\t\t\t\t\t<img loading=\"lazy\" decoding=\"async\"  loading=\"lazy\" src=\"https:\/\/universitetipolis.edu.al\/wp-content\/uploads\/2022\/11\/Sotir-Dhamo.jpg\" alt=\"Sotir Dhamo\" width=\"200\" height=\"300\" \/>\n\t\t\t\t\t\t<div class=\"overlay\"><\/div>\n\n\t\t\t\t\t\t\t\t<div class=\"social-networks\">\n\t\t\t<div class=\"inner\">\n\t\t\t\t\t\t\t\t\t<a aria-label=\"Profili Akademik\" class=\"hint--bounce hint--top hint--white\" href=\"https:\/\/universitetipolis.edu.al\/fakultetet-stafi\/sotir-dhamo\/\">\n\t\t\t\t\t\t<span class=\"link-icon fad fa-external-link-alt\"><\/span>\t\t\t\t\t<\/a>\n\t\t\t\t\t\t\t\t<\/div>\n\t\t<\/div>\n\t\t\t\t\t\t\t<\/div>\n\n\t\t\t\t\t<div class=\"info\">\n\t\t\t\t\t\t\t\t\t\t\t\t\t\t\t<div class=\"name-wrap\">\n\t\t\t<h3 class=\"name\">\n\t\t\t\t<a href=\"https:\/\/universitetipolis.edu.al\/fakultetet-stafi\/sotir-dhamo\/\">Prof. Asoc. Dr. Sotir Dhamo<\/a>\t\t\t<\/h3>\n\t\t<\/div>\n\t\t\n\t\t\t\t\t\t\t\t\t\t\t\t\t\t\t<div class=\"position\">Administratori i Shpk-s\u00eb<\/div>\n\t\t\t\t\t\t\t\t\t\t\t\t\t\n\t\t\t\t\t\t\t\t\t\t\t<\/div>\n\t\t\t\t\t\t\t<\/div>\n\t\t<\/div>\n\t\t\t\t\t\t<\/div>\n\t\t\t\t<\/div>\n\t\t\t\t\t<\/div>\n\t\t<\/div>\n\t\t\t\t<div class=\"elementor-column elementor-col-33 elementor-top-column elementor-element elementor-element-c333e1a\" data-id=\"c333e1a\" data-element_type=\"column\" data-e-type=\"column\">\n\t\t\t<div class=\"elementor-widget-wrap elementor-element-populated\">\n\t\t\t\t\t\t<div class=\"elementor-element elementor-element-e3d285b unicamp-animation-zoom-in elementor-align-center unicamp-team-member-style-01 elementor-widget elementor-widget-tm-team-member\" data-id=\"e3d285b\" data-element_type=\"widget\" data-e-type=\"widget\" data-widget_type=\"tm-team-member.default\">\n\t\t\t\t<div class=\"elementor-widget-container\">\n\t\t\t\t\t\t\t<div class=\"tm-team-member unicamp-box\">\n\n\t\t\t<div class=\"item\">\n\t\t\t\t\t\t\t\t\t<div class=\"photo unicamp-image\">\n\n\n\t\t\t\t\t\t<img loading=\"lazy\" decoding=\"async\"  loading=\"lazy\" src=\"https:\/\/universitetipolis.edu.al\/wp-content\/uploads\/2023\/03\/Aurel-Plasa-200x300.jpeg\" alt=\"Aurel Plasa\" width=\"200\" height=\"300\" \/>\n\t\t\t\t\t\t<div class=\"overlay\"><\/div>\n\n\t\t\t\t\t\t\t\t<div class=\"social-networks\">\n\t\t\t<div class=\"inner\">\n\t\t\t\t\t\t\t\t\t<a aria-label=\"Profili Akademik\" class=\"hint--bounce hint--top hint--white\" href=\"https:\/\/universitetipolis.edu.al\/administratori-ial\/\">\n\t\t\t\t\t\t<span class=\"link-icon fad fa-external-link-alt\"><\/span>\t\t\t\t\t<\/a>\n\t\t\t\t\t\t\t\t<\/div>\n\t\t<\/div>\n\t\t\t\t\t\t\t<\/div>\n\n\t\t\t\t\t<div class=\"info\">\n\t\t\t\t\t\t\t\t\t\t\t\t\t\t\t<div class=\"name-wrap\">\n\t\t\t<h3 class=\"name\">\n\t\t\t\t<a href=\"https:\/\/universitetipolis.edu.al\/administratori-ial\/\">Aurel Plasa<\/a>\t\t\t<\/h3>\n\t\t<\/div>\n\t\t\n\t\t\t\t\t\t\t\t\t\t\t\t\t\t\t<div class=\"position\">Administratori i Universitetit<\/div>\n\t\t\t\t\t\t\t\t\t\t\t\t\t\n\t\t\t\t\t\t\t\t\t\t\t<\/div>\n\t\t\t\t\t\t\t<\/div>\n\t\t<\/div>\n\t\t\t\t\t\t<\/div>\n\t\t\t\t<\/div>\n\t\t\t\t\t<\/div>\n\t\t<\/div>\n\t\t\t\t\t<\/div>\n\t\t<\/section>\n\t\t\t\t<section class=\"elementor-section elementor-top-section elementor-element elementor-element-887e154 elementor-section-boxed elementor-section-gap-beside-yes elementor-section-height-default elementor-section-height-default elementor-section-column-vertical-align-stretch\" data-id=\"887e154\" data-element_type=\"section\" data-e-type=\"section\">\n\t\t\t\t\t\t<div class=\"elementor-container elementor-column-gap-extended\">\n\t\t\t\t\t<div class=\"elementor-column elementor-col-33 elementor-top-column elementor-element elementor-element-7f7c062\" data-id=\"7f7c062\" data-element_type=\"column\" data-e-type=\"column\">\n\t\t\t<div class=\"elementor-widget-wrap elementor-element-populated\">\n\t\t\t\t\t\t<div class=\"elementor-element elementor-element-04d4103 unicamp-animation-zoom-in elementor-align-center unicamp-team-member-style-01 elementor-widget elementor-widget-tm-team-member\" data-id=\"04d4103\" data-element_type=\"widget\" data-e-type=\"widget\" data-widget_type=\"tm-team-member.default\">\n\t\t\t\t<div class=\"elementor-widget-container\">\n\t\t\t\t\t\t\t<div class=\"tm-team-member unicamp-box\">\n\n\t\t\t<div class=\"item\">\n\t\t\t\t\t\t\t\t\t<div class=\"photo unicamp-image\">\n\n\n\t\t\t\t\t\t<img loading=\"lazy\" decoding=\"async\"  loading=\"lazy\" src=\"https:\/\/universitetipolis.edu.al\/wp-content\/uploads\/2022\/11\/Ledian-Bregasi.jpg\" alt=\"Ledian Bregasi\" width=\"200\" height=\"300\" \/>\n\t\t\t\t\t\t<div class=\"overlay\"><\/div>\n\n\t\t\t\t\t\t\t\t<div class=\"social-networks\">\n\t\t\t<div class=\"inner\">\n\t\t\t\t\t\t\t\t\t<a aria-label=\"Profili Akademik\" class=\"hint--bounce hint--top hint--white\" href=\"https:\/\/universitetipolis.edu.al\/fakultetet-stafi\/ledian-bregasi\/\">\n\t\t\t\t\t\t<span class=\"link-icon fad fa-external-link-alt\"><\/span>\t\t\t\t\t<\/a>\n\t\t\t\t\t\t\t\t<\/div>\n\t\t<\/div>\n\t\t\t\t\t\t\t<\/div>\n\n\t\t\t\t\t<div class=\"info\">\n\t\t\t\t\t\t\t\t\t\t\t\t\t\t\t<div class=\"name-wrap\">\n\t\t\t<h3 class=\"name\">\n\t\t\t\t<a href=\"https:\/\/universitetipolis.edu.al\/fakultetet-stafi\/ledian-bregasi\/\">Dr. Ledian Bregasi<\/a>\t\t\t<\/h3>\n\t\t<\/div>\n\t\t\n\t\t\t\t\t\t\t\t\t\t\t\t\t\t\t<div class=\"position\">Dekan i Fakultetit Arkitektur\u00eb dhe Dizajn<\/div>\n\t\t\t\t\t\t\t\t\t\t\t\t\t\n\t\t\t\t\t\t\t\t\t\t\t<\/div>\n\t\t\t\t\t\t\t<\/div>\n\t\t<\/div>\n\t\t\t\t\t\t<\/div>\n\t\t\t\t<\/div>\n\t\t\t\t\t<\/div>\n\t\t<\/div>\n\t\t\t\t<div class=\"elementor-column elementor-col-33 elementor-top-column elementor-element elementor-element-0502c4f\" data-id=\"0502c4f\" data-element_type=\"column\" data-e-type=\"column\">\n\t\t\t<div class=\"elementor-widget-wrap elementor-element-populated\">\n\t\t\t\t\t\t<div class=\"elementor-element elementor-element-5dc499e unicamp-animation-zoom-in elementor-align-center unicamp-team-member-style-01 elementor-widget elementor-widget-tm-team-member\" data-id=\"5dc499e\" data-element_type=\"widget\" data-e-type=\"widget\" data-widget_type=\"tm-team-member.default\">\n\t\t\t\t<div class=\"elementor-widget-container\">\n\t\t\t\t\t\t\t<div class=\"tm-team-member unicamp-box\">\n\n\t\t\t<div class=\"item\">\n\t\t\t\t\t\t\t\t\t<div class=\"photo unicamp-image\">\n\n\n\t\t\t\t\t\t<img loading=\"lazy\" decoding=\"async\"  loading=\"lazy\" src=\"https:\/\/universitetipolis.edu.al\/wp-content\/uploads\/2023\/10\/Llazar-Kumuaraku.jpg\" alt=\"Llazar Kumuaraku\" width=\"200\" height=\"300\" \/>\n\t\t\t\t\t\t<div class=\"overlay\"><\/div>\n\n\t\t\t\t\t\t\t\t<div class=\"social-networks\">\n\t\t\t<div class=\"inner\">\n\t\t\t\t\t\t\t\t\t<a aria-label=\"Profili Akademik\" class=\"hint--bounce hint--top hint--white\" href=\"https:\/\/universitetipolis.edu.al\/fakultetet-stafi\/llazar-kumaraku\/\">\n\t\t\t\t\t\t<span class=\"link-icon fad fa-external-link-alt\"><\/span>\t\t\t\t\t<\/a>\n\t\t\t\t\t\t\t\t<\/div>\n\t\t<\/div>\n\t\t\t\t\t\t\t<\/div>\n\n\t\t\t\t\t<div class=\"info\">\n\t\t\t\t\t\t\t\t\t\t\t\t\t\t\t<div class=\"name-wrap\">\n\t\t\t<h3 class=\"name\">\n\t\t\t\t<a href=\"https:\/\/universitetipolis.edu.al\/fakultetet-stafi\/llazar-kumaraku\/\">Prof. Asoc. Dr. Llazar Kumaraku<\/a>\t\t\t<\/h3>\n\t\t<\/div>\n\t\t\n\t\t\t\t\t\t\t\t\t\t\t\t\t\t\t<div class=\"position\">Dekan i Fakulteti Planifikim, Mjedis dhe Menaxhim Urban<\/div>\n\t\t\t\t\t\t\t\t\t\t\t\t\t\n\t\t\t\t\t\t\t\t\t\t\t<\/div>\n\t\t\t\t\t\t\t<\/div>\n\t\t<\/div>\n\t\t\t\t\t\t<\/div>\n\t\t\t\t<\/div>\n\t\t\t\t\t<\/div>\n\t\t<\/div>\n\t\t\t\t<div class=\"elementor-column elementor-col-33 elementor-top-column elementor-element elementor-element-46ad8b4\" data-id=\"46ad8b4\" data-element_type=\"column\" data-e-type=\"column\">\n\t\t\t<div class=\"elementor-widget-wrap elementor-element-populated\">\n\t\t\t\t\t\t<div class=\"elementor-element elementor-element-42a99bc unicamp-animation-zoom-in elementor-align-center unicamp-team-member-style-01 elementor-widget elementor-widget-tm-team-member\" data-id=\"42a99bc\" data-element_type=\"widget\" data-e-type=\"widget\" data-widget_type=\"tm-team-member.default\">\n\t\t\t\t<div class=\"elementor-widget-container\">\n\t\t\t\t\t\t\t<div class=\"tm-team-member unicamp-box\">\n\n\t\t\t<div class=\"item\">\n\t\t\t\t\t\t\t\t\t<div class=\"photo unicamp-image\">\n\n\n\t\t\t\t\t\t<img loading=\"lazy\" decoding=\"async\"  loading=\"lazy\" src=\"https:\/\/universitetipolis.edu.al\/wp-content\/uploads\/2022\/11\/Skender-Luarasi.jpg\" alt=\"Skender Luarasi\" width=\"200\" height=\"300\" \/>\n\t\t\t\t\t\t<div class=\"overlay\"><\/div>\n\n\t\t\t\t\t\t\t\t<div class=\"social-networks\">\n\t\t\t<div class=\"inner\">\n\t\t\t\t\t\t\t\t\t<a aria-label=\"Profili Akademik\" class=\"hint--bounce hint--top hint--white\" href=\"https:\/\/universitetipolis.edu.al\/fakultetet-stafi\/skender-luarasi\/\">\n\t\t\t\t\t\t<span class=\"link-icon fad fa-external-link-alt\"><\/span>\t\t\t\t\t<\/a>\n\t\t\t\t\t\t\t\t<\/div>\n\t\t<\/div>\n\t\t\t\t\t\t\t<\/div>\n\n\t\t\t\t\t<div class=\"info\">\n\t\t\t\t\t\t\t\t\t\t\t\t\t\t\t<div class=\"name-wrap\">\n\t\t\t<h3 class=\"name\">\n\t\t\t\t<a href=\"https:\/\/universitetipolis.edu.al\/fakultetet-stafi\/skender-luarasi\/\">Prof. Asoc. Dr. Sk\u00ebnder Luarasi<\/a>\t\t\t<\/h3>\n\t\t<\/div>\n\t\t\n\t\t\t\t\t\t\t\t\t\t\t\t\t\t\t<div class=\"position\">Dekan i Fakultetit p\u00ebr K\u00ebrkim dhe Zhvillim<\/div>\n\t\t\t\t\t\t\t\t\t\t\t\t\t\n\t\t\t\t\t\t\t\t\t\t\t<\/div>\n\t\t\t\t\t\t\t<\/div>\n\t\t<\/div>\n\t\t\t\t\t\t<\/div>\n\t\t\t\t<\/div>\n\t\t\t\t\t<\/div>\n\t\t<\/div>\n\t\t\t\t\t<\/div>\n\t\t<\/section>\n\t\t\t\t<section class=\"elementor-section elementor-top-section elementor-element elementor-element-a457fbf elementor-section-boxed elementor-section-gap-beside-yes elementor-section-height-default elementor-section-height-default elementor-section-column-vertical-align-stretch\" data-id=\"a457fbf\" data-element_type=\"section\" data-e-type=\"section\">\n\t\t\t\t\t\t<div class=\"elementor-container elementor-column-gap-extended\">\n\t\t\t\t\t<div class=\"elementor-column elementor-col-33 elementor-top-column elementor-element elementor-element-9312f70\" data-id=\"9312f70\" data-element_type=\"column\" data-e-type=\"column\">\n\t\t\t<div class=\"elementor-widget-wrap elementor-element-populated\">\n\t\t\t\t\t\t<div class=\"elementor-element elementor-element-73af023 unicamp-animation-zoom-in elementor-align-center unicamp-team-member-style-01 elementor-widget elementor-widget-tm-team-member\" data-id=\"73af023\" data-element_type=\"widget\" data-e-type=\"widget\" data-widget_type=\"tm-team-member.default\">\n\t\t\t\t<div class=\"elementor-widget-container\">\n\t\t\t\t\t\t\t<div class=\"tm-team-member unicamp-box\">\n\n\t\t\t<div class=\"item\">\n\t\t\t\t\t\t\t\t\t<div class=\"photo unicamp-image\">\n\n\n\t\t\t\t\t\t<img loading=\"lazy\" decoding=\"async\"  loading=\"lazy\" src=\"https:\/\/universitetipolis.edu.al\/wp-content\/uploads\/2022\/09\/Elona-Karafili-200x300.jpg\" alt=\"Elona Karafili\" width=\"200\" height=\"300\" \/>\n\t\t\t\t\t\t<div class=\"overlay\"><\/div>\n\n\t\t\t\t\t\t\t\t<div class=\"social-networks\">\n\t\t\t<div class=\"inner\">\n\t\t\t\t\t\t\t\t\t<a aria-label=\"Profili Akademik\" class=\"hint--bounce hint--top hint--white\" href=\"https:\/\/universitetipolis.edu.al\/fakultetet-stafi\/elona-karafili\/\">\n\t\t\t\t\t\t<span class=\"link-icon fad fa-external-link-alt\"><\/span>\t\t\t\t\t<\/a>\n\t\t\t\t\t\t\t\t<\/div>\n\t\t<\/div>\n\t\t\t\t\t\t\t<\/div>\n\n\t\t\t\t\t<div class=\"info\">\n\t\t\t\t\t\t\t\t\t\t\t\t\t\t\t<div class=\"name-wrap\">\n\t\t\t<h3 class=\"name\">\n\t\t\t\t<a href=\"https:\/\/universitetipolis.edu.al\/fakultetet-stafi\/elona-karafili\/\">Dr. Elona Karafili<\/a>\t\t\t<\/h3>\n\t\t<\/div>\n\t\t\n\t\t\t\t\t\t\t\t\t\t\t\t\t\t\t<div class=\"position\">Zv.Rektor p\u00ebr K\u00ebrkimin dhe Nd\u00ebrkomb\u00ebtarizimin<\/div>\n\t\t\t\t\t\t\t\t\t\t\t\t\t\n\t\t\t\t\t\t\t\t\t\t\t<\/div>\n\t\t\t\t\t\t\t<\/div>\n\t\t<\/div>\n\t\t\t\t\t\t<\/div>\n\t\t\t\t<\/div>\n\t\t\t\t\t<\/div>\n\t\t<\/div>\n\t\t\t\t<div class=\"elementor-column elementor-col-33 elementor-top-column elementor-element elementor-element-32d6ca1\" data-id=\"32d6ca1\" data-element_type=\"column\" data-e-type=\"column\">\n\t\t\t<div class=\"elementor-widget-wrap elementor-element-populated\">\n\t\t\t\t\t\t<div class=\"elementor-element elementor-element-23ff66e unicamp-animation-zoom-in elementor-align-center unicamp-team-member-style-01 elementor-widget elementor-widget-tm-team-member\" data-id=\"23ff66e\" data-element_type=\"widget\" data-e-type=\"widget\" data-widget_type=\"tm-team-member.default\">\n\t\t\t\t<div class=\"elementor-widget-container\">\n\t\t\t\t\t\t\t<div class=\"tm-team-member unicamp-box\">\n\n\t\t\t<div class=\"item\">\n\t\t\t\t\t\t\t\t\t<div class=\"photo unicamp-image\">\n\n\n\t\t\t\t\t\t<img loading=\"lazy\" decoding=\"async\"  loading=\"lazy\" src=\"https:\/\/universitetipolis.edu.al\/wp-content\/uploads\/2023\/10\/Merita-Toska.jpg\" alt=\"Merita Toska\" width=\"200\" height=\"300\" \/>\n\t\t\t\t\t\t<div class=\"overlay\"><\/div>\n\n\t\t\t\t\t\t\t\t<div class=\"social-networks\">\n\t\t\t<div class=\"inner\">\n\t\t\t\t\t\t\t\t\t<a aria-label=\"Profili Akademik\" class=\"hint--bounce hint--top hint--white\" href=\"https:\/\/universitetipolis.edu.al\/fakultetet-stafi\/merita-toska\/\">\n\t\t\t\t\t\t<span class=\"link-icon fad fa-external-link-alt\"><\/span>\t\t\t\t\t<\/a>\n\t\t\t\t\t\t\t\t<\/div>\n\t\t<\/div>\n\t\t\t\t\t\t\t<\/div>\n\n\t\t\t\t\t<div class=\"info\">\n\t\t\t\t\t\t\t\t\t\t\t\t\t\t\t<div class=\"name-wrap\">\n\t\t\t<h3 class=\"name\">\n\t\t\t\t<a href=\"https:\/\/universitetipolis.edu.al\/fakultetet-stafi\/merita-toska\/\">Prof. Asoc. Dr. Merita Toska<\/a>\t\t\t<\/h3>\n\t\t<\/div>\n\t\t\n\t\t\t\t\t\t\t\t\t\t\t\t\t\t\t<div class=\"position\">Zv.Rektor p\u00ebr \u00c7\u00ebshtjet Akademike dhe Student\u00ebt<\/div>\n\t\t\t\t\t\t\t\t\t\t\t\t\t\n\t\t\t\t\t\t\t\t\t\t\t<\/div>\n\t\t\t\t\t\t\t<\/div>\n\t\t<\/div>\n\t\t\t\t\t\t<\/div>\n\t\t\t\t<\/div>\n\t\t\t\t\t<\/div>\n\t\t<\/div>\n\t\t\t\t<div class=\"elementor-column elementor-col-33 elementor-top-column elementor-element elementor-element-c967f67\" data-id=\"c967f67\" data-element_type=\"column\" data-e-type=\"column\">\n\t\t\t<div class=\"elementor-widget-wrap elementor-element-populated\">\n\t\t\t\t\t\t<div class=\"elementor-element elementor-element-459e3c5 unicamp-animation-zoom-in elementor-align-center unicamp-team-member-style-01 elementor-widget elementor-widget-tm-team-member\" data-id=\"459e3c5\" data-element_type=\"widget\" data-e-type=\"widget\" data-widget_type=\"tm-team-member.default\">\n\t\t\t\t<div class=\"elementor-widget-container\">\n\t\t\t\t\t\t\t<div class=\"tm-team-member unicamp-box\">\n\n\t\t\t<div class=\"item\">\n\t\t\t\t\t\t\t\t\t<div class=\"photo unicamp-image\">\n\n\n\t\t\t\t\t\t<img loading=\"lazy\" decoding=\"async\"  loading=\"lazy\" src=\"https:\/\/universitetipolis.edu.al\/wp-content\/uploads\/2026\/04\/Manjola-Hoxha_WEB_PHOTO.jpg\" alt=\"Manjola Hoxha_WEB_PHOTO\" width=\"200\" height=\"300\" \/>\n\t\t\t\t\t\t<div class=\"overlay\"><\/div>\n\n\t\t\t\t\t\t\t\t<div class=\"social-networks\">\n\t\t\t<div class=\"inner\">\n\t\t\t\t\t\t\t\t\t<a aria-label=\"Profili Akademik\" class=\"hint--bounce hint--top hint--white\" href=\"https:\/\/universitetipolis.edu.al\/fakultetet-stafi\/manjola-hoxha\/\">\n\t\t\t\t\t\t<span class=\"link-icon fad fa-external-link-alt\"><\/span>\t\t\t\t\t<\/a>\n\t\t\t\t\t\t\t\t<\/div>\n\t\t<\/div>\n\t\t\t\t\t\t\t<\/div>\n\n\t\t\t\t\t<div class=\"info\">\n\t\t\t\t\t\t\t\t\t\t\t\t\t\t\t<div class=\"name-wrap\">\n\t\t\t<h3 class=\"name\">\n\t\t\t\t<a href=\"https:\/\/universitetipolis.edu.al\/fakultetet-stafi\/manjola-hoxha\/\">Dr. Manjola Hoxha <\/a>\t\t\t<\/h3>\n\t\t<\/div>\n\t\t\n\t\t\t\t\t\t\t\t\t\t\t\t\t\t\t<div class=\"position\">Zv. Rektor p\u00ebr \u00c7\u00ebshtjet e Cil\u00ebsis\u00eb dhe Gjith\u00ebp\u00ebrfshirjes<\/div>\n\t\t\t\t\t\t\t\t\t\t\t\t\t\n\t\t\t\t\t\t\t\t\t\t\t<\/div>\n\t\t\t\t\t\t\t<\/div>\n\t\t<\/div>\n\t\t\t\t\t\t<\/div>\n\t\t\t\t<\/div>\n\t\t\t\t\t<\/div>\n\t\t<\/div>\n\t\t\t\t\t<\/div>\n\t\t<\/section>\n\t\t\t\t<\/div>\n\t\t","protected":false},"excerpt":{"rendered":"<p>Rektorati \u00ebsht\u00eb organ kolegjial ekzekutiv i Universitetit POLIS i cili p\u00ebrb\u00ebhet nga: Rektori; Z\u00ebvend\u00ebs-Rektori; Drejtuesit e nj\u00ebsive kryesore; Administratori i Shpk \u2013s\u00eb; Administratori i IAL-s\u00eb; Rektorati kryhesohet nga Rektori dhe ushtron disa funksione kryesore si:a) harton planin strategjik t\u00eb zhvillimit t\u00eb institucionit, mb\u00ebshtetur n\u00eb propozimet e nj\u00ebsive baz\u00eb dhe kryesore t\u00eb Universitetit POLIS. b) zbaton t\u00eb gjitha vendimet e Senatit Akademik dhe t\u00eb Bordit t\u00eb Administrimit. c) harton planin vjetor t\u00eb pun\u00ebs, n\u00eb nivel institucional, n\u00eb p\u00ebrputhje me planin strategjik t\u00eb zhvillimit t\u00eb institucionit dhe ndjek zbatimin e tij pas miratimit nga Senati Akademik. d) shqyrton rezultatet e raporteve t\u00eb vler\u00ebsimit vjetor t\u00eb cil\u00ebsis\u00eb. e) monitoron dhe publikon rezultatet e vler\u00ebsimit t\u00eb veprimtarive t\u00eb Universitetit POLIS. f) harton raportin vjetor t\u00eb veprimtaris\u00eb m\u00ebsimore-k\u00ebrkimore etj. Prof. Dr. Besnik Aliaj Rektor Prof. Asoc. Dr. Sotir Dhamo Administratori i Shpk-s\u00eb Aurel Plasa Administratori i Universitetit Dr. Ledian Bregasi Dekan i Fakultetit Arkitektur\u00eb dhe Dizajn Prof. Asoc. Dr. Llazar Kumaraku Dekan i Fakulteti Planifikim, Mjedis dhe Menaxhim Urban Prof. Asoc. Dr. Sk\u00ebnder Luarasi Dekan i Fakultetit p\u00ebr K\u00ebrkim dhe Zhvillim Dr. Elona Karafili Zv.Rektor p\u00ebr K\u00ebrkimin dhe Nd\u00ebrkomb\u00ebtarizimin Prof. Asoc. Dr. Merita Toska Zv.Rektor p\u00ebr \u00c7\u00ebshtjet Akademike dhe Student\u00ebt Dr. Manjola Hoxha Zv. Rektor p\u00ebr \u00c7\u00ebshtjet e Cil\u00ebsis\u00eb dhe Gjith\u00ebp\u00ebrfshirjes<\/p>\n","protected":false},"author":3,"featured_media":0,"parent":0,"menu_order":0,"comment_status":"closed","ping_status":"closed","template":"","meta":{"footnotes":""},"class_list":["post-4848","page","type-page","status-publish","hentry","post-no-thumbnail"],"_links":{"self":[{"href":"https:\/\/universitetipolis.edu.al\/index.php?rest_route=\/wp\/v2\/pages\/4848","targetHints":{"allow":["GET"]}}],"collection":[{"href":"https:\/\/universitetipolis.edu.al\/index.php?rest_route=\/wp\/v2\/pages"}],"about":[{"href":"https:\/\/universitetipolis.edu.al\/index.php?rest_route=\/wp\/v2\/types\/page"}],"author":[{"embeddable":true,"href":"https:\/\/universitetipolis.edu.al\/index.php?rest_route=\/wp\/v2\/users\/3"}],"replies":[{"embeddable":true,"href":"https:\/\/universitetipolis.edu.al\/index.php?rest_route=%2Fwp%2Fv2%2Fcomments&post=4848"}],"version-history":[{"count":49,"href":"https:\/\/universitetipolis.edu.al\/index.php?rest_route=\/wp\/v2\/pages\/4848\/revisions"}],"predecessor-version":[{"id":31855,"href":"https:\/\/universitetipolis.edu.al\/index.php?rest_route=\/wp\/v2\/pages\/4848\/revisions\/31855"}],"wp:attachment":[{"href":"https:\/\/universitetipolis.edu.al\/index.php?rest_route=%2Fwp%2Fv2%2Fmedia&parent=4848"}],"curies":[{"name":"wp","href":"https:\/\/api.w.org\/{rel}","templated":true}]}}