{"id":4603,"date":"2022-05-26T14:49:24","date_gmt":"2022-05-26T12:49:24","guid":{"rendered":"https:\/\/universitetipolis.edu.al\/?page_id=4603"},"modified":"2025-10-15T11:32:34","modified_gmt":"2025-10-15T09:32:34","slug":"senati-akademik","status":"publish","type":"page","link":"https:\/\/universitetipolis.edu.al\/?page_id=4603","title":{"rendered":"Senati Akademik"},"content":{"rendered":"\t\t<div data-elementor-type=\"wp-page\" data-elementor-id=\"4603\" class=\"elementor elementor-4603\" data-elementor-post-type=\"page\">\n\t\t\t\t\t\t<section class=\"elementor-section elementor-top-section elementor-element elementor-element-6495c7f elementor-section-boxed elementor-section-gap-beside-yes elementor-section-height-default elementor-section-height-default elementor-section-column-vertical-align-stretch\" data-id=\"6495c7f\" data-element_type=\"section\" data-e-type=\"section\">\n\t\t\t\t\t\t<div class=\"elementor-container elementor-column-gap-extended\">\n\t\t\t\t\t<div class=\"elementor-column elementor-col-100 elementor-top-column elementor-element elementor-element-69466da\" data-id=\"69466da\" data-element_type=\"column\" data-e-type=\"column\">\n\t\t\t<div class=\"elementor-widget-wrap elementor-element-populated\">\n\t\t\t\t\t\t<div class=\"elementor-element elementor-element-913f5a5 elementor-widget elementor-widget-text-editor\" data-id=\"913f5a5\" data-element_type=\"widget\" data-e-type=\"widget\" data-widget_type=\"text-editor.default\">\n\t\t\t\t<div class=\"elementor-widget-container\">\n\t\t\t\t\t\t\t\t\t<p>Senati Akademik i Universitetit POLIS \u0451sht\u0451 nj\u0451 bord qeveris\u0451s i institucionit q\u0451 p\u0451rb\u0451het nga 19 persona q\u0451 p\u0451rfaq\u0451sojn\u0451 t\u0451 gjitha nj\u0451sit\u0451, p\u0451rfshir\u00eb\u00a0stafin akademik-k\u00ebrkimor, administrativ dhe student\u0451t.<\/p><p>Senati Akademik kryesohet nga Rektori, Prof. Dr. Besnik Aliaj, dhe funksionon n\u0451 baz\u0451 t\u0451 p\u0451rcaktimeve ligjore mbi arsimin e lart\u0451 n\u0451 Republik\u0451n e Shqip\u00ebris\u0451, si dhe Rregulloren e Universitetit. Senati mblidhet periodikisht gjat\u0451 vitit dhe shqyrton \u00e7\u00ebshtje t\u0451 problematik\u0451s p\u0451rmbajt\u0451sore akademike, shkencore dhe administrative, hapjen e programeve t\u0451 reja dhe mir\u0451funksionimin e tyre, garantimin e cil\u0451sis\u0451 dhe standardeve etj., n\u0451 p\u0451rputhje me misionin dhe vlerat e U_POLIS.<\/p><p>Takimet e Senatit Akademik n\u00eb POLIS jan\u0451 zakonisht t\u0451 hapura p\u0451r t\u00eb gjith\u0451 stafin e Universitetit, pasi p\u0451rmes mbledhjes s\u0451 Senatit Akademik synohet t\u0451 garantohet nj\u0451 qeverisje sa m\u0451 transparente, demokratike dhe gjith\u00ebp\u00ebrfshir\u00ebse.<\/p>\t\t\t\t\t\t\t\t<\/div>\n\t\t\t\t<\/div>\n\t\t\t\t\t<\/div>\n\t\t<\/div>\n\t\t\t\t\t<\/div>\n\t\t<\/section>\n\t\t\t\t<section class=\"elementor-section elementor-top-section elementor-element elementor-element-ae9288a elementor-section-boxed elementor-section-gap-beside-yes elementor-section-height-default elementor-section-height-default elementor-section-column-vertical-align-stretch\" data-id=\"ae9288a\" data-element_type=\"section\" data-e-type=\"section\">\n\t\t\t\t\t\t<div class=\"elementor-container elementor-column-gap-extended\">\n\t\t\t\t\t<div class=\"elementor-column elementor-col-100 elementor-top-column elementor-element elementor-element-89251d2\" data-id=\"89251d2\" data-element_type=\"column\" data-e-type=\"column\">\n\t\t\t<div class=\"elementor-widget-wrap elementor-element-populated\">\n\t\t\t\t\t\t<div class=\"elementor-element elementor-element-bd0289a elementor-widget elementor-widget-text-editor\" data-id=\"bd0289a\" data-element_type=\"widget\" data-e-type=\"widget\" data-widget_type=\"text-editor.default\">\n\t\t\t\t<div class=\"elementor-widget-container\">\n\t\t\t\t\t\t\t\t\t<strong>Antar\u00ebt e Senatit Akademik:<\/strong>\n<table width=\"529\">\n<tbody>\n<tr>\n<td width=\"22\">1<\/td>\n<td width=\"264\">Prof. Dr. Besnik Aliaj<\/td>\n<td width=\"204\">Kryetar<\/td>\n<\/tr>\n<tr>\n<td width=\"22\">2<\/td>\n<td width=\"264\">Prof. Emeritus. Sherif Lushaj<\/td>\n<td width=\"204\">An\u00ebtar<\/td>\n<\/tr>\n<tr>\n<td width=\"22\">3<\/td>\n<td width=\"264\">Prof. Asoc. Dr. Sotir Dhamo<\/td>\n<td width=\"204\">An\u00ebtar<\/td>\n<\/tr>\n<tr>\n<td width=\"22\">4<\/td>\n<td width=\"264\">Prof. Asoc. Dr. Godiva Rembeci<\/td>\n<td width=\"204\">An\u00ebtar<\/td>\n<\/tr>\n<tr>\n<td width=\"22\">5<\/td>\n<td width=\"264\">Prof. Asoc. Dr. Merita Guri<\/td>\n<td width=\"204\">An\u00ebtar<\/td>\n<\/tr>\n<tr>\n<td width=\"22\">6<\/td>\n<td width=\"264\">Prof. Asoc. Dr. Kristaq Gjino<\/td>\n<td width=\"204\">An\u00ebtar<\/td>\n<\/tr>\n<tr>\n<td width=\"22\">7<\/td>\n<td width=\"264\">Prof. Asoc. Dr. Skender Luarasi<\/td>\n<td width=\"204\">An\u00ebtar<\/td>\n<\/tr>\n<tr>\n<td width=\"22\">8<\/td>\n<td width=\"264\">Prof. Asoc. Dr. Merita Toska<\/td>\n<td width=\"204\">An\u00ebtar<\/td>\n<\/tr>\n<tr>\n<td width=\"22\">9<\/td>\n<td width=\"264\">Prof. Asoc. Dr. Llazar Kumaraku<\/td>\n<td width=\"204\">An\u00ebtar<\/td>\n<\/tr>\n<tr>\n<td width=\"22\">10<\/td>\n<td width=\"264\">Dr. Elona Karafili<\/td>\n<td width=\"204\">An\u00ebtar<\/td>\n<\/tr>\n<tr>\n<td width=\"22\">11<\/td>\n<td width=\"264\">Dr. Manjola Hoxha<\/td>\n<td width=\"204\">An\u00ebtar<\/td>\n<\/tr>\n<tr>\n<td width=\"22\">12<\/td>\n<td width=\"264\">Dr. Ledian Bregasi<\/td>\n<td width=\"204\">An\u00ebtar<\/td>\n<\/tr>\n<tr>\n<td width=\"22\">13<\/td>\n<td width=\"264\">Dr. Klodjan Xhexhi<\/td>\n<td width=\"204\">An\u00ebtar<\/td>\n<\/tr>\n<tr>\n<td width=\"22\">14<\/td>\n<td width=\"264\">Dr. Sonia Jojic<\/td>\n<td width=\"204\">An\u00ebtar<\/td>\n<\/tr>\n<tr>\n<td width=\"22\">15<\/td>\n<td width=\"264\">Dr. Malvina Istrefaj<\/td>\n<td width=\"204\">An\u00ebtar<\/td>\n<\/tr>\n<tr>\n<td width=\"22\">16<\/td>\n<td width=\"264\">Dr. Flora Krasniqi<\/td>\n<td width=\"204\">An\u00ebtar<\/td>\n<\/tr>\n<tr>\n<td width=\"22\">17<\/td>\n<td width=\"264\">Kejsi Veselagu<\/td>\n<td width=\"204\">P\u00ebrfaq\u00ebsues i student\u00ebve<\/td>\n<\/tr>\n<tr>\n<td width=\"22\">18<\/td>\n<td width=\"264\">Darlin Taku<\/td>\n<td width=\"204\">P\u00ebrfaq\u00ebsues i student\u00ebve<\/td>\n<\/tr>\n<tr>\n<td width=\"22\">19<\/td>\n<td width=\"264\">Juna Kalaja<\/td>\n<td width=\"204\">P\u00ebrfaq\u00ebsues i student\u00ebve<\/td>\n<\/tr>\n<\/tbody>\n<\/table>\t\t\t\t\t\t\t\t<\/div>\n\t\t\t\t<\/div>\n\t\t\t\t\t<\/div>\n\t\t<\/div>\n\t\t\t\t\t<\/div>\n\t\t<\/section>\n\t\t\t\t<section class=\"elementor-section elementor-top-section elementor-element elementor-element-938250c elementor-section-boxed elementor-section-gap-beside-yes elementor-section-height-default elementor-section-height-default elementor-section-column-vertical-align-stretch\" data-id=\"938250c\" data-element_type=\"section\" data-e-type=\"section\">\n\t\t\t\t\t\t<div class=\"elementor-container elementor-column-gap-extended\">\n\t\t\t\t\t<div class=\"elementor-column elementor-col-100 elementor-top-column elementor-element elementor-element-611dc4a\" data-id=\"611dc4a\" data-element_type=\"column\" data-e-type=\"column\">\n\t\t\t<div class=\"elementor-widget-wrap elementor-element-populated\">\n\t\t\t\t\t\t<div class=\"elementor-element elementor-element-c439b67 elementor-widget elementor-widget-gallery\" data-id=\"c439b67\" data-element_type=\"widget\" data-e-type=\"widget\" data-settings=\"{&quot;columns&quot;:3,&quot;gap&quot;:{&quot;unit&quot;:&quot;px&quot;,&quot;size&quot;:11,&quot;sizes&quot;:[]},&quot;lazyload&quot;:&quot;yes&quot;,&quot;gallery_layout&quot;:&quot;grid&quot;,&quot;columns_tablet&quot;:2,&quot;columns_mobile&quot;:1,&quot;gap_tablet&quot;:{&quot;unit&quot;:&quot;px&quot;,&quot;size&quot;:10,&quot;sizes&quot;:[]},&quot;gap_mobile&quot;:{&quot;unit&quot;:&quot;px&quot;,&quot;size&quot;:10,&quot;sizes&quot;:[]},&quot;link_to&quot;:&quot;file&quot;,&quot;aspect_ratio&quot;:&quot;3:2&quot;,&quot;overlay_background&quot;:&quot;yes&quot;,&quot;content_hover_animation&quot;:&quot;fade-in&quot;}\" data-widget_type=\"gallery.default\">\n\t\t\t\t<div class=\"elementor-widget-container\">\n\t\t\t\t\t\t\t<div class=\"elementor-gallery__container\">\n\t\t\t\t\t\t\t<a class=\"e-gallery-item elementor-gallery-item elementor-animated-content\" href=\"https:\/\/universitetipolis.edu.al\/wp-content\/uploads\/2023\/03\/IMG_0726-scaled.jpg\" data-elementor-open-lightbox=\"yes\" data-elementor-lightbox-slideshow=\"c439b67\" data-elementor-lightbox-title=\"IMG_0726\" data-e-action-hash=\"#elementor-action%3Aaction%3Dlightbox%26settings%3DeyJpZCI6MTk3OTgsInVybCI6Imh0dHBzOlwvXC91bml2ZXJzaXRldGlwb2xpcy5lZHUuYWxcL3dwLWNvbnRlbnRcL3VwbG9hZHNcLzIwMjNcLzAzXC9JTUdfMDcyNi1zY2FsZWQuanBnIiwic2xpZGVzaG93IjoiYzQzOWI2NyJ9\">\n\t\t\t\t\t<div class=\"e-gallery-image elementor-gallery-item__image\" data-thumbnail=\"https:\/\/universitetipolis.edu.al\/wp-content\/uploads\/2023\/03\/IMG_0726-300x200.jpg\" data-width=\"300\" data-height=\"200\" aria-label=\"\" role=\"img\" ><\/div>\n\t\t\t\t\t\t\t\t\t\t\t<div class=\"elementor-gallery-item__overlay\"><\/div>\n\t\t\t\t\t\t\t\t\t\t\t\t\t\t<\/a>\n\t\t\t\t\t\t\t<a class=\"e-gallery-item elementor-gallery-item elementor-animated-content\" href=\"https:\/\/universitetipolis.edu.al\/wp-content\/uploads\/2023\/03\/IMG_2244-1-scaled.jpg\" data-elementor-open-lightbox=\"yes\" data-elementor-lightbox-slideshow=\"c439b67\" data-elementor-lightbox-title=\"IMG_2244\" data-e-action-hash=\"#elementor-action%3Aaction%3Dlightbox%26settings%3DeyJpZCI6MTk4MDAsInVybCI6Imh0dHBzOlwvXC91bml2ZXJzaXRldGlwb2xpcy5lZHUuYWxcL3dwLWNvbnRlbnRcL3VwbG9hZHNcLzIwMjNcLzAzXC9JTUdfMjI0NC0xLXNjYWxlZC5qcGciLCJzbGlkZXNob3ciOiJjNDM5YjY3In0%3D\">\n\t\t\t\t\t<div class=\"e-gallery-image elementor-gallery-item__image\" data-thumbnail=\"https:\/\/universitetipolis.edu.al\/wp-content\/uploads\/2023\/03\/IMG_2244-1-300x200.jpg\" data-width=\"300\" data-height=\"200\" aria-label=\"\" role=\"img\" ><\/div>\n\t\t\t\t\t\t\t\t\t\t\t<div class=\"elementor-gallery-item__overlay\"><\/div>\n\t\t\t\t\t\t\t\t\t\t\t\t\t\t<\/a>\n\t\t\t\t\t\t\t<a class=\"e-gallery-item elementor-gallery-item elementor-animated-content\" href=\"https:\/\/universitetipolis.edu.al\/wp-content\/uploads\/2023\/03\/IMG_6216-scaled.jpg\" data-elementor-open-lightbox=\"yes\" data-elementor-lightbox-slideshow=\"c439b67\" data-elementor-lightbox-title=\"IMG_6216\" data-e-action-hash=\"#elementor-action%3Aaction%3Dlightbox%26settings%3DeyJpZCI6MTk4MDIsInVybCI6Imh0dHBzOlwvXC91bml2ZXJzaXRldGlwb2xpcy5lZHUuYWxcL3dwLWNvbnRlbnRcL3VwbG9hZHNcLzIwMjNcLzAzXC9JTUdfNjIxNi1zY2FsZWQuanBnIiwic2xpZGVzaG93IjoiYzQzOWI2NyJ9\">\n\t\t\t\t\t<div class=\"e-gallery-image elementor-gallery-item__image\" data-thumbnail=\"https:\/\/universitetipolis.edu.al\/wp-content\/uploads\/2023\/03\/IMG_6216-300x200.jpg\" data-width=\"300\" data-height=\"200\" aria-label=\"\" role=\"img\" ><\/div>\n\t\t\t\t\t\t\t\t\t\t\t<div class=\"elementor-gallery-item__overlay\"><\/div>\n\t\t\t\t\t\t\t\t\t\t\t\t\t\t<\/a>\n\t\t\t\t\t\t\t<a class=\"e-gallery-item elementor-gallery-item elementor-animated-content\" href=\"https:\/\/universitetipolis.edu.al\/wp-content\/uploads\/2023\/03\/IMG_7991-scaled.jpg\" data-elementor-open-lightbox=\"yes\" data-elementor-lightbox-slideshow=\"c439b67\" data-elementor-lightbox-title=\"IMG_7991\" data-e-action-hash=\"#elementor-action%3Aaction%3Dlightbox%26settings%3DeyJpZCI6MTk4MDQsInVybCI6Imh0dHBzOlwvXC91bml2ZXJzaXRldGlwb2xpcy5lZHUuYWxcL3dwLWNvbnRlbnRcL3VwbG9hZHNcLzIwMjNcLzAzXC9JTUdfNzk5MS1zY2FsZWQuanBnIiwic2xpZGVzaG93IjoiYzQzOWI2NyJ9\">\n\t\t\t\t\t<div class=\"e-gallery-image elementor-gallery-item__image\" data-thumbnail=\"https:\/\/universitetipolis.edu.al\/wp-content\/uploads\/2023\/03\/IMG_7991-300x200.jpg\" data-width=\"300\" data-height=\"200\" aria-label=\"\" role=\"img\" ><\/div>\n\t\t\t\t\t\t\t\t\t\t\t<div class=\"elementor-gallery-item__overlay\"><\/div>\n\t\t\t\t\t\t\t\t\t\t\t\t\t\t<\/a>\n\t\t\t\t\t\t\t<a class=\"e-gallery-item elementor-gallery-item elementor-animated-content\" href=\"https:\/\/universitetipolis.edu.al\/wp-content\/uploads\/2023\/03\/IMG_8052-1-scaled.jpg\" data-elementor-open-lightbox=\"yes\" data-elementor-lightbox-slideshow=\"c439b67\" data-elementor-lightbox-title=\"IMG_8052\" data-e-action-hash=\"#elementor-action%3Aaction%3Dlightbox%26settings%3DeyJpZCI6MTk4MDYsInVybCI6Imh0dHBzOlwvXC91bml2ZXJzaXRldGlwb2xpcy5lZHUuYWxcL3dwLWNvbnRlbnRcL3VwbG9hZHNcLzIwMjNcLzAzXC9JTUdfODA1Mi0xLXNjYWxlZC5qcGciLCJzbGlkZXNob3ciOiJjNDM5YjY3In0%3D\">\n\t\t\t\t\t<div class=\"e-gallery-image elementor-gallery-item__image\" data-thumbnail=\"https:\/\/universitetipolis.edu.al\/wp-content\/uploads\/2023\/03\/IMG_8052-1-300x200.jpg\" data-width=\"300\" data-height=\"200\" aria-label=\"\" role=\"img\" ><\/div>\n\t\t\t\t\t\t\t\t\t\t\t<div class=\"elementor-gallery-item__overlay\"><\/div>\n\t\t\t\t\t\t\t\t\t\t\t\t\t\t<\/a>\n\t\t\t\t\t\t\t<a class=\"e-gallery-item elementor-gallery-item elementor-animated-content\" href=\"https:\/\/universitetipolis.edu.al\/wp-content\/uploads\/2023\/03\/325725718_3006450939662061_1499569860313030385_n.jpg\" data-elementor-open-lightbox=\"yes\" data-elementor-lightbox-slideshow=\"c439b67\" data-elementor-lightbox-title=\"325725718_3006450939662061_1499569860313030385_n\" data-e-action-hash=\"#elementor-action%3Aaction%3Dlightbox%26settings%3DeyJpZCI6MTk4MDgsInVybCI6Imh0dHBzOlwvXC91bml2ZXJzaXRldGlwb2xpcy5lZHUuYWxcL3dwLWNvbnRlbnRcL3VwbG9hZHNcLzIwMjNcLzAzXC8zMjU3MjU3MThfMzAwNjQ1MDkzOTY2MjA2MV8xNDk5NTY5ODYwMzEzMDMwMzg1X24uanBnIiwic2xpZGVzaG93IjoiYzQzOWI2NyJ9\">\n\t\t\t\t\t<div class=\"e-gallery-image elementor-gallery-item__image\" data-thumbnail=\"https:\/\/universitetipolis.edu.al\/wp-content\/uploads\/2023\/03\/325725718_3006450939662061_1499569860313030385_n-300x190.jpg\" data-width=\"300\" data-height=\"190\" aria-label=\"\" role=\"img\" ><\/div>\n\t\t\t\t\t\t\t\t\t\t\t<div class=\"elementor-gallery-item__overlay\"><\/div>\n\t\t\t\t\t\t\t\t\t\t\t\t\t\t<\/a>\n\t\t\t\t\t<\/div>\n\t\t\t\t\t<\/div>\n\t\t\t\t<\/div>\n\t\t\t\t\t<\/div>\n\t\t<\/div>\n\t\t\t\t\t<\/div>\n\t\t<\/section>\n\t\t\t\t<\/div>\n\t\t","protected":false},"excerpt":{"rendered":"<p>Senati Akademik i Universitetit POLIS \u0451sht\u0451 nj\u0451 bord qeveris\u0451s i institucionit q\u0451 p\u0451rb\u0451het nga 19 persona q\u0451 p\u0451rfaq\u0451sojn\u0451 t\u0451 gjitha nj\u0451sit\u0451, p\u0451rfshir\u00eb\u00a0stafin akademik-k\u00ebrkimor, administrativ dhe student\u0451t. Senati Akademik kryesohet nga Rektori, Prof. Dr. Besnik Aliaj, dhe funksionon n\u0451 baz\u0451 t\u0451 p\u0451rcaktimeve ligjore mbi arsimin e lart\u0451 n\u0451 Republik\u0451n e Shqip\u00ebris\u0451, si dhe Rregulloren e Universitetit. Senati mblidhet periodikisht gjat\u0451 vitit dhe shqyrton \u00e7\u00ebshtje t\u0451 problematik\u0451s p\u0451rmbajt\u0451sore akademike, shkencore dhe administrative, hapjen e programeve t\u0451 reja dhe mir\u0451funksionimin e tyre, garantimin e cil\u0451sis\u0451 dhe standardeve etj., n\u0451 p\u0451rputhje me misionin dhe vlerat e U_POLIS. Takimet e Senatit Akademik n\u00eb POLIS jan\u0451 zakonisht t\u0451 hapura p\u0451r t\u00eb gjith\u0451 stafin e Universitetit, pasi p\u0451rmes mbledhjes s\u0451 Senatit Akademik synohet t\u0451 garantohet nj\u0451 qeverisje sa m\u0451 transparente, demokratike dhe gjith\u00ebp\u00ebrfshir\u00ebse. Antar\u00ebt e Senatit Akademik: 1 Prof. Dr. Besnik Aliaj Kryetar 2 Prof. Emeritus. Sherif Lushaj An\u00ebtar 3 Prof. Asoc. Dr. Sotir Dhamo An\u00ebtar 4 Prof. Asoc. Dr. Godiva Rembeci An\u00ebtar 5 Prof. Asoc. Dr. Merita Guri An\u00ebtar 6 Prof. Asoc. Dr. Kristaq Gjino An\u00ebtar 7 Prof. Asoc. Dr. Skender Luarasi An\u00ebtar 8 Prof. Asoc. Dr. Merita Toska An\u00ebtar 9 Prof. Asoc. Dr. Llazar Kumaraku An\u00ebtar 10 Dr. Elona Karafili An\u00ebtar 11 Dr. Manjola Hoxha An\u00ebtar 12 Dr. Ledian Bregasi An\u00ebtar 13 Dr. Klodjan Xhexhi An\u00ebtar 14 Dr. Sonia Jojic An\u00ebtar 15 Dr. Malvina Istrefaj An\u00ebtar 16 Dr. Flora Krasniqi An\u00ebtar 17 Kejsi Veselagu P\u00ebrfaq\u00ebsues i student\u00ebve 18 Darlin Taku P\u00ebrfaq\u00ebsues i student\u00ebve 19 Juna Kalaja P\u00ebrfaq\u00ebsues i student\u00ebve<\/p>\n","protected":false},"author":6,"featured_media":0,"parent":0,"menu_order":0,"comment_status":"closed","ping_status":"closed","template":"","meta":{"footnotes":""},"class_list":["post-4603","page","type-page","status-publish","hentry","post-no-thumbnail"],"_links":{"self":[{"href":"https:\/\/universitetipolis.edu.al\/index.php?rest_route=\/wp\/v2\/pages\/4603","targetHints":{"allow":["GET"]}}],"collection":[{"href":"https:\/\/universitetipolis.edu.al\/index.php?rest_route=\/wp\/v2\/pages"}],"about":[{"href":"https:\/\/universitetipolis.edu.al\/index.php?rest_route=\/wp\/v2\/types\/page"}],"author":[{"embeddable":true,"href":"https:\/\/universitetipolis.edu.al\/index.php?rest_route=\/wp\/v2\/users\/6"}],"replies":[{"embeddable":true,"href":"https:\/\/universitetipolis.edu.al\/index.php?rest_route=%2Fwp%2Fv2%2Fcomments&post=4603"}],"version-history":[{"count":12,"href":"https:\/\/universitetipolis.edu.al\/index.php?rest_route=\/wp\/v2\/pages\/4603\/revisions"}],"predecessor-version":[{"id":29386,"href":"https:\/\/universitetipolis.edu.al\/index.php?rest_route=\/wp\/v2\/pages\/4603\/revisions\/29386"}],"wp:attachment":[{"href":"https:\/\/universitetipolis.edu.al\/index.php?rest_route=%2Fwp%2Fv2%2Fmedia&parent=4603"}],"curies":[{"name":"wp","href":"https:\/\/api.w.org\/{rel}","templated":true}]}}