{"id":4151,"date":"2022-05-13T11:02:57","date_gmt":"2022-05-13T09:02:57","guid":{"rendered":"https:\/\/universitetipolis.edu.al\/?page_id=4151"},"modified":"2022-09-27T10:27:00","modified_gmt":"2022-09-27T08:27:00","slug":"mireseardhja-e-rektorit","status":"publish","type":"page","link":"https:\/\/universitetipolis.edu.al\/?page_id=4151","title":{"rendered":"Mir\u00ebseardhja e Rektorit"},"content":{"rendered":"\t\t<div data-elementor-type=\"wp-page\" data-elementor-id=\"4151\" class=\"elementor elementor-4151\" data-elementor-post-type=\"page\">\n\t\t\t\t\t\t<section class=\"elementor-section elementor-top-section elementor-element elementor-element-f7eaa60 elementor-section-boxed elementor-section-gap-beside-yes elementor-section-height-default elementor-section-height-default elementor-section-column-vertical-align-stretch\" data-id=\"f7eaa60\" data-element_type=\"section\" data-e-type=\"section\">\n\t\t\t\t\t\t<div class=\"elementor-container elementor-column-gap-extended\">\n\t\t\t\t\t<div class=\"elementor-column elementor-col-50 elementor-top-column elementor-element elementor-element-3dceab2\" data-id=\"3dceab2\" data-element_type=\"column\" data-e-type=\"column\">\n\t\t\t<div class=\"elementor-widget-wrap elementor-element-populated\">\n\t\t\t\t\t\t<div class=\"elementor-element elementor-element-ad0c2e2 elementor-widget elementor-widget-text-editor\" data-id=\"ad0c2e2\" data-element_type=\"widget\" data-e-type=\"widget\" data-widget_type=\"text-editor.default\">\n\t\t\t\t<div class=\"elementor-widget-container\">\n\t\t\t\t\t\t\t\t\t<p>T\u00eb nderuar vizitor\u00eb t\u00eb faqes son\u00eb,<\/p><p>Shoq\u00ebria shqiptare sot p\u00ebrballet me disa sfida madhore, ku edukimi i brezave t\u00eb rinj dhe promovimi i shkenc\u00ebs dhe inovacionit jan\u00eb motor\u00eb jetik\u00eb t\u00eb stabilitetit dhe progresit social, ekonomik dhe politik. N\u00eb k\u00ebt\u00eb kontekst dinamik dhe gjithmon\u00eb e m\u00eb kompleks, pas 3 dekadash performance t\u00eb suksesshme t\u00eb origjin\u00ebs son\u00eb institucionale \u201cInstitutit\u00a0Co-PLAN\u201d, dhe gati dy dekada funksionim t\u00eb Universitetit ton\u00eb, tashm\u00eb mund t\u00eb themi pa asnj\u00eb hezitim se POLIS g\u00ebzon n\u00eb opinionin publik reputacionin e nj\u00eb institucioni cil\u00ebsor arsimor-k\u00ebrkimor, i cili \u00ebsht\u00eb i mir\u00eb-fokusuar dhe ka vizionin e statusin plot\u00ebsisht t\u00eb merituar \u201cUniversitet\u201d! <br \/>Ne p\u00ebrfaq\u00ebsojm\u00eb k\u00ebshtu si institucion, n\u00eb nj\u00eb m\u00ebnyr\u00eb ose tjetr\u00ebn, historin\u00eb e transformimeve dramatike q\u00eb kan\u00eb ndodhur n\u00eb Shqip\u00ebrin\u00eb moderne q\u00eb pas r\u00ebnies s\u00eb Murit t\u00eb Berlinit. <br \/>U_POLIS \u00ebsht\u00eb n\u00eb vetvete nj\u00eb sinergji konstruktive midis shoq\u00ebris\u00eb n\u00eb t\u00ebr\u00ebsi, institucioneve publike, sip\u00ebrmarrjes private dhe nje \u201cpool-i\u201d ekspert\u00ebsh idealist\u00eb; sinergji e cila ka promovuar nj\u00eb model alternativ t\u00eb pavarur p\u00ebr arsimin dhe k\u00ebrkimin shkencor n\u00eb kushtet specifike t\u00eb Shqip\u00ebris\u00eb, e cila synon nj\u00eb vizion integrimi me komunitetin e vendeve t\u00eb zhvilluara evropiane.\u00a0<\/p>\t\t\t\t\t\t\t\t<\/div>\n\t\t\t\t<\/div>\n\t\t\t\t\t<\/div>\n\t\t<\/div>\n\t\t\t\t<div class=\"elementor-column elementor-col-50 elementor-top-column elementor-element elementor-element-9a2762a\" data-id=\"9a2762a\" data-element_type=\"column\" data-e-type=\"column\">\n\t\t\t<div class=\"elementor-widget-wrap elementor-element-populated\">\n\t\t\t\t\t\t<div class=\"elementor-element elementor-element-2f3475e elementor-widget elementor-widget-image\" data-id=\"2f3475e\" data-element_type=\"widget\" data-e-type=\"widget\" data-widget_type=\"image.default\">\n\t\t\t\t<div class=\"elementor-widget-container\">\n\t\t\t\t\t\t\t\t\t\t\t\t\t\t\t<img decoding=\"async\" src=\"https:\/\/universitetipolis.edu.al\/wp-content\/uploads\/elementor\/thumbs\/besnik-aliaj-1-scaled-pvddn55bq6z4s5sn8z8pa5ilrtgtbi9jdwyhqyepx8.jpg\" title=\"besnik-aliaj\" alt=\"besnik-aliaj\" loading=\"lazy\" \/>\t\t\t\t\t\t\t\t\t\t\t\t\t\t\t<\/div>\n\t\t\t\t<\/div>\n\t\t\t\t<div class=\"elementor-element elementor-element-ed786c9 elementor-widget elementor-widget-text-editor\" data-id=\"ed786c9\" data-element_type=\"widget\" data-e-type=\"widget\" data-widget_type=\"text-editor.default\">\n\t\t\t\t<div class=\"elementor-widget-container\">\n\t\t\t\t\t\t\t\t\t<p>Prof. Dr. Besnik Aliaj\u00a0 \u00a0|\u00a0 \u00a0Rektor U_POLIS\u00a0 \u00a0|\u00a0 \u00a0Tiran\u00eb, Albania<\/p>\t\t\t\t\t\t\t\t<\/div>\n\t\t\t\t<\/div>\n\t\t\t\t\t<\/div>\n\t\t<\/div>\n\t\t\t\t\t<\/div>\n\t\t<\/section>\n\t\t\t\t<section class=\"elementor-section elementor-top-section elementor-element elementor-element-c1be928 elementor-section-boxed elementor-section-gap-beside-yes elementor-section-height-default elementor-section-height-default elementor-section-column-vertical-align-stretch\" data-id=\"c1be928\" data-element_type=\"section\" data-e-type=\"section\">\n\t\t\t\t\t\t<div class=\"elementor-container elementor-column-gap-extended\">\n\t\t\t\t\t<div class=\"elementor-column elementor-col-100 elementor-top-column elementor-element elementor-element-c8262d4\" data-id=\"c8262d4\" data-element_type=\"column\" data-e-type=\"column\">\n\t\t\t<div class=\"elementor-widget-wrap elementor-element-populated\">\n\t\t\t\t\t\t<div class=\"elementor-element elementor-element-fdc8a96 elementor-widget elementor-widget-text-editor\" data-id=\"fdc8a96\" data-element_type=\"widget\" data-e-type=\"widget\" data-widget_type=\"text-editor.default\">\n\t\t\t\t<div class=\"elementor-widget-container\">\n\t\t\t\t\t\t\t\t\t<p>N\u00eb POLIS ne besojm\u00eb fort se procesi i edukimit \u00ebsht\u00eb mision, \u00ebsht\u00eb p\u00ebrgjegj\u00ebsi sociale, dhe nj\u00eb p\u00ebrpjekje e p\u00ebrbashk\u00ebt e shoq\u00ebris\u00eb, ku natyrisht ne si institucion akademik-k\u00ebkimor kemi p\u00ebrgjegj\u00ebsin kryesore!\u00a0<br \/>Frym\u00ebzimi, hulumtimi, thellimi, t\u00eb menduarit pozitiv dhe sfida ndaj realitetit, jan\u00eb disa nga principet kryesore ku ne mb\u00ebshtetemi n\u00eb procesin e edukimit. Krahas aktivitetit akademik, U_POLIS zhvillon denj\u00ebsisht edhe k\u00ebrkim shkencor dhe aplikativ; aktivitete t\u00eb konsulenc\u00ebs, zhvillimit e inovacionit; aktiviz\u00ebm social dhe nisma me interes publik. N\u00eb fakt POLIS \u00ebsht\u00eb nj\u00eb universitet thell\u00ebsisht alternativ, sidomos prej origjin\u00ebs dhe trash\u00ebgimis\u00eb q\u00eb ka nga l\u00ebvizja profesionalo-qytetare e Co-PLAN; l\u00ebvizje q\u00eb sot bashk\u00eb me POLIS synon t\u00eb sjell\u00eb nj\u00eb frym\u00eb t\u00eb re n\u00eb profesionet e artit, dizjanit dhe arkitektur\u00ebs; shkencave t\u00eb inxhinieris\u00eb; si dhe t\u00eb ekspertiz\u00ebs s\u00eb zhvillimit t\u00eb vendbanimeve dhe t\u00eb territorit. Jo rast\u00ebsisht shpesh kemi q\u00ebn\u00eb pjes\u00eb aktive e ekipeve p\u00ebr hartimin e reformave t\u00eb zhvillimit n\u00eb vend. \u00a0<\/p><p>N\u00eb POLIS ne sjellim s\u00eb bashku n\u00eb nj\u00eb t\u00eb vetme tre komponente themeltare: kreativitetin, teknologjin\u00eb, dhe shpirtin e sip\u00ebrmarrjes dhe lidershipit. P\u00ebr k\u00ebt\u00eb q\u00ebllim POLIS ka dizenjuar nj\u00eb \u201cmenu\u201d t\u00eb pasur, por t\u00eb fokusuar, programesh dhe specialitetesh akademike n\u00eb t\u00eb 4 nivelet e spektrit edukues (profesionale-postsekondare, universitare bachelor dhe master, dhe pasuniversitare-doktorale). K\u00ebto programe ofrohen si me koh\u00eb t\u00eb zgjatur edhe t\u00eb plot\u00eb, duke ju p\u00ebrshtatur nevojave t\u00eb student\u00ebve, shoq\u00ebris\u00eb dhe institucioneve. Universiteti POLIS \u00ebsht\u00eb n\u00ebnshkruesi i par\u00eb e \u201cKart\u00ebs s\u00eb Bolonj\u00ebs\u201d n\u00eb vend, dhe ka kaluar me sukses t\u00eb gjitha testet dhe vler\u00ebsimet e konformitetit ligjor dhe t\u00eb cil\u00ebsis\u00eb. \u00cbsht\u00eb nd\u00ebr institucionet e pakta t\u00eb arsimit t\u00eb lart\u00eb n\u00eb vend q\u00eb ka plot\u00ebsuar me sukses dhe n\u00eb afat t\u00eb gjitha procest e akreditimit instititucional dhe programor brenda vendit, dhe tashm\u00eb ka edhe akreditime n\u00eb nivel nd\u00ebrkomb\u00ebtar (QAA). Ne kemi patur dhe kemi diploma t\u00eb p\u00ebrbashk\u00ebta dhe standard respektiv me disa universitete evropiane, dhe nj\u00eb program nd\u00ebrkomb\u00ebtar unikal doktoral si \u201cdiplom\u00eb e dyfisht\u00eb\u201d.<\/p><p>P\u00ebrve\u00e7se n\u00eb rajon dhe n\u00eb vend, POLIS ka nj\u00eb njohje mjaft t\u00eb mir\u00eb dhe nd\u00ebrkomb\u00ebtare, dhe \u00ebsht\u00eb an\u00ebtar\u00ebsuar nd\u00ebrkoh\u00eb n\u00eb mjaft rrjete universitare e profesionale evropiane t\u00eb fushave ku operon. Krahas an\u00ebtar\u00ebsimeve, kemi marr\u00ebveshje e partneritet t\u00eb preksh\u00ebm me institucione t\u00eb shquara evropiane, p\u00ebrfshi programe dhe projekte t\u00eb p\u00ebrbashk\u00ebta. Ne kemi\u00a0nj\u00eb partneritet tashm\u00eb historik me Universitetin e Ferrar\u00ebs dhe Sapienz\u00ebs, Itali, IHS-Erasmus University Rotterdam n\u00eb Holand\u00eb, Universitetin e Minhos, Portugali, Politeknikun e Bratislav\u00ebs n\u00eb Sllovaki, Bauhaus-Anhalt University, Gjermani, dhe nj\u00eb rrjet partner\u00ebsh e kontaktesh n\u00eb Ballkan, n\u00eb vendet e tjera t\u00eb BE-s\u00eb, n\u00eb USA dhe n\u00eb Kin\u00eb.<\/p><p>P\u00ebr t\u00eb mund\u00ebsuar objektivat e veta dhe misionin e tij, POLIS synon t\u00eb krijoj\u00eb nj\u00eb lidership t\u00eb qart\u00eb profesional e qytetar p\u00ebr shkencat e qytetit dhe territorit, gj\u00eb q\u00eb mund\u00ebson hap\u00ebsira sa m\u00eb t\u00eb jetueshme; qytete m\u00eb t\u00eb barabarta dhe territor m\u00eb t\u00eb q\u00ebndrueshem n\u00eb koh\u00eb; si dhe nj\u00eb shije e estetik\u00eb publike q\u00eb edukon vet\u00eb shoq\u00ebrin\u00eb. Fokusimi i shkoll\u00ebs \u00ebsht\u00eb nj\u00eb arm\u00eb e fort\u00eb e jona. Nd\u00ebrkoh\u00eb stafi akademik dhe k\u00ebrkues n\u00eb U_POLIS nuk pretendon kurr\u00eb se njeh \u201ct\u00eb v\u00ebrtet\u00ebn absolute\u201d, por modestia dhe pavar\u00ebsia e tyre respektohet n\u00eb maksimum nga komuniteti studentor. N\u00eb konceptin ton\u00eb t\u00eb p\u00ebrbashk\u00ebt, pedagogu i mir\u00eb \u00ebsht\u00eb nj\u00eb nd\u00ebrmjet\u00ebs me p\u00ebrvoj\u00eb midis studentit dhe t\u00eb v\u00ebrtet\u00ebs, gj\u00eb q\u00eb secili e zbulon sipas m\u00ebnyr\u00ebs s\u00eb tij, e natyrisht, me ndihm\u00ebn profesionale t\u00eb ekipit ton\u00eb t\u00eb kualifikuar. Dhe kjo nuk \u00ebsht\u00eb rast\u00ebsore: sot 1\/3 e stafit n\u00eb POLIS jan\u00eb staf nd\u00ebrkomb\u00ebtar, 1\/3 jan\u00eb staf i diplomuar n\u00eb universitete nga m\u00eb t\u00eb mira t\u00eb BE-s\u00eb dhe Amerik\u00ebs s\u00eb Veriut, nd\u00ebrsa pjesa tjet\u00ebr p\u00ebrfaq\u00ebson absolutisht tradit\u00ebn dhe ekspertiz\u00ebn m\u00eb t\u00eb mir\u00eb vendase, n\u00eb fushat tona t\u00eb interesit! Kjo sinergji ka dh\u00ebn\u00eb rezultat! Por ne mbetemi t\u00eb hapur maksimalisht ndaj koncepteve dhe ideve t\u00eb reja, alternative dhe sa m\u00eb bashk\u00ebkohore.<\/p><p>Kjo \u00ebsht\u00eb arsyeja pse student\u00ebt dhe k\u00ebrkuesit n\u00eb Universitetin POLIS vijn\u00eb me frym\u00ebzimin p\u00ebr t\u00eb ndryshuar dhe p\u00ebrmir\u00ebsuar \u201cbot\u00ebn\u201d dhe jan\u00eb t\u00eb gatsh\u00ebm p\u00ebr t\u00eb eksperimentuar me idet\u00eb e tyre. \u00cbsht\u00eb detyra jon\u00eb t\u2019i l\u00ebm\u00eb krah t\u00eb lir\u00eb k\u00ebsaj imagjinate dhe t\u2019i leht\u00ebsojm\u00eb m\u00eb tej p\u00ebr t\u00eb kap\u00ebrcyer barrierat konceptuale e kulturore. T\u2019i stimulojm\u00eb q\u00eb t\u00eb kap\u00ebrcejn\u00eb n\u00eb nj\u00eb dimension t\u00eb ri e t\u00eb panjohur drejt nd\u00ebrkomb\u00ebtarizimit dhe ekspozimit global, i cili nxit aft\u00ebsit\u00eb e tyre eksploruese profesionale dhe kreativitetin pa kufij. K\u00ebta student\u00eb dhe k\u00ebrkues \u00a0sjellin me vete sfondin kulturor nga kontekste t\u00eb ndryshme t\u00eb t\u00eb gjitha rajoneve t\u00eb Shqip\u00ebris\u00eb, t\u00eb rajonit Ballkanik, apo edhe nga vende t\u00eb tjera.<\/p><p>Sa i takon infrastruktur\u00ebs, POLIS \u00ebsht\u00eb vendosur n\u00eb nj\u00eb kampus kompakt i cili \u00e7on edhe m\u00eb p\u00ebrtej konceptin e Polis-it si nj\u00eb \u201cqytet br\u00ebnda qytetit\u201d dhe \u201cqytet br\u00ebnda nd\u00ebrtes\u00ebs\u201d. N\u00eb k\u00ebt\u00eb kampus ne kemi shum\u00ebfishuar sip\u00ebrfaqen m\u00ebsimore, sikurse kemi shtuar hap\u00ebsira publike dhe leht\u00ebsira t\u00eb tjera n\u00eb nj\u00eb object infrastrukturor q\u00eb p\u00ebrb\u00ebn nj\u00eb origjinalitet p\u00ebr konceptimin pragamtik t\u00eb arkitektur\u00ebs, eficienc\u00ebs energjitike dhe konstruksionin e shkollave n\u00eb p\u00ebrgjith\u00ebsi. Nuk mund t\u00eb ishte ndryshe pasi n\u00eb k\u00ebt\u00eb projekt t\u00eb studios son\u00eb \u201cMetro_POLIS\u201d \u00ebsht\u00eb derdhur dashuria, fantazia, energjia e mir\u00eb e stafit dhe e student\u00ebve q\u00eb nga konceptimi n\u00eb projektim, e deri n\u00eb zbatim. \u00c7do detaj n\u00eb POLIS, duke filluar q\u00eb nga ambientet dhe fryma q\u00eb u p\u00ebr\u00e7ohet student\u00ebve, p\u00ebrfshirja n\u00eb eksperienca nd\u00ebrkomb\u00ebtare, p\u00ebrzgjedhja e stafit vendas e t\u00eb huaj, praktikat m\u00ebsimore, p\u00ebrb\u00ebjn\u00eb nj\u00eb katalizator t\u00eb diversitetit dhe liris\u00eb s\u00eb mendimit.<\/p><p>Strategjia e zhvillimit t\u00eb Universitetit ton\u00eb \u00ebsht\u00eb e nd\u00ebrtuar pik\u00ebrisht mbi angazhimin p\u00ebr rritjen e cil\u00ebsis\u00eb akademiko-k\u00ebrkimore, nd\u00ebrkomb\u00ebtarizimin, dhe fokusimin n\u00eb zhvillim e inovacion. K\u00ebto p\u00ebrpjekje mb\u00ebshteten nga k\u00ebrkimi shkencor sidomos programi Doktoral; organizimi i bienaleve nd\u00ebrkomb\u00ebtare te arkitektures\u00a0(<a href=\"https:\/\/tiranaarchitectureweek.com\/\">TAW\u00a0<\/a>) dhe dizajnit\u00a0(<a href=\"http:\/\/tiranadesignweek.com\/\">TDW<\/a>); Dit\u00ebt e Tok\u00ebs dhe Mjedisit; Hackathons e Bootcamps p\u00ebr teknologjin\u00eb dhe sip\u00ebrmarrjen; Aktivitetet sociale-kultorore-sportive, etj. Ngritja e nj\u00ebsis\u00eb s\u00eb botimit POLISPress apo e nj\u00ebsis\u00eb \u201cIF-Innovation Factory\u201d, me nj\u00eb s\u00ebr\u00eb laboratoresh n\u00eb konsolidim; shk\u00ebmbimi i njohurive me pedagog\u00eb, studiues e akademik\u00eb t\u00eb cil\u00ebt vijn\u00eb nga universitetet partnere n\u00eb Evrop\u00eb dhe SHBA; ekspozimi semestral i student\u00ebve n\u00eb vende t\u00eb BE-s\u00eb, p\u00ebrmir\u00ebsimi periodik i programeve akademike; dhe lidhjen me teknologjit\u00eb inovatore p\u00ebr t\u2019iu p\u00ebrgjigjur nevojave t\u00eb tregut t\u00eb pun\u00ebs e sfidave t\u00eb shoq\u00ebris\u00eb, etj, jan\u00eb arritje t\u00eb drejtep\u00ebrdrejta, sidomos t\u00eb sinergjis\u00eb midis themeluesve, drejtuesve, dhe Nj\u00ebsis\u00eb son\u00eb t\u00eb Projekteve, q\u00eb \u00ebsht\u00eb\u00a0 nj\u00eb nga q\u00ebndrat e ekselenc\u00ebs n\u00eb vend p\u00ebr zhvillim, mobilizim, financim dhe zbatim e raportim t\u00eb projekteve Evropiane (Erasmus, Horizon, Creative Europe, IPA, EU4Innovation, etj) dhe bilaterale (me Itali, Austri, Holand\u00eb, Gjermani, etj).<\/p><p>\u00cbsht\u00eb sfida jon\u00eb q\u00eb t\u00eb mbajm\u00eb lart shpirtin qytetar dhe at\u00eb krijues t\u00eb stafit akademik e k\u00ebrkimor, dhe t\u00eb student\u00ebve tan\u00eb n\u00eb \u00e7do fush\u00eb t\u00eb studimit n\u00eb Universitetin POLIS. \u00cbsht\u00eb sfida jon\u00eb q\u00eb t\u00eb jemi pjes\u00eb reale dhe e dobishme e shoq\u00ebris\u00eb. Jo rast\u00ebsisht kurba jon\u00eb e zhvillimit institucional dhe \u201cenrollments\u201d nuk kan\u00eb patur volatilitet, por vet\u00ebm stabilitet dhe ngjitje inkrementale e t\u00eb kujdesshme p\u00ebr t\u00eb q\u00ebn\u00eb sa m\u00eb t\u00eb q\u00ebndruesh\u00ebm dhe rezilient ndaj sfidave t\u00eb zhvillimit lokal e global.<\/p><p>Nd\u00ebrkoh\u00eb q\u00eb ju ftojm\u00eb edhe ju t\u00eb b\u00ebheni pjes\u00eb e k\u00ebsaj hap\u00ebsire t\u00eb lir\u00eb p\u00ebr mendim. Ju ftojm\u00eb t\u00eb ndajm\u00eb s\u00eb bashku p\u00ebrgjegj\u00ebsin\u00eb sociale q\u00eb na karakterizon dhe dallon.<\/p><p>POLIS nuk \u00ebsht\u00eb nj\u00eb hap\u00ebsire vet\u00ebm p\u00ebr ata q\u00eb kan\u00eb mund\u00ebsi, por nj\u00eb mision p\u00ebr t\u00eb identifikuar cil\u00ebsin\u00eb dhe talentin, p\u00ebrtej sfondit kulturor ekonomik dhe politik nga vijm\u00eb secili prej nesh!<\/p>\t\t\t\t\t\t\t\t<\/div>\n\t\t\t\t<\/div>\n\t\t\t\t\t<\/div>\n\t\t<\/div>\n\t\t\t\t\t<\/div>\n\t\t<\/section>\n\t\t\t\t<\/div>\n\t\t","protected":false},"excerpt":{"rendered":"<p>T\u00eb nderuar vizitor\u00eb t\u00eb faqes son\u00eb, Shoq\u00ebria shqiptare sot p\u00ebrballet me disa sfida madhore, ku edukimi i brezave t\u00eb rinj dhe promovimi i shkenc\u00ebs dhe inovacionit jan\u00eb motor\u00eb jetik\u00eb t\u00eb stabilitetit dhe progresit social, ekonomik dhe politik. N\u00eb k\u00ebt\u00eb kontekst dinamik dhe gjithmon\u00eb e m\u00eb kompleks, pas 3 dekadash performance t\u00eb suksesshme t\u00eb origjin\u00ebs son\u00eb institucionale \u201cInstitutit\u00a0Co-PLAN\u201d, dhe gati dy dekada funksionim t\u00eb Universitetit ton\u00eb, tashm\u00eb mund t\u00eb themi pa asnj\u00eb hezitim se POLIS g\u00ebzon n\u00eb opinionin publik reputacionin e nj\u00eb institucioni cil\u00ebsor arsimor-k\u00ebrkimor, i cili \u00ebsht\u00eb i mir\u00eb-fokusuar dhe ka vizionin e statusin plot\u00ebsisht t\u00eb merituar \u201cUniversitet\u201d! Ne p\u00ebrfaq\u00ebsojm\u00eb k\u00ebshtu si institucion, n\u00eb nj\u00eb m\u00ebnyr\u00eb ose tjetr\u00ebn, historin\u00eb e transformimeve dramatike q\u00eb kan\u00eb ndodhur n\u00eb Shqip\u00ebrin\u00eb moderne q\u00eb pas r\u00ebnies s\u00eb Murit t\u00eb Berlinit. U_POLIS \u00ebsht\u00eb n\u00eb vetvete nj\u00eb sinergji konstruktive midis shoq\u00ebris\u00eb n\u00eb t\u00ebr\u00ebsi, institucioneve publike, sip\u00ebrmarrjes private dhe nje \u201cpool-i\u201d ekspert\u00ebsh idealist\u00eb; sinergji e cila ka promovuar nj\u00eb model alternativ t\u00eb pavarur p\u00ebr arsimin dhe k\u00ebrkimin shkencor n\u00eb kushtet specifike t\u00eb Shqip\u00ebris\u00eb, e cila synon nj\u00eb vizion integrimi me komunitetin e vendeve t\u00eb zhvilluara evropiane.\u00a0 Prof. Dr. Besnik Aliaj\u00a0 \u00a0|\u00a0 \u00a0Rektor U_POLIS\u00a0 \u00a0|\u00a0 \u00a0Tiran\u00eb, Albania N\u00eb POLIS ne besojm\u00eb fort se procesi i edukimit \u00ebsht\u00eb mision, \u00ebsht\u00eb p\u00ebrgjegj\u00ebsi sociale, dhe nj\u00eb p\u00ebrpjekje e p\u00ebrbashk\u00ebt e shoq\u00ebris\u00eb, ku natyrisht ne si institucion akademik-k\u00ebkimor kemi p\u00ebrgjegj\u00ebsin kryesore!\u00a0Frym\u00ebzimi, hulumtimi, thellimi, t\u00eb menduarit pozitiv dhe sfida ndaj realitetit, jan\u00eb disa nga principet kryesore ku ne mb\u00ebshtetemi n\u00eb procesin e edukimit. Krahas aktivitetit akademik, U_POLIS zhvillon denj\u00ebsisht edhe k\u00ebrkim shkencor dhe aplikativ; aktivitete t\u00eb konsulenc\u00ebs, zhvillimit e inovacionit; aktiviz\u00ebm social dhe nisma me interes publik. N\u00eb fakt POLIS \u00ebsht\u00eb nj\u00eb universitet thell\u00ebsisht alternativ, sidomos prej origjin\u00ebs dhe trash\u00ebgimis\u00eb q\u00eb ka nga l\u00ebvizja profesionalo-qytetare e Co-PLAN; l\u00ebvizje q\u00eb sot bashk\u00eb me POLIS synon t\u00eb sjell\u00eb nj\u00eb frym\u00eb t\u00eb re n\u00eb profesionet e artit, dizjanit dhe arkitektur\u00ebs; shkencave t\u00eb inxhinieris\u00eb; si dhe t\u00eb ekspertiz\u00ebs s\u00eb zhvillimit t\u00eb vendbanimeve dhe t\u00eb territorit. Jo rast\u00ebsisht shpesh kemi q\u00ebn\u00eb pjes\u00eb aktive e ekipeve p\u00ebr hartimin e reformave t\u00eb zhvillimit n\u00eb vend. \u00a0 N\u00eb POLIS ne sjellim s\u00eb bashku n\u00eb nj\u00eb t\u00eb vetme tre komponente themeltare: kreativitetin, teknologjin\u00eb, dhe shpirtin e sip\u00ebrmarrjes dhe lidershipit. P\u00ebr k\u00ebt\u00eb q\u00ebllim POLIS ka dizenjuar nj\u00eb \u201cmenu\u201d t\u00eb pasur, por t\u00eb fokusuar, programesh dhe specialitetesh akademike n\u00eb t\u00eb 4 nivelet e spektrit edukues (profesionale-postsekondare, universitare bachelor dhe master, dhe pasuniversitare-doktorale). K\u00ebto programe ofrohen si me koh\u00eb t\u00eb zgjatur edhe t\u00eb plot\u00eb, duke ju p\u00ebrshtatur nevojave t\u00eb student\u00ebve, shoq\u00ebris\u00eb dhe institucioneve. Universiteti POLIS \u00ebsht\u00eb n\u00ebnshkruesi i par\u00eb e \u201cKart\u00ebs s\u00eb Bolonj\u00ebs\u201d n\u00eb vend, dhe ka kaluar me sukses t\u00eb gjitha testet dhe vler\u00ebsimet e konformitetit ligjor dhe t\u00eb cil\u00ebsis\u00eb. \u00cbsht\u00eb nd\u00ebr institucionet e pakta t\u00eb arsimit t\u00eb lart\u00eb n\u00eb vend q\u00eb ka plot\u00ebsuar me sukses dhe n\u00eb afat t\u00eb gjitha procest e akreditimit instititucional dhe programor brenda vendit, dhe tashm\u00eb ka edhe akreditime n\u00eb nivel nd\u00ebrkomb\u00ebtar (QAA). Ne kemi patur dhe kemi diploma t\u00eb p\u00ebrbashk\u00ebta dhe standard respektiv me disa universitete evropiane, dhe nj\u00eb program nd\u00ebrkomb\u00ebtar unikal doktoral si \u201cdiplom\u00eb e dyfisht\u00eb\u201d. P\u00ebrve\u00e7se n\u00eb rajon dhe n\u00eb vend, POLIS ka nj\u00eb njohje mjaft t\u00eb mir\u00eb dhe nd\u00ebrkomb\u00ebtare, dhe \u00ebsht\u00eb an\u00ebtar\u00ebsuar nd\u00ebrkoh\u00eb n\u00eb mjaft rrjete universitare e profesionale evropiane t\u00eb fushave ku operon. Krahas an\u00ebtar\u00ebsimeve, kemi marr\u00ebveshje e partneritet t\u00eb preksh\u00ebm me institucione t\u00eb shquara evropiane, p\u00ebrfshi programe dhe projekte t\u00eb p\u00ebrbashk\u00ebta. Ne kemi\u00a0nj\u00eb partneritet tashm\u00eb historik me Universitetin e Ferrar\u00ebs dhe Sapienz\u00ebs, Itali, IHS-Erasmus University Rotterdam n\u00eb Holand\u00eb, Universitetin e Minhos, Portugali, Politeknikun e Bratislav\u00ebs n\u00eb Sllovaki, Bauhaus-Anhalt University, Gjermani, dhe nj\u00eb rrjet partner\u00ebsh e kontaktesh n\u00eb Ballkan, n\u00eb vendet e tjera t\u00eb BE-s\u00eb, n\u00eb USA dhe n\u00eb Kin\u00eb. P\u00ebr t\u00eb mund\u00ebsuar objektivat e veta dhe misionin e tij, POLIS synon t\u00eb krijoj\u00eb nj\u00eb lidership t\u00eb qart\u00eb profesional e qytetar p\u00ebr shkencat e qytetit dhe territorit, gj\u00eb q\u00eb mund\u00ebson hap\u00ebsira sa m\u00eb t\u00eb jetueshme; qytete m\u00eb t\u00eb barabarta dhe territor m\u00eb t\u00eb q\u00ebndrueshem n\u00eb koh\u00eb; si dhe nj\u00eb shije e estetik\u00eb publike q\u00eb edukon vet\u00eb shoq\u00ebrin\u00eb. Fokusimi i shkoll\u00ebs \u00ebsht\u00eb nj\u00eb arm\u00eb e fort\u00eb e jona. Nd\u00ebrkoh\u00eb stafi akademik dhe k\u00ebrkues n\u00eb U_POLIS nuk pretendon kurr\u00eb se njeh \u201ct\u00eb v\u00ebrtet\u00ebn absolute\u201d, por modestia dhe pavar\u00ebsia e tyre respektohet n\u00eb maksimum nga komuniteti studentor. N\u00eb konceptin ton\u00eb t\u00eb p\u00ebrbashk\u00ebt, pedagogu i mir\u00eb \u00ebsht\u00eb nj\u00eb nd\u00ebrmjet\u00ebs me p\u00ebrvoj\u00eb midis studentit dhe t\u00eb v\u00ebrtet\u00ebs, gj\u00eb q\u00eb secili e zbulon sipas m\u00ebnyr\u00ebs s\u00eb tij, e natyrisht, me ndihm\u00ebn profesionale t\u00eb ekipit ton\u00eb t\u00eb kualifikuar. Dhe kjo nuk \u00ebsht\u00eb rast\u00ebsore: sot 1\/3 e stafit n\u00eb POLIS jan\u00eb staf nd\u00ebrkomb\u00ebtar, 1\/3 jan\u00eb staf i diplomuar n\u00eb universitete nga m\u00eb t\u00eb mira t\u00eb BE-s\u00eb dhe Amerik\u00ebs s\u00eb Veriut, nd\u00ebrsa pjesa tjet\u00ebr p\u00ebrfaq\u00ebson absolutisht tradit\u00ebn dhe ekspertiz\u00ebn m\u00eb t\u00eb mir\u00eb vendase, n\u00eb fushat tona t\u00eb interesit! Kjo sinergji ka dh\u00ebn\u00eb rezultat! Por ne mbetemi t\u00eb hapur maksimalisht ndaj koncepteve dhe ideve t\u00eb reja, alternative dhe sa m\u00eb bashk\u00ebkohore. Kjo \u00ebsht\u00eb arsyeja pse student\u00ebt dhe k\u00ebrkuesit n\u00eb Universitetin POLIS vijn\u00eb me frym\u00ebzimin p\u00ebr t\u00eb ndryshuar dhe p\u00ebrmir\u00ebsuar \u201cbot\u00ebn\u201d dhe jan\u00eb t\u00eb gatsh\u00ebm p\u00ebr t\u00eb eksperimentuar me idet\u00eb e tyre. \u00cbsht\u00eb detyra jon\u00eb t\u2019i l\u00ebm\u00eb krah t\u00eb lir\u00eb k\u00ebsaj imagjinate dhe t\u2019i leht\u00ebsojm\u00eb m\u00eb tej p\u00ebr t\u00eb kap\u00ebrcyer barrierat konceptuale e kulturore. T\u2019i stimulojm\u00eb q\u00eb t\u00eb kap\u00ebrcejn\u00eb n\u00eb nj\u00eb dimension t\u00eb ri e t\u00eb panjohur drejt nd\u00ebrkomb\u00ebtarizimit dhe ekspozimit global, i cili nxit aft\u00ebsit\u00eb e tyre eksploruese profesionale dhe kreativitetin pa kufij. K\u00ebta student\u00eb dhe k\u00ebrkues \u00a0sjellin me vete sfondin kulturor nga kontekste t\u00eb ndryshme t\u00eb t\u00eb gjitha rajoneve t\u00eb Shqip\u00ebris\u00eb, t\u00eb rajonit Ballkanik, apo edhe nga vende t\u00eb tjera. Sa i takon infrastruktur\u00ebs, POLIS \u00ebsht\u00eb vendosur n\u00eb nj\u00eb kampus kompakt i cili \u00e7on edhe m\u00eb p\u00ebrtej konceptin e Polis-it si nj\u00eb \u201cqytet br\u00ebnda qytetit\u201d dhe \u201cqytet br\u00ebnda nd\u00ebrtes\u00ebs\u201d. N\u00eb k\u00ebt\u00eb kampus ne kemi shum\u00ebfishuar sip\u00ebrfaqen m\u00ebsimore, sikurse kemi shtuar hap\u00ebsira publike dhe leht\u00ebsira t\u00eb tjera n\u00eb nj\u00eb object infrastrukturor q\u00eb p\u00ebrb\u00ebn nj\u00eb origjinalitet p\u00ebr konceptimin pragamtik t\u00eb arkitektur\u00ebs, eficienc\u00ebs energjitike dhe konstruksionin e shkollave n\u00eb p\u00ebrgjith\u00ebsi. Nuk mund t\u00eb ishte ndryshe pasi n\u00eb k\u00ebt\u00eb projekt t\u00eb studios son\u00eb \u201cMetro_POLIS\u201d \u00ebsht\u00eb derdhur dashuria, fantazia, energjia e mir\u00eb e stafit dhe e student\u00ebve q\u00eb [&hellip;]<\/p>\n","protected":false},"author":6,"featured_media":0,"parent":0,"menu_order":0,"comment_status":"closed","ping_status":"closed","template":"","meta":{"footnotes":""},"class_list":["post-4151","page","type-page","status-publish","hentry","post-no-thumbnail"],"_links":{"self":[{"href":"https:\/\/universitetipolis.edu.al\/index.php?rest_route=\/wp\/v2\/pages\/4151","targetHints":{"allow":["GET"]}}],"collection":[{"href":"https:\/\/universitetipolis.edu.al\/index.php?rest_route=\/wp\/v2\/pages"}],"about":[{"href":"https:\/\/universitetipolis.edu.al\/index.php?rest_route=\/wp\/v2\/types\/page"}],"author":[{"embeddable":true,"href":"https:\/\/universitetipolis.edu.al\/index.php?rest_route=\/wp\/v2\/users\/6"}],"replies":[{"embeddable":true,"href":"https:\/\/universitetipolis.edu.al\/index.php?rest_route=%2Fwp%2Fv2%2Fcomments&post=4151"}],"version-history":[{"count":0,"href":"https:\/\/universitetipolis.edu.al\/index.php?rest_route=\/wp\/v2\/pages\/4151\/revisions"}],"wp:attachment":[{"href":"https:\/\/universitetipolis.edu.al\/index.php?rest_route=%2Fwp%2Fv2%2Fmedia&parent=4151"}],"curies":[{"name":"wp","href":"https:\/\/api.w.org\/{rel}","templated":true}]}}