{"id":4149,"date":"2022-05-13T11:02:34","date_gmt":"2022-05-13T09:02:34","guid":{"rendered":"https:\/\/universitetipolis.edu.al\/?page_id=4149"},"modified":"2023-03-21T10:07:26","modified_gmt":"2023-03-21T09:07:26","slug":"fjalet-e-administratorit","status":"publish","type":"page","link":"https:\/\/universitetipolis.edu.al\/?page_id=4149","title":{"rendered":"Fjal\u00ebt e Administratorit t\u00eb Bordit Themelues"},"content":{"rendered":"\t\t<div data-elementor-type=\"wp-page\" data-elementor-id=\"4149\" class=\"elementor elementor-4149\" data-elementor-post-type=\"page\">\n\t\t\t\t\t\t<section class=\"elementor-section elementor-top-section elementor-element elementor-element-8e5aeec elementor-section-boxed elementor-section-gap-beside-yes elementor-section-height-default elementor-section-height-default elementor-section-column-vertical-align-stretch\" data-id=\"8e5aeec\" data-element_type=\"section\" data-e-type=\"section\">\n\t\t\t\t\t\t<div class=\"elementor-container elementor-column-gap-extended\">\n\t\t\t\t\t<div class=\"elementor-column elementor-col-50 elementor-top-column elementor-element elementor-element-360b9da\" data-id=\"360b9da\" data-element_type=\"column\" data-e-type=\"column\">\n\t\t\t<div class=\"elementor-widget-wrap elementor-element-populated\">\n\t\t\t\t\t\t<div class=\"elementor-element elementor-element-f4ef1e1 elementor-widget elementor-widget-text-editor\" data-id=\"f4ef1e1\" data-element_type=\"widget\" data-e-type=\"widget\" data-widget_type=\"text-editor.default\">\n\t\t\t\t<div class=\"elementor-widget-container\">\n\t\t\t\t\t\t\t\t\t<div class=\"rtejustify\"><p>T\u00eb nderuar miq t\u00eb POLIS-it,<\/p><p>Pas pothuajse dy dekadash nga themelimi i Universitetit POLIS, d\u00ebshiroj t\u00eb ndaj me ju, disa vlera, ide dhe p\u00ebrpjekje t\u00eb cilat na \u00e7uan n\u00eb themelimin dhe konsolidimin e Universitetit POLIS si institucion edukimi e k\u00ebrkimi n\u00eb fush\u00ebn e arsimit t\u00eb lart\u00ebdhe si grupim intelektual me ide alternative.S\u00eb bashku me koleg\u00ebt e tjer\u00eb bashk\u00ebthemelues, pjes\u00ebtar\u00eb t\u00eb gjenerat\u00ebs s\u00eb transformimeve t\u00eb pas viteve \u201990,\u00a0 kemi qen\u00eb d\u00ebshmitar\u00eb dhe pjes\u00ebtar\u00eb t\u00eb ngjarjeve t\u00eb ndodhura n\u00eb Shqip\u00ebri p\u00ebrpara dhe pas viteve t\u00eb ndryshimit. Nisur nga kjo, POLIS-ilindi si pjes\u00eb e k\u00ebtyre ndryshimeve t\u00eb thella shoq\u00ebrore, duke e par\u00ebprocesin e edukimit si katalizator q\u00eb mund\u00ebson vazhdim\u00ebsin\u00eb e zhvillimit p\u00ebrmes transmetimit t\u00eb dijes dhe k\u00ebrkimit shkencor.<br \/>Modestisht konstatoj se si instutucion edukimi dhe mendimi t\u00eb lir\u00eb, edhe pse brenda nj\u00eb kohe t\u00eb shkurt\u00ebr, Universiteti POLIS ka luajtur rol domethen\u00ebs n\u00ebhapjen e diskutimeve dhe debateve p\u00ebr tema t\u00eb patrajtuara nga shoq\u00ebria shqiptare n\u00eb fushat profesionale q\u00eb mbulon, si\u00e7 jan\u00eb ato p\u00ebr m\u00ebnyr\u00ebn e zhvillimit t\u00eb qyteteve, m\u00ebnyr\u00ebn e t\u00eb banuarit, nd\u00ebrtuarit, apo edhe p\u00ebr raportin ton\u00eb me burimet energjetike e mjedisore n\u00eb nj\u00eb situate globale q\u00eb b\u00ebhet gjithmon\u00eb e m\u00eb komplekse. K\u00ebto sfida kan\u00eb qen\u00eb ushqimi m\u00eb i mir\u00eb jo vet\u00ebm p\u00ebr emancipimin e shoq\u00ebris\u00eb, por edhe p\u00ebr reformimin e k\u00ebtyre displinave t\u00eb cilat po p\u00ebrballen me ndryshime epokale p\u00ebr t\u2019i paraprir\u00eb s\u00eb\u00a0\u00a0<\/p><\/div>\t\t\t\t\t\t\t\t<\/div>\n\t\t\t\t<\/div>\n\t\t\t\t\t<\/div>\n\t\t<\/div>\n\t\t\t\t<div class=\"elementor-column elementor-col-50 elementor-top-column elementor-element elementor-element-afda0e2\" data-id=\"afda0e2\" data-element_type=\"column\" data-e-type=\"column\">\n\t\t\t<div class=\"elementor-widget-wrap elementor-element-populated\">\n\t\t\t\t\t\t<div class=\"elementor-element elementor-element-bfdd4b4 elementor-widget elementor-widget-image\" data-id=\"bfdd4b4\" data-element_type=\"widget\" data-e-type=\"widget\" data-widget_type=\"image.default\">\n\t\t\t\t<div class=\"elementor-widget-container\">\n\t\t\t\t\t\t\t\t\t\t\t\t\t\t\t<img fetchpriority=\"high\" decoding=\"async\" width=\"1707\" height=\"2560\" src=\"https:\/\/universitetipolis.edu.al\/wp-content\/uploads\/2022\/11\/Sotir-Dhamo-1-scaled.jpg\" class=\"attachment-full size-full wp-image-12978\" alt=\"\" srcset=\"https:\/\/universitetipolis.edu.al\/wp-content\/uploads\/2022\/11\/Sotir-Dhamo-1-scaled.jpg 1707w, https:\/\/universitetipolis.edu.al\/wp-content\/uploads\/2022\/11\/Sotir-Dhamo-1-200x300.jpg 200w, https:\/\/universitetipolis.edu.al\/wp-content\/uploads\/2022\/11\/Sotir-Dhamo-1-683x1024.jpg 683w, https:\/\/universitetipolis.edu.al\/wp-content\/uploads\/2022\/11\/Sotir-Dhamo-1-768x1152.jpg 768w, https:\/\/universitetipolis.edu.al\/wp-content\/uploads\/2022\/11\/Sotir-Dhamo-1-1024x1536.jpg 1024w, https:\/\/universitetipolis.edu.al\/wp-content\/uploads\/2022\/11\/Sotir-Dhamo-1-1365x2048.jpg 1365w\" sizes=\"(max-width: 1707px) 100vw, 1707px\" \/>\t\t\t\t\t\t\t\t\t\t\t\t\t\t\t<\/div>\n\t\t\t\t<\/div>\n\t\t\t\t<div class=\"elementor-element elementor-element-9299710 elementor-widget elementor-widget-text-editor\" data-id=\"9299710\" data-element_type=\"widget\" data-e-type=\"widget\" data-widget_type=\"text-editor.default\">\n\t\t\t\t<div class=\"elementor-widget-container\">\n\t\t\t\t\t\t\t\t\t<p class=\"rtejustify\">Sotir Dhamo\u00a0 \u00a0|\u00a0 \u00a0Administrator i U_POLIS\u00a0<br \/>An\u00ebtar i Bordit Themelues U_POLIS<\/p>\t\t\t\t\t\t\t\t<\/div>\n\t\t\t\t<\/div>\n\t\t\t\t\t<\/div>\n\t\t<\/div>\n\t\t\t\t\t<\/div>\n\t\t<\/section>\n\t\t\t\t<section class=\"elementor-section elementor-top-section elementor-element elementor-element-7a2374d elementor-section-boxed elementor-section-gap-beside-yes elementor-section-height-default elementor-section-height-default elementor-section-column-vertical-align-stretch\" data-id=\"7a2374d\" data-element_type=\"section\" data-e-type=\"section\">\n\t\t\t\t\t\t<div class=\"elementor-container elementor-column-gap-extended\">\n\t\t\t\t\t<div class=\"elementor-column elementor-col-100 elementor-top-column elementor-element elementor-element-a6a054e\" data-id=\"a6a054e\" data-element_type=\"column\" data-e-type=\"column\">\n\t\t\t<div class=\"elementor-widget-wrap elementor-element-populated\">\n\t\t\t\t\t\t<div class=\"elementor-element elementor-element-6fd07db elementor-widget elementor-widget-text-editor\" data-id=\"6fd07db\" data-element_type=\"widget\" data-e-type=\"widget\" data-widget_type=\"text-editor.default\">\n\t\t\t\t<div class=\"elementor-widget-container\">\n\t\t\t\t\t\t\t\t\t<p>ardhmes. Hapja e mendjes, kreativiteti dhe qasja pozitive ndaj problemeve, besimi tek procesi dhe komunikimi jan\u00ebsekreti i transmetimit t\u00eb dijes dhe p\u00ebrkthimit t\u00eb saj n\u00eb veprim. Kjo ADNe trash\u00ebguar nga Co-PLAN, Instituti p\u00ebr Zhvillimin e Habitatit, i themeluar tre dekada m\u00eb pare, pararend\u00ebse e Universitetit POLIS, p\u00ebrb\u00ebn thelbin e POLIS-it t\u00eb sot\u00ebm si edhe t\u00eb eksperienc\u00ebs praktike t\u00eb ngritur n\u00eb nivel akademik. Kjo b\u00ebn q\u00eb POLIS-iedhe pse nj\u00eb institucion privat, t\u00eb ket\u00eb nj\u00eb mision t\u00eb qart\u00eb social t\u00eb p\u00ebrcaktuar q\u00eb n\u00eb fillesat e tij.N\u00eb thelb, POLIS-i si institucion \u00ebsht\u00eb nj\u00eb pasqyrim i m\u00ebnyr\u00ebs se si jemi p\u00ebrpjekur t\u00eb p\u00ebrfshijm\u00eb, t\u00eb punojm\u00eb dhe t\u00eb m\u00ebsojm\u00eb bashk\u00eb me t\u00eb tjer\u00ebt. N\u00eb POLIS ne besojm\u00eb se politika nuk b\u00ebhet vet\u00ebm nga politikan\u00ebt, por ka nevoj\u00eb p\u00ebr ekspertiz\u00eb profesionale!<\/p>\n<p><\/p>\n<p>Brenda familjes s\u00eb madhe POLIS, jan\u00eb gjeneruar l\u00ebvizje dhe trende sociale q\u00eb sjellin k\u00ebndv\u00ebshtrime t\u00eb reja dhe anti-konformiste p\u00ebr shoq\u00ebrin\u00eb,t\u00eb cilat kan\u00eb sh\u00ebrbyer si mjet presioni p\u00ebr p\u00ebrmir\u00ebsimin e transparenc\u00ebs dhe t\u00eb qeverisjes vendore p\u00ebr \u00e7\u00ebshtje q\u00eb prekin fushat profesionale q\u00eb mbulon Universiteti POLIS. Rol t\u00eb r\u00ebnd\u00ebsish\u00ebm luajn\u00eb k\u00ebtu aktivitete t\u00ebp\u00ebrvitshme si TAW \u2013 Tirana Architecture Weeks dhe TDW \u2013 Tirana Dizajn Weeks q\u00ebjan\u00eb kthyer n\u00eb hap\u00ebsira eksperimentimi, nd\u00ebrveprimi dhe ballafaqimi mes student\u00ebve dhe profesionist\u00ebve nga eksperienca, kultura nga vende t\u00eb ndryshme t\u00eb bot\u00ebs. Po ashtu, jo m\u00eb kot edhe grupi iniciator i Unionit t\u00eb Arkitekt\u00ebve dhe Planifikuesve Urban\u00eb t\u00eb Shqip\u00ebris\u00eb lindi nga ky grupim me synimin p\u00ebr t\u00eb krijuar alternativa profesionale dhe mbrojtjen e t\u00eb drejtave n\u00eb fushat e interesit.<\/p>\n<p><\/p>\n<p>N\u00eb POLIS ne besojm\u00eb gjithashtu se e ardhmja e vendbanimeve njer\u00ebzore varet nga raportet q\u00eb profesione t\u00eb tilla si arkitektura, urbanistika, inxhinieria e nd\u00ebrtimit, mjedisi, ekonomia, biznesi, etj, do t\u00eb g\u00ebrshetojn\u00eb n\u00eb m\u00ebnyr\u00eb organike me shkenc\u00ebn n\u00eb p\u00ebrgjith\u00ebsi dhe shkencat kompjuterike n\u00eb ve\u00e7anti. \u00cbsht\u00eb pik\u00ebrisht kjo p\u00ebrpjekje q\u00eb frym\u00ebzon shtysa t\u00eb reja t\u00eb projektimit dhe k\u00ebrkimit, t\u00eb institucionalizuar tashm\u00eb edhe n\u00eb nivelin e Doktoratur\u00ebs n\u00eb bashkepunim me partner\u00eb si Universiteti i Ferrar\u00ebs. K\u00ebtij q\u00ebllimi i ka sh\u00ebrbyer&nbsp; q\u00eb n\u00eb vitin 2008, themelimi i t\u00eb parit dhe ende t\u00eb vetmit periodik shkencor n\u00eb fushat e arkitektur\u00ebs, inxhinierise dhe planifikimit urban \u201cForum A+P\u201d, i pasuar nga \u201cMAD magazine\u201d dedikuar art-dizajnit, si dhe \u201cHabitat Magazine\u201d dedikuar \u00e7\u00ebshtjeve mjedisore; apo edhe monografit\u00eb nga stafi akademik t\u00ebbotuara me faktor t\u00eb lart\u00eb impakti, t\u00eb cilat sjellin mendime shkencore mbi \u00e7\u00ebshtje shpesh t\u00eb n\u00ebnvleft\u00ebsuara nga k\u00ebrkimet e m\u00ebparshme. Ne besojm\u00eb se p\u00ebr inovacione, apo zgjidhje avangard\u00eb frym\u00ebzimi vjen nga probleme reale dhe se moderniteti i v\u00ebrtet\u00eb \u00ebsht\u00eb p\u00ebrpjekja p\u00ebr t\u00eb kthyer krizat n\u00eb vlera.<\/p>\n<p><\/p>\n<p>POLIS-i \u00ebsht\u00eb nj\u00eb projekt afatgjat\u00eb, ku p\u00ebrpjekjet tona modeste k\u00ebrkojm\u00eb t\u2019i ndajm\u00eb me t\u00eb tjer\u00ebt sepse k\u00ebshtu besojm\u00eb do t\u00ebarrihet m\u00eb mir\u00eb misioni yn\u00eb social! Mbetet ende shum\u00eb p\u00ebr t\u2019u b\u00ebr\u00eb!<\/p>\n<p><\/p>\n<p><\/p>\t\t\t\t\t\t\t\t<\/div>\n\t\t\t\t<\/div>\n\t\t\t\t\t<\/div>\n\t\t<\/div>\n\t\t\t\t\t<\/div>\n\t\t<\/section>\n\t\t\t\t<\/div>\n\t\t","protected":false},"excerpt":{"rendered":"<p>T\u00eb nderuar miq t\u00eb POLIS-it, Pas pothuajse dy dekadash nga themelimi i Universitetit POLIS, d\u00ebshiroj t\u00eb ndaj me ju, disa vlera, ide dhe p\u00ebrpjekje t\u00eb cilat na \u00e7uan n\u00eb themelimin dhe konsolidimin e Universitetit POLIS si institucion edukimi e k\u00ebrkimi n\u00eb fush\u00ebn e arsimit t\u00eb lart\u00ebdhe si grupim intelektual me ide alternative.S\u00eb bashku me koleg\u00ebt e tjer\u00eb bashk\u00ebthemelues, pjes\u00ebtar\u00eb t\u00eb gjenerat\u00ebs s\u00eb transformimeve t\u00eb pas viteve \u201990,\u00a0 kemi qen\u00eb d\u00ebshmitar\u00eb dhe pjes\u00ebtar\u00eb t\u00eb ngjarjeve t\u00eb ndodhura n\u00eb Shqip\u00ebri p\u00ebrpara dhe pas viteve t\u00eb ndryshimit. Nisur nga kjo, POLIS-ilindi si pjes\u00eb e k\u00ebtyre ndryshimeve t\u00eb thella shoq\u00ebrore, duke e par\u00ebprocesin e edukimit si katalizator q\u00eb mund\u00ebson vazhdim\u00ebsin\u00eb e zhvillimit p\u00ebrmes transmetimit t\u00eb dijes dhe k\u00ebrkimit shkencor.Modestisht konstatoj se si instutucion edukimi dhe mendimi t\u00eb lir\u00eb, edhe pse brenda nj\u00eb kohe t\u00eb shkurt\u00ebr, Universiteti POLIS ka luajtur rol domethen\u00ebs n\u00ebhapjen e diskutimeve dhe debateve p\u00ebr tema t\u00eb patrajtuara nga shoq\u00ebria shqiptare n\u00eb fushat profesionale q\u00eb mbulon, si\u00e7 jan\u00eb ato p\u00ebr m\u00ebnyr\u00ebn e zhvillimit t\u00eb qyteteve, m\u00ebnyr\u00ebn e t\u00eb banuarit, nd\u00ebrtuarit, apo edhe p\u00ebr raportin ton\u00eb me burimet energjetike e mjedisore n\u00eb nj\u00eb situate globale q\u00eb b\u00ebhet gjithmon\u00eb e m\u00eb komplekse. K\u00ebto sfida kan\u00eb qen\u00eb ushqimi m\u00eb i mir\u00eb jo vet\u00ebm p\u00ebr emancipimin e shoq\u00ebris\u00eb, por edhe p\u00ebr reformimin e k\u00ebtyre displinave t\u00eb cilat po p\u00ebrballen me ndryshime epokale p\u00ebr t\u2019i paraprir\u00eb s\u00eb\u00a0\u00a0 Sotir Dhamo\u00a0 \u00a0|\u00a0 \u00a0Administrator i U_POLIS\u00a0An\u00ebtar i Bordit Themelues U_POLIS ardhmes. Hapja e mendjes, kreativiteti dhe qasja pozitive ndaj problemeve, besimi tek procesi dhe komunikimi jan\u00ebsekreti i transmetimit t\u00eb dijes dhe p\u00ebrkthimit t\u00eb saj n\u00eb veprim. Kjo ADNe trash\u00ebguar nga Co-PLAN, Instituti p\u00ebr Zhvillimin e Habitatit, i themeluar tre dekada m\u00eb pare, pararend\u00ebse e Universitetit POLIS, p\u00ebrb\u00ebn thelbin e POLIS-it t\u00eb sot\u00ebm si edhe t\u00eb eksperienc\u00ebs praktike t\u00eb ngritur n\u00eb nivel akademik. Kjo b\u00ebn q\u00eb POLIS-iedhe pse nj\u00eb institucion privat, t\u00eb ket\u00eb nj\u00eb mision t\u00eb qart\u00eb social t\u00eb p\u00ebrcaktuar q\u00eb n\u00eb fillesat e tij.N\u00eb thelb, POLIS-i si institucion \u00ebsht\u00eb nj\u00eb pasqyrim i m\u00ebnyr\u00ebs se si jemi p\u00ebrpjekur t\u00eb p\u00ebrfshijm\u00eb, t\u00eb punojm\u00eb dhe t\u00eb m\u00ebsojm\u00eb bashk\u00eb me t\u00eb tjer\u00ebt. N\u00eb POLIS ne besojm\u00eb se politika nuk b\u00ebhet vet\u00ebm nga politikan\u00ebt, por ka nevoj\u00eb p\u00ebr ekspertiz\u00eb profesionale! Brenda familjes s\u00eb madhe POLIS, jan\u00eb gjeneruar l\u00ebvizje dhe trende sociale q\u00eb sjellin k\u00ebndv\u00ebshtrime t\u00eb reja dhe anti-konformiste p\u00ebr shoq\u00ebrin\u00eb,t\u00eb cilat kan\u00eb sh\u00ebrbyer si mjet presioni p\u00ebr p\u00ebrmir\u00ebsimin e transparenc\u00ebs dhe t\u00eb qeverisjes vendore p\u00ebr \u00e7\u00ebshtje q\u00eb prekin fushat profesionale q\u00eb mbulon Universiteti POLIS. Rol t\u00eb r\u00ebnd\u00ebsish\u00ebm luajn\u00eb k\u00ebtu aktivitete t\u00ebp\u00ebrvitshme si TAW \u2013 Tirana Architecture Weeks dhe TDW \u2013 Tirana Dizajn Weeks q\u00ebjan\u00eb kthyer n\u00eb hap\u00ebsira eksperimentimi, nd\u00ebrveprimi dhe ballafaqimi mes student\u00ebve dhe profesionist\u00ebve nga eksperienca, kultura nga vende t\u00eb ndryshme t\u00eb bot\u00ebs. Po ashtu, jo m\u00eb kot edhe grupi iniciator i Unionit t\u00eb Arkitekt\u00ebve dhe Planifikuesve Urban\u00eb t\u00eb Shqip\u00ebris\u00eb lindi nga ky grupim me synimin p\u00ebr t\u00eb krijuar alternativa profesionale dhe mbrojtjen e t\u00eb drejtave n\u00eb fushat e interesit. N\u00eb POLIS ne besojm\u00eb gjithashtu se e ardhmja e vendbanimeve njer\u00ebzore varet nga raportet q\u00eb profesione t\u00eb tilla si arkitektura, urbanistika, inxhinieria e nd\u00ebrtimit, mjedisi, ekonomia, biznesi, etj, do t\u00eb g\u00ebrshetojn\u00eb n\u00eb m\u00ebnyr\u00eb organike me shkenc\u00ebn n\u00eb p\u00ebrgjith\u00ebsi dhe shkencat kompjuterike n\u00eb ve\u00e7anti. \u00cbsht\u00eb pik\u00ebrisht kjo p\u00ebrpjekje q\u00eb frym\u00ebzon shtysa t\u00eb reja t\u00eb projektimit dhe k\u00ebrkimit, t\u00eb institucionalizuar tashm\u00eb edhe n\u00eb nivelin e Doktoratur\u00ebs n\u00eb bashkepunim me partner\u00eb si Universiteti i Ferrar\u00ebs. K\u00ebtij q\u00ebllimi i ka sh\u00ebrbyer&nbsp; q\u00eb n\u00eb vitin 2008, themelimi i t\u00eb parit dhe ende t\u00eb vetmit periodik shkencor n\u00eb fushat e arkitektur\u00ebs, inxhinierise dhe planifikimit urban \u201cForum A+P\u201d, i pasuar nga \u201cMAD magazine\u201d dedikuar art-dizajnit, si dhe \u201cHabitat Magazine\u201d dedikuar \u00e7\u00ebshtjeve mjedisore; apo edhe monografit\u00eb nga stafi akademik t\u00ebbotuara me faktor t\u00eb lart\u00eb impakti, t\u00eb cilat sjellin mendime shkencore mbi \u00e7\u00ebshtje shpesh t\u00eb n\u00ebnvleft\u00ebsuara nga k\u00ebrkimet e m\u00ebparshme. Ne besojm\u00eb se p\u00ebr inovacione, apo zgjidhje avangard\u00eb frym\u00ebzimi vjen nga probleme reale dhe se moderniteti i v\u00ebrtet\u00eb \u00ebsht\u00eb p\u00ebrpjekja p\u00ebr t\u00eb kthyer krizat n\u00eb vlera. POLIS-i \u00ebsht\u00eb nj\u00eb projekt afatgjat\u00eb, ku p\u00ebrpjekjet tona modeste k\u00ebrkojm\u00eb t\u2019i ndajm\u00eb me t\u00eb tjer\u00ebt sepse k\u00ebshtu besojm\u00eb do t\u00ebarrihet m\u00eb mir\u00eb misioni yn\u00eb social! Mbetet ende shum\u00eb p\u00ebr t\u2019u b\u00ebr\u00eb!<\/p>\n","protected":false},"author":6,"featured_media":0,"parent":0,"menu_order":0,"comment_status":"closed","ping_status":"closed","template":"","meta":{"footnotes":""},"class_list":["post-4149","page","type-page","status-publish","hentry","post-no-thumbnail"],"_links":{"self":[{"href":"https:\/\/universitetipolis.edu.al\/index.php?rest_route=\/wp\/v2\/pages\/4149","targetHints":{"allow":["GET"]}}],"collection":[{"href":"https:\/\/universitetipolis.edu.al\/index.php?rest_route=\/wp\/v2\/pages"}],"about":[{"href":"https:\/\/universitetipolis.edu.al\/index.php?rest_route=\/wp\/v2\/types\/page"}],"author":[{"embeddable":true,"href":"https:\/\/universitetipolis.edu.al\/index.php?rest_route=\/wp\/v2\/users\/6"}],"replies":[{"embeddable":true,"href":"https:\/\/universitetipolis.edu.al\/index.php?rest_route=%2Fwp%2Fv2%2Fcomments&post=4149"}],"version-history":[{"count":0,"href":"https:\/\/universitetipolis.edu.al\/index.php?rest_route=\/wp\/v2\/pages\/4149\/revisions"}],"wp:attachment":[{"href":"https:\/\/universitetipolis.edu.al\/index.php?rest_route=%2Fwp%2Fv2%2Fmedia&parent=4149"}],"curies":[{"name":"wp","href":"https:\/\/api.w.org\/{rel}","templated":true}]}}