{"id":4119,"date":"2022-05-12T14:57:56","date_gmt":"2022-05-12T12:57:56","guid":{"rendered":"https:\/\/universitetipolis.edu.al\/?page_id=4119"},"modified":"2025-11-04T15:00:01","modified_gmt":"2025-11-04T14:00:01","slug":"biblo_polis","status":"publish","type":"page","link":"https:\/\/universitetipolis.edu.al\/?page_id=4119","title":{"rendered":"Biblo_POLIS"},"content":{"rendered":"\t\t<div data-elementor-type=\"wp-page\" data-elementor-id=\"4119\" class=\"elementor elementor-4119\" data-elementor-post-type=\"page\">\n\t\t\t\t\t\t<section class=\"elementor-section elementor-top-section elementor-element elementor-element-935daa5 elementor-section-boxed elementor-section-gap-beside-yes elementor-section-height-default elementor-section-height-default elementor-section-column-vertical-align-stretch\" data-id=\"935daa5\" data-element_type=\"section\" data-e-type=\"section\">\n\t\t\t\t\t\t<div class=\"elementor-container elementor-column-gap-extended\">\n\t\t\t\t\t<div class=\"elementor-column elementor-col-100 elementor-top-column elementor-element elementor-element-59a4bc2\" data-id=\"59a4bc2\" data-element_type=\"column\" data-e-type=\"column\">\n\t\t\t<div class=\"elementor-widget-wrap elementor-element-populated\">\n\t\t\t\t\t\t<div class=\"elementor-element elementor-element-adac08c elementor-widget elementor-widget-text-editor\" data-id=\"adac08c\" data-element_type=\"widget\" data-e-type=\"widget\" data-widget_type=\"text-editor.default\">\n\t\t\t\t<div class=\"elementor-widget-container\">\n\t\t\t\t\t\t\t\t\t<p>Mir\u00eb se vini n\u00eb\u00a0faqen e Bibliotek\u00ebs Universitare U_POLIS. <br \/>N\u00ebse jeni student, an\u00ebtar i stafit, apo vizitor, shpresojm\u00eb q\u00eb ju t\u00eb gjeni sh\u00ebrbimet dhe burimet q\u00eb ju nevojiten p\u00ebr t&#8217;ju ndihmuar n\u00eb k\u00ebrkimet dhe studimet tuaja.<\/p><p>Biblio_POLIS e nisi rrug\u00ebtimin e saj me hapjen e universitetit n\u00eb vitin 2006, n\u00eb baz\u00eb t\u00eb trash\u00ebgimis\u00eb s\u00eb bibliotek\u00ebs n\u00eb organizat\u00ebn origjin\u00eb t\u00eb Institutit Co-PLAN. P\u00ebrpjekjet tona t\u00eb vazhdueshme synojn\u00eb, t\u00eb krijojn\u00eb nj\u00eb standard t\u00eb ri p\u00ebr bibliotekat dhe krijimin e hap\u00ebsirave p\u00ebr studim e k\u00ebrkim shkencor. Ne po b\u00ebjm\u00eb nj\u00eb investim t\u00eb madh n\u00eb p\u00ebrmbajtjen digjitale dhe n\u00eb sh\u00ebrbime, duke u p\u00ebrpjekur\u00a0q\u00eb ta shp\u00ebrndajm\u00eb gjithnj\u00eb e m\u00eb shum\u00eb bibliotek\u00ebn ton\u00eb te student\u00ebt dhe stafi, 24 or\u00eb n\u00eb dit\u00eb, kudo ku jan\u00eb.<\/p>\t\t\t\t\t\t\t\t<\/div>\n\t\t\t\t<\/div>\n\t\t\t\t\t<\/div>\n\t\t<\/div>\n\t\t\t\t\t<\/div>\n\t\t<\/section>\n\t\t\t\t<section class=\"elementor-section elementor-top-section elementor-element elementor-element-20f2233 elementor-section-boxed elementor-section-gap-beside-yes elementor-section-height-default elementor-section-height-default elementor-section-column-vertical-align-stretch\" data-id=\"20f2233\" data-element_type=\"section\" data-e-type=\"section\">\n\t\t\t\t\t\t<div class=\"elementor-container elementor-column-gap-extended\">\n\t\t\t\t\t<div class=\"elementor-column elementor-col-100 elementor-top-column elementor-element elementor-element-a9829d8\" data-id=\"a9829d8\" data-element_type=\"column\" data-e-type=\"column\">\n\t\t\t<div class=\"elementor-widget-wrap elementor-element-populated\">\n\t\t\t\t\t\t<div class=\"elementor-element elementor-element-9b73d62 elementor-widget elementor-widget-toggle\" data-id=\"9b73d62\" data-element_type=\"widget\" data-e-type=\"widget\" data-widget_type=\"toggle.default\">\n\t\t\t\t<div class=\"elementor-widget-container\">\n\t\t\t\t\t\t\t<div class=\"elementor-toggle\">\n\t\t\t\t\t\t\t<div class=\"elementor-toggle-item\">\n\t\t\t\t\t<div id=\"elementor-tab-title-1631\" class=\"elementor-tab-title\" data-tab=\"1\" role=\"button\" aria-controls=\"elementor-tab-content-1631\" aria-expanded=\"false\">\n\t\t\t\t\t\t\t\t\t\t\t\t<span class=\"elementor-toggle-icon elementor-toggle-icon-left\" aria-hidden=\"true\">\n\t\t\t\t\t\t\t\t\t\t\t\t\t\t\t<span class=\"elementor-toggle-icon-closed\"><i class=\"fas fa-caret-right\"><\/i><\/span>\n\t\t\t\t\t\t\t\t<span class=\"elementor-toggle-icon-opened\"><i class=\"elementor-toggle-icon-opened fas fa-caret-up\"><\/i><\/span>\n\t\t\t\t\t\t\t\t\t\t\t\t\t<\/span>\n\t\t\t\t\t\t\t\t\t\t\t\t<a class=\"elementor-toggle-title\" tabindex=\"0\">MISIONI<\/a>\n\t\t\t\t\t<\/div>\n\n\t\t\t\t\t<div id=\"elementor-tab-content-1631\" class=\"elementor-tab-content elementor-clearfix\" data-tab=\"1\" role=\"region\" aria-labelledby=\"elementor-tab-title-1631\"><p>Biblio_POLIS e \u00e7on m\u00eb tej misionin e universitetit p\u00ebr t\u00eb edukuar qytetar\u00eb t\u00eb angazhuar dhe t\u00eb realizuar n\u00ebp\u00ebrmjet sh\u00ebrbimeve tona dinamike dhe koleksioneve me vler\u00eb.\u00a0 Stafi yn\u00eb \u00ebsht\u00eb i fokusuar n\u00eb krijimin dhe kultivimin e mjediseve fizike dhe virtuale p\u00ebr hulumtime t\u00eb hapura dhe p\u00ebrsosm\u00ebri akademike. Misioni i saj \u00ebsht\u00eb t\u00eb sh\u00ebrbej\u00eb si q\u00ebnd\u00ebr informacioni p\u00ebr p\u00ebrdoruesit e saj (student\u00ebt, pedagog\u00eb, studiues k\u00ebrkimor\u00eb-shkencor\u00eb t\u00eb k\u00ebtyre fushave, etj.), ku ofrohen mund\u00ebsi p\u00ebr njohuri t\u00eb reja dhe marrjen e tyre n\u00eb m\u00ebnyr\u00eb sa m\u00eb efektive. Kjo gj\u00eb \u00ebsht\u00eb arritur n\u00ebp\u00ebrmjet futjes s\u00eb teknologjis\u00eb s\u00eb re, sh\u00ebrbimeve t\u00eb kompjuterizuara, duke e kthyer k\u00ebt\u00eb bibliotek\u00eb me sh\u00ebrbime dhe fizionomi tradicionale n\u00eb nj\u00eb bibliotek\u00eb moderne e bashk\u00ebkohore.<\/p><\/div>\n\t\t\t\t<\/div>\n\t\t\t\t\t\t\t<div class=\"elementor-toggle-item\">\n\t\t\t\t\t<div id=\"elementor-tab-title-1632\" class=\"elementor-tab-title\" data-tab=\"2\" role=\"button\" aria-controls=\"elementor-tab-content-1632\" aria-expanded=\"false\">\n\t\t\t\t\t\t\t\t\t\t\t\t<span class=\"elementor-toggle-icon elementor-toggle-icon-left\" aria-hidden=\"true\">\n\t\t\t\t\t\t\t\t\t\t\t\t\t\t\t<span class=\"elementor-toggle-icon-closed\"><i class=\"fas fa-caret-right\"><\/i><\/span>\n\t\t\t\t\t\t\t\t<span class=\"elementor-toggle-icon-opened\"><i class=\"elementor-toggle-icon-opened fas fa-caret-up\"><\/i><\/span>\n\t\t\t\t\t\t\t\t\t\t\t\t\t<\/span>\n\t\t\t\t\t\t\t\t\t\t\t\t<a class=\"elementor-toggle-title\" tabindex=\"0\">RRETH BIBLIO_POLIS<\/a>\n\t\t\t\t\t<\/div>\n\n\t\t\t\t\t<div id=\"elementor-tab-content-1632\" class=\"elementor-tab-content elementor-clearfix\" data-tab=\"2\" role=\"region\" aria-labelledby=\"elementor-tab-title-1632\"><p>Biblio_POLIS p\u00ebrfshin libra dhe materiale t\u00eb printuara dhe elektronike, t\u00eb cil\u00ebt i p\u00ebrkasin disiplinave t\u00eb ndryshme, por kryesisht deg\u00ebve t\u00eb Planifikimit Urban, Shkencave Kompjuterike, Art-Dizajnit, Arkitektur\u00ebs, Studimeve Mjedisore, Shkencave Sociale, Inxhinieri Nd\u00ebrtimi, Administrim Biznesi, Lidership dhe Sip\u00ebrmarrje, etj. K\u00ebto materiale bashk\u00ebkohore p\u00ebrfshijn\u00eb tekste t\u00eb r\u00ebnd\u00ebsishme t\u00eb shkruara n\u00eb gjuh\u00ebt primare t\u00eb folura e t\u00eb kuptuara n\u00eb Shqip\u00ebri: Shqip, Anglisht, Italisht. Ato p\u00ebrdit\u00ebsohen n\u00ebp\u00ebrmjet blerjeve t\u00eb vazhdueshme q\u00eb U_POLIS realizon n\u00ebp\u00ebrmjet librarive t\u00eb ndryshme komb\u00ebtare, nd\u00ebrkomb\u00ebtare dhe online.<\/p><p>Biblio_POLIS \u00ebsht\u00eb e abonuar n\u00eb <strong>revista<\/strong> prestigjioze si\u00a0<a href=\"https:\/\/www.arcadata.com\/\" target=\"_blank\" rel=\"noopener\">L\u2019Arca<\/a>,\u00a0<a href=\"https:\/\/www.domusweb.it\/en.html\" target=\"_blank\" rel=\"noopener\">Domus<\/a>,\u00a0<a href=\"https:\/\/www.beauxarts.com\/\" target=\"_blank\" rel=\"noopener\">Beaux Arts<\/a>,\u00a0<a href=\"https:\/\/www.creativebloq.com\/\" target=\"_blank\" rel=\"noopener\">Computer Arts<\/a>,\u00a0<a href=\"https:\/\/www.detail.de\/\" target=\"_blank\" rel=\"noopener\">Detail<\/a>,\u00a0<a href=\"https:\/\/www.tandfonline.com\/action\/journalInformation?show=aimsScope&amp;journalCode=cres20\" target=\"_blank\" rel=\"noopener\">Regional Studies<\/a>, ejt., si dhe versionet online t\u00eb partner\u00ebve tan\u00eb,\u00a0<a href=\"http:\/\/www.financatvendore.al\/\" target=\"_blank\" rel=\"noopener\">Financat Publike Vendore<\/a>,\u00a0<a href=\"http:\/\/www.culturetheque.com\/\" target=\"_blank\" rel=\"noopener\">Culturetheque<\/a>, etj.\u00a0<\/p><\/div>\n\t\t\t\t<\/div>\n\t\t\t\t\t\t\t<div class=\"elementor-toggle-item\">\n\t\t\t\t\t<div id=\"elementor-tab-title-1633\" class=\"elementor-tab-title\" data-tab=\"3\" role=\"button\" aria-controls=\"elementor-tab-content-1633\" aria-expanded=\"false\">\n\t\t\t\t\t\t\t\t\t\t\t\t<span class=\"elementor-toggle-icon elementor-toggle-icon-left\" aria-hidden=\"true\">\n\t\t\t\t\t\t\t\t\t\t\t\t\t\t\t<span class=\"elementor-toggle-icon-closed\"><i class=\"fas fa-caret-right\"><\/i><\/span>\n\t\t\t\t\t\t\t\t<span class=\"elementor-toggle-icon-opened\"><i class=\"elementor-toggle-icon-opened fas fa-caret-up\"><\/i><\/span>\n\t\t\t\t\t\t\t\t\t\t\t\t\t<\/span>\n\t\t\t\t\t\t\t\t\t\t\t\t<a class=\"elementor-toggle-title\" tabindex=\"0\"> E-LIBRARY: JSTOR<\/a>\n\t\t\t\t\t<\/div>\n\n\t\t\t\t\t<div id=\"elementor-tab-content-1633\" class=\"elementor-tab-content elementor-clearfix\" data-tab=\"3\" role=\"region\" aria-labelledby=\"elementor-tab-title-1633\"><p>Krahas ambienteve fizike t\u00eb Biblo_POLIS, ku ju mund t\u00eb gjeni mbi <strong>10,000 tituj librash n\u00eb format fizik<\/strong>, tashm\u00eb keni mund\u00ebsin\u00eb t\u00eb aksesoni nj\u00eb nga librarit\u00eb m\u00eb t\u00eb larmishme ONLINE n\u00eb nivel nd\u00ebrkomb\u00ebtar, sikurse \u00ebsht\u00eb <strong>JSTOR<\/strong>. Secili an\u00ebtar i komunitetit POLIS, mund t\u00eb p\u00ebrdor k\u00ebto thesare p\u00ebr t\u00eb thelluar njohurit\u00eb dhe dijet n\u00eb fushat e interesit. Ju mund t\u00eb aksesoni k\u00ebt\u00eb bibliotek\u00eb online duke klikuar mbi link-un e m\u00eb posht\u00ebm:<span style=\"letter-spacing: 0em;\">\u00a0 \u00a0 \u00a0 \u00a0\u00a0<\/span><\/p><ul><li><strong><a href=\"https:\/\/www.jstor.org\/\" target=\"_blank\" rel=\"noopener\">JSTOR e-library<\/a><\/strong>\u00a0<\/li><\/ul><p>P\u00ebrdorimi i tij \u00ebsht\u00eb shum\u00eb i leht\u00eb dhe tep\u00ebr komod. Mos nguroni ta p\u00ebrdorni sa m\u00eb shum\u00eb, n\u00eb k\u00ebt\u00eb m\u00ebnyr\u00eb do t\u00eb kuptoni vler\u00ebn dhe larmin\u00eb e sh\u00ebrbimit q\u00eb ato ofrojn\u00eb.<\/p><p><strong>\u201cPOLIS Book Club\u201d dhe \u201cPanairi i Librit @ POLIS\u201d<\/strong><\/p><p>Biblio_POLIS organizon prej disa vitesh me sukses aktivitetet e \u201c<strong><em>Klubit t\u00eb Miqve t\u00eb Librit<\/em><\/strong>\u201d dhe fushat\u00ebn \u201c<strong><em>Dhuro nj\u00eb Lib\u00ebr @ POLIS<\/em><\/strong>\u201d ku ka angazhim nga student\u00ebt dhe stafi.<\/p><\/div>\n\t\t\t\t<\/div>\n\t\t\t\t\t\t\t\t<\/div>\n\t\t\t\t\t\t<\/div>\n\t\t\t\t<\/div>\n\t\t\t\t\t<\/div>\n\t\t<\/div>\n\t\t\t\t\t<\/div>\n\t\t<\/section>\n\t\t\t\t<section class=\"elementor-section elementor-top-section elementor-element elementor-element-8b130db elementor-section-boxed elementor-section-gap-beside-yes elementor-section-height-default elementor-section-height-default elementor-section-column-vertical-align-stretch\" data-id=\"8b130db\" data-element_type=\"section\" data-e-type=\"section\">\n\t\t\t\t\t\t<div class=\"elementor-container elementor-column-gap-extended\">\n\t\t\t\t\t<div class=\"elementor-column elementor-col-100 elementor-top-column elementor-element elementor-element-e429a9b\" data-id=\"e429a9b\" data-element_type=\"column\" data-e-type=\"column\">\n\t\t\t<div class=\"elementor-widget-wrap elementor-element-populated\">\n\t\t\t\t\t\t<div class=\"elementor-element elementor-element-cf0ac74 elementor-widget elementor-widget-text-editor\" data-id=\"cf0ac74\" data-element_type=\"widget\" data-e-type=\"widget\" data-widget_type=\"text-editor.default\">\n\t\t\t\t<div class=\"elementor-widget-container\">\n\t\t\t\t\t\t\t\t\t<strong>Katalogu i Librave Fizik\u00eb<\/strong>\n\n<p>P\u00ebrmes k\u00ebtij linku mund t\u00eb shihni t\u00eb gjitha kopertinat e librave fizik\u00eb q\u00eb ndodhen n\u00eb bibliotek\u00ebn e Universitetit POLIS: <a class=\"decorated-link\" href=\"https:\/\/www.libib.com\/u\/polis\" target=\"_new\" rel=\"noopener\" data-start=\"218\" data-end=\"291\">Shfleto katalogun<\/a><\/p>\n\n<span style=\"color: red;\">!!<\/span> Ju kujtojm\u00eb se <strong>marrja e librave b\u00ebhet vet\u00ebm fizikisht n\u00eb bibliotek\u00eb<\/strong>.\t\t\t\t\t\t\t\t<\/div>\n\t\t\t\t<\/div>\n\t\t\t\t<div class=\"elementor-element elementor-element-0ba70e8 elementor-widget elementor-widget-text-editor\" data-id=\"0ba70e8\" data-element_type=\"widget\" data-e-type=\"widget\" data-widget_type=\"text-editor.default\">\n\t\t\t\t<div class=\"elementor-widget-container\">\n\t\t\t\t\t\t\t\t\t<p>P\u00ebr m\u00eb shum\u00eb informacione, kontaktoni: <a href=\"mailto:biblioteka@universitetipolis.edu.al\">biblioteka@universitetipolis.edu.al<\/a><\/p>\t\t\t\t\t\t\t\t<\/div>\n\t\t\t\t<\/div>\n\t\t\t\t\t<\/div>\n\t\t<\/div>\n\t\t\t\t\t<\/div>\n\t\t<\/section>\n\t\t\t\t<section class=\"elementor-section elementor-top-section elementor-element elementor-element-09cd59c elementor-section-boxed elementor-section-gap-beside-yes elementor-section-height-default elementor-section-height-default elementor-section-column-vertical-align-stretch\" data-id=\"09cd59c\" data-element_type=\"section\" data-e-type=\"section\">\n\t\t\t\t\t\t<div class=\"elementor-container elementor-column-gap-extended\">\n\t\t\t\t\t<div class=\"elementor-column elementor-col-100 elementor-top-column elementor-element elementor-element-e39790c\" data-id=\"e39790c\" data-element_type=\"column\" data-e-type=\"column\">\n\t\t\t<div class=\"elementor-widget-wrap\">\n\t\t\t\t\t\t\t<\/div>\n\t\t<\/div>\n\t\t\t\t\t<\/div>\n\t\t<\/section>\n\t\t\t\t<\/div>\n\t\t","protected":false},"excerpt":{"rendered":"<p>Mir\u00eb se vini n\u00eb\u00a0faqen e Bibliotek\u00ebs Universitare U_POLIS. N\u00ebse jeni student, an\u00ebtar i stafit, apo vizitor, shpresojm\u00eb q\u00eb ju t\u00eb gjeni sh\u00ebrbimet dhe burimet q\u00eb ju nevojiten p\u00ebr t&#8217;ju ndihmuar n\u00eb k\u00ebrkimet dhe studimet tuaja. Biblio_POLIS e nisi rrug\u00ebtimin e saj me hapjen e universitetit n\u00eb vitin 2006, n\u00eb baz\u00eb t\u00eb trash\u00ebgimis\u00eb s\u00eb bibliotek\u00ebs n\u00eb organizat\u00ebn origjin\u00eb t\u00eb Institutit Co-PLAN. P\u00ebrpjekjet tona t\u00eb vazhdueshme synojn\u00eb, t\u00eb krijojn\u00eb nj\u00eb standard t\u00eb ri p\u00ebr bibliotekat dhe krijimin e hap\u00ebsirave p\u00ebr studim e k\u00ebrkim shkencor. Ne po b\u00ebjm\u00eb nj\u00eb investim t\u00eb madh n\u00eb p\u00ebrmbajtjen digjitale dhe n\u00eb sh\u00ebrbime, duke u p\u00ebrpjekur\u00a0q\u00eb ta shp\u00ebrndajm\u00eb gjithnj\u00eb e m\u00eb shum\u00eb bibliotek\u00ebn ton\u00eb te student\u00ebt dhe stafi, 24 or\u00eb n\u00eb dit\u00eb, kudo ku jan\u00eb. MISIONI Biblio_POLIS e \u00e7on m\u00eb tej misionin e universitetit p\u00ebr t\u00eb edukuar qytetar\u00eb t\u00eb angazhuar dhe t\u00eb realizuar n\u00ebp\u00ebrmjet sh\u00ebrbimeve tona dinamike dhe koleksioneve me vler\u00eb.\u00a0 Stafi yn\u00eb \u00ebsht\u00eb i fokusuar n\u00eb krijimin dhe kultivimin e mjediseve fizike dhe virtuale p\u00ebr hulumtime t\u00eb hapura dhe p\u00ebrsosm\u00ebri akademike. Misioni i saj \u00ebsht\u00eb t\u00eb sh\u00ebrbej\u00eb si q\u00ebnd\u00ebr informacioni p\u00ebr p\u00ebrdoruesit e saj (student\u00ebt, pedagog\u00eb, studiues k\u00ebrkimor\u00eb-shkencor\u00eb t\u00eb k\u00ebtyre fushave, etj.), ku ofrohen mund\u00ebsi p\u00ebr njohuri t\u00eb reja dhe marrjen e tyre n\u00eb m\u00ebnyr\u00eb sa m\u00eb efektive. Kjo gj\u00eb \u00ebsht\u00eb arritur n\u00ebp\u00ebrmjet futjes s\u00eb teknologjis\u00eb s\u00eb re, sh\u00ebrbimeve t\u00eb kompjuterizuara, duke e kthyer k\u00ebt\u00eb bibliotek\u00eb me sh\u00ebrbime dhe fizionomi tradicionale n\u00eb nj\u00eb bibliotek\u00eb moderne e bashk\u00ebkohore. RRETH BIBLIO_POLIS Biblio_POLIS p\u00ebrfshin libra dhe materiale t\u00eb printuara dhe elektronike, t\u00eb cil\u00ebt i p\u00ebrkasin disiplinave t\u00eb ndryshme, por kryesisht deg\u00ebve t\u00eb Planifikimit Urban, Shkencave Kompjuterike, Art-Dizajnit, Arkitektur\u00ebs, Studimeve Mjedisore, Shkencave Sociale, Inxhinieri Nd\u00ebrtimi, Administrim Biznesi, Lidership dhe Sip\u00ebrmarrje, etj. K\u00ebto materiale bashk\u00ebkohore p\u00ebrfshijn\u00eb tekste t\u00eb r\u00ebnd\u00ebsishme t\u00eb shkruara n\u00eb gjuh\u00ebt primare t\u00eb folura e t\u00eb kuptuara n\u00eb Shqip\u00ebri: Shqip, Anglisht, Italisht. Ato p\u00ebrdit\u00ebsohen n\u00ebp\u00ebrmjet blerjeve t\u00eb vazhdueshme q\u00eb U_POLIS realizon n\u00ebp\u00ebrmjet librarive t\u00eb ndryshme komb\u00ebtare, nd\u00ebrkomb\u00ebtare dhe online. Biblio_POLIS \u00ebsht\u00eb e abonuar n\u00eb revista prestigjioze si\u00a0L\u2019Arca,\u00a0Domus,\u00a0Beaux Arts,\u00a0Computer Arts,\u00a0Detail,\u00a0Regional Studies, ejt., si dhe versionet online t\u00eb partner\u00ebve tan\u00eb,\u00a0Financat Publike Vendore,\u00a0Culturetheque, etj.\u00a0 E-LIBRARY: JSTOR Krahas ambienteve fizike t\u00eb Biblo_POLIS, ku ju mund t\u00eb gjeni mbi 10,000 tituj librash n\u00eb format fizik, tashm\u00eb keni mund\u00ebsin\u00eb t\u00eb aksesoni nj\u00eb nga librarit\u00eb m\u00eb t\u00eb larmishme ONLINE n\u00eb nivel nd\u00ebrkomb\u00ebtar, sikurse \u00ebsht\u00eb JSTOR. Secili an\u00ebtar i komunitetit POLIS, mund t\u00eb p\u00ebrdor k\u00ebto thesare p\u00ebr t\u00eb thelluar njohurit\u00eb dhe dijet n\u00eb fushat e interesit. Ju mund t\u00eb aksesoni k\u00ebt\u00eb bibliotek\u00eb online duke klikuar mbi link-un e m\u00eb posht\u00ebm:\u00a0 \u00a0 \u00a0 \u00a0\u00a0 JSTOR e-library\u00a0 P\u00ebrdorimi i tij \u00ebsht\u00eb shum\u00eb i leht\u00eb dhe tep\u00ebr komod. Mos nguroni ta p\u00ebrdorni sa m\u00eb shum\u00eb, n\u00eb k\u00ebt\u00eb m\u00ebnyr\u00eb do t\u00eb kuptoni vler\u00ebn dhe larmin\u00eb e sh\u00ebrbimit q\u00eb ato ofrojn\u00eb. \u201cPOLIS Book Club\u201d dhe \u201cPanairi i Librit @ POLIS\u201d Biblio_POLIS organizon prej disa vitesh me sukses aktivitetet e \u201cKlubit t\u00eb Miqve t\u00eb Librit\u201d dhe fushat\u00ebn \u201cDhuro nj\u00eb Lib\u00ebr @ POLIS\u201d ku ka angazhim nga student\u00ebt dhe stafi. Katalogu i Librave Fizik\u00eb P\u00ebrmes k\u00ebtij linku mund t\u00eb shihni t\u00eb gjitha kopertinat e librave fizik\u00eb q\u00eb ndodhen n\u00eb bibliotek\u00ebn e Universitetit POLIS: Shfleto katalogun !! Ju kujtojm\u00eb se marrja e librave b\u00ebhet vet\u00ebm fizikisht n\u00eb bibliotek\u00eb. P\u00ebr m\u00eb shum\u00eb informacione, kontaktoni: biblioteka@universitetipolis.edu.al<\/p>\n","protected":false},"author":6,"featured_media":0,"parent":0,"menu_order":0,"comment_status":"closed","ping_status":"closed","template":"","meta":{"footnotes":""},"class_list":["post-4119","page","type-page","status-publish","hentry","post-no-thumbnail"],"_links":{"self":[{"href":"https:\/\/universitetipolis.edu.al\/index.php?rest_route=\/wp\/v2\/pages\/4119","targetHints":{"allow":["GET"]}}],"collection":[{"href":"https:\/\/universitetipolis.edu.al\/index.php?rest_route=\/wp\/v2\/pages"}],"about":[{"href":"https:\/\/universitetipolis.edu.al\/index.php?rest_route=\/wp\/v2\/types\/page"}],"author":[{"embeddable":true,"href":"https:\/\/universitetipolis.edu.al\/index.php?rest_route=\/wp\/v2\/users\/6"}],"replies":[{"embeddable":true,"href":"https:\/\/universitetipolis.edu.al\/index.php?rest_route=%2Fwp%2Fv2%2Fcomments&post=4119"}],"version-history":[{"count":18,"href":"https:\/\/universitetipolis.edu.al\/index.php?rest_route=\/wp\/v2\/pages\/4119\/revisions"}],"predecessor-version":[{"id":29476,"href":"https:\/\/universitetipolis.edu.al\/index.php?rest_route=\/wp\/v2\/pages\/4119\/revisions\/29476"}],"wp:attachment":[{"href":"https:\/\/universitetipolis.edu.al\/index.php?rest_route=%2Fwp%2Fv2%2Fmedia&parent=4119"}],"curies":[{"name":"wp","href":"https:\/\/api.w.org\/{rel}","templated":true}]}}