{"id":4112,"date":"2022-05-12T14:53:31","date_gmt":"2022-05-12T12:53:31","guid":{"rendered":"https:\/\/universitetipolis.edu.al\/?page_id=4112"},"modified":"2022-10-25T20:44:58","modified_gmt":"2022-10-25T18:44:58","slug":"zyra-e-pranimeve","status":"publish","type":"page","link":"https:\/\/universitetipolis.edu.al\/?page_id=4112","title":{"rendered":"Zyra e pranimeve"},"content":{"rendered":"\t\t<div data-elementor-type=\"wp-page\" data-elementor-id=\"4112\" class=\"elementor elementor-4112\" data-elementor-post-type=\"page\">\n\t\t\t\t\t\t<section class=\"elementor-section elementor-top-section elementor-element elementor-element-378501b elementor-section-boxed elementor-section-gap-beside-yes elementor-section-height-default elementor-section-height-default elementor-section-column-vertical-align-stretch\" data-id=\"378501b\" data-element_type=\"section\" data-e-type=\"section\">\n\t\t\t\t\t\t<div class=\"elementor-container elementor-column-gap-extended\">\n\t\t\t\t\t<div class=\"elementor-column elementor-col-100 elementor-top-column elementor-element elementor-element-bd4cf09\" data-id=\"bd4cf09\" data-element_type=\"column\" data-e-type=\"column\">\n\t\t\t<div class=\"elementor-widget-wrap elementor-element-populated\">\n\t\t\t\t\t\t<div class=\"elementor-element elementor-element-70ce0ff elementor-widget elementor-widget-text-editor\" data-id=\"70ce0ff\" data-element_type=\"widget\" data-e-type=\"widget\" data-widget_type=\"text-editor.default\">\n\t\t\t\t<div class=\"elementor-widget-container\">\n\t\t\t\t\t\t\t\t\t<p>Universiteti POLIS, \u00ebsht\u00eb nj\u00eb platform\u00eb arsimore rajonale n\u00eb territorin e Ballkanit Per\u00ebndimor dhe Mesdheun Lindor, q\u00eb synon krijimin e nj\u00eb gjenerate t\u00eb re profesionist\u00ebsh dhe shkenc\u00ebtar\u00ebsh me \u201cp\u00ebrgjegj\u00ebsi sociale\u201d. U_POLIS ofron nj\u00eb \u201cgam\u00eb t\u00eb fokusuar studimesh n\u00eb Art-Dizajn, Arkitektur\u00eb, Planifikim Urban, Studime Mjedisore, Inxhinieri Nd\u00ebrtimi, Shkenca Kompjuterike, Eficience Energjitike, Mir\u00ebmbajtje Rrjetesh Kompjuterike, Administrim Biznesi, Sip\u00ebrmarrje, Lidership etj. Kategoria e niveleve t\u00eb studimeve q\u00eb ofrohet n\u00eb U_POLIS konsiston n\u00eb programet profesionale 2-vje\u00e7are, bachelor, programe t\u00eb intergruara 2-vje\u00e7are, master profesional, master shkencor, programe Doktorature, si dhe kurse pas-universitare t\u00eb formimit t\u00eb vazhduar etj.<\/p><ol><li><strong> PRANIMI N\u00cb PROGRAMET BACHELOR &amp; PROGRAME TE INTEGRUARA (5-vjecare)<\/strong><\/li><\/ol><p><em><b>1.1 Kriteret e pranimit<\/b><\/em><\/p><p>Pranimi kryhet n\u00eb p\u00ebrputhje me parashikimet e Ligjit 80\/2015 dhe Urdh\u00ebrit t\u00eb p\u00ebrvitsh\u00ebm t\u00eb MASR p\u00ebr pranimet e student\u00ebve, si dhe vendimit p\u00ebrkat\u00ebs t\u00eb p\u00ebrvitsh\u00ebm t\u00eb Senatit Akademik t\u00eb Universitetit POLIS. <strong>APLIKO K\u00cbTU<\/strong><\/p><p><a href=\"https:\/\/universitetipolis.edu.al\/bachelor\/\" target=\"_blank\" rel=\"noopener\">Shiko k\u00ebtu list\u00ebn e programeve Bachelor.\u00a0<\/a><\/p><p><a href=\"https:\/\/universitetipolis.edu.al\/programe-te-integruara\/\" target=\"_blank\" rel=\"noopener\">\u00a0Shiko k\u00ebtu list\u00ebn e programeve t\u00eb integruara 5-vjecare.\u00a0<\/a><\/p><p>Lejohen q\u00eb t\u00eb ndjekin studimet n\u00eb k\u00ebto programe studimi ata kandidat\u00eb q\u00eb:<\/p><p>Kan\u00eb p\u00ebrfunduar me sukses ciklin e arsimit t\u00eb mes\u00ebm dhe q\u00eb plot\u00ebsojn\u00eb kriterin e not\u00ebs mesatare t\u00eb p\u00ebrcaktuar \u00e7do vit me vendim t\u00eb K\u00ebshillit t\u00eb Ministrave ose zot\u00ebrojn\u00eb nj\u00eb diplom\u00eb ekuivalente studimi t\u00eb fituar jasht\u00eb vendit, t\u00eb njehsuar nga Qendra e Sh\u00ebrbimeve Arsimore.<\/p><p>Jan\u00eb fitues n\u00eb konkurimin midis kandidat\u00ebve aplikant\u00eb brenda kuotave t\u00eb pranimit t\u00eb paracaktuara \u00e7do vit nga universiteti, t\u00eb cilat shpallen n\u00eb mjediset e dukshme dhe n\u00eb faqen zyrtare t\u00eb universitetit dhe n\u00eb Portalin U-Albania n\u00eb p\u00ebputhje me Udh\u00ebzimin e p\u00ebrvitsh\u00ebm nga MASR.<\/p><p><strong>Plot\u00ebsojn\u00eb kriteret e tjera si vijon:<\/strong><\/p><ul><li>Mesatarja minimale e p\u00ebrcaktuar nga MASR \u2013 kriter p\u00ebrjashtues;<\/li><li>Mesatarja aritmetike \u2013 kriter rendit\u00ebs (me pesh\u00eb specifike 30%);<\/li><li>Test pranimi (me alternativa) \u2013 kriter rendit\u00ebs (me pesh\u00eb specifike 70%).<\/li><\/ul><p><strong>1.2 M\u00ebnyra e regjistrimit<\/strong><\/p><p>Hapat q\u00eb duhet t\u00eb ndiqen p\u00ebr tu regjistruar pran\u00eb Universitetit POLIS:<\/p><ul><li><strong>Hapi i par\u00eb:<\/strong> Pasi kandidati t\u00eb ket\u00eb plot\u00ebsuar formularin A1\/A1Z, mb\u00ebshtetur dhe n\u00eb zbatimin e legjislacionit n\u00eb fuqi dhe eksperiencat e deri tanishme, n\u00eb muajin korrik t\u00eb cdo viti duhet t\u00eb plot\u00ebsojn\u00eb Formularin e Aplikimit n\u00eb Portalin e Matur\u00ebs Shtet\u00ebrore t\u00eb Rrjetit Akademik Shqiptar (RASH &#8211; <a href=\"https:\/\/ualbania.al\/\" target=\"_blank\" rel=\"noopener\">https:\/\/ualbania.al\/<\/a>)<\/li><li><strong>Hapi i dyt\u00eb:<\/strong> Universiteti POLIS n\u00eb muajin gusht, shpall list\u00ebn e aplikant\u00ebve p\u00ebr \u00e7do program studimi.<\/li><li><strong>Hapi i tret\u00eb<\/strong>: Po n\u00eb muajin gusht, Universiteti POLIS shpall list\u00ebn p\u00ebrfundimtare t\u00eb fituesve p\u00ebr \u00e7do program studimi.<\/li><li><strong>Hapi i kat\u00ebrt<\/strong>: Kandidat\u00ebt fitues kryejn\u00eb regjistrimin p\u00ebrfundimtar n\u00eb programin e studimit ku jan\u00eb shpallur fitues duke dor\u00ebzuar vet\u00eb ose n\u00ebp\u00ebrmjet nj\u00eb personi t\u00eb autorizuar dokumentacionin e nevojsh\u00ebm p\u00ebr regjistrim.<\/li><\/ul><p><strong>1.3 Dokumentacioni p\u00ebr regjistrim<\/strong><\/p><p>Dokumentacioni i nevojsh\u00ebm p\u00ebr realizmin e regjistrimit p\u00ebrfundimtar pran\u00eb Universitetit POLIS, n\u00eb zbatim t\u00eb udh\u00ebzimit p\u00ebr pranimet e reja nga MASR \u00ebsht\u00eb subjekt rishikimi i p\u00ebrvitsh\u00ebm. Gjithsesi dokumentacioni baz\u00eb konsiston n\u00eb <strong>shiko k\u00ebtu.<\/strong><\/p><ol start=\"2\"><li><strong> PRANIMI N\u00cb PROGRAMET MASTER (MSC. &amp; MP)<\/strong><\/li><\/ol><p><em><b>2.1 Kriteret e pranimit<\/b><\/em><\/p><p>N\u00eb k\u00ebto programe studimi kan\u00eb t\u00eb drejt\u00eb t\u00eb aplikojn\u00eb t\u00eb gjith\u00eb ata kandidat\u00eb q\u00eb:<\/p><ul><li>Kan\u00eb p\u00ebrfunduar me sukses studimet p\u00ebrkat\u00ebse n\u00eb nj\u00eb program t\u00eb ciklit t\u00eb par\u00eb, i cili rezulton i licensuar n\u00eb momentin e regjistrimit t\u00eb studentit, dhe akredituar n\u00eb momentin e diplomimit t\u00eb tij.<\/li><li>Jan\u00eb diplomuar jasht\u00eb vendit n\u00eb nj\u00eb program t\u00eb ciklit t\u00eb par\u00eb, t\u00eb akredituar. Si dhe t\u00eb ket\u00eb kryer nj\u00ebhsimin e diplom\u00ebs pran\u00eb QSHA-s\u00eb, brenda afateve t\u00eb p\u00ebrcaktuara n\u00eb udh\u00ebzimin e p\u00ebrvitsh\u00ebm t\u00eb MASR, p\u00ebr pranimet e reja.<\/li><\/ul><p><strong>2.2 M\u00ebnyra e regjistrimit<\/strong><\/p><ul><li>Hapi i par\u00eb: T\u00eb gjith\u00eb kandidat\u00ebt e interesuar pasi kan\u00eb aplikuar n\u00eb afatet e caktuara pran\u00eb Universitetit POLIS, nga departamentet p\u00ebrgjegj\u00ebse realizohet shqyrtimi i dosjeve t\u00eb kandidat\u00ebve sipas kritereve t\u00eb deklaruara cdo vit n\u00eb MASR.<\/li><li>Hapi i dyt\u00eb: Universiteti POLIS shpall list\u00ebn e kandidat\u00ebve fitues n\u00eb portalin https:\/\/ualbania.al\/ p\u00ebr \u00e7do program studimi.<\/li><li>Hapi i tret\u00eb: Kandidat\u00ebt fitues kryejn\u00eb regjistrimin p\u00ebrfundimtar n\u00eb programin e studimit ku jan\u00eb shpallur fitues duke dor\u00ebzuar vet\u00eb ose n\u00ebp\u00ebrmjet nj\u00eb personi t\u00eb autorizuar dokumentacionin e nevojsh\u00ebm p\u00ebr regjistrim.<\/li><\/ul><p><strong>2.3 Dokumentacioni p\u00ebr regjistrim<\/strong><\/p><p>Dokumentacioni i nevojsh\u00ebm p\u00ebr realizmin e regjistrimit p\u00ebrfundimtar n\u00eb k\u00ebto programe studimi pran\u00eb Universitetit POLIS, n\u00eb zbatim t\u00eb udh\u00ebzimit p\u00ebr pranimet e reja nga MASR \u00ebsht\u00eb subjekt rishikimi i p\u00ebrvitsh\u00ebm. Dokumentacioni baz\u00eb konsiston n\u00eb <strong>shiko k\u00ebtu.<\/strong><\/p><p><a href=\"https:\/\/universitetipolis.edu.al\/master\/profesional\/\" target=\"_blank\" rel=\"noopener\">Shiko k\u00ebtu list\u00ebn e programeve Master Profesional.\u00a0<\/a><\/p><p><a href=\"https:\/\/universitetipolis.edu.al\/master\/shkencor\/\" target=\"_blank\" rel=\"noopener\">Shiko k\u00ebtu list\u00ebn e programeve Master i Shkencave.\u00a0<\/a><\/p><ol start=\"3\"><li><strong> PRANIMI N\u00cb MASTER EKZEKUTIV &amp; DOKTORATUR\u00cb<\/strong><\/li><\/ol><p>Universiteti POLIS n\u00eb bashk\u00ebpunim me Universitetin e Ferrares n\u00eb Itali, organizon programin e p\u00ebrbashk\u00ebt t\u00eb ciklit t\u00eb tret\u00eb, Doktoratur\u00eb n\u00eb Arkitektur\u00eb dhe Planifikim Urban. N\u00eb p\u00ebrfundimin t\u00eb k\u00ebtij programi, student\u00ebt pajisen me diplom\u00eb t\u00eb dyfisht\u00eb, nga Universiteti POLIS, dhe nga ai i Ferrares.<\/p><p>P\u00ebr m\u00eb shum\u00eb rreth m\u00ebnyr\u00ebs s\u00eb pranimit, organizimit <a href=\"https:\/\/universitetipolis.edu.al\/programe-doktorature\/\" target=\"_blank\" rel=\"noopener\">shiko k\u00ebtu<\/a>.<\/p><ol start=\"4\"><li><strong> PRANIMI N\u00cb KURSET E FORMIMIT T\u00cb VAZHDUAR<\/strong><\/li><\/ol><p>Universiteti POLIS p\u00ebrves programeve t\u00eb studimit, p\u00ebr t\u00eb gjith\u00eb personat e interesuar p\u00ebr t\u00eb thelluar njohurit\u00eb dhe p\u00ebr t\u2019u kualifikuar m\u00eb tej si eksperte n\u00eb kurse t\u00eb formimit t\u00eb vazhduar, tashm\u00eb ofron tre t\u00eb tilla:<\/p><ul><li>Vler\u00ebsues p\u00ebr tok\u00eb bujq\u00ebsore, tok\u00eb pyjore, livadh dhe tok\u00eb t\u00eb pafrutshme.<\/li><li>Vler\u00ebsues t\u00eb Pasurive t\u00eb Paluajtshme Nd\u00ebrtes\u00eb dhe Truall<\/li><li>Kursi i Audituesit Energjitik<\/li><\/ul><p>Programet jan\u00eb aprovuar\/mb\u00ebshtetur nga Ministria e Infrastruktur\u00ebs dhe Energjitik\u00ebs, dhe Ministria e Arsimit. N\u00eb p\u00ebrfundim t\u00eb kursit, kandidat\u00ebt marrin certifikat\u00ebn e programit t\u00eb formimit t\u00eb vazhduar, e cila lejon m\u00eb pas pajisjen e kandidatit me licens\u00ebn p\u00ebrkat\u00ebse.<\/p><ol start=\"5\"><li><strong> BURSAT E STUDIMIT<\/strong><\/li><\/ol><p>Universiteti POLIS, me q\u00ebllim promovimin e cil\u00ebsis\u00eb, n\u00ebp\u00ebrmjet \u201cBordit t\u00eb Themeluesve\u201d dhe \u201cRektoratit\u201d b\u00ebn t\u00eb mundur krijimin e disa politikave stimuluese q\u00eb ndihmojn\u00eb student\u00ebt e suksessh\u00ebm n\u00eb tarif\u00ebn e programit t\u00eb studimit q\u00eb ata ndjekin. Ku leht\u00ebsim \u00ebsht\u00eb i lidhur ngusht\u00eb me cil\u00ebsin\u00eb e student\u00ebve t\u00eb cil\u00ebt duhet t\u00eb ken\u00eb dhe vazhdojn\u00eb t\u00eb mbajn\u00eb nj\u00eb mesatare t\u00eb caktuar, q\u00eb nga momenti i pranimit dhe deri n\u00eb diplomim.<\/p><p>P\u00ebr t\u00eb kuptuar m\u00eb konkretisht shiko kategorit\u00eb e bursave t\u00eb ofruara ose kontakto: <a href=\"mailto:marketim@universitetipolis.edu.al\">marketim@universitetipolis.edu.al<\/a><\/p><p><b>P\u00ebr cdo paqart\u00ebsi na kontaktoni n\u00eb:\u00a0<\/b><\/p><ul><li>FB<a href=\"https:\/\/www.facebook.com\/polisuniversity\/\" target=\"_blank\" rel=\"noopener\"> @Universiteti POLIS<\/a><\/li><li>Instagram <a href=\"https:\/\/www.instagram.com\/polisuniversity\/\" target=\"_blank\" rel=\"noopener\">@polisuniversity<\/a>\u00a0<\/li><li><p>Cel: +355 69 40 88 111\/+355 69 40 61 339 \u00a0(Whatsapp, Viber dhe Messenger).<\/p><p>P\u00ebr nj\u00eb t\u00eb ardhme t\u00eb sigurt dhe cil\u00ebsore Ne kujdesemi s\u00eb bashku!<\/p><p>Universiteti POLIS &#8211; Hap\u00ebsir\u00eb p\u00ebr mendimin!<\/p><\/li><\/ul>\t\t\t\t\t\t\t\t<\/div>\n\t\t\t\t<\/div>\n\t\t\t\t\t<\/div>\n\t\t<\/div>\n\t\t\t\t\t<\/div>\n\t\t<\/section>\n\t\t\t\t<\/div>\n\t\t","protected":false},"excerpt":{"rendered":"<p>Universiteti POLIS, \u00ebsht\u00eb nj\u00eb platform\u00eb arsimore rajonale n\u00eb territorin e Ballkanit Per\u00ebndimor dhe Mesdheun Lindor, q\u00eb synon krijimin e nj\u00eb gjenerate t\u00eb re profesionist\u00ebsh dhe shkenc\u00ebtar\u00ebsh me \u201cp\u00ebrgjegj\u00ebsi sociale\u201d. U_POLIS ofron nj\u00eb \u201cgam\u00eb t\u00eb fokusuar studimesh n\u00eb Art-Dizajn, Arkitektur\u00eb, Planifikim Urban, Studime Mjedisore, Inxhinieri Nd\u00ebrtimi, Shkenca Kompjuterike, Eficience Energjitike, Mir\u00ebmbajtje Rrjetesh Kompjuterike, Administrim Biznesi, Sip\u00ebrmarrje, Lidership etj. Kategoria e niveleve t\u00eb studimeve q\u00eb ofrohet n\u00eb U_POLIS konsiston n\u00eb programet profesionale 2-vje\u00e7are, bachelor, programe t\u00eb intergruara 2-vje\u00e7are, master profesional, master shkencor, programe Doktorature, si dhe kurse pas-universitare t\u00eb formimit t\u00eb vazhduar etj. PRANIMI N\u00cb PROGRAMET BACHELOR &amp; PROGRAME TE INTEGRUARA (5-vjecare) 1.1 Kriteret e pranimit Pranimi kryhet n\u00eb p\u00ebrputhje me parashikimet e Ligjit 80\/2015 dhe Urdh\u00ebrit t\u00eb p\u00ebrvitsh\u00ebm t\u00eb MASR p\u00ebr pranimet e student\u00ebve, si dhe vendimit p\u00ebrkat\u00ebs t\u00eb p\u00ebrvitsh\u00ebm t\u00eb Senatit Akademik t\u00eb Universitetit POLIS. APLIKO K\u00cbTU Shiko k\u00ebtu list\u00ebn e programeve Bachelor.\u00a0 \u00a0Shiko k\u00ebtu list\u00ebn e programeve t\u00eb integruara 5-vjecare.\u00a0 Lejohen q\u00eb t\u00eb ndjekin studimet n\u00eb k\u00ebto programe studimi ata kandidat\u00eb q\u00eb: Kan\u00eb p\u00ebrfunduar me sukses ciklin e arsimit t\u00eb mes\u00ebm dhe q\u00eb plot\u00ebsojn\u00eb kriterin e not\u00ebs mesatare t\u00eb p\u00ebrcaktuar \u00e7do vit me vendim t\u00eb K\u00ebshillit t\u00eb Ministrave ose zot\u00ebrojn\u00eb nj\u00eb diplom\u00eb ekuivalente studimi t\u00eb fituar jasht\u00eb vendit, t\u00eb njehsuar nga Qendra e Sh\u00ebrbimeve Arsimore. Jan\u00eb fitues n\u00eb konkurimin midis kandidat\u00ebve aplikant\u00eb brenda kuotave t\u00eb pranimit t\u00eb paracaktuara \u00e7do vit nga universiteti, t\u00eb cilat shpallen n\u00eb mjediset e dukshme dhe n\u00eb faqen zyrtare t\u00eb universitetit dhe n\u00eb Portalin U-Albania n\u00eb p\u00ebputhje me Udh\u00ebzimin e p\u00ebrvitsh\u00ebm nga MASR. Plot\u00ebsojn\u00eb kriteret e tjera si vijon: Mesatarja minimale e p\u00ebrcaktuar nga MASR \u2013 kriter p\u00ebrjashtues; Mesatarja aritmetike \u2013 kriter rendit\u00ebs (me pesh\u00eb specifike 30%); Test pranimi (me alternativa) \u2013 kriter rendit\u00ebs (me pesh\u00eb specifike 70%). 1.2 M\u00ebnyra e regjistrimit Hapat q\u00eb duhet t\u00eb ndiqen p\u00ebr tu regjistruar pran\u00eb Universitetit POLIS: Hapi i par\u00eb: Pasi kandidati t\u00eb ket\u00eb plot\u00ebsuar formularin A1\/A1Z, mb\u00ebshtetur dhe n\u00eb zbatimin e legjislacionit n\u00eb fuqi dhe eksperiencat e deri tanishme, n\u00eb muajin korrik t\u00eb cdo viti duhet t\u00eb plot\u00ebsojn\u00eb Formularin e Aplikimit n\u00eb Portalin e Matur\u00ebs Shtet\u00ebrore t\u00eb Rrjetit Akademik Shqiptar (RASH &#8211; https:\/\/ualbania.al\/) Hapi i dyt\u00eb: Universiteti POLIS n\u00eb muajin gusht, shpall list\u00ebn e aplikant\u00ebve p\u00ebr \u00e7do program studimi. Hapi i tret\u00eb: Po n\u00eb muajin gusht, Universiteti POLIS shpall list\u00ebn p\u00ebrfundimtare t\u00eb fituesve p\u00ebr \u00e7do program studimi. Hapi i kat\u00ebrt: Kandidat\u00ebt fitues kryejn\u00eb regjistrimin p\u00ebrfundimtar n\u00eb programin e studimit ku jan\u00eb shpallur fitues duke dor\u00ebzuar vet\u00eb ose n\u00ebp\u00ebrmjet nj\u00eb personi t\u00eb autorizuar dokumentacionin e nevojsh\u00ebm p\u00ebr regjistrim. 1.3 Dokumentacioni p\u00ebr regjistrim Dokumentacioni i nevojsh\u00ebm p\u00ebr realizmin e regjistrimit p\u00ebrfundimtar pran\u00eb Universitetit POLIS, n\u00eb zbatim t\u00eb udh\u00ebzimit p\u00ebr pranimet e reja nga MASR \u00ebsht\u00eb subjekt rishikimi i p\u00ebrvitsh\u00ebm. Gjithsesi dokumentacioni baz\u00eb konsiston n\u00eb shiko k\u00ebtu. PRANIMI N\u00cb PROGRAMET MASTER (MSC. &amp; MP) 2.1 Kriteret e pranimit N\u00eb k\u00ebto programe studimi kan\u00eb t\u00eb drejt\u00eb t\u00eb aplikojn\u00eb t\u00eb gjith\u00eb ata kandidat\u00eb q\u00eb: Kan\u00eb p\u00ebrfunduar me sukses studimet p\u00ebrkat\u00ebse n\u00eb nj\u00eb program t\u00eb ciklit t\u00eb par\u00eb, i cili rezulton i licensuar n\u00eb momentin e regjistrimit t\u00eb studentit, dhe akredituar n\u00eb momentin e diplomimit t\u00eb tij. Jan\u00eb diplomuar jasht\u00eb vendit n\u00eb nj\u00eb program t\u00eb ciklit t\u00eb par\u00eb, t\u00eb akredituar. Si dhe t\u00eb ket\u00eb kryer nj\u00ebhsimin e diplom\u00ebs pran\u00eb QSHA-s\u00eb, brenda afateve t\u00eb p\u00ebrcaktuara n\u00eb udh\u00ebzimin e p\u00ebrvitsh\u00ebm t\u00eb MASR, p\u00ebr pranimet e reja. 2.2 M\u00ebnyra e regjistrimit Hapi i par\u00eb: T\u00eb gjith\u00eb kandidat\u00ebt e interesuar pasi kan\u00eb aplikuar n\u00eb afatet e caktuara pran\u00eb Universitetit POLIS, nga departamentet p\u00ebrgjegj\u00ebse realizohet shqyrtimi i dosjeve t\u00eb kandidat\u00ebve sipas kritereve t\u00eb deklaruara cdo vit n\u00eb MASR. Hapi i dyt\u00eb: Universiteti POLIS shpall list\u00ebn e kandidat\u00ebve fitues n\u00eb portalin https:\/\/ualbania.al\/ p\u00ebr \u00e7do program studimi. Hapi i tret\u00eb: Kandidat\u00ebt fitues kryejn\u00eb regjistrimin p\u00ebrfundimtar n\u00eb programin e studimit ku jan\u00eb shpallur fitues duke dor\u00ebzuar vet\u00eb ose n\u00ebp\u00ebrmjet nj\u00eb personi t\u00eb autorizuar dokumentacionin e nevojsh\u00ebm p\u00ebr regjistrim. 2.3 Dokumentacioni p\u00ebr regjistrim Dokumentacioni i nevojsh\u00ebm p\u00ebr realizmin e regjistrimit p\u00ebrfundimtar n\u00eb k\u00ebto programe studimi pran\u00eb Universitetit POLIS, n\u00eb zbatim t\u00eb udh\u00ebzimit p\u00ebr pranimet e reja nga MASR \u00ebsht\u00eb subjekt rishikimi i p\u00ebrvitsh\u00ebm. Dokumentacioni baz\u00eb konsiston n\u00eb shiko k\u00ebtu. Shiko k\u00ebtu list\u00ebn e programeve Master Profesional.\u00a0 Shiko k\u00ebtu list\u00ebn e programeve Master i Shkencave.\u00a0 PRANIMI N\u00cb MASTER EKZEKUTIV &amp; DOKTORATUR\u00cb Universiteti POLIS n\u00eb bashk\u00ebpunim me Universitetin e Ferrares n\u00eb Itali, organizon programin e p\u00ebrbashk\u00ebt t\u00eb ciklit t\u00eb tret\u00eb, Doktoratur\u00eb n\u00eb Arkitektur\u00eb dhe Planifikim Urban. N\u00eb p\u00ebrfundimin t\u00eb k\u00ebtij programi, student\u00ebt pajisen me diplom\u00eb t\u00eb dyfisht\u00eb, nga Universiteti POLIS, dhe nga ai i Ferrares. P\u00ebr m\u00eb shum\u00eb rreth m\u00ebnyr\u00ebs s\u00eb pranimit, organizimit shiko k\u00ebtu. PRANIMI N\u00cb KURSET E FORMIMIT T\u00cb VAZHDUAR Universiteti POLIS p\u00ebrves programeve t\u00eb studimit, p\u00ebr t\u00eb gjith\u00eb personat e interesuar p\u00ebr t\u00eb thelluar njohurit\u00eb dhe p\u00ebr t\u2019u kualifikuar m\u00eb tej si eksperte n\u00eb kurse t\u00eb formimit t\u00eb vazhduar, tashm\u00eb ofron tre t\u00eb tilla: Vler\u00ebsues p\u00ebr tok\u00eb bujq\u00ebsore, tok\u00eb pyjore, livadh dhe tok\u00eb t\u00eb pafrutshme. Vler\u00ebsues t\u00eb Pasurive t\u00eb Paluajtshme Nd\u00ebrtes\u00eb dhe Truall Kursi i Audituesit Energjitik Programet jan\u00eb aprovuar\/mb\u00ebshtetur nga Ministria e Infrastruktur\u00ebs dhe Energjitik\u00ebs, dhe Ministria e Arsimit. N\u00eb p\u00ebrfundim t\u00eb kursit, kandidat\u00ebt marrin certifikat\u00ebn e programit t\u00eb formimit t\u00eb vazhduar, e cila lejon m\u00eb pas pajisjen e kandidatit me licens\u00ebn p\u00ebrkat\u00ebse. BURSAT E STUDIMIT Universiteti POLIS, me q\u00ebllim promovimin e cil\u00ebsis\u00eb, n\u00ebp\u00ebrmjet \u201cBordit t\u00eb Themeluesve\u201d dhe \u201cRektoratit\u201d b\u00ebn t\u00eb mundur krijimin e disa politikave stimuluese q\u00eb ndihmojn\u00eb student\u00ebt e suksessh\u00ebm n\u00eb tarif\u00ebn e programit t\u00eb studimit q\u00eb ata ndjekin. Ku leht\u00ebsim \u00ebsht\u00eb i lidhur ngusht\u00eb me cil\u00ebsin\u00eb e student\u00ebve t\u00eb cil\u00ebt duhet t\u00eb ken\u00eb dhe vazhdojn\u00eb t\u00eb mbajn\u00eb nj\u00eb mesatare t\u00eb caktuar, q\u00eb nga momenti i pranimit dhe deri n\u00eb diplomim. P\u00ebr t\u00eb kuptuar m\u00eb konkretisht shiko kategorit\u00eb e bursave t\u00eb ofruara ose kontakto: marketim@universitetipolis.edu.al P\u00ebr cdo paqart\u00ebsi na kontaktoni n\u00eb:\u00a0 FB @Universiteti POLIS Instagram @polisuniversity\u00a0 Cel: +355 69 40 88 111\/+355 69 40 61 339 \u00a0(Whatsapp, Viber dhe Messenger). P\u00ebr nj\u00eb t\u00eb ardhme t\u00eb sigurt dhe cil\u00ebsore Ne kujdesemi s\u00eb bashku! Universiteti POLIS &#8211; Hap\u00ebsir\u00eb p\u00ebr mendimin!<\/p>\n","protected":false},"author":6,"featured_media":0,"parent":0,"menu_order":0,"comment_status":"closed","ping_status":"closed","template":"","meta":{"footnotes":""},"class_list":["post-4112","page","type-page","status-publish","hentry","post-no-thumbnail"],"_links":{"self":[{"href":"https:\/\/universitetipolis.edu.al\/index.php?rest_route=\/wp\/v2\/pages\/4112","targetHints":{"allow":["GET"]}}],"collection":[{"href":"https:\/\/universitetipolis.edu.al\/index.php?rest_route=\/wp\/v2\/pages"}],"about":[{"href":"https:\/\/universitetipolis.edu.al\/index.php?rest_route=\/wp\/v2\/types\/page"}],"author":[{"embeddable":true,"href":"https:\/\/universitetipolis.edu.al\/index.php?rest_route=\/wp\/v2\/users\/6"}],"replies":[{"embeddable":true,"href":"https:\/\/universitetipolis.edu.al\/index.php?rest_route=%2Fwp%2Fv2%2Fcomments&post=4112"}],"version-history":[{"count":0,"href":"https:\/\/universitetipolis.edu.al\/index.php?rest_route=\/wp\/v2\/pages\/4112\/revisions"}],"wp:attachment":[{"href":"https:\/\/universitetipolis.edu.al\/index.php?rest_route=%2Fwp%2Fv2%2Fmedia&parent=4112"}],"curies":[{"name":"wp","href":"https:\/\/api.w.org\/{rel}","templated":true}]}}