{"id":4106,"date":"2022-05-12T14:52:12","date_gmt":"2022-05-12T12:52:12","guid":{"rendered":"https:\/\/universitetipolis.edu.al\/?page_id=4106"},"modified":"2026-04-07T13:03:27","modified_gmt":"2026-04-07T11:03:27","slug":"rregulla-te-rendesishme","status":"publish","type":"page","link":"https:\/\/universitetipolis.edu.al\/?page_id=4106","title":{"rendered":"Rregulla t\u00eb R\u00ebnd\u00ebsishme"},"content":{"rendered":"\t\t<div data-elementor-type=\"wp-page\" data-elementor-id=\"4106\" class=\"elementor elementor-4106\" data-elementor-post-type=\"page\">\n\t\t\t\t\t\t<section class=\"elementor-section elementor-top-section elementor-element elementor-element-9d168c4 elementor-section-boxed elementor-section-gap-beside-yes elementor-section-height-default elementor-section-height-default elementor-section-column-vertical-align-stretch\" data-id=\"9d168c4\" data-element_type=\"section\" data-e-type=\"section\">\n\t\t\t\t\t\t<div class=\"elementor-container elementor-column-gap-extended\">\n\t\t\t\t\t<div class=\"elementor-column elementor-col-100 elementor-top-column elementor-element elementor-element-ab7a7c8\" data-id=\"ab7a7c8\" data-element_type=\"column\" data-e-type=\"column\">\n\t\t\t<div class=\"elementor-widget-wrap elementor-element-populated\">\n\t\t\t\t\t\t<div class=\"elementor-element elementor-element-a0e9fa1 elementor-widget elementor-widget-text-editor\" data-id=\"a0e9fa1\" data-element_type=\"widget\" data-e-type=\"widget\" data-widget_type=\"text-editor.default\">\n\t\t\t\t<div class=\"elementor-widget-container\">\n\t\t\t\t\t\t\t\t\t<p>Jeta akademike e student\u00ebve p\u00ebrgjat\u00eb studimeve universitare n\u00eb Universitetin POLIS, rregullohet n\u00ebp\u00ebrmjet akteve n\u00ebnligjore dhe rregulloreve p\u00ebrkat\u00ebse t\u00eb cilat jan\u00eb t\u00eb parashikuara edhe n\u00eb Statutin e universitetit.\u00a0<\/p><p>Disa nga dokumentet kryesore p\u00ebr rregullimin e k\u00ebtyre pro\u00e7eseve konsistojn\u00eb si m\u00eb posht\u00eb:<\/p><ol><li><a href=\"https:\/\/universitetipolis.edu.al\/wp-content\/uploads\/2022\/09\/1.-Rregullore-Didaktike-e-Universitetit-POLIS.pdf\" rel=\"noopener\">Rregullore Didaktike<\/a><\/li><li><a href=\"https:\/\/universitetipolis.edu.al\/wp-content\/uploads\/2022\/09\/2.-Rregullore-per-percaktimin-e-Kodit-te-Etikes-ne-Universitetin-POLIS.pdf\" rel=\"noopener\">Rregullore e Etik\u00ebs<\/a><\/li><li><a href=\"https:\/\/universitetipolis.edu.al\/wp-content\/uploads\/2022\/09\/3.-Udhezues-i-hartuar-gjate-pandemise-COVID-19.pdf\" rel=\"noopener\">Udh\u00ebzues i hartuar gjat\u00eb pandemis\u00eb COVID-19<\/a><\/li><li><a href=\"https:\/\/universitetipolis.edu.al\/wp-content\/uploads\/2025\/01\/Rregullore-Provimesh_24-2025.pdf\" rel=\"noopener\">Rregulla baz\u00eb p\u00ebr sezonin e provimeve<\/a><\/li><li><p><a href=\"https:\/\/universitetipolis.edu.al\/wp-content\/uploads\/2026\/01\/U_POLIS-Plan-Evakuimi.pdf\" target=\"_blank\" rel=\"noopener\">Protokoll Evakuimi N\u00eb Rast Aktiviteti Sizmik<\/a><\/p><\/li><\/ol><p>Guida e Studentit \u00ebsht\u00eb nj\u00eb material p\u00ebrmbledh\u00ebs informues mbi Universitetin POLIS dhe jet\u00ebn studentore n\u00eb t\u00ebr\u00ebsi. Kjo guid\u00eb u jep mund\u00ebsin\u00eb student\u00ebve t\u00eb POLIS, t\u00eb njihen me strukturat e institucionit, fakultetet dhe deg\u00ebt p\u00ebrkat\u00ebse si dhe rregulloren e U_POLIS. Gjithashtu, k\u00ebtu p\u00ebrfshihen dhe informacione t\u00eb detajuara t\u00eb kurrikulave e programeve akademike, ambienteve t\u00eb universitetit dhe m\u00ebnyrat e p\u00ebrdorimit t\u00eb tyre.<\/p><p>Pjes\u00eb e Guid\u00ebs s\u00eb Studentit, jan\u00eb edhe strukturat studentore: Shoqata Studentore, Zyra e Mb\u00ebshtetjes s\u00eb Student\u00ebve dhe K\u00ebshillimit t\u00eb Karrier\u00ebs dhe Shoqata Alumni. Njohja me k\u00ebto nj\u00ebsi, si dhe me aktivitetet e ndryshme q\u00eb organizohen n\u00eb kampus, plot\u00ebsojn\u00eb t\u00eb gjith\u00eb panoram\u00ebn e jet\u00ebs akademike, profesionale dhe sociale n\u00eb U_POLIS.<\/p>\t\t\t\t\t\t\t\t<\/div>\n\t\t\t\t<\/div>\n\t\t\t\t\t<\/div>\n\t\t<\/div>\n\t\t\t\t\t<\/div>\n\t\t<\/section>\n\t\t\t\t<section class=\"elementor-section elementor-top-section elementor-element elementor-element-7668b1d elementor-section-boxed elementor-section-gap-beside-yes elementor-section-height-default elementor-section-height-default elementor-section-column-vertical-align-stretch\" data-id=\"7668b1d\" data-element_type=\"section\" data-e-type=\"section\">\n\t\t\t\t\t\t<div class=\"elementor-container elementor-column-gap-extended\">\n\t\t\t\t\t<div class=\"elementor-column elementor-col-33 elementor-top-column elementor-element elementor-element-15fe5c0\" data-id=\"15fe5c0\" data-element_type=\"column\" data-e-type=\"column\">\n\t\t\t<div class=\"elementor-widget-wrap elementor-element-populated\">\n\t\t\t\t\t\t<div class=\"elementor-element elementor-element-946cb3e unicamp-animation-zoom-in unicamp-graphic-position-top elementor-widget elementor-widget-tm-cover-image-box\" data-id=\"946cb3e\" data-element_type=\"widget\" data-e-type=\"widget\" data-widget_type=\"tm-cover-image-box.default\">\n\t\t\t\t<div class=\"elementor-widget-container\">\n\t\t\t\t\t\t\t<a class=\"tm-cover-image-box unicamp-box style-03 link-secret\" href=\"https:\/\/universitetipolis.edu.al\/wp-content\/uploads\/2022\/09\/1.-Rregullore-Didaktike-e-Universitetit-POLIS.pdf\">\t\t<div class=\"content-wrap\">\n\t\t\t\t\t\t\t<div class=\"unicamp-image image\">\n\t\t\t\t\t<img decoding=\"async\"  loading=\"lazy\" src=\"https:\/\/universitetipolis.edu.al\/wp-content\/uploads\/2023\/02\/regulation-osscc-min-scaled.jpg\" alt=\"regulation osscc-min\" \/>\t\t\t\t<\/div>\n\t\t\t\t\t\t<div class=\"box-caption-wrap\">\n\t\t\t\t<div class=\"box-caption\">\n\t\t\t\t\t<h3 class=\"title\">Rregullore Didaktike e Universitetit POLIS<\/h3>\n\t\t\t\t\t\n\t\t\t\t\t\t\t\t\t<\/div>\n\t\t\t<\/div>\n\t\t<\/div>\n\t\t<\/a>\t\t\t\t\t\t<\/div>\n\t\t\t\t<\/div>\n\t\t\t\t\t<\/div>\n\t\t<\/div>\n\t\t\t\t<div class=\"elementor-column elementor-col-33 elementor-top-column elementor-element elementor-element-2c3a56a\" data-id=\"2c3a56a\" data-element_type=\"column\" data-e-type=\"column\">\n\t\t\t<div class=\"elementor-widget-wrap elementor-element-populated\">\n\t\t\t\t\t\t<div class=\"elementor-element elementor-element-9f5491e unicamp-animation-zoom-in unicamp-graphic-position-top elementor-widget elementor-widget-tm-cover-image-box\" data-id=\"9f5491e\" data-element_type=\"widget\" data-e-type=\"widget\" data-widget_type=\"tm-cover-image-box.default\">\n\t\t\t\t<div class=\"elementor-widget-container\">\n\t\t\t\t\t\t\t<a class=\"tm-cover-image-box unicamp-box style-03 link-secret\" href=\"https:\/\/universitetipolis.edu.al\/wp-content\/uploads\/2022\/09\/2.-Rregullore-per-percaktimin-e-Kodit-te-Etikes-ne-Universitetin-POLIS.pdf\">\t\t<div class=\"content-wrap\">\n\t\t\t\t\t\t\t<div class=\"unicamp-image image\">\n\t\t\t\t\t<img decoding=\"async\"  loading=\"lazy\" src=\"https:\/\/universitetipolis.edu.al\/wp-content\/uploads\/2023\/02\/struktura-e-keshillit-studentor-scaled.jpg\" alt=\"struktura e keshillit studentor\" \/>\t\t\t\t<\/div>\n\t\t\t\t\t\t<div class=\"box-caption-wrap\">\n\t\t\t\t<div class=\"box-caption\">\n\t\t\t\t\t<h3 class=\"title\">Rregullore e Etik\u00ebs<\/h3>\n\t\t\t\t\t\n\t\t\t\t\t\t\t\t\t<\/div>\n\t\t\t<\/div>\n\t\t<\/div>\n\t\t<\/a>\t\t\t\t\t\t<\/div>\n\t\t\t\t<\/div>\n\t\t\t\t\t<\/div>\n\t\t<\/div>\n\t\t\t\t<div class=\"elementor-column elementor-col-33 elementor-top-column elementor-element elementor-element-4012a03\" data-id=\"4012a03\" data-element_type=\"column\" data-e-type=\"column\">\n\t\t\t<div class=\"elementor-widget-wrap elementor-element-populated\">\n\t\t\t\t\t\t<div class=\"elementor-element elementor-element-9a03b28 unicamp-animation-zoom-in unicamp-graphic-position-top elementor-widget elementor-widget-tm-cover-image-box\" data-id=\"9a03b28\" data-element_type=\"widget\" data-e-type=\"widget\" data-widget_type=\"tm-cover-image-box.default\">\n\t\t\t\t<div class=\"elementor-widget-container\">\n\t\t\t\t\t\t\t<a class=\"tm-cover-image-box unicamp-box style-03 link-secret\" href=\"https:\/\/universitetipolis.edu.al\/wp-content\/uploads\/2022\/09\/3.-Udhezues-i-hartuar-gjate-pandemise-COVID-19-1.pdf\">\t\t<div class=\"content-wrap\">\n\t\t\t\t\t\t\t<div class=\"unicamp-image image\">\n\t\t\t\t\t<img decoding=\"async\"  loading=\"lazy\" src=\"https:\/\/universitetipolis.edu.al\/wp-content\/uploads\/2023\/03\/udhezues-covid19-scaled.jpg\" alt=\"udhezues covid19\" \/>\t\t\t\t<\/div>\n\t\t\t\t\t\t<div class=\"box-caption-wrap\">\n\t\t\t\t<div class=\"box-caption\">\n\t\t\t\t\t<h3 class=\"title\">Udh\u00ebzues i hartuar gjat\u00eb pandemis\u00eb COVID-19<\/h3>\n\t\t\t\t\t\n\t\t\t\t\t\t\t\t\t<\/div>\n\t\t\t<\/div>\n\t\t<\/div>\n\t\t<\/a>\t\t\t\t\t\t<\/div>\n\t\t\t\t<\/div>\n\t\t\t\t\t<\/div>\n\t\t<\/div>\n\t\t\t\t\t<\/div>\n\t\t<\/section>\n\t\t\t\t<section class=\"elementor-section elementor-top-section elementor-element elementor-element-0a077b4 elementor-section-boxed elementor-section-gap-beside-yes elementor-section-height-default elementor-section-height-default elementor-section-column-vertical-align-stretch\" data-id=\"0a077b4\" data-element_type=\"section\" data-e-type=\"section\">\n\t\t\t\t\t\t<div class=\"elementor-container elementor-column-gap-extended\">\n\t\t\t\t\t<div class=\"elementor-column elementor-col-33 elementor-top-column elementor-element elementor-element-6c0826c\" data-id=\"6c0826c\" data-element_type=\"column\" data-e-type=\"column\">\n\t\t\t<div class=\"elementor-widget-wrap elementor-element-populated\">\n\t\t\t\t\t\t<div class=\"elementor-element elementor-element-6402de1 unicamp-animation-zoom-in unicamp-graphic-position-top elementor-widget elementor-widget-tm-cover-image-box\" data-id=\"6402de1\" data-element_type=\"widget\" data-e-type=\"widget\" data-widget_type=\"tm-cover-image-box.default\">\n\t\t\t\t<div class=\"elementor-widget-container\">\n\t\t\t\t\t\t\t<a class=\"tm-cover-image-box unicamp-box style-03 link-secret\" href=\"https:\/\/universitetipolis.edu.al\/wp-content\/uploads\/2023\/04\/7.Rregulla_baze_per_sezonin_e_provimeve_compressed.pdf\">\t\t<div class=\"content-wrap\">\n\t\t\t\t\t\t\t<div class=\"unicamp-image image\">\n\t\t\t\t\t<img decoding=\"async\"  loading=\"lazy\" src=\"https:\/\/universitetipolis.edu.al\/wp-content\/uploads\/2023\/03\/rregulla-per-provimet.jpg\" alt=\"rregulla-per-provimet\" \/>\t\t\t\t<\/div>\n\t\t\t\t\t\t<div class=\"box-caption-wrap\">\n\t\t\t\t<div class=\"box-caption\">\n\t\t\t\t\t<h6 class=\"title\">Rregulla te Pergjithshme per Menyren e zhvillimit te Provimeve<\/h6>\n\t\t\t\t\t\n\t\t\t\t\t\t\t\t\t<\/div>\n\t\t\t<\/div>\n\t\t<\/div>\n\t\t<\/a>\t\t\t\t\t\t<\/div>\n\t\t\t\t<\/div>\n\t\t\t\t\t<\/div>\n\t\t<\/div>\n\t\t\t\t<div class=\"elementor-column elementor-col-33 elementor-top-column elementor-element elementor-element-c122e7c\" data-id=\"c122e7c\" data-element_type=\"column\" data-e-type=\"column\">\n\t\t\t<div class=\"elementor-widget-wrap elementor-element-populated\">\n\t\t\t\t\t\t<div class=\"elementor-element elementor-element-62900c7 unicamp-animation-zoom-in unicamp-graphic-position-top elementor-widget elementor-widget-tm-cover-image-box\" data-id=\"62900c7\" data-element_type=\"widget\" data-e-type=\"widget\" data-widget_type=\"tm-cover-image-box.default\">\n\t\t\t\t<div class=\"elementor-widget-container\">\n\t\t\t\t\t\t\t<a class=\"tm-cover-image-box unicamp-box style-03 link-secret\" href=\"https:\/\/universitetipolis.edu.al\/wp-content\/uploads\/2026\/01\/U_POLIS-Plan-Evakuimi.pdf\" target=\"_blank\">\t\t<div class=\"content-wrap\">\n\t\t\t\t\t\t\t<div class=\"unicamp-image image\">\n\t\t\t\t\t<img decoding=\"async\"  loading=\"lazy\" src=\"https:\/\/universitetipolis.edu.al\/wp-content\/uploads\/2023\/03\/Plan-evakuimi-scaled.jpg\" alt=\"Plan evakuimi\" \/>\t\t\t\t<\/div>\n\t\t\t\t\t\t<div class=\"box-caption-wrap\">\n\t\t\t\t<div class=\"box-caption\">\n\t\t\t\t\t<h3 class=\"title\">Protokoll Evakuimi N\u00eb Rast Aktiviteti Sizmik<\/h3>\n\t\t\t\t\t\n\t\t\t\t\t\t\t\t\t<\/div>\n\t\t\t<\/div>\n\t\t<\/div>\n\t\t<\/a>\t\t\t\t\t\t<\/div>\n\t\t\t\t<\/div>\n\t\t\t\t\t<\/div>\n\t\t<\/div>\n\t\t\t\t<div class=\"elementor-column elementor-col-33 elementor-top-column elementor-element elementor-element-3edb963\" data-id=\"3edb963\" data-element_type=\"column\" data-e-type=\"column\">\n\t\t\t<div class=\"elementor-widget-wrap elementor-element-populated\">\n\t\t\t\t\t\t<div class=\"elementor-element elementor-element-caec7ea unicamp-animation-zoom-in unicamp-graphic-position-top elementor-widget elementor-widget-tm-cover-image-box\" data-id=\"caec7ea\" data-element_type=\"widget\" data-e-type=\"widget\" data-widget_type=\"tm-cover-image-box.default\">\n\t\t\t\t<div class=\"elementor-widget-container\">\n\t\t\t\t\t\t\t<a class=\"tm-cover-image-box unicamp-box style-03 link-secret\" href=\"https:\/\/universitetipolis.edu.al\/wp-content\/uploads\/2023\/04\/6.Student-Handbook_POLIS_2022-23_compressed.pdf\">\t\t<div class=\"content-wrap\">\n\t\t\t\t\t\t\t<div class=\"unicamp-image image\">\n\t\t\t\t\t<img decoding=\"async\"  loading=\"lazy\" src=\"https:\/\/universitetipolis.edu.al\/wp-content\/uploads\/2023\/04\/student-handbook-scaled.jpg\" alt=\"student handbook\" \/>\t\t\t\t<\/div>\n\t\t\t\t\t\t<div class=\"box-caption-wrap\">\n\t\t\t\t<div class=\"box-caption\">\n\t\t\t\t\t<h3 class=\"title\">Student Handbook POLIS 2022-23<\/h3>\n\t\t\t\t\t\n\t\t\t\t\t\t\t\t\t<\/div>\n\t\t\t<\/div>\n\t\t<\/div>\n\t\t<\/a>\t\t\t\t\t\t<\/div>\n\t\t\t\t<\/div>\n\t\t\t\t\t<\/div>\n\t\t<\/div>\n\t\t\t\t\t<\/div>\n\t\t<\/section>\n\t\t\t\t<\/div>\n\t\t","protected":false},"excerpt":{"rendered":"<p>Jeta akademike e student\u00ebve p\u00ebrgjat\u00eb studimeve universitare n\u00eb Universitetin POLIS, rregullohet n\u00ebp\u00ebrmjet akteve n\u00ebnligjore dhe rregulloreve p\u00ebrkat\u00ebse t\u00eb cilat jan\u00eb t\u00eb parashikuara edhe n\u00eb Statutin e universitetit.\u00a0 Disa nga dokumentet kryesore p\u00ebr rregullimin e k\u00ebtyre pro\u00e7eseve konsistojn\u00eb si m\u00eb posht\u00eb: Rregullore Didaktike Rregullore e Etik\u00ebs Udh\u00ebzues i hartuar gjat\u00eb pandemis\u00eb COVID-19 Rregulla baz\u00eb p\u00ebr sezonin e provimeve Protokoll Evakuimi N\u00eb Rast Aktiviteti Sizmik Guida e Studentit \u00ebsht\u00eb nj\u00eb material p\u00ebrmbledh\u00ebs informues mbi Universitetin POLIS dhe jet\u00ebn studentore n\u00eb t\u00ebr\u00ebsi. Kjo guid\u00eb u jep mund\u00ebsin\u00eb student\u00ebve t\u00eb POLIS, t\u00eb njihen me strukturat e institucionit, fakultetet dhe deg\u00ebt p\u00ebrkat\u00ebse si dhe rregulloren e U_POLIS. Gjithashtu, k\u00ebtu p\u00ebrfshihen dhe informacione t\u00eb detajuara t\u00eb kurrikulave e programeve akademike, ambienteve t\u00eb universitetit dhe m\u00ebnyrat e p\u00ebrdorimit t\u00eb tyre. Pjes\u00eb e Guid\u00ebs s\u00eb Studentit, jan\u00eb edhe strukturat studentore: Shoqata Studentore, Zyra e Mb\u00ebshtetjes s\u00eb Student\u00ebve dhe K\u00ebshillimit t\u00eb Karrier\u00ebs dhe Shoqata Alumni. Njohja me k\u00ebto nj\u00ebsi, si dhe me aktivitetet e ndryshme q\u00eb organizohen n\u00eb kampus, plot\u00ebsojn\u00eb t\u00eb gjith\u00eb panoram\u00ebn e jet\u00ebs akademike, profesionale dhe sociale n\u00eb U_POLIS. Rregullore Didaktike e Universitetit POLIS Rregullore e Etik\u00ebs Udh\u00ebzues i hartuar gjat\u00eb pandemis\u00eb COVID-19 Rregulla te Pergjithshme per Menyren e zhvillimit te Provimeve Protokoll Evakuimi N\u00eb Rast Aktiviteti Sizmik Student Handbook POLIS 2022-23<\/p>\n","protected":false},"author":6,"featured_media":0,"parent":0,"menu_order":0,"comment_status":"closed","ping_status":"closed","template":"","meta":{"footnotes":""},"class_list":["post-4106","page","type-page","status-publish","hentry","post-no-thumbnail"],"_links":{"self":[{"href":"https:\/\/universitetipolis.edu.al\/index.php?rest_route=\/wp\/v2\/pages\/4106","targetHints":{"allow":["GET"]}}],"collection":[{"href":"https:\/\/universitetipolis.edu.al\/index.php?rest_route=\/wp\/v2\/pages"}],"about":[{"href":"https:\/\/universitetipolis.edu.al\/index.php?rest_route=\/wp\/v2\/types\/page"}],"author":[{"embeddable":true,"href":"https:\/\/universitetipolis.edu.al\/index.php?rest_route=\/wp\/v2\/users\/6"}],"replies":[{"embeddable":true,"href":"https:\/\/universitetipolis.edu.al\/index.php?rest_route=%2Fwp%2Fv2%2Fcomments&post=4106"}],"version-history":[{"count":49,"href":"https:\/\/universitetipolis.edu.al\/index.php?rest_route=\/wp\/v2\/pages\/4106\/revisions"}],"predecessor-version":[{"id":31630,"href":"https:\/\/universitetipolis.edu.al\/index.php?rest_route=\/wp\/v2\/pages\/4106\/revisions\/31630"}],"wp:attachment":[{"href":"https:\/\/universitetipolis.edu.al\/index.php?rest_route=%2Fwp%2Fv2%2Fmedia&parent=4106"}],"curies":[{"name":"wp","href":"https:\/\/api.w.org\/{rel}","templated":true}]}}