{"id":4085,"date":"2022-05-12T14:45:30","date_gmt":"2022-05-12T12:45:30","guid":{"rendered":"https:\/\/universitetipolis.edu.al\/?page_id=4085"},"modified":"2023-03-22T07:01:41","modified_gmt":"2023-03-22T06:01:41","slug":"laboratori","status":"publish","type":"page","link":"https:\/\/universitetipolis.edu.al\/?page_id=4085","title":{"rendered":"Laboratori"},"content":{"rendered":"\t\t<div data-elementor-type=\"wp-page\" data-elementor-id=\"4085\" class=\"elementor elementor-4085\" data-elementor-post-type=\"page\">\n\t\t\t\t\t\t<section class=\"elementor-section elementor-top-section elementor-element elementor-element-ee36b6f elementor-section-boxed elementor-section-gap-beside-yes elementor-section-height-default elementor-section-height-default elementor-section-column-vertical-align-stretch\" data-id=\"ee36b6f\" data-element_type=\"section\" data-e-type=\"section\">\n\t\t\t\t\t\t<div class=\"elementor-container elementor-column-gap-extended\">\n\t\t\t\t\t<div class=\"elementor-column elementor-col-100 elementor-top-column elementor-element elementor-element-606b4ed\" data-id=\"606b4ed\" data-element_type=\"column\" data-e-type=\"column\">\n\t\t\t<div class=\"elementor-widget-wrap elementor-element-populated\">\n\t\t\t\t\t\t<div class=\"elementor-element elementor-element-b2e8b27 elementor-widget elementor-widget-text-editor\" data-id=\"b2e8b27\" data-element_type=\"widget\" data-e-type=\"widget\" data-widget_type=\"text-editor.default\">\n\t\t\t\t<div class=\"elementor-widget-container\">\n\t\t\t\t\t\t\t\t\t<p>Laboratori Mjedisit ka nd\u00ebrtuar Sistemin e Menaxhimit t\u00eb Cil\u00ebsis\u00eb (SMC) n\u00eb baz\u00eb t\u00eb Standarteve nd\u00ebrkomb\u00ebtare duke p\u00ebrfituar Akreditimi i tij me date 01.03.2022, nga drejtoria e p\u00ebgjithshme e akreditimit. Laboratori i Mjedisit ofron kryerjen e analizave fiziko-kimike p\u00ebr nj\u00eb num\u00ebr t\u00eb gjer\u00eb parametrash duke garantuar cil\u00ebsi t\u00eb lart\u00eb sipas Standardit ISO 17025:2017, p\u00ebr k\u00ebto kategori uji:<br \/>\u2022 Uj\u00ebrat e pijsh\u00ebm<br \/>\u2022 Shkarkimet urbane<br \/>\u2022 Shkarkimet industriale<br \/>\u2022 Pishinat<br \/>\u2022 Uj\u00ebrat sip\u00ebrfaq\u00ebsore<br \/>\u2022 Uj\u00ebrat n\u00ebntok\u00ebsore<br \/>\u2022 Uj\u00ebrat bujq\u00ebsore<br \/><br \/>Laboratori i Mjedisit ka filluar aktivitetin e tij q\u00eb nga viti 2015 me mb\u00ebshtetjen e Bashkimit Evropian me an\u00ebn e projekteve \u201cCONSUS\u201d dhe \u201cTEMPUS\u201d, duke e pajisur laboratorin me aparatura bashk\u00ebkohore p\u00ebr parametrat e ujit dhe t\u00eb ajrit. Ato kan\u00eb sh\u00ebrbyer si n\u00eb praktikat e m\u00ebsimdh\u00ebnies ashtu edukimit t\u00eb brezit t\u00eb ri me mjetet, teknikat dhe strategjit\u00eb p\u00ebr t\u00eb krijuar lidership profesional m\u00eb t\u00eb aft\u00eb, qytete m\u00eb t\u00eb barabarta, m\u00eb t\u00eb q\u00ebndrueshme n\u00eb koh\u00eb dhe m\u00eb t\u00eb lidhura me mjedisin. Laboratori i mjedisit si nj\u00ebsi e pavarur por dhe laboratore br\u00ebnda universitetit ka p\u00ebr q\u00ebllim q\u00eb student\u00ebt t\u00eb njihen me aspekte praktike t\u00eb p\u00ebrdorimit t\u00eb instrumenteve mat\u00ebse dhe monitoruese, me hartat t\u00eb madhesive t\u00eb ndryshme dhe me kampione t\u00eb burimeve natyrore si llojet e tokave, shk\u00ebmbinjve, drur\u00ebve etj.<\/p>\t\t\t\t\t\t\t\t<\/div>\n\t\t\t\t<\/div>\n\t\t\t\t\t<\/div>\n\t\t<\/div>\n\t\t\t\t\t<\/div>\n\t\t<\/section>\n\t\t\t\t<section class=\"elementor-section elementor-top-section elementor-element elementor-element-8b4f5e0 elementor-section-boxed elementor-section-gap-beside-yes elementor-section-height-default elementor-section-height-default elementor-section-column-vertical-align-stretch\" data-id=\"8b4f5e0\" data-element_type=\"section\" data-e-type=\"section\">\n\t\t\t\t\t\t<div class=\"elementor-container elementor-column-gap-extended\">\n\t\t\t\t\t<div class=\"elementor-column elementor-col-100 elementor-top-column elementor-element elementor-element-2846ea6\" data-id=\"2846ea6\" data-element_type=\"column\" data-e-type=\"column\">\n\t\t\t<div class=\"elementor-widget-wrap\">\n\t\t\t\t\t\t\t<\/div>\n\t\t<\/div>\n\t\t\t\t\t<\/div>\n\t\t<\/section>\n\t\t\t\t<section class=\"elementor-section elementor-top-section elementor-element elementor-element-3cc9af6 elementor-section-boxed elementor-section-gap-beside-yes elementor-section-height-default elementor-section-height-default elementor-section-column-vertical-align-stretch\" data-id=\"3cc9af6\" data-element_type=\"section\" data-e-type=\"section\">\n\t\t\t\t\t\t<div class=\"elementor-container elementor-column-gap-extended\">\n\t\t\t\t\t<div class=\"elementor-column elementor-col-100 elementor-top-column elementor-element elementor-element-b0fc7a3\" data-id=\"b0fc7a3\" data-element_type=\"column\" data-e-type=\"column\">\n\t\t\t<div class=\"elementor-widget-wrap elementor-element-populated\">\n\t\t\t\t\t\t<div class=\"elementor-element elementor-element-3cb99e9 elementor-widget elementor-widget-text-editor\" data-id=\"3cb99e9\" data-element_type=\"widget\" data-e-type=\"widget\" data-widget_type=\"text-editor.default\">\n\t\t\t\t<div class=\"elementor-widget-container\">\n\t\t\t\t\t\t\t\t\t<p>Laboratori i Mjedisit<\/p>\t\t\t\t\t\t\t\t<\/div>\n\t\t\t\t<\/div>\n\t\t\t\t\t<\/div>\n\t\t<\/div>\n\t\t\t\t\t<\/div>\n\t\t<\/section>\n\t\t\t\t<section class=\"elementor-section elementor-top-section elementor-element elementor-element-9b4a714 elementor-section-boxed elementor-section-gap-beside-yes elementor-section-height-default elementor-section-height-default elementor-section-column-vertical-align-stretch\" data-id=\"9b4a714\" data-element_type=\"section\" data-e-type=\"section\">\n\t\t\t\t\t\t<div class=\"elementor-container elementor-column-gap-extended\">\n\t\t\t\t\t<div class=\"elementor-column elementor-col-100 elementor-top-column elementor-element elementor-element-6e670e3\" data-id=\"6e670e3\" data-element_type=\"column\" data-e-type=\"column\">\n\t\t\t<div class=\"elementor-widget-wrap\">\n\t\t\t\t\t\t\t<\/div>\n\t\t<\/div>\n\t\t\t\t\t<\/div>\n\t\t<\/section>\n\t\t\t\t<section class=\"elementor-section elementor-top-section elementor-element elementor-element-920a03a elementor-section-boxed elementor-section-gap-beside-yes elementor-section-height-default elementor-section-height-default elementor-section-column-vertical-align-stretch\" data-id=\"920a03a\" data-element_type=\"section\" data-e-type=\"section\">\n\t\t\t\t\t\t<div class=\"elementor-container elementor-column-gap-extended\">\n\t\t\t\t\t<div class=\"elementor-column elementor-col-100 elementor-top-column elementor-element elementor-element-cf225ac\" data-id=\"cf225ac\" data-element_type=\"column\" data-e-type=\"column\">\n\t\t\t<div class=\"elementor-widget-wrap elementor-element-populated\">\n\t\t\t\t\t\t<div class=\"elementor-element elementor-element-4e4aea9 elementor-widget elementor-widget-text-editor\" data-id=\"4e4aea9\" data-element_type=\"widget\" data-e-type=\"widget\" data-widget_type=\"text-editor.default\">\n\t\t\t\t<div class=\"elementor-widget-container\">\n\t\t\t\t\t\t\t\t\t<p>Laborator i Efi\u00e7ens\u00ebs<\/p>\t\t\t\t\t\t\t\t<\/div>\n\t\t\t\t<\/div>\n\t\t\t\t\t<\/div>\n\t\t<\/div>\n\t\t\t\t\t<\/div>\n\t\t<\/section>\n\t\t\t\t<section class=\"elementor-section elementor-top-section elementor-element elementor-element-f226bd0 elementor-section-boxed elementor-section-gap-beside-yes elementor-section-height-default elementor-section-height-default elementor-section-column-vertical-align-stretch\" data-id=\"f226bd0\" data-element_type=\"section\" data-e-type=\"section\">\n\t\t\t\t\t\t<div class=\"elementor-container elementor-column-gap-extended\">\n\t\t\t\t\t<div class=\"elementor-column elementor-col-100 elementor-top-column elementor-element elementor-element-0d901d6\" data-id=\"0d901d6\" data-element_type=\"column\" data-e-type=\"column\">\n\t\t\t<div class=\"elementor-widget-wrap\">\n\t\t\t\t\t\t\t<\/div>\n\t\t<\/div>\n\t\t\t\t\t<\/div>\n\t\t<\/section>\n\t\t\t\t<\/div>\n\t\t","protected":false},"excerpt":{"rendered":"<p>Laboratori Mjedisit ka nd\u00ebrtuar Sistemin e Menaxhimit t\u00eb Cil\u00ebsis\u00eb (SMC) n\u00eb baz\u00eb t\u00eb Standarteve nd\u00ebrkomb\u00ebtare duke p\u00ebrfituar Akreditimi i tij me date 01.03.2022, nga drejtoria e p\u00ebgjithshme e akreditimit. Laboratori i Mjedisit ofron kryerjen e analizave fiziko-kimike p\u00ebr nj\u00eb num\u00ebr t\u00eb gjer\u00eb parametrash duke garantuar cil\u00ebsi t\u00eb lart\u00eb sipas Standardit ISO 17025:2017, p\u00ebr k\u00ebto kategori uji:\u2022 Uj\u00ebrat e pijsh\u00ebm\u2022 Shkarkimet urbane\u2022 Shkarkimet industriale\u2022 Pishinat\u2022 Uj\u00ebrat sip\u00ebrfaq\u00ebsore\u2022 Uj\u00ebrat n\u00ebntok\u00ebsore\u2022 Uj\u00ebrat bujq\u00ebsore Laboratori i Mjedisit ka filluar aktivitetin e tij q\u00eb nga viti 2015 me mb\u00ebshtetjen e Bashkimit Evropian me an\u00ebn e projekteve \u201cCONSUS\u201d dhe \u201cTEMPUS\u201d, duke e pajisur laboratorin me aparatura bashk\u00ebkohore p\u00ebr parametrat e ujit dhe t\u00eb ajrit. Ato kan\u00eb sh\u00ebrbyer si n\u00eb praktikat e m\u00ebsimdh\u00ebnies ashtu edukimit t\u00eb brezit t\u00eb ri me mjetet, teknikat dhe strategjit\u00eb p\u00ebr t\u00eb krijuar lidership profesional m\u00eb t\u00eb aft\u00eb, qytete m\u00eb t\u00eb barabarta, m\u00eb t\u00eb q\u00ebndrueshme n\u00eb koh\u00eb dhe m\u00eb t\u00eb lidhura me mjedisin. Laboratori i mjedisit si nj\u00ebsi e pavarur por dhe laboratore br\u00ebnda universitetit ka p\u00ebr q\u00ebllim q\u00eb student\u00ebt t\u00eb njihen me aspekte praktike t\u00eb p\u00ebrdorimit t\u00eb instrumenteve mat\u00ebse dhe monitoruese, me hartat t\u00eb madhesive t\u00eb ndryshme dhe me kampione t\u00eb burimeve natyrore si llojet e tokave, shk\u00ebmbinjve, drur\u00ebve etj. Laboratori i Mjedisit Laborator i Efi\u00e7ens\u00ebs<\/p>\n","protected":false},"author":6,"featured_media":0,"parent":0,"menu_order":0,"comment_status":"closed","ping_status":"closed","template":"","meta":{"footnotes":""},"class_list":["post-4085","page","type-page","status-publish","hentry","post-no-thumbnail"],"_links":{"self":[{"href":"https:\/\/universitetipolis.edu.al\/index.php?rest_route=\/wp\/v2\/pages\/4085","targetHints":{"allow":["GET"]}}],"collection":[{"href":"https:\/\/universitetipolis.edu.al\/index.php?rest_route=\/wp\/v2\/pages"}],"about":[{"href":"https:\/\/universitetipolis.edu.al\/index.php?rest_route=\/wp\/v2\/types\/page"}],"author":[{"embeddable":true,"href":"https:\/\/universitetipolis.edu.al\/index.php?rest_route=\/wp\/v2\/users\/6"}],"replies":[{"embeddable":true,"href":"https:\/\/universitetipolis.edu.al\/index.php?rest_route=%2Fwp%2Fv2%2Fcomments&post=4085"}],"version-history":[{"count":0,"href":"https:\/\/universitetipolis.edu.al\/index.php?rest_route=\/wp\/v2\/pages\/4085\/revisions"}],"wp:attachment":[{"href":"https:\/\/universitetipolis.edu.al\/index.php?rest_route=%2Fwp%2Fv2%2Fmedia&parent=4085"}],"curies":[{"name":"wp","href":"https:\/\/api.w.org\/{rel}","templated":true}]}}