{"id":3691,"date":"2022-05-09T13:08:59","date_gmt":"2022-05-09T13:08:59","guid":{"rendered":"https:\/\/universitetipolis.edu.al\/?page_id=3691"},"modified":"2023-04-18T17:22:54","modified_gmt":"2023-04-18T15:22:54","slug":"omb","status":"publish","type":"page","link":"https:\/\/universitetipolis.edu.al\/?page_id=3691","title":{"rendered":"OMB"},"content":{"rendered":"\t\t<div data-elementor-type=\"wp-page\" data-elementor-id=\"3691\" class=\"elementor elementor-3691\" data-elementor-post-type=\"page\">\n\t\t\t\t\t\t<section class=\"elementor-section elementor-top-section elementor-element elementor-element-a7640ca elementor-section-boxed elementor-section-gap-beside-yes elementor-section-height-default elementor-section-height-default elementor-section-column-vertical-align-stretch\" data-id=\"a7640ca\" data-element_type=\"section\" data-e-type=\"section\">\n\t\t\t\t\t\t<div class=\"elementor-container elementor-column-gap-extended\">\n\t\t\t\t\t<div class=\"elementor-column elementor-col-100 elementor-top-column elementor-element elementor-element-ed78110\" data-id=\"ed78110\" data-element_type=\"column\" data-e-type=\"column\">\n\t\t\t<div class=\"elementor-widget-wrap elementor-element-populated\">\n\t\t\t\t\t\t<div class=\"elementor-element elementor-element-75734cf elementor-widget elementor-widget-spacer\" data-id=\"75734cf\" data-element_type=\"widget\" data-e-type=\"widget\" data-widget_type=\"spacer.default\">\n\t\t\t\t<div class=\"elementor-widget-container\">\n\t\t\t\t\t\t\t<div class=\"elementor-spacer\">\n\t\t\t<div class=\"elementor-spacer-inner\"><\/div>\n\t\t<\/div>\n\t\t\t\t\t\t<\/div>\n\t\t\t\t<\/div>\n\t\t\t\t<div class=\"elementor-element elementor-element-d55185f elementor-widget__width-initial elementor-widget elementor-widget-text-editor\" data-id=\"d55185f\" data-element_type=\"widget\" data-e-type=\"widget\" data-widget_type=\"text-editor.default\">\n\t\t\t\t<div class=\"elementor-widget-container\">\n\t\t\t\t\t\t\t\t\t<p><strong><a href=\"https:\/\/ombresearchseries.org\/\">OBM Observatori i Pellgut t\u00eb Mesdheut<\/a> <\/strong>\u2013 \u00ebsht\u00eb nj\u00eb \u201cQend\u00ebr e P\u00ebrbashk\u00ebt Ekselence\u201d e <strong><a href=\"https:\/\/unece.org\/\" target=\"_blank\" rel=\"noopener\">UNECE<\/a><\/strong>, <em>United Nation Economic Commission for Europe<\/em> pran\u00eb <strong>Universitetit POLIS<\/strong> dhe insticuionit <strong><a href=\"https:\/\/www.co-plan.org\/en\/\" target=\"_blank\" rel=\"noopener\">Co-PLAN<\/a> <\/strong>me fokus n\u00eb \u00e7eshtje t\u00eb q\u00ebndrueshm\u00ebris\u00eb dhe rezilienc\u00ebs n\u00eb fushat e strehimit, planifikimit dhe zhvillimit urban.<\/p><p>Fokusi gjegrafik i OMB-s\u00eb \u00ebsht\u00eb tre dimensional: i) Shqip\u00ebria; ii) Ballkani Per\u00ebndimor; iii) Vendet e rajonit q\u00eb lagen nga Deti Mesdhe. Observatori synon t\u00eb p\u00ebrq\u00ebndrohet n\u00eb temat\/fushat e sip\u00ebr-p\u00ebrmendura t\u00eb studimit q\u00eb jan\u00eb me interes t\u00eb p\u00ebrbashk\u00ebt si p\u00ebr rajonin i Ballkanit dhe qytetet Mesdhetare, p\u00ebrfshi \u00e7\u00ebshtje q\u00eb kan\u00eb t\u00eb b\u00ebjn\u00eb ne raportin e tok\u00ebs\/territorit dhe ujin (det, liqen, lumenj).<\/p><p>Ideja kryesore e k\u00ebsaj nj\u00ebsie k\u00ebrkimore alternative \u00ebsht\u00eb t\u00eb p\u00ebrcaktoj\u00eb nj\u00eb set strategjik aktivitetesh dhe interesash n\u00ebp\u00ebrmjet t\u00eb cilave qytetet mesdhetare mund t\u00eb studiohen si pik\u00ebprerje e identiteve t\u00eb ndryshme ne aspektin e strehimit, planifikimit dhe zhvillimit territorial. OMB p\u00ebrdor termin \u201cmulti-modalitet\u201d p\u00ebr t\u00eb p\u00ebrkufizuar nj\u00eb situat\u00eb komplekse (n\u00eb \u00e7eshtje t\u00eb territorit, arkitektur\u00ebs, hap\u00ebsir\u00ebs publike, urbanizmit, etj.) n\u00eb t\u00eb cil\u00ebn qytetet mesdhetare kan\u00eb bashk\u00eb-jetuar gjithmon\u00eb ne histori, nj\u00eb kombinim i dijes dhe trash\u00ebgimis\u00eb q\u00eb p\u00ebrgjat\u00eb koh\u00ebs dhe historis\u00eb i kan\u00eb dh\u00ebn\u00eb jet\u00eb qytet\u00ebrimit n\u00eb k\u00ebt\u00eb rajon t\u00eb Europ\u00ebs. Pjes\u00eb e pun\u00ebs s\u00eb k\u00ebsaj nj\u00ebsie do t\u00eb jet\u00eb p\u00ebrfshirja m\u00eb e madhe dhe m\u00eb aktive e Shqip\u00ebris\u00eb n\u00eb rrjetin ekzistues t\u00eb Pellgut t\u00eb Mesdheut dhe BE-se, permes nje plani te p\u00ebrbashk\u00ebt aktivitetetesh me UNECE dhe autoritetet Shqiptare dhe rajonale. Plani i aktiviteteve do t\u00eb p\u00ebrfshije projekte dhe evente t\u00eb k\u00ebrkimit shkencor dhe aplikativ.<\/p>\t\t\t\t\t\t\t\t<\/div>\n\t\t\t\t<\/div>\n\t\t\t\t<div class=\"elementor-element elementor-element-38403a6 elementor-widget elementor-widget-image\" data-id=\"38403a6\" data-element_type=\"widget\" data-e-type=\"widget\" data-widget_type=\"image.default\">\n\t\t\t\t<div class=\"elementor-widget-container\">\n\t\t\t\t\t\t\t\t\t\t\t\t\t\t\t<img fetchpriority=\"high\" decoding=\"async\" width=\"2534\" height=\"2417\" src=\"https:\/\/universitetipolis.edu.al\/wp-content\/uploads\/2023\/04\/Skeme-e-OMB-01.jpg\" class=\"attachment-full size-full wp-image-20498\" alt=\"\" srcset=\"https:\/\/universitetipolis.edu.al\/wp-content\/uploads\/2023\/04\/Skeme-e-OMB-01.jpg 2534w, https:\/\/universitetipolis.edu.al\/wp-content\/uploads\/2023\/04\/Skeme-e-OMB-01-300x286.jpg 300w, https:\/\/universitetipolis.edu.al\/wp-content\/uploads\/2023\/04\/Skeme-e-OMB-01-1024x977.jpg 1024w, https:\/\/universitetipolis.edu.al\/wp-content\/uploads\/2023\/04\/Skeme-e-OMB-01-768x733.jpg 768w, https:\/\/universitetipolis.edu.al\/wp-content\/uploads\/2023\/04\/Skeme-e-OMB-01-1536x1465.jpg 1536w, https:\/\/universitetipolis.edu.al\/wp-content\/uploads\/2023\/04\/Skeme-e-OMB-01-2048x1953.jpg 2048w, https:\/\/universitetipolis.edu.al\/wp-content\/uploads\/2023\/04\/Skeme-e-OMB-01-600x572.jpg 600w\" sizes=\"(max-width: 2534px) 100vw, 2534px\" \/>\t\t\t\t\t\t\t\t\t\t\t\t\t\t\t<\/div>\n\t\t\t\t<\/div>\n\t\t\t\t<div class=\"elementor-element elementor-element-7e8d6da elementor-widget__width-initial elementor-widget elementor-widget-text-editor\" data-id=\"7e8d6da\" data-element_type=\"widget\" data-e-type=\"widget\" data-widget_type=\"text-editor.default\">\n\t\t\t\t<div class=\"elementor-widget-container\">\n\t\t\t\t\t\t\t\t\t<p>OMB \u00ebsht\u00eb nd\u00ebrkoh\u00eb pjes\u00eb e nj\u00ebsis\u00eb s\u00eb tret\u00eb (Qendra K\u00ebrkimore e Q\u00ebndrueshm\u00ebrise) pran\u00eb FPMMU, Fakulteti p\u00ebr Planifikim, Mjedis dhe Menaxhim Urban n\u00eb Universitetin POLIS. P\u00ebrve\u00e7 planit t\u00eb p\u00ebrbashk\u00ebt t\u00eb aktiviteteve dhe rrjetit t\u00eb partner\u00ebve t\u00eb UNECE, Observatori synon t\u00eb identifikoj\u00eb dhe nj\u00eb rrjet partner\u00ebsh nga qytete dhe institucione kryesore mesdhetare q\u00eb operojn\u00eb n\u00eb k\u00ebt\u00eb fush\u00eb interesi. Ky rrjet partner\u00ebsh strategjike q\u00eb punon n\u00eb aktivitetete t\u00eb shum\u00eb-llojshme, nd\u00ebr-disiplinore, nd\u00ebr-sektorale mund t\u00eb shihet edhe si nj\u00eb referenc\u00eb kryq\u00ebzimi identitetesh kulturore dhe profesionale.<\/p><p>Nj\u00eb kontribut specifik q\u00eb OMB jep p\u00ebr Shqip\u00ebrin\u00eb dhe Italin\u00eb, &#8211; n\u00eb kuad\u00ebr t\u00eb k\u00ebrkimit shkencor dhe Programit Nd\u00ebrkomb\u00ebtar PhD, program i p\u00ebrbashk\u00ebt organizuar nga Universiteti POLIS Tiran\u00eb dhe DA \/ Universiteti Ferrares Itali \u2013 \u00ebsht\u00eb edhe organizimi i \u201cworkshopit t\u00eb p\u00ebrvitshem 4 javor\u201d dhe \u201cprojektit k\u00ebrkimor vjetor\u201d fokusuar n\u00eb axhend\u00ebn e zhvillimit hap\u00ebsinor komb\u00ebtar dhe rajonal t\u00eb Shqip\u00ebris\u00eb si nj\u00eb kontribut p\u00ebr p\u00ebrgatitjen e integrimit t\u00eb vendit n\u00eb BE p\u00ebrmes instrumentave t\u00eb planifikimit t\u00eb territorit. Puna k\u00ebrkimore n\u00eb fjal\u00eb \u00ebsht\u00eb e p\u00ebrmbledhur n\u00eb nj\u00eb kolan\u00eb botimesh q\u00eb dokumentohet nd\u00ebr t\u00eb tjera edhe nga \u2018Biblioteka e Kongresit\u2019 n\u00eb SHBA.<\/p><p>Website:<a href=\"https:\/\/ombresearchseries.org\/\" target=\"_blank\" rel=\"noopener\"> https:\/\/ombresearchseries.org\/<\/a><br \/>E-mail: <a href=\"mailto:omb_polis@universitetipolis.edu.aln\" target=\"_blank\" rel=\"noopener\">omb_polis@universitetipolis.<wbr \/>edu.aln<\/a><u><\/u><\/p>\t\t\t\t\t\t\t\t<\/div>\n\t\t\t\t<\/div>\n\t\t\t\t<div class=\"elementor-element elementor-element-ca4b6ae elementor-widget elementor-widget-spacer\" data-id=\"ca4b6ae\" data-element_type=\"widget\" data-e-type=\"widget\" data-widget_type=\"spacer.default\">\n\t\t\t\t<div class=\"elementor-widget-container\">\n\t\t\t\t\t\t\t<div class=\"elementor-spacer\">\n\t\t\t<div class=\"elementor-spacer-inner\"><\/div>\n\t\t<\/div>\n\t\t\t\t\t\t<\/div>\n\t\t\t\t<\/div>\n\t\t\t\t\t<\/div>\n\t\t<\/div>\n\t\t\t\t\t<\/div>\n\t\t<\/section>\n\t\t\t\t<section class=\"elementor-section elementor-top-section elementor-element elementor-element-92faa12 elementor-section-boxed elementor-section-gap-beside-yes elementor-section-height-default elementor-section-height-default elementor-section-column-vertical-align-stretch\" data-id=\"92faa12\" data-element_type=\"section\" data-e-type=\"section\">\n\t\t\t\t\t\t<div class=\"elementor-container elementor-column-gap-extended\">\n\t\t\t\t\t<div class=\"elementor-column elementor-col-50 elementor-top-column elementor-element elementor-element-13d9970\" data-id=\"13d9970\" data-element_type=\"column\" data-e-type=\"column\">\n\t\t\t<div class=\"elementor-widget-wrap elementor-element-populated\">\n\t\t\t\t\t\t<div class=\"elementor-element elementor-element-3c054dc elementor-widget elementor-widget-image\" data-id=\"3c054dc\" data-element_type=\"widget\" data-e-type=\"widget\" data-widget_type=\"image.default\">\n\t\t\t\t<div class=\"elementor-widget-container\">\n\t\t\t\t\t\t\t\t\t\t\t\t<figure class=\"wp-caption\">\n\t\t\t\t\t\t\t\t\t\t\t<a href=\"https:\/\/issuu.com\/polisuniversity\/docs\/albania_2030\">\n\t\t\t\t\t\t\t<img decoding=\"async\" width=\"168\" height=\"300\" src=\"https:\/\/universitetipolis.edu.al\/wp-content\/uploads\/2022\/05\/download-1.jpg\" class=\"attachment-large size-large wp-image-4412\" alt=\"\" \/>\t\t\t\t\t\t\t\t<\/a>\n\t\t\t\t\t\t\t\t\t\t\t<figcaption class=\"widget-image-caption wp-caption-text\">Albania 2030 Manifesto<\/figcaption>\n\t\t\t\t\t\t\t\t\t\t<\/figure>\n\t\t\t\t\t\t\t\t\t<\/div>\n\t\t\t\t<\/div>\n\t\t\t\t\t<\/div>\n\t\t<\/div>\n\t\t\t\t<div class=\"elementor-column elementor-col-50 elementor-top-column elementor-element elementor-element-4440c18\" data-id=\"4440c18\" data-element_type=\"column\" data-e-type=\"column\">\n\t\t\t<div class=\"elementor-widget-wrap elementor-element-populated\">\n\t\t\t\t\t\t<div class=\"elementor-element elementor-element-0cea953 elementor-widget elementor-widget-image\" data-id=\"0cea953\" data-element_type=\"widget\" data-e-type=\"widget\" data-widget_type=\"image.default\">\n\t\t\t\t<div class=\"elementor-widget-container\">\n\t\t\t\t\t\t\t\t\t\t\t\t<figure class=\"wp-caption\">\n\t\t\t\t\t\t\t\t\t\t\t<a href=\"https:\/\/issuu.com\/co-plan\/docs\/2015_rajonalizimi_i_shqiperise_-_al\">\n\t\t\t\t\t\t\t<img decoding=\"async\" width=\"168\" height=\"300\" src=\"https:\/\/universitetipolis.edu.al\/wp-content\/uploads\/2022\/05\/download-1-1.jpg\" class=\"attachment-large size-large wp-image-4413\" alt=\"\" \/>\t\t\t\t\t\t\t\t<\/a>\n\t\t\t\t\t\t\t\t\t\t\t<figcaption class=\"widget-image-caption wp-caption-text\">Rajonalizimi i Shqiperise<\/figcaption>\n\t\t\t\t\t\t\t\t\t\t<\/figure>\n\t\t\t\t\t\t\t\t\t<\/div>\n\t\t\t\t<\/div>\n\t\t\t\t\t<\/div>\n\t\t<\/div>\n\t\t\t\t\t<\/div>\n\t\t<\/section>\n\t\t\t\t<\/div>\n\t\t","protected":false},"excerpt":{"rendered":"<p>OBM Observatori i Pellgut t\u00eb Mesdheut \u2013 \u00ebsht\u00eb nj\u00eb \u201cQend\u00ebr e P\u00ebrbashk\u00ebt Ekselence\u201d e UNECE, United Nation Economic Commission for Europe pran\u00eb Universitetit POLIS dhe insticuionit Co-PLAN me fokus n\u00eb \u00e7eshtje t\u00eb q\u00ebndrueshm\u00ebris\u00eb dhe rezilienc\u00ebs n\u00eb fushat e strehimit, planifikimit dhe zhvillimit urban. Fokusi gjegrafik i OMB-s\u00eb \u00ebsht\u00eb tre dimensional: i) Shqip\u00ebria; ii) Ballkani Per\u00ebndimor; iii) Vendet e rajonit q\u00eb lagen nga Deti Mesdhe. Observatori synon t\u00eb p\u00ebrq\u00ebndrohet n\u00eb temat\/fushat e sip\u00ebr-p\u00ebrmendura t\u00eb studimit q\u00eb jan\u00eb me interes t\u00eb p\u00ebrbashk\u00ebt si p\u00ebr rajonin i Ballkanit dhe qytetet Mesdhetare, p\u00ebrfshi \u00e7\u00ebshtje q\u00eb kan\u00eb t\u00eb b\u00ebjn\u00eb ne raportin e tok\u00ebs\/territorit dhe ujin (det, liqen, lumenj). Ideja kryesore e k\u00ebsaj nj\u00ebsie k\u00ebrkimore alternative \u00ebsht\u00eb t\u00eb p\u00ebrcaktoj\u00eb nj\u00eb set strategjik aktivitetesh dhe interesash n\u00ebp\u00ebrmjet t\u00eb cilave qytetet mesdhetare mund t\u00eb studiohen si pik\u00ebprerje e identiteve t\u00eb ndryshme ne aspektin e strehimit, planifikimit dhe zhvillimit territorial. OMB p\u00ebrdor termin \u201cmulti-modalitet\u201d p\u00ebr t\u00eb p\u00ebrkufizuar nj\u00eb situat\u00eb komplekse (n\u00eb \u00e7eshtje t\u00eb territorit, arkitektur\u00ebs, hap\u00ebsir\u00ebs publike, urbanizmit, etj.) n\u00eb t\u00eb cil\u00ebn qytetet mesdhetare kan\u00eb bashk\u00eb-jetuar gjithmon\u00eb ne histori, nj\u00eb kombinim i dijes dhe trash\u00ebgimis\u00eb q\u00eb p\u00ebrgjat\u00eb koh\u00ebs dhe historis\u00eb i kan\u00eb dh\u00ebn\u00eb jet\u00eb qytet\u00ebrimit n\u00eb k\u00ebt\u00eb rajon t\u00eb Europ\u00ebs. Pjes\u00eb e pun\u00ebs s\u00eb k\u00ebsaj nj\u00ebsie do t\u00eb jet\u00eb p\u00ebrfshirja m\u00eb e madhe dhe m\u00eb aktive e Shqip\u00ebris\u00eb n\u00eb rrjetin ekzistues t\u00eb Pellgut t\u00eb Mesdheut dhe BE-se, permes nje plani te p\u00ebrbashk\u00ebt aktivitetetesh me UNECE dhe autoritetet Shqiptare dhe rajonale. Plani i aktiviteteve do t\u00eb p\u00ebrfshije projekte dhe evente t\u00eb k\u00ebrkimit shkencor dhe aplikativ. OMB \u00ebsht\u00eb nd\u00ebrkoh\u00eb pjes\u00eb e nj\u00ebsis\u00eb s\u00eb tret\u00eb (Qendra K\u00ebrkimore e Q\u00ebndrueshm\u00ebrise) pran\u00eb FPMMU, Fakulteti p\u00ebr Planifikim, Mjedis dhe Menaxhim Urban n\u00eb Universitetin POLIS. P\u00ebrve\u00e7 planit t\u00eb p\u00ebrbashk\u00ebt t\u00eb aktiviteteve dhe rrjetit t\u00eb partner\u00ebve t\u00eb UNECE, Observatori synon t\u00eb identifikoj\u00eb dhe nj\u00eb rrjet partner\u00ebsh nga qytete dhe institucione kryesore mesdhetare q\u00eb operojn\u00eb n\u00eb k\u00ebt\u00eb fush\u00eb interesi. Ky rrjet partner\u00ebsh strategjike q\u00eb punon n\u00eb aktivitetete t\u00eb shum\u00eb-llojshme, nd\u00ebr-disiplinore, nd\u00ebr-sektorale mund t\u00eb shihet edhe si nj\u00eb referenc\u00eb kryq\u00ebzimi identitetesh kulturore dhe profesionale. Nj\u00eb kontribut specifik q\u00eb OMB jep p\u00ebr Shqip\u00ebrin\u00eb dhe Italin\u00eb, &#8211; n\u00eb kuad\u00ebr t\u00eb k\u00ebrkimit shkencor dhe Programit Nd\u00ebrkomb\u00ebtar PhD, program i p\u00ebrbashk\u00ebt organizuar nga Universiteti POLIS Tiran\u00eb dhe DA \/ Universiteti Ferrares Itali \u2013 \u00ebsht\u00eb edhe organizimi i \u201cworkshopit t\u00eb p\u00ebrvitshem 4 javor\u201d dhe \u201cprojektit k\u00ebrkimor vjetor\u201d fokusuar n\u00eb axhend\u00ebn e zhvillimit hap\u00ebsinor komb\u00ebtar dhe rajonal t\u00eb Shqip\u00ebris\u00eb si nj\u00eb kontribut p\u00ebr p\u00ebrgatitjen e integrimit t\u00eb vendit n\u00eb BE p\u00ebrmes instrumentave t\u00eb planifikimit t\u00eb territorit. Puna k\u00ebrkimore n\u00eb fjal\u00eb \u00ebsht\u00eb e p\u00ebrmbledhur n\u00eb nj\u00eb kolan\u00eb botimesh q\u00eb dokumentohet nd\u00ebr t\u00eb tjera edhe nga \u2018Biblioteka e Kongresit\u2019 n\u00eb SHBA. Website: https:\/\/ombresearchseries.org\/E-mail: omb_polis@universitetipolis.edu.aln Albania 2030 Manifesto Rajonalizimi i Shqiperise<\/p>\n","protected":false},"author":6,"featured_media":0,"parent":0,"menu_order":0,"comment_status":"closed","ping_status":"closed","template":"","meta":{"footnotes":""},"class_list":["post-3691","page","type-page","status-publish","hentry","post-no-thumbnail"],"_links":{"self":[{"href":"https:\/\/universitetipolis.edu.al\/index.php?rest_route=\/wp\/v2\/pages\/3691","targetHints":{"allow":["GET"]}}],"collection":[{"href":"https:\/\/universitetipolis.edu.al\/index.php?rest_route=\/wp\/v2\/pages"}],"about":[{"href":"https:\/\/universitetipolis.edu.al\/index.php?rest_route=\/wp\/v2\/types\/page"}],"author":[{"embeddable":true,"href":"https:\/\/universitetipolis.edu.al\/index.php?rest_route=\/wp\/v2\/users\/6"}],"replies":[{"embeddable":true,"href":"https:\/\/universitetipolis.edu.al\/index.php?rest_route=%2Fwp%2Fv2%2Fcomments&post=3691"}],"version-history":[{"count":0,"href":"https:\/\/universitetipolis.edu.al\/index.php?rest_route=\/wp\/v2\/pages\/3691\/revisions"}],"wp:attachment":[{"href":"https:\/\/universitetipolis.edu.al\/index.php?rest_route=%2Fwp%2Fv2%2Fmedia&parent=3691"}],"curies":[{"name":"wp","href":"https:\/\/api.w.org\/{rel}","templated":true}]}}