{"id":3670,"date":"2022-05-09T13:04:31","date_gmt":"2022-05-09T13:04:31","guid":{"rendered":"https:\/\/universitetipolis.edu.al\/?page_id=3670"},"modified":"2024-04-03T16:27:51","modified_gmt":"2024-04-03T14:27:51","slug":"research-2","status":"publish","type":"page","link":"https:\/\/universitetipolis.edu.al\/?page_id=3670","title":{"rendered":"Research"},"content":{"rendered":"\t\t<div data-elementor-type=\"wp-page\" data-elementor-id=\"3670\" class=\"elementor elementor-3670\" data-elementor-post-type=\"page\">\n\t\t\t\t\t\t<section class=\"elementor-section elementor-top-section elementor-element elementor-element-b8f8741 elementor-section-boxed elementor-section-gap-beside-yes elementor-section-height-default elementor-section-height-default elementor-section-column-vertical-align-stretch\" data-id=\"b8f8741\" data-element_type=\"section\" data-e-type=\"section\">\n\t\t\t\t\t\t<div class=\"elementor-container elementor-column-gap-extended\">\n\t\t\t\t\t<div class=\"elementor-column elementor-col-100 elementor-top-column elementor-element elementor-element-66fafa2\" data-id=\"66fafa2\" data-element_type=\"column\" data-e-type=\"column\">\n\t\t\t<div class=\"elementor-widget-wrap elementor-element-populated\">\n\t\t\t\t\t\t<div class=\"elementor-element elementor-element-b25978d elementor-widget elementor-widget-spacer\" data-id=\"b25978d\" data-element_type=\"widget\" data-e-type=\"widget\" data-widget_type=\"spacer.default\">\n\t\t\t\t<div class=\"elementor-widget-container\">\n\t\t\t\t\t\t\t<div class=\"elementor-spacer\">\n\t\t\t<div class=\"elementor-spacer-inner\"><\/div>\n\t\t<\/div>\n\t\t\t\t\t\t<\/div>\n\t\t\t\t<\/div>\n\t\t\t\t<div class=\"elementor-element elementor-element-fdb47e5 elementor-widget elementor-widget-text-editor\" data-id=\"fdb47e5\" data-element_type=\"widget\" data-e-type=\"widget\" data-widget_type=\"text-editor.default\">\n\t\t\t\t<div class=\"elementor-widget-container\">\n\t\t\t\t\t\t\t\t\t<p>K\u00ebrkimi shkencor \u00ebsht\u00eb pjes\u00eb integrale dhe e domosdoshme e arsimit t\u00eb lart\u00eb, Universiteti POLIS i nd\u00ebrgjegjsh\u00ebm q\u00eb mund t\u00eb b\u00ebj\u00eb edhe m\u00eb shum\u00eb n\u00eb k\u00ebt\u00eb drejtim, jemi t\u00eb k\u00ebnaqur me faktin q\u00eb k\u00ebrkimi shkencor ka qen\u00eb pjes\u00eb e veprimtaris\u00eb institucionale q\u00eb n\u00eb gjenez\u00ebn e tij.<br \/>P\u00ebrpar\u00ebsi e padiskutueshme ka qen\u00eb fakti q\u00eb Universiteti POLIS u ngrit mbi p\u00ebrvoj\u00ebn disa vjecare t\u00eb Co-PLAN, institut me nj\u00eb gam\u00eb t\u00eb gjer\u00eb projektesh k\u00ebrkimi shkencor e t\u00eb aplikuar. Si rrjedhoj\u00eb pro\u00e7esi ka qen\u00eb nj\u00eb tranzicion nga k\u00ebrkimi n\u00eb m\u00ebsimdh\u00ebnie, q\u00eb \u00ebsht\u00eb natyrisht m\u00eb i natyrsh\u00ebm, m\u00eb i pa sforcuar dhe m\u00eb i q\u00ebndruesh\u00ebm se anasjelltas.<br \/>P\u00ebr k\u00ebrkimin e aplikuar shiko edhe:<\/p><p><b>\u2022 Instituti Co-PLAN <br \/><\/b><a href=\"https:\/\/www.co-plan.org\/\" target=\"_blank\" rel=\"noopener\">https:\/\/www.co-plan.org\/\u00a0<\/a><br \/><a style=\"background-color: #ffffff; letter-spacing: 0em;\" href=\"https:\/\/www.facebook.com\/CoPLANTirana\/\" target=\"_blank\" rel=\"noopener\">https:\/\/www.facebook.com\/CoPLANTirana\/<\/a><\/p><p><b>\u2022 Studio Metro-POLIS<\/b><br \/><a href=\"http:\/\/www.metropolis.al\" target=\"_blank\" rel=\"noopener\">http:\/\/www.metropolis.al<\/a><br \/><a href=\"https:\/\/www.facebook.com\/p\/metropolis-architecture-and-planning-100063663185326\/\" target=\"_blank\" rel=\"noopener\">https:\/\/www.facebook.com\/p\/metropolis-architecture-and-planning-100063663185326\/<\/a><\/p><p>Megjithat\u00eb, krahas p\u00ebrvoj\u00ebs s\u00eb Co-PLAN dhe Metro-POLIS, dhe asaj t\u00eb vet\u00eb Universitetit POLIS, k\u00ebrkimi shkencor dhe ai i aplikuar mbeten sfida m\u00eb e r\u00ebnd\u00ebsishme me t\u00eb cil\u00ebn p\u00ebrballet institucioni, i cili tashm\u00eb p\u00ebrpiqet t\u00eb operoj\u00eb n\u00eb nivel rajonal dhe europian p\u00ebr t\u00eb sjell\u00eb nj\u00eb impakt t\u00eb preksh\u00ebm n\u00ebp\u00ebrmjet k\u00ebrkimit q\u00eb zhvillon. Barren kresore p\u00ebr Kerkim e Zhvillim e mban FKZh &#8211; Fakulteti p\u00ebr K\u00ebrkim e Zhvillim dhe Departamentet e Njesia e tij k\u00ebrkimore, pa folur p\u00ebr pun\u00ebn e mir\u00eb q\u00eb b\u00ebhet n\u00eb dy fakultetet e tjera.<br \/><br \/>P\u00ebr m\u00eb shum\u00eb shiko:<br \/><strong>Departamenti i K\u00ebrkimit Shkencor:<\/strong><br \/>\u2022 Publikime dhe Artikuj Shkencor <br \/>\u2022 K\u00ebrkime Shkencore n\u00eb Kuad\u00ebr t\u00eb Programit Doktoral <br \/>\u2022 Punime Diplomash n\u00eb Nivel Master <br \/>\u2022 Publikimet e Sht\u00ebpis\u00eb Botuese Polis-PRES <br \/>https:\/\/press.universitetipolis.edu.al\/<\/p><p><strong>Departamenti i K\u00ebrkimit t\u00eb Aplikuar:<\/strong><br \/>\u2022 Projekte t\u00eb Aplikuara <br \/>\u2022 Punime t\u00eb Diplomave t\u00eb Shkoll\u00ebs Profesionale Post-Sekondare<\/p><p>Implementimi i njohurive t\u00eb fituara n\u00eb projekte konkrete, nga k\u00ebrkimi i vazhduesh\u00ebm shkencor, dhe puna akademike ka arritur t\u00eb tregoj\u00eb rezultatet duke fituar projektet e m\u00ebposhtme.<br \/>\u2022 Projekte Komb\u00ebtare <br \/>\u2022 Projekte Bilaterale <br \/>\u2022 Projekte Europiane dhe Nderkomb\u00ebtare<\/p>\t\t\t\t\t\t\t\t<\/div>\n\t\t\t\t<\/div>\n\t\t\t\t<div class=\"elementor-element elementor-element-f0cb717 elementor-widget elementor-widget-spacer\" data-id=\"f0cb717\" data-element_type=\"widget\" data-e-type=\"widget\" data-widget_type=\"spacer.default\">\n\t\t\t\t<div class=\"elementor-widget-container\">\n\t\t\t\t\t\t\t<div class=\"elementor-spacer\">\n\t\t\t<div class=\"elementor-spacer-inner\"><\/div>\n\t\t<\/div>\n\t\t\t\t\t\t<\/div>\n\t\t\t\t<\/div>\n\t\t\t\t\t<\/div>\n\t\t<\/div>\n\t\t\t\t\t<\/div>\n\t\t<\/section>\n\t\t\t\t<section class=\"elementor-section elementor-top-section elementor-element elementor-element-49a0e6d elementor-section-boxed elementor-section-gap-beside-yes elementor-section-height-default elementor-section-height-default elementor-section-column-vertical-align-stretch\" data-id=\"49a0e6d\" data-element_type=\"section\" data-e-type=\"section\">\n\t\t\t\t\t\t<div class=\"elementor-container elementor-column-gap-extended\">\n\t\t\t\t\t<div class=\"elementor-column elementor-col-33 elementor-top-column elementor-element elementor-element-da6ebe0\" data-id=\"da6ebe0\" data-element_type=\"column\" data-e-type=\"column\">\n\t\t\t<div class=\"elementor-widget-wrap elementor-element-populated\">\n\t\t\t\t\t\t<div class=\"elementor-element elementor-element-15278d0 unicamp-animation-zoom-in unicamp-graphic-position-top elementor-widget elementor-widget-tm-cover-image-box\" data-id=\"15278d0\" data-element_type=\"widget\" data-e-type=\"widget\" data-widget_type=\"tm-cover-image-box.default\">\n\t\t\t\t<div class=\"elementor-widget-container\">\n\t\t\t\t\t\t\t<a class=\"tm-cover-image-box unicamp-box style-03 link-secret\" href=\"https:\/\/universitetipolis.edu.al\/strategji-dhe-axhenda\/\">\t\t<div class=\"content-wrap\">\n\t\t\t\t\t\t\t<div class=\"unicamp-image image\">\n\t\t\t\t\t<img decoding=\"async\"  loading=\"lazy\" src=\"https:\/\/universitetipolis.edu.al\/wp-content\/uploads\/2022\/05\/0.-Full-view_EDIT-scaled-e1644435753378-1620x1080-1.jpg\" alt=\"0.-Full-view_EDIT-scaled-e1644435753378-1620x1080\" \/>\t\t\t\t<\/div>\n\t\t\t\t\t\t<div class=\"box-caption-wrap\">\n\t\t\t\t<div class=\"box-caption\">\n\t\t\t\t\t<h3 class=\"title\">Axhenda K\u00ebrkimore<\/h3>\n\t\t\t\t\t\n\t\t\t\t\t\t\t\t\t<\/div>\n\t\t\t<\/div>\n\t\t<\/div>\n\t\t<\/a>\t\t\t\t\t\t<\/div>\n\t\t\t\t<\/div>\n\t\t\t\t\t<\/div>\n\t\t<\/div>\n\t\t\t\t<div class=\"elementor-column elementor-col-33 elementor-top-column elementor-element elementor-element-f2cce47\" data-id=\"f2cce47\" data-element_type=\"column\" data-e-type=\"column\">\n\t\t\t<div class=\"elementor-widget-wrap elementor-element-populated\">\n\t\t\t\t\t\t<div class=\"elementor-element elementor-element-69f2c51 unicamp-animation-zoom-in unicamp-graphic-position-top elementor-widget elementor-widget-tm-cover-image-box\" data-id=\"69f2c51\" data-element_type=\"widget\" data-e-type=\"widget\" data-widget_type=\"tm-cover-image-box.default\">\n\t\t\t\t<div class=\"elementor-widget-container\">\n\t\t\t\t\t\t\t<a class=\"tm-cover-image-box unicamp-box style-03 link-secret\" href=\"https:\/\/universitetipolis.edu.al\/omb\/\">\t\t<div class=\"content-wrap\">\n\t\t\t\t\t\t\t<div class=\"unicamp-image image\">\n\t\t\t\t\t<img decoding=\"async\"  loading=\"lazy\" src=\"https:\/\/universitetipolis.edu.al\/wp-content\/uploads\/2022\/05\/24576e6ae6cc89d7a9e18eef915d6267.jpg\" alt=\"24576e6ae6cc89d7a9e18eef915d6267\" \/>\t\t\t\t<\/div>\n\t\t\t\t\t\t<div class=\"box-caption-wrap\">\n\t\t\t\t<div class=\"box-caption\">\n\t\t\t\t\t<h3 class=\"title\">OMB<\/h3>\n\t\t\t\t\t\n\t\t\t\t\t\t\t\t\t<\/div>\n\t\t\t<\/div>\n\t\t<\/div>\n\t\t<\/a>\t\t\t\t\t\t<\/div>\n\t\t\t\t<\/div>\n\t\t\t\t\t<\/div>\n\t\t<\/div>\n\t\t\t\t<div class=\"elementor-column elementor-col-33 elementor-top-column elementor-element elementor-element-4c7c23a\" data-id=\"4c7c23a\" data-element_type=\"column\" data-e-type=\"column\">\n\t\t\t<div class=\"elementor-widget-wrap elementor-element-populated\">\n\t\t\t\t\t\t<div class=\"elementor-element elementor-element-81dd794 unicamp-animation-zoom-in unicamp-graphic-position-top elementor-widget elementor-widget-tm-cover-image-box\" data-id=\"81dd794\" data-element_type=\"widget\" data-e-type=\"widget\" data-widget_type=\"tm-cover-image-box.default\">\n\t\t\t\t<div class=\"elementor-widget-container\">\n\t\t\t\t\t\t\t<a class=\"tm-cover-image-box unicamp-box style-03 link-secret\" href=\"https:\/\/universitetipolis.edu.al\/polispress\/\">\t\t<div class=\"content-wrap\">\n\t\t\t\t\t\t\t<div class=\"unicamp-image image\">\n\t\t\t\t\t<img decoding=\"async\"  loading=\"lazy\" src=\"https:\/\/universitetipolis.edu.al\/wp-content\/uploads\/2022\/05\/shutterstock_1555284593-1620x1080-1.jpg\" alt=\"Glass,Globe,In,The,In,Nature,Concept,For,Environment,And\" \/>\t\t\t\t<\/div>\n\t\t\t\t\t\t<div class=\"box-caption-wrap\">\n\t\t\t\t<div class=\"box-caption\">\n\t\t\t\t\t<h3 class=\"title\">PolisPress<\/h3>\n\t\t\t\t\t\n\t\t\t\t\t\t\t\t\t<\/div>\n\t\t\t<\/div>\n\t\t<\/div>\n\t\t<\/a>\t\t\t\t\t\t<\/div>\n\t\t\t\t<\/div>\n\t\t\t\t\t<\/div>\n\t\t<\/div>\n\t\t\t\t\t<\/div>\n\t\t<\/section>\n\t\t\t\t<\/div>\n\t\t","protected":false},"excerpt":{"rendered":"<p>K\u00ebrkimi shkencor \u00ebsht\u00eb pjes\u00eb integrale dhe e domosdoshme e arsimit t\u00eb lart\u00eb, Universiteti POLIS i nd\u00ebrgjegjsh\u00ebm q\u00eb mund t\u00eb b\u00ebj\u00eb edhe m\u00eb shum\u00eb n\u00eb k\u00ebt\u00eb drejtim, jemi t\u00eb k\u00ebnaqur me faktin q\u00eb k\u00ebrkimi shkencor ka qen\u00eb pjes\u00eb e veprimtaris\u00eb institucionale q\u00eb n\u00eb gjenez\u00ebn e tij.P\u00ebrpar\u00ebsi e padiskutueshme ka qen\u00eb fakti q\u00eb Universiteti POLIS u ngrit mbi p\u00ebrvoj\u00ebn disa vjecare t\u00eb Co-PLAN, institut me nj\u00eb gam\u00eb t\u00eb gjer\u00eb projektesh k\u00ebrkimi shkencor e t\u00eb aplikuar. Si rrjedhoj\u00eb pro\u00e7esi ka qen\u00eb nj\u00eb tranzicion nga k\u00ebrkimi n\u00eb m\u00ebsimdh\u00ebnie, q\u00eb \u00ebsht\u00eb natyrisht m\u00eb i natyrsh\u00ebm, m\u00eb i pa sforcuar dhe m\u00eb i q\u00ebndruesh\u00ebm se anasjelltas.P\u00ebr k\u00ebrkimin e aplikuar shiko edhe: \u2022 Instituti Co-PLAN https:\/\/www.co-plan.org\/\u00a0https:\/\/www.facebook.com\/CoPLANTirana\/ \u2022 Studio Metro-POLIShttp:\/\/www.metropolis.alhttps:\/\/www.facebook.com\/p\/metropolis-architecture-and-planning-100063663185326\/ Megjithat\u00eb, krahas p\u00ebrvoj\u00ebs s\u00eb Co-PLAN dhe Metro-POLIS, dhe asaj t\u00eb vet\u00eb Universitetit POLIS, k\u00ebrkimi shkencor dhe ai i aplikuar mbeten sfida m\u00eb e r\u00ebnd\u00ebsishme me t\u00eb cil\u00ebn p\u00ebrballet institucioni, i cili tashm\u00eb p\u00ebrpiqet t\u00eb operoj\u00eb n\u00eb nivel rajonal dhe europian p\u00ebr t\u00eb sjell\u00eb nj\u00eb impakt t\u00eb preksh\u00ebm n\u00ebp\u00ebrmjet k\u00ebrkimit q\u00eb zhvillon. Barren kresore p\u00ebr Kerkim e Zhvillim e mban FKZh &#8211; Fakulteti p\u00ebr K\u00ebrkim e Zhvillim dhe Departamentet e Njesia e tij k\u00ebrkimore, pa folur p\u00ebr pun\u00ebn e mir\u00eb q\u00eb b\u00ebhet n\u00eb dy fakultetet e tjera. P\u00ebr m\u00eb shum\u00eb shiko:Departamenti i K\u00ebrkimit Shkencor:\u2022 Publikime dhe Artikuj Shkencor \u2022 K\u00ebrkime Shkencore n\u00eb Kuad\u00ebr t\u00eb Programit Doktoral \u2022 Punime Diplomash n\u00eb Nivel Master \u2022 Publikimet e Sht\u00ebpis\u00eb Botuese Polis-PRES https:\/\/press.universitetipolis.edu.al\/ Departamenti i K\u00ebrkimit t\u00eb Aplikuar:\u2022 Projekte t\u00eb Aplikuara \u2022 Punime t\u00eb Diplomave t\u00eb Shkoll\u00ebs Profesionale Post-Sekondare Implementimi i njohurive t\u00eb fituara n\u00eb projekte konkrete, nga k\u00ebrkimi i vazhduesh\u00ebm shkencor, dhe puna akademike ka arritur t\u00eb tregoj\u00eb rezultatet duke fituar projektet e m\u00ebposhtme.\u2022 Projekte Komb\u00ebtare \u2022 Projekte Bilaterale \u2022 Projekte Europiane dhe Nderkomb\u00ebtare Axhenda K\u00ebrkimore OMB PolisPress<\/p>\n","protected":false},"author":6,"featured_media":0,"parent":0,"menu_order":0,"comment_status":"closed","ping_status":"closed","template":"","meta":{"footnotes":""},"class_list":["post-3670","page","type-page","status-publish","hentry","post-no-thumbnail"],"_links":{"self":[{"href":"https:\/\/universitetipolis.edu.al\/index.php?rest_route=\/wp\/v2\/pages\/3670","targetHints":{"allow":["GET"]}}],"collection":[{"href":"https:\/\/universitetipolis.edu.al\/index.php?rest_route=\/wp\/v2\/pages"}],"about":[{"href":"https:\/\/universitetipolis.edu.al\/index.php?rest_route=\/wp\/v2\/types\/page"}],"author":[{"embeddable":true,"href":"https:\/\/universitetipolis.edu.al\/index.php?rest_route=\/wp\/v2\/users\/6"}],"replies":[{"embeddable":true,"href":"https:\/\/universitetipolis.edu.al\/index.php?rest_route=%2Fwp%2Fv2%2Fcomments&post=3670"}],"version-history":[{"count":6,"href":"https:\/\/universitetipolis.edu.al\/index.php?rest_route=\/wp\/v2\/pages\/3670\/revisions"}],"predecessor-version":[{"id":23519,"href":"https:\/\/universitetipolis.edu.al\/index.php?rest_route=\/wp\/v2\/pages\/3670\/revisions\/23519"}],"wp:attachment":[{"href":"https:\/\/universitetipolis.edu.al\/index.php?rest_route=%2Fwp%2Fv2%2Fmedia&parent=3670"}],"curies":[{"name":"wp","href":"https:\/\/api.w.org\/{rel}","templated":true}]}}