{"id":3661,"date":"2022-05-09T13:02:24","date_gmt":"2022-05-09T13:02:24","guid":{"rendered":"https:\/\/universitetipolis.edu.al\/?page_id=3661"},"modified":"2025-09-09T13:29:38","modified_gmt":"2025-09-09T11:29:38","slug":"trajnime","status":"publish","type":"page","link":"https:\/\/universitetipolis.edu.al\/?page_id=3661","title":{"rendered":"Trajnime"},"content":{"rendered":"\t\t<div data-elementor-type=\"wp-page\" data-elementor-id=\"3661\" class=\"elementor elementor-3661\" data-elementor-post-type=\"page\">\n\t\t\t\t\t\t<section class=\"elementor-section elementor-top-section elementor-element elementor-element-af38f49 elementor-section-boxed elementor-section-gap-beside-yes elementor-section-height-default elementor-section-height-default elementor-section-column-vertical-align-stretch\" data-id=\"af38f49\" data-element_type=\"section\" data-e-type=\"section\">\n\t\t\t\t\t\t<div class=\"elementor-container elementor-column-gap-extended\">\n\t\t\t\t\t<div class=\"elementor-column elementor-col-100 elementor-top-column elementor-element elementor-element-b275b85\" data-id=\"b275b85\" data-element_type=\"column\" data-e-type=\"column\">\n\t\t\t<div class=\"elementor-widget-wrap elementor-element-populated\">\n\t\t\t\t\t\t<div class=\"elementor-element elementor-element-c2bc917 elementor-widget__width-initial elementor-widget elementor-widget-text-editor\" data-id=\"c2bc917\" data-element_type=\"widget\" data-e-type=\"widget\" data-widget_type=\"text-editor.default\">\n\t\t\t\t<div class=\"elementor-widget-container\">\n\t\t\t\t\t\t\t\t\t<p>Universiteti POLIS, p\u00ebrve\u00e7 programeve t\u00eb studimit me koh\u00eb t\u00eb plot\u00eb dhe t\u00eb zgjatura, ofron\u00a0<span style=\"letter-spacing: 0em;\">edhe trajnime\/kurse t\u00eb formimit t\u00eb vazhduar, t\u00eb zhvilluara n\u00eb bashk\u00ebpunim me institucione\u00a0<\/span><span style=\"letter-spacing: 0em;\">publike dhe t\u00eb mb\u00ebshtetura nga Ministria e Infrastruktur\u00ebs dhe Energjitik\u00ebs apo Ministria e\u00a0<\/span><span style=\"letter-spacing: 0em;\">Turizmit dhe Mjedisit.\u00a0<\/span><\/p><p><span style=\"letter-spacing: 0em;\">N\u00eb k\u00ebt\u00eb kuad\u00ebr, POLIS ofron disa kurse formimi t\u00eb vazhduar, t\u00eb listuara si m\u00eb posht\u00eb t\u00eb\u00a0<\/span><span style=\"letter-spacing: 0em;\">dizajnuara p\u00ebr t\u00eb ndihmuar profesionist\u00ebt q\u00eb t\u00eb forcojn\u00eb aft\u00ebsit\u00eb e tyre dhe t\u00eb q\u00ebndrojn\u00eb t\u00eb\u00a0<\/span><span style=\"letter-spacing: 0em;\">p\u00ebrdit\u00ebsuar me k\u00ebrkesat n\u00eb zhvillim t\u00eb tregut t\u00eb pun\u00ebs. K\u00ebto programe mb\u00ebshtesin m\u00ebsimin\u00a0<\/span><span style=\"letter-spacing: 0em;\">gjat\u00eb gjith\u00eb jet\u00ebs dhe zhvillimin profesional n\u00eb fusha t\u00eb ndryshme me interes komb\u00ebtar dhe\u00a0<\/span><span style=\"letter-spacing: 0em;\">jo vet\u00ebm.<\/span><\/p><p>Kursat jan\u00eb t\u00eb strukturuara n\u00eb at\u00eb form\u00eb, duke kombinuar teorin\u00eb me praktik\u00ebn e\u00a0<span style=\"letter-spacing: 0em;\">drejtp\u00ebrdrejt\u00eb, dhe jan\u00eb t\u00eb p\u00ebrshtatura p\u00ebr t\u00eb plot\u00ebsuar nevojat e pjes\u00ebmarr\u00ebsve n\u00eb etapa\u00a0<\/span><span style=\"letter-spacing: 0em;\">t\u00eb ndryshme t\u00eb karrier\u00ebs s\u00eb tyre \u2014 nga profesionist\u00ebt e rinj deri te ekspert\u00ebt n\u00eb nivele t\u00eb l<\/span><span style=\"letter-spacing: 0em;\">arta apo ata q\u00eb k\u00ebrkojn\u00eb t\u00eb ndryshojn\u00eb drejtimin profesional.\u00a0<\/span><\/p><p><span style=\"letter-spacing: 0em;\">Duke q\u00ebn\u00eb se k\u00ebto kurse pas p\u00ebrfundimit me sukses t\u00eb t\u00eb gjitha krediteve p\u00ebrkat\u00ebse jan\u00eb t\u00eb\u00a0<\/span><span style=\"letter-spacing: 0em;\">certifikuara, jo vet\u00ebm q\u00eb sh\u00ebrbejn\u00eb si nj\u00eb avancim personal, por gjithashtu kontribuojn\u00eb n\u00eb\u00a0<\/span><span style=\"letter-spacing: 0em;\">fuqizimin e institucioneve dhe organizatave ku pjes\u00ebmarr\u00ebsit e k\u00ebtyre kurseve jan\u00eb pjes\u00eb.<\/span><\/p><p>Formimi i vazhduar \u00ebsht\u00eb nj\u00eb investim p\u00ebr nd\u00ebrtimin e nj\u00eb shoq\u00ebrie m\u00eb t\u00eb aft\u00eb, m\u00eb t\u00eb\u00a0<span style=\"letter-spacing: 0em;\">p\u00ebrshtatshme dhe m\u00eb t\u00eb p\u00ebrgatitur p\u00ebr t\u00eb ardhmen.<\/span><\/p>\t\t\t\t\t\t\t\t<\/div>\n\t\t\t\t<\/div>\n\t\t\t\t\t<\/div>\n\t\t<\/div>\n\t\t\t\t\t<\/div>\n\t\t<\/section>\n\t\t\t\t<section class=\"elementor-section elementor-top-section elementor-element elementor-element-05e30ad elementor-section-boxed elementor-section-gap-beside-yes elementor-section-height-default elementor-section-height-default elementor-section-column-vertical-align-stretch\" data-id=\"05e30ad\" data-element_type=\"section\" data-e-type=\"section\">\n\t\t\t\t\t\t<div class=\"elementor-container elementor-column-gap-extended\">\n\t\t\t\t\t<div class=\"elementor-column elementor-col-100 elementor-top-column elementor-element elementor-element-e83b661\" data-id=\"e83b661\" data-element_type=\"column\" data-e-type=\"column\">\n\t\t\t<div class=\"elementor-widget-wrap elementor-element-populated\">\n\t\t\t\t\t\t<div class=\"elementor-element elementor-element-f28291d elementor-widget elementor-widget-toggle\" data-id=\"f28291d\" data-element_type=\"widget\" data-e-type=\"widget\" data-widget_type=\"toggle.default\">\n\t\t\t\t<div class=\"elementor-widget-container\">\n\t\t\t\t\t\t\t<div class=\"elementor-toggle\">\n\t\t\t\t\t\t\t<div class=\"elementor-toggle-item\">\n\t\t\t\t\t<div id=\"elementor-tab-title-2541\" class=\"elementor-tab-title\" data-tab=\"1\" role=\"button\" aria-controls=\"elementor-tab-content-2541\" aria-expanded=\"false\">\n\t\t\t\t\t\t\t\t\t\t\t\t<span class=\"elementor-toggle-icon elementor-toggle-icon-left\" aria-hidden=\"true\">\n\t\t\t\t\t\t\t\t\t\t\t\t\t\t\t<span class=\"elementor-toggle-icon-closed\"><i class=\"fas fa-caret-right\"><\/i><\/span>\n\t\t\t\t\t\t\t\t<span class=\"elementor-toggle-icon-opened\"><i class=\"elementor-toggle-icon-opened fas fa-caret-up\"><\/i><\/span>\n\t\t\t\t\t\t\t\t\t\t\t\t\t<\/span>\n\t\t\t\t\t\t\t\t\t\t\t\t<a class=\"elementor-toggle-title\" tabindex=\"0\">1. Auditues Energjitik<\/a>\n\t\t\t\t\t<\/div>\n\n\t\t\t\t\t<div id=\"elementor-tab-content-2541\" class=\"elementor-tab-content elementor-clearfix\" data-tab=\"1\" role=\"region\" aria-labelledby=\"elementor-tab-title-2541\"><p>Ky kurs i formimit t\u00eb vazhduar \u00ebsht\u00eb i hapur p\u00ebr profesionist\u00eb q\u00eb kan\u00eb p\u00ebrfunduar studimet master n\u00eb inxhinieri nd\u00ebrtimi, mekanike, elektrike, arkitektur\u00eb ose inxhinieri mjedisi (me profil energjetik).<\/p><p>N\u00eb p\u00ebrfundim t\u00eb kursit, pjes\u00ebmarr\u00ebsit pajisen me <strong>Certifikat\u00eb Pjes\u00ebmarrjeje<\/strong>, e vlefshme p\u00ebr aplikim p\u00ebr licens\u00ebn p\u00ebrkat\u00ebse.<\/p><p>P\u00ebr t\u00eb par\u00eb p\u00ebrmbajtjen e kursit, kliko <a href=\"https:\/\/universitetipolis.edu.al\/wp-content\/uploads\/2023\/03\/Liste-Lendesh-Kredite_Kursi-pasuniversitar-i-Auditit-te-Energjise.xlsx-Sheet1.pdf\">[k\u00ebtu]<\/a><\/p><\/div>\n\t\t\t\t<\/div>\n\t\t\t\t\t\t\t<div class=\"elementor-toggle-item\">\n\t\t\t\t\t<div id=\"elementor-tab-title-2542\" class=\"elementor-tab-title\" data-tab=\"2\" role=\"button\" aria-controls=\"elementor-tab-content-2542\" aria-expanded=\"false\">\n\t\t\t\t\t\t\t\t\t\t\t\t<span class=\"elementor-toggle-icon elementor-toggle-icon-left\" aria-hidden=\"true\">\n\t\t\t\t\t\t\t\t\t\t\t\t\t\t\t<span class=\"elementor-toggle-icon-closed\"><i class=\"fas fa-caret-right\"><\/i><\/span>\n\t\t\t\t\t\t\t\t<span class=\"elementor-toggle-icon-opened\"><i class=\"elementor-toggle-icon-opened fas fa-caret-up\"><\/i><\/span>\n\t\t\t\t\t\t\t\t\t\t\t\t\t<\/span>\n\t\t\t\t\t\t\t\t\t\t\t\t<a class=\"elementor-toggle-title\" tabindex=\"0\">2. Legjislacion Mjedisor dhe t\u00eb Drejtat Mjedisore<\/a>\n\t\t\t\t\t<\/div>\n\n\t\t\t\t\t<div id=\"elementor-tab-content-2542\" class=\"elementor-tab-content elementor-clearfix\" data-tab=\"2\" role=\"region\" aria-labelledby=\"elementor-tab-title-2542\"><p>Ky kurs synon t\u00eb pajis\u00eb pjes\u00ebmarr\u00ebsit me njohuri mbi kuadrin ligjor vendor dhe nd\u00ebrkomb\u00ebtar p\u00ebr mbrojtjen e mjedisit dhe t\u00eb drejtave t\u00eb njeriut, si dhe ndikimin e veprimtaris\u00eb publike dhe private n\u00eb \u00e7\u00ebshtjet mjedisore.<\/p><p>Programi p\u00ebrfshin tema si: ndryshimet klimatike, p\u00ebrgjegj\u00ebsia ligjore e bizneseve, mbrojtja gjyq\u00ebsore dhe etika n\u00eb \u00e7\u00ebshtjet mjedisore. N\u00eb p\u00ebrfundim, pjes\u00ebmarr\u00ebsit pajisen me <strong>Certifikat\u00eb Pjes\u00ebmarrjeje<\/strong> (60 or\u00eb \/ 12 ECTS).<\/p><p>P\u00ebr t\u00eb par\u00eb p\u00ebrmbajtjen e kursit, kliko <a href=\"https:\/\/universitetipolis.edu.al\/wp-content\/uploads\/2025\/07\/Programi-mesimor_LMDM-1.pdf\" target=\"_blank\" rel=\"noopener\">[k\u00ebtu]<\/a><\/p><\/div>\n\t\t\t\t<\/div>\n\t\t\t\t\t\t\t<div class=\"elementor-toggle-item\">\n\t\t\t\t\t<div id=\"elementor-tab-title-2543\" class=\"elementor-tab-title\" data-tab=\"3\" role=\"button\" aria-controls=\"elementor-tab-content-2543\" aria-expanded=\"false\">\n\t\t\t\t\t\t\t\t\t\t\t\t<span class=\"elementor-toggle-icon elementor-toggle-icon-left\" aria-hidden=\"true\">\n\t\t\t\t\t\t\t\t\t\t\t\t\t\t\t<span class=\"elementor-toggle-icon-closed\"><i class=\"fas fa-caret-right\"><\/i><\/span>\n\t\t\t\t\t\t\t\t<span class=\"elementor-toggle-icon-opened\"><i class=\"elementor-toggle-icon-opened fas fa-caret-up\"><\/i><\/span>\n\t\t\t\t\t\t\t\t\t\t\t\t\t<\/span>\n\t\t\t\t\t\t\t\t\t\t\t\t<a class=\"elementor-toggle-title\" tabindex=\"0\">3. Vler\u00ebsues p\u00ebr Tok\u00eb Bujq\u00ebsore, Tok\u00eb Pyjore, Livadh dhe Tok\u00eb t\u00eb Pafrutshme<\/a>\n\t\t\t\t\t<\/div>\n\n\t\t\t\t\t<div id=\"elementor-tab-content-2543\" class=\"elementor-tab-content elementor-clearfix\" data-tab=\"3\" role=\"region\" aria-labelledby=\"elementor-tab-title-2543\"><p>Ky kurs i dedikohet specialist\u00ebve t\u00eb fushave t\u00eb bujq\u00ebsis\u00eb, pyjeve, p\u00ebrpunimit t\u00eb drurit, ekonomis\u00eb dhe agrobiznesit, q\u00eb synojn\u00eb t\u00eb certifikohen n\u00eb vler\u00ebsimin e tokave bujq\u00ebsore, pyjore dhe t\u00eb pafrutshme.<\/p><p>N\u00eb p\u00ebrfundim t\u00eb kursit, pjes\u00ebmarr\u00ebsit pajisen me <strong>Certifikat\u00eb Pjes\u00ebmarrjeje<\/strong>, e vlefshme p\u00ebr aplikim p\u00ebr licens\u00eb profesionale.<\/p><p>P\u00ebr t\u00eb par\u00eb p\u00ebrmbajtjen e kursit, kliko <a href=\"https:\/\/universitetipolis.edu.al\/wp-content\/uploads\/2023\/03\/Kursi-i-Vleresues-per-toke-bujqesore-toke-pyjore-livadh-dhe-toke-te-pafrutshme.pdf\">[k\u00ebtu]<\/a><\/p><\/div>\n\t\t\t\t<\/div>\n\t\t\t\t\t\t\t<div class=\"elementor-toggle-item\">\n\t\t\t\t\t<div id=\"elementor-tab-title-2544\" class=\"elementor-tab-title\" data-tab=\"4\" role=\"button\" aria-controls=\"elementor-tab-content-2544\" aria-expanded=\"false\">\n\t\t\t\t\t\t\t\t\t\t\t\t<span class=\"elementor-toggle-icon elementor-toggle-icon-left\" aria-hidden=\"true\">\n\t\t\t\t\t\t\t\t\t\t\t\t\t\t\t<span class=\"elementor-toggle-icon-closed\"><i class=\"fas fa-caret-right\"><\/i><\/span>\n\t\t\t\t\t\t\t\t<span class=\"elementor-toggle-icon-opened\"><i class=\"elementor-toggle-icon-opened fas fa-caret-up\"><\/i><\/span>\n\t\t\t\t\t\t\t\t\t\t\t\t\t<\/span>\n\t\t\t\t\t\t\t\t\t\t\t\t<a class=\"elementor-toggle-title\" tabindex=\"0\">4. Vler\u00ebsim i Pasurive t\u00eb Paluajtshme p\u00ebr Nd\u00ebrtes\u00eb dhe Truall<\/a>\n\t\t\t\t\t<\/div>\n\n\t\t\t\t\t<div id=\"elementor-tab-content-2544\" class=\"elementor-tab-content elementor-clearfix\" data-tab=\"4\" role=\"region\" aria-labelledby=\"elementor-tab-title-2544\"><p>Ky trajnim \u00ebsht\u00eb i hapur p\u00ebr profesionist\u00eb me diplom\u00eb master n\u00eb inxhinieri, arkitektur\u00eb ose ekonomi dhe synon p\u00ebrgatitjen e vler\u00ebsuesve t\u00eb pasurive t\u00eb paluajtshme n\u00eb p\u00ebrputhje me k\u00ebrkesat ligjore n\u00eb fuqi.<\/p><p>N\u00eb p\u00ebrfundim t\u00eb kursit, pjes\u00ebmarr\u00ebsit pajisen me <strong>Certifikat\u00eb Pjes\u00ebmarrjeje<\/strong>, e vlefshme p\u00ebr aplikim p\u00ebr licensim profesional.<\/p><p>P\u00ebr t\u00eb par\u00eb p\u00ebrmbajtjen e kursit, kliko <a href=\"https:\/\/universitetipolis.edu.al\/wp-content\/uploads\/2023\/03\/Kursi-i-Vleresim-te-Pasurive-te-Paluajtshem-per-Ndertese-Truall.pdf\">[k\u00ebtu]<\/a><\/p><\/div>\n\t\t\t\t<\/div>\n\t\t\t\t\t\t\t<div class=\"elementor-toggle-item\">\n\t\t\t\t\t<div id=\"elementor-tab-title-2545\" class=\"elementor-tab-title\" data-tab=\"5\" role=\"button\" aria-controls=\"elementor-tab-content-2545\" aria-expanded=\"false\">\n\t\t\t\t\t\t\t\t\t\t\t\t<span class=\"elementor-toggle-icon elementor-toggle-icon-left\" aria-hidden=\"true\">\n\t\t\t\t\t\t\t\t\t\t\t\t\t\t\t<span class=\"elementor-toggle-icon-closed\"><i class=\"fas fa-caret-right\"><\/i><\/span>\n\t\t\t\t\t\t\t\t<span class=\"elementor-toggle-icon-opened\"><i class=\"elementor-toggle-icon-opened fas fa-caret-up\"><\/i><\/span>\n\t\t\t\t\t\t\t\t\t\t\t\t\t<\/span>\n\t\t\t\t\t\t\t\t\t\t\t\t<a class=\"elementor-toggle-title\" tabindex=\"0\">5. Udh\u00ebrr\u00ebfyes Turistik Komb\u00ebtar<\/a>\n\t\t\t\t\t<\/div>\n\n\t\t\t\t\t<div id=\"elementor-tab-content-2545\" class=\"elementor-tab-content elementor-clearfix\" data-tab=\"5\" role=\"region\" aria-labelledby=\"elementor-tab-title-2545\"><p>Ky kurs zhvillohet n\u00eb p\u00ebrputhje me rregulloren e Ministris\u00eb s\u00eb Turizmit dhe Mjedisit dhe synon p\u00ebrgatitjen e profesionist\u00ebve p\u00ebr guidimin turistik n\u00eb nivel komb\u00ebtar.<\/p><p>Programi p\u00ebrfshin 600 or\u00eb trajnimi (leksione, praktik\u00eb dhe studim i pavarur) dhe p\u00ebrmban module mbi historin\u00eb, kultur\u00ebn, natyr\u00ebn dhe teknikat e guidimit. N\u00eb p\u00ebrfundim, pjes\u00ebmarr\u00ebsit pajisen me <strong>Certifikat\u00eb \u201cUdh\u00ebrr\u00ebfyes Turistik Komb\u00ebtar\u201d<\/strong>.<\/p><p>P\u00ebr t\u00eb par\u00eb p\u00ebrmbajtjen e kursit, kliko <a href=\"https:\/\/universitetipolis.edu.al\/wp-content\/uploads\/2025\/07\/Programi-mesimor_UTK-1.pdf\" target=\"_blank\" rel=\"noopener\">[k\u00ebtu]<\/a><\/p><\/div>\n\t\t\t\t<\/div>\n\t\t\t\t\t\t\t\t<\/div>\n\t\t\t\t\t\t<\/div>\n\t\t\t\t<\/div>\n\t\t\t\t\t<\/div>\n\t\t<\/div>\n\t\t\t\t\t<\/div>\n\t\t<\/section>\n\t\t\t\t<section class=\"elementor-section elementor-top-section elementor-element elementor-element-07a4d74 elementor-section-boxed elementor-section-gap-beside-yes elementor-section-height-default elementor-section-height-default elementor-section-column-vertical-align-stretch\" data-id=\"07a4d74\" data-element_type=\"section\" data-e-type=\"section\">\n\t\t\t\t\t\t<div class=\"elementor-container elementor-column-gap-extended\">\n\t\t\t\t\t<div class=\"elementor-column elementor-col-100 elementor-top-column elementor-element elementor-element-d03cace\" data-id=\"d03cace\" data-element_type=\"column\" data-e-type=\"column\">\n\t\t\t<div class=\"elementor-widget-wrap elementor-element-populated\">\n\t\t\t\t\t\t<div class=\"elementor-element elementor-element-eb8ea4b elementor-widget elementor-widget-text-editor\" data-id=\"eb8ea4b\" data-element_type=\"widget\" data-e-type=\"widget\" data-widget_type=\"text-editor.default\">\n\t\t\t\t<div class=\"elementor-widget-container\">\n\t\t\t\t\t\t\t\t\t<p><strong>LISTA E DOKUMENTACIONIT T\u00cb REGJISTRIMIT N\u00cb KURSET E TRAJNIMIT &nbsp;N\u00cb U_POLIS<\/strong><\/p>\n<ol>\n<li>Diploma Universitare (kopje e noterizuar) *<\/li>\n<li>Transkripti\/ Lista e notave Universitare (kopje e noterizuar) *<\/li>\n<li>Formulari i aplikimit (i cili plot\u00ebsohet n\u00eb POLIS)<\/li>\n<li>\n<p>2 fotografi, format dokumenti<\/p>\n<\/li>\n<li>\n<p>Dokument Identifikimi (fotokopje e thjesht\u00eb)<\/p>\n<\/li>\n<li>\n<p>CV (Curriculum Vitae)<\/p>\n<\/li>\n<li>\n<p><font color=\"#2b2b2b\" face=\"Rubik, sans-serif\" style=\"font-size: small;\"><span style=\"font-size: 18px;\">&nbsp;<\/span><\/font>Mandat Pagesa nga Banka p\u00ebr shlyerjen e tarif\u00ebs s\u00eb regjistrimit dhe trajnimit n\u00eb llogarin\u00eb e m\u00ebposhtme:<\/p><\/li>\n<\/ol>\n<p>Nr. i Llogaris\u00eb s\u00eb U_POLIS <strong>TIRANA BANK <\/strong><strong>UNIVERSITETI &#8220;POLIS&#8221; SHPK <\/strong><\/p>\n<p><strong>IBAN:<\/strong> AL06206111070000115304980100<\/p>\n<p><strong>Numri i llogaris\u00eb:<\/strong> 0115-304980-100 CB<\/p>\t\t\t\t\t\t\t\t<\/div>\n\t\t\t\t<\/div>\n\t\t\t\t\t<\/div>\n\t\t<\/div>\n\t\t\t\t\t<\/div>\n\t\t<\/section>\n\t\t\t\t<\/div>\n\t\t","protected":false},"excerpt":{"rendered":"<p>Universiteti POLIS, p\u00ebrve\u00e7 programeve t\u00eb studimit me koh\u00eb t\u00eb plot\u00eb dhe t\u00eb zgjatura, ofron\u00a0edhe trajnime\/kurse t\u00eb formimit t\u00eb vazhduar, t\u00eb zhvilluara n\u00eb bashk\u00ebpunim me institucione\u00a0publike dhe t\u00eb mb\u00ebshtetura nga Ministria e Infrastruktur\u00ebs dhe Energjitik\u00ebs apo Ministria e\u00a0Turizmit dhe Mjedisit.\u00a0 N\u00eb k\u00ebt\u00eb kuad\u00ebr, POLIS ofron disa kurse formimi t\u00eb vazhduar, t\u00eb listuara si m\u00eb posht\u00eb t\u00eb\u00a0dizajnuara p\u00ebr t\u00eb ndihmuar profesionist\u00ebt q\u00eb t\u00eb forcojn\u00eb aft\u00ebsit\u00eb e tyre dhe t\u00eb q\u00ebndrojn\u00eb t\u00eb\u00a0p\u00ebrdit\u00ebsuar me k\u00ebrkesat n\u00eb zhvillim t\u00eb tregut t\u00eb pun\u00ebs. K\u00ebto programe mb\u00ebshtesin m\u00ebsimin\u00a0gjat\u00eb gjith\u00eb jet\u00ebs dhe zhvillimin profesional n\u00eb fusha t\u00eb ndryshme me interes komb\u00ebtar dhe\u00a0jo vet\u00ebm. Kursat jan\u00eb t\u00eb strukturuara n\u00eb at\u00eb form\u00eb, duke kombinuar teorin\u00eb me praktik\u00ebn e\u00a0drejtp\u00ebrdrejt\u00eb, dhe jan\u00eb t\u00eb p\u00ebrshtatura p\u00ebr t\u00eb plot\u00ebsuar nevojat e pjes\u00ebmarr\u00ebsve n\u00eb etapa\u00a0t\u00eb ndryshme t\u00eb karrier\u00ebs s\u00eb tyre \u2014 nga profesionist\u00ebt e rinj deri te ekspert\u00ebt n\u00eb nivele t\u00eb larta apo ata q\u00eb k\u00ebrkojn\u00eb t\u00eb ndryshojn\u00eb drejtimin profesional.\u00a0 Duke q\u00ebn\u00eb se k\u00ebto kurse pas p\u00ebrfundimit me sukses t\u00eb t\u00eb gjitha krediteve p\u00ebrkat\u00ebse jan\u00eb t\u00eb\u00a0certifikuara, jo vet\u00ebm q\u00eb sh\u00ebrbejn\u00eb si nj\u00eb avancim personal, por gjithashtu kontribuojn\u00eb n\u00eb\u00a0fuqizimin e institucioneve dhe organizatave ku pjes\u00ebmarr\u00ebsit e k\u00ebtyre kurseve jan\u00eb pjes\u00eb. Formimi i vazhduar \u00ebsht\u00eb nj\u00eb investim p\u00ebr nd\u00ebrtimin e nj\u00eb shoq\u00ebrie m\u00eb t\u00eb aft\u00eb, m\u00eb t\u00eb\u00a0p\u00ebrshtatshme dhe m\u00eb t\u00eb p\u00ebrgatitur p\u00ebr t\u00eb ardhmen. 1. Auditues Energjitik Ky kurs i formimit t\u00eb vazhduar \u00ebsht\u00eb i hapur p\u00ebr profesionist\u00eb q\u00eb kan\u00eb p\u00ebrfunduar studimet master n\u00eb inxhinieri nd\u00ebrtimi, mekanike, elektrike, arkitektur\u00eb ose inxhinieri mjedisi (me profil energjetik). N\u00eb p\u00ebrfundim t\u00eb kursit, pjes\u00ebmarr\u00ebsit pajisen me Certifikat\u00eb Pjes\u00ebmarrjeje, e vlefshme p\u00ebr aplikim p\u00ebr licens\u00ebn p\u00ebrkat\u00ebse. P\u00ebr t\u00eb par\u00eb p\u00ebrmbajtjen e kursit, kliko [k\u00ebtu] 2. Legjislacion Mjedisor dhe t\u00eb Drejtat Mjedisore Ky kurs synon t\u00eb pajis\u00eb pjes\u00ebmarr\u00ebsit me njohuri mbi kuadrin ligjor vendor dhe nd\u00ebrkomb\u00ebtar p\u00ebr mbrojtjen e mjedisit dhe t\u00eb drejtave t\u00eb njeriut, si dhe ndikimin e veprimtaris\u00eb publike dhe private n\u00eb \u00e7\u00ebshtjet mjedisore. Programi p\u00ebrfshin tema si: ndryshimet klimatike, p\u00ebrgjegj\u00ebsia ligjore e bizneseve, mbrojtja gjyq\u00ebsore dhe etika n\u00eb \u00e7\u00ebshtjet mjedisore. N\u00eb p\u00ebrfundim, pjes\u00ebmarr\u00ebsit pajisen me Certifikat\u00eb Pjes\u00ebmarrjeje (60 or\u00eb \/ 12 ECTS). P\u00ebr t\u00eb par\u00eb p\u00ebrmbajtjen e kursit, kliko [k\u00ebtu] 3. Vler\u00ebsues p\u00ebr Tok\u00eb Bujq\u00ebsore, Tok\u00eb Pyjore, Livadh dhe Tok\u00eb t\u00eb Pafrutshme Ky kurs i dedikohet specialist\u00ebve t\u00eb fushave t\u00eb bujq\u00ebsis\u00eb, pyjeve, p\u00ebrpunimit t\u00eb drurit, ekonomis\u00eb dhe agrobiznesit, q\u00eb synojn\u00eb t\u00eb certifikohen n\u00eb vler\u00ebsimin e tokave bujq\u00ebsore, pyjore dhe t\u00eb pafrutshme. N\u00eb p\u00ebrfundim t\u00eb kursit, pjes\u00ebmarr\u00ebsit pajisen me Certifikat\u00eb Pjes\u00ebmarrjeje, e vlefshme p\u00ebr aplikim p\u00ebr licens\u00eb profesionale. P\u00ebr t\u00eb par\u00eb p\u00ebrmbajtjen e kursit, kliko [k\u00ebtu] 4. Vler\u00ebsim i Pasurive t\u00eb Paluajtshme p\u00ebr Nd\u00ebrtes\u00eb dhe Truall Ky trajnim \u00ebsht\u00eb i hapur p\u00ebr profesionist\u00eb me diplom\u00eb master n\u00eb inxhinieri, arkitektur\u00eb ose ekonomi dhe synon p\u00ebrgatitjen e vler\u00ebsuesve t\u00eb pasurive t\u00eb paluajtshme n\u00eb p\u00ebrputhje me k\u00ebrkesat ligjore n\u00eb fuqi. N\u00eb p\u00ebrfundim t\u00eb kursit, pjes\u00ebmarr\u00ebsit pajisen me Certifikat\u00eb Pjes\u00ebmarrjeje, e vlefshme p\u00ebr aplikim p\u00ebr licensim profesional. P\u00ebr t\u00eb par\u00eb p\u00ebrmbajtjen e kursit, kliko [k\u00ebtu] 5. Udh\u00ebrr\u00ebfyes Turistik Komb\u00ebtar Ky kurs zhvillohet n\u00eb p\u00ebrputhje me rregulloren e Ministris\u00eb s\u00eb Turizmit dhe Mjedisit dhe synon p\u00ebrgatitjen e profesionist\u00ebve p\u00ebr guidimin turistik n\u00eb nivel komb\u00ebtar. Programi p\u00ebrfshin 600 or\u00eb trajnimi (leksione, praktik\u00eb dhe studim i pavarur) dhe p\u00ebrmban module mbi historin\u00eb, kultur\u00ebn, natyr\u00ebn dhe teknikat e guidimit. N\u00eb p\u00ebrfundim, pjes\u00ebmarr\u00ebsit pajisen me Certifikat\u00eb \u201cUdh\u00ebrr\u00ebfyes Turistik Komb\u00ebtar\u201d. P\u00ebr t\u00eb par\u00eb p\u00ebrmbajtjen e kursit, kliko [k\u00ebtu] LISTA E DOKUMENTACIONIT T\u00cb REGJISTRIMIT N\u00cb KURSET E TRAJNIMIT &nbsp;N\u00cb U_POLIS Diploma Universitare (kopje e noterizuar) * Transkripti\/ Lista e notave Universitare (kopje e noterizuar) * Formulari i aplikimit (i cili plot\u00ebsohet n\u00eb POLIS) 2 fotografi, format dokumenti Dokument Identifikimi (fotokopje e thjesht\u00eb) CV (Curriculum Vitae) &nbsp;Mandat Pagesa nga Banka p\u00ebr shlyerjen e tarif\u00ebs s\u00eb regjistrimit dhe trajnimit n\u00eb llogarin\u00eb e m\u00ebposhtme: Nr. i Llogaris\u00eb s\u00eb U_POLIS TIRANA BANK UNIVERSITETI &#8220;POLIS&#8221; SHPK IBAN: AL06206111070000115304980100 Numri i llogaris\u00eb: 0115-304980-100 CB<\/p>\n","protected":false},"author":6,"featured_media":0,"parent":0,"menu_order":0,"comment_status":"closed","ping_status":"closed","template":"","meta":{"footnotes":""},"class_list":["post-3661","page","type-page","status-publish","hentry","post-no-thumbnail"],"_links":{"self":[{"href":"https:\/\/universitetipolis.edu.al\/index.php?rest_route=\/wp\/v2\/pages\/3661","targetHints":{"allow":["GET"]}}],"collection":[{"href":"https:\/\/universitetipolis.edu.al\/index.php?rest_route=\/wp\/v2\/pages"}],"about":[{"href":"https:\/\/universitetipolis.edu.al\/index.php?rest_route=\/wp\/v2\/types\/page"}],"author":[{"embeddable":true,"href":"https:\/\/universitetipolis.edu.al\/index.php?rest_route=\/wp\/v2\/users\/6"}],"replies":[{"embeddable":true,"href":"https:\/\/universitetipolis.edu.al\/index.php?rest_route=%2Fwp%2Fv2%2Fcomments&post=3661"}],"version-history":[{"count":26,"href":"https:\/\/universitetipolis.edu.al\/index.php?rest_route=\/wp\/v2\/pages\/3661\/revisions"}],"predecessor-version":[{"id":28772,"href":"https:\/\/universitetipolis.edu.al\/index.php?rest_route=\/wp\/v2\/pages\/3661\/revisions\/28772"}],"wp:attachment":[{"href":"https:\/\/universitetipolis.edu.al\/index.php?rest_route=%2Fwp%2Fv2%2Fmedia&parent=3661"}],"curies":[{"name":"wp","href":"https:\/\/api.w.org\/{rel}","templated":true}]}}