{"id":3655,"date":"2022-05-09T12:56:57","date_gmt":"2022-05-09T12:56:57","guid":{"rendered":"https:\/\/universitetipolis.edu.al\/?page_id=3655"},"modified":"2024-10-31T17:37:07","modified_gmt":"2024-10-31T16:37:07","slug":"shkencor","status":"publish","type":"page","link":"https:\/\/universitetipolis.edu.al\/?page_id=3655","title":{"rendered":"Shkencor"},"content":{"rendered":"\t\t<div data-elementor-type=\"wp-page\" data-elementor-id=\"3655\" class=\"elementor elementor-3655\" data-elementor-post-type=\"page\">\n\t\t\t\t\t\t<section class=\"elementor-section elementor-top-section elementor-element elementor-element-1083b16 elementor-section-boxed elementor-section-gap-beside-yes elementor-section-height-default elementor-section-height-default elementor-section-column-vertical-align-stretch\" data-id=\"1083b16\" data-element_type=\"section\" data-e-type=\"section\">\n\t\t\t\t\t\t<div class=\"elementor-container elementor-column-gap-extended\">\n\t\t\t\t\t<div class=\"elementor-column elementor-col-100 elementor-top-column elementor-element elementor-element-66d267e\" data-id=\"66d267e\" data-element_type=\"column\" data-e-type=\"column\">\n\t\t\t<div class=\"elementor-widget-wrap elementor-element-populated\">\n\t\t\t\t\t\t<div class=\"elementor-element elementor-element-c7913ee elementor-widget elementor-widget-text-editor\" data-id=\"c7913ee\" data-element_type=\"widget\" data-e-type=\"widget\" data-widget_type=\"text-editor.default\">\n\t\t\t\t<div class=\"elementor-widget-container\">\n\t\t\t\t\t\t\t\t\t<div>Programet e studimeve t\u00eb ciklit t\u00eb dyt\u00eb \u201cMaster Shkencor\u201d (MSc) pran\u00eb Universitetit POLIS japin njohuri t\u00eb thelluara, teorike dhe praktike, si dhe trajnim p\u00ebr k\u00ebrkim t\u00eb pavarur n\u00eb nj\u00eb fush\u00eb brenda nj\u00eb specialiteti t\u00eb caktuar. K\u00ebto programe realizohen me 120 ECTS dhe me koh\u00ebzgjatje t\u00eb plot\u00eb gjat\u00eb 2 (dy) vite akademike. K\u00ebto programe shoq\u00ebrohen nga nj\u00eb infrastrukture e pasur laboratorike si: <em>5 Laboratore Kompjuterike, Laboratori mjedisit dhe i enrgjise, Laboratori IF-FabLab, Laboratori i Materialeve te ndertimit dhe strukturave Mola, Laboratori i fotografis\u00eb, piktur\u00ebs dhe qeramik\u00ebs, Inkubatori sipermarres dhe Biblioteka.<\/em><\/div><div>\u00a0<\/div><p>N\u00eb p\u00ebrfundim t\u00eb studimeve t\u00eb ciklit t\u00eb dyt\u00eb l\u00ebshohet diplom\u00eb universitare \u201c<strong>Master i Shkencave<\/strong>\u201d sipas programit t\u00eb studimit.Pervec\u00a0<strong>Programeve Master<\/strong>, Polis ofron edhe \u00a0<strong>2 Programe <a href=\"https:\/\/universitetipolis.edu.al\/programe-te-integruara\/\">Master i Integruar<\/a> 5-vjecar<\/strong>\u00a0(Bachelor+MSc)<\/p><p>Aktualisht pran\u00eb Universitetit POLIS ofrohen disa programe studimi n\u00eb k\u00ebt\u00eb cik\u00ebl.\u00a0<\/p>\t\t\t\t\t\t\t\t<\/div>\n\t\t\t\t<\/div>\n\t\t\t\t\t<\/div>\n\t\t<\/div>\n\t\t\t\t\t<\/div>\n\t\t<\/section>\n\t\t\t\t<section class=\"elementor-section elementor-top-section elementor-element elementor-element-d4a74a8 elementor-section-boxed elementor-section-gap-beside-yes elementor-section-height-default elementor-section-height-default elementor-section-column-vertical-align-stretch\" data-id=\"d4a74a8\" data-element_type=\"section\" data-e-type=\"section\">\n\t\t\t\t\t\t<div class=\"elementor-container elementor-column-gap-extended\">\n\t\t\t\t\t<div class=\"elementor-column elementor-col-33 elementor-top-column elementor-element elementor-element-1fd0757\" data-id=\"1fd0757\" data-element_type=\"column\" data-e-type=\"column\">\n\t\t\t<div class=\"elementor-widget-wrap elementor-element-populated\">\n\t\t\t\t\t\t<div class=\"elementor-element elementor-element-db9a562 unicamp-animation-zoom-in unicamp-graphic-position-top elementor-widget elementor-widget-tm-cover-image-box\" data-id=\"db9a562\" data-element_type=\"widget\" data-e-type=\"widget\" data-widget_type=\"tm-cover-image-box.default\">\n\t\t\t\t<div class=\"elementor-widget-container\">\n\t\t\t\t\t\t\t<a class=\"tm-cover-image-box unicamp-box style-03 link-secret\" href=\"https:\/\/universitetipolis.edu.al\/master-i-shkencave-ne-dizajn-te-aplikuar\/\">\t\t<div class=\"content-wrap\">\n\t\t\t\t\t\t\t<div class=\"unicamp-image image\">\n\t\t\t\t\t<img decoding=\"async\"  loading=\"lazy\" src=\"https:\/\/universitetipolis.edu.al\/wp-content\/uploads\/2024\/10\/Dizajn-i-aplikuar-scaled.webp\" alt=\"Dizajn i aplikuar\" \/>\t\t\t\t<\/div>\n\t\t\t\t\t\t<div class=\"box-caption-wrap\">\n\t\t\t\t<div class=\"box-caption\">\n\t\t\t\t\t<h3 class=\"title\">Master i Shkencave n\u00eb Dizajn t\u00eb Aplikuar<\/h3>\n\t\t\t\t\t\n\t\t\t\t\t\t\t\t\t<\/div>\n\t\t\t<\/div>\n\t\t<\/div>\n\t\t<\/a>\t\t\t\t\t\t<\/div>\n\t\t\t\t<\/div>\n\t\t\t\t\t<\/div>\n\t\t<\/div>\n\t\t\t\t<div class=\"elementor-column elementor-col-33 elementor-top-column elementor-element elementor-element-e1d0004\" data-id=\"e1d0004\" data-element_type=\"column\" data-e-type=\"column\">\n\t\t\t<div class=\"elementor-widget-wrap elementor-element-populated\">\n\t\t\t\t\t\t<div class=\"elementor-element elementor-element-c3af9bf unicamp-animation-zoom-in unicamp-graphic-position-top elementor-widget elementor-widget-tm-cover-image-box\" data-id=\"c3af9bf\" data-element_type=\"widget\" data-e-type=\"widget\" data-widget_type=\"tm-cover-image-box.default\">\n\t\t\t\t<div class=\"elementor-widget-container\">\n\t\t\t\t\t\t\t<a class=\"tm-cover-image-box unicamp-box style-03 link-secret\" href=\"https:\/\/universitetipolis.edu.al\/master-i-shkencave-ne-inxhinieri-ndertimi\/\">\t\t<div class=\"content-wrap\">\n\t\t\t\t\t\t\t<div class=\"unicamp-image image\">\n\t\t\t\t\t<img decoding=\"async\"  loading=\"lazy\" src=\"https:\/\/universitetipolis.edu.al\/wp-content\/uploads\/2024\/10\/Master-ing-ndertimi.webp\" alt=\"Master ing ndertimi\" \/>\t\t\t\t<\/div>\n\t\t\t\t\t\t<div class=\"box-caption-wrap\">\n\t\t\t\t<div class=\"box-caption\">\n\t\t\t\t\t<h3 class=\"title\">Master i Shkencave n\u00eb Inxhinieri Nd\u00ebrtimi<\/h3>\n\t\t\t\t\t\n\t\t\t\t\t\t\t\t\t<\/div>\n\t\t\t<\/div>\n\t\t<\/div>\n\t\t<\/a>\t\t\t\t\t\t<\/div>\n\t\t\t\t<\/div>\n\t\t\t\t\t<\/div>\n\t\t<\/div>\n\t\t\t\t<div class=\"elementor-column elementor-col-33 elementor-top-column elementor-element elementor-element-fb3285b\" data-id=\"fb3285b\" data-element_type=\"column\" data-e-type=\"column\">\n\t\t\t<div class=\"elementor-widget-wrap elementor-element-populated\">\n\t\t\t\t\t\t<div class=\"elementor-element elementor-element-9825c14 unicamp-animation-zoom-in unicamp-graphic-position-top elementor-widget elementor-widget-tm-cover-image-box\" data-id=\"9825c14\" data-element_type=\"widget\" data-e-type=\"widget\" data-widget_type=\"tm-cover-image-box.default\">\n\t\t\t\t<div class=\"elementor-widget-container\">\n\t\t\t\t\t\t\t<a class=\"tm-cover-image-box unicamp-box style-03 link-secret\" href=\"https:\/\/universitetipolis.edu.al\/master-i-shkencave-ne-menaxhim-mjedisor-urban\/\">\t\t<div class=\"content-wrap\">\n\t\t\t\t\t\t\t<div class=\"unicamp-image image\">\n\t\t\t\t\t<img decoding=\"async\"  loading=\"lazy\" src=\"https:\/\/universitetipolis.edu.al\/wp-content\/uploads\/2022\/07\/mjedis.jpg\" alt=\"mjedis\" \/>\t\t\t\t<\/div>\n\t\t\t\t\t\t<div class=\"box-caption-wrap\">\n\t\t\t\t<div class=\"box-caption\">\n\t\t\t\t\t<h3 class=\"title\">Master i Shkencave n\u00eb Menaxhim Mjedisor Urban<\/h3>\n\t\t\t\t\t\n\t\t\t\t\t\t\t\t\t<\/div>\n\t\t\t<\/div>\n\t\t<\/div>\n\t\t<\/a>\t\t\t\t\t\t<\/div>\n\t\t\t\t<\/div>\n\t\t\t\t\t<\/div>\n\t\t<\/div>\n\t\t\t\t\t<\/div>\n\t\t<\/section>\n\t\t\t\t<section class=\"elementor-section elementor-top-section elementor-element elementor-element-560b67c elementor-section-boxed elementor-section-gap-beside-yes elementor-section-height-default elementor-section-height-default elementor-section-column-vertical-align-stretch\" data-id=\"560b67c\" data-element_type=\"section\" data-e-type=\"section\">\n\t\t\t\t\t\t<div class=\"elementor-container elementor-column-gap-extended\">\n\t\t\t\t\t<div class=\"elementor-column elementor-col-50 elementor-top-column elementor-element elementor-element-bf8d356\" data-id=\"bf8d356\" data-element_type=\"column\" data-e-type=\"column\">\n\t\t\t<div class=\"elementor-widget-wrap elementor-element-populated\">\n\t\t\t\t\t\t<div class=\"elementor-element elementor-element-b4bb80b unicamp-animation-zoom-in unicamp-graphic-position-top elementor-widget elementor-widget-tm-cover-image-box\" data-id=\"b4bb80b\" data-element_type=\"widget\" data-e-type=\"widget\" data-widget_type=\"tm-cover-image-box.default\">\n\t\t\t\t<div class=\"elementor-widget-container\">\n\t\t\t\t\t\t\t<a class=\"tm-cover-image-box unicamp-box style-03 link-secret\" href=\"https:\/\/universitetipolis.edu.al\/master-i-shkencave-ne-shkenca-kompjuterike\/\">\t\t<div class=\"content-wrap\">\n\t\t\t\t\t\t\t<div class=\"unicamp-image image\">\n\t\t\t\t\t<img decoding=\"async\"  loading=\"lazy\" src=\"https:\/\/universitetipolis.edu.al\/wp-content\/uploads\/2024\/10\/Master-shkenca-komp.webp\" alt=\"Master shkenca komp\" \/>\t\t\t\t<\/div>\n\t\t\t\t\t\t<div class=\"box-caption-wrap\">\n\t\t\t\t<div class=\"box-caption\">\n\t\t\t\t\t<h3 class=\"title\">Master i Shkencave n\u00eb Shkenca Kompjuterike<\/h3>\n\t\t\t\t\t\n\t\t\t\t\t\t\t\t\t<\/div>\n\t\t\t<\/div>\n\t\t<\/div>\n\t\t<\/a>\t\t\t\t\t\t<\/div>\n\t\t\t\t<\/div>\n\t\t\t\t\t<\/div>\n\t\t<\/div>\n\t\t\t\t<div class=\"elementor-column elementor-col-50 elementor-top-column elementor-element elementor-element-06a8621\" data-id=\"06a8621\" data-element_type=\"column\" data-e-type=\"column\">\n\t\t\t<div class=\"elementor-widget-wrap elementor-element-populated\">\n\t\t\t\t\t\t<div class=\"elementor-element elementor-element-2769a92 unicamp-animation-zoom-in unicamp-graphic-position-top elementor-widget elementor-widget-tm-cover-image-box\" data-id=\"2769a92\" data-element_type=\"widget\" data-e-type=\"widget\" data-widget_type=\"tm-cover-image-box.default\">\n\t\t\t\t<div class=\"elementor-widget-container\">\n\t\t\t\t\t\t\t<a class=\"tm-cover-image-box unicamp-box style-03 link-secret\" href=\"https:\/\/universitetipolis.edu.al\/master-i-shkencave-ne-administrim-biznesi-mba\/\">\t\t<div class=\"content-wrap\">\n\t\t\t\t\t\t\t<div class=\"unicamp-image image\">\n\t\t\t\t\t<img decoding=\"async\"  loading=\"lazy\" src=\"https:\/\/universitetipolis.edu.al\/wp-content\/uploads\/2024\/10\/Master-administeim-biznesi-scaled.webp\" alt=\"Master administeim biznesi\" \/>\t\t\t\t<\/div>\n\t\t\t\t\t\t<div class=\"box-caption-wrap\">\n\t\t\t\t<div class=\"box-caption\">\n\t\t\t\t\t<h3 class=\"title\">Master i Shkencave n\u00eb Administrim Biznesi (MBA)<\/h3>\n\t\t\t\t\t\n\t\t\t\t\t\t\t\t\t<\/div>\n\t\t\t<\/div>\n\t\t<\/div>\n\t\t<\/a>\t\t\t\t\t\t<\/div>\n\t\t\t\t<\/div>\n\t\t\t\t\t<\/div>\n\t\t<\/div>\n\t\t\t\t\t<\/div>\n\t\t<\/section>\n\t\t\t\t<section class=\"elementor-section elementor-top-section elementor-element elementor-element-8129178 elementor-section-boxed elementor-section-gap-beside-yes elementor-section-height-default elementor-section-height-default elementor-section-column-vertical-align-stretch\" data-id=\"8129178\" data-element_type=\"section\" data-e-type=\"section\">\n\t\t\t\t\t\t<div class=\"elementor-container elementor-column-gap-extended\">\n\t\t\t\t\t<div class=\"elementor-column elementor-col-100 elementor-top-column elementor-element elementor-element-912db1d\" data-id=\"912db1d\" data-element_type=\"column\" data-e-type=\"column\">\n\t\t\t<div class=\"elementor-widget-wrap elementor-element-populated\">\n\t\t\t\t\t\t<div class=\"elementor-element elementor-element-0e6903c unicamp-accordion-style-03 elementor-widget elementor-widget-tm-accordion\" data-id=\"0e6903c\" data-element_type=\"widget\" data-e-type=\"widget\" data-widget_type=\"tm-accordion.default\">\n\t\t\t\t<div class=\"elementor-widget-container\">\n\t\t\t\t\t\t\t<div class=\"unicamp-accordion unicamp-accordion-icon-right\">\n\t\t\t\t\t\t\t<div class=\"accordion-section\">\n\t\t\t\t\t<div class=\"accordion-header\">\n\t\t\t\t\t\t<div class=\"accordion-title-wrapper\">\n\t\t\t\t\t\t\t<h6 class=\"accordion-title\">Tarifat<\/h6>\t\t\t\t\t\t<\/div>\n\t\t\t\t\t\t\t\t\t\t\t\t\t<div class=\"accordion-icons\">\n\t\t\t\t\t\t\t\t<span\n\t\t\t\t\t\t\t\t\tclass=\"accordion-icon opened-icon\"><i class=\"far fa-angle-down\"><\/i><\/span>\n\t\t\t\t\t\t\t\t<span\n\t\t\t\t\t\t\t\t\tclass=\"accordion-icon closed-icon\"><\/span>\n\t\t\t\t\t\t\t<\/div>\n\t\t\t\t\t\t\t\t\t\t\t<\/div>\n\t\t\t\t\t<div class=\"accordion-content\">\n\t\t\t\t\t\t<ul><li>DIZAJN I APLIKUAR\u00a0 \u00a0 \u00a0 \u00a0 \u00a0 \u00a0 \u00a0 \u00a0 \u00a0 \u00a0 \u00a0 \u00a0 \u00a0 \u00a0 150,000 lek\u00eb \/semest\u00ebr\u00a0\u00a0<\/li><li>INXHINIERI ND\u00cbRTIMI\u00a0 \u00a0 \u00a0 \u00a0 \u00a0 \u00a0 \u00a0 \u00a0 \u00a0 \u00a0 \u00a0 \u00a0 150,000 lek\u00eb \/semest\u00ebr\u00a0\u00a0<\/li><li>SHKENCA KOMPJUTERIKE\u00a0 \u00a0 \u00a0 \u00a0 \u00a0 \u00a0 \u00a0 \u00a0150,000 lek\u00eb \/semest\u00ebr\u00a0\u00a0<\/li><li>MENAXHIM MJEDISOR URBAN\u00a0 \u00a0 \u00a0 \u00a0150,000 lek\u00eb \/semest\u00ebr\u00a0\u00a0<\/li><li>ADMINISTRIM BIZNESI\u00a0 \u00a0 \u00a0 \u00a0 \u00a0 \u00a0 \u00a0 \u00a0 \u00a0 \u00a0 \u00a0\u00a0150,000 lek\u00eb \/semest\u00ebr\u00a0\u00a0<\/li><\/ul>\t\t\t\t\t<\/div>\n\t\t\t\t<\/div>\n\t\t\t\t\t<\/div>\n\t\t\t\t\t\t<\/div>\n\t\t\t\t<\/div>\n\t\t\t\t<div class=\"elementor-element elementor-element-927c1a3 elementor-widget elementor-widget-text-editor\" data-id=\"927c1a3\" data-element_type=\"widget\" data-e-type=\"widget\" data-widget_type=\"text-editor.default\">\n\t\t\t\t<div class=\"elementor-widget-container\">\n\t\t\t\t\t\t\t\t\t<p><strong><b><u>Pranimi:<br \/><\/u><\/b><\/strong>Aplikant\u00ebt t\u00eb cil\u00ebt jan\u00eb t\u00eb interesuar p\u00ebr t\u00eb vazhduar studimet n\u00eb nj\u00eb nga programet e m\u00ebsip\u00ebrme mund t\u00eb p\u00ebrdorin linkun\u00a0<a href=\"https:\/\/universitetipolis.edu.al\/apliko-ne-universitetin-polis\/\" rel=\"noopener\"><strong>APLIKO\u00a0<\/strong><\/a>n\u00eb t\u00eb cilin mund t\u00eb gjeni informacionin e nevojsh\u00ebm mbi dokumentacionin q\u00eb duhet t\u00eb dor\u00ebzoni dhe procedurat q\u00eb ndiqen p\u00ebr tu b\u00ebr\u00eb pjes\u00eb e Universitetit POLIS.<br \/>Programi \u00ebsht\u00eb <a href=\"https:\/\/universitetipolis.edu.al\/akreditimi\/\" rel=\"noopener\">licensuar<\/a> n\u00eb gjuh\u00ebn shqip. Por p\u00ebr shkak t\u00eb nd\u00ebrkombetarizimit t\u00eb shkoll\u00ebs, dhe prezences s\u00eb stafit cil\u00ebsor t\u00eb huaj, gjuha e dyt\u00eb zyrtare \u00ebsht\u00eb anglishtja. Diplomimi n\u00eb k\u00ebt\u00eb program parashikon sipas ligjit mbrojtjen e nj\u00eb nga 5 gjuh\u00ebve t\u00eb huaja (preferohet anglisht n\u00eb nivelin minimal Toefl B1).<\/p>\t\t\t\t\t\t\t\t<\/div>\n\t\t\t\t<\/div>\n\t\t\t\t\t<\/div>\n\t\t<\/div>\n\t\t\t\t\t<\/div>\n\t\t<\/section>\n\t\t\t\t<section class=\"elementor-section elementor-top-section elementor-element elementor-element-e44a5b5 elementor-section-boxed elementor-section-gap-beside-yes elementor-section-height-default elementor-section-height-default elementor-section-column-vertical-align-stretch\" data-id=\"e44a5b5\" data-element_type=\"section\" data-e-type=\"section\">\n\t\t\t\t\t\t<div class=\"elementor-container elementor-column-gap-extended\">\n\t\t\t\t\t<div class=\"elementor-column elementor-col-100 elementor-top-column elementor-element elementor-element-814e4d3\" data-id=\"814e4d3\" data-element_type=\"column\" data-e-type=\"column\">\n\t\t\t<div class=\"elementor-widget-wrap\">\n\t\t\t\t\t\t\t<\/div>\n\t\t<\/div>\n\t\t\t\t\t<\/div>\n\t\t<\/section>\n\t\t\t\t<\/div>\n\t\t","protected":false},"excerpt":{"rendered":"<p>Programet e studimeve t\u00eb ciklit t\u00eb dyt\u00eb \u201cMaster Shkencor\u201d (MSc) pran\u00eb Universitetit POLIS japin njohuri t\u00eb thelluara, teorike dhe praktike, si dhe trajnim p\u00ebr k\u00ebrkim t\u00eb pavarur n\u00eb nj\u00eb fush\u00eb brenda nj\u00eb specialiteti t\u00eb caktuar. K\u00ebto programe realizohen me 120 ECTS dhe me koh\u00ebzgjatje t\u00eb plot\u00eb gjat\u00eb 2 (dy) vite akademike. K\u00ebto programe shoq\u00ebrohen nga nj\u00eb infrastrukture e pasur laboratorike si: 5 Laboratore Kompjuterike, Laboratori mjedisit dhe i enrgjise, Laboratori IF-FabLab, Laboratori i Materialeve te ndertimit dhe strukturave Mola, Laboratori i fotografis\u00eb, piktur\u00ebs dhe qeramik\u00ebs, Inkubatori sipermarres dhe Biblioteka.\u00a0 N\u00eb p\u00ebrfundim t\u00eb studimeve t\u00eb ciklit t\u00eb dyt\u00eb l\u00ebshohet diplom\u00eb universitare \u201cMaster i Shkencave\u201d sipas programit t\u00eb studimit.Pervec\u00a0Programeve Master, Polis ofron edhe \u00a02 Programe Master i Integruar 5-vjecar\u00a0(Bachelor+MSc) Aktualisht pran\u00eb Universitetit POLIS ofrohen disa programe studimi n\u00eb k\u00ebt\u00eb cik\u00ebl.\u00a0 Master i Shkencave n\u00eb Dizajn t\u00eb Aplikuar Master i Shkencave n\u00eb Inxhinieri Nd\u00ebrtimi Master i Shkencave n\u00eb Menaxhim Mjedisor Urban Master i Shkencave n\u00eb Shkenca Kompjuterike Master i Shkencave n\u00eb Administrim Biznesi (MBA) Tarifat DIZAJN I APLIKUAR\u00a0 \u00a0 \u00a0 \u00a0 \u00a0 \u00a0 \u00a0 \u00a0 \u00a0 \u00a0 \u00a0 \u00a0 \u00a0 \u00a0 150,000 lek\u00eb \/semest\u00ebr\u00a0\u00a0 INXHINIERI ND\u00cbRTIMI\u00a0 \u00a0 \u00a0 \u00a0 \u00a0 \u00a0 \u00a0 \u00a0 \u00a0 \u00a0 \u00a0 \u00a0 150,000 lek\u00eb \/semest\u00ebr\u00a0\u00a0 SHKENCA KOMPJUTERIKE\u00a0 \u00a0 \u00a0 \u00a0 \u00a0 \u00a0 \u00a0 \u00a0150,000 lek\u00eb \/semest\u00ebr\u00a0\u00a0 MENAXHIM MJEDISOR URBAN\u00a0 \u00a0 \u00a0 \u00a0150,000 lek\u00eb \/semest\u00ebr\u00a0\u00a0 ADMINISTRIM BIZNESI\u00a0 \u00a0 \u00a0 \u00a0 \u00a0 \u00a0 \u00a0 \u00a0 \u00a0 \u00a0 \u00a0\u00a0150,000 lek\u00eb \/semest\u00ebr\u00a0\u00a0 Pranimi:Aplikant\u00ebt t\u00eb cil\u00ebt jan\u00eb t\u00eb interesuar p\u00ebr t\u00eb vazhduar studimet n\u00eb nj\u00eb nga programet e m\u00ebsip\u00ebrme mund t\u00eb p\u00ebrdorin linkun\u00a0APLIKO\u00a0n\u00eb t\u00eb cilin mund t\u00eb gjeni informacionin e nevojsh\u00ebm mbi dokumentacionin q\u00eb duhet t\u00eb dor\u00ebzoni dhe procedurat q\u00eb ndiqen p\u00ebr tu b\u00ebr\u00eb pjes\u00eb e Universitetit POLIS.Programi \u00ebsht\u00eb licensuar n\u00eb gjuh\u00ebn shqip. Por p\u00ebr shkak t\u00eb nd\u00ebrkombetarizimit t\u00eb shkoll\u00ebs, dhe prezences s\u00eb stafit cil\u00ebsor t\u00eb huaj, gjuha e dyt\u00eb zyrtare \u00ebsht\u00eb anglishtja. Diplomimi n\u00eb k\u00ebt\u00eb program parashikon sipas ligjit mbrojtjen e nj\u00eb nga 5 gjuh\u00ebve t\u00eb huaja (preferohet anglisht n\u00eb nivelin minimal Toefl B1).<\/p>\n","protected":false},"author":6,"featured_media":0,"parent":3651,"menu_order":2,"comment_status":"closed","ping_status":"closed","template":"","meta":{"footnotes":""},"class_list":["post-3655","page","type-page","status-publish","hentry","post-no-thumbnail"],"_links":{"self":[{"href":"https:\/\/universitetipolis.edu.al\/index.php?rest_route=\/wp\/v2\/pages\/3655","targetHints":{"allow":["GET"]}}],"collection":[{"href":"https:\/\/universitetipolis.edu.al\/index.php?rest_route=\/wp\/v2\/pages"}],"about":[{"href":"https:\/\/universitetipolis.edu.al\/index.php?rest_route=\/wp\/v2\/types\/page"}],"author":[{"embeddable":true,"href":"https:\/\/universitetipolis.edu.al\/index.php?rest_route=\/wp\/v2\/users\/6"}],"replies":[{"embeddable":true,"href":"https:\/\/universitetipolis.edu.al\/index.php?rest_route=%2Fwp%2Fv2%2Fcomments&post=3655"}],"version-history":[{"count":6,"href":"https:\/\/universitetipolis.edu.al\/index.php?rest_route=\/wp\/v2\/pages\/3655\/revisions"}],"predecessor-version":[{"id":24887,"href":"https:\/\/universitetipolis.edu.al\/index.php?rest_route=\/wp\/v2\/pages\/3655\/revisions\/24887"}],"up":[{"embeddable":true,"href":"https:\/\/universitetipolis.edu.al\/index.php?rest_route=\/wp\/v2\/pages\/3651"}],"wp:attachment":[{"href":"https:\/\/universitetipolis.edu.al\/index.php?rest_route=%2Fwp%2Fv2%2Fmedia&parent=3655"}],"curies":[{"name":"wp","href":"https:\/\/api.w.org\/{rel}","templated":true}]}}