{"id":3653,"date":"2022-05-09T12:56:31","date_gmt":"2022-05-09T12:56:31","guid":{"rendered":"https:\/\/universitetipolis.edu.al\/?page_id=3653"},"modified":"2023-06-09T21:06:53","modified_gmt":"2023-06-09T19:06:53","slug":"profesional","status":"publish","type":"page","link":"https:\/\/universitetipolis.edu.al\/?page_id=3653","title":{"rendered":"Profesional"},"content":{"rendered":"\t\t<div data-elementor-type=\"wp-page\" data-elementor-id=\"3653\" class=\"elementor elementor-3653\" data-elementor-post-type=\"page\">\n\t\t\t\t\t\t<section class=\"elementor-section elementor-top-section elementor-element elementor-element-1ea2b97 elementor-section-boxed elementor-section-gap-beside-yes elementor-section-height-default elementor-section-height-default elementor-section-column-vertical-align-stretch\" data-id=\"1ea2b97\" data-element_type=\"section\" data-e-type=\"section\">\n\t\t\t\t\t\t<div class=\"elementor-container elementor-column-gap-extended\">\n\t\t\t\t\t<div class=\"elementor-column elementor-col-100 elementor-top-column elementor-element elementor-element-1c8d757\" data-id=\"1c8d757\" data-element_type=\"column\" data-e-type=\"column\">\n\t\t\t<div class=\"elementor-widget-wrap elementor-element-populated\">\n\t\t\t\t\t\t<div class=\"elementor-element elementor-element-a5e55a3 elementor-widget elementor-widget-text-editor\" data-id=\"a5e55a3\" data-element_type=\"widget\" data-e-type=\"widget\" data-widget_type=\"text-editor.default\">\n\t\t\t\t<div class=\"elementor-widget-container\">\n\t\t\t\t\t\t\t\t\t<p>Programet e studimeve t\u00eb ciklit t\u00eb dyt\u00eb \u201c<em>Master Profesional<\/em>\u201d pran\u00eb Universitetit POLIS japin njohuri t\u00eb thelluara, teoriko-praktike, si dhe trajnim p\u00ebr pune e k\u00ebrkim t\u00eb pavarur n\u00eb nj\u00eb fush\u00eb dhe brenda nj\u00eb specialiteti t\u00eb caktuar. K\u00ebto programe realizohen me<em> 60 kredite dhe me koh\u00eb zgjatje normale 1.5 vite akademike (ose 3 semestra)<\/em>. Ato jan\u00eb konceptuar p\u00ebr ata q\u00eb punojn\u00eb dhe m\u00ebsojn\u00eb. Pjesmarresit n\u00eb k\u00ebto programe duhet t\u00eb ken\u00eb kryer m\u00eb par\u00eb studime dhe t\u00eb jen\u00eb diplomuar minimalisht n\u00eb nivel Bachelor. Por ka shum\u00eb pjesmarr\u00ebs q\u00eb ndjekin k\u00ebto programe pas studimeve universitare (MSc), q\u00eb e b\u00ebjn\u00eb k\u00ebt\u00eb specializim si edukim <em>LLL (Life Long Learning)<\/em> si nj\u00eb mund\u00ebsi per t\u2019u specializuar, p\u00ebrshtatur dhe promovuar n\u00eb tregun e pun\u00ebs. N\u00eb p\u00ebrfundim t\u00eb studimeve t\u00eb ciklit t\u00eb dyt\u00eb l\u00ebshohet diplom\u00eb universitare \u201c<strong>Master Profesional<\/strong>\u201d sipas programit t\u00eb studimit.<\/p><p>Programet e studimeve t\u00eb ciklit t\u00eb dyt\u00eb \u201cMaster Profesional\u201d pran\u00eb U_POLIS realizohen sot bazuar n\u00eb p\u00ebrvojat e shkelqyera te meparshme te bashk\u00ebpunimit nderkombetar, n\u00eb programe t\u00eb ngjashme me 90 kredite, q\u00eb u zbatuan p\u00ebr m\u00eb shum\u00eb se nj\u00eb dekad\u00eb n\u00eb kooperim me institucione t\u00eb huaja t\u00eb arsimit t\u00eb lart\u00eb te cilet e ndihmuan U-POLIS te ngreje kapacitete e veta, konkretisht si m\u00eb posht\u00eb vijon:<br \/>\u2022 me<a href=\"https:\/\/www.ihs.nl\/en\" target=\"_blank\" rel=\"noopener\"> IHS<\/a> \/ <a href=\"https:\/\/www.eur.nl\/\" target=\"_blank\" rel=\"noopener\">Universiteti Erasmus<\/a>, Roterdam Holland\u00eb, p\u00ebr programin \u201cPolitika Territori dhe Aplikime GIS\u201d me specialitete n\u00eb: Strehim, GIS, dhe \u00c7eshtje sociale e burime njerzore (n\u00eb kuader t\u00eb Programit \u201c<a href=\"https:\/\/www.netherlandsandyou.nl\/your-country-and-the-netherlands\/albania\" target=\"_blank\" rel=\"noopener\">MATRA Social Transformation<\/a>\u201d t\u00eb qeveris\u00eb holandeze dhe shqiptare)<br \/>\u2022 me <a href=\"https:\/\/www.ltu.edu\/\" target=\"_blank\" rel=\"noopener\">LTU Lawrence Technological University<\/a>, Detroit Michigan, SHBA; dhe Grupin Kerkimor <a href=\"http:\/\/www.nitrosaggio.net\/\">Nitro-Saggio<\/a> \/ Universiteti<a href=\"https:\/\/www.uniroma1.it\/it\/\" target=\"_blank\" rel=\"noopener\"> La Sapienza<\/a>, Rom\u00eb Itali, p\u00ebr programin \u201cDizajn Parametrik\u201d me specialitete: Arkitektur\u00eb, Struktur\u00eb estetik\u00eb, dhe Dizajn urban dhe pejsazhi.<\/p><p>K\u00ebto programe sapo kan\u00eb mbyllur funksionimin e tyre me sukses dhe jan\u00eb riorganizuar n\u00eb baz\u00eb t\u00eb legjislacionit shqiptar n\u00eb 2 programe Master Profesional me 60 kredite, me koh\u00eb t\u00eb zgjatur (3 semestra), n\u00eb m\u00ebnyr\u00eb q\u00eb t&#8217;ju vijn\u00eb n\u00eb ndihm\u00eb atyre q\u00eb punojn\u00eb dhe m\u00ebsojn\u00eb\u201d<\/p><ul><li>Master Profesional n\u00eb <strong>Arkitekture Digjitale<\/strong> \u2013 (60 kredite, 3 semestra, me koh\u00eb t\u00eb zgjatur).<\/li><li>Master Profesional n\u00eb <strong>Planifikim Terriori dhe GIS<\/strong> &#8211; (60 kredite, 3 semestra, me koh\u00eb t\u00eb zgjatur).<\/li><\/ul>\t\t\t\t\t\t\t\t<\/div>\n\t\t\t\t<\/div>\n\t\t\t\t\t<\/div>\n\t\t<\/div>\n\t\t\t\t\t<\/div>\n\t\t<\/section>\n\t\t\t\t<section class=\"elementor-section elementor-top-section elementor-element elementor-element-e652507 elementor-section-boxed elementor-section-gap-beside-yes elementor-section-height-default elementor-section-height-default elementor-section-column-vertical-align-stretch\" data-id=\"e652507\" data-element_type=\"section\" data-e-type=\"section\">\n\t\t\t\t\t\t<div class=\"elementor-container elementor-column-gap-extended\">\n\t\t\t\t\t<div class=\"elementor-column elementor-col-50 elementor-top-column elementor-element elementor-element-b196fe5\" data-id=\"b196fe5\" data-element_type=\"column\" data-e-type=\"column\">\n\t\t\t<div class=\"elementor-widget-wrap elementor-element-populated\">\n\t\t\t\t\t\t<div class=\"elementor-element elementor-element-213614e unicamp-animation-zoom-in unicamp-graphic-position-top elementor-widget elementor-widget-tm-cover-image-box\" data-id=\"213614e\" data-element_type=\"widget\" data-e-type=\"widget\" data-widget_type=\"tm-cover-image-box.default\">\n\t\t\t\t<div class=\"elementor-widget-container\">\n\t\t\t\t\t\t\t<a class=\"tm-cover-image-box unicamp-box style-03 link-secret\" href=\"https:\/\/universitetipolis.edu.al\/master-profesional-i-avancuar-ne-arkitekture-dixhitale-2\/\">\t\t<div class=\"content-wrap\">\n\t\t\t\t\t\t\t<div class=\"unicamp-image image\">\n\t\t\t\t\t<img decoding=\"async\"  loading=\"lazy\" src=\"https:\/\/universitetipolis.edu.al\/wp-content\/uploads\/2022\/07\/Profesional-Ark-Digjitale-scaled.jpg\" alt=\"Profesional Ark Digjitale\" \/>\t\t\t\t<\/div>\n\t\t\t\t\t\t<div class=\"box-caption-wrap\">\n\t\t\t\t<div class=\"box-caption\">\n\t\t\t\t\t<h3 class=\"title\">Master Profesional i Avancuar n\u00eb Arkitektur\u00eb Dixhitale<\/h3>\n\t\t\t\t\t\n\t\t\t\t\t\t\t\t\t<\/div>\n\t\t\t<\/div>\n\t\t<\/div>\n\t\t<\/a>\t\t\t\t\t\t<\/div>\n\t\t\t\t<\/div>\n\t\t\t\t\t<\/div>\n\t\t<\/div>\n\t\t\t\t<div class=\"elementor-column elementor-col-50 elementor-top-column elementor-element elementor-element-498ec3b\" data-id=\"498ec3b\" data-element_type=\"column\" data-e-type=\"column\">\n\t\t\t<div class=\"elementor-widget-wrap elementor-element-populated\">\n\t\t\t\t\t\t<div class=\"elementor-element elementor-element-c78d4f5 unicamp-animation-zoom-in unicamp-graphic-position-top elementor-widget elementor-widget-tm-cover-image-box\" data-id=\"c78d4f5\" data-element_type=\"widget\" data-e-type=\"widget\" data-widget_type=\"tm-cover-image-box.default\">\n\t\t\t\t<div class=\"elementor-widget-container\">\n\t\t\t\t\t\t\t<a class=\"tm-cover-image-box unicamp-box style-03 link-secret\" href=\"https:\/\/universitetipolis.edu.al\/master-profesional-ne-planifikim-hapesinor\/\">\t\t<div class=\"content-wrap\">\n\t\t\t\t\t\t\t<div class=\"unicamp-image image\">\n\t\t\t\t\t<img decoding=\"async\"  loading=\"lazy\" src=\"https:\/\/universitetipolis.edu.al\/wp-content\/uploads\/2022\/07\/GIS.jpg\" alt=\"GIS\" \/>\t\t\t\t<\/div>\n\t\t\t\t\t\t<div class=\"box-caption-wrap\">\n\t\t\t\t<div class=\"box-caption\">\n\t\t\t\t\t<h3 class=\"title\">Master Profesional n\u00eb Planifikim Hap\u00ebsinor &amp; GIS<\/h3>\n\t\t\t\t\t\n\t\t\t\t\t\t\t\t\t<\/div>\n\t\t\t<\/div>\n\t\t<\/div>\n\t\t<\/a>\t\t\t\t\t\t<\/div>\n\t\t\t\t<\/div>\n\t\t\t\t\t<\/div>\n\t\t<\/div>\n\t\t\t\t\t<\/div>\n\t\t<\/section>\n\t\t\t\t<section class=\"elementor-section elementor-top-section elementor-element elementor-element-a742192 elementor-section-boxed elementor-section-gap-beside-yes elementor-section-height-default elementor-section-height-default elementor-section-column-vertical-align-stretch\" data-id=\"a742192\" data-element_type=\"section\" data-e-type=\"section\">\n\t\t\t\t\t\t<div class=\"elementor-container elementor-column-gap-extended\">\n\t\t\t\t\t<div class=\"elementor-column elementor-col-100 elementor-top-column elementor-element elementor-element-f3ba0f7\" data-id=\"f3ba0f7\" data-element_type=\"column\" data-e-type=\"column\">\n\t\t\t<div class=\"elementor-widget-wrap elementor-element-populated\">\n\t\t\t\t\t\t<div class=\"elementor-element elementor-element-5252fe3 unicamp-accordion-style-03 elementor-widget elementor-widget-tm-accordion\" data-id=\"5252fe3\" data-element_type=\"widget\" data-e-type=\"widget\" data-widget_type=\"tm-accordion.default\">\n\t\t\t\t<div class=\"elementor-widget-container\">\n\t\t\t\t\t\t\t<div class=\"unicamp-accordion unicamp-accordion-icon-right\">\n\t\t\t\t\t\t\t<div class=\"accordion-section\">\n\t\t\t\t\t<div class=\"accordion-header\">\n\t\t\t\t\t\t<div class=\"accordion-title-wrapper\">\n\t\t\t\t\t\t\t<h6 class=\"accordion-title\">Tarifat<\/h6>\t\t\t\t\t\t<\/div>\n\t\t\t\t\t\t\t\t\t\t\t\t\t<div class=\"accordion-icons\">\n\t\t\t\t\t\t\t\t<span\n\t\t\t\t\t\t\t\t\tclass=\"accordion-icon opened-icon\"><i class=\"far fa-angle-down\"><\/i><\/span>\n\t\t\t\t\t\t\t\t<span\n\t\t\t\t\t\t\t\t\tclass=\"accordion-icon closed-icon\"><\/span>\n\t\t\t\t\t\t\t<\/div>\n\t\t\t\t\t\t\t\t\t\t\t<\/div>\n\t\t\t\t\t<div class=\"accordion-content\">\n\t\t\t\t\t\t<ul><li>ARKITEKTUR\u00cb AVANCUAR DIGJITALE\u00a0 \u00a0 \u00a0 \u00a0 \u00a0 180,000 lek\u00eb \/semest\u00ebr, 3 semestra<\/li><li>PLANIFIKIM\/GIS\u00a0 \u00a0 \u00a0 \u00a0 \u00a0 \u00a0 \u00a0 \u00a0 \u00a0 \u00a0 \u00a0 \u00a0 \u00a0 \u00a0 \u00a0 \u00a0 \u00a0 \u00a0 \u00a0 \u00a0 \u00a0 \u00a0 \u00a0 \u00a0 \u00a0 180,000 lek\u00eb \/semest\u00ebr, 3 semestra<\/li><\/ul>\t\t\t\t\t<\/div>\n\t\t\t\t<\/div>\n\t\t\t\t\t<\/div>\n\t\t\t\t\t\t<\/div>\n\t\t\t\t<\/div>\n\t\t\t\t<div class=\"elementor-element elementor-element-3e9d6cd elementor-widget elementor-widget-text-editor\" data-id=\"3e9d6cd\" data-element_type=\"widget\" data-e-type=\"widget\" data-widget_type=\"text-editor.default\">\n\t\t\t\t<div class=\"elementor-widget-container\">\n\t\t\t\t\t\t\t\t\t<p><strong><b><u>Pranimi:<br \/><\/u><\/b><\/strong>Aplikant\u00ebt t\u00eb cil\u00ebt jan\u00eb t\u00eb interesuar p\u00ebr t\u00eb vazhduar studimet n\u00eb nj\u00eb nga programet e m\u00ebsip\u00ebrme mund t\u00eb p\u00ebrdorin linkun <strong><a href=\"https:\/\/universitetipolis.edu.al\/apliko-ne-universitetin-polis\/\" rel=\"noopener\">APLIKO <\/a><\/strong>n\u00eb t\u00eb cilin mund t\u00eb gjeni informacionin e nevojsh\u00ebm mbi dokumentacionin q\u00eb duhet t\u00eb dor\u00ebzoni dhe procedurat q\u00eb ndiqen p\u00ebr tu b\u00ebr\u00eb pjes\u00eb e Universitetit POLIS.<br \/>Programi \u00ebsht\u00eb <a href=\"https:\/\/universitetipolis.edu.al\/akreditimi\/\" rel=\"noopener\">licensuar<\/a> n\u00eb gjuh\u00ebn shqip. Por p\u00ebr shkak t\u00eb nd\u00ebrkombetarizimit t\u00eb shkoll\u00ebs, dhe prezences s\u00eb stafit cil\u00ebsor t\u00eb huaj, gjuha e dyt\u00eb zyrtare \u00ebsht\u00eb anglishtja. Diplomimi n\u00eb k\u00ebt\u00eb program parashikon sipas ligjit mbrojtjen e nj\u00eb nga 5 gjuh\u00ebve t\u00eb huaja (preferohet anglisht n\u00eb nivelin minimal Toefl B1).<\/p>\t\t\t\t\t\t\t\t<\/div>\n\t\t\t\t<\/div>\n\t\t\t\t\t<\/div>\n\t\t<\/div>\n\t\t\t\t\t<\/div>\n\t\t<\/section>\n\t\t\t\t<section class=\"elementor-section elementor-top-section elementor-element elementor-element-2fc3a5c elementor-section-boxed elementor-section-gap-beside-yes elementor-section-height-default elementor-section-height-default elementor-section-column-vertical-align-stretch\" data-id=\"2fc3a5c\" data-element_type=\"section\" data-e-type=\"section\">\n\t\t\t\t\t\t<div class=\"elementor-container elementor-column-gap-extended\">\n\t\t\t\t\t<div class=\"elementor-column elementor-col-100 elementor-top-column elementor-element elementor-element-3ca10cf\" data-id=\"3ca10cf\" data-element_type=\"column\" data-e-type=\"column\">\n\t\t\t<div class=\"elementor-widget-wrap\">\n\t\t\t\t\t\t\t<\/div>\n\t\t<\/div>\n\t\t\t\t\t<\/div>\n\t\t<\/section>\n\t\t\t\t<\/div>\n\t\t","protected":false},"excerpt":{"rendered":"<p>Programet e studimeve t\u00eb ciklit t\u00eb dyt\u00eb \u201cMaster Profesional\u201d pran\u00eb Universitetit POLIS japin njohuri t\u00eb thelluara, teoriko-praktike, si dhe trajnim p\u00ebr pune e k\u00ebrkim t\u00eb pavarur n\u00eb nj\u00eb fush\u00eb dhe brenda nj\u00eb specialiteti t\u00eb caktuar. K\u00ebto programe realizohen me 60 kredite dhe me koh\u00eb zgjatje normale 1.5 vite akademike (ose 3 semestra). Ato jan\u00eb konceptuar p\u00ebr ata q\u00eb punojn\u00eb dhe m\u00ebsojn\u00eb. Pjesmarresit n\u00eb k\u00ebto programe duhet t\u00eb ken\u00eb kryer m\u00eb par\u00eb studime dhe t\u00eb jen\u00eb diplomuar minimalisht n\u00eb nivel Bachelor. Por ka shum\u00eb pjesmarr\u00ebs q\u00eb ndjekin k\u00ebto programe pas studimeve universitare (MSc), q\u00eb e b\u00ebjn\u00eb k\u00ebt\u00eb specializim si edukim LLL (Life Long Learning) si nj\u00eb mund\u00ebsi per t\u2019u specializuar, p\u00ebrshtatur dhe promovuar n\u00eb tregun e pun\u00ebs. N\u00eb p\u00ebrfundim t\u00eb studimeve t\u00eb ciklit t\u00eb dyt\u00eb l\u00ebshohet diplom\u00eb universitare \u201cMaster Profesional\u201d sipas programit t\u00eb studimit. Programet e studimeve t\u00eb ciklit t\u00eb dyt\u00eb \u201cMaster Profesional\u201d pran\u00eb U_POLIS realizohen sot bazuar n\u00eb p\u00ebrvojat e shkelqyera te meparshme te bashk\u00ebpunimit nderkombetar, n\u00eb programe t\u00eb ngjashme me 90 kredite, q\u00eb u zbatuan p\u00ebr m\u00eb shum\u00eb se nj\u00eb dekad\u00eb n\u00eb kooperim me institucione t\u00eb huaja t\u00eb arsimit t\u00eb lart\u00eb te cilet e ndihmuan U-POLIS te ngreje kapacitete e veta, konkretisht si m\u00eb posht\u00eb vijon:\u2022 me IHS \/ Universiteti Erasmus, Roterdam Holland\u00eb, p\u00ebr programin \u201cPolitika Territori dhe Aplikime GIS\u201d me specialitete n\u00eb: Strehim, GIS, dhe \u00c7eshtje sociale e burime njerzore (n\u00eb kuader t\u00eb Programit \u201cMATRA Social Transformation\u201d t\u00eb qeveris\u00eb holandeze dhe shqiptare)\u2022 me LTU Lawrence Technological University, Detroit Michigan, SHBA; dhe Grupin Kerkimor Nitro-Saggio \/ Universiteti La Sapienza, Rom\u00eb Itali, p\u00ebr programin \u201cDizajn Parametrik\u201d me specialitete: Arkitektur\u00eb, Struktur\u00eb estetik\u00eb, dhe Dizajn urban dhe pejsazhi. K\u00ebto programe sapo kan\u00eb mbyllur funksionimin e tyre me sukses dhe jan\u00eb riorganizuar n\u00eb baz\u00eb t\u00eb legjislacionit shqiptar n\u00eb 2 programe Master Profesional me 60 kredite, me koh\u00eb t\u00eb zgjatur (3 semestra), n\u00eb m\u00ebnyr\u00eb q\u00eb t&#8217;ju vijn\u00eb n\u00eb ndihm\u00eb atyre q\u00eb punojn\u00eb dhe m\u00ebsojn\u00eb\u201d Master Profesional n\u00eb Arkitekture Digjitale \u2013 (60 kredite, 3 semestra, me koh\u00eb t\u00eb zgjatur). Master Profesional n\u00eb Planifikim Terriori dhe GIS &#8211; (60 kredite, 3 semestra, me koh\u00eb t\u00eb zgjatur). Master Profesional i Avancuar n\u00eb Arkitektur\u00eb Dixhitale Master Profesional n\u00eb Planifikim Hap\u00ebsinor &amp; GIS Tarifat ARKITEKTUR\u00cb AVANCUAR DIGJITALE\u00a0 \u00a0 \u00a0 \u00a0 \u00a0 180,000 lek\u00eb \/semest\u00ebr, 3 semestra PLANIFIKIM\/GIS\u00a0 \u00a0 \u00a0 \u00a0 \u00a0 \u00a0 \u00a0 \u00a0 \u00a0 \u00a0 \u00a0 \u00a0 \u00a0 \u00a0 \u00a0 \u00a0 \u00a0 \u00a0 \u00a0 \u00a0 \u00a0 \u00a0 \u00a0 \u00a0 \u00a0 180,000 lek\u00eb \/semest\u00ebr, 3 semestra Pranimi:Aplikant\u00ebt t\u00eb cil\u00ebt jan\u00eb t\u00eb interesuar p\u00ebr t\u00eb vazhduar studimet n\u00eb nj\u00eb nga programet e m\u00ebsip\u00ebrme mund t\u00eb p\u00ebrdorin linkun APLIKO n\u00eb t\u00eb cilin mund t\u00eb gjeni informacionin e nevojsh\u00ebm mbi dokumentacionin q\u00eb duhet t\u00eb dor\u00ebzoni dhe procedurat q\u00eb ndiqen p\u00ebr tu b\u00ebr\u00eb pjes\u00eb e Universitetit POLIS.Programi \u00ebsht\u00eb licensuar n\u00eb gjuh\u00ebn shqip. Por p\u00ebr shkak t\u00eb nd\u00ebrkombetarizimit t\u00eb shkoll\u00ebs, dhe prezences s\u00eb stafit cil\u00ebsor t\u00eb huaj, gjuha e dyt\u00eb zyrtare \u00ebsht\u00eb anglishtja. Diplomimi n\u00eb k\u00ebt\u00eb program parashikon sipas ligjit mbrojtjen e nj\u00eb nga 5 gjuh\u00ebve t\u00eb huaja (preferohet anglisht n\u00eb nivelin minimal Toefl B1).<\/p>\n","protected":false},"author":6,"featured_media":0,"parent":3651,"menu_order":1,"comment_status":"closed","ping_status":"closed","template":"","meta":{"footnotes":""},"class_list":["post-3653","page","type-page","status-publish","hentry","post-no-thumbnail"],"_links":{"self":[{"href":"https:\/\/universitetipolis.edu.al\/index.php?rest_route=\/wp\/v2\/pages\/3653","targetHints":{"allow":["GET"]}}],"collection":[{"href":"https:\/\/universitetipolis.edu.al\/index.php?rest_route=\/wp\/v2\/pages"}],"about":[{"href":"https:\/\/universitetipolis.edu.al\/index.php?rest_route=\/wp\/v2\/types\/page"}],"author":[{"embeddable":true,"href":"https:\/\/universitetipolis.edu.al\/index.php?rest_route=\/wp\/v2\/users\/6"}],"replies":[{"embeddable":true,"href":"https:\/\/universitetipolis.edu.al\/index.php?rest_route=%2Fwp%2Fv2%2Fcomments&post=3653"}],"version-history":[{"count":0,"href":"https:\/\/universitetipolis.edu.al\/index.php?rest_route=\/wp\/v2\/pages\/3653\/revisions"}],"up":[{"embeddable":true,"href":"https:\/\/universitetipolis.edu.al\/index.php?rest_route=\/wp\/v2\/pages\/3651"}],"wp:attachment":[{"href":"https:\/\/universitetipolis.edu.al\/index.php?rest_route=%2Fwp%2Fv2%2Fmedia&parent=3653"}],"curies":[{"name":"wp","href":"https:\/\/api.w.org\/{rel}","templated":true}]}}