{"id":3649,"date":"2022-05-09T12:55:52","date_gmt":"2022-05-09T12:55:52","guid":{"rendered":"https:\/\/universitetipolis.edu.al\/?page_id=3649"},"modified":"2025-11-18T13:04:08","modified_gmt":"2025-11-18T12:04:08","slug":"programe-te-integruara","status":"publish","type":"page","link":"https:\/\/universitetipolis.edu.al\/?page_id=3649","title":{"rendered":"Programe t\u00eb Integruara"},"content":{"rendered":"\t\t<div data-elementor-type=\"wp-page\" data-elementor-id=\"3649\" class=\"elementor elementor-3649\" data-elementor-post-type=\"page\">\n\t\t\t\t\t\t<section class=\"elementor-section elementor-top-section elementor-element elementor-element-8db0b57 elementor-section-boxed elementor-section-gap-beside-yes elementor-section-height-default elementor-section-height-default elementor-section-column-vertical-align-stretch\" data-id=\"8db0b57\" data-element_type=\"section\" data-e-type=\"section\">\n\t\t\t\t\t\t<div class=\"elementor-container elementor-column-gap-extended\">\n\t\t\t\t\t<div class=\"elementor-column elementor-col-100 elementor-top-column elementor-element elementor-element-038d5d2\" data-id=\"038d5d2\" data-element_type=\"column\" data-e-type=\"column\">\n\t\t\t<div class=\"elementor-widget-wrap elementor-element-populated\">\n\t\t\t\t\t\t<div class=\"elementor-element elementor-element-6d77ff1 elementor-widget elementor-widget-text-editor\" data-id=\"6d77ff1\" data-element_type=\"widget\" data-e-type=\"widget\" data-widget_type=\"text-editor.default\">\n\t\t\t\t<div class=\"elementor-widget-container\">\n\t\t\t\t\t\t\t\t\t<p>Programet e integruara t\u00eb studimeve t\u00eb ciklit t\u00eb dyt\u00eb pran\u00eb Universitetit POLIS japin njohuri t\u00eb thelluara, teorike dhe praktike, si dhe trajnim p\u00ebr k\u00ebrkim t\u00eb pavarur n\u00eb nj\u00eb fush\u00eb brenda nj\u00eb specialiteti t\u00eb caktuar. K\u00ebto programe realizohen me 300 kredite dhe me koh\u00ebzgjatje t\u00eb plot\u00eb gjat\u00eb 5 (pes\u00eb) viteve akademike.<br \/>N\u00eb p\u00ebrfundim t\u00eb programeve t\u00eb integruara t\u00eb studimeve t\u00eb ciklit t\u00eb dyt\u00eb l\u00ebshohet diplom\u00eb universitare \u201c<strong>Master i Shkencave<\/strong>\u201d sipas specialitetit t\u00eb programit t\u00eb studimit. K\u00ebto programe shoq\u00ebrohen nga nj\u00eb infrastrukture e pasur laboratorike si: <em>5 Laboratore Kompjuterike, Laboratori mjedisit dhe i enrgjis\u00eb, Laboratori IF-FabLab, Laboratori i Materialeve t\u00eb nd\u00ebrtimit dhe strukturave Mola, Laboratori i fotografis\u00eb, piktur\u00ebs dhe qeramik\u00ebs, Inkubatori sip\u00ebrmarr\u00ebs dhe Biblioteka.<\/em><\/p><p>P\u00ebr t\u00eb gjith\u00eb kandidat\u00ebt t\u00eb cil\u00ebt kan\u00eb mbyllur me sukses arsimin e mes\u00ebm, Universiteti POLIS, ofron disa mund\u00ebsi studimi t\u00eb m\u00ebtejshme, sipas profilit t\u00eb studimit dhe koh\u00ebzgjatjes s\u00eb programit. P\u00ebrve\u00e7\u00a0<strong>2 Programe Master i Integruar 5-vjecar<\/strong> (Bachelor+MSc), Polis ofron edhe <strong><a href=\"https:\/\/universitetipolis.edu.al\/bachelor\/\" rel=\"noopener\">5 Programe Bachelor<\/a>.<\/strong><\/p><p><strong>Studime t\u00eb Integruara (Bachelor + Master Shkencor):<\/strong><\/p>\t\t\t\t\t\t\t\t<\/div>\n\t\t\t\t<\/div>\n\t\t\t\t\t<\/div>\n\t\t<\/div>\n\t\t\t\t\t<\/div>\n\t\t<\/section>\n\t\t\t\t<section class=\"elementor-section elementor-top-section elementor-element elementor-element-186a7a4 elementor-section-boxed elementor-section-gap-beside-yes elementor-section-height-default elementor-section-height-default elementor-section-column-vertical-align-stretch\" data-id=\"186a7a4\" data-element_type=\"section\" data-e-type=\"section\">\n\t\t\t\t\t\t<div class=\"elementor-container elementor-column-gap-extended\">\n\t\t\t\t\t<div class=\"elementor-column elementor-col-50 elementor-top-column elementor-element elementor-element-e38055e\" data-id=\"e38055e\" data-element_type=\"column\" data-e-type=\"column\">\n\t\t\t<div class=\"elementor-widget-wrap elementor-element-populated\">\n\t\t\t\t\t\t<div class=\"elementor-element elementor-element-b3f1729 unicamp-animation-zoom-in unicamp-graphic-position-top elementor-widget elementor-widget-tm-cover-image-box\" data-id=\"b3f1729\" data-element_type=\"widget\" data-e-type=\"widget\" data-widget_type=\"tm-cover-image-box.default\">\n\t\t\t\t<div class=\"elementor-widget-container\">\n\t\t\t\t\t\t\t<a class=\"tm-cover-image-box unicamp-box style-03 link-secret\" href=\"https:\/\/universitetipolis.edu.al\/master-i-shkencave-ne-arkitekture-dhe-dizajn-urban\/\">\t\t<div class=\"content-wrap\">\n\t\t\t\t\t\t\t<div class=\"unicamp-image image\">\n\t\t\t\t\t<img decoding=\"async\"  loading=\"lazy\" src=\"https:\/\/universitetipolis.edu.al\/wp-content\/uploads\/2022\/05\/c8475e52-2eab-11eb-be20-200ca6256645_image_hires_141953.webp\" alt=\"c8475e52-2eab-11eb-be20-200ca6256645_image_hires_141953\" \/>\t\t\t\t<\/div>\n\t\t\t\t\t\t<div class=\"box-caption-wrap\">\n\t\t\t\t<div class=\"box-caption\">\n\t\t\t\t\t<h3 class=\"title\">Master i Shkencave n\u00eb Arkitektur\u00eb dhe Dizajn Urban<\/h3>\n\t\t\t\t\t\n\t\t\t\t\t\t\t\t\t<\/div>\n\t\t\t<\/div>\n\t\t<\/div>\n\t\t<\/a>\t\t\t\t\t\t<\/div>\n\t\t\t\t<\/div>\n\t\t\t\t\t<\/div>\n\t\t<\/div>\n\t\t\t\t<div class=\"elementor-column elementor-col-50 elementor-top-column elementor-element elementor-element-26a478e\" data-id=\"26a478e\" data-element_type=\"column\" data-e-type=\"column\">\n\t\t\t<div class=\"elementor-widget-wrap elementor-element-populated\">\n\t\t\t\t\t\t<div class=\"elementor-element elementor-element-1b9eaf1 unicamp-animation-zoom-in unicamp-graphic-position-top elementor-widget elementor-widget-tm-cover-image-box\" data-id=\"1b9eaf1\" data-element_type=\"widget\" data-e-type=\"widget\" data-widget_type=\"tm-cover-image-box.default\">\n\t\t\t\t<div class=\"elementor-widget-container\">\n\t\t\t\t\t\t\t<a class=\"tm-cover-image-box unicamp-box style-03 link-secret\" href=\"https:\/\/universitetipolis.edu.al\/master-i-shkencave-ne-planifikim-dhe-menaxhim-urban\/\">\t\t<div class=\"content-wrap\">\n\t\t\t\t\t\t\t<div class=\"unicamp-image image\">\n\t\t\t\t\t<img decoding=\"async\"  loading=\"lazy\" src=\"https:\/\/universitetipolis.edu.al\/wp-content\/uploads\/2022\/05\/Berlin_smart_quarter_2_Panasonic_rm.jpg\" alt=\"Berlin_smart_quarter_2_Panasonic_rm\" \/>\t\t\t\t<\/div>\n\t\t\t\t\t\t<div class=\"box-caption-wrap\">\n\t\t\t\t<div class=\"box-caption\">\n\t\t\t\t\t<h3 class=\"title\">Master i Shkencave n\u00eb Planifikim dhe Menaxhim Urban (Urbanistik\u00eb)<\/h3>\n\t\t\t\t\t\n\t\t\t\t\t\t\t\t\t<\/div>\n\t\t\t<\/div>\n\t\t<\/div>\n\t\t<\/a>\t\t\t\t\t\t<\/div>\n\t\t\t\t<\/div>\n\t\t\t\t\t<\/div>\n\t\t<\/div>\n\t\t\t\t\t<\/div>\n\t\t<\/section>\n\t\t\t\t<section class=\"elementor-section elementor-top-section elementor-element elementor-element-3c91107 elementor-section-boxed elementor-section-gap-beside-yes elementor-section-height-default elementor-section-height-default elementor-section-column-vertical-align-stretch\" data-id=\"3c91107\" data-element_type=\"section\" data-e-type=\"section\">\n\t\t\t\t\t\t<div class=\"elementor-container elementor-column-gap-extended\">\n\t\t\t\t\t<div class=\"elementor-column elementor-col-100 elementor-top-column elementor-element elementor-element-e02b234\" data-id=\"e02b234\" data-element_type=\"column\" data-e-type=\"column\">\n\t\t\t<div class=\"elementor-widget-wrap elementor-element-populated\">\n\t\t\t\t\t\t<div class=\"elementor-element elementor-element-6d77f86 unicamp-accordion-style-03 elementor-widget elementor-widget-tm-accordion\" data-id=\"6d77f86\" data-element_type=\"widget\" data-e-type=\"widget\" data-widget_type=\"tm-accordion.default\">\n\t\t\t\t<div class=\"elementor-widget-container\">\n\t\t\t\t\t\t\t<div class=\"unicamp-accordion unicamp-accordion-icon-right\">\n\t\t\t\t\t\t\t<div class=\"accordion-section\">\n\t\t\t\t\t<div class=\"accordion-header\">\n\t\t\t\t\t\t<div class=\"accordion-title-wrapper\">\n\t\t\t\t\t\t\t<h6 class=\"accordion-title\">Tarifat<\/h6>\t\t\t\t\t\t<\/div>\n\t\t\t\t\t\t\t\t\t\t\t\t\t<div class=\"accordion-icons\">\n\t\t\t\t\t\t\t\t<span\n\t\t\t\t\t\t\t\t\tclass=\"accordion-icon opened-icon\"><i class=\"far fa-angle-down\"><\/i><\/span>\n\t\t\t\t\t\t\t\t<span\n\t\t\t\t\t\t\t\t\tclass=\"accordion-icon closed-icon\"><\/span>\n\t\t\t\t\t\t\t<\/div>\n\t\t\t\t\t\t\t\t\t\t\t<\/div>\n\t\t\t\t\t<div class=\"accordion-content\">\n\t\t\t\t\t\t<ul><li>ARKITEKTUR\u00cb DHE DIZAJN URBAN\u00a0 \u00a0 \u00a0 195,000 lek\u00eb\/semest\u00ebr\u00a0\u00a0<\/li><li>PLANIFIKIM DHE MENAXHIM URBAN\u00a0 \u00a0 150,000 lek\u00eb\/semest\u00ebr\u00a0\u00a0\u00a0<\/li><\/ul>\t\t\t\t\t<\/div>\n\t\t\t\t<\/div>\n\t\t\t\t\t<\/div>\n\t\t\t\t\t\t<\/div>\n\t\t\t\t<\/div>\n\t\t\t\t<div class=\"elementor-element elementor-element-c019a3e elementor-widget elementor-widget-text-editor\" data-id=\"c019a3e\" data-element_type=\"widget\" data-e-type=\"widget\" data-widget_type=\"text-editor.default\">\n\t\t\t\t<div class=\"elementor-widget-container\">\n\t\t\t\t\t\t\t\t\t<p><strong><b><u>Pranimi:<\/u><\/b><br \/><\/strong>Aplikant\u00ebt t\u00eb cil\u00ebt jan\u00eb t\u00eb interesuar p\u00ebr t\u00eb vazhduar studimet n\u00eb nj\u00eb nga programet e integruara 5-vje\u00e7are\u00a0t\u00eb m\u00ebsip\u00ebrme mund t\u00eb p\u00ebrdorin linkun\u00a0<a href=\"https:\/\/universitetipolis.edu.al\/apliko-ne-universitetin-polis\/\" rel=\"noopener\"><strong>APLIKO<\/strong><\/a>\u00a0n\u00eb t\u00eb cilin mund t\u00eb gjeni informacionin e nevojsh\u00ebm mbi dokumentacionin q\u00eb duhet t\u00eb dor\u00ebzoni dhe procedurat q\u00eb ndiqen p\u00ebr tu b\u00ebr\u00eb pjes\u00eb e Universitetit POLIS.<br \/>Programi \u00ebsht\u00eb <a href=\"https:\/\/universitetipolis.edu.al\/akreditimi\/\" rel=\"noopener\">licensuar<\/a> n\u00eb gjuh\u00ebn shqip. Por p\u00ebr shkak t\u00eb nd\u00ebrkombetarizimit t\u00eb shkoll\u00ebs, dhe prezences s\u00eb stafit cil\u00ebsor t\u00eb huaj, gjuha e dyt\u00eb zyrtare \u00ebsht\u00eb anglishtja. Diplomimi n\u00eb k\u00ebt\u00eb program parashikon sipas ligjit mbrojtjen e nj\u00eb nga 5 gjuh\u00ebve t\u00eb huaja (preferohet anglisht n\u00eb nivelin minimal Toefl B1).<\/p>\t\t\t\t\t\t\t\t<\/div>\n\t\t\t\t<\/div>\n\t\t\t\t\t<\/div>\n\t\t<\/div>\n\t\t\t\t\t<\/div>\n\t\t<\/section>\n\t\t\t\t<section class=\"elementor-section elementor-top-section elementor-element elementor-element-6c62f95 elementor-section-boxed elementor-section-gap-beside-yes elementor-section-height-default elementor-section-height-default elementor-section-column-vertical-align-stretch\" data-id=\"6c62f95\" data-element_type=\"section\" data-e-type=\"section\">\n\t\t\t\t\t\t<div class=\"elementor-container elementor-column-gap-extended\">\n\t\t\t\t\t<div class=\"elementor-column elementor-col-100 elementor-top-column elementor-element elementor-element-5d37df5\" data-id=\"5d37df5\" data-element_type=\"column\" data-e-type=\"column\">\n\t\t\t<div class=\"elementor-widget-wrap\">\n\t\t\t\t\t\t\t<\/div>\n\t\t<\/div>\n\t\t\t\t\t<\/div>\n\t\t<\/section>\n\t\t\t\t<\/div>\n\t\t","protected":false},"excerpt":{"rendered":"<p>Programet e integruara t\u00eb studimeve t\u00eb ciklit t\u00eb dyt\u00eb pran\u00eb Universitetit POLIS japin njohuri t\u00eb thelluara, teorike dhe praktike, si dhe trajnim p\u00ebr k\u00ebrkim t\u00eb pavarur n\u00eb nj\u00eb fush\u00eb brenda nj\u00eb specialiteti t\u00eb caktuar. K\u00ebto programe realizohen me 300 kredite dhe me koh\u00ebzgjatje t\u00eb plot\u00eb gjat\u00eb 5 (pes\u00eb) viteve akademike.N\u00eb p\u00ebrfundim t\u00eb programeve t\u00eb integruara t\u00eb studimeve t\u00eb ciklit t\u00eb dyt\u00eb l\u00ebshohet diplom\u00eb universitare \u201cMaster i Shkencave\u201d sipas specialitetit t\u00eb programit t\u00eb studimit. K\u00ebto programe shoq\u00ebrohen nga nj\u00eb infrastrukture e pasur laboratorike si: 5 Laboratore Kompjuterike, Laboratori mjedisit dhe i enrgjis\u00eb, Laboratori IF-FabLab, Laboratori i Materialeve t\u00eb nd\u00ebrtimit dhe strukturave Mola, Laboratori i fotografis\u00eb, piktur\u00ebs dhe qeramik\u00ebs, Inkubatori sip\u00ebrmarr\u00ebs dhe Biblioteka. P\u00ebr t\u00eb gjith\u00eb kandidat\u00ebt t\u00eb cil\u00ebt kan\u00eb mbyllur me sukses arsimin e mes\u00ebm, Universiteti POLIS, ofron disa mund\u00ebsi studimi t\u00eb m\u00ebtejshme, sipas profilit t\u00eb studimit dhe koh\u00ebzgjatjes s\u00eb programit. P\u00ebrve\u00e7\u00a02 Programe Master i Integruar 5-vjecar (Bachelor+MSc), Polis ofron edhe 5 Programe Bachelor. Studime t\u00eb Integruara (Bachelor + Master Shkencor): Master i Shkencave n\u00eb Arkitektur\u00eb dhe Dizajn Urban Master i Shkencave n\u00eb Planifikim dhe Menaxhim Urban (Urbanistik\u00eb) Tarifat ARKITEKTUR\u00cb DHE DIZAJN URBAN\u00a0 \u00a0 \u00a0 195,000 lek\u00eb\/semest\u00ebr\u00a0\u00a0 PLANIFIKIM DHE MENAXHIM URBAN\u00a0 \u00a0 150,000 lek\u00eb\/semest\u00ebr\u00a0\u00a0\u00a0 Pranimi:Aplikant\u00ebt t\u00eb cil\u00ebt jan\u00eb t\u00eb interesuar p\u00ebr t\u00eb vazhduar studimet n\u00eb nj\u00eb nga programet e integruara 5-vje\u00e7are\u00a0t\u00eb m\u00ebsip\u00ebrme mund t\u00eb p\u00ebrdorin linkun\u00a0APLIKO\u00a0n\u00eb t\u00eb cilin mund t\u00eb gjeni informacionin e nevojsh\u00ebm mbi dokumentacionin q\u00eb duhet t\u00eb dor\u00ebzoni dhe procedurat q\u00eb ndiqen p\u00ebr tu b\u00ebr\u00eb pjes\u00eb e Universitetit POLIS.Programi \u00ebsht\u00eb licensuar n\u00eb gjuh\u00ebn shqip. Por p\u00ebr shkak t\u00eb nd\u00ebrkombetarizimit t\u00eb shkoll\u00ebs, dhe prezences s\u00eb stafit cil\u00ebsor t\u00eb huaj, gjuha e dyt\u00eb zyrtare \u00ebsht\u00eb anglishtja. Diplomimi n\u00eb k\u00ebt\u00eb program parashikon sipas ligjit mbrojtjen e nj\u00eb nga 5 gjuh\u00ebve t\u00eb huaja (preferohet anglisht n\u00eb nivelin minimal Toefl B1).<\/p>\n","protected":false},"author":6,"featured_media":0,"parent":0,"menu_order":0,"comment_status":"closed","ping_status":"closed","template":"","meta":{"footnotes":""},"class_list":["post-3649","page","type-page","status-publish","hentry","post-no-thumbnail"],"_links":{"self":[{"href":"https:\/\/universitetipolis.edu.al\/index.php?rest_route=\/wp\/v2\/pages\/3649","targetHints":{"allow":["GET"]}}],"collection":[{"href":"https:\/\/universitetipolis.edu.al\/index.php?rest_route=\/wp\/v2\/pages"}],"about":[{"href":"https:\/\/universitetipolis.edu.al\/index.php?rest_route=\/wp\/v2\/types\/page"}],"author":[{"embeddable":true,"href":"https:\/\/universitetipolis.edu.al\/index.php?rest_route=\/wp\/v2\/users\/6"}],"replies":[{"embeddable":true,"href":"https:\/\/universitetipolis.edu.al\/index.php?rest_route=%2Fwp%2Fv2%2Fcomments&post=3649"}],"version-history":[{"count":24,"href":"https:\/\/universitetipolis.edu.al\/index.php?rest_route=\/wp\/v2\/pages\/3649\/revisions"}],"predecessor-version":[{"id":29556,"href":"https:\/\/universitetipolis.edu.al\/index.php?rest_route=\/wp\/v2\/pages\/3649\/revisions\/29556"}],"wp:attachment":[{"href":"https:\/\/universitetipolis.edu.al\/index.php?rest_route=%2Fwp%2Fv2%2Fmedia&parent=3649"}],"curies":[{"name":"wp","href":"https:\/\/api.w.org\/{rel}","templated":true}]}}