{"id":3644,"date":"2022-05-09T12:52:20","date_gmt":"2022-05-09T12:52:20","guid":{"rendered":"https:\/\/universitetipolis.edu.al\/?page_id=3644"},"modified":"2023-12-23T11:12:57","modified_gmt":"2023-12-23T10:12:57","slug":"shkolle-profesionale","status":"publish","type":"page","link":"https:\/\/universitetipolis.edu.al\/?page_id=3644","title":{"rendered":"Shkoll\u00eb Profesionale"},"content":{"rendered":"\t\t<div data-elementor-type=\"wp-page\" data-elementor-id=\"3644\" class=\"elementor elementor-3644\" data-elementor-post-type=\"page\">\n\t\t\t\t\t\t<section class=\"elementor-section elementor-top-section elementor-element elementor-element-fb49289 elementor-section-boxed elementor-section-gap-beside-yes elementor-section-height-default elementor-section-height-default elementor-section-column-vertical-align-stretch\" data-id=\"fb49289\" data-element_type=\"section\" data-e-type=\"section\">\n\t\t\t\t\t\t<div class=\"elementor-container elementor-column-gap-extended\">\n\t\t\t\t\t<div class=\"elementor-column elementor-col-100 elementor-top-column elementor-element elementor-element-3c17cdc\" data-id=\"3c17cdc\" data-element_type=\"column\" data-e-type=\"column\">\n\t\t\t<div class=\"elementor-widget-wrap elementor-element-populated\">\n\t\t\t\t\t\t<div class=\"elementor-element elementor-element-d0cfca2 elementor-widget elementor-widget-text-editor\" data-id=\"d0cfca2\" data-element_type=\"widget\" data-e-type=\"widget\" data-widget_type=\"text-editor.default\">\n\t\t\t\t<div class=\"elementor-widget-container\">\n\t\t\t\t\t\t\t\t\t<p>P\u00ebr t\u00eb gjith\u00eb kandidat\u00ebt\/maturant\u00ebt t\u00eb cil\u00ebt kan\u00eb mbyllur me sukses arsimin e mes\u00ebm, Universiteti POLIS ofron n\u00eb t\u00ebr\u00ebsi disa mund\u00ebsi studimi universitar, sipas profilit t\u00eb studimit dhe koh\u00ebzgjatjes s\u00eb programit:<br>Programe studimi me karakter Profesional \u2013 q\u00eb njihet ndryshe si \u201cArsimi Teknik Pas-Sekondar\u201d ose \u201cPas Shkoll\u00ebs s\u00eb Mesme\u201d :<\/p>\n<p><\/p>\t\t\t\t\t\t\t\t<\/div>\n\t\t\t\t<\/div>\n\t\t\t\t\t<\/div>\n\t\t<\/div>\n\t\t\t\t\t<\/div>\n\t\t<\/section>\n\t\t\t\t<section class=\"elementor-section elementor-top-section elementor-element elementor-element-3bed22e elementor-section-boxed elementor-section-gap-beside-yes elementor-section-height-default elementor-section-height-default elementor-section-column-vertical-align-stretch\" data-id=\"3bed22e\" data-element_type=\"section\" data-e-type=\"section\">\n\t\t\t\t\t\t<div class=\"elementor-container elementor-column-gap-extended\">\n\t\t\t\t\t<div class=\"elementor-column elementor-col-50 elementor-top-column elementor-element elementor-element-7b01d60\" data-id=\"7b01d60\" data-element_type=\"column\" data-e-type=\"column\">\n\t\t\t<div class=\"elementor-widget-wrap elementor-element-populated\">\n\t\t\t\t\t\t<div class=\"elementor-element elementor-element-1f7d00b unicamp-animation-zoom-in unicamp-graphic-position-top elementor-widget elementor-widget-tm-cover-image-box\" data-id=\"1f7d00b\" data-element_type=\"widget\" data-e-type=\"widget\" data-widget_type=\"tm-cover-image-box.default\">\n\t\t\t\t<div class=\"elementor-widget-container\">\n\t\t\t\t\t\t\t<a class=\"tm-cover-image-box unicamp-box style-03 link-secret\" href=\"https:\/\/universitetipolis.edu.al\/eficence-energjitike\/\">\t\t<div class=\"content-wrap\">\n\t\t\t\t\t\t\t<div class=\"unicamp-image image\">\n\t\t\t\t\t<img decoding=\"async\"  loading=\"lazy\" src=\"https:\/\/universitetipolis.edu.al\/wp-content\/uploads\/2023\/02\/EE.jpg\" alt=\"EE\" \/>\t\t\t\t<\/div>\n\t\t\t\t\t\t<div class=\"box-caption-wrap\">\n\t\t\t\t<div class=\"box-caption\">\n\t\t\t\t\t<h3 class=\"title\">Eficienc\u00eb Energjitike<\/h3>\n\t\t\t\t\t\n\t\t\t\t\t\t\t\t\t<\/div>\n\t\t\t<\/div>\n\t\t<\/div>\n\t\t<\/a>\t\t\t\t\t\t<\/div>\n\t\t\t\t<\/div>\n\t\t\t\t\t<\/div>\n\t\t<\/div>\n\t\t\t\t<div class=\"elementor-column elementor-col-50 elementor-top-column elementor-element elementor-element-3c7cf4b\" data-id=\"3c7cf4b\" data-element_type=\"column\" data-e-type=\"column\">\n\t\t\t<div class=\"elementor-widget-wrap elementor-element-populated\">\n\t\t\t\t\t\t<div class=\"elementor-element elementor-element-b4c89f2 unicamp-animation-zoom-in unicamp-graphic-position-top elementor-widget elementor-widget-tm-cover-image-box\" data-id=\"b4c89f2\" data-element_type=\"widget\" data-e-type=\"widget\" data-widget_type=\"tm-cover-image-box.default\">\n\t\t\t\t<div class=\"elementor-widget-container\">\n\t\t\t\t\t\t\t<a class=\"tm-cover-image-box unicamp-box style-03 link-secret\" href=\"https:\/\/universitetipolis.edu.al\/mirembajtje-rrjete-kompjuterike\/\">\t\t<div class=\"content-wrap\">\n\t\t\t\t\t\t\t<div class=\"unicamp-image image\">\n\t\t\t\t\t<img decoding=\"async\"  loading=\"lazy\" src=\"https:\/\/universitetipolis.edu.al\/wp-content\/uploads\/2022\/05\/iStock_000049025866XLarge.jpg\" alt=\"iStock_000049025866XLarge\" \/>\t\t\t\t<\/div>\n\t\t\t\t\t\t<div class=\"box-caption-wrap\">\n\t\t\t\t<div class=\"box-caption\">\n\t\t\t\t\t<h3 class=\"title\">Mir\u00ebmbajtje Rrjete Kompjuterike<\/h3>\n\t\t\t\t\t\n\t\t\t\t\t\t\t\t\t<\/div>\n\t\t\t<\/div>\n\t\t<\/div>\n\t\t<\/a>\t\t\t\t\t\t<\/div>\n\t\t\t\t<\/div>\n\t\t\t\t\t<\/div>\n\t\t<\/div>\n\t\t\t\t\t<\/div>\n\t\t<\/section>\n\t\t\t\t<section class=\"elementor-section elementor-top-section elementor-element elementor-element-f0810e8 elementor-section-boxed elementor-section-gap-beside-yes elementor-section-height-default elementor-section-height-default elementor-section-column-vertical-align-stretch\" data-id=\"f0810e8\" data-element_type=\"section\" data-e-type=\"section\">\n\t\t\t\t\t\t<div class=\"elementor-container elementor-column-gap-extended\">\n\t\t\t\t\t<div class=\"elementor-column elementor-col-100 elementor-top-column elementor-element elementor-element-f6ef578\" data-id=\"f6ef578\" data-element_type=\"column\" data-e-type=\"column\">\n\t\t\t<div class=\"elementor-widget-wrap elementor-element-populated\">\n\t\t\t\t\t\t<div class=\"elementor-element elementor-element-760aa6e elementor-widget elementor-widget-text-editor\" data-id=\"760aa6e\" data-element_type=\"widget\" data-e-type=\"widget\" data-widget_type=\"text-editor.default\">\n\t\t\t\t<div class=\"elementor-widget-container\">\n\t\t\t\t\t\t\t\t\t<p>Programet e studimeve me karakter profesional n\u00eb Universitetin POLIS synojn\u00eb pajisjen e student\u00ebve me njohuri formuese dhe praktike baz\u00eb mbi metoda e parime t\u00eb p\u00ebrgjithshme. K\u00ebto programe realizohen me <em>120 (nj\u00ebqind e nj\u00ebzet)<\/em> kredite formimi, referuar nivelit 5 t\u00eb Korniz\u00ebs Shqiptare t\u00eb Kualifikimeve dhe koh\u00ebzgjatja normale e tyre \u00ebsht\u00eb 2 (dy) vite akademike, N\u00eb p\u00ebrfundim t\u00eb programeve t\u00eb studimeve me karakter profesional l\u00ebshohet \u201c<strong>Diplom\u00eb Profesionale<\/strong>\u201d sipas programit t\u00eb studimit. Gjithashtu studentet e diplomuar n\u00eb k\u00ebto programe kan\u00eb njohje t\u00eb plot\u00eb studimesh n\u00eb <em>Shqiperi, BE dhe Amerik\u00ebn e Veriut<\/em>. Programi \u00ebsht\u00eb organizuar n\u00eb m\u00ebnyr\u00eb t\u00eb till\u00eb q\u00eb lejon konceptin \u201c<strong>Puno dhe M\u00ebso<\/strong>\u201d. Programet n\u00eb fjal\u00eb n\u00eb U-POLIS jan\u00eb t\u00eb pasjisur me laborator\u00eb si:<em> 5 Laboratore Kompjuterike, Laboratori mjedisit dhe i enrgjise, Laboratori IF-FabLab, Laboratori i Materialeve te ndertimit dhe strukturave Mola, Laboratori i fotografis\u00eb, piktur\u00ebs dhe qeramik\u00ebs, Inkubatori sipermarres dhe Biblioteka<\/em>. Shkolla ka adoptuar nj\u00eb program m\u00ebsimor t\u00eb posa\u00e7\u00ebm q\u00eb <em>stimulon ata q\u00eb punojne por dhe m\u00ebsojn\u00eb full-time<\/em>, <em>ata q\u00eb kan\u00eb sip\u00ebrmarrje familjare, personale, ose punojn\u00eb ne kompani publike e private<\/em>. Ngritja e k\u00ebtyre programeve \u00ebsht\u00eb mund\u00ebsuar fal\u00eb edhe mb\u00ebshtetjes nga disa projekte europiane n\u00eb fushat e arsimit profesional dhe t\u00eb teknologjis\u00eb, t\u00eb cilat kan\u00eb subvencionuar investimet n\u00eb m\u00ebsim, infrastruktur\u00eb, si dhe tarifat qe jan\u00eb nga m\u00eb socialet per shkollat profesionale n\u00eb vend. Programet jan\u00eb hapur me asistencen e <a href=\"https:\/\/erasmusplus.al\/?lang=sq\" target=\"_blank\" rel=\"noopener\">Projekteve Erasmus dhe Tempus<\/a>.<\/p>\t\t\t\t\t\t\t\t<\/div>\n\t\t\t\t<\/div>\n\t\t\t\t\t<\/div>\n\t\t<\/div>\n\t\t\t\t\t<\/div>\n\t\t<\/section>\n\t\t\t\t<section class=\"elementor-section elementor-top-section elementor-element elementor-element-2af6240 elementor-section-boxed elementor-section-gap-beside-yes elementor-section-height-default elementor-section-height-default elementor-section-column-vertical-align-stretch\" data-id=\"2af6240\" data-element_type=\"section\" data-e-type=\"section\">\n\t\t\t\t\t\t<div class=\"elementor-container elementor-column-gap-extended\">\n\t\t\t\t\t<div class=\"elementor-column elementor-col-100 elementor-top-column elementor-element elementor-element-19a2064\" data-id=\"19a2064\" data-element_type=\"column\" data-e-type=\"column\">\n\t\t\t<div class=\"elementor-widget-wrap elementor-element-populated\">\n\t\t\t\t\t\t<div class=\"elementor-element elementor-element-6478177 unicamp-accordion-style-03 elementor-widget elementor-widget-tm-accordion\" data-id=\"6478177\" data-element_type=\"widget\" data-e-type=\"widget\" data-settings=\"{&quot;active_first_item&quot;:&quot;1&quot;}\" data-widget_type=\"tm-accordion.default\">\n\t\t\t\t<div class=\"elementor-widget-container\">\n\t\t\t\t\t\t\t<div class=\"unicamp-accordion unicamp-accordion-icon-right\">\n\t\t\t\t\t\t\t<div class=\"accordion-section active\">\n\t\t\t\t\t<div class=\"accordion-header\">\n\t\t\t\t\t\t<div class=\"accordion-title-wrapper\">\n\t\t\t\t\t\t\t<h6 class=\"accordion-title\">Tarifat<\/h6>\t\t\t\t\t\t<\/div>\n\t\t\t\t\t\t\t\t\t\t\t\t\t<div class=\"accordion-icons\">\n\t\t\t\t\t\t\t\t<span\n\t\t\t\t\t\t\t\t\tclass=\"accordion-icon opened-icon\"><i class=\"far fa-angle-down\"><\/i><\/span>\n\t\t\t\t\t\t\t\t<span\n\t\t\t\t\t\t\t\t\tclass=\"accordion-icon closed-icon\"><\/span>\n\t\t\t\t\t\t\t<\/div>\n\t\t\t\t\t\t\t\t\t\t\t<\/div>\n\t\t\t\t\t<div class=\"accordion-content\">\n\t\t\t\t\t\t<ul><li>EFICIENC\u00cb ENERGJITIKE\u00a0 \u00a0 \u00a0 \u00a0 \u00a0 \u00a0 \u00a0 \u00a0 \u00a0 \u00a0 \u00a0 \u00a0 \u00a0 \u00a0 \u00a0 \u00a0 \u00a0 \u00a0 75,000 lek\u00eb \/semest\u00ebr\u00a0\u00a0\u00a0\u00a0<\/li><li>MIR\u00cbMBAJTJE RRJETE KOMPJUTERIKE\u00a0 \u00a0 \u00a0 \u00a075,000 lek\u00eb \/semest\u00ebr\u00a0\u00a0\u00a0\u00a0<\/li><\/ul>\t\t\t\t\t<\/div>\n\t\t\t\t<\/div>\n\t\t\t\t\t<\/div>\n\t\t\t\t\t\t<\/div>\n\t\t\t\t<\/div>\n\t\t\t\t<div class=\"elementor-element elementor-element-4dfed13 elementor-widget elementor-widget-text-editor\" data-id=\"4dfed13\" data-element_type=\"widget\" data-e-type=\"widget\" data-widget_type=\"text-editor.default\">\n\t\t\t\t<div class=\"elementor-widget-container\">\n\t\t\t\t\t\t\t\t\t<p><strong><b><u>Pranimi:<\/u><\/b><br \/><\/strong>Aplikant\u00ebt\/Maturant\u00ebt t\u00eb cil\u00ebt jan\u00eb t\u00eb interesuar p\u00ebr t\u00eb vazhduar studimet n\u00eb nj\u00eb nga programet profesionale t\u00eb m\u00ebsip\u00ebrme mund t\u00eb p\u00ebrdorin linkun\u00a0<a href=\"https:\/\/universitetipolis.edu.al\/apliko-ne-universitetin-polis\/\" rel=\"noopener\"><strong>APLIKO<\/strong><\/a>\u00a0n\u00eb t\u00eb cilin mund t\u00eb gjeni informacionin e nevojsh\u00ebm mbi dokumentacionin q\u00eb duhet t\u00eb dor\u00ebzoni dhe procedurat q\u00eb ndiqen p\u00ebr tu b\u00ebr\u00eb pjes\u00eb e shkollave profesionale t\u00eb Universitetit POLIS.<\/p>\t\t\t\t\t\t\t\t<\/div>\n\t\t\t\t<\/div>\n\t\t\t\t\t<\/div>\n\t\t<\/div>\n\t\t\t\t\t<\/div>\n\t\t<\/section>\n\t\t\t\t<\/div>\n\t\t","protected":false},"excerpt":{"rendered":"<p>P\u00ebr t\u00eb gjith\u00eb kandidat\u00ebt\/maturant\u00ebt t\u00eb cil\u00ebt kan\u00eb mbyllur me sukses arsimin e mes\u00ebm, Universiteti POLIS ofron n\u00eb t\u00ebr\u00ebsi disa mund\u00ebsi studimi universitar, sipas profilit t\u00eb studimit dhe koh\u00ebzgjatjes s\u00eb programit:Programe studimi me karakter Profesional \u2013 q\u00eb njihet ndryshe si \u201cArsimi Teknik Pas-Sekondar\u201d ose \u201cPas Shkoll\u00ebs s\u00eb Mesme\u201d : Eficienc\u00eb Energjitike Mir\u00ebmbajtje Rrjete Kompjuterike Programet e studimeve me karakter profesional n\u00eb Universitetin POLIS synojn\u00eb pajisjen e student\u00ebve me njohuri formuese dhe praktike baz\u00eb mbi metoda e parime t\u00eb p\u00ebrgjithshme. K\u00ebto programe realizohen me 120 (nj\u00ebqind e nj\u00ebzet) kredite formimi, referuar nivelit 5 t\u00eb Korniz\u00ebs Shqiptare t\u00eb Kualifikimeve dhe koh\u00ebzgjatja normale e tyre \u00ebsht\u00eb 2 (dy) vite akademike, N\u00eb p\u00ebrfundim t\u00eb programeve t\u00eb studimeve me karakter profesional l\u00ebshohet \u201cDiplom\u00eb Profesionale\u201d sipas programit t\u00eb studimit. Gjithashtu studentet e diplomuar n\u00eb k\u00ebto programe kan\u00eb njohje t\u00eb plot\u00eb studimesh n\u00eb Shqiperi, BE dhe Amerik\u00ebn e Veriut. Programi \u00ebsht\u00eb organizuar n\u00eb m\u00ebnyr\u00eb t\u00eb till\u00eb q\u00eb lejon konceptin \u201cPuno dhe M\u00ebso\u201d. Programet n\u00eb fjal\u00eb n\u00eb U-POLIS jan\u00eb t\u00eb pasjisur me laborator\u00eb si: 5 Laboratore Kompjuterike, Laboratori mjedisit dhe i enrgjise, Laboratori IF-FabLab, Laboratori i Materialeve te ndertimit dhe strukturave Mola, Laboratori i fotografis\u00eb, piktur\u00ebs dhe qeramik\u00ebs, Inkubatori sipermarres dhe Biblioteka. Shkolla ka adoptuar nj\u00eb program m\u00ebsimor t\u00eb posa\u00e7\u00ebm q\u00eb stimulon ata q\u00eb punojne por dhe m\u00ebsojn\u00eb full-time, ata q\u00eb kan\u00eb sip\u00ebrmarrje familjare, personale, ose punojn\u00eb ne kompani publike e private. Ngritja e k\u00ebtyre programeve \u00ebsht\u00eb mund\u00ebsuar fal\u00eb edhe mb\u00ebshtetjes nga disa projekte europiane n\u00eb fushat e arsimit profesional dhe t\u00eb teknologjis\u00eb, t\u00eb cilat kan\u00eb subvencionuar investimet n\u00eb m\u00ebsim, infrastruktur\u00eb, si dhe tarifat qe jan\u00eb nga m\u00eb socialet per shkollat profesionale n\u00eb vend. Programet jan\u00eb hapur me asistencen e Projekteve Erasmus dhe Tempus. Tarifat EFICIENC\u00cb ENERGJITIKE\u00a0 \u00a0 \u00a0 \u00a0 \u00a0 \u00a0 \u00a0 \u00a0 \u00a0 \u00a0 \u00a0 \u00a0 \u00a0 \u00a0 \u00a0 \u00a0 \u00a0 \u00a0 75,000 lek\u00eb \/semest\u00ebr\u00a0\u00a0\u00a0\u00a0 MIR\u00cbMBAJTJE RRJETE KOMPJUTERIKE\u00a0 \u00a0 \u00a0 \u00a075,000 lek\u00eb \/semest\u00ebr\u00a0\u00a0\u00a0\u00a0 Pranimi:Aplikant\u00ebt\/Maturant\u00ebt t\u00eb cil\u00ebt jan\u00eb t\u00eb interesuar p\u00ebr t\u00eb vazhduar studimet n\u00eb nj\u00eb nga programet profesionale t\u00eb m\u00ebsip\u00ebrme mund t\u00eb p\u00ebrdorin linkun\u00a0APLIKO\u00a0n\u00eb t\u00eb cilin mund t\u00eb gjeni informacionin e nevojsh\u00ebm mbi dokumentacionin q\u00eb duhet t\u00eb dor\u00ebzoni dhe procedurat q\u00eb ndiqen p\u00ebr tu b\u00ebr\u00eb pjes\u00eb e shkollave profesionale t\u00eb Universitetit POLIS.<\/p>\n","protected":false},"author":6,"featured_media":0,"parent":0,"menu_order":0,"comment_status":"closed","ping_status":"closed","template":"","meta":{"footnotes":""},"class_list":["post-3644","page","type-page","status-publish","hentry","post-no-thumbnail"],"_links":{"self":[{"href":"https:\/\/universitetipolis.edu.al\/index.php?rest_route=\/wp\/v2\/pages\/3644","targetHints":{"allow":["GET"]}}],"collection":[{"href":"https:\/\/universitetipolis.edu.al\/index.php?rest_route=\/wp\/v2\/pages"}],"about":[{"href":"https:\/\/universitetipolis.edu.al\/index.php?rest_route=\/wp\/v2\/types\/page"}],"author":[{"embeddable":true,"href":"https:\/\/universitetipolis.edu.al\/index.php?rest_route=\/wp\/v2\/users\/6"}],"replies":[{"embeddable":true,"href":"https:\/\/universitetipolis.edu.al\/index.php?rest_route=%2Fwp%2Fv2%2Fcomments&post=3644"}],"version-history":[{"count":4,"href":"https:\/\/universitetipolis.edu.al\/index.php?rest_route=\/wp\/v2\/pages\/3644\/revisions"}],"predecessor-version":[{"id":29133,"href":"https:\/\/universitetipolis.edu.al\/index.php?rest_route=\/wp\/v2\/pages\/3644\/revisions\/29133"}],"wp:attachment":[{"href":"https:\/\/universitetipolis.edu.al\/index.php?rest_route=%2Fwp%2Fv2%2Fmedia&parent=3644"}],"curies":[{"name":"wp","href":"https:\/\/api.w.org\/{rel}","templated":true}]}}