{"id":31054,"date":"2026-03-05T09:41:58","date_gmt":"2026-03-05T08:41:58","guid":{"rendered":"https:\/\/universitetipolis.edu.al\/?page_id=31054"},"modified":"2026-03-05T09:42:26","modified_gmt":"2026-03-05T08:42:26","slug":"njoftime-nderkombetarizim","status":"publish","type":"page","link":"https:\/\/universitetipolis.edu.al\/?page_id=31054","title":{"rendered":"Njoftime"},"content":{"rendered":"\t\t<div data-elementor-type=\"wp-page\" data-elementor-id=\"31054\" class=\"elementor elementor-31054\" data-elementor-post-type=\"page\">\n\t\t\t\t\t\t<section class=\"elementor-section elementor-top-section elementor-element elementor-element-6264624 elementor-section-boxed elementor-section-gap-beside-yes elementor-section-height-default elementor-section-height-default elementor-section-column-vertical-align-stretch\" data-id=\"6264624\" data-element_type=\"section\" data-e-type=\"section\">\n\t\t\t\t\t\t<div class=\"elementor-container elementor-column-gap-extended\">\n\t\t\t\t\t<div class=\"elementor-column elementor-col-100 elementor-top-column elementor-element elementor-element-636548b\" data-id=\"636548b\" data-element_type=\"column\" data-e-type=\"column\">\n\t\t\t<div class=\"elementor-widget-wrap elementor-element-populated\">\n\t\t\t\t\t\t<div class=\"elementor-element elementor-element-e47673d elementor-grid-eael-col-3 elementor-grid-tablet-eael-col-2 elementor-grid-mobile-eael-col-1 elementor-widget elementor-widget-eael-post-grid\" data-id=\"e47673d\" data-element_type=\"widget\" data-e-type=\"widget\" data-settings=\"{&quot;eael_post_grid_columns&quot;:&quot;eael-col-3&quot;,&quot;eael_post_grid_columns_tablet&quot;:&quot;eael-col-2&quot;,&quot;eael_post_grid_columns_mobile&quot;:&quot;eael-col-1&quot;}\" data-widget_type=\"eael-post-grid.default\">\n\t\t\t\t<div class=\"elementor-widget-container\">\n\t\t\t\t\t<div id=\"eael-post-grid-e47673d\" class=\"eael-post-grid-container\">\n            <div class=\"eael-post-grid eael-post-appender eael-post-appender-e47673d eael-post-grid-style-two\" data-layout-mode=\"grid\"><article class=\"eael-grid-post  eael-post-grid-column eael-pg-post-31610 category-fad-al-mobilitete\" data-id=\"31610\">\n    <div class=\"eael-grid-post-holder\">\n        <div class=\"eael-grid-post-holder-inner\"><div class=\"eael-entry-media\"><div class=\"eael-entry-overlay fade-in\"><i class=\"fas fa-long-arrow-alt-right\" aria-hidden=\"true\"><\/i><a href=\"https:\/\/universitetipolis.edu.al\/?p=31610\"><\/a><\/div><div class=\"eael-entry-thumbnail \">\n                            <img fetchpriority=\"high\" decoding=\"async\" width=\"300\" height=\"300\" src=\"https:\/\/universitetipolis.edu.al\/wp-content\/uploads\/2026\/04\/Mobilitet-Gjermani-2026-300x300.png\" class=\"attachment-medium size-medium wp-image-31611\" alt=\"\" srcset=\"https:\/\/universitetipolis.edu.al\/wp-content\/uploads\/2026\/04\/Mobilitet-Gjermani-2026-300x300.png 300w, https:\/\/universitetipolis.edu.al\/wp-content\/uploads\/2026\/04\/Mobilitet-Gjermani-2026-1024x1024.png 1024w, https:\/\/universitetipolis.edu.al\/wp-content\/uploads\/2026\/04\/Mobilitet-Gjermani-2026-150x150.png 150w, https:\/\/universitetipolis.edu.al\/wp-content\/uploads\/2026\/04\/Mobilitet-Gjermani-2026-768x768.png 768w, https:\/\/universitetipolis.edu.al\/wp-content\/uploads\/2026\/04\/Mobilitet-Gjermani-2026-400x400.png 400w, https:\/\/universitetipolis.edu.al\/wp-content\/uploads\/2026\/04\/Mobilitet-Gjermani-2026.png 1080w\" sizes=\"(max-width: 300px) 100vw, 300px\" \/>\n                            <\/div>\n                    <\/div><div class=\"eael-entry-wrapper\"><header class=\"eael-entry-header\"><h3 class=\"eael-entry-title\"><a class=\"eael-grid-post-link\" href=\"https:\/\/universitetipolis.edu.al\/?p=31610\" title=\"BURS\u00cb E PLOT\u00cb P\u00cbR NJ\u00cb SEMEST\u00cbR N\u00cb GJERMANI\">BURS\u00cb E PLOT\u00cb P\u00cbR NJ\u00cb SEMEST\u00cbR N\u00cb GJERMANI<\/a><\/h3><\/header><div class=\"eael-entry-content\">\n                                <div class=\"eael-grid-post-excerpt\"><p>Universiteti Polis, n\u00eb kuad\u00ebr t\u00eb Projektit Erasmus+ KA1, u ofron...<\/p><a href=\"https:\/\/universitetipolis.edu.al\/?p=31610\" class=\"eael-post-elements-readmore-btn\">Lexo m\u00eb shum\u00eb<\/a><\/div>\n                            <\/div><div class=\"eael-entry-header-after style-two\"><div class=\"eael-entry-meta\"><\/div><\/div><\/div><\/div>\n    <\/div>\n<\/article><article class=\"eael-grid-post  eael-post-grid-column eael-pg-post-31572 category-fkzh-mobilitete\" data-id=\"31572\">\n    <div class=\"eael-grid-post-holder\">\n        <div class=\"eael-grid-post-holder-inner\"><div class=\"eael-entry-media\"><div class=\"eael-entry-overlay fade-in\"><i class=\"fas fa-long-arrow-alt-right\" aria-hidden=\"true\"><\/i><a href=\"https:\/\/universitetipolis.edu.al\/?p=31572\"><\/a><\/div><div class=\"eael-entry-thumbnail \">\n                            <img decoding=\"async\" width=\"300\" height=\"300\" src=\"https:\/\/universitetipolis.edu.al\/wp-content\/uploads\/2026\/03\/thirrje-erasmus-format-6-300x300.png\" class=\"attachment-medium size-medium wp-image-31573\" alt=\"\" srcset=\"https:\/\/universitetipolis.edu.al\/wp-content\/uploads\/2026\/03\/thirrje-erasmus-format-6-300x300.png 300w, https:\/\/universitetipolis.edu.al\/wp-content\/uploads\/2026\/03\/thirrje-erasmus-format-6-1024x1024.png 1024w, https:\/\/universitetipolis.edu.al\/wp-content\/uploads\/2026\/03\/thirrje-erasmus-format-6-150x150.png 150w, https:\/\/universitetipolis.edu.al\/wp-content\/uploads\/2026\/03\/thirrje-erasmus-format-6-768x768.png 768w, https:\/\/universitetipolis.edu.al\/wp-content\/uploads\/2026\/03\/thirrje-erasmus-format-6-400x400.png 400w, https:\/\/universitetipolis.edu.al\/wp-content\/uploads\/2026\/03\/thirrje-erasmus-format-6.png 1080w\" sizes=\"(max-width: 300px) 100vw, 300px\" \/>\n                            <\/div>\n                    <\/div><div class=\"eael-entry-wrapper\"><header class=\"eael-entry-header\"><h3 class=\"eael-entry-title\"><a class=\"eael-grid-post-link\" href=\"https:\/\/universitetipolis.edu.al\/?p=31572\" title=\"BURS\u00cb E PLOT\u00cb P\u00cbR NJ\u00cb SEMEST\u00cbR N\u00cb FRANC\u00cb\">BURS\u00cb E PLOT\u00cb P\u00cbR NJ\u00cb SEMEST\u00cbR N\u00cb FRANC\u00cb<\/a><\/h3><\/header><div class=\"eael-entry-content\">\n                                <div class=\"eael-grid-post-excerpt\"><p>Universiteti Polis, n\u00eb kuad\u00ebr t\u00eb Projektit Erasmus+ KA1, u ofron...<\/p><a href=\"https:\/\/universitetipolis.edu.al\/?p=31572\" class=\"eael-post-elements-readmore-btn\">Lexo m\u00eb shum\u00eb<\/a><\/div>\n                            <\/div><div class=\"eael-entry-header-after style-two\"><div class=\"eael-entry-meta\"><\/div><\/div><\/div><\/div>\n    <\/div>\n<\/article><article class=\"eael-grid-post  eael-post-grid-column eael-pg-post-31269 category-fkzh-mobilitete-njoftime\" data-id=\"31269\">\n    <div class=\"eael-grid-post-holder\">\n        <div class=\"eael-grid-post-holder-inner\"><div class=\"eael-entry-media\"><div class=\"eael-entry-overlay fade-in\"><i class=\"fas fa-long-arrow-alt-right\" aria-hidden=\"true\"><\/i><a href=\"https:\/\/universitetipolis.edu.al\/?p=31269\"><\/a><\/div><div class=\"eael-entry-thumbnail \">\n                            <img decoding=\"async\" width=\"300\" height=\"200\" src=\"https:\/\/universitetipolis.edu.al\/wp-content\/uploads\/2026\/03\/Belkinge-Institute-of-Technology-300x200.png\" class=\"attachment-medium size-medium wp-image-31270\" alt=\"\" srcset=\"https:\/\/universitetipolis.edu.al\/wp-content\/uploads\/2026\/03\/Belkinge-Institute-of-Technology-300x200.png 300w, https:\/\/universitetipolis.edu.al\/wp-content\/uploads\/2026\/03\/Belkinge-Institute-of-Technology-1024x682.png 1024w, https:\/\/universitetipolis.edu.al\/wp-content\/uploads\/2026\/03\/Belkinge-Institute-of-Technology-768x512.png 768w, https:\/\/universitetipolis.edu.al\/wp-content\/uploads\/2026\/03\/Belkinge-Institute-of-Technology-1536x1024.png 1536w, https:\/\/universitetipolis.edu.al\/wp-content\/uploads\/2026\/03\/Belkinge-Institute-of-Technology.png 2000w\" sizes=\"(max-width: 300px) 100vw, 300px\" \/>\n                            <\/div>\n                    <\/div><div class=\"eael-entry-wrapper\"><header class=\"eael-entry-header\"><h3 class=\"eael-entry-title\"><a class=\"eael-grid-post-link\" href=\"https:\/\/universitetipolis.edu.al\/?p=31269\" title=\"Thirrje p\u00ebr Mobilitet_Instituti i Teknologjis\u00eb Belkinge, Suedi &#8211; Shkenca Kompjuterike\">Thirrje p\u00ebr Mobilitet_Instituti i Teknologjis\u00eb Belkinge, Suedi &#8211; Shkenca Kompjuterike<\/a><\/h3><\/header><div class=\"eael-entry-content\">\n                                <div class=\"eael-grid-post-excerpt\"><p>Universiteti Polis, n\u00eb kuad\u00ebr t\u00eb Projektit Erasmus+ KA1, u ofron...<\/p><a href=\"https:\/\/universitetipolis.edu.al\/?p=31269\" class=\"eael-post-elements-readmore-btn\">Lexo m\u00eb shum\u00eb<\/a><\/div>\n                            <\/div><div class=\"eael-entry-header-after style-two\"><div class=\"eael-entry-meta\"><\/div><\/div><\/div><\/div>\n    <\/div>\n<\/article><\/div>\n            <div class=\"clearfix\"><\/div>\n        <\/div>            <div class=\"eael-load-more-button-wrap\">\n                <button class=\"eael-load-more-button\" id=\"eael-load-more-btn-e47673d\" data-widget-id=\"e47673d\" data-widget=\"e47673d\" data-page-id=\"31054\" data-template=\"{&quot;dir&quot;:&quot;lite&quot;,&quot;file_name&quot;:&quot;two.php&quot;,&quot;name&quot;:&quot;Post-Grid&quot;}\" data-class=\"Essential_Addons_Elementor\\Elements\\Post_Grid\" data-layout=\"grid\" data-page=\"1\" data-args=\"orderby=date&amp;order=desc&amp;ignore_sticky_posts=1&amp;post_status=publish&amp;posts_per_page=3&amp;offset=0&amp;post_type=post&amp;tax_query%5B0%5D%5Btaxonomy%5D=category&amp;tax_query%5B0%5D%5Bfield%5D=term_id&amp;tax_query%5B0%5D%5Bterms%5D%5B0%5D=289&amp;tax_query%5Brelation%5D=AND\" data-max-page=\"3\">\n                    <span class=\"eael-btn-loader button__loader\"><\/span>\n                    <span class=\"eael_load_more_text\">Ngarko m\u00eb shum\u00eb<\/span>\n                <\/button>\n            <\/div>\n            \t\t\t\t<\/div>\n\t\t\t\t<\/div>\n\t\t\t\t\t<\/div>\n\t\t<\/div>\n\t\t\t\t\t<\/div>\n\t\t<\/section>\n\t\t\t\t<\/div>\n\t\t","protected":false},"excerpt":{"rendered":"<p>Thirrje per mobilitet BIP &#8211; Castelo Branco, Portugali \/ Art dhe Dizajn Universiteti Polis, n\u00eb kuad\u00ebr t\u00eb Programit Erasmus+, u ofron student\u00ebve&#8230; Lexo m\u00eb shum\u00eb Thirrje p\u00ebr BIP \u2013 Blended Intensive Programs Universiteti Polis, n\u00eb kuad\u00ebr t\u00eb Programit Erasmus+, u ofron student\u00ebve&#8230; Lexo m\u00eb shum\u00eb Thirrje per Mobilitet &#8211; Anhalt University, Bachelor Art Dizajn Universiteti Polis, n\u00eb kuad\u00ebr t\u00eb Projektit Erasmus+ KA1, u ofron&#8230; Lexo m\u00eb shum\u00eb Ngarko m\u00eb shum\u00eb<\/p>\n","protected":false},"author":1217,"featured_media":0,"parent":0,"menu_order":0,"comment_status":"closed","ping_status":"closed","template":"","meta":{"footnotes":""},"class_list":["post-31054","page","type-page","status-publish","hentry"],"_links":{"self":[{"href":"https:\/\/universitetipolis.edu.al\/index.php?rest_route=\/wp\/v2\/pages\/31054","targetHints":{"allow":["GET"]}}],"collection":[{"href":"https:\/\/universitetipolis.edu.al\/index.php?rest_route=\/wp\/v2\/pages"}],"about":[{"href":"https:\/\/universitetipolis.edu.al\/index.php?rest_route=\/wp\/v2\/types\/page"}],"author":[{"embeddable":true,"href":"https:\/\/universitetipolis.edu.al\/index.php?rest_route=\/wp\/v2\/users\/1217"}],"replies":[{"embeddable":true,"href":"https:\/\/universitetipolis.edu.al\/index.php?rest_route=%2Fwp%2Fv2%2Fcomments&post=31054"}],"version-history":[{"count":5,"href":"https:\/\/universitetipolis.edu.al\/index.php?rest_route=\/wp\/v2\/pages\/31054\/revisions"}],"predecessor-version":[{"id":31059,"href":"https:\/\/universitetipolis.edu.al\/index.php?rest_route=\/wp\/v2\/pages\/31054\/revisions\/31059"}],"wp:attachment":[{"href":"https:\/\/universitetipolis.edu.al\/index.php?rest_route=%2Fwp%2Fv2%2Fmedia&parent=31054"}],"curies":[{"name":"wp","href":"https:\/\/api.w.org\/{rel}","templated":true}]}}