{"id":30145,"date":"2026-01-14T10:37:23","date_gmt":"2026-01-14T09:37:23","guid":{"rendered":"https:\/\/universitetipolis.edu.al\/?page_id=30145"},"modified":"2026-01-16T11:25:58","modified_gmt":"2026-01-16T10:25:58","slug":"transporti","status":"publish","type":"page","link":"https:\/\/universitetipolis.edu.al\/?page_id=30145","title":{"rendered":"Transporti"},"content":{"rendered":"\t\t<div data-elementor-type=\"wp-page\" data-elementor-id=\"30145\" class=\"elementor elementor-30145\" data-elementor-post-type=\"page\">\n\t\t\t\t\t\t<section class=\"elementor-section elementor-top-section elementor-element elementor-element-bf9a298 elementor-section-boxed elementor-section-gap-beside-yes elementor-section-height-default elementor-section-height-default elementor-section-column-vertical-align-stretch\" data-id=\"bf9a298\" data-element_type=\"section\" data-e-type=\"section\">\n\t\t\t\t\t\t<div class=\"elementor-container elementor-column-gap-extended\">\n\t\t\t\t\t<div class=\"elementor-column elementor-col-100 elementor-top-column elementor-element elementor-element-eb7a484\" data-id=\"eb7a484\" data-element_type=\"column\" data-e-type=\"column\">\n\t\t\t<div class=\"elementor-widget-wrap elementor-element-populated\">\n\t\t\t\t\t\t<div class=\"elementor-element elementor-element-8a64162 elementor-widget elementor-widget-heading\" data-id=\"8a64162\" data-element_type=\"widget\" data-e-type=\"widget\" data-widget_type=\"heading.default\">\n\t\t\t\t<div class=\"elementor-widget-container\">\n\t\t\t\t\t<h2 class=\"elementor-heading-title elementor-size-default\">Transporti<\/h2>\t\t\t\t<\/div>\n\t\t\t\t<\/div>\n\t\t\t\t\t<\/div>\n\t\t<\/div>\n\t\t\t\t\t<\/div>\n\t\t<\/section>\n\t\t\t\t<section class=\"elementor-section elementor-top-section elementor-element elementor-element-b31bb54 elementor-section-boxed elementor-section-gap-beside-yes elementor-section-height-default elementor-section-height-default elementor-section-column-vertical-align-stretch\" data-id=\"b31bb54\" data-element_type=\"section\" data-e-type=\"section\">\n\t\t\t\t\t\t<div class=\"elementor-container elementor-column-gap-extended\">\n\t\t\t\t\t<div class=\"elementor-column elementor-col-100 elementor-top-column elementor-element elementor-element-f19049d\" data-id=\"f19049d\" data-element_type=\"column\" data-e-type=\"column\">\n\t\t\t<div class=\"elementor-widget-wrap elementor-element-populated\">\n\t\t\t\t\t\t<div class=\"elementor-element elementor-element-1dc662b elementor-widget elementor-widget-spacer\" data-id=\"1dc662b\" data-element_type=\"widget\" data-e-type=\"widget\" data-widget_type=\"spacer.default\">\n\t\t\t\t<div class=\"elementor-widget-container\">\n\t\t\t\t\t\t\t<div class=\"elementor-spacer\">\n\t\t\t<div class=\"elementor-spacer-inner\"><\/div>\n\t\t<\/div>\n\t\t\t\t\t\t<\/div>\n\t\t\t\t<\/div>\n\t\t\t\t\t<\/div>\n\t\t<\/div>\n\t\t\t\t\t<\/div>\n\t\t<\/section>\n\t\t\t\t<section class=\"elementor-section elementor-top-section elementor-element elementor-element-12852f0 elementor-section-boxed elementor-section-gap-beside-yes elementor-section-height-default elementor-section-height-default elementor-section-column-vertical-align-stretch\" data-id=\"12852f0\" data-element_type=\"section\" data-e-type=\"section\">\n\t\t\t\t\t\t<div class=\"elementor-container elementor-column-gap-extended\">\n\t\t\t\t\t<div class=\"elementor-column elementor-col-100 elementor-top-column elementor-element elementor-element-356cd09\" data-id=\"356cd09\" data-element_type=\"column\" data-e-type=\"column\">\n\t\t\t<div class=\"elementor-widget-wrap elementor-element-populated\">\n\t\t\t\t\t\t<div class=\"elementor-element elementor-element-75e9330 elementor-widget elementor-widget-text-editor\" data-id=\"75e9330\" data-element_type=\"widget\" data-e-type=\"widget\" data-widget_type=\"text-editor.default\">\n\t\t\t\t<div class=\"elementor-widget-container\">\n\t\t\t\t\t\t\t\t\t<div>\u00a0<\/div><div>P\u00ebr t\u00eb leht\u00ebsuar udh\u00ebtimin e student\u00ebve, jan\u00eb n\u00eb dispozicion 2 linja t\u00eb dedikuara <strong>POLIS BUS<\/strong>.<\/div><div>Si\u00e7 shihet edhe n\u00eb hart\u00ebn m\u00eb posht\u00eb, autobus\u00ebt nisen nga qendra e Tiran\u00ebs n\u00eb dy pika t\u00eb ndryshme dhe ndalojn\u00eb n\u00eb kampusin POLIS.<\/div><div><strong>Nisjet nga Tirana<\/strong>: 07:15; 09:15; 12:00<\/div><div>\u00a0<\/div><div><strong>Nisjet nga U_POLIS<\/strong>: 13:00; 17:00<\/div><div>\u00a0<\/div><div>Gjithashtu, student\u00ebt mund t\u00eb p\u00ebrdorin edhe <strong>transportin publik<\/strong>, sipas linjave t\u00eb m\u00ebposhtme:<\/div><ul><li><strong>Linja Vor\u00eb<\/strong><ul><li>Orari: 06:30 (m\u00ebngjes) \u2013 22:00 (mbr\u00ebmje)<\/li><li>Frekuenca:<ul><li>\u00e7do 20 minuta (nga ora 06:30 \u2013 18:00)<\/li><li>\u00e7do 20 minuta (nga ora 18:00 \u2013 22:00)<\/li><\/ul><\/li><\/ul><\/li><li><strong>Linja Kashar<\/strong><ul><li>Orari: 06:30 (m\u00ebngjes) \u2013 21:00 (mbr\u00ebmje)<\/li><li>Frekuenca:\u00a0 \u00a0 \u00a0 \u00e7do 60 minuta (gjat\u00eb gjith\u00eb orarit t\u00eb funksionimit)<\/li><\/ul><\/li><\/ul>\t\t\t\t\t\t\t\t<\/div>\n\t\t\t\t<\/div>\n\t\t\t\t\t<\/div>\n\t\t<\/div>\n\t\t\t\t\t<\/div>\n\t\t<\/section>\n\t\t\t\t<section class=\"elementor-section elementor-top-section elementor-element elementor-element-ed42298 elementor-section-boxed elementor-section-gap-beside-yes elementor-section-height-default elementor-section-height-default elementor-section-column-vertical-align-stretch\" data-id=\"ed42298\" data-element_type=\"section\" data-e-type=\"section\">\n\t\t\t\t\t\t<div class=\"elementor-container elementor-column-gap-extended\">\n\t\t\t\t\t<div class=\"elementor-column elementor-col-100 elementor-top-column elementor-element elementor-element-30eda79\" data-id=\"30eda79\" data-element_type=\"column\" data-e-type=\"column\">\n\t\t\t<div class=\"elementor-widget-wrap elementor-element-populated\">\n\t\t\t\t\t\t<div class=\"elementor-element elementor-element-fa0493e elementor-widget elementor-widget-image\" data-id=\"fa0493e\" data-element_type=\"widget\" data-e-type=\"widget\" data-widget_type=\"image.default\">\n\t\t\t\t<div class=\"elementor-widget-container\">\n\t\t\t\t\t\t\t\t\t\t\t\t\t\t\t\t<a href=\"https:\/\/universitetipolis.edu.al\/wp-content\/uploads\/2025\/10\/Linjat-e-Transportit_Polis-Bus.jpg\" data-elementor-open-lightbox=\"yes\" data-elementor-lightbox-title=\"Linjat e Transportit_Polis Bus\" data-e-action-hash=\"#elementor-action%3Aaction%3Dlightbox%26settings%3DeyJpZCI6MjkxNTgsInVybCI6Imh0dHBzOlwvXC91bml2ZXJzaXRldGlwb2xpcy5lZHUuYWxcL3dwLWNvbnRlbnRcL3VwbG9hZHNcLzIwMjVcLzEwXC9MaW5qYXQtZS1UcmFuc3BvcnRpdF9Qb2xpcy1CdXMuanBnIn0%3D\">\n\t\t\t\t\t\t\t<img decoding=\"async\" src=\"https:\/\/universitetipolis.edu.al\/wp-content\/uploads\/elementor\/thumbs\/Linjat-e-Transportit_Polis-Bus-rck74zj5j48b95qrsyw11pgq205q78shec9l20apoo.jpg\" title=\"Linjat e Transportit_Polis Bus\" alt=\"Linjat e Transportit_Polis Bus\" loading=\"lazy\" \/>\t\t\t\t\t\t\t\t<\/a>\n\t\t\t\t\t\t\t\t\t\t\t\t\t\t\t<\/div>\n\t\t\t\t<\/div>\n\t\t\t\t\t<\/div>\n\t\t<\/div>\n\t\t\t\t\t<\/div>\n\t\t<\/section>\n\t\t\t\t<section class=\"elementor-section elementor-top-section elementor-element elementor-element-a892cb8 elementor-section-boxed elementor-section-gap-beside-yes elementor-section-height-default elementor-section-height-default elementor-section-column-vertical-align-stretch\" data-id=\"a892cb8\" data-element_type=\"section\" data-e-type=\"section\">\n\t\t\t\t\t\t<div class=\"elementor-container elementor-column-gap-extended\">\n\t\t\t\t\t<div class=\"elementor-column elementor-col-100 elementor-top-column elementor-element elementor-element-584f06b\" data-id=\"584f06b\" data-element_type=\"column\" data-e-type=\"column\">\n\t\t\t<div class=\"elementor-widget-wrap elementor-element-populated\">\n\t\t\t\t\t\t<div class=\"elementor-element elementor-element-aa4997a elementor-widget elementor-widget-spacer\" data-id=\"aa4997a\" data-element_type=\"widget\" data-e-type=\"widget\" data-widget_type=\"spacer.default\">\n\t\t\t\t<div class=\"elementor-widget-container\">\n\t\t\t\t\t\t\t<div class=\"elementor-spacer\">\n\t\t\t<div class=\"elementor-spacer-inner\"><\/div>\n\t\t<\/div>\n\t\t\t\t\t\t<\/div>\n\t\t\t\t<\/div>\n\t\t\t\t\t<\/div>\n\t\t<\/div>\n\t\t\t\t\t<\/div>\n\t\t<\/section>\n\t\t\t\t<section class=\"elementor-section elementor-top-section elementor-element elementor-element-de5b729 elementor-section-boxed elementor-section-gap-beside-yes elementor-section-height-default elementor-section-height-default elementor-section-column-vertical-align-stretch\" data-id=\"de5b729\" data-element_type=\"section\" data-e-type=\"section\">\n\t\t\t\t\t\t<div class=\"elementor-container elementor-column-gap-extended\">\n\t\t\t\t\t<div class=\"elementor-column elementor-col-100 elementor-top-column elementor-element elementor-element-b4b9e27\" data-id=\"b4b9e27\" data-element_type=\"column\" data-e-type=\"column\">\n\t\t\t<div class=\"elementor-widget-wrap elementor-element-populated\">\n\t\t\t\t\t\t<div class=\"elementor-element elementor-element-254e9cb elementor-widget elementor-widget-text-editor\" data-id=\"254e9cb\" data-element_type=\"widget\" data-e-type=\"widget\" data-widget_type=\"text-editor.default\">\n\t\t\t\t<div class=\"elementor-widget-container\">\n\t\t\t\t\t\t\t\t\t<p>*P\u00ebr student\u00ebt q\u00eb vijn\u00eb me mjete private, Universiteti Polis ofron n\u00eb dispozicion nj\u00eb hap\u00ebsir\u00eb parkimi p\u00ebrball\u00eb Godin\u00ebs 2, por me kapacitet t\u00eb kufizuar. Ne rekomandojm\u00eb p\u00ebrdorimin e transportit publik, si edhe transportin e mund\u00ebsuar nga universiteti, p\u00ebr nj\u00eb udh\u00ebtim m\u00eb t\u00eb leht\u00eb dhe m\u00eb t\u00eb organizuar.<\/p>\t\t\t\t\t\t\t\t<\/div>\n\t\t\t\t<\/div>\n\t\t\t\t\t<\/div>\n\t\t<\/div>\n\t\t\t\t\t<\/div>\n\t\t<\/section>\n\t\t\t\t<section class=\"elementor-section elementor-top-section elementor-element elementor-element-af3f401 elementor-section-boxed elementor-section-gap-beside-yes elementor-section-height-default elementor-section-height-default elementor-section-column-vertical-align-stretch\" data-id=\"af3f401\" data-element_type=\"section\" data-e-type=\"section\">\n\t\t\t\t\t\t<div class=\"elementor-container elementor-column-gap-extended\">\n\t\t\t\t\t<div class=\"elementor-column elementor-col-100 elementor-top-column elementor-element elementor-element-5034357\" data-id=\"5034357\" data-element_type=\"column\" data-e-type=\"column\">\n\t\t\t<div class=\"elementor-widget-wrap elementor-element-populated\">\n\t\t\t\t\t\t<div class=\"elementor-element elementor-element-947fc4a elementor-widget elementor-widget-spacer\" data-id=\"947fc4a\" data-element_type=\"widget\" data-e-type=\"widget\" data-widget_type=\"spacer.default\">\n\t\t\t\t<div class=\"elementor-widget-container\">\n\t\t\t\t\t\t\t<div class=\"elementor-spacer\">\n\t\t\t<div class=\"elementor-spacer-inner\"><\/div>\n\t\t<\/div>\n\t\t\t\t\t\t<\/div>\n\t\t\t\t<\/div>\n\t\t\t\t\t<\/div>\n\t\t<\/div>\n\t\t\t\t\t<\/div>\n\t\t<\/section>\n\t\t\t\t<\/div>\n\t\t","protected":false},"excerpt":{"rendered":"<p>Transporti \u00a0P\u00ebr t\u00eb leht\u00ebsuar udh\u00ebtimin e student\u00ebve, jan\u00eb n\u00eb dispozicion 2 linja t\u00eb dedikuara POLIS BUS.Si\u00e7 shihet edhe n\u00eb hart\u00ebn m\u00eb posht\u00eb, autobus\u00ebt nisen nga qendra e Tiran\u00ebs n\u00eb dy pika t\u00eb ndryshme dhe ndalojn\u00eb n\u00eb kampusin POLIS.Nisjet nga Tirana: 07:15; 09:15; 12:00\u00a0Nisjet nga U_POLIS: 13:00; 17:00\u00a0Gjithashtu, student\u00ebt mund t\u00eb p\u00ebrdorin edhe transportin publik, sipas linjave t\u00eb m\u00ebposhtme: Linja Vor\u00eb Orari: 06:30 (m\u00ebngjes) \u2013 22:00 (mbr\u00ebmje) Frekuenca: \u00e7do 20 minuta (nga ora 06:30 \u2013 18:00) \u00e7do 20 minuta (nga ora 18:00 \u2013 22:00) Linja Kashar Orari: 06:30 (m\u00ebngjes) \u2013 21:00 (mbr\u00ebmje) Frekuenca:\u00a0 \u00a0 \u00a0 \u00e7do 60 minuta (gjat\u00eb gjith\u00eb orarit t\u00eb funksionimit) *P\u00ebr student\u00ebt q\u00eb vijn\u00eb me mjete private, Universiteti Polis ofron n\u00eb dispozicion nj\u00eb hap\u00ebsir\u00eb parkimi p\u00ebrball\u00eb Godin\u00ebs 2, por me kapacitet t\u00eb kufizuar. Ne rekomandojm\u00eb p\u00ebrdorimin e transportit publik, si edhe transportin e mund\u00ebsuar nga universiteti, p\u00ebr nj\u00eb udh\u00ebtim m\u00eb t\u00eb leht\u00eb dhe m\u00eb t\u00eb organizuar.<\/p>\n","protected":false},"author":1217,"featured_media":0,"parent":0,"menu_order":0,"comment_status":"closed","ping_status":"closed","template":"","meta":{"footnotes":""},"class_list":["post-30145","page","type-page","status-publish","hentry","post-no-thumbnail"],"_links":{"self":[{"href":"https:\/\/universitetipolis.edu.al\/index.php?rest_route=\/wp\/v2\/pages\/30145","targetHints":{"allow":["GET"]}}],"collection":[{"href":"https:\/\/universitetipolis.edu.al\/index.php?rest_route=\/wp\/v2\/pages"}],"about":[{"href":"https:\/\/universitetipolis.edu.al\/index.php?rest_route=\/wp\/v2\/types\/page"}],"author":[{"embeddable":true,"href":"https:\/\/universitetipolis.edu.al\/index.php?rest_route=\/wp\/v2\/users\/1217"}],"replies":[{"embeddable":true,"href":"https:\/\/universitetipolis.edu.al\/index.php?rest_route=%2Fwp%2Fv2%2Fcomments&post=30145"}],"version-history":[{"count":25,"href":"https:\/\/universitetipolis.edu.al\/index.php?rest_route=\/wp\/v2\/pages\/30145\/revisions"}],"predecessor-version":[{"id":30258,"href":"https:\/\/universitetipolis.edu.al\/index.php?rest_route=\/wp\/v2\/pages\/30145\/revisions\/30258"}],"wp:attachment":[{"href":"https:\/\/universitetipolis.edu.al\/index.php?rest_route=%2Fwp%2Fv2%2Fmedia&parent=30145"}],"curies":[{"name":"wp","href":"https:\/\/api.w.org\/{rel}","templated":true}]}}