{"id":29899,"date":"2025-12-12T09:57:48","date_gmt":"2025-12-12T08:57:48","guid":{"rendered":"https:\/\/universitetipolis.edu.al\/kontakte-dhe-link-te-rendesishme\/"},"modified":"2025-12-12T11:07:41","modified_gmt":"2025-12-12T10:07:41","slug":"kontakte-dhe-link-te-rendesishme","status":"publish","type":"page","link":"https:\/\/universitetipolis.edu.al\/?page_id=29899","title":{"rendered":"Kontakte dhe Link t\u00eb R\u00ebnd\u00ebsishme"},"content":{"rendered":"\t\t<div data-elementor-type=\"wp-page\" data-elementor-id=\"29899\" class=\"elementor elementor-29899 elementor-29884\" data-elementor-post-type=\"page\">\n\t\t\t\t\t\t<section class=\"elementor-section elementor-top-section elementor-element elementor-element-25d4f738 elementor-section-boxed elementor-section-gap-beside-yes elementor-section-height-default elementor-section-height-default elementor-section-column-vertical-align-stretch\" data-id=\"25d4f738\" data-element_type=\"section\" data-e-type=\"section\">\n\t\t\t\t\t\t<div class=\"elementor-container elementor-column-gap-extended\">\n\t\t\t\t\t<div class=\"elementor-column elementor-col-100 elementor-top-column elementor-element elementor-element-3d343c04\" data-id=\"3d343c04\" data-element_type=\"column\" data-e-type=\"column\">\n\t\t\t<div class=\"elementor-widget-wrap elementor-element-populated\">\n\t\t\t\t\t\t<div class=\"elementor-element elementor-element-4bfe4610 elementor-widget elementor-widget-text-editor\" data-id=\"4bfe4610\" data-element_type=\"widget\" data-e-type=\"widget\" data-widget_type=\"text-editor.default\">\n\t\t\t\t<div class=\"elementor-widget-container\">\n\t\t\t\t\t\t\t\t\t<p><strong>Zyra e Nd\u00ebrkomb\u00ebtarizimit<\/strong><br>Universiteti Polis<br>Rruga Bylis 12, Autostrada Tiran\u00eb-Durr\u00ebs, Km 5, Kashar, SH2, Tiran\u00eb 1051, Albania<\/p><p><strong>Email:<\/strong> <a href=\"mailto:erasmus@universitetipolis.edu.al\">erasmus@universitetipolis.edu.al<\/a><br><strong>Phone:<\/strong> +355 42407420<br><strong>Orari:<\/strong> E h\u00ebn\u00eb\u2013E premte, 08:00\u201315:30<\/p><p><strong>Link t\u00eb dobishme:<\/strong><\/p><ul><li><a href=\"#\">Lista e universiteteve partnere<\/a><\/li><li><a href=\"#\">Formulari i aplikimit<\/a><\/li><li><a href=\"#\">Template i Learning Agreement<\/a><\/li><li><a href=\"#\">Lista e kontrollit para nisjes<\/a><\/li><\/ul>\t\t\t\t\t\t\t\t<\/div>\n\t\t\t\t<\/div>\n\t\t\t\t\t<\/div>\n\t\t<\/div>\n\t\t\t\t\t<\/div>\n\t\t<\/section>\n\t\t\t\t<\/div>\n\t\t","protected":false},"excerpt":{"rendered":"<p>Zyra e Nd\u00ebrkomb\u00ebtarizimit Universiteti Polis Rruga Bylis 12, Autostrada Tiran\u00eb-Durr\u00ebs, Km 5, Kashar, SH2, Tiran\u00eb 1051, Albania Email: erasmus@universitetipolis.edu.al Phone: +355 42407420 Orari: E h\u00ebn\u00eb\u2013E premte, 08:00\u201315:30 Link t\u00eb dobishme: Lista e universiteteve partnere Formulari i aplikimit Template i Learning Agreement Lista e kontrollit para nisjes<\/p>\n","protected":false},"author":1217,"featured_media":0,"parent":0,"menu_order":0,"comment_status":"closed","ping_status":"closed","template":"","meta":{"footnotes":""},"class_list":["post-29899","page","type-page","status-publish","hentry","post-no-thumbnail"],"_links":{"self":[{"href":"https:\/\/universitetipolis.edu.al\/index.php?rest_route=\/wp\/v2\/pages\/29899","targetHints":{"allow":["GET"]}}],"collection":[{"href":"https:\/\/universitetipolis.edu.al\/index.php?rest_route=\/wp\/v2\/pages"}],"about":[{"href":"https:\/\/universitetipolis.edu.al\/index.php?rest_route=\/wp\/v2\/types\/page"}],"author":[{"embeddable":true,"href":"https:\/\/universitetipolis.edu.al\/index.php?rest_route=\/wp\/v2\/users\/1217"}],"replies":[{"embeddable":true,"href":"https:\/\/universitetipolis.edu.al\/index.php?rest_route=%2Fwp%2Fv2%2Fcomments&post=29899"}],"version-history":[{"count":2,"href":"https:\/\/universitetipolis.edu.al\/index.php?rest_route=\/wp\/v2\/pages\/29899\/revisions"}],"predecessor-version":[{"id":29902,"href":"https:\/\/universitetipolis.edu.al\/index.php?rest_route=\/wp\/v2\/pages\/29899\/revisions\/29902"}],"wp:attachment":[{"href":"https:\/\/universitetipolis.edu.al\/index.php?rest_route=%2Fwp%2Fv2%2Fmedia&parent=29899"}],"curies":[{"name":"wp","href":"https:\/\/api.w.org\/{rel}","templated":true}]}}