{"id":29660,"date":"2025-09-23T10:46:08","date_gmt":"2025-09-23T08:46:08","guid":{"rendered":"https:\/\/universitetipolis.edu.al\/ceshtje-nderkombetare\/"},"modified":"2025-12-16T14:26:48","modified_gmt":"2025-12-16T13:26:48","slug":"zyra-e-marredhenieve-nderkombetare","status":"publish","type":"page","link":"https:\/\/universitetipolis.edu.al\/?page_id=29660","title":{"rendered":"Marr\u00ebdh\u00ebnie Nd\u00ebrkomb\u00ebtare"},"content":{"rendered":"\t\t<div data-elementor-type=\"wp-page\" data-elementor-id=\"29660\" class=\"elementor elementor-29660 elementor-29057\" data-elementor-post-type=\"page\">\n\t\t\t\t\t\t<section class=\"elementor-section elementor-top-section elementor-element elementor-element-7880859 elementor-section-boxed elementor-section-gap-beside-yes elementor-section-height-default elementor-section-height-default elementor-section-column-vertical-align-stretch\" data-id=\"7880859\" data-element_type=\"section\" data-e-type=\"section\">\n\t\t\t\t\t\t<div class=\"elementor-container elementor-column-gap-extended\">\n\t\t\t\t\t<div class=\"elementor-column elementor-col-100 elementor-top-column elementor-element elementor-element-3ec2c26\" data-id=\"3ec2c26\" data-element_type=\"column\" data-e-type=\"column\">\n\t\t\t<div class=\"elementor-widget-wrap elementor-element-populated\">\n\t\t\t\t\t\t<div class=\"elementor-element elementor-element-58ca614 elementor-widget elementor-widget-heading\" data-id=\"58ca614\" data-element_type=\"widget\" data-e-type=\"widget\" data-widget_type=\"heading.default\">\n\t\t\t\t<div class=\"elementor-widget-container\">\n\t\t\t\t\t<h2 class=\"elementor-heading-title elementor-size-default\">Mir\u00ebsevini n\u00eb Zyr\u00ebn e \u00c7\u00ebshtjeve Nd\u00ebrkomb\u00ebtare<\/h2>\t\t\t\t<\/div>\n\t\t\t\t<\/div>\n\t\t\t\t\t<\/div>\n\t\t<\/div>\n\t\t\t\t\t<\/div>\n\t\t<\/section>\n\t\t\t\t<section class=\"elementor-section elementor-top-section elementor-element elementor-element-7460567 elementor-section-boxed elementor-section-gap-beside-yes elementor-section-height-default elementor-section-height-default elementor-section-column-vertical-align-stretch\" data-id=\"7460567\" data-element_type=\"section\" data-e-type=\"section\">\n\t\t\t\t\t\t<div class=\"elementor-container elementor-column-gap-extended\">\n\t\t\t\t\t<div class=\"elementor-column elementor-col-100 elementor-top-column elementor-element elementor-element-7a504d2\" data-id=\"7a504d2\" data-element_type=\"column\" data-e-type=\"column\">\n\t\t\t<div class=\"elementor-widget-wrap elementor-element-populated\">\n\t\t\t\t\t\t<div class=\"elementor-element elementor-element-e4447e1 elementor-widget elementor-widget-spacer\" data-id=\"e4447e1\" data-element_type=\"widget\" data-e-type=\"widget\" data-widget_type=\"spacer.default\">\n\t\t\t\t<div class=\"elementor-widget-container\">\n\t\t\t\t\t\t\t<div class=\"elementor-spacer\">\n\t\t\t<div class=\"elementor-spacer-inner\"><\/div>\n\t\t<\/div>\n\t\t\t\t\t\t<\/div>\n\t\t\t\t<\/div>\n\t\t\t\t<div class=\"elementor-element elementor-element-b7d6485 elementor-widget elementor-widget-text-editor\" data-id=\"b7d6485\" data-element_type=\"widget\" data-e-type=\"widget\" data-widget_type=\"text-editor.default\">\n\t\t\t\t<div class=\"elementor-widget-container\">\n\t\t\t\t\t\t\t\t\t<p>N\u00eb Universitetin POLIS ne kultivojm\u00eb nj\u00eb mjedis akademik t\u00eb hapur dhe k\u00ebrkimor \u2014 <em>nj\u00eb hap\u00ebsir\u00eb e v\u00ebrtet\u00eb p\u00ebr t\u00eb menduar<\/em>, e form\u00ebsuar nga dialogu dhe bashk\u00ebpunimi nd\u00ebrkomb\u00ebtar. Zyra e Marr\u00ebdh\u00ebnieve Nd\u00ebrkomb\u00ebtare udh\u00ebheq k\u00ebt\u00eb mision duke e lidhur POLIS-in me partner\u00eb global\u00eb, programe mobiliteti dhe iniciativa projektuale q\u00eb zgjerojn\u00eb mund\u00ebsit\u00eb p\u00ebr student\u00ebt dhe stafin ton\u00eb. <\/p><p>Ne jemi krenar\u00eb q\u00eb b\u00ebjm\u00eb pjes\u00eb n\u00eb<strong> Aleanc\u00ebn BAUHAUS4EU<\/strong>, e cila bashkon <strong>10 universitete evropiane<\/strong> t\u00eb p\u00ebrkushtuara p\u00ebr nd\u00ebrtimin e nj\u00eb kampusi t\u00eb p\u00ebrbashk\u00ebt evropian q\u00eb promovon<strong> inovacionin, q\u00ebndrueshm\u00ebrin\u00eb dhe bashk\u00ebpunimin nd\u00ebrdisiplinor<\/strong>. P\u00ebrve\u00e7 pjes\u00ebmarrjes n\u00eb aleanc\u00eb, POLIS ruan partneritete me <strong>mbi 20 universitete t\u00eb tjera evropiane<\/strong>, duke mund\u00ebsuar shk\u00ebmbime aktive, programe t\u00eb p\u00ebrbashk\u00ebta dhe bashk\u00ebpunim akademik t\u00eb q\u00ebndruesh\u00ebm. <\/p><p>P\u00ebrmes Erasmus+ dhe kuadrove t\u00eb tjera t\u00eb mobilitetit, ne mb\u00ebshtesim student\u00ebt dhe stafin n\u00eb fitimin e p\u00ebrvoj\u00ebs nd\u00ebrkomb\u00ebtare, duke nxit\u00eb projekte dhe bashk\u00ebpunime strategjike q\u00eb forcojn\u00eb prezenc\u00ebn globale t\u00eb universitetit.<\/p><p>N\u00ebse po k\u00ebrkoni mund\u00ebsi mobiliteti, po eksploroni bashk\u00ebpunime institucionale, apo po k\u00ebrkoni partneritete p\u00ebr projekte, zyra jon\u00eb \u00ebsht\u00eb k\u00ebtu p\u00ebr t\u2019ju udh\u00ebhequr dhe mb\u00ebshtetur.<\/p>\t\t\t\t\t\t\t\t<\/div>\n\t\t\t\t<\/div>\n\t\t\t\t\t<\/div>\n\t\t<\/div>\n\t\t\t\t\t<\/div>\n\t\t<\/section>\n\t\t\t\t<section class=\"elementor-section elementor-top-section elementor-element elementor-element-5173e1c elementor-section-boxed elementor-section-gap-beside-yes elementor-section-height-default elementor-section-height-default elementor-section-column-vertical-align-stretch\" data-id=\"5173e1c\" data-element_type=\"section\" data-e-type=\"section\">\n\t\t\t\t\t\t<div class=\"elementor-container elementor-column-gap-extended\">\n\t\t\t\t\t<div class=\"elementor-column elementor-col-100 elementor-top-column elementor-element elementor-element-459c6c8\" data-id=\"459c6c8\" data-element_type=\"column\" data-e-type=\"column\">\n\t\t\t<div class=\"elementor-widget-wrap elementor-element-populated\">\n\t\t\t\t\t\t<div class=\"elementor-element elementor-element-bb628dd elementor-widget elementor-widget-spacer\" data-id=\"bb628dd\" data-element_type=\"widget\" data-e-type=\"widget\" data-widget_type=\"spacer.default\">\n\t\t\t\t<div class=\"elementor-widget-container\">\n\t\t\t\t\t\t\t<div class=\"elementor-spacer\">\n\t\t\t<div class=\"elementor-spacer-inner\"><\/div>\n\t\t<\/div>\n\t\t\t\t\t\t<\/div>\n\t\t\t\t<\/div>\n\t\t\t\t\t<\/div>\n\t\t<\/div>\n\t\t\t\t\t<\/div>\n\t\t<\/section>\n\t\t\t\t<\/div>\n\t\t","protected":false},"excerpt":{"rendered":"<p>Mir\u00ebsevini n\u00eb Zyr\u00ebn e \u00c7\u00ebshtjeve Nd\u00ebrkomb\u00ebtare N\u00eb Universitetin POLIS ne kultivojm\u00eb nj\u00eb mjedis akademik t\u00eb hapur dhe k\u00ebrkimor \u2014 nj\u00eb hap\u00ebsir\u00eb e v\u00ebrtet\u00eb p\u00ebr t\u00eb menduar, e form\u00ebsuar nga dialogu dhe bashk\u00ebpunimi nd\u00ebrkomb\u00ebtar. Zyra e Marr\u00ebdh\u00ebnieve Nd\u00ebrkomb\u00ebtare udh\u00ebheq k\u00ebt\u00eb mision duke e lidhur POLIS-in me partner\u00eb global\u00eb, programe mobiliteti dhe iniciativa projektuale q\u00eb zgjerojn\u00eb mund\u00ebsit\u00eb p\u00ebr student\u00ebt dhe stafin ton\u00eb. Ne jemi krenar\u00eb q\u00eb b\u00ebjm\u00eb pjes\u00eb n\u00eb Aleanc\u00ebn BAUHAUS4EU, e cila bashkon 10 universitete evropiane t\u00eb p\u00ebrkushtuara p\u00ebr nd\u00ebrtimin e nj\u00eb kampusi t\u00eb p\u00ebrbashk\u00ebt evropian q\u00eb promovon inovacionin, q\u00ebndrueshm\u00ebrin\u00eb dhe bashk\u00ebpunimin nd\u00ebrdisiplinor. P\u00ebrve\u00e7 pjes\u00ebmarrjes n\u00eb aleanc\u00eb, POLIS ruan partneritete me mbi 20 universitete t\u00eb tjera evropiane, duke mund\u00ebsuar shk\u00ebmbime aktive, programe t\u00eb p\u00ebrbashk\u00ebta dhe bashk\u00ebpunim akademik t\u00eb q\u00ebndruesh\u00ebm. P\u00ebrmes Erasmus+ dhe kuadrove t\u00eb tjera t\u00eb mobilitetit, ne mb\u00ebshtesim student\u00ebt dhe stafin n\u00eb fitimin e p\u00ebrvoj\u00ebs nd\u00ebrkomb\u00ebtare, duke nxit\u00eb projekte dhe bashk\u00ebpunime strategjike q\u00eb forcojn\u00eb prezenc\u00ebn globale t\u00eb universitetit. N\u00ebse po k\u00ebrkoni mund\u00ebsi mobiliteti, po eksploroni bashk\u00ebpunime institucionale, apo po k\u00ebrkoni partneritete p\u00ebr projekte, zyra jon\u00eb \u00ebsht\u00eb k\u00ebtu p\u00ebr t\u2019ju udh\u00ebhequr dhe mb\u00ebshtetur.<\/p>\n","protected":false},"author":1217,"featured_media":0,"parent":0,"menu_order":0,"comment_status":"closed","ping_status":"closed","template":"","meta":{"footnotes":""},"class_list":["post-29660","page","type-page","status-publish","hentry","post-no-thumbnail"],"_links":{"self":[{"href":"https:\/\/universitetipolis.edu.al\/index.php?rest_route=\/wp\/v2\/pages\/29660","targetHints":{"allow":["GET"]}}],"collection":[{"href":"https:\/\/universitetipolis.edu.al\/index.php?rest_route=\/wp\/v2\/pages"}],"about":[{"href":"https:\/\/universitetipolis.edu.al\/index.php?rest_route=\/wp\/v2\/types\/page"}],"author":[{"embeddable":true,"href":"https:\/\/universitetipolis.edu.al\/index.php?rest_route=\/wp\/v2\/users\/1217"}],"replies":[{"embeddable":true,"href":"https:\/\/universitetipolis.edu.al\/index.php?rest_route=%2Fwp%2Fv2%2Fcomments&post=29660"}],"version-history":[{"count":13,"href":"https:\/\/universitetipolis.edu.al\/index.php?rest_route=\/wp\/v2\/pages\/29660\/revisions"}],"predecessor-version":[{"id":29995,"href":"https:\/\/universitetipolis.edu.al\/index.php?rest_route=\/wp\/v2\/pages\/29660\/revisions\/29995"}],"wp:attachment":[{"href":"https:\/\/universitetipolis.edu.al\/index.php?rest_route=%2Fwp%2Fv2%2Fmedia&parent=29660"}],"curies":[{"name":"wp","href":"https:\/\/api.w.org\/{rel}","templated":true}]}}