{"id":28853,"date":"2024-03-02T09:00:11","date_gmt":"2024-03-02T08:00:11","guid":{"rendered":"https:\/\/universitetipolis.edu.al\/mesimi-permes-sherbimit-service-learning\/"},"modified":"2025-09-16T14:17:18","modified_gmt":"2025-09-16T12:17:18","slug":"mesimi-permes-sherbimit-service-learning","status":"publish","type":"page","link":"https:\/\/universitetipolis.edu.al\/?page_id=28853","title":{"rendered":"M\u00ebsimi p\u00ebrmes Sh\u00ebrbimit (Service Learning)"},"content":{"rendered":"\t\t<div data-elementor-type=\"wp-page\" data-elementor-id=\"28853\" class=\"elementor elementor-28853 elementor-23215\" data-elementor-post-type=\"page\">\n\t\t\t\t\t\t<section class=\"elementor-section elementor-top-section elementor-element elementor-element-4a8019b elementor-section-boxed elementor-section-gap-beside-yes elementor-section-height-default elementor-section-height-default elementor-section-column-vertical-align-stretch\" data-id=\"4a8019b\" data-element_type=\"section\" data-e-type=\"section\">\n\t\t\t\t\t\t<div class=\"elementor-container elementor-column-gap-extended\">\n\t\t\t\t\t<div class=\"elementor-column elementor-col-100 elementor-top-column elementor-element elementor-element-8263d05\" data-id=\"8263d05\" data-element_type=\"column\" data-e-type=\"column\">\n\t\t\t<div class=\"elementor-widget-wrap elementor-element-populated\">\n\t\t\t\t\t\t<div class=\"elementor-element elementor-element-26ae415 elementor-widget elementor-widget-heading\" data-id=\"26ae415\" data-element_type=\"widget\" data-e-type=\"widget\" data-widget_type=\"heading.default\">\n\t\t\t\t<div class=\"elementor-widget-container\">\n\t\t\t\t\t<h2 class=\"elementor-heading-title elementor-size-default\">M\u00ebsimi p\u00ebrmes Sh\u00ebrbimit (Service Learning)<\/h2>\t\t\t\t<\/div>\n\t\t\t\t<\/div>\n\t\t\t\t<div class=\"elementor-element elementor-element-82bf398 elementor-widget elementor-widget-text-editor\" data-id=\"82bf398\" data-element_type=\"widget\" data-e-type=\"widget\" data-widget_type=\"text-editor.default\">\n\t\t\t\t<div class=\"elementor-widget-container\">\n\t\t\t\t\t\t\t\t\t<p style=\"font-weight: 400;\">N\u00eb p\u00ebrputhje me literatur\u00ebn p\u00ebrkat\u00ebse mbi Misionin e Tret\u00eb, p\u00ebrdoret kjo p\u00ebrkufizim p\u00ebr <strong>Service Learning<\/strong> n\u00eb <strong>Universitetin Polis<\/strong>: \u2026 <em>Service Learning lidh angazhimin shoq\u00ebror (\u201cservice\u201d) me formimin e kompetencave teknike, metodologjike dhe sociale (\u201clearning\u201d) t\u00eb student\u00ebve.<\/em><\/p><p style=\"font-weight: 400;\">Ky koncept zbatohet n\u00eb m\u00ebsimdh\u00ebnien akademike t\u00eb Universitetit Polis dhe lidhet me p\u00ebrfitimin e krediteve ECTS. N\u00eb p\u00ebrputhje me Misionin e Tret\u00eb t\u00eb universitetit, adresohen pyetje me r\u00ebnd\u00ebsi praktike dhe njohurit\u00eb shkencore transferohen drejtp\u00ebrdrejt n\u00eb praktik\u00eb p\u00ebrmes bashk\u00ebpunimit me aktor\u00eb nga industria dhe shoq\u00ebria. Student\u00ebt fitojn\u00eb kompetenca ky\u00e7e q\u00eb u mund\u00ebsojn\u00eb t\u00eb transferojn\u00eb me sukses njohurit\u00eb e fituara n\u00eb t\u00eb ardhmen. Proceset e reflektimit t\u00eb vet\u00ebdijsh\u00ebm duhet t\u00eb \u00e7ojn\u00eb drejt zhvillimit t\u00eb aft\u00ebsive t\u00eb reja dhe t\u00eb q\u00ebndrueshme p\u00ebr zgjidhjen e problemeve. P\u00ebr k\u00ebt\u00eb arsye, marrja e perspektivave t\u00eb reja, marrja e p\u00ebrgjegj\u00ebsive, si dhe proceset shum\u00eb t\u00eb strukturuara t\u00eb vendimmarrjes n\u00eb grupe (nd\u00ebrdisiplinore) jan\u00eb thelb\u00ebsore.     <\/p>\t\t\t\t\t\t\t\t<\/div>\n\t\t\t\t<\/div>\n\t\t\t\t\t<\/div>\n\t\t<\/div>\n\t\t\t\t\t<\/div>\n\t\t<\/section>\n\t\t\t\t<section class=\"elementor-section elementor-top-section elementor-element elementor-element-0b6ab94 elementor-section-boxed elementor-section-gap-beside-yes elementor-section-height-default elementor-section-height-default elementor-section-column-vertical-align-stretch\" data-id=\"0b6ab94\" data-element_type=\"section\" data-e-type=\"section\" data-settings=\"{&quot;background_background&quot;:&quot;classic&quot;}\">\n\t\t\t\t\t\t<div class=\"elementor-container elementor-column-gap-extended\">\n\t\t\t\t\t<div class=\"elementor-column elementor-col-100 elementor-top-column elementor-element elementor-element-c71c076\" data-id=\"c71c076\" data-element_type=\"column\" data-e-type=\"column\">\n\t\t\t<div class=\"elementor-widget-wrap elementor-element-populated\">\n\t\t\t\t\t\t<div class=\"elementor-element elementor-element-af6a904 elementor-widget elementor-widget-text-editor\" data-id=\"af6a904\" data-element_type=\"widget\" data-e-type=\"widget\" data-widget_type=\"text-editor.default\">\n\t\t\t\t<div class=\"elementor-widget-container\">\n\t\t\t\t\t\t\t\t\t<p><strong>Karakteristikat e Service Learning n\u00eb Universitetit Polis<\/strong><\/p><ul type=\"disc\"><li><p style=\"font-weight: 400;\">Kursi p\u00ebrfshin angazhim shoq\u00ebror (\u201cservice\u201d)<\/p><\/li><li><p style=\"font-weight: 400;\"><span style=\"font-family: var(--unicamp-typography-body-font-family); letter-spacing: 0px;\">Student\u00ebt fitojn\u00eb kompetenca t\u00eb fush\u00ebs dhe kompetenca t\u00eb p\u00ebrgjithshme (\u201clearning\u201d)<\/span><\/p><\/li><li><p style=\"font-weight: 400;\"><span style=\"font-family: var(--unicamp-typography-body-font-family); letter-spacing: 0px;\">Kursi p\u00ebrfshin bashk\u00ebpunim me partner\u00eb nga praktika <\/span><\/p><\/li><li><p style=\"font-weight: 400;\"><span style=\"font-family: var(--unicamp-typography-body-font-family); letter-spacing: 0px;\">Njohurit\u00eb shkencore transferohen n\u00eb praktik\u00eb<\/span><\/p><\/li><\/ul>\t\t\t\t\t\t\t\t<\/div>\n\t\t\t\t<\/div>\n\t\t\t\t\t<\/div>\n\t\t<\/div>\n\t\t\t\t\t<\/div>\n\t\t<\/section>\n\t\t\t\t<section class=\"elementor-section elementor-top-section elementor-element elementor-element-46b69dd elementor-section-boxed elementor-section-gap-beside-yes elementor-section-height-default elementor-section-height-default elementor-section-column-vertical-align-stretch\" data-id=\"46b69dd\" data-element_type=\"section\" data-e-type=\"section\">\n\t\t\t\t\t\t<div class=\"elementor-container elementor-column-gap-extended\">\n\t\t\t\t\t<div class=\"elementor-column elementor-col-100 elementor-top-column elementor-element elementor-element-9381ea3\" data-id=\"9381ea3\" data-element_type=\"column\" data-e-type=\"column\">\n\t\t\t<div class=\"elementor-widget-wrap elementor-element-populated\">\n\t\t\t\t\t\t<div class=\"elementor-element elementor-element-6501a73 elementor-widget elementor-widget-heading\" data-id=\"6501a73\" data-element_type=\"widget\" data-e-type=\"widget\" data-widget_type=\"heading.default\">\n\t\t\t\t<div class=\"elementor-widget-container\">\n\t\t\t\t\t<h2 class=\"elementor-heading-title elementor-size-default\">Service Learning n\u00eb Universitetin Polis<\/h2>\t\t\t\t<\/div>\n\t\t\t\t<\/div>\n\t\t\t\t<div class=\"elementor-element elementor-element-957f7bf elementor-widget elementor-widget-text-editor\" data-id=\"957f7bf\" data-element_type=\"widget\" data-e-type=\"widget\" data-widget_type=\"text-editor.default\">\n\t\t\t\t<div class=\"elementor-widget-container\">\n\t\t\t\t\t\t\t\t\t<p style=\"font-weight: 400;\">Nj\u00eb nga objektivat kryesore t\u00eb Misionit t\u00eb Tret\u00eb t\u00eb universitetit \u00ebsht\u00eb vizualizimi i shembujve t\u00eb <strong>Praktik\u00ebs s\u00eb Mir\u00eb (Good Practice)<\/strong>. Nj\u00eb num\u00ebr projektesh t\u00eb suksesshme t\u00eb Service Learning jan\u00eb zhvilluar tashm\u00eb. K\u00ebto aktivitete jan\u00eb dokumentuar sistematikisht p\u00ebr t\u00eb zgjeruar vazhdimisht fondin e shembujve t\u00eb Praktik\u00ebs s\u00eb Mir\u00eb.<br>Ju lutemi na kontaktoni n\u00ebse keni zhvilluar ose jeni duke zhvilluar nj\u00eb kurs t\u00eb Service Learning n\u00eb Universitetin Polis.   <\/p><p style=\"font-weight: 400;\">E-Mail: <u><a href=\"mailto:third_mission@universitetipolis.edu.al\">third_mission@universitetipolis.edu.al<\/a><\/u><\/p>\t\t\t\t\t\t\t\t<\/div>\n\t\t\t\t<\/div>\n\t\t\t\t\t<\/div>\n\t\t<\/div>\n\t\t\t\t\t<\/div>\n\t\t<\/section>\n\t\t\t\t<section class=\"elementor-section elementor-top-section elementor-element elementor-element-7454de3 elementor-section-boxed elementor-section-gap-beside-yes elementor-section-height-default elementor-section-height-default elementor-section-column-vertical-align-stretch\" data-id=\"7454de3\" data-element_type=\"section\" data-e-type=\"section\">\n\t\t\t\t\t\t<div class=\"elementor-container elementor-column-gap-extended\">\n\t\t\t\t\t<div class=\"elementor-column elementor-col-100 elementor-top-column elementor-element elementor-element-d9b84ce\" data-id=\"d9b84ce\" data-element_type=\"column\" data-e-type=\"column\">\n\t\t\t<div class=\"elementor-widget-wrap elementor-element-populated\">\n\t\t\t\t\t\t<div class=\"elementor-element elementor-element-a61e8c0 elementor-widget elementor-widget-heading\" data-id=\"a61e8c0\" data-element_type=\"widget\" data-e-type=\"widget\" data-widget_type=\"heading.default\">\n\t\t\t\t<div class=\"elementor-widget-container\">\n\t\t\t\t\t<h2 class=\"elementor-heading-title elementor-size-default\">Shembuj t\u00eb Praktik\u00ebs s\u00eb Mir\u00eb<\/h2>\t\t\t\t<\/div>\n\t\t\t\t<\/div>\n\t\t\t\t<div class=\"elementor-element elementor-element-0ce9988 elementor-widget elementor-widget-elementskit-tablepress\" data-id=\"0ce9988\" data-element_type=\"widget\" data-e-type=\"widget\" data-widget_type=\"elementskit-tablepress.default\">\n\t\t\t\t<div class=\"elementor-widget-container\">\n\t\t\t\t\t<div class=\"elemenetskit-tablepress ekit-wid-con\" id=\"ekit_tablepress_0ce9988\">\n<table id=\"tablepress-1\" class=\"tablepress tablepress-id-1\">\n<thead>\n<tr class=\"row-1\">\n\t<th class=\"column-1\">Title<\/th><th class=\"column-2\">Lecture<\/th>\n<\/tr>\n<\/thead>\n<tbody class=\"row-striping row-hover\">\n<tr class=\"row-2\">\n\t<td class=\"column-1\">Title<\/td><td class=\"column-2\">Lecturer\/Author<\/td>\n<\/tr>\n<tr class=\"row-3\">\n\t<td class=\"column-1\">Title<\/td><td class=\"column-2\">Lecturer\/Author<\/td>\n<\/tr>\n<tr class=\"row-4\">\n\t<td class=\"column-1\">Title<\/td><td class=\"column-2\">Lecturer\/Author<\/td>\n<\/tr>\n<tr class=\"row-5\">\n\t<td class=\"column-1\">Title<\/td><td class=\"column-2\">Lecturer\/Author<\/td>\n<\/tr>\n<tr class=\"row-6\">\n\t<td class=\"column-1\">Title<\/td><td class=\"column-2\">Lecturer\/Author<\/td>\n<\/tr>\n<tr class=\"row-7\">\n\t<td class=\"column-1\">Title<\/td><td class=\"column-2\">Lecturer\/Author<\/td>\n<\/tr>\n<tr class=\"row-8\">\n\t<td class=\"column-1\">Title<\/td><td class=\"column-2\">Lecturer\/Author<\/td>\n<\/tr>\n<tr class=\"row-9\">\n\t<td class=\"column-1\">Title<\/td><td class=\"column-2\">Lecturer\/Author<\/td>\n<\/tr>\n<tr class=\"row-10\">\n\t<td class=\"column-1\">Title<\/td><td class=\"column-2\">Lecturer\/Author<\/td>\n<\/tr>\n<\/tbody>\n<\/table>\n<!-- #tablepress-1 from cache --><\/div>\t\t\t\t<\/div>\n\t\t\t\t<\/div>\n\t\t\t\t\t<\/div>\n\t\t<\/div>\n\t\t\t\t\t<\/div>\n\t\t<\/section>\n\t\t\t\t<section class=\"elementor-section elementor-top-section elementor-element elementor-element-98e274b elementor-section-boxed elementor-section-gap-beside-yes elementor-section-height-default elementor-section-height-default elementor-section-column-vertical-align-stretch\" data-id=\"98e274b\" data-element_type=\"section\" data-e-type=\"section\">\n\t\t\t\t\t\t<div class=\"elementor-container elementor-column-gap-extended\">\n\t\t\t\t\t<div class=\"elementor-column elementor-col-100 elementor-top-column elementor-element elementor-element-0088157\" data-id=\"0088157\" data-element_type=\"column\" data-e-type=\"column\">\n\t\t\t<div class=\"elementor-widget-wrap elementor-element-populated\">\n\t\t\t\t\t\t<div class=\"elementor-element elementor-element-9e0d8a0 elementor-widget elementor-widget-heading\" data-id=\"9e0d8a0\" data-element_type=\"widget\" data-e-type=\"widget\" data-widget_type=\"heading.default\">\n\t\t\t\t<div class=\"elementor-widget-container\">\n\t\t\t\t\t<h2 class=\"elementor-heading-title elementor-size-default\">Kurse t\u00eb Service Learning (aktuale dhe t\u00eb mundshme n\u00eb t\u00eb ardhmen, t\u00eb identifikuara nga gjetjet e Anket\u00ebs Online)<\/h2>\t\t\t\t<\/div>\n\t\t\t\t<\/div>\n\t\t\t\t<div class=\"elementor-element elementor-element-3d155f4 elementor-widget elementor-widget-elementskit-tablepress\" data-id=\"3d155f4\" data-element_type=\"widget\" data-e-type=\"widget\" data-widget_type=\"elementskit-tablepress.default\">\n\t\t\t\t<div class=\"elementor-widget-container\">\n\t\t\t\t\t<div class=\"elemenetskit-tablepress ekit-wid-con\" id=\"ekit_tablepress_3d155f4\">\n<table id=\"tablepress-2\" class=\"tablepress tablepress-id-2\">\n<thead>\n<tr class=\"row-1\">\n\t<th class=\"column-1\">Title<\/th><th class=\"column-2\">Person Responsible<\/th><th class=\"column-3\">Keywords<\/th><th class=\"column-4\">Link<\/th>\n<\/tr>\n<\/thead>\n<tbody class=\"row-striping row-hover\">\n<tr class=\"row-2\">\n\t<td class=\"column-1\">Lorem Ipsum<\/td><td class=\"column-2\">Lorem Ipsum<\/td><td class=\"column-3\">Lorem Ipsum<\/td><td class=\"column-4\">Lorem Ipsum<\/td>\n<\/tr>\n<tr class=\"row-3\">\n\t<td class=\"column-1\">Lorem Ipsum<\/td><td class=\"column-2\">Lorem Ipsum<\/td><td class=\"column-3\">Lorem Ipsum<\/td><td class=\"column-4\">Lorem Ipsum<\/td>\n<\/tr>\n<tr class=\"row-4\">\n\t<td class=\"column-1\">Lorem Ipsum<\/td><td class=\"column-2\">Lorem Ipsum<\/td><td class=\"column-3\">Lorem Ipsum<\/td><td class=\"column-4\">Lorem Ipsum<\/td>\n<\/tr>\n<tr class=\"row-5\">\n\t<td class=\"column-1\">Lorem Ipsum<\/td><td class=\"column-2\">Lorem Ipsum<\/td><td class=\"column-3\">Lorem Ipsum<\/td><td class=\"column-4\">Lorem Ipsum<\/td>\n<\/tr>\n<tr class=\"row-6\">\n\t<td class=\"column-1\">Lorem Ipsum<\/td><td class=\"column-2\">Lorem Ipsum<\/td><td class=\"column-3\">Lorem Ipsum<\/td><td class=\"column-4\">Lorem Ipsum<\/td>\n<\/tr>\n<tr class=\"row-7\">\n\t<td class=\"column-1\">Lorem Ipsum<\/td><td class=\"column-2\">Lorem Ipsum<\/td><td class=\"column-3\">Lorem Ipsum<\/td><td class=\"column-4\">Lorem Ipsum<\/td>\n<\/tr>\n<tr class=\"row-8\">\n\t<td class=\"column-1\">Lorem Ipsum<\/td><td class=\"column-2\">Lorem Ipsum<\/td><td class=\"column-3\">Lorem Ipsum<\/td><td class=\"column-4\">Lorem Ipsum<\/td>\n<\/tr>\n<\/tbody>\n<\/table>\n<!-- #tablepress-2 from cache --><\/div>\t\t\t\t<\/div>\n\t\t\t\t<\/div>\n\t\t\t\t\t<\/div>\n\t\t<\/div>\n\t\t\t\t\t<\/div>\n\t\t<\/section>\n\t\t\t\t<\/div>\n\t\t","protected":false},"excerpt":{"rendered":"<p>M\u00ebsimi p\u00ebrmes Sh\u00ebrbimit (Service Learning) N\u00eb p\u00ebrputhje me literatur\u00ebn p\u00ebrkat\u00ebse mbi Misionin e Tret\u00eb, p\u00ebrdoret kjo p\u00ebrkufizim p\u00ebr Service Learning n\u00eb Universitetin Polis: \u2026 Service Learning lidh angazhimin shoq\u00ebror (\u201cservice\u201d) me formimin e kompetencave teknike, metodologjike dhe sociale (\u201clearning\u201d) t\u00eb student\u00ebve. Ky koncept zbatohet n\u00eb m\u00ebsimdh\u00ebnien akademike t\u00eb Universitetit Polis dhe lidhet me p\u00ebrfitimin e krediteve ECTS. N\u00eb p\u00ebrputhje me Misionin e Tret\u00eb t\u00eb universitetit, adresohen pyetje me r\u00ebnd\u00ebsi praktike dhe njohurit\u00eb shkencore transferohen drejtp\u00ebrdrejt n\u00eb praktik\u00eb p\u00ebrmes bashk\u00ebpunimit me aktor\u00eb nga industria dhe shoq\u00ebria. Student\u00ebt fitojn\u00eb kompetenca ky\u00e7e q\u00eb u mund\u00ebsojn\u00eb t\u00eb transferojn\u00eb me sukses njohurit\u00eb e fituara n\u00eb t\u00eb ardhmen. Proceset e reflektimit t\u00eb vet\u00ebdijsh\u00ebm duhet t\u00eb \u00e7ojn\u00eb drejt zhvillimit t\u00eb aft\u00ebsive t\u00eb reja dhe t\u00eb q\u00ebndrueshme p\u00ebr zgjidhjen e problemeve. P\u00ebr k\u00ebt\u00eb arsye, marrja e perspektivave t\u00eb reja, marrja e p\u00ebrgjegj\u00ebsive, si dhe proceset shum\u00eb t\u00eb strukturuara t\u00eb vendimmarrjes n\u00eb grupe (nd\u00ebrdisiplinore) jan\u00eb thelb\u00ebsore. Karakteristikat e Service Learning n\u00eb Universitetit Polis Kursi p\u00ebrfshin angazhim shoq\u00ebror (\u201cservice\u201d) Student\u00ebt fitojn\u00eb kompetenca t\u00eb fush\u00ebs dhe kompetenca t\u00eb p\u00ebrgjithshme (\u201clearning\u201d) Kursi p\u00ebrfshin bashk\u00ebpunim me partner\u00eb nga praktika Njohurit\u00eb shkencore transferohen n\u00eb praktik\u00eb Service Learning n\u00eb Universitetin Polis Nj\u00eb nga objektivat kryesore t\u00eb Misionit t\u00eb Tret\u00eb t\u00eb universitetit \u00ebsht\u00eb vizualizimi i shembujve t\u00eb Praktik\u00ebs s\u00eb Mir\u00eb (Good Practice). Nj\u00eb num\u00ebr projektesh t\u00eb suksesshme t\u00eb Service Learning jan\u00eb zhvilluar tashm\u00eb. K\u00ebto aktivitete jan\u00eb dokumentuar sistematikisht p\u00ebr t\u00eb zgjeruar vazhdimisht fondin e shembujve t\u00eb Praktik\u00ebs s\u00eb Mir\u00eb. Ju lutemi na kontaktoni n\u00ebse keni zhvilluar ose jeni duke zhvilluar nj\u00eb kurs t\u00eb Service Learning n\u00eb Universitetin Polis. E-Mail: third_mission@universitetipolis.edu.al Shembuj t\u00eb Praktik\u00ebs s\u00eb Mir\u00eb Title Lecture Title Lecturer\/Author Title Lecturer\/Author Title Lecturer\/Author Title Lecturer\/Author Title Lecturer\/Author Title Lecturer\/Author Title Lecturer\/Author Title Lecturer\/Author Title Lecturer\/Author Kurse t\u00eb Service Learning (aktuale dhe t\u00eb mundshme n\u00eb t\u00eb ardhmen, t\u00eb identifikuara nga gjetjet e Anket\u00ebs Online) Title Person Responsible Keywords Link Lorem Ipsum Lorem Ipsum Lorem Ipsum Lorem Ipsum Lorem Ipsum Lorem Ipsum Lorem Ipsum Lorem Ipsum Lorem Ipsum Lorem Ipsum Lorem Ipsum Lorem Ipsum Lorem Ipsum Lorem Ipsum Lorem Ipsum Lorem Ipsum Lorem Ipsum Lorem Ipsum Lorem Ipsum Lorem Ipsum Lorem Ipsum Lorem Ipsum Lorem Ipsum Lorem Ipsum Lorem Ipsum Lorem Ipsum Lorem Ipsum Lorem Ipsum<\/p>\n","protected":false},"author":3,"featured_media":0,"parent":0,"menu_order":0,"comment_status":"closed","ping_status":"closed","template":"","meta":{"footnotes":""},"class_list":["post-28853","page","type-page","status-publish","hentry","post-no-thumbnail"],"_links":{"self":[{"href":"https:\/\/universitetipolis.edu.al\/index.php?rest_route=\/wp\/v2\/pages\/28853","targetHints":{"allow":["GET"]}}],"collection":[{"href":"https:\/\/universitetipolis.edu.al\/index.php?rest_route=\/wp\/v2\/pages"}],"about":[{"href":"https:\/\/universitetipolis.edu.al\/index.php?rest_route=\/wp\/v2\/types\/page"}],"author":[{"embeddable":true,"href":"https:\/\/universitetipolis.edu.al\/index.php?rest_route=\/wp\/v2\/users\/3"}],"replies":[{"embeddable":true,"href":"https:\/\/universitetipolis.edu.al\/index.php?rest_route=%2Fwp%2Fv2%2Fcomments&post=28853"}],"version-history":[{"count":4,"href":"https:\/\/universitetipolis.edu.al\/index.php?rest_route=\/wp\/v2\/pages\/28853\/revisions"}],"predecessor-version":[{"id":28857,"href":"https:\/\/universitetipolis.edu.al\/index.php?rest_route=\/wp\/v2\/pages\/28853\/revisions\/28857"}],"wp:attachment":[{"href":"https:\/\/universitetipolis.edu.al\/index.php?rest_route=%2Fwp%2Fv2%2Fmedia&parent=28853"}],"curies":[{"name":"wp","href":"https:\/\/api.w.org\/{rel}","templated":true}]}}