{"id":28837,"date":"2024-02-20T11:28:38","date_gmt":"2024-02-20T10:28:38","guid":{"rendered":"https:\/\/universitetipolis.edu.al\/pjesemarrja-kriteret\/"},"modified":"2025-09-16T11:52:06","modified_gmt":"2025-09-16T09:52:06","slug":"pjesemarrja-kriteret","status":"publish","type":"page","link":"https:\/\/universitetipolis.edu.al\/?page_id=28837","title":{"rendered":"Pjes\u00ebmarrja &amp; Kriteret"},"content":{"rendered":"\t\t<div data-elementor-type=\"wp-page\" data-elementor-id=\"28837\" class=\"elementor elementor-28837 elementor-23160\" data-elementor-post-type=\"page\">\n\t\t\t\t\t\t<section class=\"elementor-section elementor-top-section elementor-element elementor-element-4a8019b elementor-section-boxed elementor-section-gap-beside-yes elementor-section-height-default elementor-section-height-default elementor-section-column-vertical-align-stretch\" data-id=\"4a8019b\" data-element_type=\"section\" data-e-type=\"section\">\n\t\t\t\t\t\t<div class=\"elementor-container elementor-column-gap-extended\">\n\t\t\t\t\t<div class=\"elementor-column elementor-col-100 elementor-top-column elementor-element elementor-element-8263d05\" data-id=\"8263d05\" data-element_type=\"column\" data-e-type=\"column\">\n\t\t\t<div class=\"elementor-widget-wrap elementor-element-populated\">\n\t\t\t\t\t\t<div class=\"elementor-element elementor-element-26ae415 elementor-widget elementor-widget-heading\" data-id=\"26ae415\" data-element_type=\"widget\" data-e-type=\"widget\" data-widget_type=\"heading.default\">\n\t\t\t\t<div class=\"elementor-widget-container\">\n\t\t\t\t\t<h2 class=\"elementor-heading-title elementor-size-default\">P\u00ebrfitimet e pjes\u00ebmarrjes n\u00eb Projektin \"Misioni i Tret\u00eb\"<\/h2>\t\t\t\t<\/div>\n\t\t\t\t<\/div>\n\t\t\t\t<div class=\"elementor-element elementor-element-82bf398 elementor-widget elementor-widget-text-editor\" data-id=\"82bf398\" data-element_type=\"widget\" data-e-type=\"widget\" data-widget_type=\"text-editor.default\">\n\t\t\t\t<div class=\"elementor-widget-container\">\n\t\t\t\t\t\t\t\t\t<p style=\"font-weight: 400;\">Misioni i Tret\u00eb synon t\u00eb jet\u00eb nj\u00eb agjend\u00eb e p\u00ebrbashk\u00ebt e t\u00eb gjitha nj\u00ebsive organizative dhe sa m\u00eb shum\u00eb an\u00ebtar\u00ebve t\u00eb universitetit. K\u00ebshtu, ai b\u00ebhet nj\u00eb element i profilit publik t\u00eb Universitetit Polis. Pjes\u00ebmarrja aktive mund t\u00eb p\u00ebrfshij\u00eb nj\u00eb s\u00ebr\u00eb synimesh dhe prioritetesh t\u00eb ndryshme, n\u00eb var\u00ebsi t\u00eb fokusit t\u00eb nj\u00ebsive organizative ose individ\u00ebve, si p\u00ebr shembull:  <\/p>\t\t\t\t\t\t\t\t<\/div>\n\t\t\t\t<\/div>\n\t\t\t\t\t<\/div>\n\t\t<\/div>\n\t\t\t\t\t<\/div>\n\t\t<\/section>\n\t\t\t\t<section class=\"elementor-section elementor-top-section elementor-element elementor-element-0b6ab94 elementor-section-boxed elementor-section-gap-beside-yes elementor-section-height-default elementor-section-height-default elementor-section-column-vertical-align-stretch\" data-id=\"0b6ab94\" data-element_type=\"section\" data-e-type=\"section\" data-settings=\"{&quot;background_background&quot;:&quot;classic&quot;}\">\n\t\t\t\t\t\t<div class=\"elementor-container elementor-column-gap-extended\">\n\t\t\t\t\t<div class=\"elementor-column elementor-col-100 elementor-top-column elementor-element elementor-element-c71c076\" data-id=\"c71c076\" data-element_type=\"column\" data-e-type=\"column\">\n\t\t\t<div class=\"elementor-widget-wrap elementor-element-populated\">\n\t\t\t\t\t\t<div class=\"elementor-element elementor-element-af6a904 elementor-widget elementor-widget-text-editor\" data-id=\"af6a904\" data-element_type=\"widget\" data-e-type=\"widget\" data-widget_type=\"text-editor.default\">\n\t\t\t\t<div class=\"elementor-widget-container\">\n\t\t\t\t\t\t\t\t\t<ul type=\"disc\"><li>zgjerimi i rrjet\u00ebzimit me aktor\u00eb shoq\u00ebror\u00eb dhe financues t\u00eb pal\u00ebve t\u00eb treta;<u><\/u><u><\/u><\/li><li>zgjerimi i bashk\u00ebpunimit me nd\u00ebrmarrje publike dhe private;<u><\/u><u><\/u><\/li><li>ngritja e projekteve t\u00eb reja k\u00ebrkimore dhe transdisiplinare, si p\u00ebrgjigje e drejtp\u00ebrdrejt\u00eb ndaj nevojave ekonomike dhe shoq\u00ebrore;<u><\/u><u><\/u><\/li><li>integrimi i temave me r\u00ebnd\u00ebsi shoq\u00ebrore n\u00eb k\u00ebrkim dhe m\u00ebsimdh\u00ebnie (service learning);<u><\/u><u><\/u><\/li><li>p\u00ebrgatitja m\u00eb e mir\u00eb e student\u00ebve p\u00ebr t\u00eb marr\u00eb p\u00ebrgjegj\u00ebsi n\u00eb politik\u00eb, shoq\u00ebri dhe ekonomi;<u><\/u><u><\/u><\/li><li>zgjerimi i profilit t\u00eb aft\u00ebsive profesionale t\u00eb fuqis\u00eb pun\u00ebtore;<u><\/u><u><\/u><\/li><li>rritja e vler\u00ebsimit shoq\u00ebror p\u00ebr shkenc\u00ebn dhe k\u00ebrkimin n\u00eb Universitetin Polis.<\/li><\/ul>\t\t\t\t\t\t\t\t<\/div>\n\t\t\t\t<\/div>\n\t\t\t\t\t<\/div>\n\t\t<\/div>\n\t\t\t\t\t<\/div>\n\t\t<\/section>\n\t\t\t\t<section class=\"elementor-section elementor-top-section elementor-element elementor-element-46b69dd elementor-section-boxed elementor-section-gap-beside-yes elementor-section-height-default elementor-section-height-default elementor-section-column-vertical-align-stretch\" data-id=\"46b69dd\" data-element_type=\"section\" data-e-type=\"section\">\n\t\t\t\t\t\t<div class=\"elementor-container elementor-column-gap-extended\">\n\t\t\t\t\t<div class=\"elementor-column elementor-col-100 elementor-top-column elementor-element elementor-element-9381ea3\" data-id=\"9381ea3\" data-element_type=\"column\" data-e-type=\"column\">\n\t\t\t<div class=\"elementor-widget-wrap elementor-element-populated\">\n\t\t\t\t\t\t<div class=\"elementor-element elementor-element-6501a73 elementor-widget elementor-widget-heading\" data-id=\"6501a73\" data-element_type=\"widget\" data-e-type=\"widget\" data-widget_type=\"heading.default\">\n\t\t\t\t<div class=\"elementor-widget-container\">\n\t\t\t\t\t<h2 class=\"elementor-heading-title elementor-size-default\">Kriteret p\u00ebr aktivitetet e Misionit t\u00eb Tret\u00eb<\/h2>\t\t\t\t<\/div>\n\t\t\t\t<\/div>\n\t\t\t\t<div class=\"elementor-element elementor-element-957f7bf elementor-widget elementor-widget-text-editor\" data-id=\"957f7bf\" data-element_type=\"widget\" data-e-type=\"widget\" data-widget_type=\"text-editor.default\">\n\t\t\t\t<div class=\"elementor-widget-container\">\n\t\t\t\t\t\t\t\t\t<p style=\"font-weight: 400;\"><strong>Kriteret p\u00ebr aktivitetet e Misionit t\u00eb Tret\u00eb<\/strong><\/p><ol style=\"font-weight: 400;\"><li>bazohen n\u00eb <strong>k\u00ebrkimet <\/strong>e veta;<\/li><li>jan\u00eb me r\u00ebnd\u00ebsi p\u00ebr <strong>shoq\u00ebrin\u00eb<\/strong> dhe\/ose <strong>ekonomin\u00eb<\/strong>, n\u00eb <strong>territorin<\/strong> e synuar;<\/li><li>nxisin <strong>rrjet\u00ebzimin<\/strong> (kryesisht me aktor\u00eb shoq\u00ebror\u00eb dhe\/ose ekonomik\u00eb; por edhe mes aktiviteteve; dhe gjithashtu n\u00eb nivel nd\u00ebrkomb\u00ebtar);<\/li><li>dhe duhet t\u00eb jen\u00eb t\u00eb <strong>orientuara drejt s\u00eb ardhmes<\/strong> dhe t\u00eb synojn\u00eb (ose t\u00eb pakt\u00ebn t\u00eb marrin n\u00eb konsiderat\u00eb) <strong>q\u00ebndrueshm\u00ebrin\u00eb<\/strong>.<\/li><\/ol><p style=\"font-weight: 400;\"> <\/p>\t\t\t\t\t\t\t\t<\/div>\n\t\t\t\t<\/div>\n\t\t\t\t\t<\/div>\n\t\t<\/div>\n\t\t\t\t\t<\/div>\n\t\t<\/section>\n\t\t\t\t<\/div>\n\t\t","protected":false},"excerpt":{"rendered":"<p>P\u00ebrfitimet e pjes\u00ebmarrjes n\u00eb Projektin &#8220;Misioni i Tret\u00eb&#8221; Misioni i Tret\u00eb synon t\u00eb jet\u00eb nj\u00eb agjend\u00eb e p\u00ebrbashk\u00ebt e t\u00eb gjitha nj\u00ebsive organizative dhe sa m\u00eb shum\u00eb an\u00ebtar\u00ebve t\u00eb universitetit. K\u00ebshtu, ai b\u00ebhet nj\u00eb element i profilit publik t\u00eb Universitetit Polis. Pjes\u00ebmarrja aktive mund t\u00eb p\u00ebrfshij\u00eb nj\u00eb s\u00ebr\u00eb synimesh dhe prioritetesh t\u00eb ndryshme, n\u00eb var\u00ebsi t\u00eb fokusit t\u00eb nj\u00ebsive organizative ose individ\u00ebve, si p\u00ebr shembull: zgjerimi i rrjet\u00ebzimit me aktor\u00eb shoq\u00ebror\u00eb dhe financues t\u00eb pal\u00ebve t\u00eb treta; zgjerimi i bashk\u00ebpunimit me nd\u00ebrmarrje publike dhe private; ngritja e projekteve t\u00eb reja k\u00ebrkimore dhe transdisiplinare, si p\u00ebrgjigje e drejtp\u00ebrdrejt\u00eb ndaj nevojave ekonomike dhe shoq\u00ebrore; integrimi i temave me r\u00ebnd\u00ebsi shoq\u00ebrore n\u00eb k\u00ebrkim dhe m\u00ebsimdh\u00ebnie (service learning); p\u00ebrgatitja m\u00eb e mir\u00eb e student\u00ebve p\u00ebr t\u00eb marr\u00eb p\u00ebrgjegj\u00ebsi n\u00eb politik\u00eb, shoq\u00ebri dhe ekonomi; zgjerimi i profilit t\u00eb aft\u00ebsive profesionale t\u00eb fuqis\u00eb pun\u00ebtore; rritja e vler\u00ebsimit shoq\u00ebror p\u00ebr shkenc\u00ebn dhe k\u00ebrkimin n\u00eb Universitetin Polis. Kriteret p\u00ebr aktivitetet e Misionit t\u00eb Tret\u00eb Kriteret p\u00ebr aktivitetet e Misionit t\u00eb Tret\u00eb bazohen n\u00eb k\u00ebrkimet e veta; jan\u00eb me r\u00ebnd\u00ebsi p\u00ebr shoq\u00ebrin\u00eb dhe\/ose ekonomin\u00eb, n\u00eb territorin e synuar; nxisin rrjet\u00ebzimin (kryesisht me aktor\u00eb shoq\u00ebror\u00eb dhe\/ose ekonomik\u00eb; por edhe mes aktiviteteve; dhe gjithashtu n\u00eb nivel nd\u00ebrkomb\u00ebtar); dhe duhet t\u00eb jen\u00eb t\u00eb orientuara drejt s\u00eb ardhmes dhe t\u00eb synojn\u00eb (ose t\u00eb pakt\u00ebn t\u00eb marrin n\u00eb konsiderat\u00eb) q\u00ebndrueshm\u00ebrin\u00eb.<\/p>\n","protected":false},"author":3,"featured_media":0,"parent":0,"menu_order":0,"comment_status":"closed","ping_status":"closed","template":"","meta":{"footnotes":""},"class_list":["post-28837","page","type-page","status-publish","hentry","post-no-thumbnail"],"_links":{"self":[{"href":"https:\/\/universitetipolis.edu.al\/index.php?rest_route=\/wp\/v2\/pages\/28837","targetHints":{"allow":["GET"]}}],"collection":[{"href":"https:\/\/universitetipolis.edu.al\/index.php?rest_route=\/wp\/v2\/pages"}],"about":[{"href":"https:\/\/universitetipolis.edu.al\/index.php?rest_route=\/wp\/v2\/types\/page"}],"author":[{"embeddable":true,"href":"https:\/\/universitetipolis.edu.al\/index.php?rest_route=\/wp\/v2\/users\/3"}],"replies":[{"embeddable":true,"href":"https:\/\/universitetipolis.edu.al\/index.php?rest_route=%2Fwp%2Fv2%2Fcomments&post=28837"}],"version-history":[{"count":2,"href":"https:\/\/universitetipolis.edu.al\/index.php?rest_route=\/wp\/v2\/pages\/28837\/revisions"}],"predecessor-version":[{"id":28839,"href":"https:\/\/universitetipolis.edu.al\/index.php?rest_route=\/wp\/v2\/pages\/28837\/revisions\/28839"}],"wp:attachment":[{"href":"https:\/\/universitetipolis.edu.al\/index.php?rest_route=%2Fwp%2Fv2%2Fmedia&parent=28837"}],"curies":[{"name":"wp","href":"https:\/\/api.w.org\/{rel}","templated":true}]}}