{"id":22925,"date":"2024-01-15T10:30:49","date_gmt":"2024-01-15T09:30:49","guid":{"rendered":"https:\/\/universitetipolis.edu.al\/?page_id=22925"},"modified":"2025-03-17T11:55:47","modified_gmt":"2025-03-17T10:55:47","slug":"kontaktet-dhe-linke-te-vlefshme","status":"publish","type":"page","link":"https:\/\/universitetipolis.edu.al\/?page_id=22925","title":{"rendered":"Kontaktet dhe Linke t\u00eb vlefshme"},"content":{"rendered":"\t\t<div data-elementor-type=\"wp-page\" data-elementor-id=\"22925\" class=\"elementor elementor-22925\" data-elementor-post-type=\"page\">\n\t\t\t\t\t\t<section class=\"elementor-section elementor-top-section elementor-element elementor-element-fcbd56a elementor-section-boxed elementor-section-gap-beside-yes elementor-section-height-default elementor-section-height-default elementor-section-column-vertical-align-stretch\" data-id=\"fcbd56a\" data-element_type=\"section\" data-e-type=\"section\">\n\t\t\t\t\t\t<div class=\"elementor-container elementor-column-gap-extended\">\n\t\t\t\t\t<div class=\"elementor-column elementor-col-50 elementor-top-column elementor-element elementor-element-fce1292\" data-id=\"fce1292\" data-element_type=\"column\" data-e-type=\"column\">\n\t\t\t<div class=\"elementor-widget-wrap elementor-element-populated\">\n\t\t\t\t\t\t<div class=\"elementor-element elementor-element-a183fea elementor-widget elementor-widget-text-editor\" data-id=\"a183fea\" data-element_type=\"widget\" data-e-type=\"widget\" data-widget_type=\"text-editor.default\">\n\t\t\t\t<div class=\"elementor-widget-container\">\n\t\t\t\t\t\t\t\t\t<p><strong>Adresa:<\/strong><br \/>Universiteti POLIS<br \/>Nj\u00ebsia e Brendshme e Sigurimit t\u00eb Cil\u00ebsis\u00eb (NJBSC)<\/p><p>Rr. Bylis 12, Autostrada Tiran\u00eb-Durr\u00ebs, Km 5, Kashar<br \/>Kodi Postar 1051, Kutia Postare 2995, Tirana, Albania<\/p><p>E-mail 1: <a href=\"mailto:manjola_hoxha@universitetipolis.edu.al\">manjola_hoxha@universitetipolis.edu.al<\/a><br \/>E-mail 2: <a href=\"mailto:emi_hoxholli@universitetipolis.edu.al\">emi_hoxholli@universitetipolis.edu.al<\/a>\u00a0<br \/>E-mail 3: <a href=\"mailto:rektorati@universitetipolis.edu.al\">rektorati@universitetipolis.edu.al<\/a><\/p><p>Tel:+ 355.(0) 4 240 74 20 \/ 240 74 21;<br \/><span style=\"color: var( --e-global-color-6cdcb3d ); letter-spacing: 0em;\"><br \/>Web:\u00a0<\/span><a style=\"background-color: #ffffff; letter-spacing: 0em;\" href=\"https:\/\/universitetipolis.edu.al\" target=\"_blank\" rel=\"noopener\">www.universitetipolis.edu.al<\/a><\/p>\t\t\t\t\t\t\t\t<\/div>\n\t\t\t\t<\/div>\n\t\t\t\t\t<\/div>\n\t\t<\/div>\n\t\t\t\t<div class=\"elementor-column elementor-col-50 elementor-top-column elementor-element elementor-element-48f9242\" data-id=\"48f9242\" data-element_type=\"column\" data-e-type=\"column\">\n\t\t\t<div class=\"elementor-widget-wrap elementor-element-populated\">\n\t\t\t\t\t\t<div class=\"elementor-element elementor-element-aeced99 elementor-widget elementor-widget-text-editor\" data-id=\"aeced99\" data-element_type=\"widget\" data-e-type=\"widget\" data-widget_type=\"text-editor.default\">\n\t\t\t\t<div class=\"elementor-widget-container\">\n\t\t\t\t\t\t\t\t\t<p><strong>Linke t\u00eb vlefshme:<\/strong><\/p><ol><li>Ministria e Arsimit dhe Sportit<br \/><a href=\"https:\/\/arsimi.gov.al\/\" target=\"_blank\" rel=\"noopener\">https:\/\/arsimi.gov.al\/\u00a0<\/a><\/li><li>Agjencia e Sigurimit t\u00eb Cil\u00ebsis\u00eb n\u00eb Arsimin e Lart\u00eb (ASCAL)<br \/><a href=\"https:\/\/www.ascal.al\/sq\/\" target=\"_blank\" rel=\"noopener\">https:\/\/www.ascal.al\/sq\/\u00a0<\/a><\/li><li>Qendra e Sh\u00ebrbimeve Arsimore (QSHA)<br \/><a href=\"http:\/\/qsha.gov.al\/index.html\" target=\"_blank\" rel=\"noopener\">http:\/\/qsha.gov.al\/index.html<\/a><\/li><li>Shoqata Evropiane p\u00ebr Sigurimin e Cil\u00ebsis\u00eb n\u00eb Arsimin e Lart\u00eb (ENQA)<br \/><a href=\"https:\/\/enqa.eu\/\" target=\"_blank\" rel=\"noopener\">https:\/\/enqa.eu\/\u00a0<\/a><\/li><li>Shoqata e Universiteteve Evropiane (EUA)<br \/><a href=\"https:\/\/eua.eu\/\" target=\"_blank\" rel=\"noopener\">https:\/\/eua.eu\/\u00a0<\/a><\/li><li>Agjencia e Sigurimit t\u00eb Cil\u00ebsis\u00eb p\u00ebr Arsimin e Lart\u00eb (QAA) &#8211; UK<br \/><a href=\"https:\/\/www.qaa.ac.uk\/\/en\/home\" target=\"_blank\" rel=\"noopener\">https:\/\/www.qaa.ac.uk\/\/en\/home<\/a><\/li><\/ol>\t\t\t\t\t\t\t\t<\/div>\n\t\t\t\t<\/div>\n\t\t\t\t\t<\/div>\n\t\t<\/div>\n\t\t\t\t\t<\/div>\n\t\t<\/section>\n\t\t\t\t<\/div>\n\t\t","protected":false},"excerpt":{"rendered":"<p>Adresa:Universiteti POLISNj\u00ebsia e Brendshme e Sigurimit t\u00eb Cil\u00ebsis\u00eb (NJBSC) Rr. Bylis 12, Autostrada Tiran\u00eb-Durr\u00ebs, Km 5, KasharKodi Postar 1051, Kutia Postare 2995, Tirana, Albania E-mail 1: manjola_hoxha@universitetipolis.edu.alE-mail 2: emi_hoxholli@universitetipolis.edu.al\u00a0E-mail 3: rektorati@universitetipolis.edu.al Tel:+ 355.(0) 4 240 74 20 \/ 240 74 21; Web:\u00a0www.universitetipolis.edu.al Linke t\u00eb vlefshme: Ministria e Arsimit dhe Sportithttps:\/\/arsimi.gov.al\/\u00a0 Agjencia e Sigurimit t\u00eb Cil\u00ebsis\u00eb n\u00eb Arsimin e Lart\u00eb (ASCAL)https:\/\/www.ascal.al\/sq\/\u00a0 Qendra e Sh\u00ebrbimeve Arsimore (QSHA)http:\/\/qsha.gov.al\/index.html Shoqata Evropiane p\u00ebr Sigurimin e Cil\u00ebsis\u00eb n\u00eb Arsimin e Lart\u00eb (ENQA)https:\/\/enqa.eu\/\u00a0 Shoqata e Universiteteve Evropiane (EUA)https:\/\/eua.eu\/\u00a0 Agjencia e Sigurimit t\u00eb Cil\u00ebsis\u00eb p\u00ebr Arsimin e Lart\u00eb (QAA) &#8211; UKhttps:\/\/www.qaa.ac.uk\/\/en\/home<\/p>\n","protected":false},"author":3,"featured_media":0,"parent":0,"menu_order":0,"comment_status":"closed","ping_status":"closed","template":"","meta":{"footnotes":""},"class_list":["post-22925","page","type-page","status-publish","hentry","post-no-thumbnail"],"_links":{"self":[{"href":"https:\/\/universitetipolis.edu.al\/index.php?rest_route=\/wp\/v2\/pages\/22925","targetHints":{"allow":["GET"]}}],"collection":[{"href":"https:\/\/universitetipolis.edu.al\/index.php?rest_route=\/wp\/v2\/pages"}],"about":[{"href":"https:\/\/universitetipolis.edu.al\/index.php?rest_route=\/wp\/v2\/types\/page"}],"author":[{"embeddable":true,"href":"https:\/\/universitetipolis.edu.al\/index.php?rest_route=\/wp\/v2\/users\/3"}],"replies":[{"embeddable":true,"href":"https:\/\/universitetipolis.edu.al\/index.php?rest_route=%2Fwp%2Fv2%2Fcomments&post=22925"}],"version-history":[{"count":23,"href":"https:\/\/universitetipolis.edu.al\/index.php?rest_route=\/wp\/v2\/pages\/22925\/revisions"}],"predecessor-version":[{"id":26919,"href":"https:\/\/universitetipolis.edu.al\/index.php?rest_route=\/wp\/v2\/pages\/22925\/revisions\/26919"}],"wp:attachment":[{"href":"https:\/\/universitetipolis.edu.al\/index.php?rest_route=%2Fwp%2Fv2%2Fmedia&parent=22925"}],"curies":[{"name":"wp","href":"https:\/\/api.w.org\/{rel}","templated":true}]}}