{"id":22921,"date":"2024-01-15T10:30:48","date_gmt":"2024-01-15T09:30:48","guid":{"rendered":"https:\/\/universitetipolis.edu.al\/?page_id=22921"},"modified":"2026-01-26T11:36:32","modified_gmt":"2026-01-26T10:36:32","slug":"raportet","status":"publish","type":"page","link":"https:\/\/universitetipolis.edu.al\/?page_id=22921","title":{"rendered":"Raportet"},"content":{"rendered":"\t\t<div data-elementor-type=\"wp-page\" data-elementor-id=\"22921\" class=\"elementor elementor-22921\" data-elementor-post-type=\"page\">\n\t\t\t\t\t\t<section class=\"elementor-section elementor-top-section elementor-element elementor-element-0caaab5 elementor-section-boxed elementor-section-gap-beside-yes elementor-section-height-default elementor-section-height-default elementor-section-column-vertical-align-stretch\" data-id=\"0caaab5\" data-element_type=\"section\" data-e-type=\"section\">\n\t\t\t\t\t\t<div class=\"elementor-container elementor-column-gap-extended\">\n\t\t\t\t\t<div class=\"elementor-column elementor-col-100 elementor-top-column elementor-element elementor-element-50afbf0\" data-id=\"50afbf0\" data-element_type=\"column\" data-e-type=\"column\">\n\t\t\t<div class=\"elementor-widget-wrap elementor-element-populated\">\n\t\t\t\t\t\t<div class=\"elementor-element elementor-element-0056337 elementor-widget elementor-widget-text-editor\" data-id=\"0056337\" data-element_type=\"widget\" data-e-type=\"widget\" data-widget_type=\"text-editor.default\">\n\t\t\t\t<div class=\"elementor-widget-container\">\n\t\t\t\t\t\t\t\t\t<p>Universiteti POLIS i kushton v\u00ebmendje t\u00eb ve\u00e7ant\u00eb transparenc\u00ebs dhe p\u00ebrmir\u00ebsimit t\u00eb vazhduesh\u00ebm t\u00eb cil\u00ebsis\u00eb. Raportet tona pasqyrojn\u00eb angazhimin p\u00ebr t\u00eb ofruar edukim dhe k\u00ebrkim shkencor me standarde t\u00eb larta, duke u p\u00ebrmir\u00ebsuar vazhdimisht. Disa nga raportet kryesore t\u00eb universitetit p\u00ebrfshijn\u00eb:<\/p>\t\t\t\t\t\t\t\t<\/div>\n\t\t\t\t<\/div>\n\t\t\t\t\t<\/div>\n\t\t<\/div>\n\t\t\t\t\t<\/div>\n\t\t<\/section>\n\t\t\t\t<section class=\"elementor-section elementor-top-section elementor-element elementor-element-9ac5f35 elementor-section-boxed elementor-section-gap-beside-yes elementor-section-height-default elementor-section-height-default elementor-section-column-vertical-align-stretch\" data-id=\"9ac5f35\" data-element_type=\"section\" data-e-type=\"section\">\n\t\t\t\t\t\t<div class=\"elementor-container elementor-column-gap-extended\">\n\t\t\t\t\t<div class=\"elementor-column elementor-col-100 elementor-top-column elementor-element elementor-element-1fda525\" data-id=\"1fda525\" data-element_type=\"column\" data-e-type=\"column\">\n\t\t\t<div class=\"elementor-widget-wrap elementor-element-populated\">\n\t\t\t\t\t\t<div class=\"elementor-element elementor-element-f6286d4 elementor-widget elementor-widget-spacer\" data-id=\"f6286d4\" data-element_type=\"widget\" data-e-type=\"widget\" data-widget_type=\"spacer.default\">\n\t\t\t\t<div class=\"elementor-widget-container\">\n\t\t\t\t\t\t\t<div class=\"elementor-spacer\">\n\t\t\t<div class=\"elementor-spacer-inner\"><\/div>\n\t\t<\/div>\n\t\t\t\t\t\t<\/div>\n\t\t\t\t<\/div>\n\t\t\t\t\t<\/div>\n\t\t<\/div>\n\t\t\t\t\t<\/div>\n\t\t<\/section>\n\t\t\t\t<section class=\"elementor-section elementor-top-section elementor-element elementor-element-ccdba4f elementor-section-boxed elementor-section-gap-beside-yes elementor-section-height-default elementor-section-height-default elementor-section-column-vertical-align-stretch\" data-id=\"ccdba4f\" data-element_type=\"section\" data-e-type=\"section\">\n\t\t\t\t\t\t<div class=\"elementor-container elementor-column-gap-extended\">\n\t\t\t\t\t<div class=\"elementor-column elementor-col-100 elementor-top-column elementor-element elementor-element-a597aba\" data-id=\"a597aba\" data-element_type=\"column\" data-e-type=\"column\">\n\t\t\t<div class=\"elementor-widget-wrap elementor-element-populated\">\n\t\t\t\t\t\t<div class=\"elementor-element elementor-element-0598db1 elementor-widget elementor-widget-toggle\" data-id=\"0598db1\" data-element_type=\"widget\" data-e-type=\"widget\" data-widget_type=\"toggle.default\">\n\t\t\t\t<div class=\"elementor-widget-container\">\n\t\t\t\t\t\t\t<div class=\"elementor-toggle\">\n\t\t\t\t\t\t\t<div class=\"elementor-toggle-item\">\n\t\t\t\t\t<div id=\"elementor-tab-title-5861\" class=\"elementor-tab-title\" data-tab=\"1\" role=\"button\" aria-controls=\"elementor-tab-content-5861\" aria-expanded=\"false\">\n\t\t\t\t\t\t\t\t\t\t\t\t<span class=\"elementor-toggle-icon elementor-toggle-icon-left\" aria-hidden=\"true\">\n\t\t\t\t\t\t\t\t\t\t\t\t\t\t\t<span class=\"elementor-toggle-icon-closed\"><i class=\"fas fa-caret-right\"><\/i><\/span>\n\t\t\t\t\t\t\t\t<span class=\"elementor-toggle-icon-opened\"><i class=\"elementor-toggle-icon-opened fas fa-caret-up\"><\/i><\/span>\n\t\t\t\t\t\t\t\t\t\t\t\t\t<\/span>\n\t\t\t\t\t\t\t\t\t\t\t\t<a class=\"elementor-toggle-title\" tabindex=\"0\">Raportet e Vler\u00ebsimit t\u00eb Brendsh\u00ebm p\u00ebr Akreditim<\/a>\n\t\t\t\t\t<\/div>\n\n\t\t\t\t\t<div id=\"elementor-tab-content-5861\" class=\"elementor-tab-content elementor-clearfix\" data-tab=\"1\" role=\"region\" aria-labelledby=\"elementor-tab-title-5861\"><p>Analiza t\u00eb brendshme q\u00eb identifikojn\u00eb mund\u00ebsi p\u00ebr zhvillim dhe sugjerojn\u00eb masa konkrete p\u00ebr p\u00ebrmir\u00ebsim.<\/p><h6><strong>PROGRAMET ME DIPLOME PROFESIONALE<\/strong><\/h6><ol><li>Diplom\u00eb Profesionale\u201d n\u00eb \u201cEfi\u00e7enc\u00eb Energjitike\u201d<\/li><li>Diplom\u00eb Profesionale n\u00eb \u201cMir\u00ebmbajtje e Rrjete Kompjuterike\u201d<\/li><\/ol><h6><strong>PROGRAMET BACHELOR<\/strong><\/h6><ol><li>Bachelor n\u00eb &#8220;Shkenca Kompjuterike&#8221;<\/li><li>Bachelor n\u00eb &#8220;Administrim Biznesi&#8221;<\/li><li>Bachelor n\u00eb &#8220;Art dhe Dizajn&#8221;<\/li><li>Bachelor n\u00eb &#8220;Inxhinieri Nd\u00ebrtimi&#8221;<\/li><li>Bachelor n\u00eb &#8220;Inxhinieri Software dhe Inteligjenc\u00eb Artificiale&#8221; (anglisht)<\/li><\/ol><h6><strong>PROGRAMET E INTEGRUARA<\/strong><\/h6><ol><li>Programi i integruar Master i Shkencave n\u00eb \u201cPlanifikim dhe Menaxhim Urban\u201d<\/li><li>Programi i integruar Master i Shkencave n\u00eb \u201cArkitektur\u00eb dhe Dizajn Urban\u201d<\/li><\/ol><h6><strong>PROGRAMET MASTER I SHKENCAVE<\/strong><\/h6><ol><li><p>Master i Shkencave n\u00eb &#8220;Inxhinieri Nd\u00ebrtimi&#8221; me profile:<\/p><p>&#8220;Struktur\u00eb&#8221;<\/p><p>&#8220;Gjeoteknik\u00eb&#8221;<\/p><\/li><li>Master i Shkencave n\u00eb &#8220;Dizajn t\u00eb Aplikuar&#8221;<\/li><li>Master i Shkencave n\u00eb &#8220;Administrim Biznesi&#8221;<\/li><li>Master i Shkencave n\u00eb &#8220;Menaxhim Mjedisor Urban&#8221;<\/li><li>Master i Shkencave n\u00eb &#8220;Shkenca Kompjuterike&#8221;<\/li><\/ol><h6><strong>PROGRAMET MASTER PROFESIONAL<\/strong><\/h6><ol><li>Master Profesional n\u00eb &#8220;Arkitektur\u00eb Dixhitale&#8221;<\/li><li>Master Profesional n\u00eb &#8220;Planifikim Territori dhe GIS&#8221;<\/li><\/ol><h6><strong>PROGRAMET MASTER EKZEKUTIV<\/strong><\/h6><ol><li>Master Ekzekutiv n\u00eb &#8220;Restaurim, Konservim dhe Valorizim t\u00eb Trash\u00ebgimis\u00eb Kulturore&#8221;<\/li><\/ol><h6><strong>DOKTORATURA<\/strong><\/h6><ol><li>Doktoratur\u00eb n\u00eb &#8220;Arkitektur\u00eb dhe Planifikim Urban&#8221;<\/li><\/ol><\/div>\n\t\t\t\t<\/div>\n\t\t\t\t\t\t\t<div class=\"elementor-toggle-item\">\n\t\t\t\t\t<div id=\"elementor-tab-title-5862\" class=\"elementor-tab-title\" data-tab=\"2\" role=\"button\" aria-controls=\"elementor-tab-content-5862\" aria-expanded=\"false\">\n\t\t\t\t\t\t\t\t\t\t\t\t<span class=\"elementor-toggle-icon elementor-toggle-icon-left\" aria-hidden=\"true\">\n\t\t\t\t\t\t\t\t\t\t\t\t\t\t\t<span class=\"elementor-toggle-icon-closed\"><i class=\"fas fa-caret-right\"><\/i><\/span>\n\t\t\t\t\t\t\t\t<span class=\"elementor-toggle-icon-opened\"><i class=\"elementor-toggle-icon-opened fas fa-caret-up\"><\/i><\/span>\n\t\t\t\t\t\t\t\t\t\t\t\t\t<\/span>\n\t\t\t\t\t\t\t\t\t\t\t\t<a class=\"elementor-toggle-title\" tabindex=\"0\">Raportet e Vler\u00ebsimit t\u00eb Jasht\u00ebm p\u00ebr Akreditim<\/a>\n\t\t\t\t\t<\/div>\n\n\t\t\t\t\t<div id=\"elementor-tab-content-5862\" class=\"elementor-tab-content elementor-clearfix\" data-tab=\"2\" role=\"region\" aria-labelledby=\"elementor-tab-title-5862\"><p>Vler\u00ebsime t\u00eb pavarura nga ekspert\u00eb t\u00eb jasht\u00ebm q\u00eb konfirmojn\u00eb standardet tona dhe udh\u00ebheqin zhvillimin e m\u00ebtejsh\u00ebm.<\/p><p><strong>PROGRAMET ME DIPLOME PROFESIONALE<\/strong><\/p><ol><li><a href=\"https:\/\/www.ascal.al\/media\/documents\/rvj\/PS_2642_1110.pdf\" target=\"_blank\" rel=\"noopener\">Diplom\u00eb Profesionale\u201d n\u00eb \u201cEfi\u00e7enc\u00eb Energjitike\u201d<\/a><\/li><li><a href=\"https:\/\/www.ascal.al\/media\/documents\/rvj\/PS_3345_1001.pdf\" target=\"_blank\" rel=\"noopener\">Diplom\u00eb Profesionale n\u00eb \u201cMir\u00ebmbajtje e Rrjete Kompjuterike\u201d<\/a><\/li><\/ol><p><strong>PROGRAMET BACHELOR<\/strong><\/p><ol><li><a href=\"https:\/\/www.ascal.al\/media\/documents\/rvj\/PS_3346_1096.pdf\" target=\"_blank\" rel=\"noopener\">Bachelor n\u00eb &#8220;Shkenca Kompjuterike&#8221;<\/a><\/li><li>Bachelor n\u00eb &#8220;Administrim Biznesi&#8221;<\/li><li><a href=\"https:\/\/www.ascal.al\/media\/documents\/rvj\/PS_1281_1646.pdf\" target=\"_blank\" rel=\"noopener\">Bachelor n\u00eb &#8220;Art dhe Dizajn&#8221;<\/a><\/li><li><a href=\"https:\/\/www.ascal.al\/media\/documents\/rvj\/PS_2643_1283.pdf\" target=\"_blank\" rel=\"noopener\">Bachelor n\u00eb &#8220;Inxhinieri Nd\u00ebrtimi&#8221;<\/a><\/li><li>Bachelor n\u00eb &#8220;Inxhinieri Software dhe Inteligjenc\u00eb Artificiale&#8221; (anglisht)<\/li><\/ol><p><strong>PROGRAMET E INTEGRUARA<\/strong><\/p><ol><li><a href=\"https:\/\/www.ascal.al\/media\/documents\/rvj\/PS_1294_1156.pdf\" target=\"_blank\" rel=\"noopener\">Programi i integruar Master i Shkencave n\u00eb \u201cPlanifikim dhe Menaxhim Urban\u201d<\/a><\/li><li><a href=\"https:\/\/www.ascal.al\/media\/documents\/rvj\/PS_1283_1157.pdf\" target=\"_blank\" rel=\"noopener\">Programi i integruar Master i Shkencave n\u00eb \u201cArkitektur\u00eb dhe Dizajn Urban\u201d<\/a><\/li><\/ol><p><strong>PROGRAMET MASTER I SHKENCAVE<\/strong><\/p><ol><li><a href=\"https:\/\/www.ascal.al\/media\/documents\/rvj\/PS_2716_1437.pdf\" target=\"_blank\" rel=\"noopener\">Master i Shkencave n\u00eb &#8220;Inxhinieri Nd\u00ebrtimi&#8221;<\/a>\u00a0me profile:<p>&#8220;Struktur\u00eb&#8221;<\/p><p>&#8220;Gjeoteknik\u00eb&#8221;<\/p><\/li><li><a href=\"https:\/\/www.ascal.al\/media\/documents\/rvj\/PS_1295_698.pdf\" target=\"_blank\" rel=\"noopener\">Master i Shkencave n\u00eb &#8220;Dizajn t\u00eb Aplikuar&#8221;<\/a><\/li><li><a href=\"https:\/\/www.ascal.al\/media\/documents\/rvj\/PS_3587_1158.pdf\" target=\"_blank\" rel=\"noopener\">Master i Shkencave n\u00eb &#8220;Administrim Biznesi&#8221;<\/a><\/li><li><a href=\"https:\/\/www.ascal.al\/media\/documents\/rvj\/PS_1298_701.pdf\" target=\"_blank\" rel=\"noopener\">Master i Shkencave n\u00eb &#8220;Menaxhim Mjedisor Urban&#8221;<\/a><\/li><li><a href=\"https:\/\/www.ascal.al\/media\/documents\/rvj\/PS_3573_1451.pdf\" target=\"_blank\" rel=\"noopener\">Master i Shkencave n\u00eb &#8220;Shkenca Kompjuterike&#8221;<\/a><\/li><\/ol><p><strong>PROGRAMET MASTER PROFESIONAL<\/strong><\/p><ol><li><a href=\"https:\/\/www.ascal.al\/media\/documents\/rvj\/PS_3589_1146.pdf\" target=\"_blank\" rel=\"noopener\">Master Profesional n\u00eb &#8220;Arkitektur\u00eb Dixhitale&#8221;<\/a><\/li><li><a href=\"https:\/\/www.ascal.al\/media\/documents\/rvj\/PS_3588_1147.pdf\" target=\"_blank\" rel=\"noopener\">Master Profesional n\u00eb &#8220;Planifikim Territori dhe GIS&#8221;<\/a><\/li><\/ol><p><strong>PROGRAMET MASTER EKZEKUTIV<\/strong><\/p><ol><li><a href=\"https:\/\/www.ascal.al\/media\/documents\/rvj\/PS_3585_1522.pdf\" target=\"_blank\" rel=\"noopener\">Master Ekzekutiv n\u00eb &#8220;Restaurim, Konservim dhe Valorizim t\u00eb Trash\u00ebgimis\u00eb Kulturore&#8221;<\/a><\/li><\/ol><p><strong>DOKTORATURA<\/strong><\/p><ol><li style=\"list-style-type: none;\"><ol><li><a href=\"https:\/\/www.ascal.al\/media\/documents\/rvj\/PS_1227_1097.pdf\" target=\"_blank\" rel=\"noopener\">Doktoratur\u00eb n\u00eb &#8220;Arkitektur\u00eb dhe Planifikim Urban&#8221;<\/a><\/li><\/ol><\/li><\/ol><\/div>\n\t\t\t\t<\/div>\n\t\t\t\t\t\t\t<div class=\"elementor-toggle-item\">\n\t\t\t\t\t<div id=\"elementor-tab-title-5863\" class=\"elementor-tab-title\" data-tab=\"3\" role=\"button\" aria-controls=\"elementor-tab-content-5863\" aria-expanded=\"false\">\n\t\t\t\t\t\t\t\t\t\t\t\t<span class=\"elementor-toggle-icon elementor-toggle-icon-left\" aria-hidden=\"true\">\n\t\t\t\t\t\t\t\t\t\t\t\t\t\t\t<span class=\"elementor-toggle-icon-closed\"><i class=\"fas fa-caret-right\"><\/i><\/span>\n\t\t\t\t\t\t\t\t<span class=\"elementor-toggle-icon-opened\"><i class=\"elementor-toggle-icon-opened fas fa-caret-up\"><\/i><\/span>\n\t\t\t\t\t\t\t\t\t\t\t\t\t<\/span>\n\t\t\t\t\t\t\t\t\t\t\t\t<a class=\"elementor-toggle-title\" tabindex=\"0\">Raportet Vjetore p\u00ebr Ministrin\u00eb e Arsimit dhe Sportit (MAS)<\/a>\n\t\t\t\t\t<\/div>\n\n\t\t\t\t\t<div id=\"elementor-tab-content-5863\" class=\"elementor-tab-content elementor-clearfix\" data-tab=\"3\" role=\"region\" aria-labelledby=\"elementor-tab-title-5863\"><p>Raporte gjith\u00ebp\u00ebrfshir\u00ebse q\u00eb evidentojn\u00eb arritjet, progresin dhe ndikimin institucional gjat\u00eb vitit akademik.<\/p><p><a href=\"https:\/\/universitetipolis.edu.al\/wp-content\/uploads\/2025\/03\/Universiteti-POLIS_Raporti-Vjetor-Institucional-2023-2024.pdf\" target=\"_blank\" rel=\"noopener\">2023-2024<\/a><\/p><p><a href=\"https:\/\/universitetipolis.edu.al\/wp-content\/uploads\/2024\/01\/Raporti-Vjetor-Institucional-2022-2023.pdf\" target=\"_blank\" rel=\"noopener\">2022-2023<\/a><\/p><p><a href=\"https:\/\/universitetipolis.edu.al\/wp-content\/uploads\/2023\/03\/8_Raporti-Vjetor-Institucional_2021-2022_POLIS.pdf\" target=\"_blank\" rel=\"noopener\">2021-2022<\/a><\/p><\/div>\n\t\t\t\t<\/div>\n\t\t\t\t\t\t\t<div class=\"elementor-toggle-item\">\n\t\t\t\t\t<div id=\"elementor-tab-title-5864\" class=\"elementor-tab-title\" data-tab=\"4\" role=\"button\" aria-controls=\"elementor-tab-content-5864\" aria-expanded=\"false\">\n\t\t\t\t\t\t\t\t\t\t\t\t<span class=\"elementor-toggle-icon elementor-toggle-icon-left\" aria-hidden=\"true\">\n\t\t\t\t\t\t\t\t\t\t\t\t\t\t\t<span class=\"elementor-toggle-icon-closed\"><i class=\"fas fa-caret-right\"><\/i><\/span>\n\t\t\t\t\t\t\t\t<span class=\"elementor-toggle-icon-opened\"><i class=\"elementor-toggle-icon-opened fas fa-caret-up\"><\/i><\/span>\n\t\t\t\t\t\t\t\t\t\t\t\t\t<\/span>\n\t\t\t\t\t\t\t\t\t\t\t\t<a class=\"elementor-toggle-title\" tabindex=\"0\">Raportet Vjetore t\u00eb NJBSC<\/a>\n\t\t\t\t\t<\/div>\n\n\t\t\t\t\t<div id=\"elementor-tab-content-5864\" class=\"elementor-tab-content elementor-clearfix\" data-tab=\"4\" role=\"region\" aria-labelledby=\"elementor-tab-title-5864\"><p>Dokumentim transparent nga Nj\u00ebsia e Brendshme e Sigurimit t\u00eb Cil\u00ebsis\u00eb (IQAU), q\u00eb pasqyron iniciativat, p\u00ebrmir\u00ebsimet dhe rezultatet e cil\u00ebsis\u00eb.<\/p><p><a href=\"https:\/\/universitetipolis.edu.al\/wp-content\/uploads\/2025\/03\/NJBSC-Raport-Vjetor_2023-2024.pdf\" target=\"_blank\" rel=\"noopener\">2023-2024<\/a><\/p><p><a href=\"https:\/\/universitetipolis.edu.al\/wp-content\/uploads\/2024\/01\/NJBSC-Raport-Vjetor_2022-2023.pdf\" target=\"_blank\" rel=\"noopener\">2022-2023<\/a><\/p><p><a href=\"https:\/\/universitetipolis.edu.al\/wp-content\/uploads\/2023\/04\/4.NJBSC_Raport_Vjetor_2021-22_al.docx.pdf\" target=\"_blank\" rel=\"noopener\">2021-2022<\/a><\/p><\/div>\n\t\t\t\t<\/div>\n\t\t\t\t\t\t\t\t<\/div>\n\t\t\t\t\t\t<\/div>\n\t\t\t\t<\/div>\n\t\t\t\t\t<\/div>\n\t\t<\/div>\n\t\t\t\t\t<\/div>\n\t\t<\/section>\n\t\t\t\t<section class=\"elementor-section elementor-top-section elementor-element elementor-element-12e3187 elementor-section-boxed elementor-section-gap-beside-yes elementor-section-height-default elementor-section-height-default elementor-section-column-vertical-align-stretch\" data-id=\"12e3187\" data-element_type=\"section\" data-e-type=\"section\">\n\t\t\t\t\t\t<div class=\"elementor-container elementor-column-gap-extended\">\n\t\t\t\t\t<div class=\"elementor-column elementor-col-100 elementor-top-column elementor-element elementor-element-fdaac31\" data-id=\"fdaac31\" data-element_type=\"column\" data-e-type=\"column\">\n\t\t\t<div class=\"elementor-widget-wrap elementor-element-populated\">\n\t\t\t\t\t\t<div class=\"elementor-element elementor-element-a463507 elementor-widget elementor-widget-spacer\" data-id=\"a463507\" data-element_type=\"widget\" data-e-type=\"widget\" data-widget_type=\"spacer.default\">\n\t\t\t\t<div class=\"elementor-widget-container\">\n\t\t\t\t\t\t\t<div class=\"elementor-spacer\">\n\t\t\t<div class=\"elementor-spacer-inner\"><\/div>\n\t\t<\/div>\n\t\t\t\t\t\t<\/div>\n\t\t\t\t<\/div>\n\t\t\t\t\t<\/div>\n\t\t<\/div>\n\t\t\t\t\t<\/div>\n\t\t<\/section>\n\t\t\t\t<section class=\"elementor-section elementor-top-section elementor-element elementor-element-8d43ff6 elementor-section-boxed elementor-section-gap-beside-yes elementor-section-height-default elementor-section-height-default elementor-section-column-vertical-align-stretch\" data-id=\"8d43ff6\" data-element_type=\"section\" data-e-type=\"section\">\n\t\t\t\t\t\t<div class=\"elementor-container elementor-column-gap-extended\">\n\t\t\t\t\t<div class=\"elementor-column elementor-col-100 elementor-top-column elementor-element elementor-element-12e11c6\" data-id=\"12e11c6\" data-element_type=\"column\" data-e-type=\"column\">\n\t\t\t<div class=\"elementor-widget-wrap elementor-element-populated\">\n\t\t\t\t\t\t<div class=\"elementor-element elementor-element-105a9ac elementor-widget elementor-widget-text-editor\" data-id=\"105a9ac\" data-element_type=\"widget\" data-e-type=\"widget\" data-widget_type=\"text-editor.default\">\n\t\t\t\t<div class=\"elementor-widget-container\">\n\t\t\t\t\t\t\t\t\t<p>Me k\u00ebto raporte, Universiteti POLIS d\u00ebshmon p\u00ebrkushtimin e tij ndaj cil\u00ebsis\u00eb, llogaridh\u00ebnies dhe avancimit t\u00eb vazhduesh\u00ebm, duke siguruar nj\u00eb mjedis akademik t\u00eb nivelit nd\u00ebrkomb\u00ebtar p\u00ebr student\u00ebt dhe partner\u00ebt tan\u00eb.<\/p>\t\t\t\t\t\t\t\t<\/div>\n\t\t\t\t<\/div>\n\t\t\t\t\t<\/div>\n\t\t<\/div>\n\t\t\t\t\t<\/div>\n\t\t<\/section>\n\t\t\t\t<section class=\"elementor-section elementor-top-section elementor-element elementor-element-f073a8c elementor-section-boxed elementor-section-gap-beside-yes elementor-section-height-default elementor-section-height-default elementor-section-column-vertical-align-stretch\" data-id=\"f073a8c\" data-element_type=\"section\" data-e-type=\"section\">\n\t\t\t\t\t\t<div class=\"elementor-container elementor-column-gap-extended\">\n\t\t\t\t\t<div class=\"elementor-column elementor-col-100 elementor-top-column elementor-element elementor-element-2c099f2\" data-id=\"2c099f2\" data-element_type=\"column\" data-e-type=\"column\">\n\t\t\t<div class=\"elementor-widget-wrap elementor-element-populated\">\n\t\t\t\t\t\t<div class=\"elementor-element elementor-element-212bbe3 elementor-widget elementor-widget-spacer\" data-id=\"212bbe3\" data-element_type=\"widget\" data-e-type=\"widget\" data-widget_type=\"spacer.default\">\n\t\t\t\t<div class=\"elementor-widget-container\">\n\t\t\t\t\t\t\t<div class=\"elementor-spacer\">\n\t\t\t<div class=\"elementor-spacer-inner\"><\/div>\n\t\t<\/div>\n\t\t\t\t\t\t<\/div>\n\t\t\t\t<\/div>\n\t\t\t\t\t<\/div>\n\t\t<\/div>\n\t\t\t\t\t<\/div>\n\t\t<\/section>\n\t\t\t\t<\/div>\n\t\t","protected":false},"excerpt":{"rendered":"<p>Universiteti POLIS i kushton v\u00ebmendje t\u00eb ve\u00e7ant\u00eb transparenc\u00ebs dhe p\u00ebrmir\u00ebsimit t\u00eb vazhduesh\u00ebm t\u00eb cil\u00ebsis\u00eb. Raportet tona pasqyrojn\u00eb angazhimin p\u00ebr t\u00eb ofruar edukim dhe k\u00ebrkim shkencor me standarde t\u00eb larta, duke u p\u00ebrmir\u00ebsuar vazhdimisht. Disa nga raportet kryesore t\u00eb universitetit p\u00ebrfshijn\u00eb: Raportet e Vler\u00ebsimit t\u00eb Brendsh\u00ebm p\u00ebr Akreditim Analiza t\u00eb brendshme q\u00eb identifikojn\u00eb mund\u00ebsi p\u00ebr zhvillim dhe sugjerojn\u00eb masa konkrete p\u00ebr p\u00ebrmir\u00ebsim. PROGRAMET ME DIPLOME PROFESIONALE Diplom\u00eb Profesionale\u201d n\u00eb \u201cEfi\u00e7enc\u00eb Energjitike\u201d Diplom\u00eb Profesionale n\u00eb \u201cMir\u00ebmbajtje e Rrjete Kompjuterike\u201d PROGRAMET BACHELOR Bachelor n\u00eb &#8220;Shkenca Kompjuterike&#8221; Bachelor n\u00eb &#8220;Administrim Biznesi&#8221; Bachelor n\u00eb &#8220;Art dhe Dizajn&#8221; Bachelor n\u00eb &#8220;Inxhinieri Nd\u00ebrtimi&#8221; Bachelor n\u00eb &#8220;Inxhinieri Software dhe Inteligjenc\u00eb Artificiale&#8221; (anglisht) PROGRAMET E INTEGRUARA Programi i integruar Master i Shkencave n\u00eb \u201cPlanifikim dhe Menaxhim Urban\u201d Programi i integruar Master i Shkencave n\u00eb \u201cArkitektur\u00eb dhe Dizajn Urban\u201d PROGRAMET MASTER I SHKENCAVE Master i Shkencave n\u00eb &#8220;Inxhinieri Nd\u00ebrtimi&#8221; me profile: &#8220;Struktur\u00eb&#8221; &#8220;Gjeoteknik\u00eb&#8221; Master i Shkencave n\u00eb &#8220;Dizajn t\u00eb Aplikuar&#8221; Master i Shkencave n\u00eb &#8220;Administrim Biznesi&#8221; Master i Shkencave n\u00eb &#8220;Menaxhim Mjedisor Urban&#8221; Master i Shkencave n\u00eb &#8220;Shkenca Kompjuterike&#8221; PROGRAMET MASTER PROFESIONAL Master Profesional n\u00eb &#8220;Arkitektur\u00eb Dixhitale&#8221; Master Profesional n\u00eb &#8220;Planifikim Territori dhe GIS&#8221; PROGRAMET MASTER EKZEKUTIV Master Ekzekutiv n\u00eb &#8220;Restaurim, Konservim dhe Valorizim t\u00eb Trash\u00ebgimis\u00eb Kulturore&#8221; DOKTORATURA Doktoratur\u00eb n\u00eb &#8220;Arkitektur\u00eb dhe Planifikim Urban&#8221; Raportet e Vler\u00ebsimit t\u00eb Jasht\u00ebm p\u00ebr Akreditim Vler\u00ebsime t\u00eb pavarura nga ekspert\u00eb t\u00eb jasht\u00ebm q\u00eb konfirmojn\u00eb standardet tona dhe udh\u00ebheqin zhvillimin e m\u00ebtejsh\u00ebm. PROGRAMET ME DIPLOME PROFESIONALE Diplom\u00eb Profesionale\u201d n\u00eb \u201cEfi\u00e7enc\u00eb Energjitike\u201d Diplom\u00eb Profesionale n\u00eb \u201cMir\u00ebmbajtje e Rrjete Kompjuterike\u201d PROGRAMET BACHELOR Bachelor n\u00eb &#8220;Shkenca Kompjuterike&#8221; Bachelor n\u00eb &#8220;Administrim Biznesi&#8221; Bachelor n\u00eb &#8220;Art dhe Dizajn&#8221; Bachelor n\u00eb &#8220;Inxhinieri Nd\u00ebrtimi&#8221; Bachelor n\u00eb &#8220;Inxhinieri Software dhe Inteligjenc\u00eb Artificiale&#8221; (anglisht) PROGRAMET E INTEGRUARA Programi i integruar Master i Shkencave n\u00eb \u201cPlanifikim dhe Menaxhim Urban\u201d Programi i integruar Master i Shkencave n\u00eb \u201cArkitektur\u00eb dhe Dizajn Urban\u201d PROGRAMET MASTER I SHKENCAVE Master i Shkencave n\u00eb &#8220;Inxhinieri Nd\u00ebrtimi&#8221;\u00a0me profile: &#8220;Struktur\u00eb&#8221; &#8220;Gjeoteknik\u00eb&#8221; Master i Shkencave n\u00eb &#8220;Dizajn t\u00eb Aplikuar&#8221; Master i Shkencave n\u00eb &#8220;Administrim Biznesi&#8221; Master i Shkencave n\u00eb &#8220;Menaxhim Mjedisor Urban&#8221; Master i Shkencave n\u00eb &#8220;Shkenca Kompjuterike&#8221; PROGRAMET MASTER PROFESIONAL Master Profesional n\u00eb &#8220;Arkitektur\u00eb Dixhitale&#8221; Master Profesional n\u00eb &#8220;Planifikim Territori dhe GIS&#8221; PROGRAMET MASTER EKZEKUTIV Master Ekzekutiv n\u00eb &#8220;Restaurim, Konservim dhe Valorizim t\u00eb Trash\u00ebgimis\u00eb Kulturore&#8221; DOKTORATURA Doktoratur\u00eb n\u00eb &#8220;Arkitektur\u00eb dhe Planifikim Urban&#8221; Raportet Vjetore p\u00ebr Ministrin\u00eb e Arsimit dhe Sportit (MAS) Raporte gjith\u00ebp\u00ebrfshir\u00ebse q\u00eb evidentojn\u00eb arritjet, progresin dhe ndikimin institucional gjat\u00eb vitit akademik. 2023-2024 2022-2023 2021-2022 Raportet Vjetore t\u00eb NJBSC Dokumentim transparent nga Nj\u00ebsia e Brendshme e Sigurimit t\u00eb Cil\u00ebsis\u00eb (IQAU), q\u00eb pasqyron iniciativat, p\u00ebrmir\u00ebsimet dhe rezultatet e cil\u00ebsis\u00eb. 2023-2024 2022-2023 2021-2022 Me k\u00ebto raporte, Universiteti POLIS d\u00ebshmon p\u00ebrkushtimin e tij ndaj cil\u00ebsis\u00eb, llogaridh\u00ebnies dhe avancimit t\u00eb vazhduesh\u00ebm, duke siguruar nj\u00eb mjedis akademik t\u00eb nivelit nd\u00ebrkomb\u00ebtar p\u00ebr student\u00ebt dhe partner\u00ebt tan\u00eb.<\/p>\n","protected":false},"author":3,"featured_media":0,"parent":0,"menu_order":0,"comment_status":"closed","ping_status":"closed","template":"","meta":{"footnotes":""},"class_list":["post-22921","page","type-page","status-publish","hentry","post-no-thumbnail"],"_links":{"self":[{"href":"https:\/\/universitetipolis.edu.al\/index.php?rest_route=\/wp\/v2\/pages\/22921","targetHints":{"allow":["GET"]}}],"collection":[{"href":"https:\/\/universitetipolis.edu.al\/index.php?rest_route=\/wp\/v2\/pages"}],"about":[{"href":"https:\/\/universitetipolis.edu.al\/index.php?rest_route=\/wp\/v2\/types\/page"}],"author":[{"embeddable":true,"href":"https:\/\/universitetipolis.edu.al\/index.php?rest_route=\/wp\/v2\/users\/3"}],"replies":[{"embeddable":true,"href":"https:\/\/universitetipolis.edu.al\/index.php?rest_route=%2Fwp%2Fv2%2Fcomments&post=22921"}],"version-history":[{"count":61,"href":"https:\/\/universitetipolis.edu.al\/index.php?rest_route=\/wp\/v2\/pages\/22921\/revisions"}],"predecessor-version":[{"id":30326,"href":"https:\/\/universitetipolis.edu.al\/index.php?rest_route=\/wp\/v2\/pages\/22921\/revisions\/30326"}],"wp:attachment":[{"href":"https:\/\/universitetipolis.edu.al\/index.php?rest_route=%2Fwp%2Fv2%2Fmedia&parent=22921"}],"curies":[{"name":"wp","href":"https:\/\/api.w.org\/{rel}","templated":true}]}}