{"id":22916,"date":"2024-01-15T10:30:48","date_gmt":"2024-01-15T09:30:48","guid":{"rendered":"https:\/\/universitetipolis.edu.al\/?page_id=22916"},"modified":"2025-02-05T15:25:52","modified_gmt":"2025-02-05T14:25:52","slug":"njesia-e-brendshme-e-sigurimit-te-cilesise","status":"publish","type":"page","link":"https:\/\/universitetipolis.edu.al\/?page_id=22916","title":{"rendered":"Nj\u00ebsia e Brendshme e Sigurimit t\u00eb Cil\u00ebsis\u00eb"},"content":{"rendered":"\t\t<div data-elementor-type=\"wp-page\" data-elementor-id=\"22916\" class=\"elementor elementor-22916\" data-elementor-post-type=\"page\">\n\t\t\t\t\t\t<section class=\"elementor-section elementor-top-section elementor-element elementor-element-fa60dd3 elementor-section-boxed elementor-section-gap-beside-yes elementor-section-height-default elementor-section-height-default elementor-section-column-vertical-align-stretch\" data-id=\"fa60dd3\" data-element_type=\"section\" data-e-type=\"section\">\n\t\t\t\t\t\t<div class=\"elementor-container elementor-column-gap-extended\">\n\t\t\t\t\t<div class=\"elementor-column elementor-col-100 elementor-top-column elementor-element elementor-element-91e9f82\" data-id=\"91e9f82\" data-element_type=\"column\" data-e-type=\"column\">\n\t\t\t<div class=\"elementor-widget-wrap elementor-element-populated\">\n\t\t\t\t\t\t<div class=\"elementor-element elementor-element-c68b98b elementor-widget elementor-widget-heading\" data-id=\"c68b98b\" data-element_type=\"widget\" data-e-type=\"widget\" data-widget_type=\"heading.default\">\n\t\t\t\t<div class=\"elementor-widget-container\">\n\t\t\t\t\t<h4 class=\"elementor-heading-title elementor-size-default\">Sigurimi i Cil\u00ebsis\u00eb<\/h4>\t\t\t\t<\/div>\n\t\t\t\t<\/div>\n\t\t\t\t<div class=\"elementor-element elementor-element-f6ba43a elementor-widget elementor-widget-text-editor\" data-id=\"f6ba43a\" data-element_type=\"widget\" data-e-type=\"widget\" data-widget_type=\"text-editor.default\">\n\t\t\t\t<div class=\"elementor-widget-container\">\n\t\t\t\t\t\t\t\t\t<p>Sigurimi i Cil\u00ebsis\u00eb n\u00eb Universitetin POLIS ka t\u00eb b\u00ebj\u00eb me t\u00ebr\u00ebsin\u00eb e strukturave, nj\u00ebsive, pro\u00e7eseve sistematike, pro\u00e7edurave, mekanizmave dhe mjeteve t\u00eb dedikuara p\u00ebr t\u00eb vler\u00ebsuar, monitoruar dhe rishikuar performanc\u00ebn, identifikimin e rezultateve cil\u00ebsore dhe rekomandimet p\u00ebr p\u00ebrmir\u00ebsimin e nj\u00ebsive dhe programeve akademike. Q\u00ebllimi kryesor i sigurimit t\u00eb cil\u00ebsis\u00eb akademike \u00ebsht\u00eb t\u00eb siguroj\u00eb rishikim, analizim, p\u00ebrmir\u00ebsim t\u00eb vazhduesh\u00ebm n\u00eb t\u00eb gjitha programet akademike dhe nj\u00ebsit\u00eb institucionale, duke p\u00ebrfshir\u00eb edhe ato k\u00ebrkimore, p\u00ebrmes nj\u00eb pro\u00e7esi reflektimi t\u00eb brendsh\u00ebm, kritik dhe konstruktiv, i kryer nga personel i kualifikuar i brendsh\u00ebm por padyshim edhe nga vler\u00ebsues t\u00eb jasht\u00ebm.<br \/>Politika e Sigurimit t\u00eb Cil\u00ebsis\u00eb Akademike ka kat\u00ebr q\u00ebllime kryesore:<br \/>\u2022 Sigurimi i standardeve t\u00eb larta akademike dhe p\u00ebrmir\u00ebsimi i vazhduesh\u00ebm i nj\u00ebsive dhe programeve akademike t\u00eb Universitetit POLIS.<br \/>\u2022 T\u00eb vendos\u00eb parimet, objektivat, pro\u00e7edurat, strukturat kryesore dhe t\u00eb standardizoj\u00eb procesin e vler\u00ebsimit t\u00eb nj\u00ebsive dhe programeve akademike.<br \/>\u2022 Dokumentimi dhe komunikimi i rezultateve t\u00eb kryera gjat\u00eb pro\u00e7eseve t\u00eb sigurimit t\u00eb cil\u00ebsis\u00eb akademike.<br \/>\u2022 T\u00eb sigurohet q\u00eb t\u00eb gjitha nj\u00ebsit\u00eb dhe programet akademike n\u00eb Universitet i n\u00ebnshtrohen Politik\u00ebs s\u00eb Sigurimit t\u00eb Cil\u00ebsis\u00eb<\/p>\t\t\t\t\t\t\t\t<\/div>\n\t\t\t\t<\/div>\n\t\t\t\t<div class=\"elementor-element elementor-element-1a43e5f elementor-widget elementor-widget-heading\" data-id=\"1a43e5f\" data-element_type=\"widget\" data-e-type=\"widget\" data-widget_type=\"heading.default\">\n\t\t\t\t<div class=\"elementor-widget-container\">\n\t\t\t\t\t<h4 class=\"elementor-heading-title elementor-size-default\">Nj\u00ebsia e Brendshme e Sigurimit t\u00eb Cil\u00ebsis\u00eb\n<\/h4>\t\t\t\t<\/div>\n\t\t\t\t<\/div>\n\t\t\t\t<div class=\"elementor-element elementor-element-ae6f30a elementor-widget elementor-widget-text-editor\" data-id=\"ae6f30a\" data-element_type=\"widget\" data-e-type=\"widget\" data-widget_type=\"text-editor.default\">\n\t\t\t\t<div class=\"elementor-widget-container\">\n\t\t\t\t\t\t\t\t\t<p>Bazuar n\u00eb nenin 67 t\u00eb Statutit t\u00eb Universitetit POLIS, nj\u00ebsia kryesore p\u00ebrgjegj\u00ebse p\u00ebr pro\u00e7eset dhe pro\u00e7edurat e vler\u00ebsimit dhe sigurimit t\u00eb cil\u00ebsis\u00eb n\u00eb U_POLIS \u00ebsht\u00eb Nj\u00ebsia e Brendshme e Sigurimit t\u00eb Cil\u00ebsis\u00eb (NJBSC).<br \/>NJBSC \u00ebsht\u00eb p\u00ebrgjegj\u00ebse p\u00ebr pro\u00e7eset dhe pro\u00e7edurat e vler\u00ebsimit t\u00eb brendsh\u00ebm t\u00eb t\u00eb gjitha aktiviteteve akademike (m\u00ebsimdh\u00ebnie dhe m\u00ebsimnx\u00ebnie, programe studimi), k\u00ebrkimore, menaxheriale dhe administrative q\u00eb zhvillohen n\u00eb POLIS. Mekanizmat dhe instrumentet e aplikuara nga NJBSC-ja lejojn\u00eb nj\u00eb p\u00ebrfaq\u00ebsim dhe p\u00ebrfshirje t\u00eb plot\u00eb t\u00eb t\u00eb gjitha grupeve t\u00eb interest (stafi akademik, student\u00ebt, alumni, organet vendimmarr\u00ebse, administrata, p\u00ebrfaq\u00ebsues nga komuniteti i biznesit).<br \/>Nj\u00ebsia e Brendshme e Sigurimit t\u00eb Cil\u00ebsis\u00eb (NJBSC) funksionon n\u00eb p\u00ebrputhje me p\u00ebrcaktimet e ligjit p\u00ebr arsimin e lart\u00eb n\u00eb fuqi, aktet n\u00ebnligjore, udh\u00ebzimet p\u00ebrkat\u00ebse t\u00eb Agjencis\u00eb p\u00ebr Sigurimin e Cil\u00ebsis\u00eb s\u00eb Arsimit t\u00eb Lart\u00eb si dhe Statutin dhe Strategjin\u00eb e Universitetit POLIS.<br \/>Pro\u00e7edura dhe mekanizmi kryesor p\u00ebr vler\u00ebsimin e cil\u00ebsis\u00eb si n\u00eb nivel institucional ashtu edhe p\u00ebr programet e studimit t\u00eb ofruara nga U_POLIS \u00ebsht\u00eb rishikimi i cil\u00ebsis\u00eb (rishikimi institucional dhe\/ose i programit, ose kombinimi i t\u00eb dyjave).<br \/>Pro\u00e7esi i rishikimit kryhet n\u00eb p\u00ebrputhje me standardet e m\u00ebposhtme:<br \/>\u2022 Pro\u00e7esi duhet t\u00eb jet\u00eb i drejt\u00eb, i paansh\u00ebm, i hapur, transparent dhe i informuar.<br \/>\u2022 P\u00ebrfshirja e drejtuesve, fakultetit, departamentit, stafit dhe student\u00ebve \u00ebsht\u00eb vendimtare dhe kritike.<br \/>\u2022 Rishikimet institucionale dhe programore duhet t\u00eb p\u00ebrfshijn\u00eb koleg\u00eb\/ekspert\u00eb q\u00eb jan\u00eb t\u00eb jasht\u00ebm n\u00eb universitet dhe t\u00eb cil\u00ebt jan\u00eb p\u00ebrzgjedhur sipas kritereve specifike dhe t\u00eb informuara n\u00eb m\u00ebnyr\u00eb t\u00eb drejt\u00eb dhe transparente.<br \/>\u2022 Dokumentet e rishikimit duhet t\u00eb jen\u00eb koncize dhe leht\u00ebsisht t\u00eb kuptueshme, pa barr\u00eb t\u00eb tep\u00ebrt formale dhe burokratike p\u00ebr ata q\u00eb jan\u00eb t\u00eb p\u00ebrfshir\u00eb drejtp\u00ebrdrejt ose t\u00ebrthorazi n\u00eb proces.<br \/>\u2022 Nj\u00ebsit\u00eb, personeli p\u00ebrgjegj\u00ebs dhe aktor\u00ebt e tjer\u00eb t\u00eb p\u00ebrfshir\u00eb n\u00eb pro\u00e7eset e rishikimit jan\u00eb p\u00ebrgjegj\u00ebs p\u00ebr t\u00eb siguruar q\u00eb rishikimet e sigurimit t\u00eb cil\u00ebsis\u00eb akademike t\u00eb kryhen n\u00eb p\u00ebrputhje t\u00eb plot\u00eb me pro\u00e7edurat dhe rregulloret e brendshme t\u00eb miratuara brenda afateve t\u00eb p\u00ebrcaktura n\u00eb planin e pun\u00ebs.<br \/>\u2022 NJBSC \u00ebsht\u00eb p\u00ebrgjegj\u00ebse p\u00ebr t\u00eb siguruar q\u00eb t\u00eb gjitha rishikimet e programeve t\u00eb ndjekin pro\u00e7esin e sigurimit t\u00eb cil\u00ebsis\u00eb akademike n\u00eb p\u00ebrputhje me pro\u00e7edurat n\u00eb m\u00ebnyr\u00eb t\u00eb p\u00ebrshtatshme dhe t\u00eb q\u00ebndrueshme, si dhe k<br \/>\u2022 rahasimin e gjetjeve dhe rezultateve t\u00eb grumbulluara.<br \/>NJBSC-ja raporton pran\u00eb organeve t\u00eb larta drejtuese akademike dhe vendimmarr\u00ebse administrative, por \u00ebsht\u00eb nj\u00eb nj\u00ebsi e pavarur p\u00ebr sa i p\u00ebrket funksionimit, pro\u00e7edurave q\u00eb ndjek dhe rezultateve q\u00eb prodhon. Organizimi, detyrat, p\u00ebrgjegj\u00ebsit\u00eb dhe veprimtarit\u00eb e NJBSC-s\u00eb p\u00ebrcaktohen n\u00eb Rregulloren e NJBSC-s\u00eb, e cila miratohet nga Senati Akademik. N\u00eb kuad\u00ebr t\u00eb Standardeve dhe Udh\u00ebzimeve Evropiane, ve\u00e7an\u00ebrisht n\u00eb p\u00ebrputhje me Standardet I.2, I.3, I.4, I.5, I.6 dhe I.7, NJBSC synon t\u00eb nxis\u00eb m\u00eb tej aspektet e m\u00ebposhtme:<br \/>1. Miratimi, monitorimi dhe rishikimi periodik i programeve (Standard I.2 -Pjesa 1, ESG_2015)<br \/>\u2022 T\u00eb siguroj\u00eb q\u00eb t\u00eb gjitha programet e studimit t\u00eb ofruara nga POLIS i n\u00ebnshtrohen nj\u00eb pro\u00e7esi t\u00eb rregullt dhe ciklik miratimi institucional;<br \/>\u2022 T\u00eb sigurohet q\u00eb struktura dhe p\u00ebrmbajtja e programeve t\u00eb ken\u00eb rezultate t\u00eb qarta t\u00eb t\u00eb nx\u00ebnit;<br \/>\u2022 T\u00eb siguroj\u00eb q\u00eb programet t\u00eb jen\u00eb t\u00eb dizajnuara n\u00eb m\u00ebnyr\u00eb t\u00eb till\u00eb q\u00eb t\u00eb mund\u00ebsojn\u00eb edukim t\u00eb kuptuesh\u00ebm dhe t\u00eb qart\u00eb p\u00ebr student\u00ebt;<br \/>\u2022 T\u00eb siguroj\u00eb q\u00eb POLIS krijon bashk\u00ebpunime me pal\u00ebt e treta q\u00eb student\u00ebt e diplomuar t\u00eb ken\u00eb mund\u00ebsi pun\u00ebsimi;<br \/>\u2022 T\u00eb siguroj\u00eb q\u00eb strategjia e nd\u00ebrkomb\u00ebtarizimit t\u00eb universitetit POLIS dhe fakultetit zbatohen n\u00eb programet e studimit duke p\u00ebrfituar ekspertiz\u00eb t\u00eb jashtme dhe nd\u00ebrkomb\u00ebtare.<\/p><p>2. T\u00eb nx\u00ebnit, m\u00ebsimdh\u00ebnia dhe vler\u00ebsimi me n\u00eb qend\u00ebr studentin (Standardi I.3-ESG_2015);<br \/>\u2022 Sigurohet q\u00eb programet t\u00eb jen\u00eb t\u00eb dizajnuara t\u00eb ofruara n\u00eb nj\u00eb m\u00ebnyr\u00eb q\u00eb inkurajon student\u00ebt;<br \/>\u2022 t\u00eb marr\u00eb nj\u00eb rol aktiv n\u00eb proceset m\u00ebsimore ku vler\u00ebsimi dhe rezultatet e student\u00ebve reflektojn\u00eb k\u00ebt\u00eb pro\u00e7es;<br \/>\u2022 inkurajon ndjenj\u00ebn e autonomis\u00eb tek studenti, duke siguruar udh\u00ebzime adekuate dhe mb\u00ebshtetje nga pedagogu;<br \/>\u2022 respekton dhe p\u00ebrshtatet me diversitetin e nx\u00ebn\u00ebsve dhe nevojat e tyre, duke mund\u00ebsuar t\u00eb nx\u00ebnit fleksib\u00ebl n\u00ebse \u00ebsht\u00eb e nevojshme;<br \/>\u2022 pro\u00e7edurat e vler\u00ebsimit duhet t\u00eb p\u00ebrfshijn\u00eb p\u00ebrdorimin dhe p\u00ebrshtatjen e nj\u00eb s\u00ebr\u00eb metodash pedagogjike dhe m\u00ebnyrave fleksib\u00ebl dhe efektive t\u00eb ofrimit gjat\u00eb procesit t\u00eb m\u00ebsimdh\u00ebnies.<\/p><p>3. Monitorimi i vazhduesh\u00ebm dhe rishikimi periodik i programeve<br \/>\u2022 Programet e studimit duhet t&#8217;i n\u00ebnshtrohen rishikimit ciklik. Si rregull, kurrikula dhe p\u00ebrmbajtja rishikohet \u00e7do 2 (dy) vjet, por t\u00eb pakt\u00ebn n\u00eb fund t\u00eb \u00e7do cikli t\u00eb plot\u00eb studimi;<br \/>\u2022 Rishikimi i programeve \u00ebsht\u00eb i p\u00ebrfshir\u00eb n\u00eb pun\u00ebn vjetore t\u00eb fakulteteve\/departamenteve p\u00ebrgjegj\u00ebse p\u00ebr secilin program;<br \/>\u2022 Ciklet dyvje\u00e7are p\u00ebrfshijn\u00eb k\u00ebrkesa t\u00eb brendshme dhe t\u00eb jashtme p\u00ebr sigurimin e cil\u00ebsis\u00eb, n\u00eb p\u00ebrputhje me ligjet dhe rregulloret, k\u00ebrkesat e p\u00ebrgjithshme p\u00ebr sigurimin e cil\u00ebsis\u00eb t\u00eb formuluara nga POLIS dhe k\u00ebrkesat e brendshme p\u00ebr sigurimin e cil\u00ebsis\u00eb t\u00eb miratuara n\u00eb nivel fakulteti\/programi.<br \/>\u2022 Vler\u00ebsimet ciklike p\u00ebr rishikimin e kurrikulave i shnd\u00ebrrojn\u00eb rezultatet e pun\u00ebs s\u00eb sigurimit t\u00eb cil\u00ebsis\u00eb n\u00eb aktivitete vijuese;<br \/>\u2022 Vler\u00ebsimet ciklike t\u00eb raporteve t\u00eb programeve jan\u00eb kryesisht t\u00eb sinkronizuara me t\u00eb gjitha pjes\u00ebt e pro\u00e7esit t\u00eb sigurimit t\u00eb cil\u00ebsis\u00eb dhe pun\u00ebn e vazhdueshme me programet e studimit;<br \/>\u2022 Vler\u00ebsimi i pro\u00e7esit t\u00eb m\u00ebsimdh\u00ebnies realizohet sipas udh\u00ebzimeve t\u00eb p\u00ebrkat\u00ebse n\u00eb POLIS. Ky pro\u00e7es p\u00ebrfshin vler\u00ebsimin sistematik n\u00eb fund t\u00eb \u00e7do semestri nga student\u00ebt p\u00ebr t\u00eb gjitha l\u00ebndet e ofruara n\u00eb secilin program studimi. Me q\u00ebllim ndjekjen e k\u00ebtij pro\u00e7esi si dhe sigurimin e nj\u00eb pjes\u00ebmarrjeje sa m\u00eb t\u00eb lart\u00eb t\u00eb student\u00ebve koordinator\u00ebt e programeve luajn\u00eb nj\u00eb rol t\u00eb r\u00ebnd\u00ebsish\u00ebm. S\u00eb fundmi kjo procedur\u00eb p\u00ebrmbyllet me nj\u00eb raport t\u00eb posa\u00e7\u00ebm nga ana e drejtuesve t\u00eb departamenteve\/fakulteteve duke dh\u00ebn\u00eb komente mbi vler\u00ebsimin e student\u00ebve gjat\u00eb \u00e7do semestri.<\/p><p><a style=\"background-color: #ffffff; letter-spacing: 0em;\" href=\"https:\/\/universitetipolis.edu.al\/wp-content\/uploads\/2024\/04\/Rregullore-NJBSC.pdf\" target=\"_blank\" rel=\"noopener\">Kliko k\u00ebtu p\u00ebr t\u00eb lexuar m\u00eb shum\u00eb rreth Nj\u00ebsis\u00eb s\u00eb Brendshme t\u00eb Sigurimit t\u00eb Cil\u00ebsis\u00eb (NJBSC)<\/a><\/p>\t\t\t\t\t\t\t\t<\/div>\n\t\t\t\t<\/div>\n\t\t\t\t<div class=\"elementor-element elementor-element-ebf6d30 elementor-widget elementor-widget-image\" data-id=\"ebf6d30\" data-element_type=\"widget\" data-e-type=\"widget\" data-widget_type=\"image.default\">\n\t\t\t\t<div class=\"elementor-widget-container\">\n\t\t\t\t\t\t\t\t\t\t\t\t\t\t\t<img fetchpriority=\"high\" decoding=\"async\" width=\"640\" height=\"427\" src=\"https:\/\/universitetipolis.edu.al\/wp-content\/uploads\/2024\/04\/Screenshot-2024-04-03-at-5.05.01\u202fPM-1024x683.png\" class=\"attachment-large size-large wp-image-23537\" alt=\"\" srcset=\"https:\/\/universitetipolis.edu.al\/wp-content\/uploads\/2024\/04\/Screenshot-2024-04-03-at-5.05.01\u202fPM-1024x683.png 1024w, https:\/\/universitetipolis.edu.al\/wp-content\/uploads\/2024\/04\/Screenshot-2024-04-03-at-5.05.01\u202fPM-300x200.png 300w, https:\/\/universitetipolis.edu.al\/wp-content\/uploads\/2024\/04\/Screenshot-2024-04-03-at-5.05.01\u202fPM-768x512.png 768w, https:\/\/universitetipolis.edu.al\/wp-content\/uploads\/2024\/04\/Screenshot-2024-04-03-at-5.05.01\u202fPM.png 1182w\" sizes=\"(max-width: 640px) 100vw, 640px\" \/>\t\t\t\t\t\t\t\t\t\t\t\t\t\t\t<\/div>\n\t\t\t\t<\/div>\n\t\t\t\t<div class=\"elementor-element elementor-element-5a32859 elementor-widget elementor-widget-text-editor\" data-id=\"5a32859\" data-element_type=\"widget\" data-e-type=\"widget\" data-widget_type=\"text-editor.default\">\n\t\t\t\t<div class=\"elementor-widget-container\">\n\t\t\t\t\t\t\t\t\t<p><span style=\"color: var( --e-global-color-6cdcb3d ); letter-spacing: 0em;\">An\u00ebtar\u00ebt e Nj\u00ebsis\u00eb s\u00eb Brendshme t\u00eb Sigurimit t\u00eb Cil\u00ebsis\u00eb (NJBSC) bashk\u00ebpunojn\u00eb me stafin dhe nj\u00ebsite e tjera p\u00ebr t\u00eb mb\u00ebshtetur pro\u00e7eset p\u00ebr sigurimin e cil\u00ebsis\u00eb s\u00eb ofruar n\u00eb t\u00eb gjith\u00eb Universitetin. K\u00ebtu p\u00ebrfshihen k\u00ebshillimi mbi politikat dhe rregulloret e Universitetit, mb\u00ebshtetjen e zhvillimit\/rishikimit t\u00eb programeve si dhe mb\u00ebshtetja ndaj k\u00ebshillave ad-hoc ose jo me tematika t\u00eb ndryshme brenda Universitetit POLIS.<\/span><\/p><p><b>Kryetare e Nj\u00ebsis\u00eb s\u00eb Brendshme t\u00eb Sigurimit t\u00eb Cil\u00ebsis\u00eb:<br \/><\/b>Dr. Emi Hoxholli<\/p><p><b>An\u00ebtar\u00ebt e tjer\u00eb t\u00eb NJBSC-s\u00eb:<br \/><\/b>Prof. As. Merita Guri &#8211; An\u00ebtar<br \/>Dr. Endri Duro &#8211; An\u00ebtar<br \/>Marsela Demaj &#8211; An\u00ebtar<br \/>Xhoi Musliaka &#8211; An\u00ebtar<br \/>Anjeza Dajzmaili &#8211; An\u00ebtar<br \/>Fiona Pirushi &#8211; An\u00ebtar (p\u00ebrfaq\u00ebsues i student\u00ebve)<br \/>Gjergji Dushniku &#8211; An\u00ebtar (p\u00ebrfaq\u00ebsues nga komuniteti Alumni)<br \/>Enxhi Cerpia &#8211; An\u00ebtar (p\u00ebrfaq\u00ebsues nga komuniteti i biznesit)<\/p>\t\t\t\t\t\t\t\t<\/div>\n\t\t\t\t<\/div>\n\t\t\t\t\t<\/div>\n\t\t<\/div>\n\t\t\t\t\t<\/div>\n\t\t<\/section>\n\t\t\t\t<\/div>\n\t\t","protected":false},"excerpt":{"rendered":"<p>Sigurimi i Cil\u00ebsis\u00eb Sigurimi i Cil\u00ebsis\u00eb n\u00eb Universitetin POLIS ka t\u00eb b\u00ebj\u00eb me t\u00ebr\u00ebsin\u00eb e strukturave, nj\u00ebsive, pro\u00e7eseve sistematike, pro\u00e7edurave, mekanizmave dhe mjeteve t\u00eb dedikuara p\u00ebr t\u00eb vler\u00ebsuar, monitoruar dhe rishikuar performanc\u00ebn, identifikimin e rezultateve cil\u00ebsore dhe rekomandimet p\u00ebr p\u00ebrmir\u00ebsimin e nj\u00ebsive dhe programeve akademike. Q\u00ebllimi kryesor i sigurimit t\u00eb cil\u00ebsis\u00eb akademike \u00ebsht\u00eb t\u00eb siguroj\u00eb rishikim, analizim, p\u00ebrmir\u00ebsim t\u00eb vazhduesh\u00ebm n\u00eb t\u00eb gjitha programet akademike dhe nj\u00ebsit\u00eb institucionale, duke p\u00ebrfshir\u00eb edhe ato k\u00ebrkimore, p\u00ebrmes nj\u00eb pro\u00e7esi reflektimi t\u00eb brendsh\u00ebm, kritik dhe konstruktiv, i kryer nga personel i kualifikuar i brendsh\u00ebm por padyshim edhe nga vler\u00ebsues t\u00eb jasht\u00ebm.Politika e Sigurimit t\u00eb Cil\u00ebsis\u00eb Akademike ka kat\u00ebr q\u00ebllime kryesore:\u2022 Sigurimi i standardeve t\u00eb larta akademike dhe p\u00ebrmir\u00ebsimi i vazhduesh\u00ebm i nj\u00ebsive dhe programeve akademike t\u00eb Universitetit POLIS.\u2022 T\u00eb vendos\u00eb parimet, objektivat, pro\u00e7edurat, strukturat kryesore dhe t\u00eb standardizoj\u00eb procesin e vler\u00ebsimit t\u00eb nj\u00ebsive dhe programeve akademike.\u2022 Dokumentimi dhe komunikimi i rezultateve t\u00eb kryera gjat\u00eb pro\u00e7eseve t\u00eb sigurimit t\u00eb cil\u00ebsis\u00eb akademike.\u2022 T\u00eb sigurohet q\u00eb t\u00eb gjitha nj\u00ebsit\u00eb dhe programet akademike n\u00eb Universitet i n\u00ebnshtrohen Politik\u00ebs s\u00eb Sigurimit t\u00eb Cil\u00ebsis\u00eb Nj\u00ebsia e Brendshme e Sigurimit t\u00eb Cil\u00ebsis\u00eb Bazuar n\u00eb nenin 67 t\u00eb Statutit t\u00eb Universitetit POLIS, nj\u00ebsia kryesore p\u00ebrgjegj\u00ebse p\u00ebr pro\u00e7eset dhe pro\u00e7edurat e vler\u00ebsimit dhe sigurimit t\u00eb cil\u00ebsis\u00eb n\u00eb U_POLIS \u00ebsht\u00eb Nj\u00ebsia e Brendshme e Sigurimit t\u00eb Cil\u00ebsis\u00eb (NJBSC).NJBSC \u00ebsht\u00eb p\u00ebrgjegj\u00ebse p\u00ebr pro\u00e7eset dhe pro\u00e7edurat e vler\u00ebsimit t\u00eb brendsh\u00ebm t\u00eb t\u00eb gjitha aktiviteteve akademike (m\u00ebsimdh\u00ebnie dhe m\u00ebsimnx\u00ebnie, programe studimi), k\u00ebrkimore, menaxheriale dhe administrative q\u00eb zhvillohen n\u00eb POLIS. Mekanizmat dhe instrumentet e aplikuara nga NJBSC-ja lejojn\u00eb nj\u00eb p\u00ebrfaq\u00ebsim dhe p\u00ebrfshirje t\u00eb plot\u00eb t\u00eb t\u00eb gjitha grupeve t\u00eb interest (stafi akademik, student\u00ebt, alumni, organet vendimmarr\u00ebse, administrata, p\u00ebrfaq\u00ebsues nga komuniteti i biznesit).Nj\u00ebsia e Brendshme e Sigurimit t\u00eb Cil\u00ebsis\u00eb (NJBSC) funksionon n\u00eb p\u00ebrputhje me p\u00ebrcaktimet e ligjit p\u00ebr arsimin e lart\u00eb n\u00eb fuqi, aktet n\u00ebnligjore, udh\u00ebzimet p\u00ebrkat\u00ebse t\u00eb Agjencis\u00eb p\u00ebr Sigurimin e Cil\u00ebsis\u00eb s\u00eb Arsimit t\u00eb Lart\u00eb si dhe Statutin dhe Strategjin\u00eb e Universitetit POLIS.Pro\u00e7edura dhe mekanizmi kryesor p\u00ebr vler\u00ebsimin e cil\u00ebsis\u00eb si n\u00eb nivel institucional ashtu edhe p\u00ebr programet e studimit t\u00eb ofruara nga U_POLIS \u00ebsht\u00eb rishikimi i cil\u00ebsis\u00eb (rishikimi institucional dhe\/ose i programit, ose kombinimi i t\u00eb dyjave).Pro\u00e7esi i rishikimit kryhet n\u00eb p\u00ebrputhje me standardet e m\u00ebposhtme:\u2022 Pro\u00e7esi duhet t\u00eb jet\u00eb i drejt\u00eb, i paansh\u00ebm, i hapur, transparent dhe i informuar.\u2022 P\u00ebrfshirja e drejtuesve, fakultetit, departamentit, stafit dhe student\u00ebve \u00ebsht\u00eb vendimtare dhe kritike.\u2022 Rishikimet institucionale dhe programore duhet t\u00eb p\u00ebrfshijn\u00eb koleg\u00eb\/ekspert\u00eb q\u00eb jan\u00eb t\u00eb jasht\u00ebm n\u00eb universitet dhe t\u00eb cil\u00ebt jan\u00eb p\u00ebrzgjedhur sipas kritereve specifike dhe t\u00eb informuara n\u00eb m\u00ebnyr\u00eb t\u00eb drejt\u00eb dhe transparente.\u2022 Dokumentet e rishikimit duhet t\u00eb jen\u00eb koncize dhe leht\u00ebsisht t\u00eb kuptueshme, pa barr\u00eb t\u00eb tep\u00ebrt formale dhe burokratike p\u00ebr ata q\u00eb jan\u00eb t\u00eb p\u00ebrfshir\u00eb drejtp\u00ebrdrejt ose t\u00ebrthorazi n\u00eb proces.\u2022 Nj\u00ebsit\u00eb, personeli p\u00ebrgjegj\u00ebs dhe aktor\u00ebt e tjer\u00eb t\u00eb p\u00ebrfshir\u00eb n\u00eb pro\u00e7eset e rishikimit jan\u00eb p\u00ebrgjegj\u00ebs p\u00ebr t\u00eb siguruar q\u00eb rishikimet e sigurimit t\u00eb cil\u00ebsis\u00eb akademike t\u00eb kryhen n\u00eb p\u00ebrputhje t\u00eb plot\u00eb me pro\u00e7edurat dhe rregulloret e brendshme t\u00eb miratuara brenda afateve t\u00eb p\u00ebrcaktura n\u00eb planin e pun\u00ebs.\u2022 NJBSC \u00ebsht\u00eb p\u00ebrgjegj\u00ebse p\u00ebr t\u00eb siguruar q\u00eb t\u00eb gjitha rishikimet e programeve t\u00eb ndjekin pro\u00e7esin e sigurimit t\u00eb cil\u00ebsis\u00eb akademike n\u00eb p\u00ebrputhje me pro\u00e7edurat n\u00eb m\u00ebnyr\u00eb t\u00eb p\u00ebrshtatshme dhe t\u00eb q\u00ebndrueshme, si dhe k\u2022 rahasimin e gjetjeve dhe rezultateve t\u00eb grumbulluara.NJBSC-ja raporton pran\u00eb organeve t\u00eb larta drejtuese akademike dhe vendimmarr\u00ebse administrative, por \u00ebsht\u00eb nj\u00eb nj\u00ebsi e pavarur p\u00ebr sa i p\u00ebrket funksionimit, pro\u00e7edurave q\u00eb ndjek dhe rezultateve q\u00eb prodhon. Organizimi, detyrat, p\u00ebrgjegj\u00ebsit\u00eb dhe veprimtarit\u00eb e NJBSC-s\u00eb p\u00ebrcaktohen n\u00eb Rregulloren e NJBSC-s\u00eb, e cila miratohet nga Senati Akademik. N\u00eb kuad\u00ebr t\u00eb Standardeve dhe Udh\u00ebzimeve Evropiane, ve\u00e7an\u00ebrisht n\u00eb p\u00ebrputhje me Standardet I.2, I.3, I.4, I.5, I.6 dhe I.7, NJBSC synon t\u00eb nxis\u00eb m\u00eb tej aspektet e m\u00ebposhtme:1. Miratimi, monitorimi dhe rishikimi periodik i programeve (Standard I.2 -Pjesa 1, ESG_2015)\u2022 T\u00eb siguroj\u00eb q\u00eb t\u00eb gjitha programet e studimit t\u00eb ofruara nga POLIS i n\u00ebnshtrohen nj\u00eb pro\u00e7esi t\u00eb rregullt dhe ciklik miratimi institucional;\u2022 T\u00eb sigurohet q\u00eb struktura dhe p\u00ebrmbajtja e programeve t\u00eb ken\u00eb rezultate t\u00eb qarta t\u00eb t\u00eb nx\u00ebnit;\u2022 T\u00eb siguroj\u00eb q\u00eb programet t\u00eb jen\u00eb t\u00eb dizajnuara n\u00eb m\u00ebnyr\u00eb t\u00eb till\u00eb q\u00eb t\u00eb mund\u00ebsojn\u00eb edukim t\u00eb kuptuesh\u00ebm dhe t\u00eb qart\u00eb p\u00ebr student\u00ebt;\u2022 T\u00eb siguroj\u00eb q\u00eb POLIS krijon bashk\u00ebpunime me pal\u00ebt e treta q\u00eb student\u00ebt e diplomuar t\u00eb ken\u00eb mund\u00ebsi pun\u00ebsimi;\u2022 T\u00eb siguroj\u00eb q\u00eb strategjia e nd\u00ebrkomb\u00ebtarizimit t\u00eb universitetit POLIS dhe fakultetit zbatohen n\u00eb programet e studimit duke p\u00ebrfituar ekspertiz\u00eb t\u00eb jashtme dhe nd\u00ebrkomb\u00ebtare. 2. T\u00eb nx\u00ebnit, m\u00ebsimdh\u00ebnia dhe vler\u00ebsimi me n\u00eb qend\u00ebr studentin (Standardi I.3-ESG_2015);\u2022 Sigurohet q\u00eb programet t\u00eb jen\u00eb t\u00eb dizajnuara t\u00eb ofruara n\u00eb nj\u00eb m\u00ebnyr\u00eb q\u00eb inkurajon student\u00ebt;\u2022 t\u00eb marr\u00eb nj\u00eb rol aktiv n\u00eb proceset m\u00ebsimore ku vler\u00ebsimi dhe rezultatet e student\u00ebve reflektojn\u00eb k\u00ebt\u00eb pro\u00e7es;\u2022 inkurajon ndjenj\u00ebn e autonomis\u00eb tek studenti, duke siguruar udh\u00ebzime adekuate dhe mb\u00ebshtetje nga pedagogu;\u2022 respekton dhe p\u00ebrshtatet me diversitetin e nx\u00ebn\u00ebsve dhe nevojat e tyre, duke mund\u00ebsuar t\u00eb nx\u00ebnit fleksib\u00ebl n\u00ebse \u00ebsht\u00eb e nevojshme;\u2022 pro\u00e7edurat e vler\u00ebsimit duhet t\u00eb p\u00ebrfshijn\u00eb p\u00ebrdorimin dhe p\u00ebrshtatjen e nj\u00eb s\u00ebr\u00eb metodash pedagogjike dhe m\u00ebnyrave fleksib\u00ebl dhe efektive t\u00eb ofrimit gjat\u00eb procesit t\u00eb m\u00ebsimdh\u00ebnies. 3. Monitorimi i vazhduesh\u00ebm dhe rishikimi periodik i programeve\u2022 Programet e studimit duhet t&#8217;i n\u00ebnshtrohen rishikimit ciklik. Si rregull, kurrikula dhe p\u00ebrmbajtja rishikohet \u00e7do 2 (dy) vjet, por t\u00eb pakt\u00ebn n\u00eb fund t\u00eb \u00e7do cikli t\u00eb plot\u00eb studimi;\u2022 Rishikimi i programeve \u00ebsht\u00eb i p\u00ebrfshir\u00eb n\u00eb pun\u00ebn vjetore t\u00eb fakulteteve\/departamenteve p\u00ebrgjegj\u00ebse p\u00ebr secilin program;\u2022 Ciklet dyvje\u00e7are p\u00ebrfshijn\u00eb k\u00ebrkesa t\u00eb brendshme dhe t\u00eb jashtme p\u00ebr sigurimin e cil\u00ebsis\u00eb, n\u00eb p\u00ebrputhje me ligjet dhe rregulloret, k\u00ebrkesat e p\u00ebrgjithshme p\u00ebr sigurimin e cil\u00ebsis\u00eb t\u00eb formuluara nga POLIS dhe k\u00ebrkesat e brendshme p\u00ebr sigurimin e cil\u00ebsis\u00eb t\u00eb miratuara n\u00eb nivel fakulteti\/programi.\u2022 Vler\u00ebsimet ciklike p\u00ebr rishikimin e kurrikulave i shnd\u00ebrrojn\u00eb rezultatet e pun\u00ebs s\u00eb sigurimit t\u00eb cil\u00ebsis\u00eb n\u00eb aktivitete vijuese;\u2022 Vler\u00ebsimet ciklike t\u00eb raporteve t\u00eb programeve jan\u00eb kryesisht t\u00eb sinkronizuara me t\u00eb gjitha pjes\u00ebt e pro\u00e7esit t\u00eb sigurimit t\u00eb cil\u00ebsis\u00eb dhe pun\u00ebn e vazhdueshme me programet e studimit;\u2022 Vler\u00ebsimi i pro\u00e7esit t\u00eb m\u00ebsimdh\u00ebnies realizohet sipas udh\u00ebzimeve t\u00eb p\u00ebrkat\u00ebse n\u00eb POLIS. Ky pro\u00e7es p\u00ebrfshin vler\u00ebsimin sistematik n\u00eb fund t\u00eb \u00e7do semestri nga student\u00ebt p\u00ebr t\u00eb gjitha l\u00ebndet e ofruara n\u00eb secilin [&hellip;]<\/p>\n","protected":false},"author":3,"featured_media":0,"parent":0,"menu_order":0,"comment_status":"closed","ping_status":"closed","template":"","meta":{"footnotes":""},"class_list":["post-22916","page","type-page","status-publish","hentry","post-no-thumbnail"],"_links":{"self":[{"href":"https:\/\/universitetipolis.edu.al\/index.php?rest_route=\/wp\/v2\/pages\/22916","targetHints":{"allow":["GET"]}}],"collection":[{"href":"https:\/\/universitetipolis.edu.al\/index.php?rest_route=\/wp\/v2\/pages"}],"about":[{"href":"https:\/\/universitetipolis.edu.al\/index.php?rest_route=\/wp\/v2\/types\/page"}],"author":[{"embeddable":true,"href":"https:\/\/universitetipolis.edu.al\/index.php?rest_route=\/wp\/v2\/users\/3"}],"replies":[{"embeddable":true,"href":"https:\/\/universitetipolis.edu.al\/index.php?rest_route=%2Fwp%2Fv2%2Fcomments&post=22916"}],"version-history":[{"count":13,"href":"https:\/\/universitetipolis.edu.al\/index.php?rest_route=\/wp\/v2\/pages\/22916\/revisions"}],"predecessor-version":[{"id":26626,"href":"https:\/\/universitetipolis.edu.al\/index.php?rest_route=\/wp\/v2\/pages\/22916\/revisions\/26626"}],"wp:attachment":[{"href":"https:\/\/universitetipolis.edu.al\/index.php?rest_route=%2Fwp%2Fv2%2Fmedia&parent=22916"}],"curies":[{"name":"wp","href":"https:\/\/api.w.org\/{rel}","templated":true}]}}