{"id":22852,"date":"2024-01-11T09:33:07","date_gmt":"2024-01-11T08:33:07","guid":{"rendered":"https:\/\/universitetipolis.edu.al\/?page_id=22852"},"modified":"2025-09-04T09:26:37","modified_gmt":"2025-09-04T07:26:37","slug":"zv-rektoret","status":"publish","type":"page","link":"https:\/\/universitetipolis.edu.al\/?page_id=22852","title":{"rendered":"Zv. Rektoret"},"content":{"rendered":"\t\t<div data-elementor-type=\"wp-page\" data-elementor-id=\"22852\" class=\"elementor elementor-22852\" data-elementor-post-type=\"page\">\n\t\t\t\t\t\t<section class=\"elementor-section elementor-top-section elementor-element elementor-element-d780ff2 elementor-section-boxed elementor-section-gap-beside-yes elementor-section-height-default elementor-section-height-default elementor-section-content-align-center elementor-section-column-vertical-align-stretch\" data-id=\"d780ff2\" data-element_type=\"section\" data-e-type=\"section\">\n\t\t\t\t\t\t<div class=\"elementor-container elementor-column-gap-extended\">\n\t\t\t\t\t<div class=\"elementor-column elementor-col-33 elementor-top-column elementor-element elementor-element-a53fd90\" data-id=\"a53fd90\" data-element_type=\"column\" data-e-type=\"column\">\n\t\t\t<div class=\"elementor-widget-wrap elementor-element-populated\">\n\t\t\t\t\t\t<div class=\"elementor-element elementor-element-8473747 unicamp-animation-zoom-in elementor-align-center unicamp-team-member-style-01 elementor-widget elementor-widget-tm-team-member\" data-id=\"8473747\" data-element_type=\"widget\" data-e-type=\"widget\" data-widget_type=\"tm-team-member.default\">\n\t\t\t\t<div class=\"elementor-widget-container\">\n\t\t\t\t\t\t\t<div class=\"tm-team-member unicamp-box\">\n\n\t\t\t<div class=\"item\">\n\t\t\t\t\t\t\t\t\t<div class=\"photo unicamp-image\">\n\n\n\t\t\t\t\t\t<img loading=\"lazy\" decoding=\"async\"  loading=\"lazy\" src=\"https:\/\/universitetipolis.edu.al\/wp-content\/uploads\/2023\/10\/elona-bw-scaled-200x300.jpg\" alt=\"elona bw\" width=\"200\" height=\"300\" \/>\n\t\t\t\t\t\t<div class=\"overlay\"><\/div>\n\n\t\t\t\t\t\t\t\t<div class=\"social-networks\">\n\t\t\t<div class=\"inner\">\n\t\t\t\t\t\t\t\t\t<a aria-label=\"Profili Akademik\" class=\"hint--bounce hint--top hint--white\" href=\"https:\/\/universitetipolis.edu.al\/staff\/dr-elona-karafili\/\">\n\t\t\t\t\t\t<span class=\"link-icon fad fa-external-link-alt\"><\/span>\t\t\t\t\t<\/a>\n\t\t\t\t\t\t\t\t<\/div>\n\t\t<\/div>\n\t\t\t\t\t\t\t<\/div>\n\n\t\t\t\t\t<div class=\"info\">\n\t\t\t\t\t\t\t\t\t\t\t\t\t\t\t<div class=\"name-wrap\">\n\t\t\t<h3 class=\"name\">\n\t\t\t\t<a href=\"https:\/\/universitetipolis.edu.al\/staff\/dr-elona-karafili\/\">Dr. Elona Karafili<\/a>\t\t\t<\/h3>\n\t\t<\/div>\n\t\t\n\t\t\t\t\t\t\t\t\t\t\t\t\t\t\t<div class=\"position\">Zv.Rektor p\u00ebr K\u00ebrkimin dhe Nd\u00ebrkomb\u00ebtarizimin<\/div>\n\t\t\t\t\t\t\t\t\t\t\t\t\t\n\t\t\t\t\t\t\t\t\t\t\t<\/div>\n\t\t\t\t\t\t\t<\/div>\n\t\t<\/div>\n\t\t\t\t\t\t<\/div>\n\t\t\t\t<\/div>\n\t\t\t\t\t<\/div>\n\t\t<\/div>\n\t\t\t\t<div class=\"elementor-column elementor-col-33 elementor-top-column elementor-element elementor-element-5f90131\" data-id=\"5f90131\" data-element_type=\"column\" data-e-type=\"column\">\n\t\t\t<div class=\"elementor-widget-wrap elementor-element-populated\">\n\t\t\t\t\t\t<div class=\"elementor-element elementor-element-ee76588 unicamp-animation-zoom-in elementor-align-center unicamp-team-member-style-01 elementor-widget elementor-widget-tm-team-member\" data-id=\"ee76588\" data-element_type=\"widget\" data-e-type=\"widget\" data-widget_type=\"tm-team-member.default\">\n\t\t\t\t<div class=\"elementor-widget-container\">\n\t\t\t\t\t\t\t<div class=\"tm-team-member unicamp-box\">\n\n\t\t\t<div class=\"item\">\n\t\t\t\t\t\t\t\t\t<div class=\"photo unicamp-image\">\n\n\n\t\t\t\t\t\t<img loading=\"lazy\" decoding=\"async\"  loading=\"lazy\" src=\"https:\/\/universitetipolis.edu.al\/wp-content\/uploads\/2023\/10\/Merita-Toska.jpg\" alt=\"Merita Toska\" width=\"200\" height=\"300\" \/>\n\t\t\t\t\t\t<div class=\"overlay\"><\/div>\n\n\t\t\t\t\t\t\t\t<div class=\"social-networks\">\n\t\t\t<div class=\"inner\">\n\t\t\t\t\t\t\t\t\t<a aria-label=\"Profili Akademik\" class=\"hint--bounce hint--top hint--white\" href=\"https:\/\/universitetipolis.edu.al\/staff\/prof-asoc-dr-merita-toska\/\">\n\t\t\t\t\t\t<span class=\"link-icon fad fa-external-link-alt\"><\/span>\t\t\t\t\t<\/a>\n\t\t\t\t\t\t\t\t<\/div>\n\t\t<\/div>\n\t\t\t\t\t\t\t<\/div>\n\n\t\t\t\t\t<div class=\"info\">\n\t\t\t\t\t\t\t\t\t\t\t\t\t\t\t<div class=\"name-wrap\">\n\t\t\t<h3 class=\"name\">\n\t\t\t\t<a href=\"https:\/\/universitetipolis.edu.al\/staff\/prof-asoc-dr-merita-toska\/\">Dr. Merita Toska<\/a>\t\t\t<\/h3>\n\t\t<\/div>\n\t\t\n\t\t\t\t\t\t\t\t\t\t\t\t\t\t\t<div class=\"position\">Zv.Rektor p\u00ebr \u00c7\u00ebshtjet Akademike dhe Student\u00ebt<\/div>\n\t\t\t\t\t\t\t\t\t\t\t\t\t\n\t\t\t\t\t\t\t\t\t\t\t<\/div>\n\t\t\t\t\t\t\t<\/div>\n\t\t<\/div>\n\t\t\t\t\t\t<\/div>\n\t\t\t\t<\/div>\n\t\t\t\t\t<\/div>\n\t\t<\/div>\n\t\t\t\t<div class=\"elementor-column elementor-col-33 elementor-top-column elementor-element elementor-element-dde37ec\" data-id=\"dde37ec\" data-element_type=\"column\" data-e-type=\"column\">\n\t\t\t<div class=\"elementor-widget-wrap elementor-element-populated\">\n\t\t\t\t\t\t<div class=\"elementor-element elementor-element-6de5255 unicamp-animation-zoom-in elementor-align-center unicamp-team-member-style-01 elementor-widget elementor-widget-tm-team-member\" data-id=\"6de5255\" data-element_type=\"widget\" data-e-type=\"widget\" data-widget_type=\"tm-team-member.default\">\n\t\t\t\t<div class=\"elementor-widget-container\">\n\t\t\t\t\t\t\t<div class=\"tm-team-member unicamp-box\">\n\n\t\t\t<div class=\"item\">\n\t\t\t\t\t\t\t\t\t<div class=\"photo unicamp-image\">\n\n\n\t\t\t\t\t\t<img loading=\"lazy\" decoding=\"async\"  loading=\"lazy\" src=\"https:\/\/universitetipolis.edu.al\/wp-content\/uploads\/2022\/12\/Manjola-Hoxha.jpg\" alt=\"Manjola Hoxha\" width=\"200\" height=\"300\" \/>\n\t\t\t\t\t\t<div class=\"overlay\"><\/div>\n\n\t\t\t\t\t\t\t\t<div class=\"social-networks\">\n\t\t\t<div class=\"inner\">\n\t\t\t\t\t\t\t\t\t<a aria-label=\"Profili Akademik\" class=\"hint--bounce hint--top hint--white\" href=\"https:\/\/universitetipolis.edu.al\/staff\/dr-manjola-hoxha\/\">\n\t\t\t\t\t\t<span class=\"link-icon fad fa-external-link-alt\"><\/span>\t\t\t\t\t<\/a>\n\t\t\t\t\t\t\t\t<\/div>\n\t\t<\/div>\n\t\t\t\t\t\t\t<\/div>\n\n\t\t\t\t\t<div class=\"info\">\n\t\t\t\t\t\t\t\t\t\t\t\t\t\t\t<div class=\"name-wrap\">\n\t\t\t<h3 class=\"name\">\n\t\t\t\t<a href=\"https:\/\/universitetipolis.edu.al\/staff\/dr-manjola-hoxha\/\">Dr. Manjola Hoxha <\/a>\t\t\t<\/h3>\n\t\t<\/div>\n\t\t\n\t\t\t\t\t\t\t\t\t\t\t\t\t\t\t<div class=\"position\">Zv. Rektor p\u00ebr \u00c7\u00ebshtjet e Cil\u00ebsis\u00eb dhe Gjith\u00ebp\u00ebrfshirjes<\/div>\n\t\t\t\t\t\t\t\t\t\t\t\t\t\n\t\t\t\t\t\t\t\t\t\t\t<\/div>\n\t\t\t\t\t\t\t<\/div>\n\t\t<\/div>\n\t\t\t\t\t\t<\/div>\n\t\t\t\t<\/div>\n\t\t\t\t\t<\/div>\n\t\t<\/div>\n\t\t\t\t\t<\/div>\n\t\t<\/section>\n\t\t\t\t<\/div>\n\t\t","protected":false},"excerpt":{"rendered":"<p>Dr. Elona Karafili Zv.Rektor p\u00ebr K\u00ebrkimin dhe Nd\u00ebrkomb\u00ebtarizimin Dr. Merita Toska Zv.Rektor p\u00ebr \u00c7\u00ebshtjet Akademike dhe Student\u00ebt Dr. Manjola Hoxha Zv. Rektor p\u00ebr \u00c7\u00ebshtjet e Cil\u00ebsis\u00eb dhe Gjith\u00ebp\u00ebrfshirjes<\/p>\n","protected":false},"author":3,"featured_media":0,"parent":0,"menu_order":0,"comment_status":"closed","ping_status":"closed","template":"","meta":{"footnotes":""},"class_list":["post-22852","page","type-page","status-publish","hentry","post-no-thumbnail"],"_links":{"self":[{"href":"https:\/\/universitetipolis.edu.al\/index.php?rest_route=\/wp\/v2\/pages\/22852","targetHints":{"allow":["GET"]}}],"collection":[{"href":"https:\/\/universitetipolis.edu.al\/index.php?rest_route=\/wp\/v2\/pages"}],"about":[{"href":"https:\/\/universitetipolis.edu.al\/index.php?rest_route=\/wp\/v2\/types\/page"}],"author":[{"embeddable":true,"href":"https:\/\/universitetipolis.edu.al\/index.php?rest_route=\/wp\/v2\/users\/3"}],"replies":[{"embeddable":true,"href":"https:\/\/universitetipolis.edu.al\/index.php?rest_route=%2Fwp%2Fv2%2Fcomments&post=22852"}],"version-history":[{"count":40,"href":"https:\/\/universitetipolis.edu.al\/index.php?rest_route=\/wp\/v2\/pages\/22852\/revisions"}],"predecessor-version":[{"id":28750,"href":"https:\/\/universitetipolis.edu.al\/index.php?rest_route=\/wp\/v2\/pages\/22852\/revisions\/28750"}],"wp:attachment":[{"href":"https:\/\/universitetipolis.edu.al\/index.php?rest_route=%2Fwp%2Fv2%2Fmedia&parent=22852"}],"curies":[{"name":"wp","href":"https:\/\/api.w.org\/{rel}","templated":true}]}}