{"id":20764,"date":"2023-05-17T11:56:29","date_gmt":"2023-05-17T09:56:29","guid":{"rendered":"https:\/\/universitetipolis.edu.al\/?page_id=20764"},"modified":"2026-01-14T15:23:43","modified_gmt":"2026-01-14T14:23:43","slug":"kampusi","status":"publish","type":"page","link":"https:\/\/universitetipolis.edu.al\/?page_id=20764","title":{"rendered":"Kampusi"},"content":{"rendered":"\t\t<div data-elementor-type=\"wp-page\" data-elementor-id=\"20764\" class=\"elementor elementor-20764\" data-elementor-post-type=\"page\">\n\t\t\t\t\t\t<section class=\"elementor-section elementor-top-section elementor-element elementor-element-8718ed3 elementor-section-boxed elementor-section-gap-beside-yes elementor-section-height-default elementor-section-height-default elementor-section-column-vertical-align-stretch\" data-id=\"8718ed3\" data-element_type=\"section\" data-e-type=\"section\">\n\t\t\t\t\t\t<div class=\"elementor-container elementor-column-gap-extended\">\n\t\t\t\t\t<div class=\"elementor-column elementor-col-100 elementor-top-column elementor-element elementor-element-7d96e47\" data-id=\"7d96e47\" data-element_type=\"column\" data-e-type=\"column\">\n\t\t\t<div class=\"elementor-widget-wrap elementor-element-populated\">\n\t\t\t\t\t\t<div class=\"elementor-element elementor-element-3e043d5 elementor-widget elementor-widget-heading\" data-id=\"3e043d5\" data-element_type=\"widget\" data-e-type=\"widget\" data-widget_type=\"heading.default\">\n\t\t\t\t<div class=\"elementor-widget-container\">\n\t\t\t\t\t<h2 class=\"elementor-heading-title elementor-size-default\">Kampusi<\/h2>\t\t\t\t<\/div>\n\t\t\t\t<\/div>\n\t\t\t\t<div class=\"elementor-element elementor-element-fa7d520 elementor-widget elementor-widget-text-editor\" data-id=\"fa7d520\" data-element_type=\"widget\" data-e-type=\"widget\" data-widget_type=\"text-editor.default\">\n\t\t\t\t<div class=\"elementor-widget-container\">\n\t\t\t\t\t\t\t\t\t<p><strong>Kampusi i Universitetit Polis<\/strong> ndodhet n\u00eb aksin kryesor infrastrukturor dhe ekonomik t\u00eb vendit midis kryeqyetetit (Tiran\u00ebs), aeroportit kryesor (N\u00ebn\u00eb Tereza, Rinas) dhe portit kryesor (Durr\u00ebs) nd\u00ebrkomb\u00ebtar t\u00eb vendit. Aksesi \u00ebsht\u00eb i shk\u00eblqyer dhe ve\u00e7 lidhjes mjaft t\u00eb mir\u00eb nga qendra e Tiran\u00ebs (5km) me transport publik, universiteti ofron edhe sh\u00ebrbim plot\u00ebsues transporti t\u00eb dedikuar nga qendra n\u00eb Polis e anasjelltas, n\u00eb orar\u00eb t\u00eb caktuara t\u00eb dit\u00ebs (m\u00ebngjes, drek\u00eb, pasdite).<\/p>\t\t\t\t\t\t\t\t<\/div>\n\t\t\t\t<\/div>\n\t\t\t\t\t<\/div>\n\t\t<\/div>\n\t\t\t\t\t<\/div>\n\t\t<\/section>\n\t\t\t\t<section class=\"elementor-section elementor-top-section elementor-element elementor-element-8ba4ffc elementor-section-boxed elementor-section-gap-beside-yes elementor-section-height-default elementor-section-height-default elementor-section-column-vertical-align-stretch\" data-id=\"8ba4ffc\" data-element_type=\"section\" data-e-type=\"section\">\n\t\t\t\t\t\t<div class=\"elementor-container elementor-column-gap-extended\">\n\t\t\t\t\t<div class=\"elementor-column elementor-col-100 elementor-top-column elementor-element elementor-element-f4913de\" data-id=\"f4913de\" data-element_type=\"column\" data-e-type=\"column\">\n\t\t\t<div class=\"elementor-widget-wrap elementor-element-populated\">\n\t\t\t\t\t\t<div class=\"elementor-element elementor-element-94e1b89 elementor-widget elementor-widget-toggle\" data-id=\"94e1b89\" data-element_type=\"widget\" data-e-type=\"widget\" data-widget_type=\"toggle.default\">\n\t\t\t\t<div class=\"elementor-widget-container\">\n\t\t\t\t\t\t\t<div class=\"elementor-toggle\">\n\t\t\t\t\t\t\t<div class=\"elementor-toggle-item\">\n\t\t\t\t\t<div id=\"elementor-tab-title-1561\" class=\"elementor-tab-title\" data-tab=\"1\" role=\"button\" aria-controls=\"elementor-tab-content-1561\" aria-expanded=\"false\">\n\t\t\t\t\t\t\t\t\t\t\t\t<span class=\"elementor-toggle-icon elementor-toggle-icon-left\" aria-hidden=\"true\">\n\t\t\t\t\t\t\t\t\t\t\t\t\t\t\t<span class=\"elementor-toggle-icon-closed\"><i class=\"fas fa-caret-right\"><\/i><\/span>\n\t\t\t\t\t\t\t\t<span class=\"elementor-toggle-icon-opened\"><i class=\"elementor-toggle-icon-opened fas fa-caret-up\"><\/i><\/span>\n\t\t\t\t\t\t\t\t\t\t\t\t\t<\/span>\n\t\t\t\t\t\t\t\t\t\t\t\t<a class=\"elementor-toggle-title\" tabindex=\"0\">Kantina<\/a>\n\t\t\t\t\t<\/div>\n\n\t\t\t\t\t<div id=\"elementor-tab-content-1561\" class=\"elementor-tab-content elementor-clearfix\" data-tab=\"1\" role=\"region\" aria-labelledby=\"elementor-tab-title-1561\"><p><strong>Kantina MoTown <\/strong>ofron sh\u00ebrbim bar dhe mens\u00eb me ushqim cil\u00ebsor, t\u00eb p\u00ebrgatitur sipas standardeve t\u00eb larta. Ajo funksionon nga m\u00ebngjesi deri n\u00eb pasdite, duke u p\u00ebrshtatur me ritmin e p\u00ebrditsh\u00ebm t\u00eb student\u00ebve dhe stafit. P\u00ebrve\u00e7 sh\u00ebrbimit t\u00eb rregullt, Kantina MoTown ofron edhe sh\u00ebrbime plot\u00ebsuese gjat\u00eb fundjavave dhe n\u00eb raste eventesh, duke u kthyer n\u00eb nj\u00eb hap\u00ebsir\u00eb funksionale dhe t\u00eb besueshme p\u00ebr aktivitete t\u00eb ndryshme brenda dhe jasht\u00eb orarit akademik.<\/p><p><a href=\"https:\/\/universitetipolis.edu.al\/wp-content\/uploads\/2023\/06\/kantina1.png\"><img fetchpriority=\"high\" decoding=\"async\" class=\"alignleft wp-image-20950 size-medium\" src=\"https:\/\/universitetipolis.edu.al\/wp-content\/uploads\/2023\/06\/kantina1-300x200.png\" alt=\"\" width=\"300\" height=\"200\" srcset=\"https:\/\/universitetipolis.edu.al\/wp-content\/uploads\/2023\/06\/kantina1-300x200.png 300w, https:\/\/universitetipolis.edu.al\/wp-content\/uploads\/2023\/06\/kantina1-1024x683.png 1024w, https:\/\/universitetipolis.edu.al\/wp-content\/uploads\/2023\/06\/kantina1-768x512.png 768w, https:\/\/universitetipolis.edu.al\/wp-content\/uploads\/2023\/06\/kantina1-600x400.png 600w, https:\/\/universitetipolis.edu.al\/wp-content\/uploads\/2023\/06\/kantina1.png 1231w\" sizes=\"(max-width: 300px) 100vw, 300px\" \/><\/a> <a href=\"https:\/\/universitetipolis.edu.al\/wp-content\/uploads\/2023\/06\/kantina-2.png\"><img decoding=\"async\" class=\"wp-image-20952 size-medium alignleft\" src=\"https:\/\/universitetipolis.edu.al\/wp-content\/uploads\/2023\/06\/kantina-2-300x200.png\" alt=\"\" width=\"300\" height=\"200\" srcset=\"https:\/\/universitetipolis.edu.al\/wp-content\/uploads\/2023\/06\/kantina-2-300x200.png 300w, https:\/\/universitetipolis.edu.al\/wp-content\/uploads\/2023\/06\/kantina-2-1024x683.png 1024w, https:\/\/universitetipolis.edu.al\/wp-content\/uploads\/2023\/06\/kantina-2-768x512.png 768w, https:\/\/universitetipolis.edu.al\/wp-content\/uploads\/2023\/06\/kantina-2-600x400.png 600w, https:\/\/universitetipolis.edu.al\/wp-content\/uploads\/2023\/06\/kantina-2.png 1231w\" sizes=\"(max-width: 300px) 100vw, 300px\" \/><\/a><\/p><p>\u00a0<\/p><p>\u00a0<\/p><p>\u00a0<\/p><p>\u00a0<\/p><p>\u00a0<\/p><p><strong>MoTown Bistro\u00a0<\/strong>\u00ebsht\u00eb nj\u00eb ambient modern dhe i hapur, i menduar si pik\u00eb sociale brenda kampusit. Ajo ofron kafe, pije t\u00eb fresk\u00ebta dhe ushqime t\u00eb lehta, duke krijuar kushte t\u00eb p\u00ebrshtatshme p\u00ebr pushime t\u00eb shkurtra, takime informale dhe bashk\u00ebbisedime mes student\u00ebve dhe stafit. Dizajni i saj bashk\u00ebkohor dhe atmosfera dinamike e b\u00ebjn\u00eb bistron nj\u00eb hap\u00ebsir\u00eb aktive gjat\u00eb gjith\u00eb dit\u00ebs.<\/p><p><a href=\"https:\/\/universitetipolis.edu.al\/wp-content\/uploads\/2026\/01\/MoTownBistro.jpg\"><img decoding=\"async\" class=\"alignnone wp-image-30227 size-medium\" src=\"https:\/\/universitetipolis.edu.al\/wp-content\/uploads\/2026\/01\/MoTownBistro-300x225.jpg\" alt=\"\" width=\"300\" height=\"225\" srcset=\"https:\/\/universitetipolis.edu.al\/wp-content\/uploads\/2026\/01\/MoTownBistro-300x225.jpg 300w, https:\/\/universitetipolis.edu.al\/wp-content\/uploads\/2026\/01\/MoTownBistro-1024x768.jpg 1024w, https:\/\/universitetipolis.edu.al\/wp-content\/uploads\/2026\/01\/MoTownBistro-768x576.jpg 768w, https:\/\/universitetipolis.edu.al\/wp-content\/uploads\/2026\/01\/MoTownBistro-1536x1152.jpg 1536w, https:\/\/universitetipolis.edu.al\/wp-content\/uploads\/2026\/01\/MoTownBistro.jpg 2048w\" sizes=\"(max-width: 300px) 100vw, 300px\" \/><\/a><\/p><\/div>\n\t\t\t\t<\/div>\n\t\t\t\t\t\t\t<div class=\"elementor-toggle-item\">\n\t\t\t\t\t<div id=\"elementor-tab-title-1562\" class=\"elementor-tab-title\" data-tab=\"2\" role=\"button\" aria-controls=\"elementor-tab-content-1562\" aria-expanded=\"false\">\n\t\t\t\t\t\t\t\t\t\t\t\t<span class=\"elementor-toggle-icon elementor-toggle-icon-left\" aria-hidden=\"true\">\n\t\t\t\t\t\t\t\t\t\t\t\t\t\t\t<span class=\"elementor-toggle-icon-closed\"><i class=\"fas fa-caret-right\"><\/i><\/span>\n\t\t\t\t\t\t\t\t<span class=\"elementor-toggle-icon-opened\"><i class=\"elementor-toggle-icon-opened fas fa-caret-up\"><\/i><\/span>\n\t\t\t\t\t\t\t\t\t\t\t\t\t<\/span>\n\t\t\t\t\t\t\t\t\t\t\t\t<a class=\"elementor-toggle-title\" tabindex=\"0\">Akomodimi<\/a>\n\t\t\t\t\t<\/div>\n\n\t\t\t\t\t<div id=\"elementor-tab-content-1562\" class=\"elementor-tab-content elementor-clearfix\" data-tab=\"2\" role=\"region\" aria-labelledby=\"elementor-tab-title-1562\"><p><strong>Akomodimi i student\u00ebve<\/strong> n\u00eb Universitetin Polis relaizohet n\u00eb 3 m\u00ebnyra, ku universiteti luan rolin e vet\u00eb p\u00ebr t\u00eb sh\u00ebrbyer studenteve.<\/p><p>Akomodimi i student\u00ebve n\u00eb Universitetin Polis relaizohet n\u00eb 3 m\u00ebnyra, ku universiteti luan rolin e vet\u00eb p\u00ebr t\u00eb sh\u00ebrbyer studenteve.<\/p><ol><li><strong><a href=\"https:\/\/www.facebook.com\/fole.residence\/\" target=\"_blank\" rel=\"noopener\">N\u00eb Qendr\u00ebn Rezidenciale Studentore \u201cFole<\/a><\/strong>\u201d \u2013 bazuar n\u00eb marrveshjen e bashk\u00ebpunimit midis dy institucioneve private.<\/li><\/ol><ol start=\"2\"><li><strong><a href=\"http:\/\/www.qytetistudenti.gov.al\/\" target=\"_blank\" rel=\"noopener\">N\u00eb Qytetin \u201cStudenti\u201d Tiran\u00eb<\/a><\/strong> &#8211; duke facilituar akomodimin, p\u00ebrmes paisjes me v\u00ebrtetim t\u00eb student\u00ebve t\u00eb interesuar p\u00ebr t\u00eb aksesuar k\u00ebt\u00eb akomodim publik n\u00eb baz\u00eb t\u00eb legjislacionit n\u00eb fuqi.<\/li><\/ol><ol start=\"3\"><li><strong>Dhe n\u00eb m\u00ebnyr\u00eb private (individualisht)<\/strong> \u2013 n\u00eb k\u00ebt\u00eb rast universiteti ndan informacion p\u00ebr student\u00ebt e interesuar q\u00eb duan t\u00eb ndajn\u00eb akomodime private t\u00eb p\u00ebrbashk\u00ebta n\u00eb apartamente t\u00eb tregut imobiliar n\u00eb Tiran\u00eb q\u00eb i sigurojn\u00eb n\u00eb m\u00ebnyr\u00eb private, duke b\u00ebr\u00eb lidhjen midis student\u00ebve q\u00eb k\u00ebkojn\u00eb asistenc\u00eb p\u00ebr k\u00ebt\u00eb q\u00ebllim, dhe kur ata e shohin t\u00eb arsyeshme.<\/li><\/ol><p>N\u00eb \u00e7do rast vendimi final \u00ebsht\u00eb zgjedhje individuale e studnentit, dhe kostot p\u00ebrkat\u00ebse jan\u00eb jasht\u00eb tarif\u00ebs s\u00eb studimit.<\/p><\/div>\n\t\t\t\t<\/div>\n\t\t\t\t\t\t\t<div class=\"elementor-toggle-item\">\n\t\t\t\t\t<div id=\"elementor-tab-title-1563\" class=\"elementor-tab-title\" data-tab=\"3\" role=\"button\" aria-controls=\"elementor-tab-content-1563\" aria-expanded=\"false\">\n\t\t\t\t\t\t\t\t\t\t\t\t<span class=\"elementor-toggle-icon elementor-toggle-icon-left\" aria-hidden=\"true\">\n\t\t\t\t\t\t\t\t\t\t\t\t\t\t\t<span class=\"elementor-toggle-icon-closed\"><i class=\"fas fa-caret-right\"><\/i><\/span>\n\t\t\t\t\t\t\t\t<span class=\"elementor-toggle-icon-opened\"><i class=\"elementor-toggle-icon-opened fas fa-caret-up\"><\/i><\/span>\n\t\t\t\t\t\t\t\t\t\t\t\t\t<\/span>\n\t\t\t\t\t\t\t\t\t\t\t\t<a class=\"elementor-toggle-title\" tabindex=\"0\">Terrenet Sportive<\/a>\n\t\t\t\t\t<\/div>\n\n\t\t\t\t\t<div id=\"elementor-tab-content-1563\" class=\"elementor-tab-content elementor-clearfix\" data-tab=\"3\" role=\"region\" aria-labelledby=\"elementor-tab-title-1563\"><p>Universiteti Polis ofron 2 mini-fusha sportive (fusha pas objektit 1, dhe fusha ne taracen e objektit 2) n\u00eb kampusin e vet p\u00ebr lojra me dor\u00eb dhe evente open air. P\u00ebr evente m\u00eb t\u00eb m\u00ebdha Polis ka marrveshje bashk\u00ebpunimi me pallatin e Sportit Asllan Rusi Tiran\u00eb, dhe \u00ebsht\u00eb pjes\u00eb e Kampionatit Komb\u00ebtar t\u00eb Sporteve Universitare, dhe n\u00eb bashk\u00ebpunim me t\u00eb realizon aktivitete amatore dhe profesionale sportive.<\/p><p><a href=\"https:\/\/universitetipolis.edu.al\/wp-content\/uploads\/2023\/03\/IMG_7485-1-scaled.jpg\"><img loading=\"lazy\" decoding=\"async\" class=\"alignleft wp-image-16835 size-medium\" src=\"https:\/\/universitetipolis.edu.al\/wp-content\/uploads\/2023\/03\/IMG_7485-1-300x200.jpg\" alt=\"\" width=\"300\" height=\"200\" srcset=\"https:\/\/universitetipolis.edu.al\/wp-content\/uploads\/2023\/03\/IMG_7485-1-300x200.jpg 300w, https:\/\/universitetipolis.edu.al\/wp-content\/uploads\/2023\/03\/IMG_7485-1-1024x683.jpg 1024w, https:\/\/universitetipolis.edu.al\/wp-content\/uploads\/2023\/03\/IMG_7485-1-768x512.jpg 768w, https:\/\/universitetipolis.edu.al\/wp-content\/uploads\/2023\/03\/IMG_7485-1-1536x1024.jpg 1536w, https:\/\/universitetipolis.edu.al\/wp-content\/uploads\/2023\/03\/IMG_7485-1-2048x1365.jpg 2048w, https:\/\/universitetipolis.edu.al\/wp-content\/uploads\/2023\/03\/IMG_7485-1-600x400.jpg 600w\" sizes=\"(max-width: 300px) 100vw, 300px\" \/><\/a> <a href=\"https:\/\/universitetipolis.edu.al\/wp-content\/uploads\/2023\/03\/IMG_7501-scaled.jpg\"><img loading=\"lazy\" decoding=\"async\" class=\"alignleft wp-image-16837 size-medium\" src=\"https:\/\/universitetipolis.edu.al\/wp-content\/uploads\/2023\/03\/IMG_7501-300x200.jpg\" alt=\"\" width=\"300\" height=\"200\" srcset=\"https:\/\/universitetipolis.edu.al\/wp-content\/uploads\/2023\/03\/IMG_7501-300x200.jpg 300w, https:\/\/universitetipolis.edu.al\/wp-content\/uploads\/2023\/03\/IMG_7501-1024x683.jpg 1024w, https:\/\/universitetipolis.edu.al\/wp-content\/uploads\/2023\/03\/IMG_7501-768x512.jpg 768w, https:\/\/universitetipolis.edu.al\/wp-content\/uploads\/2023\/03\/IMG_7501-1536x1024.jpg 1536w, https:\/\/universitetipolis.edu.al\/wp-content\/uploads\/2023\/03\/IMG_7501-2048x1365.jpg 2048w, https:\/\/universitetipolis.edu.al\/wp-content\/uploads\/2023\/03\/IMG_7501-600x400.jpg 600w\" sizes=\"(max-width: 300px) 100vw, 300px\" \/><\/a><\/p><\/div>\n\t\t\t\t<\/div>\n\t\t\t\t\t\t\t\t<\/div>\n\t\t\t\t\t\t<\/div>\n\t\t\t\t<\/div>\n\t\t\t\t\t<\/div>\n\t\t<\/div>\n\t\t\t\t\t<\/div>\n\t\t<\/section>\n\t\t\t\t<section class=\"elementor-section elementor-top-section elementor-element elementor-element-cd089b5 elementor-section-boxed elementor-section-gap-beside-yes elementor-section-height-default elementor-section-height-default elementor-section-column-vertical-align-stretch\" data-id=\"cd089b5\" data-element_type=\"section\" data-e-type=\"section\">\n\t\t\t\t\t\t<div class=\"elementor-container elementor-column-gap-extended\">\n\t\t\t\t\t<div class=\"elementor-column elementor-col-100 elementor-top-column elementor-element elementor-element-9fcf5bf\" data-id=\"9fcf5bf\" data-element_type=\"column\" data-e-type=\"column\">\n\t\t\t<div class=\"elementor-widget-wrap elementor-element-populated\">\n\t\t\t\t\t\t<div class=\"elementor-element elementor-element-00f6fc7 elementor-widget elementor-widget-spacer\" data-id=\"00f6fc7\" data-element_type=\"widget\" data-e-type=\"widget\" data-widget_type=\"spacer.default\">\n\t\t\t\t<div class=\"elementor-widget-container\">\n\t\t\t\t\t\t\t<div class=\"elementor-spacer\">\n\t\t\t<div class=\"elementor-spacer-inner\"><\/div>\n\t\t<\/div>\n\t\t\t\t\t\t<\/div>\n\t\t\t\t<\/div>\n\t\t\t\t\t<\/div>\n\t\t<\/div>\n\t\t\t\t\t<\/div>\n\t\t<\/section>\n\t\t\t\t<\/div>\n\t\t","protected":false},"excerpt":{"rendered":"<p>Kampusi Kampusi i Universitetit Polis ndodhet n\u00eb aksin kryesor infrastrukturor dhe ekonomik t\u00eb vendit midis kryeqyetetit (Tiran\u00ebs), aeroportit kryesor (N\u00ebn\u00eb Tereza, Rinas) dhe portit kryesor (Durr\u00ebs) nd\u00ebrkomb\u00ebtar t\u00eb vendit. Aksesi \u00ebsht\u00eb i shk\u00eblqyer dhe ve\u00e7 lidhjes mjaft t\u00eb mir\u00eb nga qendra e Tiran\u00ebs (5km) me transport publik, universiteti ofron edhe sh\u00ebrbim plot\u00ebsues transporti t\u00eb dedikuar nga qendra n\u00eb Polis e anasjelltas, n\u00eb orar\u00eb t\u00eb caktuara t\u00eb dit\u00ebs (m\u00ebngjes, drek\u00eb, pasdite). Kantina Kantina MoTown ofron sh\u00ebrbim bar dhe mens\u00eb me ushqim cil\u00ebsor, t\u00eb p\u00ebrgatitur sipas standardeve t\u00eb larta. Ajo funksionon nga m\u00ebngjesi deri n\u00eb pasdite, duke u p\u00ebrshtatur me ritmin e p\u00ebrditsh\u00ebm t\u00eb student\u00ebve dhe stafit. P\u00ebrve\u00e7 sh\u00ebrbimit t\u00eb rregullt, Kantina MoTown ofron edhe sh\u00ebrbime plot\u00ebsuese gjat\u00eb fundjavave dhe n\u00eb raste eventesh, duke u kthyer n\u00eb nj\u00eb hap\u00ebsir\u00eb funksionale dhe t\u00eb besueshme p\u00ebr aktivitete t\u00eb ndryshme brenda dhe jasht\u00eb orarit akademik. \u00a0 \u00a0 \u00a0 \u00a0 \u00a0 MoTown Bistro\u00a0\u00ebsht\u00eb nj\u00eb ambient modern dhe i hapur, i menduar si pik\u00eb sociale brenda kampusit. Ajo ofron kafe, pije t\u00eb fresk\u00ebta dhe ushqime t\u00eb lehta, duke krijuar kushte t\u00eb p\u00ebrshtatshme p\u00ebr pushime t\u00eb shkurtra, takime informale dhe bashk\u00ebbisedime mes student\u00ebve dhe stafit. Dizajni i saj bashk\u00ebkohor dhe atmosfera dinamike e b\u00ebjn\u00eb bistron nj\u00eb hap\u00ebsir\u00eb aktive gjat\u00eb gjith\u00eb dit\u00ebs. Akomodimi Akomodimi i student\u00ebve n\u00eb Universitetin Polis relaizohet n\u00eb 3 m\u00ebnyra, ku universiteti luan rolin e vet\u00eb p\u00ebr t\u00eb sh\u00ebrbyer studenteve. Akomodimi i student\u00ebve n\u00eb Universitetin Polis relaizohet n\u00eb 3 m\u00ebnyra, ku universiteti luan rolin e vet\u00eb p\u00ebr t\u00eb sh\u00ebrbyer studenteve. N\u00eb Qendr\u00ebn Rezidenciale Studentore \u201cFole\u201d \u2013 bazuar n\u00eb marrveshjen e bashk\u00ebpunimit midis dy institucioneve private. N\u00eb Qytetin \u201cStudenti\u201d Tiran\u00eb &#8211; duke facilituar akomodimin, p\u00ebrmes paisjes me v\u00ebrtetim t\u00eb student\u00ebve t\u00eb interesuar p\u00ebr t\u00eb aksesuar k\u00ebt\u00eb akomodim publik n\u00eb baz\u00eb t\u00eb legjislacionit n\u00eb fuqi. Dhe n\u00eb m\u00ebnyr\u00eb private (individualisht) \u2013 n\u00eb k\u00ebt\u00eb rast universiteti ndan informacion p\u00ebr student\u00ebt e interesuar q\u00eb duan t\u00eb ndajn\u00eb akomodime private t\u00eb p\u00ebrbashk\u00ebta n\u00eb apartamente t\u00eb tregut imobiliar n\u00eb Tiran\u00eb q\u00eb i sigurojn\u00eb n\u00eb m\u00ebnyr\u00eb private, duke b\u00ebr\u00eb lidhjen midis student\u00ebve q\u00eb k\u00ebkojn\u00eb asistenc\u00eb p\u00ebr k\u00ebt\u00eb q\u00ebllim, dhe kur ata e shohin t\u00eb arsyeshme. N\u00eb \u00e7do rast vendimi final \u00ebsht\u00eb zgjedhje individuale e studnentit, dhe kostot p\u00ebrkat\u00ebse jan\u00eb jasht\u00eb tarif\u00ebs s\u00eb studimit. Terrenet Sportive Universiteti Polis ofron 2 mini-fusha sportive (fusha pas objektit 1, dhe fusha ne taracen e objektit 2) n\u00eb kampusin e vet p\u00ebr lojra me dor\u00eb dhe evente open air. P\u00ebr evente m\u00eb t\u00eb m\u00ebdha Polis ka marrveshje bashk\u00ebpunimi me pallatin e Sportit Asllan Rusi Tiran\u00eb, dhe \u00ebsht\u00eb pjes\u00eb e Kampionatit Komb\u00ebtar t\u00eb Sporteve Universitare, dhe n\u00eb bashk\u00ebpunim me t\u00eb realizon aktivitete amatore dhe profesionale sportive.<\/p>\n","protected":false},"author":3,"featured_media":0,"parent":0,"menu_order":0,"comment_status":"closed","ping_status":"closed","template":"","meta":{"footnotes":""},"class_list":["post-20764","page","type-page","status-publish","hentry","post-no-thumbnail"],"_links":{"self":[{"href":"https:\/\/universitetipolis.edu.al\/index.php?rest_route=\/wp\/v2\/pages\/20764","targetHints":{"allow":["GET"]}}],"collection":[{"href":"https:\/\/universitetipolis.edu.al\/index.php?rest_route=\/wp\/v2\/pages"}],"about":[{"href":"https:\/\/universitetipolis.edu.al\/index.php?rest_route=\/wp\/v2\/types\/page"}],"author":[{"embeddable":true,"href":"https:\/\/universitetipolis.edu.al\/index.php?rest_route=\/wp\/v2\/users\/3"}],"replies":[{"embeddable":true,"href":"https:\/\/universitetipolis.edu.al\/index.php?rest_route=%2Fwp%2Fv2%2Fcomments&post=20764"}],"version-history":[{"count":51,"href":"https:\/\/universitetipolis.edu.al\/index.php?rest_route=\/wp\/v2\/pages\/20764\/revisions"}],"predecessor-version":[{"id":30241,"href":"https:\/\/universitetipolis.edu.al\/index.php?rest_route=\/wp\/v2\/pages\/20764\/revisions\/30241"}],"wp:attachment":[{"href":"https:\/\/universitetipolis.edu.al\/index.php?rest_route=%2Fwp%2Fv2%2Fmedia&parent=20764"}],"curies":[{"name":"wp","href":"https:\/\/api.w.org\/{rel}","templated":true}]}}