{"id":20380,"date":"2023-04-10T14:26:55","date_gmt":"2023-04-10T12:26:55","guid":{"rendered":"https:\/\/universitetipolis.edu.al\/?page_id=20380"},"modified":"2023-04-10T14:35:00","modified_gmt":"2023-04-10T12:35:00","slug":"shkolla-verore-e-energjise","status":"publish","type":"page","link":"https:\/\/universitetipolis.edu.al\/?page_id=20380","title":{"rendered":"Shkolla Verore e Energjis\u00eb"},"content":{"rendered":"\t\t<div data-elementor-type=\"wp-page\" data-elementor-id=\"20380\" class=\"elementor elementor-20380\" data-elementor-post-type=\"page\">\n\t\t\t\t\t\t<section class=\"elementor-section elementor-top-section elementor-element elementor-element-af38f49 elementor-section-boxed elementor-section-gap-beside-yes elementor-section-height-default elementor-section-height-default elementor-section-column-vertical-align-stretch\" data-id=\"af38f49\" data-element_type=\"section\" data-e-type=\"section\">\n\t\t\t\t\t\t<div class=\"elementor-container elementor-column-gap-extended\">\n\t\t\t\t\t<div class=\"elementor-column elementor-col-100 elementor-top-column elementor-element elementor-element-d03cace\" data-id=\"d03cace\" data-element_type=\"column\" data-e-type=\"column\">\n\t\t\t<div class=\"elementor-widget-wrap elementor-element-populated\">\n\t\t\t\t\t\t<div class=\"elementor-element elementor-element-c2bc917 elementor-widget elementor-widget-text-editor\" data-id=\"c2bc917\" data-element_type=\"widget\" data-e-type=\"widget\" data-widget_type=\"text-editor.default\">\n\t\t\t\t<div class=\"elementor-widget-container\">\n\t\t\t\t\t\t\t\t\t<p>Shkolla Verore e Energjis\u00eb (ESS) organizohet \u00e7do vit nga &#8220;Energy Community&#8221; Vienna Austria, n\u00eb bashk\u00ebpunim me disa partneritete nd\u00ebrkomb\u00ebtare. Universiteti POLIS \u00ebsht\u00eb i vetmi partner akademik-k\u00ebrkimor mes tyre dhe organizator i hapjes s\u00eb par\u00eb. ESS qarkullon midis vendeve t\u00eb ndryshme t\u00eb Evrop\u00ebs duke mbledhur n\u00eb k\u00ebt\u00eb shkoll\u00eb verore nd\u00ebrkomb\u00ebtare disa nga t\u00eb rinjt\u00eb m\u00eb t\u00eb talentuar dhe m\u00eb premtues, n\u00ebn 40 vje\u00e7, t\u00eb Evrop\u00ebs dhe Amerik\u00ebs s\u00eb Veriut q\u00eb punojn\u00eb n\u00eb sektorin e energjis\u00eb p\u00ebr politik\u00eb-dhe vendimmarrje, administrat\u00ebn publike dhe private, si dhe n\u00eb akademi. &amp; institucione k\u00ebrkimore t\u00eb angazhuara p\u00ebr \u00e7\u00ebshtjet e energjis\u00eb.<br \/>P\u00ebr m\u00eb shum\u00eb vizitoni: <a href=\"https:\/\/www.energy-community.org\/\" target=\"_blank\" rel=\"noopener\">https:\/\/www.energy-community.org\/<\/a><\/p>\t\t\t\t\t\t\t\t<\/div>\n\t\t\t\t<\/div>\n\t\t\t\t<div class=\"elementor-element elementor-element-a9e6c6c elementor-widget elementor-widget-text-editor\" data-id=\"a9e6c6c\" data-element_type=\"widget\" data-e-type=\"widget\" data-widget_type=\"text-editor.default\">\n\t\t\t\t<div class=\"elementor-widget-container\">\n\t\t\t\t\t\t\t\t\t<p>ESS 2023 &#8211; <a href=\"https:\/\/www.energy-community.org\/aboutus\/summer-school\/2023.html\">https:\/\/www.energy-community.org\/aboutus\/summer-school\/2023.html<\/a><\/p><p>ESS 2022- <a href=\"https:\/\/www.energy-community.org\/aboutus\/summer-school\/2022.html\">https:\/\/www.energy-community.org\/aboutus\/summer-school\/2022.html<\/a><\/p><p>ESS 2021 &#8211; <a href=\"https:\/\/www.energy-community.org\/aboutus\/summer-school\/2021.html\">https:\/\/www.energy-community.org\/aboutus\/summer-school\/2021.html<\/a><\/p><p>ESS 2020 &#8211; <a href=\"https:\/\/www.energy-community.org\/aboutus\/summer-school\/2020ES.html\">https:\/\/www.energy-community.org\/aboutus\/summer-school\/2020ES.html<\/a><\/p><p>ESS 2019 &#8211; <a href=\"https:\/\/www.energy-community.org\/aboutus\/summer-school\/2019.html\">https:\/\/www.energy-community.org\/aboutus\/summer-school\/2019.html<\/a><\/p><p>ESS 2018 &#8211; <a href=\"https:\/\/www.energy-community.org\/aboutus\/summer-school\/2018.html\">https:\/\/www.energy-community.org\/aboutus\/summer-school\/2018.html<\/a><\/p><p>ESS 2017 &#8211; <a href=\"https:\/\/www.energy-community.org\/aboutus\/summer-school\/2017.html\">https:\/\/www.energy-community.org\/aboutus\/summer-school\/2017.html<\/a><\/p><p>ESS 2016 &#8211; <a href=\"https:\/\/www.energy-community.org\/aboutus\/summer-school\/2016.html\">https:\/\/www.energy-community.org\/aboutus\/summer-school\/2016.html<\/a><\/p><p>ESS Page: <a href=\"https:\/\/www.energy-community.org\/aboutus\/summer-school.html\">https:\/\/www.energy-community.org\/aboutus\/summer-school.html<\/a><\/p>\t\t\t\t\t\t\t\t<\/div>\n\t\t\t\t<\/div>\n\t\t\t\t\t<\/div>\n\t\t<\/div>\n\t\t\t\t\t<\/div>\n\t\t<\/section>\n\t\t\t\t<\/div>\n\t\t","protected":false},"excerpt":{"rendered":"<p>Shkolla Verore e Energjis\u00eb (ESS) organizohet \u00e7do vit nga &#8220;Energy Community&#8221; Vienna Austria, n\u00eb bashk\u00ebpunim me disa partneritete nd\u00ebrkomb\u00ebtare. Universiteti POLIS \u00ebsht\u00eb i vetmi partner akademik-k\u00ebrkimor mes tyre dhe organizator i hapjes s\u00eb par\u00eb. ESS qarkullon midis vendeve t\u00eb ndryshme t\u00eb Evrop\u00ebs duke mbledhur n\u00eb k\u00ebt\u00eb shkoll\u00eb verore nd\u00ebrkomb\u00ebtare disa nga t\u00eb rinjt\u00eb m\u00eb t\u00eb talentuar dhe m\u00eb premtues, n\u00ebn 40 vje\u00e7, t\u00eb Evrop\u00ebs dhe Amerik\u00ebs s\u00eb Veriut q\u00eb punojn\u00eb n\u00eb sektorin e energjis\u00eb p\u00ebr politik\u00eb-dhe vendimmarrje, administrat\u00ebn publike dhe private, si dhe n\u00eb akademi. &amp; institucione k\u00ebrkimore t\u00eb angazhuara p\u00ebr \u00e7\u00ebshtjet e energjis\u00eb.P\u00ebr m\u00eb shum\u00eb vizitoni: https:\/\/www.energy-community.org\/ ESS 2023 &#8211; https:\/\/www.energy-community.org\/aboutus\/summer-school\/2023.html ESS 2022- https:\/\/www.energy-community.org\/aboutus\/summer-school\/2022.html ESS 2021 &#8211; https:\/\/www.energy-community.org\/aboutus\/summer-school\/2021.html ESS 2020 &#8211; https:\/\/www.energy-community.org\/aboutus\/summer-school\/2020ES.html ESS 2019 &#8211; https:\/\/www.energy-community.org\/aboutus\/summer-school\/2019.html ESS 2018 &#8211; https:\/\/www.energy-community.org\/aboutus\/summer-school\/2018.html ESS 2017 &#8211; https:\/\/www.energy-community.org\/aboutus\/summer-school\/2017.html ESS 2016 &#8211; https:\/\/www.energy-community.org\/aboutus\/summer-school\/2016.html ESS Page: https:\/\/www.energy-community.org\/aboutus\/summer-school.html<\/p>\n","protected":false},"author":3,"featured_media":0,"parent":0,"menu_order":0,"comment_status":"closed","ping_status":"closed","template":"","meta":{"footnotes":""},"class_list":["post-20380","page","type-page","status-publish","hentry","post-no-thumbnail"],"_links":{"self":[{"href":"https:\/\/universitetipolis.edu.al\/index.php?rest_route=\/wp\/v2\/pages\/20380","targetHints":{"allow":["GET"]}}],"collection":[{"href":"https:\/\/universitetipolis.edu.al\/index.php?rest_route=\/wp\/v2\/pages"}],"about":[{"href":"https:\/\/universitetipolis.edu.al\/index.php?rest_route=\/wp\/v2\/types\/page"}],"author":[{"embeddable":true,"href":"https:\/\/universitetipolis.edu.al\/index.php?rest_route=\/wp\/v2\/users\/3"}],"replies":[{"embeddable":true,"href":"https:\/\/universitetipolis.edu.al\/index.php?rest_route=%2Fwp%2Fv2%2Fcomments&post=20380"}],"version-history":[{"count":0,"href":"https:\/\/universitetipolis.edu.al\/index.php?rest_route=\/wp\/v2\/pages\/20380\/revisions"}],"wp:attachment":[{"href":"https:\/\/universitetipolis.edu.al\/index.php?rest_route=%2Fwp%2Fv2%2Fmedia&parent=20380"}],"curies":[{"name":"wp","href":"https:\/\/api.w.org\/{rel}","templated":true}]}}