{"id":16366,"date":"2023-03-21T09:38:11","date_gmt":"2023-03-21T08:38:11","guid":{"rendered":"https:\/\/universitetipolis.edu.al\/?page_id=16366"},"modified":"2023-03-21T14:36:42","modified_gmt":"2023-03-21T13:36:42","slug":"administratori-ial","status":"publish","type":"page","link":"https:\/\/universitetipolis.edu.al\/?page_id=16366","title":{"rendered":"Administratori i IAL"},"content":{"rendered":"\t\t<div data-elementor-type=\"wp-page\" data-elementor-id=\"16366\" class=\"elementor elementor-16366\" data-elementor-post-type=\"page\">\n\t\t\t\t\t\t<section class=\"elementor-section elementor-top-section elementor-element elementor-element-8e5aeec elementor-section-boxed elementor-section-gap-beside-yes elementor-section-height-default elementor-section-height-default elementor-section-column-vertical-align-stretch\" data-id=\"8e5aeec\" data-element_type=\"section\" data-e-type=\"section\">\n\t\t\t\t\t\t<div class=\"elementor-container elementor-column-gap-extended\">\n\t\t\t\t\t<div class=\"elementor-column elementor-col-50 elementor-top-column elementor-element elementor-element-360b9da\" data-id=\"360b9da\" data-element_type=\"column\" data-e-type=\"column\">\n\t\t\t<div class=\"elementor-widget-wrap elementor-element-populated\">\n\t\t\t\t\t\t<div class=\"elementor-element elementor-element-f4ef1e1 elementor-widget elementor-widget-text-editor\" data-id=\"f4ef1e1\" data-element_type=\"widget\" data-e-type=\"widget\" data-widget_type=\"text-editor.default\">\n\t\t\t\t<div class=\"elementor-widget-container\">\n\t\t\t\t\t\t\t\t\t<p>Aurel Plasa \u00ebshte Drejtori i Zyr\u00ebs s\u00eb Financave n\u00eb Universitetin Polis prej m\u00ebse 15 vitesh.<br \/>Me fokus studimesh n\u00eb Financ\u00eb, Aureli ka investuar n\u00eb k\u00ebt\u00eb drejtim duke kryer studime n\u00eb Master t\u00eb Nivelit t\u00eb Dyte e specializime brenda e jasht\u00eb vendit, si: Suedi, Trento (Itali) etj.<\/p><p>Krahas specializimeve afatgjata, Aureli i ka kushtuar r\u00ebnd\u00ebsi rritjes profesionale duke marr\u00eb njohuri specifike si n\u00eb menaxhimin e financave apo investimeve, duke ndjekur n\u00eb trajnime t\u00eb organizuara nga KOMPASS, Instituti i Financimeve Private dhe Publike, SIDA, SIPU, OECD etj,<\/p><p>Eksperiencat e m\u00ebparshme si specialist finance dhe Drejtues i Zyr\u00ebs s\u00eb Investimeve n\u00eb qytetin e Kor\u00e7es, e kan\u00eb orientuar drejt nje profili t\u00eb qart\u00eb menaxhimi duke u pozicionuar tashm\u00eb prej disa vitesh edhe si Administratori i IAL, n\u00eb Universitetin POLIS.<\/p>\t\t\t\t\t\t\t\t<\/div>\n\t\t\t\t<\/div>\n\t\t\t\t\t<\/div>\n\t\t<\/div>\n\t\t\t\t<div class=\"elementor-column elementor-col-50 elementor-top-column elementor-element elementor-element-afda0e2\" data-id=\"afda0e2\" data-element_type=\"column\" data-e-type=\"column\">\n\t\t\t<div class=\"elementor-widget-wrap elementor-element-populated\">\n\t\t\t\t\t\t<div class=\"elementor-element elementor-element-bfdd4b4 elementor-widget elementor-widget-image\" data-id=\"bfdd4b4\" data-element_type=\"widget\" data-e-type=\"widget\" data-widget_type=\"image.default\">\n\t\t\t\t<div class=\"elementor-widget-container\">\n\t\t\t\t\t\t\t\t\t\t\t\t\t\t\t<img fetchpriority=\"high\" decoding=\"async\" width=\"1066\" height=\"1600\" src=\"https:\/\/universitetipolis.edu.al\/wp-content\/uploads\/2023\/03\/Aurel-Plasa-1.jpeg\" class=\"attachment-full size-full wp-image-16531\" alt=\"\" srcset=\"https:\/\/universitetipolis.edu.al\/wp-content\/uploads\/2023\/03\/Aurel-Plasa-1.jpeg 1066w, https:\/\/universitetipolis.edu.al\/wp-content\/uploads\/2023\/03\/Aurel-Plasa-1-200x300.jpeg 200w, https:\/\/universitetipolis.edu.al\/wp-content\/uploads\/2023\/03\/Aurel-Plasa-1-682x1024.jpeg 682w, https:\/\/universitetipolis.edu.al\/wp-content\/uploads\/2023\/03\/Aurel-Plasa-1-768x1153.jpeg 768w, https:\/\/universitetipolis.edu.al\/wp-content\/uploads\/2023\/03\/Aurel-Plasa-1-1023x1536.jpeg 1023w, https:\/\/universitetipolis.edu.al\/wp-content\/uploads\/2023\/03\/Aurel-Plasa-1-600x901.jpeg 600w\" sizes=\"(max-width: 1066px) 100vw, 1066px\" \/>\t\t\t\t\t\t\t\t\t\t\t\t\t\t\t<\/div>\n\t\t\t\t<\/div>\n\t\t\t\t<div class=\"elementor-element elementor-element-9299710 elementor-widget elementor-widget-text-editor\" data-id=\"9299710\" data-element_type=\"widget\" data-e-type=\"widget\" data-widget_type=\"text-editor.default\">\n\t\t\t\t<div class=\"elementor-widget-container\">\n\t\t\t\t\t\t\t\t\t<p class=\"rtejustify\">Aurel Plasa\u00a0 \u00a0|\u00a0 \u00a0Administrator i IAL\u00a0<\/p>\t\t\t\t\t\t\t\t<\/div>\n\t\t\t\t<\/div>\n\t\t\t\t\t<\/div>\n\t\t<\/div>\n\t\t\t\t\t<\/div>\n\t\t<\/section>\n\t\t\t\t<\/div>\n\t\t","protected":false},"excerpt":{"rendered":"<p>Aurel Plasa \u00ebshte Drejtori i Zyr\u00ebs s\u00eb Financave n\u00eb Universitetin Polis prej m\u00ebse 15 vitesh.Me fokus studimesh n\u00eb Financ\u00eb, Aureli ka investuar n\u00eb k\u00ebt\u00eb drejtim duke kryer studime n\u00eb Master t\u00eb Nivelit t\u00eb Dyte e specializime brenda e jasht\u00eb vendit, si: Suedi, Trento (Itali) etj. Krahas specializimeve afatgjata, Aureli i ka kushtuar r\u00ebnd\u00ebsi rritjes profesionale duke marr\u00eb njohuri specifike si n\u00eb menaxhimin e financave apo investimeve, duke ndjekur n\u00eb trajnime t\u00eb organizuara nga KOMPASS, Instituti i Financimeve Private dhe Publike, SIDA, SIPU, OECD etj, Eksperiencat e m\u00ebparshme si specialist finance dhe Drejtues i Zyr\u00ebs s\u00eb Investimeve n\u00eb qytetin e Kor\u00e7es, e kan\u00eb orientuar drejt nje profili t\u00eb qart\u00eb menaxhimi duke u pozicionuar tashm\u00eb prej disa vitesh edhe si Administratori i IAL, n\u00eb Universitetin POLIS. Aurel Plasa\u00a0 \u00a0|\u00a0 \u00a0Administrator i IAL\u00a0<\/p>\n","protected":false},"author":3,"featured_media":0,"parent":0,"menu_order":0,"comment_status":"closed","ping_status":"closed","template":"","meta":{"footnotes":""},"class_list":["post-16366","page","type-page","status-publish","hentry","post-no-thumbnail"],"_links":{"self":[{"href":"https:\/\/universitetipolis.edu.al\/index.php?rest_route=\/wp\/v2\/pages\/16366","targetHints":{"allow":["GET"]}}],"collection":[{"href":"https:\/\/universitetipolis.edu.al\/index.php?rest_route=\/wp\/v2\/pages"}],"about":[{"href":"https:\/\/universitetipolis.edu.al\/index.php?rest_route=\/wp\/v2\/types\/page"}],"author":[{"embeddable":true,"href":"https:\/\/universitetipolis.edu.al\/index.php?rest_route=\/wp\/v2\/users\/3"}],"replies":[{"embeddable":true,"href":"https:\/\/universitetipolis.edu.al\/index.php?rest_route=%2Fwp%2Fv2%2Fcomments&post=16366"}],"version-history":[{"count":0,"href":"https:\/\/universitetipolis.edu.al\/index.php?rest_route=\/wp\/v2\/pages\/16366\/revisions"}],"wp:attachment":[{"href":"https:\/\/universitetipolis.edu.al\/index.php?rest_route=%2Fwp%2Fv2%2Fmedia&parent=16366"}],"curies":[{"name":"wp","href":"https:\/\/api.w.org\/{rel}","templated":true}]}}