{"id":14825,"date":"2023-02-17T20:57:56","date_gmt":"2023-02-17T19:57:56","guid":{"rendered":"https:\/\/universitetipolis.edu.al\/?page_id=14825"},"modified":"2025-05-14T11:01:04","modified_gmt":"2025-05-14T09:01:04","slug":"konferenca-nderkombetare","status":"publish","type":"page","link":"https:\/\/universitetipolis.edu.al\/?page_id=14825","title":{"rendered":"Konferenca Nd\u00ebrkomb\u00ebtare"},"content":{"rendered":"\t\t<div data-elementor-type=\"wp-page\" data-elementor-id=\"14825\" class=\"elementor elementor-14825\" data-elementor-post-type=\"page\">\n\t\t\t\t\t\t<section class=\"elementor-section elementor-top-section elementor-element elementor-element-32eac31 elementor-section-boxed elementor-section-gap-beside-yes elementor-section-height-default elementor-section-height-default elementor-section-column-vertical-align-stretch\" data-id=\"32eac31\" data-element_type=\"section\" data-e-type=\"section\">\n\t\t\t\t\t\t<div class=\"elementor-container elementor-column-gap-extended\">\n\t\t\t\t\t<div class=\"elementor-column elementor-col-100 elementor-top-column elementor-element elementor-element-06c765e\" data-id=\"06c765e\" data-element_type=\"column\" data-e-type=\"column\">\n\t\t\t<div class=\"elementor-widget-wrap elementor-element-populated\">\n\t\t\t\t\t\t<div class=\"elementor-element elementor-element-1f74a25 elementor-widget elementor-widget-text-editor\" data-id=\"1f74a25\" data-element_type=\"widget\" data-e-type=\"widget\" data-widget_type=\"text-editor.default\">\n\t\t\t\t<div class=\"elementor-widget-container\">\n\t\t\t\t\t\t\t\t\t<p>Universiteti POLIS, n\u00eb partneritet ose m\u00eb vete, organizon \u00e7do vit konferenca, simpoziume, dhe seminare me karakter lokal, komb\u00ebtar dhe nd\u00ebrkomb\u00ebtar p\u00ebr arsimin dhe shkenc\u00ebn, dhe sidomos n\u00eb fushat e tij t\u00eb interesit. Disa nga k\u00ebto evente jan\u00eb t\u00eb listuara m\u00eb posht\u00eb:<\/p><p><strong><em>Konferenca Nd\u00ebrkomb\u00ebtare<\/em>:<\/strong><\/p><p><strong>2025<\/strong> &#8211; 2<sup>nd<\/sup>\u00a0International Conference on Housing, Planning, Resilient Urban and Territorial Development<br \/>Link:<a href=\"https:\/\/universitetipolis.edu.al\/2nd-international-conference-on-housing-planning-resilient-urban-and-territorial-development\"> https:\/\/universitetipolis.edu.al\/2nd-international-conference-on-housing-planning-resilient-urban-and-territorial-development<\/a><\/p><p><strong>2022 <\/strong>\u2013 5<sup>th<\/sup> Annual Workshop of TG-WeB, the Western Balkans Network on Territorial Governance, \u201cChallenges, Trends, Gaps and Policy recommendations on the WB-EU cohesion\u201d<br \/>Link: <a href=\"http:\/\/tg-web.eu\/activities\/\">http:\/\/tg-web.eu\/activities\/<\/a><\/p><p><strong>2022<\/strong> \u2013 17<sup>th<\/sup> AESOP (Association of European Schools of Planning) Heads of Schools Meeting <br \/>Link: <a href=\"https:\/\/aesop2022hos.net\/\">https:\/\/aesop2022hos.net\/<\/a><\/p><p><strong>2021 <\/strong>\u2013 8<sup>th<\/sup> eCAADe Regional International Symposium \u201cC<sup>2<\/sup>omplexity Computations. Design processes and strategies addressing chaos and complexity.\u201d<\/p><p><strong>2021 <\/strong>\u2013 \u201cTirana Design Weeks\u201d 2021 &#8211; National and international event in the field of architecture, urban planning and environment. Main topic: Post-Pandemic Right to the City<\/p><p>Link: <a href=\"https:\/\/tiranadesignweek.com\/\">https:\/\/tiranadesignweek.com\/<\/a><\/p><p><strong>2021 <\/strong>\u2013 15<sup>th<\/sup> AESOP (Association of European Schools of Planning) Young Academics Conference \u201cGoverning the Unknown. Adaptive Spatial Planning in the age of Uncertainty\u201d<br \/>Link: <a href=\"https:\/\/www.aesop-youngacademics.net\/meetings\/en\/2020\/09\/15\/readabout\/aesop-ya-2021-conference-governing-the-unknown-adaptive-spatial-planning-in-the-age-of-uncertainty\">https:\/\/www.aesop-youngacademics.net\/meetings\/en\/2020\/09\/15\/readabout\/aesop-ya-2021-conference-governing-the-unknown-adaptive-spatial-planning-in-the-age-of-uncertainty<\/a><\/p><p><strong>2021 <\/strong>\u2013 International Conference on Challenges and Achievements in Geotechnical Engineering<\/p><p>Link: <a href=\"https:\/\/www.issmge.org\/\">https:\/\/www.issmge.org\/<\/a><\/p><p><strong>2021 <\/strong>\u2013 International Symposium \u201cCities in the Balkans, development challenges, processes and content, in line with EU trends or not?\u201d<\/p><p><strong>2020 <\/strong>\u2013 \u201cTirana Architecture Weeks\u201d 2020 &#8211; National and international event in the field of architecture, urban planning and environment. Main topic: Science and the City in the Era of Paradigm Shifts<br \/>Link: <a href=\"https:\/\/tiranaarchitectureweek.com\/about\/\">https:\/\/tiranaarchitectureweek.com\/about\/<\/a><\/p><p><strong>2019 <\/strong>\u2013 International symposium \u201cToday\u2019s Challenges of Construction Industry and Resilience to Natural Hazards\u201d<br \/>Link: <a href=\"https:\/\/www.facebook.com\/CoPLANTirana\/videos\/international-symposium-todays-challenges-of-construction-industry-and-resilienc\/2402998123295447\/\">https:\/\/www.facebook.com\/CoPLANTirana\/videos\/international-symposium-todays-challenges-of-construction-industry-and-resilienc\/2402998123295447\/<\/a><\/p><p><strong>2019 <\/strong>\u2013 &#8220;Tirana Design Weeks&#8221; 2019 &#8211; National and international event in the field of Art and Applied Design. Main topic: \u201cForeseeing uncertainty: Design &amp; Non-Normativity\u201d<br \/>Link: <a href=\"https:\/\/tiranadesignweek.com\/?page_id=86\">https:\/\/tiranadesignweek.com\/?page_id=86<\/a><\/p><p><strong>2019 <\/strong>\u2013 Spa-ce.net Conference \u201cTerritorial Development in Central, Eastern and South Eastern Europe \u2013 \u2018Places that do not matter\u2019 and inner peripheries\u201d<\/p><p>Link: <a href=\"http:\/\/www.spa-ce.net\/\">http:\/\/www.spa-ce.net\/<\/a><\/p><p><strong>2019 <\/strong>\u2013 2<sup>nd<\/sup> Annual Workshop of TG-WeB, the Western Balkans Network on Territorial Governance, \u201cChallenges of Regional Development in Western Balkans\u201d <br \/>Link: <a href=\"http:\/\/tg-web.eu\/activities\/\">http:\/\/tg-web.eu\/activities\/<\/a><\/p><p><strong>2019 <\/strong>\u2013 2<sup>nd<\/sup> International Scientific Conference on Professional Studies <br \/>Link: <a href=\"https:\/\/www.uamd.edu.al\/wp-content\/uploads\/2018\/11\/ISCPS_Conference.pdf\">https:\/\/www.uamd.edu.al\/wp-content\/uploads\/2018\/11\/ISCPS_Conference.pdf<\/a><\/p><p><strong>2019 <\/strong>\u2013 13<sup>th<\/sup> AESOP (Association of European Schools of Planning) Lecture Series \u201cNew Frontiers for Spatial Planning in Times of Uncertainty. Dealing with Climate Change and Environmental Risks\u201d<\/p><p><strong>2018<\/strong> \u2013 &#8220;Tirana Architecture Weeks&#8221; 2018 &#8211; National and international event in the field of architecture, urban planning and environment. Main Topic \u201cCo-habitation tactics\u201d <strong><br \/><\/strong>Link: <a href=\"https:\/\/tiranaarchitectureweek.com\/about\/\">https:\/\/tiranaarchitectureweek.com\/about\/<\/a><\/p><p><strong>2017<\/strong> \u2013 &#8220;Tirana Design Weeks&#8221; 2017 \u2013 National and international event in the field of Art and Applied Design. Main topic: \u201cDesign for an Inclusive Future\u201d<br \/>Link: <a href=\"https:\/\/tiranadesignweek.com\/?page_id=86\">https:\/\/tiranadesignweek.com\/?page_id=86<\/a><\/p><p><strong>2017<\/strong> \u2013 ENHR (European Network for Housing Research) Conference \u201cAffordable housing for all! Redefining the role of public and private sectors\u201d<br \/>Link: <a href=\"https:\/\/enhr.net\/activities\/conferences\/\">https:\/\/enhr.net\/activities\/conferences\/<\/a><\/p><p><strong>2016<\/strong> \u2013 &#8220;Tirana Architecture Weeks&#8221; 2016 &#8211; National and international event in the field of architecture, urban planning and environment. Main Topic \u201cArchitecture that matters\u201d<br \/>Link: <a href=\"https:\/\/tiranaarchitectureweek.com\/about\/\">https:\/\/tiranaarchitectureweek.com\/about\/<\/a><\/p><p><strong>2016 <\/strong>\u2013 1<sup>st<\/sup> International Scientific Conference on Professional Sciences<\/p><p><strong>2015<\/strong> \u2013 &#8220;Tirana Design Weeks&#8221; 2015 \u2013 National and international event in the field of Art and Applied Design. Main topic: \u201cDesign Now\u201d<br \/>Link: <a href=\"https:\/\/tiranadesignweek.com\/?page_id=86\">https:\/\/tiranadesignweek.com\/?page_id=86<\/a><\/p><p><strong>2014<\/strong> \u2013 &#8220;Tirana Architecture Weeks&#8221; 2014 &#8211; National and international event in the field of architecture, urban planning and environment. Main Topic \u201cEnvisioning Future Cities\u201d<br \/>Link: <a href=\"https:\/\/tiranaarchitectureweek.com\/about\/\">https:\/\/tiranaarchitectureweek.com\/about\/<\/a><\/p><p><strong>2013<\/strong> \u2013 &#8220;Tirana Design Weeks&#8221; 2013 &#8211; National and international event in the field of Art and Applied Design. Main topic: \u201cMade-in Design\u201d<br \/>Link: <a href=\"https:\/\/tiranadesignweek.com\/?page_id=86\">https:\/\/tiranadesignweek.com\/?page_id=86<\/a><\/p><p><strong>2012<\/strong> \u2013 &#8220;Tirana Architecture Weeks&#8221; 2012 &#8211; National and international event in the field of architecture, urban planning and environment. Main Topic \u201cRe-appropriation of the City\u201d <br \/>Link: <a href=\"https:\/\/tiranaarchitectureweek.com\/about\/\">https:\/\/tiranaarchitectureweek.com\/about\/<\/a><\/p><p><strong>2003<\/strong> \u2013 ENHR (European Network for Housing Research) Conference \u201cMaking Cities Work\u201c <br \/>Link: <a href=\"https:\/\/enhr.net\/activities\/conferences\/\">https:\/\/enhr.net\/activities\/conferences\/<\/a><\/p>\t\t\t\t\t\t\t\t<\/div>\n\t\t\t\t<\/div>\n\t\t\t\t\t<\/div>\n\t\t<\/div>\n\t\t\t\t\t<\/div>\n\t\t<\/section>\n\t\t\t\t<\/div>\n\t\t","protected":false},"excerpt":{"rendered":"<p>Universiteti POLIS, n\u00eb partneritet ose m\u00eb vete, organizon \u00e7do vit konferenca, simpoziume, dhe seminare me karakter lokal, komb\u00ebtar dhe nd\u00ebrkomb\u00ebtar p\u00ebr arsimin dhe shkenc\u00ebn, dhe sidomos n\u00eb fushat e tij t\u00eb interesit. Disa nga k\u00ebto evente jan\u00eb t\u00eb listuara m\u00eb posht\u00eb: Konferenca Nd\u00ebrkomb\u00ebtare: 2025 &#8211; 2nd\u00a0International Conference on Housing, Planning, Resilient Urban and Territorial DevelopmentLink: https:\/\/universitetipolis.edu.al\/2nd-international-conference-on-housing-planning-resilient-urban-and-territorial-development 2022 \u2013 5th Annual Workshop of TG-WeB, the Western Balkans Network on Territorial Governance, \u201cChallenges, Trends, Gaps and Policy recommendations on the WB-EU cohesion\u201dLink: http:\/\/tg-web.eu\/activities\/ 2022 \u2013 17th AESOP (Association of European Schools of Planning) Heads of Schools Meeting Link: https:\/\/aesop2022hos.net\/ 2021 \u2013 8th eCAADe Regional International Symposium \u201cC2omplexity Computations. Design processes and strategies addressing chaos and complexity.\u201d 2021 \u2013 \u201cTirana Design Weeks\u201d 2021 &#8211; National and international event in the field of architecture, urban planning and environment. Main topic: Post-Pandemic Right to the City Link: https:\/\/tiranadesignweek.com\/ 2021 \u2013 15th AESOP (Association of European Schools of Planning) Young Academics Conference \u201cGoverning the Unknown. Adaptive Spatial Planning in the age of Uncertainty\u201dLink: https:\/\/www.aesop-youngacademics.net\/meetings\/en\/2020\/09\/15\/readabout\/aesop-ya-2021-conference-governing-the-unknown-adaptive-spatial-planning-in-the-age-of-uncertainty 2021 \u2013 International Conference on Challenges and Achievements in Geotechnical Engineering Link: https:\/\/www.issmge.org\/ 2021 \u2013 International Symposium \u201cCities in the Balkans, development challenges, processes and content, in line with EU trends or not?\u201d 2020 \u2013 \u201cTirana Architecture Weeks\u201d 2020 &#8211; National and international event in the field of architecture, urban planning and environment. Main topic: Science and the City in the Era of Paradigm ShiftsLink: https:\/\/tiranaarchitectureweek.com\/about\/ 2019 \u2013 International symposium \u201cToday\u2019s Challenges of Construction Industry and Resilience to Natural Hazards\u201dLink: https:\/\/www.facebook.com\/CoPLANTirana\/videos\/international-symposium-todays-challenges-of-construction-industry-and-resilienc\/2402998123295447\/ 2019 \u2013 &#8220;Tirana Design Weeks&#8221; 2019 &#8211; National and international event in the field of Art and Applied Design. Main topic: \u201cForeseeing uncertainty: Design &amp; Non-Normativity\u201dLink: https:\/\/tiranadesignweek.com\/?page_id=86 2019 \u2013 Spa-ce.net Conference \u201cTerritorial Development in Central, Eastern and South Eastern Europe \u2013 \u2018Places that do not matter\u2019 and inner peripheries\u201d Link: http:\/\/www.spa-ce.net\/ 2019 \u2013 2nd Annual Workshop of TG-WeB, the Western Balkans Network on Territorial Governance, \u201cChallenges of Regional Development in Western Balkans\u201d Link: http:\/\/tg-web.eu\/activities\/ 2019 \u2013 2nd International Scientific Conference on Professional Studies Link: https:\/\/www.uamd.edu.al\/wp-content\/uploads\/2018\/11\/ISCPS_Conference.pdf 2019 \u2013 13th AESOP (Association of European Schools of Planning) Lecture Series \u201cNew Frontiers for Spatial Planning in Times of Uncertainty. Dealing with Climate Change and Environmental Risks\u201d 2018 \u2013 &#8220;Tirana Architecture Weeks&#8221; 2018 &#8211; National and international event in the field of architecture, urban planning and environment. Main Topic \u201cCo-habitation tactics\u201d Link: https:\/\/tiranaarchitectureweek.com\/about\/ 2017 \u2013 &#8220;Tirana Design Weeks&#8221; 2017 \u2013 National and international event in the field of Art and Applied Design. Main topic: \u201cDesign for an Inclusive Future\u201dLink: https:\/\/tiranadesignweek.com\/?page_id=86 2017 \u2013 ENHR (European Network for Housing Research) Conference \u201cAffordable housing for all! Redefining the role of public and private sectors\u201dLink: https:\/\/enhr.net\/activities\/conferences\/ 2016 \u2013 &#8220;Tirana Architecture Weeks&#8221; 2016 &#8211; National and international event in the field of architecture, urban planning and environment. Main Topic \u201cArchitecture that matters\u201dLink: https:\/\/tiranaarchitectureweek.com\/about\/ 2016 \u2013 1st International Scientific Conference on Professional Sciences 2015 \u2013 &#8220;Tirana Design Weeks&#8221; 2015 \u2013 National and international event in the field of Art and Applied Design. Main topic: \u201cDesign Now\u201dLink: https:\/\/tiranadesignweek.com\/?page_id=86 2014 \u2013 &#8220;Tirana Architecture Weeks&#8221; 2014 &#8211; National and international event in the field of architecture, urban planning and environment. Main Topic \u201cEnvisioning Future Cities\u201dLink: https:\/\/tiranaarchitectureweek.com\/about\/ 2013 \u2013 &#8220;Tirana Design Weeks&#8221; 2013 &#8211; National and international event in the field of Art and Applied Design. Main topic: \u201cMade-in Design\u201dLink: https:\/\/tiranadesignweek.com\/?page_id=86 2012 \u2013 &#8220;Tirana Architecture Weeks&#8221; 2012 &#8211; National and international event in the field of architecture, urban planning and environment. Main Topic \u201cRe-appropriation of the City\u201d Link: https:\/\/tiranaarchitectureweek.com\/about\/ 2003 \u2013 ENHR (European Network for Housing Research) Conference \u201cMaking Cities Work\u201c Link: https:\/\/enhr.net\/activities\/conferences\/<\/p>\n","protected":false},"author":3,"featured_media":0,"parent":0,"menu_order":0,"comment_status":"closed","ping_status":"closed","template":"","meta":{"footnotes":""},"class_list":["post-14825","page","type-page","status-publish","hentry","post-no-thumbnail"],"_links":{"self":[{"href":"https:\/\/universitetipolis.edu.al\/index.php?rest_route=\/wp\/v2\/pages\/14825","targetHints":{"allow":["GET"]}}],"collection":[{"href":"https:\/\/universitetipolis.edu.al\/index.php?rest_route=\/wp\/v2\/pages"}],"about":[{"href":"https:\/\/universitetipolis.edu.al\/index.php?rest_route=\/wp\/v2\/types\/page"}],"author":[{"embeddable":true,"href":"https:\/\/universitetipolis.edu.al\/index.php?rest_route=\/wp\/v2\/users\/3"}],"replies":[{"embeddable":true,"href":"https:\/\/universitetipolis.edu.al\/index.php?rest_route=%2Fwp%2Fv2%2Fcomments&post=14825"}],"version-history":[{"count":6,"href":"https:\/\/universitetipolis.edu.al\/index.php?rest_route=\/wp\/v2\/pages\/14825\/revisions"}],"predecessor-version":[{"id":28082,"href":"https:\/\/universitetipolis.edu.al\/index.php?rest_route=\/wp\/v2\/pages\/14825\/revisions\/28082"}],"wp:attachment":[{"href":"https:\/\/universitetipolis.edu.al\/index.php?rest_route=%2Fwp%2Fv2%2Fmedia&parent=14825"}],"curies":[{"name":"wp","href":"https:\/\/api.w.org\/{rel}","templated":true}]}}