{"id":14721,"date":"2023-02-17T10:57:46","date_gmt":"2023-02-17T09:57:46","guid":{"rendered":"https:\/\/universitetipolis.edu.al\/?page_id=14721"},"modified":"2023-04-18T17:36:44","modified_gmt":"2023-04-18T15:36:44","slug":"klubet-studentore-2","status":"publish","type":"page","link":"https:\/\/universitetipolis.edu.al\/?page_id=14721","title":{"rendered":"Klubet Studentore"},"content":{"rendered":"\t\t<div data-elementor-type=\"wp-page\" data-elementor-id=\"14721\" class=\"elementor elementor-14721\" data-elementor-post-type=\"page\">\n\t\t\t\t\t\t<section class=\"elementor-section elementor-top-section elementor-element elementor-element-0c55130 elementor-section-boxed elementor-section-gap-beside-yes elementor-section-height-default elementor-section-height-default elementor-section-column-vertical-align-stretch\" data-id=\"0c55130\" data-element_type=\"section\" data-e-type=\"section\">\n\t\t\t\t\t\t<div class=\"elementor-container elementor-column-gap-extended\">\n\t\t\t\t\t<div class=\"elementor-column elementor-col-100 elementor-top-column elementor-element elementor-element-a52fecf\" data-id=\"a52fecf\" data-element_type=\"column\" data-e-type=\"column\">\n\t\t\t<div class=\"elementor-widget-wrap elementor-element-populated\">\n\t\t\t\t\t\t<div class=\"elementor-element elementor-element-e79250a elementor-widget elementor-widget-text-editor\" data-id=\"e79250a\" data-element_type=\"widget\" data-e-type=\"widget\" data-widget_type=\"text-editor.default\">\n\t\t\t\t<div class=\"elementor-widget-container\">\n\t\t\t\t\t\t\t\t\t<p>Komuniteti <strong>POLIS<\/strong> ka nj\u0451 rrjet\u0451zim dhe jet\u0451 t\u0451 pasur sociale, artistike dhe intelektuale. N\u0451 POLIS funksionojne \u201cKlubet\u201d e pavarura por q\u0451 ndajn\u0451 s\u0451 bashku: vlerat, misionin dhe filozofin\u0451 e p\u0451rbashk\u0451t t\u0451 U_POLIS. Disa nga klubet sociale m\u0451 t\u0451 spikatura jan\u0451:<\/p><p>&#8211; <a href=\"https:\/\/www.facebook.com\/archhouse.1?mibextid=LQQJ4d\" target=\"_blank\" rel=\"noopener\"><strong><em>\u201cArch_House\u201d<\/em><\/strong><\/a> &#8211; nj\u0451 hap\u0451sir\u0451 alternative p\u0451r takime sociale periodike dhe ekspozim e diskutim t\u0451 \u00e7eshtjeve t\u0451 ndryshme me interes p\u0451r studentet, stafin dhe partner\u0451t;<\/p><p>&#8211; <em><a href=\"https:\/\/www.facebook.com\/polisuniversity\/posts\/660630174004834\/?_rdr\" target=\"_blank\" rel=\"noopener\"><strong>&#8220;Googoats&#8221;<\/strong><\/a><\/em> dhe <a href=\"https:\/\/www.facebook.com\/polisuniversity\/posts\/660630174004834\/?_rdr\" target=\"_blank\" rel=\"noopener\"><em><strong>&#8220;El Peor&#8221;<\/strong><\/em><\/a>\u00a0\u2013 klube alternative studentore, ku ka prezenc\u0451 t\u0451 fort\u0451 sh\u0451rbimi \u2018internet cafee\u2019 dhe ku zakonisht komuniteti POLIS takohet me rrethe t\u0451 tjera profesionale n\u0451 Tirane apo vizitor\u0451 t\u0451 huaj. N\u0451 k\u0451to ambiente shpesh punohet p\u0451r projekte akademike dhe konkrete, n\u0451 kushtet e nj\u0451 atmosfere sa m\u0451 informale dhe t\u0451 lirshme;<\/p><p>&#8211; <a href=\"https:\/\/www.facebook.com\/polisuniversity\/posts\/1692990630768778\/\" target=\"_blank\" rel=\"noopener\"><strong><em>\u201cKulturoteka POLIS\u201d<\/em><\/strong><\/a> \u2013 \u0451sht\u0451 nj\u0451 nga projektet n\u0451 nd\u0451rtim t\u0451 POLIS, e cila do t\u0451 rrezatoj\u0451 kultur\u0451n, stilin dhe shijen e \u2018modelit POLIS\u2019 n\u0451 Tiran\u0451;<\/p><p>&#8211; <a href=\"https:\/\/facebook.com\/polisuniversity\/posts\/4451633898237757\/\" target=\"_blank\" rel=\"noopener\"><em><strong>\u201cKlubi i Sportit: Get Fit &amp; Fun\u201d<\/strong><\/em><\/a> &#8211; organizon n\u0451 m\u0451nyr\u0451 periodike evente sportive, si aerobi, volejboll, basketboll, si dhe kampionatin e futbollit t\u0451 U_POLIS;<\/p><p>&#8211; <a href=\"http:\/\/walkingthecityupolis.blogspot.com\/\" target=\"_blank\" rel=\"noopener\"><strong><em>Klubi \u201cWalking The City\u201d<\/em><\/strong><\/a> &#8211; q\u0451 stimulon l\u0451vizjet mjedisore, kulturore, turistike dhe sportive t\u0451 k\u0451mb\u0451sor-izimit dhe p\u0451rdorimit t\u0451 bi\u00e7ikletave n\u0451 qytet, duke organizuar periodikisht ecje t\u0451 lira n\u0451 itenerare alternative, jasht\u0451 korridoreve t\u0451 motorizuara t\u0451 qyteteve, duke i kontribuar njohjes dhe sensibilizimit p\u0451r nj\u0451 qytet alternativ, q\u0451 shum\u0451 nga ne e kemi pran\u0451 por nuk e njohim mir\u0451.<\/p><p>&#8211; <a href=\"https:\/\/facebook.com\/story.php?story_fbid=5110930438974763&amp;id=115596881841502&amp;m_entstream_source=permalink&amp;_rdr\" target=\"_blank\" rel=\"noopener\"><em><strong>Klubi i \u201cAktiviteteve Artistike\u201d<\/strong><\/em><\/a>: p\u00ebrfshin nj\u00eb grupim interesash dhe student\u00ebsh t\u00eb cil\u00ebt d\u00ebshirojn\u00eb t\u00eb zhvillojn\u00eb talentet e tyre artistike n\u00eb koh\u00ebn e lir\u00eb dhe n\u00eb ambientet e universitetit. Shfaqja \u201cPOLIS got Talent\u201d p\u00ebrmbledh n\u00eb nj\u00eb event t\u00eb madh shumic\u00ebn prej student\u00ebve q\u00eb d\u00ebshirojn\u00eb t\u00eb p\u00ebrformojn\u00eb n\u00eb kanto, instrumenta, aktrim etj., ku me performancat e tyre \u00e7do vit, b\u00ebjn\u00eb q\u00eb ajo dit\u00eb t\u00eb shnd\u00ebrrohet n\u00eb nj\u00eb dit\u00eb feste n\u00eb POLIS.<\/p><p>&#8211; <em><strong><a href=\"https:\/\/facebook.com\/115596881841502\/posts\/5633273516740450\/\" target=\"_blank\" rel=\"noopener\">Klubi i \u201cAktiviteteve Social-Kulturore&#8221;<\/a><\/strong><\/em>: p\u00ebrfaq\u00ebson grupimin e aktiviteteve me karakter social e kulturor, q\u00eb paraqitet n\u00eb organizimin e tureve educative, festave, aktiviteteve me karakter vullnetar etj., ku nj\u00eb nd\u00ebr m\u00eb t\u00eb suksesshmit \u00ebsht\u00eb \u201cKlubi I Debatit\u201d i cili zhvillohet \u00e7do vit n\u00eb POLIS, n\u00eb bashk\u00ebpunim me Junior Achievement Albania.<\/p>\t\t\t\t\t\t\t\t<\/div>\n\t\t\t\t<\/div>\n\t\t\t\t\t<\/div>\n\t\t<\/div>\n\t\t\t\t\t<\/div>\n\t\t<\/section>\n\t\t\t\t<section class=\"elementor-section elementor-top-section elementor-element elementor-element-399a2ad elementor-section-boxed elementor-section-gap-beside-yes elementor-section-height-default elementor-section-height-default elementor-section-column-vertical-align-stretch\" data-id=\"399a2ad\" data-element_type=\"section\" data-e-type=\"section\">\n\t\t\t\t\t\t<div class=\"elementor-container elementor-column-gap-extended\">\n\t\t\t\t\t<div class=\"elementor-column elementor-col-100 elementor-top-column elementor-element elementor-element-80f3e89\" data-id=\"80f3e89\" data-element_type=\"column\" data-e-type=\"column\">\n\t\t\t<div class=\"elementor-widget-wrap elementor-element-populated\">\n\t\t\t\t\t\t\t<\/div>\n\t\t<\/div>\n\t\t\t\t\t<\/div>\n\t\t<\/section>\n\t\t\t\t<section class=\"elementor-section elementor-top-section elementor-element elementor-element-a64f994 elementor-section-boxed elementor-section-gap-beside-yes elementor-section-height-default elementor-section-height-default elementor-section-column-vertical-align-stretch\" data-id=\"a64f994\" data-element_type=\"section\" data-e-type=\"section\">\n\t\t\t\t\t\t<div class=\"elementor-container elementor-column-gap-extended\">\n\t\t\t\t\t<div class=\"elementor-column elementor-col-100 elementor-top-column elementor-element elementor-element-3b4318c\" data-id=\"3b4318c\" data-element_type=\"column\" data-e-type=\"column\">\n\t\t\t<div class=\"elementor-widget-wrap elementor-element-populated\">\n\t\t\t\t\t\t<div class=\"elementor-element elementor-element-765a41d elementor-widget elementor-widget-heading\" data-id=\"765a41d\" data-element_type=\"widget\" data-e-type=\"widget\" data-widget_type=\"heading.default\">\n\t\t\t\t<div class=\"elementor-widget-container\">\n\t\t\t\t\t<h2 class=\"elementor-heading-title elementor-size-default\">Barbecue &amp; Volleyball<\/h2>\t\t\t\t<\/div>\n\t\t\t\t<\/div>\n\t\t\t\t\t<\/div>\n\t\t<\/div>\n\t\t\t\t\t<\/div>\n\t\t<\/section>\n\t\t\t\t<section class=\"elementor-section elementor-top-section elementor-element elementor-element-b23665d elementor-section-boxed elementor-section-gap-beside-yes elementor-section-height-default elementor-section-height-default elementor-section-column-vertical-align-stretch\" data-id=\"b23665d\" data-element_type=\"section\" data-e-type=\"section\">\n\t\t\t\t\t\t<div class=\"elementor-container elementor-column-gap-extended\">\n\t\t\t\t\t<div class=\"elementor-column elementor-col-100 elementor-top-column elementor-element elementor-element-5bc6378\" data-id=\"5bc6378\" data-element_type=\"column\" data-e-type=\"column\">\n\t\t\t<div class=\"elementor-widget-wrap elementor-element-populated\">\n\t\t\t\t\t\t<div class=\"elementor-element elementor-element-814314d elementor-widget elementor-widget-heading\" data-id=\"814314d\" data-element_type=\"widget\" data-e-type=\"widget\" data-widget_type=\"heading.default\">\n\t\t\t\t<div class=\"elementor-widget-container\">\n\t\t\t\t\t<h2 class=\"elementor-heading-title elementor-size-default\">Party<\/h2>\t\t\t\t<\/div>\n\t\t\t\t<\/div>\n\t\t\t\t\t<\/div>\n\t\t<\/div>\n\t\t\t\t\t<\/div>\n\t\t<\/section>\n\t\t\t\t<section class=\"elementor-section elementor-top-section elementor-element elementor-element-ae13917 elementor-section-boxed elementor-section-gap-beside-yes elementor-section-height-default elementor-section-height-default elementor-section-column-vertical-align-stretch\" data-id=\"ae13917\" data-element_type=\"section\" data-e-type=\"section\">\n\t\t\t\t\t\t<div class=\"elementor-container elementor-column-gap-extended\">\n\t\t\t\t\t<div class=\"elementor-column elementor-col-100 elementor-top-column elementor-element elementor-element-8293982\" data-id=\"8293982\" data-element_type=\"column\" data-e-type=\"column\">\n\t\t\t<div class=\"elementor-widget-wrap elementor-element-populated\">\n\t\t\t\t\t\t<div class=\"elementor-element elementor-element-f096fbb elementor-widget elementor-widget-heading\" data-id=\"f096fbb\" data-element_type=\"widget\" data-e-type=\"widget\" data-widget_type=\"heading.default\">\n\t\t\t\t<div class=\"elementor-widget-container\">\n\t\t\t\t\t<h2 class=\"elementor-heading-title elementor-size-default\">Debate Club<\/h2>\t\t\t\t<\/div>\n\t\t\t\t<\/div>\n\t\t\t\t\t<\/div>\n\t\t<\/div>\n\t\t\t\t\t<\/div>\n\t\t<\/section>\n\t\t\t\t<\/div>\n\t\t","protected":false},"excerpt":{"rendered":"<p>Komuniteti POLIS ka nj\u0451 rrjet\u0451zim dhe jet\u0451 t\u0451 pasur sociale, artistike dhe intelektuale. N\u0451 POLIS funksionojne \u201cKlubet\u201d e pavarura por q\u0451 ndajn\u0451 s\u0451 bashku: vlerat, misionin dhe filozofin\u0451 e p\u0451rbashk\u0451t t\u0451 U_POLIS. Disa nga klubet sociale m\u0451 t\u0451 spikatura jan\u0451: &#8211; \u201cArch_House\u201d &#8211; nj\u0451 hap\u0451sir\u0451 alternative p\u0451r takime sociale periodike dhe ekspozim e diskutim t\u0451 \u00e7eshtjeve t\u0451 ndryshme me interes p\u0451r studentet, stafin dhe partner\u0451t; &#8211; &#8220;Googoats&#8221; dhe &#8220;El Peor&#8221;\u00a0\u2013 klube alternative studentore, ku ka prezenc\u0451 t\u0451 fort\u0451 sh\u0451rbimi \u2018internet cafee\u2019 dhe ku zakonisht komuniteti POLIS takohet me rrethe t\u0451 tjera profesionale n\u0451 Tirane apo vizitor\u0451 t\u0451 huaj. N\u0451 k\u0451to ambiente shpesh punohet p\u0451r projekte akademike dhe konkrete, n\u0451 kushtet e nj\u0451 atmosfere sa m\u0451 informale dhe t\u0451 lirshme; &#8211; \u201cKulturoteka POLIS\u201d \u2013 \u0451sht\u0451 nj\u0451 nga projektet n\u0451 nd\u0451rtim t\u0451 POLIS, e cila do t\u0451 rrezatoj\u0451 kultur\u0451n, stilin dhe shijen e \u2018modelit POLIS\u2019 n\u0451 Tiran\u0451; &#8211; \u201cKlubi i Sportit: Get Fit &amp; Fun\u201d &#8211; organizon n\u0451 m\u0451nyr\u0451 periodike evente sportive, si aerobi, volejboll, basketboll, si dhe kampionatin e futbollit t\u0451 U_POLIS; &#8211; Klubi \u201cWalking The City\u201d &#8211; q\u0451 stimulon l\u0451vizjet mjedisore, kulturore, turistike dhe sportive t\u0451 k\u0451mb\u0451sor-izimit dhe p\u0451rdorimit t\u0451 bi\u00e7ikletave n\u0451 qytet, duke organizuar periodikisht ecje t\u0451 lira n\u0451 itenerare alternative, jasht\u0451 korridoreve t\u0451 motorizuara t\u0451 qyteteve, duke i kontribuar njohjes dhe sensibilizimit p\u0451r nj\u0451 qytet alternativ, q\u0451 shum\u0451 nga ne e kemi pran\u0451 por nuk e njohim mir\u0451. &#8211; Klubi i \u201cAktiviteteve Artistike\u201d: p\u00ebrfshin nj\u00eb grupim interesash dhe student\u00ebsh t\u00eb cil\u00ebt d\u00ebshirojn\u00eb t\u00eb zhvillojn\u00eb talentet e tyre artistike n\u00eb koh\u00ebn e lir\u00eb dhe n\u00eb ambientet e universitetit. Shfaqja \u201cPOLIS got Talent\u201d p\u00ebrmbledh n\u00eb nj\u00eb event t\u00eb madh shumic\u00ebn prej student\u00ebve q\u00eb d\u00ebshirojn\u00eb t\u00eb p\u00ebrformojn\u00eb n\u00eb kanto, instrumenta, aktrim etj., ku me performancat e tyre \u00e7do vit, b\u00ebjn\u00eb q\u00eb ajo dit\u00eb t\u00eb shnd\u00ebrrohet n\u00eb nj\u00eb dit\u00eb feste n\u00eb POLIS. &#8211; Klubi i \u201cAktiviteteve Social-Kulturore&#8221;: p\u00ebrfaq\u00ebson grupimin e aktiviteteve me karakter social e kulturor, q\u00eb paraqitet n\u00eb organizimin e tureve educative, festave, aktiviteteve me karakter vullnetar etj., ku nj\u00eb nd\u00ebr m\u00eb t\u00eb suksesshmit \u00ebsht\u00eb \u201cKlubi I Debatit\u201d i cili zhvillohet \u00e7do vit n\u00eb POLIS, n\u00eb bashk\u00ebpunim me Junior Achievement Albania. Barbecue &#038; Volleyball Party Debate Club<\/p>\n","protected":false},"author":3,"featured_media":0,"parent":0,"menu_order":0,"comment_status":"closed","ping_status":"closed","template":"","meta":{"footnotes":""},"class_list":["post-14721","page","type-page","status-publish","hentry","post-no-thumbnail"],"_links":{"self":[{"href":"https:\/\/universitetipolis.edu.al\/index.php?rest_route=\/wp\/v2\/pages\/14721","targetHints":{"allow":["GET"]}}],"collection":[{"href":"https:\/\/universitetipolis.edu.al\/index.php?rest_route=\/wp\/v2\/pages"}],"about":[{"href":"https:\/\/universitetipolis.edu.al\/index.php?rest_route=\/wp\/v2\/types\/page"}],"author":[{"embeddable":true,"href":"https:\/\/universitetipolis.edu.al\/index.php?rest_route=\/wp\/v2\/users\/3"}],"replies":[{"embeddable":true,"href":"https:\/\/universitetipolis.edu.al\/index.php?rest_route=%2Fwp%2Fv2%2Fcomments&post=14721"}],"version-history":[{"count":0,"href":"https:\/\/universitetipolis.edu.al\/index.php?rest_route=\/wp\/v2\/pages\/14721\/revisions"}],"wp:attachment":[{"href":"https:\/\/universitetipolis.edu.al\/index.php?rest_route=%2Fwp%2Fv2%2Fmedia&parent=14721"}],"curies":[{"name":"wp","href":"https:\/\/api.w.org\/{rel}","templated":true}]}}