{"id":13839,"date":"2023-02-07T16:22:18","date_gmt":"2023-02-07T15:22:18","guid":{"rendered":"https:\/\/universitetipolis.edu.al\/?page_id=13839"},"modified":"2023-04-04T18:54:33","modified_gmt":"2023-04-04T16:54:33","slug":"akte-normative","status":"publish","type":"page","link":"https:\/\/universitetipolis.edu.al\/?page_id=13839","title":{"rendered":"Akte Normative t\u00eb U_POLIS"},"content":{"rendered":"\t\t<div data-elementor-type=\"wp-page\" data-elementor-id=\"13839\" class=\"elementor elementor-13839\" data-elementor-post-type=\"page\">\n\t\t\t\t\t\t<section class=\"elementor-section elementor-top-section elementor-element elementor-element-94a8451 elementor-section-boxed elementor-section-gap-beside-yes elementor-section-height-default elementor-section-height-default elementor-section-column-vertical-align-stretch\" data-id=\"94a8451\" data-element_type=\"section\" data-e-type=\"section\">\n\t\t\t\t\t\t<div class=\"elementor-container elementor-column-gap-extended\">\n\t\t\t\t\t<div class=\"elementor-column elementor-col-25 elementor-top-column elementor-element elementor-element-3834c2a\" data-id=\"3834c2a\" data-element_type=\"column\" data-e-type=\"column\">\n\t\t\t<div class=\"elementor-widget-wrap elementor-element-populated\">\n\t\t\t\t\t\t<div class=\"elementor-element elementor-element-ff2cfaa unicamp-animation-zoom-in unicamp-graphic-position-top elementor-widget elementor-widget-tm-cover-image-box\" data-id=\"ff2cfaa\" data-element_type=\"widget\" data-e-type=\"widget\" data-widget_type=\"tm-cover-image-box.default\">\n\t\t\t\t<div class=\"elementor-widget-container\">\n\t\t\t\t\t\t\t<a class=\"tm-cover-image-box unicamp-box style-03 link-secret\" href=\"https:\/\/universitetipolis.edu.al\/wp-content\/uploads\/2023\/03\/1_Statuti_POLIS.pdf\">\t\t<div class=\"content-wrap\">\n\t\t\t\t\t\t\t<div class=\"unicamp-image image\">\n\t\t\t\t\t<img decoding=\"async\"  loading=\"lazy\" src=\"https:\/\/universitetipolis.edu.al\/wp-content\/uploads\/2023\/02\/statuti1.jpg\" alt=\"statuti(1)\" \/>\t\t\t\t<\/div>\n\t\t\t\t\t\t<div class=\"box-caption-wrap\">\n\t\t\t\t<div class=\"box-caption\">\n\t\t\t\t\t<h3 class=\"title\">Statuti i Universitetit POLIS<\/h3>\n\t\t\t\t\t\n\t\t\t\t\t\t\t\t\t<\/div>\n\t\t\t<\/div>\n\t\t<\/div>\n\t\t<\/a>\t\t\t\t\t\t<\/div>\n\t\t\t\t<\/div>\n\t\t\t\t\t<\/div>\n\t\t<\/div>\n\t\t\t\t<div class=\"elementor-column elementor-col-25 elementor-top-column elementor-element elementor-element-d0ce802\" data-id=\"d0ce802\" data-element_type=\"column\" data-e-type=\"column\">\n\t\t\t<div class=\"elementor-widget-wrap elementor-element-populated\">\n\t\t\t\t\t\t<div class=\"elementor-element elementor-element-0034788 unicamp-animation-zoom-in unicamp-graphic-position-top elementor-widget elementor-widget-tm-cover-image-box\" data-id=\"0034788\" data-element_type=\"widget\" data-e-type=\"widget\" data-widget_type=\"tm-cover-image-box.default\">\n\t\t\t\t<div class=\"elementor-widget-container\">\n\t\t\t\t\t\t\t<a class=\"tm-cover-image-box unicamp-box style-03 link-secret\" href=\"https:\/\/universitetipolis.edu.al\/wp-content\/uploads\/2023\/03\/3_Rregullore_Pergjithshme_POLIS_compressed.pdf\" target=\"_blank\" rel=\"nofollow\">\t\t<div class=\"content-wrap\">\n\t\t\t\t\t\t\t<div class=\"unicamp-image image\">\n\t\t\t\t\t<img decoding=\"async\"  loading=\"lazy\" src=\"https:\/\/universitetipolis.edu.al\/wp-content\/uploads\/2023\/02\/statuti-scaled.jpg\" alt=\"statuti\" \/>\t\t\t\t<\/div>\n\t\t\t\t\t\t<div class=\"box-caption-wrap\">\n\t\t\t\t<div class=\"box-caption\">\n\t\t\t\t\t<h3 class=\"title\">Rregullorja e P\u00ebrgjithshme<\/h3>\n\t\t\t\t\t\n\t\t\t\t\t\t\t\t\t<\/div>\n\t\t\t<\/div>\n\t\t<\/div>\n\t\t<\/a>\t\t\t\t\t\t<\/div>\n\t\t\t\t<\/div>\n\t\t\t\t\t<\/div>\n\t\t<\/div>\n\t\t\t\t<div class=\"elementor-column elementor-col-25 elementor-top-column elementor-element elementor-element-16447f2\" data-id=\"16447f2\" data-element_type=\"column\" data-e-type=\"column\">\n\t\t\t<div class=\"elementor-widget-wrap elementor-element-populated\">\n\t\t\t\t\t\t<div class=\"elementor-element elementor-element-2b53147 unicamp-animation-zoom-in unicamp-graphic-position-top elementor-widget elementor-widget-tm-cover-image-box\" data-id=\"2b53147\" data-element_type=\"widget\" data-e-type=\"widget\" data-widget_type=\"tm-cover-image-box.default\">\n\t\t\t\t<div class=\"elementor-widget-container\">\n\t\t\t\t\t\t\t<a class=\"tm-cover-image-box unicamp-box style-03 link-secret\" href=\"https:\/\/universitetipolis.edu.al\/wp-content\/uploads\/2023\/03\/4.-Kodi_Etikes_POLIS.pdf\">\t\t<div class=\"content-wrap\">\n\t\t\t\t\t\t\t<div class=\"unicamp-image image\">\n\t\t\t\t\t<img decoding=\"async\"  loading=\"lazy\" src=\"https:\/\/universitetipolis.edu.al\/wp-content\/uploads\/2023\/02\/code-of-ethics-scaled.jpg\" alt=\"code of ethics\" \/>\t\t\t\t<\/div>\n\t\t\t\t\t\t<div class=\"box-caption-wrap\">\n\t\t\t\t<div class=\"box-caption\">\n\t\t\t\t\t<h3 class=\"title\">Kodi i Etik\u00ebs<\/h3>\n\t\t\t\t\t\n\t\t\t\t\t\t\t\t\t<\/div>\n\t\t\t<\/div>\n\t\t<\/div>\n\t\t<\/a>\t\t\t\t\t\t<\/div>\n\t\t\t\t<\/div>\n\t\t\t\t\t<\/div>\n\t\t<\/div>\n\t\t\t\t<div class=\"elementor-column elementor-col-25 elementor-top-column elementor-element elementor-element-12933e0\" data-id=\"12933e0\" data-element_type=\"column\" data-e-type=\"column\">\n\t\t\t<div class=\"elementor-widget-wrap elementor-element-populated\">\n\t\t\t\t\t\t<div class=\"elementor-element elementor-element-071c4f4 unicamp-animation-zoom-in unicamp-graphic-position-top elementor-widget elementor-widget-tm-cover-image-box\" data-id=\"071c4f4\" data-element_type=\"widget\" data-e-type=\"widget\" data-widget_type=\"tm-cover-image-box.default\">\n\t\t\t\t<div class=\"elementor-widget-container\">\n\t\t\t\t\t\t\t<a class=\"tm-cover-image-box unicamp-box style-03 link-secret\" href=\"https:\/\/universitetipolis.edu.al\/wp-content\/uploads\/2023\/03\/5_Code_of_Research_Conduct_and_Ethics_POLIS.pdf\">\t\t<div class=\"content-wrap\">\n\t\t\t\t\t\t\t<div class=\"unicamp-image image\">\n\t\t\t\t\t<img decoding=\"async\"  loading=\"lazy\" src=\"https:\/\/universitetipolis.edu.al\/wp-content\/uploads\/2023\/02\/feedback-scaled.jpg\" alt=\"feedback\" \/>\t\t\t\t<\/div>\n\t\t\t\t\t\t<div class=\"box-caption-wrap\">\n\t\t\t\t<div class=\"box-caption\">\n\t\t\t\t\t<h3 class=\"title\">Kodi i Sjelljes dhe Etika n\u00eb Kerkimin Shkencor<\/h3>\n\t\t\t\t\t\n\t\t\t\t\t\t\t\t\t<\/div>\n\t\t\t<\/div>\n\t\t<\/div>\n\t\t<\/a>\t\t\t\t\t\t<\/div>\n\t\t\t\t<\/div>\n\t\t\t\t\t<\/div>\n\t\t<\/div>\n\t\t\t\t\t<\/div>\n\t\t<\/section>\n\t\t\t\t<section class=\"elementor-section elementor-top-section elementor-element elementor-element-e626714 elementor-section-boxed elementor-section-gap-beside-yes elementor-section-height-default elementor-section-height-default elementor-section-column-vertical-align-stretch\" data-id=\"e626714\" data-element_type=\"section\" data-e-type=\"section\">\n\t\t\t\t\t\t<div class=\"elementor-container elementor-column-gap-extended\">\n\t\t\t\t\t<div class=\"elementor-column elementor-col-25 elementor-top-column elementor-element elementor-element-ea4557c\" data-id=\"ea4557c\" data-element_type=\"column\" data-e-type=\"column\">\n\t\t\t<div class=\"elementor-widget-wrap elementor-element-populated\">\n\t\t\t\t\t\t<div class=\"elementor-element elementor-element-a2cde59 unicamp-animation-zoom-in unicamp-graphic-position-top elementor-widget elementor-widget-tm-cover-image-box\" data-id=\"a2cde59\" data-element_type=\"widget\" data-e-type=\"widget\" data-widget_type=\"tm-cover-image-box.default\">\n\t\t\t\t<div class=\"elementor-widget-container\">\n\t\t\t\t\t\t\t<a class=\"tm-cover-image-box unicamp-box style-03 link-secret\" href=\"https:\/\/universitetipolis.edu.al\/wp-content\/uploads\/2023\/03\/6_Gender-Equality-Plan_POLIS.pdf\">\t\t<div class=\"content-wrap\">\n\t\t\t\t\t\t\t<div class=\"unicamp-image image\">\n\t\t\t\t\t<img decoding=\"async\"  loading=\"lazy\" src=\"https:\/\/universitetipolis.edu.al\/wp-content\/uploads\/2023\/02\/equality-scaled.jpg\" alt=\"equality\" \/>\t\t\t\t<\/div>\n\t\t\t\t\t\t<div class=\"box-caption-wrap\">\n\t\t\t\t<div class=\"box-caption\">\n\t\t\t\t\t<h3 class=\"title\">Plani p\u00ebr Barazin\u00eb Gjinore<\/h3>\n\t\t\t\t\t\n\t\t\t\t\t\t\t\t\t<\/div>\n\t\t\t<\/div>\n\t\t<\/div>\n\t\t<\/a>\t\t\t\t\t\t<\/div>\n\t\t\t\t<\/div>\n\t\t\t\t\t<\/div>\n\t\t<\/div>\n\t\t\t\t<div class=\"elementor-column elementor-col-25 elementor-top-column elementor-element elementor-element-5f3e8e9\" data-id=\"5f3e8e9\" data-element_type=\"column\" data-e-type=\"column\">\n\t\t\t<div class=\"elementor-widget-wrap elementor-element-populated\">\n\t\t\t\t\t\t<div class=\"elementor-element elementor-element-51b8e92 unicamp-animation-zoom-in unicamp-graphic-position-top elementor-widget elementor-widget-tm-cover-image-box\" data-id=\"51b8e92\" data-element_type=\"widget\" data-e-type=\"widget\" data-widget_type=\"tm-cover-image-box.default\">\n\t\t\t\t<div class=\"elementor-widget-container\">\n\t\t\t\t\t\t\t<a class=\"tm-cover-image-box unicamp-box style-03 link-secret\" href=\"https:\/\/universitetipolis.edu.al\/wp-content\/uploads\/2023\/03\/7_Policy-on-Students-with-Disabilities_POLIS.pdf\">\t\t<div class=\"content-wrap\">\n\t\t\t\t\t\t\t<div class=\"unicamp-image image\">\n\t\t\t\t\t<img decoding=\"async\"  loading=\"lazy\" src=\"https:\/\/universitetipolis.edu.al\/wp-content\/uploads\/2023\/02\/pjesetaret-e-keshillit-studentor-scaled.jpg\" alt=\"pjesetaret e keshillit studentor\" \/>\t\t\t\t<\/div>\n\t\t\t\t\t\t<div class=\"box-caption-wrap\">\n\t\t\t\t<div class=\"box-caption\">\n\t\t\t\t\t<h3 class=\"title\">Rregullore p\u00ebr student\u00ebt me aftesi t\u00eb kufizuar<\/h3>\n\t\t\t\t\t\n\t\t\t\t\t\t\t\t\t<\/div>\n\t\t\t<\/div>\n\t\t<\/div>\n\t\t<\/a>\t\t\t\t\t\t<\/div>\n\t\t\t\t<\/div>\n\t\t\t\t\t<\/div>\n\t\t<\/div>\n\t\t\t\t<div class=\"elementor-column elementor-col-25 elementor-top-column elementor-element elementor-element-0611d4b\" data-id=\"0611d4b\" data-element_type=\"column\" data-e-type=\"column\">\n\t\t\t<div class=\"elementor-widget-wrap elementor-element-populated\">\n\t\t\t\t\t\t<div class=\"elementor-element elementor-element-c5b55a3 unicamp-animation-zoom-in unicamp-graphic-position-top elementor-widget elementor-widget-tm-cover-image-box\" data-id=\"c5b55a3\" data-element_type=\"widget\" data-e-type=\"widget\" data-widget_type=\"tm-cover-image-box.default\">\n\t\t\t\t<div class=\"elementor-widget-container\">\n\t\t\t\t\t\t\t<a class=\"tm-cover-image-box unicamp-box style-03 link-secret\" href=\"https:\/\/universitetipolis.edu.al\/wp-content\/uploads\/2023\/04\/1.Internal_Quality_Assurance_Strategy_2023-2027_compressed.pdf\">\t\t<div class=\"content-wrap\">\n\t\t\t\t\t\t\t<div class=\"unicamp-image image\">\n\t\t\t\t\t<img decoding=\"async\"  loading=\"lazy\" src=\"https:\/\/universitetipolis.edu.al\/wp-content\/uploads\/2023\/04\/quality-assurance-1-scaled.jpg\" alt=\"quality assurance\" \/>\t\t\t\t<\/div>\n\t\t\t\t\t\t<div class=\"box-caption-wrap\">\n\t\t\t\t<div class=\"box-caption\">\n\t\t\t\t\t<h3 class=\"title\">Internal Quality Assurance Strategy<\/h3>\n\t\t\t\t\t\n\t\t\t\t\t\t\t\t\t<\/div>\n\t\t\t<\/div>\n\t\t<\/div>\n\t\t<\/a>\t\t\t\t\t\t<\/div>\n\t\t\t\t<\/div>\n\t\t\t\t\t<\/div>\n\t\t<\/div>\n\t\t\t\t<div class=\"elementor-column elementor-col-25 elementor-top-column elementor-element elementor-element-3aee1df\" data-id=\"3aee1df\" data-element_type=\"column\" data-e-type=\"column\">\n\t\t\t<div class=\"elementor-widget-wrap elementor-element-populated\">\n\t\t\t\t\t\t<div class=\"elementor-element elementor-element-ab9d597 unicamp-animation-zoom-in unicamp-graphic-position-top elementor-widget elementor-widget-tm-cover-image-box\" data-id=\"ab9d597\" data-element_type=\"widget\" data-e-type=\"widget\" data-widget_type=\"tm-cover-image-box.default\">\n\t\t\t\t<div class=\"elementor-widget-container\">\n\t\t\t\t\t\t\t<a class=\"tm-cover-image-box unicamp-box style-03 link-secret\" href=\"https:\/\/universitetipolis.edu.al\/wp-content\/uploads\/2023\/04\/2.Guideline_Research_Assessment_compressed.pdf\">\t\t<div class=\"content-wrap\">\n\t\t\t\t\t\t\t<div class=\"unicamp-image image\">\n\t\t\t\t\t<img decoding=\"async\"  loading=\"lazy\" src=\"https:\/\/universitetipolis.edu.al\/wp-content\/uploads\/2023\/04\/research-assessment-scaled.jpg\" alt=\"research assessment\" \/>\t\t\t\t<\/div>\n\t\t\t\t\t\t<div class=\"box-caption-wrap\">\n\t\t\t\t<div class=\"box-caption\">\n\t\t\t\t\t<h3 class=\"title\">Guideline Research Assessment<\/h3>\n\t\t\t\t\t\n\t\t\t\t\t\t\t\t\t<\/div>\n\t\t\t<\/div>\n\t\t<\/div>\n\t\t<\/a>\t\t\t\t\t\t<\/div>\n\t\t\t\t<\/div>\n\t\t\t\t\t<\/div>\n\t\t<\/div>\n\t\t\t\t\t<\/div>\n\t\t<\/section>\n\t\t\t\t<\/div>\n\t\t","protected":false},"excerpt":{"rendered":"<p>Statuti i Universitetit POLIS Rregullorja e P\u00ebrgjithshme Kodi i Etik\u00ebs Kodi i Sjelljes dhe Etika n\u00eb Kerkimin Shkencor Plani p\u00ebr Barazin\u00eb Gjinore Rregullore p\u00ebr student\u00ebt me aftesi t\u00eb kufizuar Internal Quality Assurance Strategy Guideline Research Assessment<\/p>\n","protected":false},"author":3,"featured_media":0,"parent":0,"menu_order":0,"comment_status":"closed","ping_status":"closed","template":"","meta":{"footnotes":""},"class_list":["post-13839","page","type-page","status-publish","hentry","post-no-thumbnail"],"_links":{"self":[{"href":"https:\/\/universitetipolis.edu.al\/index.php?rest_route=\/wp\/v2\/pages\/13839","targetHints":{"allow":["GET"]}}],"collection":[{"href":"https:\/\/universitetipolis.edu.al\/index.php?rest_route=\/wp\/v2\/pages"}],"about":[{"href":"https:\/\/universitetipolis.edu.al\/index.php?rest_route=\/wp\/v2\/types\/page"}],"author":[{"embeddable":true,"href":"https:\/\/universitetipolis.edu.al\/index.php?rest_route=\/wp\/v2\/users\/3"}],"replies":[{"embeddable":true,"href":"https:\/\/universitetipolis.edu.al\/index.php?rest_route=%2Fwp%2Fv2%2Fcomments&post=13839"}],"version-history":[{"count":0,"href":"https:\/\/universitetipolis.edu.al\/index.php?rest_route=\/wp\/v2\/pages\/13839\/revisions"}],"wp:attachment":[{"href":"https:\/\/universitetipolis.edu.al\/index.php?rest_route=%2Fwp%2Fv2%2Fmedia&parent=13839"}],"curies":[{"name":"wp","href":"https:\/\/api.w.org\/{rel}","templated":true}]}}