{"id":13419,"date":"2023-01-25T10:24:37","date_gmt":"2023-01-25T09:24:37","guid":{"rendered":"https:\/\/universitetipolis.edu.al\/?page_id=13419"},"modified":"2023-01-25T10:36:33","modified_gmt":"2023-01-25T09:36:33","slug":"eficence-energjitike","status":"publish","type":"page","link":"https:\/\/universitetipolis.edu.al\/?page_id=13419","title":{"rendered":"Efi\u00e7enc\u00eb Energjitike"},"content":{"rendered":"\t\t<div data-elementor-type=\"wp-page\" data-elementor-id=\"13419\" class=\"elementor elementor-13419\" data-elementor-post-type=\"page\">\n\t\t\t\t\t\t<section class=\"elementor-section elementor-top-section elementor-element elementor-element-862519b elementor-section-boxed elementor-section-gap-beside-yes elementor-section-height-default elementor-section-height-default elementor-section-column-vertical-align-stretch\" data-id=\"862519b\" data-element_type=\"section\" data-e-type=\"section\">\n\t\t\t\t\t\t<div class=\"elementor-container elementor-column-gap-extended\">\n\t\t\t\t\t<div class=\"elementor-column elementor-col-100 elementor-top-column elementor-element elementor-element-d1f8a11\" data-id=\"d1f8a11\" data-element_type=\"column\" data-e-type=\"column\">\n\t\t\t<div class=\"elementor-widget-wrap elementor-element-populated\">\n\t\t\t\t\t\t<div class=\"elementor-element elementor-element-8e7bd5a elementor-widget elementor-widget-text-editor\" data-id=\"8e7bd5a\" data-element_type=\"widget\" data-e-type=\"widget\" data-widget_type=\"text-editor.default\">\n\t\t\t\t<div class=\"elementor-widget-container\">\n\t\t\t\t\t\t\t\t\t<h5>Diplom\u00eb Profesionale n\u00eb <strong>Efi\u00e7enc\u00eb Energjitike<\/strong> (120 ECTC, 2 Vite Akademike)<\/h5><p>Universiteti POLIS n\u00eb kuad\u00ebr t\u00eb projektit TEMPUS, ofron program studimi me karakter profesional, pas arsimit t\u00eb mes\u00ebm, me 120 (nj\u00ebqind e nj\u00ebzet) kredite formimi, referuar nivelit 5 t\u00eb Korniz\u00ebs Shqiptare t\u00eb Kualifikimeve, koh\u00ebzgjatja e t\u00eb cilit \u00ebsht\u00eb 2 (dy) vite akademike. N\u00eb p\u00ebrfundim t\u00eb programit profesional t\u00eb studimit l\u00ebshohet \u201cDiplom\u00eb profesionale\u201d n\u00eb p\u00ebrputhje me rregulloret p\u00ebrkat\u00ebse t\u00eb Unversitetit POLIS.<\/p><h6><strong>Profili profesional <\/strong><\/h6><p>Ky program program profesional synon t\u00eb jap\u00eb njohuri formuese dhe praktike baz\u00eb mbi \u00e7\u00ebshtje dhe fenomene q\u00eb lidhen me eficienc\u00ebn e energjis\u00eb n\u00eb p\u00ebrgjith\u00ebsi e sidomos n\u00eb banes\u00eb, t\u00eb p\u00ebrgatis\u00eb student\u00ebt n\u00eb formimin e nj\u00eb aftesie praktike n\u00eb nj\u00eb fush\u00eb t\u00eb r\u00ebnd\u00ebsishme si ajo e p\u00ebrdorimit t\u00eb energjis\u00eb me leverdi ekonomike n\u00eb banesa, ti nd\u00ebrgjegj\u00ebsoj\u00eb n\u00eb \u00e7\u00ebshtjet e p\u00ebrdorimit racional (me efi\u00e7enc\u00eb) t\u00eb energjis\u00eb dhe futjen e metodave llogarit\u00ebse n\u00eb drejtim t\u00eb selektimit t\u00eb impjantit energjetik, me q\u00ebllim reduktimin e karbonit dhe p\u00ebrdorimin e energjive t\u00eb rinovueshme si e ardhmja e energjis\u00eb s\u00eb past\u00ebr. Programi synon gjithashtu t\u00eb p\u00ebrgatis\u00eb teknik\u00eb t\u00eb aft\u00eb p\u00ebr t\u00eb kryer operacione praktike n\u00eb terren q\u00eb lidhen me k\u00ebt\u00eb fush\u00eb.<\/p><h6><strong>Temat kryesore q\u00eb trajton ky program studimi:<\/strong><\/h6><p>\u27a2 Veprimtari n\u00eb disiplina t\u00eb formimit t\u00eb p\u00ebrgjithsh\u00ebm;<\/p><p>\u27a2 Kode dhe Standarte Europiane dhe Lokale ne Efi\u00e7enc\u00eb Energjitike;<\/p><p>\u27a2 Bazat e Efi\u00e7enc\u00ebs Energjitike;<\/p><p>\u27a2 Cilesia e ambientit t\u00eb brendsh\u00ebm etj.;<\/p><p>\u27a2 Veprimtari n\u00eb disiplina t\u00eb formimit karakterizues;<\/p><p>\u27a2 Sistemet HVAC; Auditim energjitik; Certifikim Energjitik; Teknologji Arkitekture dhe Nd\u00ebrtimi;<\/p><p>\u27a2 Veprimtari n\u00eb disiplina t\u00eb formimit t\u00eb ngjashme ose\/dhe integruese;<\/p><p>\u27a2 Energjite e Rinovueshme; Retrofiti i nd\u00ebrtesave; Instalime dhe Rregulla t\u00eb Siguris\u00eb etj.;<\/p><p>\u27a2 Pun\u00eb praktike dhe intership profesional.<\/p><h6><strong>Mund\u00ebsit\u00eb p\u00ebr pun\u00ebsim<\/strong><\/h6><p>Duke qen\u00eb nj\u00eb program profesional me fokus t\u00eb ve\u00e7ant\u00eb praktik\u00ebn profesionale programi n\u00eb t\u00ebr\u00ebsi synon p\u00ebrgatijen teknike profesionale t\u00eb student\u00ebve n\u00eb efii\u00e7enc\u00eb energjitike. Ky profesion apo \u201czanat\u201d \u00ebsht\u00eb shum\u00eb i k\u00ebrkuar sot n\u00eb tregun e pun\u00ebs dhe q\u00eb realisht mungon n\u00eb ofert\u00ebn akademike komb\u00ebtare. N\u00eb k\u00ebt\u00eb kuptim shanset p\u00ebr pun\u00ebsim jan\u00eb t\u00eb m\u00ebdha n\u00eb sektor\u00eb te ndrysh\u00ebm si : sektori publik (bashki e komuna), sektori privat si biznese nd\u00ebrtimi, kompani t\u00eb instalimeve elektrike dhe HVAC , NGO shqiptare dhe t\u00eb huaja qe merren me zbatimin e projekteve n\u00eb terren, etj. Programi \u00ebsht\u00eb shum\u00eb praktik dhe student\u00ebt n\u00eb dalje jan\u00eb t\u00eb gatsh\u00ebm p\u00ebr t\u00eb filluar pun\u00eb e p\u00ebr t\u00eb aplikuar njohurit\u00eb e marra n\u00eb shkoll\u00ebn profesionale.<\/p>\t\t\t\t\t\t\t\t<\/div>\n\t\t\t\t<\/div>\n\t\t\t\t\t<\/div>\n\t\t<\/div>\n\t\t\t\t\t<\/div>\n\t\t<\/section>\n\t\t\t\t<section class=\"elementor-section elementor-top-section elementor-element elementor-element-8924ffd elementor-section-boxed elementor-section-gap-beside-yes elementor-section-height-default elementor-section-height-default elementor-section-column-vertical-align-stretch\" data-id=\"8924ffd\" data-element_type=\"section\" data-e-type=\"section\" data-settings=\"{&quot;background_background&quot;:&quot;classic&quot;}\">\n\t\t\t\t\t\t<div class=\"elementor-container elementor-column-gap-extended\">\n\t\t\t\t\t<div class=\"elementor-column elementor-col-100 elementor-top-column elementor-element elementor-element-1107f0d\" data-id=\"1107f0d\" data-element_type=\"column\" data-e-type=\"column\">\n\t\t\t<div class=\"elementor-widget-wrap elementor-element-populated\">\n\t\t\t\t\t\t<div class=\"elementor-element elementor-element-eb63933 elementor-widget elementor-widget-heading\" data-id=\"eb63933\" data-element_type=\"widget\" data-e-type=\"widget\" data-widget_type=\"heading.default\">\n\t\t\t\t<div class=\"elementor-widget-container\">\n\t\t\t\t\t<h2 class=\"elementor-heading-title elementor-size-default\">PROGRAMI M\u00cbSIMOR\u00cb<\/h2>\t\t\t\t<\/div>\n\t\t\t\t<\/div>\n\t\t\t\t<div class=\"elementor-element elementor-element-148e7b6 unicamp-accordion-style-03 elementor-widget elementor-widget-tm-accordion\" data-id=\"148e7b6\" data-element_type=\"widget\" data-e-type=\"widget\" data-widget_type=\"tm-accordion.default\">\n\t\t\t\t<div class=\"elementor-widget-container\">\n\t\t\t\t\t\t\t<div class=\"unicamp-accordion unicamp-accordion-icon-right\">\n\t\t\t\t\t\t\t<div class=\"accordion-section\">\n\t\t\t\t\t<div class=\"accordion-header\">\n\t\t\t\t\t\t<div class=\"accordion-title-wrapper\">\n\t\t\t\t\t\t\t<h6 class=\"accordion-title\">Semestri I<\/h6>\t\t\t\t\t\t<\/div>\n\t\t\t\t\t\t\t\t\t\t\t\t\t<div class=\"accordion-icons\">\n\t\t\t\t\t\t\t\t<span\n\t\t\t\t\t\t\t\t\tclass=\"accordion-icon opened-icon\"><i class=\"far fa-angle-down\"><\/i><\/span>\n\t\t\t\t\t\t\t\t<span\n\t\t\t\t\t\t\t\t\tclass=\"accordion-icon closed-icon\"><\/span>\n\t\t\t\t\t\t\t<\/div>\n\t\t\t\t\t\t\t\t\t\t\t<\/div>\n\t\t\t\t\t<div class=\"accordion-content\">\n\t\t\t\t\t\t<ul><li><p>Bazat e Eficens\u00ebs Energjitike (3 kredite)<\/p><\/li><li><p>Gjuhe e huaj &#8211; Anglisht (6 kredite)<\/p><\/li><li><p>Kode dhe Standarte Europiane dhe Lokale ne Eficence Energjitike (3 kredite)<\/p><\/li><li><p>Cilesia e Ambientit te Brendshem (6 kredite)<\/p><\/li><\/ul>\t\t\t\t\t<\/div>\n\t\t\t\t<\/div>\n\t\t\t\t\t\t\t<div class=\"accordion-section\">\n\t\t\t\t\t<div class=\"accordion-header\">\n\t\t\t\t\t\t<div class=\"accordion-title-wrapper\">\n\t\t\t\t\t\t\t<h6 class=\"accordion-title\">Semestri II<\/h6>\t\t\t\t\t\t<\/div>\n\t\t\t\t\t\t\t\t\t\t\t\t\t<div class=\"accordion-icons\">\n\t\t\t\t\t\t\t\t<span\n\t\t\t\t\t\t\t\t\tclass=\"accordion-icon opened-icon\"><i class=\"far fa-angle-down\"><\/i><\/span>\n\t\t\t\t\t\t\t\t<span\n\t\t\t\t\t\t\t\t\tclass=\"accordion-icon closed-icon\"><\/span>\n\t\t\t\t\t\t\t<\/div>\n\t\t\t\t\t\t\t\t\t\t\t<\/div>\n\t\t\t\t\t<div class=\"accordion-content\">\n\t\t\t\t\t\t<ul><li>Fizik\u00eb e Aplikuar (6 kredite)<\/li><li>Teknologji Arkitekture dhe Nd\u00ebrtimi (6 kredite)<\/li><li>Sistemet HVAC (6 kredite)<\/li><li>Energjit\u00eb e Rinovueshme (3 kredite)<\/li><li>AutoCAD (6 kredite)<\/li><li>Auditim Energjitik (6 kredite)<\/li><li>\u00c7ertifikim Energjitik (6 kredite)<\/li><\/ul>\t\t\t\t\t<\/div>\n\t\t\t\t<\/div>\n\t\t\t\t\t\t\t<div class=\"accordion-section\">\n\t\t\t\t\t<div class=\"accordion-header\">\n\t\t\t\t\t\t<div class=\"accordion-title-wrapper\">\n\t\t\t\t\t\t\t<h6 class=\"accordion-title\">Semestri III<\/h6>\t\t\t\t\t\t<\/div>\n\t\t\t\t\t\t\t\t\t\t\t\t\t<div class=\"accordion-icons\">\n\t\t\t\t\t\t\t\t<span\n\t\t\t\t\t\t\t\t\tclass=\"accordion-icon opened-icon\"><i class=\"far fa-angle-down\"><\/i><\/span>\n\t\t\t\t\t\t\t\t<span\n\t\t\t\t\t\t\t\t\tclass=\"accordion-icon closed-icon\"><\/span>\n\t\t\t\t\t\t\t<\/div>\n\t\t\t\t\t\t\t\t\t\t\t<\/div>\n\t\t\t\t\t<div class=\"accordion-content\">\n\t\t\t\t\t\t<ul><li>Internship (12 kredite)<\/li><li>Praktik\u00eb Laboratorike (12 kredite)<\/li><li>Menaxhim Biznesi (3 kredite)<\/li><li>L\u00ebnd\u00eb me p\u00ebrzgjedhje (3 kredite)<\/li><li>Retrofiti i Nd\u00ebrtesave (6 kredite)<\/li><\/ul>\t\t\t\t\t<\/div>\n\t\t\t\t<\/div>\n\t\t\t\t\t\t\t<div class=\"accordion-section\">\n\t\t\t\t\t<div class=\"accordion-header\">\n\t\t\t\t\t\t<div class=\"accordion-title-wrapper\">\n\t\t\t\t\t\t\t<h6 class=\"accordion-title\">Semestri IV<\/h6>\t\t\t\t\t\t<\/div>\n\t\t\t\t\t\t\t\t\t\t\t\t\t<div class=\"accordion-icons\">\n\t\t\t\t\t\t\t\t<span\n\t\t\t\t\t\t\t\t\tclass=\"accordion-icon opened-icon\"><i class=\"far fa-angle-down\"><\/i><\/span>\n\t\t\t\t\t\t\t\t<span\n\t\t\t\t\t\t\t\t\tclass=\"accordion-icon closed-icon\"><\/span>\n\t\t\t\t\t\t\t<\/div>\n\t\t\t\t\t\t\t\t\t\t\t<\/div>\n\t\t\t\t\t<div class=\"accordion-content\">\n\t\t\t\t\t\t<ul><li>Mir\u00ebmbajtje (6 kredite)<\/li><li>Instalime dhe Rregulla t\u00eb Siguris\u00eb (6 kredite)<\/li><li>Projekti Final (15 kredite)<\/li><\/ul>\t\t\t\t\t<\/div>\n\t\t\t\t<\/div>\n\t\t\t\t\t<\/div>\n\t\t\t\t\t\t<\/div>\n\t\t\t\t<\/div>\n\t\t\t\t\t<\/div>\n\t\t<\/div>\n\t\t\t\t\t<\/div>\n\t\t<\/section>\n\t\t\t\t<\/div>\n\t\t","protected":false},"excerpt":{"rendered":"<p>Diplom\u00eb Profesionale n\u00eb Efi\u00e7enc\u00eb Energjitike (120 ECTC, 2 Vite Akademike) Universiteti POLIS n\u00eb kuad\u00ebr t\u00eb projektit TEMPUS, ofron program studimi me karakter profesional, pas arsimit t\u00eb mes\u00ebm, me 120 (nj\u00ebqind e nj\u00ebzet) kredite formimi, referuar nivelit 5 t\u00eb Korniz\u00ebs Shqiptare t\u00eb Kualifikimeve, koh\u00ebzgjatja e t\u00eb cilit \u00ebsht\u00eb 2 (dy) vite akademike. N\u00eb p\u00ebrfundim t\u00eb programit profesional t\u00eb studimit l\u00ebshohet \u201cDiplom\u00eb profesionale\u201d n\u00eb p\u00ebrputhje me rregulloret p\u00ebrkat\u00ebse t\u00eb Unversitetit POLIS. Profili profesional Ky program program profesional synon t\u00eb jap\u00eb njohuri formuese dhe praktike baz\u00eb mbi \u00e7\u00ebshtje dhe fenomene q\u00eb lidhen me eficienc\u00ebn e energjis\u00eb n\u00eb p\u00ebrgjith\u00ebsi e sidomos n\u00eb banes\u00eb, t\u00eb p\u00ebrgatis\u00eb student\u00ebt n\u00eb formimin e nj\u00eb aftesie praktike n\u00eb nj\u00eb fush\u00eb t\u00eb r\u00ebnd\u00ebsishme si ajo e p\u00ebrdorimit t\u00eb energjis\u00eb me leverdi ekonomike n\u00eb banesa, ti nd\u00ebrgjegj\u00ebsoj\u00eb n\u00eb \u00e7\u00ebshtjet e p\u00ebrdorimit racional (me efi\u00e7enc\u00eb) t\u00eb energjis\u00eb dhe futjen e metodave llogarit\u00ebse n\u00eb drejtim t\u00eb selektimit t\u00eb impjantit energjetik, me q\u00ebllim reduktimin e karbonit dhe p\u00ebrdorimin e energjive t\u00eb rinovueshme si e ardhmja e energjis\u00eb s\u00eb past\u00ebr. Programi synon gjithashtu t\u00eb p\u00ebrgatis\u00eb teknik\u00eb t\u00eb aft\u00eb p\u00ebr t\u00eb kryer operacione praktike n\u00eb terren q\u00eb lidhen me k\u00ebt\u00eb fush\u00eb. Temat kryesore q\u00eb trajton ky program studimi: \u27a2 Veprimtari n\u00eb disiplina t\u00eb formimit t\u00eb p\u00ebrgjithsh\u00ebm; \u27a2 Kode dhe Standarte Europiane dhe Lokale ne Efi\u00e7enc\u00eb Energjitike; \u27a2 Bazat e Efi\u00e7enc\u00ebs Energjitike; \u27a2 Cilesia e ambientit t\u00eb brendsh\u00ebm etj.; \u27a2 Veprimtari n\u00eb disiplina t\u00eb formimit karakterizues; \u27a2 Sistemet HVAC; Auditim energjitik; Certifikim Energjitik; Teknologji Arkitekture dhe Nd\u00ebrtimi; \u27a2 Veprimtari n\u00eb disiplina t\u00eb formimit t\u00eb ngjashme ose\/dhe integruese; \u27a2 Energjite e Rinovueshme; Retrofiti i nd\u00ebrtesave; Instalime dhe Rregulla t\u00eb Siguris\u00eb etj.; \u27a2 Pun\u00eb praktike dhe intership profesional. Mund\u00ebsit\u00eb p\u00ebr pun\u00ebsim Duke qen\u00eb nj\u00eb program profesional me fokus t\u00eb ve\u00e7ant\u00eb praktik\u00ebn profesionale programi n\u00eb t\u00ebr\u00ebsi synon p\u00ebrgatijen teknike profesionale t\u00eb student\u00ebve n\u00eb efii\u00e7enc\u00eb energjitike. Ky profesion apo \u201czanat\u201d \u00ebsht\u00eb shum\u00eb i k\u00ebrkuar sot n\u00eb tregun e pun\u00ebs dhe q\u00eb realisht mungon n\u00eb ofert\u00ebn akademike komb\u00ebtare. N\u00eb k\u00ebt\u00eb kuptim shanset p\u00ebr pun\u00ebsim jan\u00eb t\u00eb m\u00ebdha n\u00eb sektor\u00eb te ndrysh\u00ebm si : sektori publik (bashki e komuna), sektori privat si biznese nd\u00ebrtimi, kompani t\u00eb instalimeve elektrike dhe HVAC , NGO shqiptare dhe t\u00eb huaja qe merren me zbatimin e projekteve n\u00eb terren, etj. Programi \u00ebsht\u00eb shum\u00eb praktik dhe student\u00ebt n\u00eb dalje jan\u00eb t\u00eb gatsh\u00ebm p\u00ebr t\u00eb filluar pun\u00eb e p\u00ebr t\u00eb aplikuar njohurit\u00eb e marra n\u00eb shkoll\u00ebn profesionale. PROGRAMI M\u00cbSIMOR\u00cb Semestri I Bazat e Eficens\u00ebs Energjitike (3 kredite) Gjuhe e huaj &#8211; Anglisht (6 kredite) Kode dhe Standarte Europiane dhe Lokale ne Eficence Energjitike (3 kredite) Cilesia e Ambientit te Brendshem (6 kredite) Semestri II Fizik\u00eb e Aplikuar (6 kredite) Teknologji Arkitekture dhe Nd\u00ebrtimi (6 kredite) Sistemet HVAC (6 kredite) Energjit\u00eb e Rinovueshme (3 kredite) AutoCAD (6 kredite) Auditim Energjitik (6 kredite) \u00c7ertifikim Energjitik (6 kredite) Semestri III Internship (12 kredite) Praktik\u00eb Laboratorike (12 kredite) Menaxhim Biznesi (3 kredite) L\u00ebnd\u00eb me p\u00ebrzgjedhje (3 kredite) Retrofiti i Nd\u00ebrtesave (6 kredite) Semestri IV Mir\u00ebmbajtje (6 kredite) Instalime dhe Rregulla t\u00eb Siguris\u00eb (6 kredite) Projekti Final (15 kredite)<\/p>\n","protected":false},"author":3,"featured_media":0,"parent":0,"menu_order":0,"comment_status":"closed","ping_status":"closed","template":"","meta":{"footnotes":""},"class_list":["post-13419","page","type-page","status-publish","hentry","post-no-thumbnail"],"_links":{"self":[{"href":"https:\/\/universitetipolis.edu.al\/index.php?rest_route=\/wp\/v2\/pages\/13419","targetHints":{"allow":["GET"]}}],"collection":[{"href":"https:\/\/universitetipolis.edu.al\/index.php?rest_route=\/wp\/v2\/pages"}],"about":[{"href":"https:\/\/universitetipolis.edu.al\/index.php?rest_route=\/wp\/v2\/types\/page"}],"author":[{"embeddable":true,"href":"https:\/\/universitetipolis.edu.al\/index.php?rest_route=\/wp\/v2\/users\/3"}],"replies":[{"embeddable":true,"href":"https:\/\/universitetipolis.edu.al\/index.php?rest_route=%2Fwp%2Fv2%2Fcomments&post=13419"}],"version-history":[{"count":0,"href":"https:\/\/universitetipolis.edu.al\/index.php?rest_route=\/wp\/v2\/pages\/13419\/revisions"}],"wp:attachment":[{"href":"https:\/\/universitetipolis.edu.al\/index.php?rest_route=%2Fwp%2Fv2%2Fmedia&parent=13419"}],"curies":[{"name":"wp","href":"https:\/\/api.w.org\/{rel}","templated":true}]}}