{"id":11019,"date":"2022-10-04T09:33:15","date_gmt":"2022-10-04T07:33:15","guid":{"rendered":"https:\/\/universitetipolis.edu.al\/?page_id=11019"},"modified":"2025-07-09T09:55:18","modified_gmt":"2025-07-09T07:55:18","slug":"a-glimpse-at-the-past","status":"publish","type":"page","link":"https:\/\/universitetipolis.edu.al\/?page_id=11019","title":{"rendered":"A Glimpse At The Past"},"content":{"rendered":"\t\t<div data-elementor-type=\"wp-page\" data-elementor-id=\"11019\" class=\"elementor elementor-11019\" data-elementor-post-type=\"page\">\n\t\t\t\t\t\t<section class=\"elementor-section elementor-top-section elementor-element elementor-element-a2b6ef0 elementor-section-boxed elementor-section-gap-beside-yes elementor-section-height-default elementor-section-height-default elementor-section-column-vertical-align-stretch\" data-id=\"a2b6ef0\" data-element_type=\"section\" data-e-type=\"section\">\n\t\t\t\t\t\t<div class=\"elementor-container elementor-column-gap-extended\">\n\t\t\t\t\t<div class=\"elementor-column elementor-col-100 elementor-top-column elementor-element elementor-element-6f04a9f\" data-id=\"6f04a9f\" data-element_type=\"column\" data-e-type=\"column\">\n\t\t\t<div class=\"elementor-widget-wrap elementor-element-populated\">\n\t\t\t\t\t\t<div class=\"elementor-element elementor-element-7a61a76 elementor-widget elementor-widget-text-editor\" data-id=\"7a61a76\" data-element_type=\"widget\" data-e-type=\"widget\" data-widget_type=\"text-editor.default\">\n\t\t\t\t<div class=\"elementor-widget-container\">\n\t\t\t\t\t\t\t\t\t<div><div>Universiteti POLIS \u00ebsht\u00eb \u201cHap\u00ebsir\u00eb p\u00ebr Mendim\u201d i politikave p\u00ebr zhvillimin hap\u00ebsinor, dizajnin e aplikuar dhe teknologjin\u00eb, si dhe p\u00ebr lidershipin e sip\u00ebrmarrjen! Misioni i U_POLIS \u00ebsht\u00eb sigurimi i \u201cNjohurive, Teknologjis\u00eb dhe Lidershipit\u201d<\/div><div>\u00a0<\/div><div>N\u00ebp\u00ebrmjet k\u00ebrkimit shkencor dhe t\u00eb aplikuar U_POLIS zhvillon e promovon \u201cekselenc\u00ebn shkencore dhe inovacionin\u201d. N\u00ebp\u00ebrmjet edukimit akademik p\u00ebrmir\u00ebson kompetenc\u00ebn kreative dhe gjith\u00ebp\u00ebrfshir\u00ebse.<\/div><div>\u00a0<\/div><div>U_POLIS \u00ebsht\u00eb nj\u00eb platform\u00eb arsimore rajonale n\u00eb territorin e Ballkanit Per\u00ebndimor dhe Mesdheun Lindor, q\u00eb synon krijimin e nj\u00eb gjenerate t\u00eb re profesionist\u00ebsh dhe shkenc\u00ebtar\u00ebsh me \u201cp\u00ebrgjegj\u00ebsi sociale\u201d. POLIS i kushton v\u00ebmendje t\u00eb ve\u00e7ant\u00eb p\u00ebrfshirjes s\u00eb student\u00ebve n\u00eb edukimin bazuar tek k\u00ebrkimi shkencor, duke u angazhuar n\u00eb projekte t\u00eb komunitetit, sh\u00ebrbime konkrete p\u00ebr qeverisjen vendore, si dhe programe t\u00eb k\u00ebrkimit shkencor, zhvillimit dhe inovimit &#8211; p\u00ebr shoq\u00ebrin\u00eb civile, sip\u00ebrmarrjen dhe autoritetet.\u00a0<\/div><div>\u00a0<\/div><div>U_POLIS ofron nj\u00eb \u201cgam\u00eb t\u00eb fokusuar studimesh\u201d n\u00eb Art-Dizajn, Arkitektur\u00eb, Planifikim Urban dhe Studime Mjedisore, Inxhinieri dhe Teknologji, Administrim Publik e Privat, si dhe profilizime te tjera. N\u00eb U_POLIS ofrohen studime n\u00eb kat\u00ebr nivele: Shkollim Profesional, Bachelor, Master Profesional, Ekzekutiv e Shkencor, apo Master Ekzekutiv dhe\u00a0 programe Doktorale, si dhe kurse dhe \u00e7ertifikata pasuniversitare trajnimi t\u00eb vlefshme p\u00ebr licensime.\u00a0\u00a0<\/div><\/div>\t\t\t\t\t\t\t\t<\/div>\n\t\t\t\t<\/div>\n\t\t\t\t\t<\/div>\n\t\t<\/div>\n\t\t\t\t\t<\/div>\n\t\t<\/section>\n\t\t\t\t<section class=\"elementor-section elementor-top-section elementor-element elementor-element-af443ca elementor-section-boxed elementor-section-gap-beside-yes elementor-section-height-default elementor-section-height-default elementor-section-column-vertical-align-stretch\" data-id=\"af443ca\" data-element_type=\"section\" data-e-type=\"section\">\n\t\t\t\t\t\t<div class=\"elementor-container elementor-column-gap-extended\">\n\t\t\t\t\t<div class=\"elementor-column elementor-col-50 elementor-top-column elementor-element elementor-element-c13c0fd\" data-id=\"c13c0fd\" data-element_type=\"column\" data-e-type=\"column\">\n\t\t\t<div class=\"elementor-widget-wrap elementor-element-populated\">\n\t\t\t\t\t\t<div class=\"elementor-element elementor-element-e123d91 elementor-widget elementor-widget-image\" data-id=\"e123d91\" data-element_type=\"widget\" data-e-type=\"widget\" data-widget_type=\"image.default\">\n\t\t\t\t<div class=\"elementor-widget-container\">\n\t\t\t\t\t\t\t\t\t\t\t\t\t\t\t<img fetchpriority=\"high\" decoding=\"async\" width=\"640\" height=\"469\" src=\"https:\/\/universitetipolis.edu.al\/wp-content\/uploads\/2022\/05\/download.jpg\" class=\"attachment-large size-large wp-image-3787\" alt=\"\" srcset=\"https:\/\/universitetipolis.edu.al\/wp-content\/uploads\/2022\/05\/download.jpg 700w, https:\/\/universitetipolis.edu.al\/wp-content\/uploads\/2022\/05\/download-300x220.jpg 300w, https:\/\/universitetipolis.edu.al\/wp-content\/uploads\/2022\/05\/download-600x440.jpg 600w\" sizes=\"(max-width: 640px) 100vw, 640px\" \/>\t\t\t\t\t\t\t\t\t\t\t\t\t\t\t<\/div>\n\t\t\t\t<\/div>\n\t\t\t\t<div class=\"elementor-element elementor-element-36a4629 elementor-widget elementor-widget-text-editor\" data-id=\"36a4629\" data-element_type=\"widget\" data-e-type=\"widget\" data-widget_type=\"text-editor.default\">\n\t\t\t\t<div class=\"elementor-widget-container\">\n\t\t\t\t\t\t\t\t\t<p>Kliko p\u00ebr t\u00eb par\u00eb materialin e plot\u00eb <a href=\"https:\/\/universitetipolis.edu.al\/wp-content\/uploads\/2025\/07\/POLISGlance-2023_09-07-2025.pdf\" target=\"_blank\" rel=\"noopener\"><u>POLIS at a Glance<\/u><\/a><\/p>\t\t\t\t\t\t\t\t<\/div>\n\t\t\t\t<\/div>\n\t\t\t\t\t<\/div>\n\t\t<\/div>\n\t\t\t\t<div class=\"elementor-column elementor-col-50 elementor-top-column elementor-element elementor-element-3f74152\" data-id=\"3f74152\" data-element_type=\"column\" data-e-type=\"column\">\n\t\t\t<div class=\"elementor-widget-wrap elementor-element-populated\">\n\t\t\t\t\t\t<div class=\"elementor-element elementor-element-09e736f elementor-widget elementor-widget-image\" data-id=\"09e736f\" data-element_type=\"widget\" data-e-type=\"widget\" data-widget_type=\"image.default\">\n\t\t\t\t<div class=\"elementor-widget-container\">\n\t\t\t\t\t\t\t\t\t\t\t\t\t\t\t<img decoding=\"async\" width=\"640\" height=\"451\" src=\"https:\/\/universitetipolis.edu.al\/wp-content\/uploads\/2022\/05\/download-_1_.jpg\" class=\"attachment-large size-large wp-image-3788\" alt=\"\" srcset=\"https:\/\/universitetipolis.edu.al\/wp-content\/uploads\/2022\/05\/download-_1_.jpg 680w, https:\/\/universitetipolis.edu.al\/wp-content\/uploads\/2022\/05\/download-_1_-300x211.jpg 300w, https:\/\/universitetipolis.edu.al\/wp-content\/uploads\/2022\/05\/download-_1_-600x423.jpg 600w\" sizes=\"(max-width: 640px) 100vw, 640px\" \/>\t\t\t\t\t\t\t\t\t\t\t\t\t\t\t<\/div>\n\t\t\t\t<\/div>\n\t\t\t\t<div class=\"elementor-element elementor-element-ebf23c9 elementor-widget elementor-widget-text-editor\" data-id=\"ebf23c9\" data-element_type=\"widget\" data-e-type=\"widget\" data-widget_type=\"text-editor.default\">\n\t\t\t\t<div class=\"elementor-widget-container\">\n\t\t\t\t\t\t\t\t\t<p>Kliko k\u00ebtu p\u00ebr t\u00eb par\u00eb Universiteti POLIS si nj\u00eb <a href=\"https:\/\/universitetipolis.edu.al\/wp-content\/uploads\/2022\/06\/U_POLIS-as-Lean-Startup-Innovation-V1.pdf\" rel=\"noopener\"><u>r<\/u><u>isi e sip\u00ebrmarrjes<\/u><\/a> n\u00eb edukim.<\/p>\t\t\t\t\t\t\t\t<\/div>\n\t\t\t\t<\/div>\n\t\t\t\t\t<\/div>\n\t\t<\/div>\n\t\t\t\t\t<\/div>\n\t\t<\/section>\n\t\t\t\t<section class=\"elementor-section elementor-top-section elementor-element elementor-element-86c1f29 elementor-section-boxed elementor-section-gap-beside-yes elementor-section-height-default elementor-section-height-default elementor-section-column-vertical-align-stretch\" data-id=\"86c1f29\" data-element_type=\"section\" data-e-type=\"section\">\n\t\t\t\t\t\t<div class=\"elementor-container elementor-column-gap-extended\">\n\t\t\t\t\t<div class=\"elementor-column elementor-col-100 elementor-top-column elementor-element elementor-element-7501799\" data-id=\"7501799\" data-element_type=\"column\" data-e-type=\"column\">\n\t\t\t<div class=\"elementor-widget-wrap\">\n\t\t\t\t\t\t\t<\/div>\n\t\t<\/div>\n\t\t\t\t\t<\/div>\n\t\t<\/section>\n\t\t\t\t<\/div>\n\t\t","protected":false},"excerpt":{"rendered":"<p>Universiteti POLIS \u00ebsht\u00eb \u201cHap\u00ebsir\u00eb p\u00ebr Mendim\u201d i politikave p\u00ebr zhvillimin hap\u00ebsinor, dizajnin e aplikuar dhe teknologjin\u00eb, si dhe p\u00ebr lidershipin e sip\u00ebrmarrjen! Misioni i U_POLIS \u00ebsht\u00eb sigurimi i \u201cNjohurive, Teknologjis\u00eb dhe Lidershipit\u201d\u00a0N\u00ebp\u00ebrmjet k\u00ebrkimit shkencor dhe t\u00eb aplikuar U_POLIS zhvillon e promovon \u201cekselenc\u00ebn shkencore dhe inovacionin\u201d. N\u00ebp\u00ebrmjet edukimit akademik p\u00ebrmir\u00ebson kompetenc\u00ebn kreative dhe gjith\u00ebp\u00ebrfshir\u00ebse.\u00a0U_POLIS \u00ebsht\u00eb nj\u00eb platform\u00eb arsimore rajonale n\u00eb territorin e Ballkanit Per\u00ebndimor dhe Mesdheun Lindor, q\u00eb synon krijimin e nj\u00eb gjenerate t\u00eb re profesionist\u00ebsh dhe shkenc\u00ebtar\u00ebsh me \u201cp\u00ebrgjegj\u00ebsi sociale\u201d. POLIS i kushton v\u00ebmendje t\u00eb ve\u00e7ant\u00eb p\u00ebrfshirjes s\u00eb student\u00ebve n\u00eb edukimin bazuar tek k\u00ebrkimi shkencor, duke u angazhuar n\u00eb projekte t\u00eb komunitetit, sh\u00ebrbime konkrete p\u00ebr qeverisjen vendore, si dhe programe t\u00eb k\u00ebrkimit shkencor, zhvillimit dhe inovimit &#8211; p\u00ebr shoq\u00ebrin\u00eb civile, sip\u00ebrmarrjen dhe autoritetet.\u00a0\u00a0U_POLIS ofron nj\u00eb \u201cgam\u00eb t\u00eb fokusuar studimesh\u201d n\u00eb Art-Dizajn, Arkitektur\u00eb, Planifikim Urban dhe Studime Mjedisore, Inxhinieri dhe Teknologji, Administrim Publik e Privat, si dhe profilizime te tjera. N\u00eb U_POLIS ofrohen studime n\u00eb kat\u00ebr nivele: Shkollim Profesional, Bachelor, Master Profesional, Ekzekutiv e Shkencor, apo Master Ekzekutiv dhe\u00a0 programe Doktorale, si dhe kurse dhe \u00e7ertifikata pasuniversitare trajnimi t\u00eb vlefshme p\u00ebr licensime.\u00a0\u00a0 Kliko p\u00ebr t\u00eb par\u00eb materialin e plot\u00eb POLIS at a Glance Kliko k\u00ebtu p\u00ebr t\u00eb par\u00eb Universiteti POLIS si nj\u00eb risi e sip\u00ebrmarrjes n\u00eb edukim.<\/p>\n","protected":false},"author":3,"featured_media":0,"parent":0,"menu_order":0,"comment_status":"closed","ping_status":"closed","template":"","meta":{"footnotes":""},"class_list":["post-11019","page","type-page","status-publish","hentry","post-no-thumbnail"],"_links":{"self":[{"href":"https:\/\/universitetipolis.edu.al\/index.php?rest_route=\/wp\/v2\/pages\/11019","targetHints":{"allow":["GET"]}}],"collection":[{"href":"https:\/\/universitetipolis.edu.al\/index.php?rest_route=\/wp\/v2\/pages"}],"about":[{"href":"https:\/\/universitetipolis.edu.al\/index.php?rest_route=\/wp\/v2\/types\/page"}],"author":[{"embeddable":true,"href":"https:\/\/universitetipolis.edu.al\/index.php?rest_route=\/wp\/v2\/users\/3"}],"replies":[{"embeddable":true,"href":"https:\/\/universitetipolis.edu.al\/index.php?rest_route=%2Fwp%2Fv2%2Fcomments&post=11019"}],"version-history":[{"count":6,"href":"https:\/\/universitetipolis.edu.al\/index.php?rest_route=\/wp\/v2\/pages\/11019\/revisions"}],"predecessor-version":[{"id":28556,"href":"https:\/\/universitetipolis.edu.al\/index.php?rest_route=\/wp\/v2\/pages\/11019\/revisions\/28556"}],"wp:attachment":[{"href":"https:\/\/universitetipolis.edu.al\/index.php?rest_route=%2Fwp%2Fv2%2Fmedia&parent=11019"}],"curies":[{"name":"wp","href":"https:\/\/api.w.org\/{rel}","templated":true}]}}