{"id":11012,"date":"2022-10-04T09:29:07","date_gmt":"2022-10-04T07:29:07","guid":{"rendered":"https:\/\/universitetipolis.edu.al\/?page_id=11012"},"modified":"2024-10-31T16:35:05","modified_gmt":"2024-10-31T15:35:05","slug":"a-glimpse-at-the-future","status":"publish","type":"page","link":"https:\/\/universitetipolis.edu.al\/?page_id=11012","title":{"rendered":"A Glimpse At The Future"},"content":{"rendered":"\t\t<div data-elementor-type=\"wp-page\" data-elementor-id=\"11012\" class=\"elementor elementor-11012\" data-elementor-post-type=\"page\">\n\t\t\t\t\t\t<section class=\"elementor-section elementor-top-section elementor-element elementor-element-14d8ad0 elementor-section-boxed elementor-section-gap-beside-yes elementor-section-height-default elementor-section-height-default elementor-section-column-vertical-align-stretch\" data-id=\"14d8ad0\" data-element_type=\"section\" data-e-type=\"section\">\n\t\t\t\t\t\t<div class=\"elementor-container elementor-column-gap-extended\">\n\t\t\t\t\t<div class=\"elementor-column elementor-col-100 elementor-top-column elementor-element elementor-element-c91b1eb\" data-id=\"c91b1eb\" data-element_type=\"column\" data-e-type=\"column\">\n\t\t\t<div class=\"elementor-widget-wrap elementor-element-populated\">\n\t\t\t\t\t\t<div class=\"elementor-element elementor-element-8ce589e elementor-widget elementor-widget-text-editor\" data-id=\"8ce589e\" data-element_type=\"widget\" data-e-type=\"widget\" data-widget_type=\"text-editor.default\">\n\t\t\t\t<div class=\"elementor-widget-container\">\n\t\t\t\t\t\t\t\t\t<p>Vizioni i Universitetit POLIS \u00ebsht\u00eb t\u00eb ofroj\u00eb ekselenc\u00eb n\u00eb edukimin e profesionist\u00ebve dhe k\u00ebrkuesve shkencor\u00eb t\u00eb aft\u00eb p\u00ebr t\u00eb adresuar nevojat e tregut dhe shoq\u00ebris\u00eb n\u00eb fushat e interesit n\u00eb vend dhe jasht\u00eb tij. P\u00ebr k\u00ebt\u00eb Universiteti POLIS ka k\u00ebto synime kryesore:<\/p><ul><li>T\u00eb pajis\u00eb student\u00ebt me cil\u00ebsit\u00eb e lidership-it profesional n\u00eb fushat q\u00eb mbulon n\u00eb m\u00ebnyr\u00eb q\u00eb t\u00eb ushtrojn\u00eb influenc\u00eb p\u00ebr zhvillim pozitiv t\u00eb vendit dhe rajonit;<\/li><li>T\u00eb pajis\u00eb student\u00ebt me njohuri teorike dhe aft\u00ebsi praktike sipas standardeve m\u00eb t\u00eb larta bashk\u00ebkohore duke synuar integrimin e tyre n\u00eb tregun e pun\u00ebs vendas dhe nd\u00ebrkomb\u00ebtar;<\/li><li>T\u00eb kryej\u00eb aktivitete studimore, k\u00ebrkimore, shkencore dhe praktike t\u00eb lidhura ngusht\u00eb me veprimtarin\u00eb akademike dhe programet e studimeve q\u00eb zhvillon;<\/li><li>T\u2019i sh\u00ebrbej\u00eb inovacionit ne fushat ku shtrin veprimtarin\u00eb e tij si dhe t\u00eb ndikoj\u00eb, n\u00eb k\u00ebto fusha, zhvillimet n\u00eb rajon.<\/li><li>Universiteti POLIS synon t\u00eb kthehet n\u00eb nj\u00eb platform\u00eb rajonale dhe pik\u00eb referencen\u00eb Ballkan dhe rajonin e Adriatikut dhe Jonit.<\/li><\/ul>\t\t\t\t\t\t\t\t<\/div>\n\t\t\t\t<\/div>\n\t\t\t\t\t<\/div>\n\t\t<\/div>\n\t\t\t\t\t<\/div>\n\t\t<\/section>\n\t\t\t\t<section class=\"elementor-section elementor-top-section elementor-element elementor-element-66f4194 elementor-section-boxed elementor-section-gap-beside-yes elementor-section-height-default elementor-section-height-default elementor-section-column-vertical-align-stretch\" data-id=\"66f4194\" data-element_type=\"section\" data-e-type=\"section\">\n\t\t\t\t\t\t<div class=\"elementor-container elementor-column-gap-extended\">\n\t\t\t\t\t<div class=\"elementor-column elementor-col-50 elementor-top-column elementor-element elementor-element-1f73936\" data-id=\"1f73936\" data-element_type=\"column\" data-e-type=\"column\">\n\t\t\t<div class=\"elementor-widget-wrap elementor-element-populated\">\n\t\t\t\t\t\t<div class=\"elementor-element elementor-element-f6494f1 unicamp-animation-zoom-in unicamp-graphic-position-top elementor-widget elementor-widget-tm-cover-image-box\" data-id=\"f6494f1\" data-element_type=\"widget\" data-e-type=\"widget\" data-widget_type=\"tm-cover-image-box.default\">\n\t\t\t\t<div class=\"elementor-widget-container\">\n\t\t\t\t\t\t\t<a class=\"tm-cover-image-box unicamp-box style-03 link-secret\" href=\"https:\/\/universitetipolis.edu.al\/wp-content\/uploads\/2022\/10\/U_POLIS-DEVELOPMENT-STRATEGY-1.pdf\">\t\t<div class=\"content-wrap\">\n\t\t\t\t\t\t\t<div class=\"unicamp-image image\">\n\t\t\t\t\t<img decoding=\"async\"  loading=\"lazy\" src=\"https:\/\/universitetipolis.edu.al\/wp-content\/uploads\/2022\/10\/Axhenda.png\" alt=\"Axhenda\" \/>\t\t\t\t<\/div>\n\t\t\t\t\t\t<div class=\"box-caption-wrap\">\n\t\t\t\t<div class=\"box-caption\">\n\t\t\t\t\t<h3 class=\"title\">Development Strategy<\/h3>\n\t\t\t\t\t\n\t\t\t\t\t\t\t\t\t<\/div>\n\t\t\t<\/div>\n\t\t<\/div>\n\t\t<\/a>\t\t\t\t\t\t<\/div>\n\t\t\t\t<\/div>\n\t\t\t\t\t<\/div>\n\t\t<\/div>\n\t\t\t\t<div class=\"elementor-column elementor-col-50 elementor-top-column elementor-element elementor-element-1487e5d\" data-id=\"1487e5d\" data-element_type=\"column\" data-e-type=\"column\">\n\t\t\t<div class=\"elementor-widget-wrap\">\n\t\t\t\t\t\t\t<\/div>\n\t\t<\/div>\n\t\t\t\t\t<\/div>\n\t\t<\/section>\n\t\t\t\t<\/div>\n\t\t","protected":false},"excerpt":{"rendered":"<p>Vizioni i Universitetit POLIS \u00ebsht\u00eb t\u00eb ofroj\u00eb ekselenc\u00eb n\u00eb edukimin e profesionist\u00ebve dhe k\u00ebrkuesve shkencor\u00eb t\u00eb aft\u00eb p\u00ebr t\u00eb adresuar nevojat e tregut dhe shoq\u00ebris\u00eb n\u00eb fushat e interesit n\u00eb vend dhe jasht\u00eb tij. P\u00ebr k\u00ebt\u00eb Universiteti POLIS ka k\u00ebto synime kryesore: T\u00eb pajis\u00eb student\u00ebt me cil\u00ebsit\u00eb e lidership-it profesional n\u00eb fushat q\u00eb mbulon n\u00eb m\u00ebnyr\u00eb q\u00eb t\u00eb ushtrojn\u00eb influenc\u00eb p\u00ebr zhvillim pozitiv t\u00eb vendit dhe rajonit; T\u00eb pajis\u00eb student\u00ebt me njohuri teorike dhe aft\u00ebsi praktike sipas standardeve m\u00eb t\u00eb larta bashk\u00ebkohore duke synuar integrimin e tyre n\u00eb tregun e pun\u00ebs vendas dhe nd\u00ebrkomb\u00ebtar; T\u00eb kryej\u00eb aktivitete studimore, k\u00ebrkimore, shkencore dhe praktike t\u00eb lidhura ngusht\u00eb me veprimtarin\u00eb akademike dhe programet e studimeve q\u00eb zhvillon; T\u2019i sh\u00ebrbej\u00eb inovacionit ne fushat ku shtrin veprimtarin\u00eb e tij si dhe t\u00eb ndikoj\u00eb, n\u00eb k\u00ebto fusha, zhvillimet n\u00eb rajon. Universiteti POLIS synon t\u00eb kthehet n\u00eb nj\u00eb platform\u00eb rajonale dhe pik\u00eb referencen\u00eb Ballkan dhe rajonin e Adriatikut dhe Jonit. Development Strategy<\/p>\n","protected":false},"author":3,"featured_media":0,"parent":0,"menu_order":0,"comment_status":"closed","ping_status":"closed","template":"","meta":{"footnotes":""},"class_list":["post-11012","page","type-page","status-publish","hentry","post-no-thumbnail"],"_links":{"self":[{"href":"https:\/\/universitetipolis.edu.al\/index.php?rest_route=\/wp\/v2\/pages\/11012","targetHints":{"allow":["GET"]}}],"collection":[{"href":"https:\/\/universitetipolis.edu.al\/index.php?rest_route=\/wp\/v2\/pages"}],"about":[{"href":"https:\/\/universitetipolis.edu.al\/index.php?rest_route=\/wp\/v2\/types\/page"}],"author":[{"embeddable":true,"href":"https:\/\/universitetipolis.edu.al\/index.php?rest_route=\/wp\/v2\/users\/3"}],"replies":[{"embeddable":true,"href":"https:\/\/universitetipolis.edu.al\/index.php?rest_route=%2Fwp%2Fv2%2Fcomments&post=11012"}],"version-history":[{"count":1,"href":"https:\/\/universitetipolis.edu.al\/index.php?rest_route=\/wp\/v2\/pages\/11012\/revisions"}],"predecessor-version":[{"id":24782,"href":"https:\/\/universitetipolis.edu.al\/index.php?rest_route=\/wp\/v2\/pages\/11012\/revisions\/24782"}],"wp:attachment":[{"href":"https:\/\/universitetipolis.edu.al\/index.php?rest_route=%2Fwp%2Fv2%2Fmedia&parent=11012"}],"curies":[{"name":"wp","href":"https:\/\/api.w.org\/{rel}","templated":true}]}}