{"id":9221,"date":"2022-05-12T14:52:12","date_gmt":"2022-05-12T12:52:12","guid":{"rendered":"https:\/\/universitetipolis.edu.al\/student-guide\/"},"modified":"2026-04-07T13:03:29","modified_gmt":"2026-04-07T11:03:29","slug":"important-guidelines","status":"publish","type":"page","link":"https:\/\/universitetipolis.edu.al\/en\/important-guidelines\/","title":{"rendered":"Important Regulations"},"content":{"rendered":"\t\t<div data-elementor-type=\"wp-page\" data-elementor-id=\"9221\" class=\"elementor elementor-9221 elementor-4106\" data-elementor-post-type=\"page\">\n\t\t\t\t\t\t<section class=\"elementor-section elementor-top-section elementor-element elementor-element-9d168c4 elementor-section-boxed elementor-section-gap-beside-yes elementor-section-height-default elementor-section-height-default elementor-section-column-vertical-align-stretch\" data-id=\"9d168c4\" data-element_type=\"section\" data-e-type=\"section\">\n\t\t\t\t\t\t<div class=\"elementor-container elementor-column-gap-extended\">\n\t\t\t\t\t<div class=\"elementor-column elementor-col-100 elementor-top-column elementor-element elementor-element-ab7a7c8\" data-id=\"ab7a7c8\" data-element_type=\"column\" data-e-type=\"column\">\n\t\t\t<div class=\"elementor-widget-wrap elementor-element-populated\">\n\t\t\t\t\t\t<div class=\"elementor-element elementor-element-a0e9fa1 elementor-widget elementor-widget-text-editor\" data-id=\"a0e9fa1\" data-element_type=\"widget\" data-e-type=\"widget\" data-widget_type=\"text-editor.default\">\n\t\t\t\t<div class=\"elementor-widget-container\">\n\t\t\t\t\t\t\t\t\t<p>The academic life of students during their university studies at POLIS University is regulated through by-laws and relevant regulations which are also provided for in the University Statute. <\/p><p>Some of the main documents for regulating these processes consist of the following:<\/p><ol><li><a href=\"https:\/\/universitetipolis.edu.al\/wp-content\/uploads\/2022\/09\/1.-Rregullore-Didaktike-e-Universitetit-POLIS.pdf\" rel=\"noopener\">Didactic Regulations<\/a><\/li><li><a href=\"https:\/\/universitetipolis.edu.al\/wp-content\/uploads\/2022\/09\/2.-Rregullore-per-percaktimin-e-Kodit-te-Etikes-ne-Universitetin-POLIS.pdf\" rel=\"noopener\">Ethics Regulation<\/a><\/li><li><a href=\"https:\/\/universitetipolis.edu.al\/wp-content\/uploads\/2022\/09\/3.-Udhezues-i-hartuar-gjate-pandemise-COVID-19.pdf\" rel=\"noopener\">Guide developed during the COVID-19 pandemic<\/a><\/li><li><a href=\"https:\/\/universitetipolis.edu.al\/wp-content\/uploads\/2025\/01\/Rregullore-Provimesh_24-2025.pdf\" rel=\"noopener\">Fundamental Regulations for the Exam Season<\/a><\/li><li><p><a href=\"https:\/\/universitetipolis.edu.al\/wp-content\/uploads\/2026\/01\/U_POLIS-Plan-Evakuimi.pdf\" target=\"_blank\" rel=\"noopener\">Evacuation Protocol In Case of Seismic Activity<\/a><\/p><\/li><\/ol><p>The Student Guide is a comprehensive informative material on POLIS University and student life as a whole. This guide gives POLIS students the opportunity to familiarize themselves with the structures of the institution, the respective faculties and branches, as well as the regulation of U_POLIS. Also, this includes detailed information on the curricula and academic programs, university facilities and ways of using them.<\/p><p>Student structures are also part of the Student Guide: the Student Association, the Office of Student Support and Career Counseling and the Alumni Association. Acquaintance with these units, as well as with the various activities that are organized on campus, complete the entire panorama of academic, professional and social life at U_POLIS.<\/p>\t\t\t\t\t\t\t\t<\/div>\n\t\t\t\t<\/div>\n\t\t\t\t\t<\/div>\n\t\t<\/div>\n\t\t\t\t\t<\/div>\n\t\t<\/section>\n\t\t\t\t<section class=\"elementor-section elementor-top-section elementor-element elementor-element-7668b1d elementor-section-boxed elementor-section-gap-beside-yes elementor-section-height-default elementor-section-height-default elementor-section-column-vertical-align-stretch\" data-id=\"7668b1d\" data-element_type=\"section\" data-e-type=\"section\">\n\t\t\t\t\t\t<div class=\"elementor-container elementor-column-gap-extended\">\n\t\t\t\t\t<div class=\"elementor-column elementor-col-33 elementor-top-column elementor-element elementor-element-15fe5c0\" data-id=\"15fe5c0\" data-element_type=\"column\" data-e-type=\"column\">\n\t\t\t<div class=\"elementor-widget-wrap elementor-element-populated\">\n\t\t\t\t\t\t<div class=\"elementor-element elementor-element-946cb3e unicamp-animation-zoom-in unicamp-graphic-position-top elementor-widget elementor-widget-tm-cover-image-box\" data-id=\"946cb3e\" data-element_type=\"widget\" data-e-type=\"widget\" data-widget_type=\"tm-cover-image-box.default\">\n\t\t\t\t<div class=\"elementor-widget-container\">\n\t\t\t\t\t\t\t<a class=\"tm-cover-image-box unicamp-box style-03 link-secret\" href=\"https:\/\/universitetipolis.edu.al\/wp-content\/uploads\/2022\/09\/1.-Rregullore-Didaktike-e-Universitetit-POLIS.pdf\">\t\t<div class=\"content-wrap\">\n\t\t\t\t\t\t\t<div class=\"unicamp-image image\">\n\t\t\t\t\t<img decoding=\"async\"  loading=\"lazy\" src=\"https:\/\/universitetipolis.edu.al\/wp-content\/uploads\/2023\/02\/regulation-osscc-min-scaled.jpg\" alt=\"regulation osscc-min\" \/>\t\t\t\t<\/div>\n\t\t\t\t\t\t<div class=\"box-caption-wrap\">\n\t\t\t\t<div class=\"box-caption\">\n\t\t\t\t\t<h3 class=\"title\">Rregullore Didaktike e Universitetit POLIS<\/h3>\n\t\t\t\t\t\n\t\t\t\t\t\t\t\t\t<\/div>\n\t\t\t<\/div>\n\t\t<\/div>\n\t\t<\/a>\t\t\t\t\t\t<\/div>\n\t\t\t\t<\/div>\n\t\t\t\t\t<\/div>\n\t\t<\/div>\n\t\t\t\t<div class=\"elementor-column elementor-col-33 elementor-top-column elementor-element elementor-element-2c3a56a\" data-id=\"2c3a56a\" data-element_type=\"column\" data-e-type=\"column\">\n\t\t\t<div class=\"elementor-widget-wrap elementor-element-populated\">\n\t\t\t\t\t\t<div class=\"elementor-element elementor-element-9f5491e unicamp-animation-zoom-in unicamp-graphic-position-top elementor-widget elementor-widget-tm-cover-image-box\" data-id=\"9f5491e\" data-element_type=\"widget\" data-e-type=\"widget\" data-widget_type=\"tm-cover-image-box.default\">\n\t\t\t\t<div class=\"elementor-widget-container\">\n\t\t\t\t\t\t\t<a class=\"tm-cover-image-box unicamp-box style-03 link-secret\" href=\"https:\/\/universitetipolis.edu.al\/wp-content\/uploads\/2022\/09\/2.-Rregullore-per-percaktimin-e-Kodit-te-Etikes-ne-Universitetin-POLIS.pdf\">\t\t<div class=\"content-wrap\">\n\t\t\t\t\t\t\t<div class=\"unicamp-image image\">\n\t\t\t\t\t<img decoding=\"async\"  loading=\"lazy\" src=\"https:\/\/universitetipolis.edu.al\/wp-content\/uploads\/2023\/02\/struktura-e-keshillit-studentor-scaled.jpg\" alt=\"struktura e keshillit studentor\" \/>\t\t\t\t<\/div>\n\t\t\t\t\t\t<div class=\"box-caption-wrap\">\n\t\t\t\t<div class=\"box-caption\">\n\t\t\t\t\t<h3 class=\"title\">Rregullore e Etik\u00ebs<\/h3>\n\t\t\t\t\t\n\t\t\t\t\t\t\t\t\t<\/div>\n\t\t\t<\/div>\n\t\t<\/div>\n\t\t<\/a>\t\t\t\t\t\t<\/div>\n\t\t\t\t<\/div>\n\t\t\t\t\t<\/div>\n\t\t<\/div>\n\t\t\t\t<div class=\"elementor-column elementor-col-33 elementor-top-column elementor-element elementor-element-4012a03\" data-id=\"4012a03\" data-element_type=\"column\" data-e-type=\"column\">\n\t\t\t<div class=\"elementor-widget-wrap elementor-element-populated\">\n\t\t\t\t\t\t<div class=\"elementor-element elementor-element-9a03b28 unicamp-animation-zoom-in unicamp-graphic-position-top elementor-widget elementor-widget-tm-cover-image-box\" data-id=\"9a03b28\" data-element_type=\"widget\" data-e-type=\"widget\" data-widget_type=\"tm-cover-image-box.default\">\n\t\t\t\t<div class=\"elementor-widget-container\">\n\t\t\t\t\t\t\t<a class=\"tm-cover-image-box unicamp-box style-03 link-secret\" href=\"https:\/\/universitetipolis.edu.al\/wp-content\/uploads\/2022\/09\/3.-Udhezues-i-hartuar-gjate-pandemise-COVID-19-1.pdf\">\t\t<div class=\"content-wrap\">\n\t\t\t\t\t\t\t<div class=\"unicamp-image image\">\n\t\t\t\t\t<img decoding=\"async\"  loading=\"lazy\" src=\"https:\/\/universitetipolis.edu.al\/wp-content\/uploads\/2023\/03\/udhezues-covid19-scaled.jpg\" alt=\"udhezues covid19\" \/>\t\t\t\t<\/div>\n\t\t\t\t\t\t<div class=\"box-caption-wrap\">\n\t\t\t\t<div class=\"box-caption\">\n\t\t\t\t\t<h3 class=\"title\">Udh\u00ebzues i hartuar gjat\u00eb pandemis\u00eb COVID-19<\/h3>\n\t\t\t\t\t\n\t\t\t\t\t\t\t\t\t<\/div>\n\t\t\t<\/div>\n\t\t<\/div>\n\t\t<\/a>\t\t\t\t\t\t<\/div>\n\t\t\t\t<\/div>\n\t\t\t\t\t<\/div>\n\t\t<\/div>\n\t\t\t\t\t<\/div>\n\t\t<\/section>\n\t\t\t\t<section class=\"elementor-section elementor-top-section elementor-element elementor-element-0a077b4 elementor-section-boxed elementor-section-gap-beside-yes elementor-section-height-default elementor-section-height-default elementor-section-column-vertical-align-stretch\" data-id=\"0a077b4\" data-element_type=\"section\" data-e-type=\"section\">\n\t\t\t\t\t\t<div class=\"elementor-container elementor-column-gap-extended\">\n\t\t\t\t\t<div class=\"elementor-column elementor-col-33 elementor-top-column elementor-element elementor-element-6c0826c\" data-id=\"6c0826c\" data-element_type=\"column\" data-e-type=\"column\">\n\t\t\t<div class=\"elementor-widget-wrap elementor-element-populated\">\n\t\t\t\t\t\t<div class=\"elementor-element elementor-element-6402de1 unicamp-animation-zoom-in unicamp-graphic-position-top elementor-widget elementor-widget-tm-cover-image-box\" data-id=\"6402de1\" data-element_type=\"widget\" data-e-type=\"widget\" data-widget_type=\"tm-cover-image-box.default\">\n\t\t\t\t<div class=\"elementor-widget-container\">\n\t\t\t\t\t\t\t<a class=\"tm-cover-image-box unicamp-box style-03 link-secret\" href=\"https:\/\/universitetipolis.edu.al\/wp-content\/uploads\/2023\/04\/7.Rregulla_baze_per_sezonin_e_provimeve_compressed.pdf\">\t\t<div class=\"content-wrap\">\n\t\t\t\t\t\t\t<div class=\"unicamp-image image\">\n\t\t\t\t\t<img decoding=\"async\"  loading=\"lazy\" src=\"https:\/\/universitetipolis.edu.al\/wp-content\/uploads\/2023\/03\/rregulla-per-provimet.jpg\" alt=\"rregulla-per-provimet\" \/>\t\t\t\t<\/div>\n\t\t\t\t\t\t<div class=\"box-caption-wrap\">\n\t\t\t\t<div class=\"box-caption\">\n\t\t\t\t\t<h6 class=\"title\">Rregulla te Pergjithshme per Menyren e zhvillimit te Provimeve<\/h6>\n\t\t\t\t\t\n\t\t\t\t\t\t\t\t\t<\/div>\n\t\t\t<\/div>\n\t\t<\/div>\n\t\t<\/a>\t\t\t\t\t\t<\/div>\n\t\t\t\t<\/div>\n\t\t\t\t\t<\/div>\n\t\t<\/div>\n\t\t\t\t<div class=\"elementor-column elementor-col-33 elementor-top-column elementor-element elementor-element-c122e7c\" data-id=\"c122e7c\" data-element_type=\"column\" data-e-type=\"column\">\n\t\t\t<div class=\"elementor-widget-wrap elementor-element-populated\">\n\t\t\t\t\t\t<div class=\"elementor-element elementor-element-62900c7 unicamp-animation-zoom-in unicamp-graphic-position-top elementor-widget elementor-widget-tm-cover-image-box\" data-id=\"62900c7\" data-element_type=\"widget\" data-e-type=\"widget\" data-widget_type=\"tm-cover-image-box.default\">\n\t\t\t\t<div class=\"elementor-widget-container\">\n\t\t\t\t\t\t\t<a class=\"tm-cover-image-box unicamp-box style-03 link-secret\" href=\"https:\/\/universitetipolis.edu.al\/wp-content\/uploads\/2026\/01\/U_POLIS-Plan-Evakuimi.pdf\" target=\"_blank\">\t\t<div class=\"content-wrap\">\n\t\t\t\t\t\t\t<div class=\"unicamp-image image\">\n\t\t\t\t\t<img decoding=\"async\"  loading=\"lazy\" src=\"https:\/\/universitetipolis.edu.al\/wp-content\/uploads\/2023\/03\/Plan-evakuimi-scaled.jpg\" alt=\"Plan evakuimi\" \/>\t\t\t\t<\/div>\n\t\t\t\t\t\t<div class=\"box-caption-wrap\">\n\t\t\t\t<div class=\"box-caption\">\n\t\t\t\t\t<h3 class=\"title\">Protokoll Evakuimi N\u00eb Rast Aktiviteti Sizmik<\/h3>\n\t\t\t\t\t\n\t\t\t\t\t\t\t\t\t<\/div>\n\t\t\t<\/div>\n\t\t<\/div>\n\t\t<\/a>\t\t\t\t\t\t<\/div>\n\t\t\t\t<\/div>\n\t\t\t\t\t<\/div>\n\t\t<\/div>\n\t\t\t\t<div class=\"elementor-column elementor-col-33 elementor-top-column elementor-element elementor-element-3edb963\" data-id=\"3edb963\" data-element_type=\"column\" data-e-type=\"column\">\n\t\t\t<div class=\"elementor-widget-wrap elementor-element-populated\">\n\t\t\t\t\t\t<div class=\"elementor-element elementor-element-caec7ea unicamp-animation-zoom-in unicamp-graphic-position-top elementor-widget elementor-widget-tm-cover-image-box\" data-id=\"caec7ea\" data-element_type=\"widget\" data-e-type=\"widget\" data-widget_type=\"tm-cover-image-box.default\">\n\t\t\t\t<div class=\"elementor-widget-container\">\n\t\t\t\t\t\t\t<a class=\"tm-cover-image-box unicamp-box style-03 link-secret\" href=\"https:\/\/universitetipolis.edu.al\/wp-content\/uploads\/2023\/04\/6.Student-Handbook_POLIS_2022-23_compressed.pdf\">\t\t<div class=\"content-wrap\">\n\t\t\t\t\t\t\t<div class=\"unicamp-image image\">\n\t\t\t\t\t<img decoding=\"async\"  loading=\"lazy\" src=\"https:\/\/universitetipolis.edu.al\/wp-content\/uploads\/2023\/04\/student-handbook-scaled.jpg\" alt=\"student handbook\" \/>\t\t\t\t<\/div>\n\t\t\t\t\t\t<div class=\"box-caption-wrap\">\n\t\t\t\t<div class=\"box-caption\">\n\t\t\t\t\t<h3 class=\"title\">Student Handbook POLIS 2022-23<\/h3>\n\t\t\t\t\t\n\t\t\t\t\t\t\t\t\t<\/div>\n\t\t\t<\/div>\n\t\t<\/div>\n\t\t<\/a>\t\t\t\t\t\t<\/div>\n\t\t\t\t<\/div>\n\t\t\t\t\t<\/div>\n\t\t<\/div>\n\t\t\t\t\t<\/div>\n\t\t<\/section>\n\t\t\t\t<\/div>\n\t\t","protected":false},"excerpt":{"rendered":"<p>The academic life of students during their university studies at POLIS University is regulated through by-laws and relevant regulations which are also provided for in the University Statute. Some of the main documents for regulating these processes consist of the following: Didactic Regulations Ethics Regulation Guide developed during the COVID-19 pandemic Fundamental Regulations for the Exam Season Evacuation Protocol In Case of Seismic Activity The Student Guide is a comprehensive informative material on POLIS University and student life as a whole. This guide gives POLIS students the opportunity to familiarize themselves with the structures of the institution, the respective faculties and branches, as well as the regulation of U_POLIS. Also, this includes detailed information on the curricula and academic programs, university facilities and ways of using them. Student structures are also part of the Student Guide: the Student Association, the Office of Student Support and Career Counseling and the Alumni Association. Acquaintance with these units, as well as with the various activities that are organized on campus, complete the entire panorama of academic, professional and social life at U_POLIS. Rregullore Didaktike e Universitetit POLIS Rregullore e Etik\u00ebs Udh\u00ebzues i hartuar gjat\u00eb pandemis\u00eb COVID-19 Rregulla te Pergjithshme per Menyren e zhvillimit te Provimeve Protokoll Evakuimi N\u00eb Rast Aktiviteti Sizmik Student Handbook POLIS 2022-23<\/p>\n","protected":false},"author":6,"featured_media":0,"parent":0,"menu_order":0,"comment_status":"closed","ping_status":"closed","template":"","meta":{"footnotes":""},"class_list":["post-9221","page","type-page","status-publish","hentry","post-no-thumbnail"],"_links":{"self":[{"href":"https:\/\/universitetipolis.edu.al\/en\/wp-json\/wp\/v2\/pages\/9221","targetHints":{"allow":["GET"]}}],"collection":[{"href":"https:\/\/universitetipolis.edu.al\/en\/wp-json\/wp\/v2\/pages"}],"about":[{"href":"https:\/\/universitetipolis.edu.al\/en\/wp-json\/wp\/v2\/types\/page"}],"author":[{"embeddable":true,"href":"https:\/\/universitetipolis.edu.al\/en\/wp-json\/wp\/v2\/users\/6"}],"replies":[{"embeddable":true,"href":"https:\/\/universitetipolis.edu.al\/en\/wp-json\/wp\/v2\/comments?post=9221"}],"version-history":[{"count":30,"href":"https:\/\/universitetipolis.edu.al\/en\/wp-json\/wp\/v2\/pages\/9221\/revisions"}],"predecessor-version":[{"id":31631,"href":"https:\/\/universitetipolis.edu.al\/en\/wp-json\/wp\/v2\/pages\/9221\/revisions\/31631"}],"wp:attachment":[{"href":"https:\/\/universitetipolis.edu.al\/en\/wp-json\/wp\/v2\/media?parent=9221"}],"curies":[{"name":"wp","href":"https:\/\/api.w.org\/{rel}","templated":true}]}}