{"id":31067,"date":"2026-02-27T14:52:58","date_gmt":"2026-02-27T13:52:58","guid":{"rendered":"https:\/\/universitetipolis.edu.al\/announcements-and-news-3\/"},"modified":"2026-03-05T09:47:25","modified_gmt":"2026-03-05T08:47:25","slug":"announcements-and-news-3","status":"publish","type":"page","link":"https:\/\/universitetipolis.edu.al\/en\/announcements-and-news-3\/","title":{"rendered":"Announcements and news"},"content":{"rendered":"\t\t<div data-elementor-type=\"wp-page\" data-elementor-id=\"31067\" class=\"elementor elementor-31067 elementor-30703\" data-elementor-post-type=\"page\">\n\t\t\t\t\t\t<section class=\"elementor-section elementor-top-section elementor-element elementor-element-cb14213 elementor-section-boxed elementor-section-gap-beside-yes elementor-section-height-default elementor-section-height-default elementor-section-column-vertical-align-stretch\" data-id=\"cb14213\" data-element_type=\"section\" data-e-type=\"section\">\n\t\t\t\t\t\t<div class=\"elementor-container elementor-column-gap-extended\">\n\t\t\t\t\t<div class=\"elementor-column elementor-col-100 elementor-top-column elementor-element elementor-element-bf42409\" data-id=\"bf42409\" data-element_type=\"column\" data-e-type=\"column\">\n\t\t\t<div class=\"elementor-widget-wrap elementor-element-populated\">\n\t\t\t\t\t\t<div class=\"elementor-element elementor-element-b446960 elementor-grid-eael-col-3 elementor-grid-tablet-eael-col-2 elementor-grid-mobile-eael-col-1 elementor-widget elementor-widget-eael-post-grid\" data-id=\"b446960\" data-element_type=\"widget\" data-e-type=\"widget\" data-settings=\"{&quot;eael_post_grid_columns&quot;:&quot;eael-col-3&quot;,&quot;eael_post_grid_columns_tablet&quot;:&quot;eael-col-2&quot;,&quot;eael_post_grid_columns_mobile&quot;:&quot;eael-col-1&quot;}\" data-widget_type=\"eael-post-grid.default\">\n\t\t\t\t<div class=\"elementor-widget-container\">\n\t\t\t\t\t<div id=\"eael-post-grid-b446960\" class=\"eael-post-grid-container\">\n            <div class=\"eael-post-grid eael-post-appender eael-post-appender-b446960 eael-post-grid-style-two\" data-layout-mode=\"grid\"><article class=\"eael-grid-post  eael-post-grid-column eael-pg-post-31203 category-announcements-fpmmu\" data-id=\"31203\">\n    <div class=\"eael-grid-post-holder\">\n        <div class=\"eael-grid-post-holder-inner\"><div class=\"eael-entry-media\"><div class=\"eael-entry-overlay fade-in\"><i class=\"fas fa-long-arrow-alt-right\" aria-hidden=\"true\"><\/i><a href=\"https:\/\/universitetipolis.edu.al\/en\/first-mapathon-at-polis-university\/\"><\/a><\/div><div class=\"eael-entry-thumbnail \">\n                            <img fetchpriority=\"high\" decoding=\"async\" width=\"640\" height=\"640\" src=\"https:\/\/universitetipolis.edu.al\/wp-content\/uploads\/2026\/03\/First-Mapathon-2026-1024x1024.jpg\" class=\"attachment-large size-large wp-image-31201\" alt=\"\" srcset=\"https:\/\/universitetipolis.edu.al\/wp-content\/uploads\/2026\/03\/First-Mapathon-2026-1024x1024.jpg 1024w, https:\/\/universitetipolis.edu.al\/wp-content\/uploads\/2026\/03\/First-Mapathon-2026-300x300.jpg 300w, https:\/\/universitetipolis.edu.al\/wp-content\/uploads\/2026\/03\/First-Mapathon-2026-150x150.jpg 150w, https:\/\/universitetipolis.edu.al\/wp-content\/uploads\/2026\/03\/First-Mapathon-2026-768x768.jpg 768w, https:\/\/universitetipolis.edu.al\/wp-content\/uploads\/2026\/03\/First-Mapathon-2026-400x400.jpg 400w, https:\/\/universitetipolis.edu.al\/wp-content\/uploads\/2026\/03\/First-Mapathon-2026.jpg 1440w\" sizes=\"(max-width: 640px) 100vw, 640px\" \/>\n                            <\/div>\n                    <\/div><div class=\"eael-entry-wrapper\"><header class=\"eael-entry-header\"><h3 class=\"eael-entry-title\"><a class=\"eael-grid-post-link\" href=\"https:\/\/universitetipolis.edu.al\/en\/first-mapathon-at-polis-university\/\" title=\"First Mapathon at POLIS University\">First Mapathon at POLIS University<\/a><\/h3><\/header><div class=\"eael-entry-content\">\n                                <div class=\"eael-grid-post-excerpt\"><p>On March 6, the First Mapathon was held at Polis...<\/p><a href=\"https:\/\/universitetipolis.edu.al\/en\/first-mapathon-at-polis-university\/\" class=\"eael-post-elements-readmore-btn\">Read More<\/a><\/div>\n                            <\/div><div class=\"eael-entry-header-after style-two\"><div class=\"eael-entry-meta\"><\/div><\/div><\/div><\/div>\n    <\/div>\n<\/article><\/div>\n            <div class=\"clearfix\"><\/div>\n        <\/div>\t\t\t\t<\/div>\n\t\t\t\t<\/div>\n\t\t\t\t\t<\/div>\n\t\t<\/div>\n\t\t\t\t\t<\/div>\n\t\t<\/section>\n\t\t\t\t<\/div>\n\t\t","protected":false},"excerpt":{"rendered":"<p>Thirrje p\u00ebr BIP \u2013 Blended Intensive Programs Universiteti Polis, n\u00eb kuad\u00ebr t\u00eb Programit Erasmus+, u ofron student\u00ebve&#8230; Read More \ud83c\udf0d GIS Day 2025 M\u00eb 19 n\u00ebntor, n\u00eb Piramid\u00ebn e Tiran\u00ebs, Universiteti POLIS dhe&#8230; Read More Dita e Par\u00eb e Ceremonis\u00eb s\u00eb Diplomimit n\u00eb Universitetin POLIS Universiteti POLIS zhvilloi dit\u00ebn e djeshme dit\u00ebn e par\u00eb t\u00eb&#8230; Read More Vijon bashk\u00ebpunimi p\u00ebr nxitjen e sip\u00ebrmarrjes tek t\u00eb rinjt\u00eb me projektin #INNOVET Me partner\u00ebt Junior Achievement of Albania dhe mb\u00ebshtetjen e programit&#8230; Read More Njoftim p\u00ebr transferimin e studimeve n\u00eb programet Bachelor dhe programet e integruara 5-vje\u00e7are Universiteti Polis njofton se procesi i aplikimit p\u00ebr transferimin e&#8230; Read More BURS\u00cb T\u00cb PLOT\u00cb P\u00cbR NJ\u00cb SEMEST\u00cbR N\u00cb ITALI UNIVERSITETI POLIS OFRON BURS\u00cb T\u00cb PLOT\u00cb P\u00cbR NJ\u00cb SEMEST\u00cbR N\u00cb&#8230; Read More Load more<\/p>\n","protected":false},"author":1217,"featured_media":0,"parent":0,"menu_order":0,"comment_status":"closed","ping_status":"closed","template":"","meta":{"footnotes":""},"class_list":["post-31067","page","type-page","status-publish","hentry"],"_links":{"self":[{"href":"https:\/\/universitetipolis.edu.al\/en\/wp-json\/wp\/v2\/pages\/31067","targetHints":{"allow":["GET"]}}],"collection":[{"href":"https:\/\/universitetipolis.edu.al\/en\/wp-json\/wp\/v2\/pages"}],"about":[{"href":"https:\/\/universitetipolis.edu.al\/en\/wp-json\/wp\/v2\/types\/page"}],"author":[{"embeddable":true,"href":"https:\/\/universitetipolis.edu.al\/en\/wp-json\/wp\/v2\/users\/1217"}],"replies":[{"embeddable":true,"href":"https:\/\/universitetipolis.edu.al\/en\/wp-json\/wp\/v2\/comments?post=31067"}],"version-history":[{"count":1,"href":"https:\/\/universitetipolis.edu.al\/en\/wp-json\/wp\/v2\/pages\/31067\/revisions"}],"predecessor-version":[{"id":31068,"href":"https:\/\/universitetipolis.edu.al\/en\/wp-json\/wp\/v2\/pages\/31067\/revisions\/31068"}],"wp:attachment":[{"href":"https:\/\/universitetipolis.edu.al\/en\/wp-json\/wp\/v2\/media?parent=31067"}],"curies":[{"name":"wp","href":"https:\/\/api.w.org\/{rel}","templated":true}]}}