{"id":31065,"date":"2026-02-27T14:48:39","date_gmt":"2026-02-27T13:48:39","guid":{"rendered":"https:\/\/universitetipolis.edu.al\/announcements-and-news-2\/"},"modified":"2026-03-05T09:46:59","modified_gmt":"2026-03-05T08:46:59","slug":"announcements-and-news-2","status":"publish","type":"page","link":"https:\/\/universitetipolis.edu.al\/en\/announcements-and-news-2\/","title":{"rendered":"Announcements and news"},"content":{"rendered":"\t\t<div data-elementor-type=\"wp-page\" data-elementor-id=\"31065\" class=\"elementor elementor-31065 elementor-30697\" data-elementor-post-type=\"page\">\n\t\t\t\t\t\t<section class=\"elementor-section elementor-top-section elementor-element elementor-element-2e6e743 elementor-section-boxed elementor-section-gap-beside-yes elementor-section-height-default elementor-section-height-default elementor-section-column-vertical-align-stretch\" data-id=\"2e6e743\" data-element_type=\"section\" data-e-type=\"section\">\n\t\t\t\t\t\t<div class=\"elementor-container elementor-column-gap-extended\">\n\t\t\t\t\t<div class=\"elementor-column elementor-col-100 elementor-top-column elementor-element elementor-element-dfb4664\" data-id=\"dfb4664\" data-element_type=\"column\" data-e-type=\"column\">\n\t\t\t<div class=\"elementor-widget-wrap elementor-element-populated\">\n\t\t\t\t\t\t<div class=\"elementor-element elementor-element-612a29b elementor-grid-eael-col-3 elementor-grid-tablet-eael-col-2 elementor-grid-mobile-eael-col-1 elementor-widget elementor-widget-eael-post-grid\" data-id=\"612a29b\" data-element_type=\"widget\" data-e-type=\"widget\" data-settings=\"{&quot;eael_post_grid_columns&quot;:&quot;eael-col-3&quot;,&quot;eael_post_grid_columns_tablet&quot;:&quot;eael-col-2&quot;,&quot;eael_post_grid_columns_mobile&quot;:&quot;eael-col-1&quot;}\" data-widget_type=\"eael-post-grid.default\">\n\t\t\t\t<div class=\"elementor-widget-container\">\n\t\t\t\t\t<div id=\"eael-post-grid-612a29b\" class=\"eael-post-grid-container\">\n            <div class=\"eael-post-grid eael-post-appender eael-post-appender-612a29b eael-post-grid-style-two\" data-layout-mode=\"grid\"><article class=\"eael-grid-post  eael-post-grid-column eael-pg-post-31267 category-announcements-fad-student-life-en\" data-id=\"31267\">\n    <div class=\"eael-grid-post-holder\">\n        <div class=\"eael-grid-post-holder-inner\"><div class=\"eael-entry-media\"><div class=\"eael-entry-overlay fade-in\"><i class=\"fas fa-long-arrow-alt-right\" aria-hidden=\"true\"><\/i><a href=\"https:\/\/universitetipolis.edu.al\/en\/2nd-edition-of-dimensions-beyond-ignites-creativity-at-polis-university\/\"><\/a><\/div><div class=\"eael-entry-thumbnail \">\n                            <img fetchpriority=\"high\" decoding=\"async\" width=\"238\" height=\"300\" src=\"https:\/\/universitetipolis.edu.al\/wp-content\/uploads\/2026\/03\/Dimensions-Beyond-2-2026-238x300.jpeg\" class=\"attachment-medium size-medium wp-image-31223\" alt=\"\" srcset=\"https:\/\/universitetipolis.edu.al\/wp-content\/uploads\/2026\/03\/Dimensions-Beyond-2-2026-238x300.jpeg 238w, https:\/\/universitetipolis.edu.al\/wp-content\/uploads\/2026\/03\/Dimensions-Beyond-2-2026-813x1024.jpeg 813w, https:\/\/universitetipolis.edu.al\/wp-content\/uploads\/2026\/03\/Dimensions-Beyond-2-2026-768x968.jpeg 768w, https:\/\/universitetipolis.edu.al\/wp-content\/uploads\/2026\/03\/Dimensions-Beyond-2-2026.jpeg 1080w\" sizes=\"(max-width: 238px) 100vw, 238px\" \/>\n                            <\/div>\n                    <\/div><div class=\"eael-entry-wrapper\"><header class=\"eael-entry-header\"><h3 class=\"eael-entry-title\"><a class=\"eael-grid-post-link\" href=\"https:\/\/universitetipolis.edu.al\/en\/2nd-edition-of-dimensions-beyond-ignites-creativity-at-polis-university\/\" title=\"2nd Edition of \u201cDimensions Beyond\u201d Ignites Creativity at Polis University\">2nd Edition of \u201cDimensions Beyond\u201d Ignites Creativity at Polis University<\/a><\/h3><\/header><div class=\"eael-entry-content\">\n                                <div class=\"eael-grid-post-excerpt\"><p>From March 5th to 7th, the MAD Center at Polis...<\/p><a href=\"https:\/\/universitetipolis.edu.al\/en\/2nd-edition-of-dimensions-beyond-ignites-creativity-at-polis-university\/\" class=\"eael-post-elements-readmore-btn\">Read More<\/a><\/div>\n                            <\/div><div class=\"eael-entry-header-after style-two\"><div class=\"eael-entry-meta\"><\/div><\/div><\/div><\/div>\n    <\/div>\n<\/article><article class=\"eael-grid-post  eael-post-grid-column eael-pg-post-31219 category-announcements-conferences-fad\" data-id=\"31219\">\n    <div class=\"eael-grid-post-holder\">\n        <div class=\"eael-grid-post-holder-inner\"><div class=\"eael-entry-media\"><div class=\"eael-entry-overlay fade-in\"><i class=\"fas fa-long-arrow-alt-right\" aria-hidden=\"true\"><\/i><a href=\"https:\/\/universitetipolis.edu.al\/en\/intec-international-conference-on-sustainable-mobility-held-at-polis-university\/\"><\/a><\/div><div class=\"eael-entry-thumbnail \">\n                            <img decoding=\"async\" width=\"300\" height=\"300\" src=\"https:\/\/universitetipolis.edu.al\/wp-content\/uploads\/2026\/03\/INTEC-2026-300x300.jpg\" class=\"attachment-medium size-medium wp-image-31207\" alt=\"\" srcset=\"https:\/\/universitetipolis.edu.al\/wp-content\/uploads\/2026\/03\/INTEC-2026-300x300.jpg 300w, https:\/\/universitetipolis.edu.al\/wp-content\/uploads\/2026\/03\/INTEC-2026-1024x1024.jpg 1024w, https:\/\/universitetipolis.edu.al\/wp-content\/uploads\/2026\/03\/INTEC-2026-150x150.jpg 150w, https:\/\/universitetipolis.edu.al\/wp-content\/uploads\/2026\/03\/INTEC-2026-768x768.jpg 768w, https:\/\/universitetipolis.edu.al\/wp-content\/uploads\/2026\/03\/INTEC-2026-400x400.jpg 400w, https:\/\/universitetipolis.edu.al\/wp-content\/uploads\/2026\/03\/INTEC-2026.jpg 1440w\" sizes=\"(max-width: 300px) 100vw, 300px\" \/>\n                            <\/div>\n                    <\/div><div class=\"eael-entry-wrapper\"><header class=\"eael-entry-header\"><h3 class=\"eael-entry-title\"><a class=\"eael-grid-post-link\" href=\"https:\/\/universitetipolis.edu.al\/en\/intec-international-conference-on-sustainable-mobility-held-at-polis-university\/\" title=\"INTEC International Conference on \u201cSustainable Mobility\u201d Held at POLIS University\">INTEC International Conference on \u201cSustainable Mobility\u201d Held at POLIS University<\/a><\/h3><\/header><div class=\"eael-entry-content\">\n                                <div class=\"eael-grid-post-excerpt\"><p>On 5\u20136 March 2026, POLIS University hosted the INTEC International...<\/p><a href=\"https:\/\/universitetipolis.edu.al\/en\/intec-international-conference-on-sustainable-mobility-held-at-polis-university\/\" class=\"eael-post-elements-readmore-btn\">Read More<\/a><\/div>\n                            <\/div><div class=\"eael-entry-header-after style-two\"><div class=\"eael-entry-meta\"><\/div><\/div><\/div><\/div>\n    <\/div>\n<\/article><article class=\"eael-grid-post  eael-post-grid-column eael-pg-post-30628 category-fad-mobility\" data-id=\"30628\">\n    <div class=\"eael-grid-post-holder\">\n        <div class=\"eael-grid-post-holder-inner\"><div class=\"eael-entry-media\"><div class=\"eael-entry-overlay fade-in\"><i class=\"fas fa-long-arrow-alt-right\" aria-hidden=\"true\"><\/i><a href=\"https:\/\/universitetipolis.edu.al\/en\/call-for-mobility-bip-castelo-branco-portugal-art-and-design\/\"><\/a><\/div><div class=\"eael-entry-thumbnail \">\n                            <img decoding=\"async\" width=\"300\" height=\"300\" src=\"https:\/\/universitetipolis.edu.al\/wp-content\/uploads\/2026\/02\/thirrje-erasmus-format-4-300x300.png\" class=\"attachment-medium size-medium wp-image-30620\" alt=\"\" srcset=\"https:\/\/universitetipolis.edu.al\/wp-content\/uploads\/2026\/02\/thirrje-erasmus-format-4-300x300.png 300w, https:\/\/universitetipolis.edu.al\/wp-content\/uploads\/2026\/02\/thirrje-erasmus-format-4-1024x1024.png 1024w, https:\/\/universitetipolis.edu.al\/wp-content\/uploads\/2026\/02\/thirrje-erasmus-format-4-150x150.png 150w, https:\/\/universitetipolis.edu.al\/wp-content\/uploads\/2026\/02\/thirrje-erasmus-format-4-768x768.png 768w, https:\/\/universitetipolis.edu.al\/wp-content\/uploads\/2026\/02\/thirrje-erasmus-format-4-400x400.png 400w, https:\/\/universitetipolis.edu.al\/wp-content\/uploads\/2026\/02\/thirrje-erasmus-format-4.png 1080w\" sizes=\"(max-width: 300px) 100vw, 300px\" \/>\n                            <\/div>\n                    <\/div><div class=\"eael-entry-wrapper\"><header class=\"eael-entry-header\"><h3 class=\"eael-entry-title\"><a class=\"eael-grid-post-link\" href=\"https:\/\/universitetipolis.edu.al\/en\/call-for-mobility-bip-castelo-branco-portugal-art-and-design\/\" title=\"Call for Mobility BIP &#8211; Castelo Branco, Portugal\/ Art and Design\">Call for Mobility BIP &#8211; Castelo Branco, Portugal\/ Art and Design<\/a><\/h3><\/header><div class=\"eael-entry-content\">\n                                <div class=\"eael-grid-post-excerpt\"><p>Polis University, within the framework of the Erasmus+ Programme, offers...<\/p><a href=\"https:\/\/universitetipolis.edu.al\/en\/call-for-mobility-bip-castelo-branco-portugal-art-and-design\/\" class=\"eael-post-elements-readmore-btn\">Read More<\/a><\/div>\n                            <\/div><div class=\"eael-entry-header-after style-two\"><div class=\"eael-entry-meta\"><\/div><\/div><\/div><\/div>\n    <\/div>\n<\/article><article class=\"eael-grid-post  eael-post-grid-column eael-pg-post-29927 category-announcements-conferences-fad-research-en\" data-id=\"29927\">\n    <div class=\"eael-grid-post-holder\">\n        <div class=\"eael-grid-post-holder-inner\"><div class=\"eael-entry-media\"><div class=\"eael-entry-overlay fade-in\"><i class=\"fas fa-long-arrow-alt-right\" aria-hidden=\"true\"><\/i><a href=\"https:\/\/universitetipolis.edu.al\/en\/call-for-scientific-papers-icbe-2026\/\"><\/a><\/div><div class=\"eael-entry-thumbnail \">\n                            <img loading=\"lazy\" decoding=\"async\" width=\"300\" height=\"156\" src=\"https:\/\/universitetipolis.edu.al\/wp-content\/uploads\/2025\/12\/poster-web-01-300x156.jpg\" class=\"attachment-medium size-medium wp-image-30050\" alt=\"\" srcset=\"https:\/\/universitetipolis.edu.al\/wp-content\/uploads\/2025\/12\/poster-web-01-300x156.jpg 300w, https:\/\/universitetipolis.edu.al\/wp-content\/uploads\/2025\/12\/poster-web-01-1024x532.jpg 1024w, https:\/\/universitetipolis.edu.al\/wp-content\/uploads\/2025\/12\/poster-web-01-768x399.jpg 768w, https:\/\/universitetipolis.edu.al\/wp-content\/uploads\/2025\/12\/poster-web-01-1536x798.jpg 1536w, https:\/\/universitetipolis.edu.al\/wp-content\/uploads\/2025\/12\/poster-web-01-2048x1064.jpg 2048w\" sizes=\"(max-width: 300px) 100vw, 300px\" \/>\n                            <\/div>\n                    <\/div><div class=\"eael-entry-wrapper\"><header class=\"eael-entry-header\"><h3 class=\"eael-entry-title\"><a class=\"eael-grid-post-link\" href=\"https:\/\/universitetipolis.edu.al\/en\/call-for-scientific-papers-icbe-2026\/\" title=\"CALL FOR SCIENTIFIC PAPERS \u2013 ICBE 2026\">CALL FOR SCIENTIFIC PAPERS \u2013 ICBE 2026<\/a><\/h3><\/header><div class=\"eael-entry-content\">\n                                <div class=\"eael-grid-post-excerpt\"><p>POLIS University, in collaboration with the Academy of Sciences of...<\/p><a href=\"https:\/\/universitetipolis.edu.al\/en\/call-for-scientific-papers-icbe-2026\/\" class=\"eael-post-elements-readmore-btn\">Read More<\/a><\/div>\n                            <\/div><div class=\"eael-entry-header-after style-two\"><div class=\"eael-entry-meta\"><\/div><\/div><\/div><\/div>\n    <\/div>\n<\/article><article class=\"eael-grid-post  eael-post-grid-column eael-pg-post-29925 category-announcements-fad-student-life-en\" data-id=\"29925\">\n    <div class=\"eael-grid-post-holder\">\n        <div class=\"eael-grid-post-holder-inner\"><div class=\"eael-entry-media\"><div class=\"eael-entry-overlay fade-in\"><i class=\"fas fa-long-arrow-alt-right\" aria-hidden=\"true\"><\/i><a href=\"https:\/\/universitetipolis.edu.al\/en\/polis-anime-fest-returns-for-its-2nd-edition\/\"><\/a><\/div><div class=\"eael-entry-thumbnail \">\n                            <img loading=\"lazy\" decoding=\"async\" width=\"238\" height=\"300\" src=\"https:\/\/universitetipolis.edu.al\/wp-content\/uploads\/2025\/12\/PAF-2-238x300.png\" class=\"attachment-medium size-medium wp-image-29828\" alt=\"\" srcset=\"https:\/\/universitetipolis.edu.al\/wp-content\/uploads\/2025\/12\/PAF-2-238x300.png 238w, https:\/\/universitetipolis.edu.al\/wp-content\/uploads\/2025\/12\/PAF-2-812x1024.png 812w, https:\/\/universitetipolis.edu.al\/wp-content\/uploads\/2025\/12\/PAF-2-768x968.png 768w, https:\/\/universitetipolis.edu.al\/wp-content\/uploads\/2025\/12\/PAF-2-1219x1536.png 1219w, https:\/\/universitetipolis.edu.al\/wp-content\/uploads\/2025\/12\/PAF-2.png 1620w\" sizes=\"(max-width: 238px) 100vw, 238px\" \/>\n                            <\/div>\n                    <\/div><div class=\"eael-entry-wrapper\"><header class=\"eael-entry-header\"><h3 class=\"eael-entry-title\"><a class=\"eael-grid-post-link\" href=\"https:\/\/universitetipolis.edu.al\/en\/polis-anime-fest-returns-for-its-2nd-edition\/\" title=\"\u2018Polis Anime Fest\u2019 returns for its 2nd edition!\">\u2018Polis Anime Fest\u2019 returns for its 2nd edition!<\/a><\/h3><\/header><div class=\"eael-entry-content\">\n                                <div class=\"eael-grid-post-excerpt\"><p>POLIS University welcomes all anime culture enthusiasts to the second...<\/p><a href=\"https:\/\/universitetipolis.edu.al\/en\/polis-anime-fest-returns-for-its-2nd-edition\/\" class=\"eael-post-elements-readmore-btn\">Read More<\/a><\/div>\n                            <\/div><div class=\"eael-entry-header-after style-two\"><div class=\"eael-entry-meta\"><\/div><\/div><\/div><\/div>\n    <\/div>\n<\/article><article class=\"eael-grid-post  eael-post-grid-column eael-pg-post-29570 category-announcements-fad\" data-id=\"29570\">\n    <div class=\"eael-grid-post-holder\">\n        <div class=\"eael-grid-post-holder-inner\"><div class=\"eael-entry-media\"><div class=\"eael-entry-overlay fade-in\"><i class=\"fas fa-long-arrow-alt-right\" aria-hidden=\"true\"><\/i><a href=\"https:\/\/universitetipolis.edu.al\/en\/tne-med_asa-tirana\/\"><\/a><\/div><div class=\"eael-entry-thumbnail \">\n                            <img loading=\"lazy\" decoding=\"async\" width=\"212\" height=\"300\" src=\"https:\/\/universitetipolis.edu.al\/wp-content\/uploads\/2025\/10\/TNE-Med_ASA-TIRANA-Manifesto-212x300.png\" class=\"attachment-medium size-medium wp-image-29439\" alt=\"\" srcset=\"https:\/\/universitetipolis.edu.al\/wp-content\/uploads\/2025\/10\/TNE-Med_ASA-TIRANA-Manifesto-212x300.png 212w, https:\/\/universitetipolis.edu.al\/wp-content\/uploads\/2025\/10\/TNE-Med_ASA-TIRANA-Manifesto-724x1024.png 724w, https:\/\/universitetipolis.edu.al\/wp-content\/uploads\/2025\/10\/TNE-Med_ASA-TIRANA-Manifesto-768x1086.png 768w, https:\/\/universitetipolis.edu.al\/wp-content\/uploads\/2025\/10\/TNE-Med_ASA-TIRANA-Manifesto-1086x1536.png 1086w, https:\/\/universitetipolis.edu.al\/wp-content\/uploads\/2025\/10\/TNE-Med_ASA-TIRANA-Manifesto-1448x2048.png 1448w, https:\/\/universitetipolis.edu.al\/wp-content\/uploads\/2025\/10\/TNE-Med_ASA-TIRANA-Manifesto-scaled.png 1810w\" sizes=\"(max-width: 212px) 100vw, 212px\" \/>\n                            <\/div>\n                    <\/div><div class=\"eael-entry-wrapper\"><header class=\"eael-entry-header\"><h3 class=\"eael-entry-title\"><a class=\"eael-grid-post-link\" href=\"https:\/\/universitetipolis.edu.al\/en\/tne-med_asa-tirana\/\" title=\"TNE Med_ASA TIRANA\">TNE Med_ASA TIRANA<\/a><\/h3><\/header><div class=\"eael-entry-content\">\n                                <div class=\"eael-grid-post-excerpt\"><p>Partners:Mediterranea University of Reggio Calabria \u2013 ITALY (coordinator)University of Naples...<\/p><a href=\"https:\/\/universitetipolis.edu.al\/en\/tne-med_asa-tirana\/\" class=\"eael-post-elements-readmore-btn\">Read More<\/a><\/div>\n                            <\/div><div class=\"eael-entry-header-after style-two\"><div class=\"eael-entry-meta\"><\/div><\/div><\/div><\/div>\n    <\/div>\n<\/article><\/div>\n            <div class=\"clearfix\"><\/div>\n        <\/div>            <div class=\"eael-load-more-button-wrap\">\n                <button class=\"eael-load-more-button\" id=\"eael-load-more-btn-612a29b\" data-widget-id=\"612a29b\" data-widget=\"612a29b\" data-page-id=\"31065\" data-template=\"{&quot;dir&quot;:&quot;lite&quot;,&quot;file_name&quot;:&quot;two.php&quot;,&quot;name&quot;:&quot;Post-Grid&quot;}\" data-class=\"Essential_Addons_Elementor\\Elements\\Post_Grid\" data-layout=\"grid\" data-page=\"1\" data-args=\"orderby=date&amp;order=desc&amp;ignore_sticky_posts=1&amp;post_status=publish&amp;posts_per_page=6&amp;offset=0&amp;post_type=post&amp;tax_query%5B0%5D%5Btaxonomy%5D=category&amp;tax_query%5B0%5D%5Bfield%5D=term_id&amp;tax_query%5B0%5D%5Bterms%5D%5B0%5D=405&amp;tax_query%5Brelation%5D=AND\" data-max-page=\"2\">\n                    <span class=\"eael-btn-loader button__loader\"><\/span>\n                    <span class=\"eael_load_more_text\">Load more<\/span>\n                <\/button>\n            <\/div>\n            \t\t\t\t<\/div>\n\t\t\t\t<\/div>\n\t\t\t\t\t<\/div>\n\t\t<\/div>\n\t\t\t\t\t<\/div>\n\t\t<\/section>\n\t\t\t\t<\/div>\n\t\t","protected":false},"excerpt":{"rendered":"<p>Thirrje per mobilitet BIP &#8211; Castelo Branco, Portugali \/ Art dhe Dizajn Universiteti Polis, n\u00eb kuad\u00ebr t\u00eb Programit Erasmus+, u ofron student\u00ebve&#8230; Read More THIRRJE P\u00cbR ARTIKUJ SHKENCOR\u00cb &#8211; ICBE 2026 Universiteti POLIS, n\u00eb bashk\u00ebpunim me Akademin\u00eb e Shkencave t\u00eb Shqip\u00ebris\u00eb&#8230; Read More \u201cPolis Anime Fest\u201d rikthehet n\u00eb edicionin e 2-t\u00eb! Universiteti POLIS mir\u00ebpret t\u00eb gjith\u00eb t\u00eb apasionuarit pas kultur\u00ebs anime&#8230; Read More Dita e Dyt\u00eb e Ceremonis\u00eb s\u00eb Diplomimit n\u00eb Universitetin POLIS Universiteti POLIS zhvilloi dit\u00ebn e djeshme ceremonin\u00eb e diplomimit t\u00eb&#8230; Read More Thirrje per Mobilitet &#8211; Anhalt University, Bachelor Art Dizajn Universiteti Polis, n\u00eb kuad\u00ebr t\u00eb Projektit Erasmus+ KA1, u ofron&#8230; Read More TNE Med_ASA TIRANA Partner\u00eb: Universiteti \u201cMediterranea\u201d i Reggio Calabria \u2013 ITALI (koordinator) Universiteti&#8230; Read More Load more<\/p>\n","protected":false},"author":1217,"featured_media":0,"parent":0,"menu_order":0,"comment_status":"closed","ping_status":"closed","template":"","meta":{"footnotes":""},"class_list":["post-31065","page","type-page","status-publish","hentry"],"_links":{"self":[{"href":"https:\/\/universitetipolis.edu.al\/en\/wp-json\/wp\/v2\/pages\/31065","targetHints":{"allow":["GET"]}}],"collection":[{"href":"https:\/\/universitetipolis.edu.al\/en\/wp-json\/wp\/v2\/pages"}],"about":[{"href":"https:\/\/universitetipolis.edu.al\/en\/wp-json\/wp\/v2\/types\/page"}],"author":[{"embeddable":true,"href":"https:\/\/universitetipolis.edu.al\/en\/wp-json\/wp\/v2\/users\/1217"}],"replies":[{"embeddable":true,"href":"https:\/\/universitetipolis.edu.al\/en\/wp-json\/wp\/v2\/comments?post=31065"}],"version-history":[{"count":1,"href":"https:\/\/universitetipolis.edu.al\/en\/wp-json\/wp\/v2\/pages\/31065\/revisions"}],"predecessor-version":[{"id":31066,"href":"https:\/\/universitetipolis.edu.al\/en\/wp-json\/wp\/v2\/pages\/31065\/revisions\/31066"}],"wp:attachment":[{"href":"https:\/\/universitetipolis.edu.al\/en\/wp-json\/wp\/v2\/media?parent=31065"}],"curies":[{"name":"wp","href":"https:\/\/api.w.org\/{rel}","templated":true}]}}