{"id":31063,"date":"2026-03-04T09:05:52","date_gmt":"2026-03-04T08:05:52","guid":{"rendered":"https:\/\/universitetipolis.edu.al\/announcements-and-news\/"},"modified":"2026-03-05T09:46:36","modified_gmt":"2026-03-05T08:46:36","slug":"announcements-and-news","status":"publish","type":"page","link":"https:\/\/universitetipolis.edu.al\/en\/announcements-and-news\/","title":{"rendered":"Announcements and news"},"content":{"rendered":"\t\t<div data-elementor-type=\"wp-page\" data-elementor-id=\"31063\" class=\"elementor elementor-31063 elementor-30694\" data-elementor-post-type=\"page\">\n\t\t\t\t\t\t<section class=\"elementor-section elementor-top-section elementor-element elementor-element-6264624 elementor-section-boxed elementor-section-gap-beside-yes elementor-section-height-default elementor-section-height-default elementor-section-column-vertical-align-stretch\" data-id=\"6264624\" data-element_type=\"section\" data-e-type=\"section\">\n\t\t\t\t\t\t<div class=\"elementor-container elementor-column-gap-extended\">\n\t\t\t\t\t<div class=\"elementor-column elementor-col-100 elementor-top-column elementor-element elementor-element-636548b\" data-id=\"636548b\" data-element_type=\"column\" data-e-type=\"column\">\n\t\t\t<div class=\"elementor-widget-wrap elementor-element-populated\">\n\t\t\t\t\t\t<div class=\"elementor-element elementor-element-e47673d elementor-grid-eael-col-3 elementor-grid-tablet-eael-col-2 elementor-grid-mobile-eael-col-1 elementor-widget elementor-widget-eael-post-grid\" data-id=\"e47673d\" data-element_type=\"widget\" data-e-type=\"widget\" data-settings=\"{&quot;eael_post_grid_columns&quot;:&quot;eael-col-3&quot;,&quot;eael_post_grid_columns_tablet&quot;:&quot;eael-col-2&quot;,&quot;eael_post_grid_columns_mobile&quot;:&quot;eael-col-1&quot;}\" data-widget_type=\"eael-post-grid.default\">\n\t\t\t\t<div class=\"elementor-widget-container\">\n\t\t\t\t\t<div id=\"eael-post-grid-e47673d\" class=\"eael-post-grid-container\">\n            <div class=\"eael-post-grid eael-post-appender eael-post-appender-e47673d eael-post-grid-style-two\" data-layout-mode=\"grid\"><article class=\"eael-grid-post  eael-post-grid-column eael-pg-post-31281 category-announcements-fkzh-mobility\" data-id=\"31281\">\n    <div class=\"eael-grid-post-holder\">\n        <div class=\"eael-grid-post-holder-inner\"><div class=\"eael-entry-media\"><div class=\"eael-entry-overlay fade-in\"><i class=\"fas fa-long-arrow-alt-right\" aria-hidden=\"true\"><\/i><a href=\"https:\/\/universitetipolis.edu.al\/en\/call-for-mobility-belkinge-institute-of-technology-sweden-computer-science\/\"><\/a><\/div><div class=\"eael-entry-thumbnail \">\n                            <img fetchpriority=\"high\" decoding=\"async\" width=\"300\" height=\"200\" src=\"https:\/\/universitetipolis.edu.al\/wp-content\/uploads\/2026\/03\/Belkinge-Institute-of-Technology-300x200.png\" class=\"attachment-medium size-medium wp-image-31271\" alt=\"\" srcset=\"https:\/\/universitetipolis.edu.al\/wp-content\/uploads\/2026\/03\/Belkinge-Institute-of-Technology-300x200.png 300w, https:\/\/universitetipolis.edu.al\/wp-content\/uploads\/2026\/03\/Belkinge-Institute-of-Technology-1024x682.png 1024w, https:\/\/universitetipolis.edu.al\/wp-content\/uploads\/2026\/03\/Belkinge-Institute-of-Technology-768x512.png 768w, https:\/\/universitetipolis.edu.al\/wp-content\/uploads\/2026\/03\/Belkinge-Institute-of-Technology-1536x1024.png 1536w, https:\/\/universitetipolis.edu.al\/wp-content\/uploads\/2026\/03\/Belkinge-Institute-of-Technology.png 2000w\" sizes=\"(max-width: 300px) 100vw, 300px\" \/>\n                            <\/div>\n                    <\/div><div class=\"eael-entry-wrapper\"><header class=\"eael-entry-header\"><h3 class=\"eael-entry-title\"><a class=\"eael-grid-post-link\" href=\"https:\/\/universitetipolis.edu.al\/en\/call-for-mobility-belkinge-institute-of-technology-sweden-computer-science\/\" title=\"Call for Mobility &#8211; Belkinge Institute of Technology, Sweden &#8211; Computer Science\">Call for Mobility &#8211; Belkinge Institute of Technology, Sweden &#8211; Computer Science<\/a><\/h3><\/header><div class=\"eael-entry-content\">\n                                <div class=\"eael-grid-post-excerpt\"><p>Polis University, in the frame of the Erasmus + KA1...<\/p><a href=\"https:\/\/universitetipolis.edu.al\/en\/call-for-mobility-belkinge-institute-of-technology-sweden-computer-science\/\" class=\"eael-post-elements-readmore-btn\">Read More<\/a><\/div>\n                            <\/div><div class=\"eael-entry-header-after style-two\"><div class=\"eael-entry-meta\"><\/div><\/div><\/div><\/div>\n    <\/div>\n<\/article><article class=\"eael-grid-post  eael-post-grid-column eael-pg-post-11004 category-announcements-fkzh\" data-id=\"11004\">\n    <div class=\"eael-grid-post-holder\">\n        <div class=\"eael-grid-post-holder-inner\"><div class=\"eael-entry-media\"><div class=\"eael-entry-overlay fade-in\"><i class=\"fas fa-long-arrow-alt-right\" aria-hidden=\"true\"><\/i><a href=\"https:\/\/universitetipolis.edu.al\/en\/purchasing-software-timetable-management-system-and-library-management-system-and-hardware-on-university-management\/\"><\/a><\/div><div class=\"eael-entry-thumbnail \">\n                            <img decoding=\"async\" width=\"300\" height=\"300\" src=\"https:\/\/universitetipolis.edu.al\/wp-content\/uploads\/2022\/08\/Stend_programe-1-300x300.png\" class=\"attachment-medium size-medium wp-image-10668\" alt=\"\" srcset=\"https:\/\/universitetipolis.edu.al\/wp-content\/uploads\/2022\/08\/Stend_programe-1-300x300.png 300w, https:\/\/universitetipolis.edu.al\/wp-content\/uploads\/2022\/08\/Stend_programe-1-150x150.png 150w, https:\/\/universitetipolis.edu.al\/wp-content\/uploads\/2022\/08\/Stend_programe-1.png 547w\" sizes=\"(max-width: 300px) 100vw, 300px\" \/>\n                            <\/div>\n                    <\/div><div class=\"eael-entry-wrapper\"><header class=\"eael-entry-header\"><h3 class=\"eael-entry-title\"><a class=\"eael-grid-post-link\" href=\"https:\/\/universitetipolis.edu.al\/en\/purchasing-software-timetable-management-system-and-library-management-system-and-hardware-on-university-management\/\" title=\"Purchasing Software (Timetable Management System and Library Management System) and Hardware on University Management\">Purchasing Software (Timetable Management System and Library Management System) and Hardware on University Management<\/a><\/h3><\/header><div class=\"eael-entry-content\">\n                                <div class=\"eael-grid-post-excerpt\"><p>SUBJECT: INVITATION TO TENDER FOR Purchasing Software (Timetable Management System...<\/p><a href=\"https:\/\/universitetipolis.edu.al\/en\/purchasing-software-timetable-management-system-and-library-management-system-and-hardware-on-university-management\/\" class=\"eael-post-elements-readmore-btn\">Read More<\/a><\/div>\n                            <\/div><div class=\"eael-entry-header-after style-two\"><div class=\"eael-entry-meta\"><\/div><\/div><\/div><\/div>\n    <\/div>\n<\/article><\/div>\n            <div class=\"clearfix\"><\/div>\n        <\/div>\t\t\t\t<\/div>\n\t\t\t\t<\/div>\n\t\t\t\t\t<\/div>\n\t\t<\/div>\n\t\t\t\t\t<\/div>\n\t\t<\/section>\n\t\t\t\t<\/div>\n\t\t","protected":false},"excerpt":{"rendered":"<p>Thirrje p\u00ebr BIP \u2013 Blended Intensive Programs Universiteti Polis, n\u00eb kuad\u00ebr t\u00eb Programit Erasmus+, u ofron student\u00ebve&#8230; Read More Konkursi i Debatit Studentor \u201cAI &#038; the Future We Design\u201d M\u00eb 30 janar 2026, Fakulteti p\u00ebr K\u00ebrkim dhe Zhvillim, p\u00ebrmes&#8230; Read More Dita e Par\u00eb e Ceremonis\u00eb s\u00eb Diplomimit n\u00eb Universitetin POLIS Universiteti POLIS zhvilloi dit\u00ebn e djeshme dit\u00ebn e par\u00eb t\u00eb&#8230; Read More Nis Programi Master Ekzekutiv n\u00eb Restaurim, Konservim dhe Valorizim t\u00eb Trash\u00ebgimis\u00eb Kulturore p\u00ebr vitin akademik 2025\u20132026 N\u00eb dat\u00ebn 31 Tetor 2025, n\u00eb Universitetin POLIS nisi zyrtarisht&#8230; Read More Mbrojtja e Diplomave dhe Provimet P\u00ebrfundimtare \u2013 4 dhe 7 Korrik 2025 Universiteti POLIS ka k\u00ebnaq\u00ebsin\u00eb t\u00eb njoftoj\u00eb se dit\u00ebn e premte,&#8230; Read More ICCSM2025: Teknologjia dhe Menaxhimi n\u00eb Fokus Universiteti POLIS organizoi me sukses, m\u00eb datat 26 dhe 27&#8230; Read More Load more<\/p>\n","protected":false},"author":1217,"featured_media":0,"parent":0,"menu_order":0,"comment_status":"closed","ping_status":"closed","template":"","meta":{"footnotes":""},"class_list":["post-31063","page","type-page","status-publish","hentry"],"_links":{"self":[{"href":"https:\/\/universitetipolis.edu.al\/en\/wp-json\/wp\/v2\/pages\/31063","targetHints":{"allow":["GET"]}}],"collection":[{"href":"https:\/\/universitetipolis.edu.al\/en\/wp-json\/wp\/v2\/pages"}],"about":[{"href":"https:\/\/universitetipolis.edu.al\/en\/wp-json\/wp\/v2\/types\/page"}],"author":[{"embeddable":true,"href":"https:\/\/universitetipolis.edu.al\/en\/wp-json\/wp\/v2\/users\/1217"}],"replies":[{"embeddable":true,"href":"https:\/\/universitetipolis.edu.al\/en\/wp-json\/wp\/v2\/comments?post=31063"}],"version-history":[{"count":1,"href":"https:\/\/universitetipolis.edu.al\/en\/wp-json\/wp\/v2\/pages\/31063\/revisions"}],"predecessor-version":[{"id":31064,"href":"https:\/\/universitetipolis.edu.al\/en\/wp-json\/wp\/v2\/pages\/31063\/revisions\/31064"}],"wp:attachment":[{"href":"https:\/\/universitetipolis.edu.al\/en\/wp-json\/wp\/v2\/media?parent=31063"}],"curies":[{"name":"wp","href":"https:\/\/api.w.org\/{rel}","templated":true}]}}