{"id":31061,"date":"2026-03-05T09:41:58","date_gmt":"2026-03-05T08:41:58","guid":{"rendered":"https:\/\/universitetipolis.edu.al\/announcements\/"},"modified":"2026-03-05T09:53:56","modified_gmt":"2026-03-05T08:53:56","slug":"announcements","status":"publish","type":"page","link":"https:\/\/universitetipolis.edu.al\/en\/announcements\/","title":{"rendered":"Announcements"},"content":{"rendered":"\t\t<div data-elementor-type=\"wp-page\" data-elementor-id=\"31061\" class=\"elementor elementor-31061 elementor-31054\" data-elementor-post-type=\"page\">\n\t\t\t\t\t\t<section class=\"elementor-section elementor-top-section elementor-element elementor-element-6264624 elementor-section-boxed elementor-section-gap-beside-yes elementor-section-height-default elementor-section-height-default elementor-section-column-vertical-align-stretch\" data-id=\"6264624\" data-element_type=\"section\" data-e-type=\"section\">\n\t\t\t\t\t\t<div class=\"elementor-container elementor-column-gap-extended\">\n\t\t\t\t\t<div class=\"elementor-column elementor-col-100 elementor-top-column elementor-element elementor-element-636548b\" data-id=\"636548b\" data-element_type=\"column\" data-e-type=\"column\">\n\t\t\t<div class=\"elementor-widget-wrap elementor-element-populated\">\n\t\t\t\t\t\t<div class=\"elementor-element elementor-element-e47673d elementor-grid-eael-col-3 elementor-grid-tablet-eael-col-2 elementor-grid-mobile-eael-col-1 elementor-widget elementor-widget-eael-post-grid\" data-id=\"e47673d\" data-element_type=\"widget\" data-e-type=\"widget\" data-settings=\"{&quot;eael_post_grid_columns&quot;:&quot;eael-col-3&quot;,&quot;eael_post_grid_columns_tablet&quot;:&quot;eael-col-2&quot;,&quot;eael_post_grid_columns_mobile&quot;:&quot;eael-col-1&quot;}\" data-widget_type=\"eael-post-grid.default\">\n\t\t\t\t<div class=\"elementor-widget-container\">\n\t\t\t\t\t<div id=\"eael-post-grid-e47673d\" class=\"eael-post-grid-container\">\n            <div class=\"eael-post-grid eael-post-appender eael-post-appender-e47673d eael-post-grid-style-two\" data-layout-mode=\"grid\"><article class=\"eael-grid-post  eael-post-grid-column eael-pg-post-31618 category-fad-mobility\" data-id=\"31618\">\n    <div class=\"eael-grid-post-holder\">\n        <div class=\"eael-grid-post-holder-inner\"><div class=\"eael-entry-media\"><div class=\"eael-entry-overlay fade-in\"><i class=\"fas fa-long-arrow-alt-right\" aria-hidden=\"true\"><\/i><a href=\"https:\/\/universitetipolis.edu.al\/en\/full-scholarship-for-a-semester-in-germany\/\"><\/a><\/div><div class=\"eael-entry-thumbnail \">\n                            <img fetchpriority=\"high\" decoding=\"async\" width=\"300\" height=\"300\" src=\"https:\/\/universitetipolis.edu.al\/wp-content\/uploads\/2026\/04\/Mobilitet-Gjermani-2026-300x300.png\" class=\"attachment-medium size-medium wp-image-31612\" alt=\"\" srcset=\"https:\/\/universitetipolis.edu.al\/wp-content\/uploads\/2026\/04\/Mobilitet-Gjermani-2026-300x300.png 300w, https:\/\/universitetipolis.edu.al\/wp-content\/uploads\/2026\/04\/Mobilitet-Gjermani-2026-1024x1024.png 1024w, https:\/\/universitetipolis.edu.al\/wp-content\/uploads\/2026\/04\/Mobilitet-Gjermani-2026-150x150.png 150w, https:\/\/universitetipolis.edu.al\/wp-content\/uploads\/2026\/04\/Mobilitet-Gjermani-2026-768x768.png 768w, https:\/\/universitetipolis.edu.al\/wp-content\/uploads\/2026\/04\/Mobilitet-Gjermani-2026-400x400.png 400w, https:\/\/universitetipolis.edu.al\/wp-content\/uploads\/2026\/04\/Mobilitet-Gjermani-2026.png 1080w\" sizes=\"(max-width: 300px) 100vw, 300px\" \/>\n                            <\/div>\n                    <\/div><div class=\"eael-entry-wrapper\"><header class=\"eael-entry-header\"><h3 class=\"eael-entry-title\"><a class=\"eael-grid-post-link\" href=\"https:\/\/universitetipolis.edu.al\/en\/full-scholarship-for-a-semester-in-germany\/\" title=\"FULL SCHOLARSHIP FOR A SEMESTER IN GERMANY\">FULL SCHOLARSHIP FOR A SEMESTER IN GERMANY<\/a><\/h3><\/header><div class=\"eael-entry-content\">\n                                <div class=\"eael-grid-post-excerpt\"><p>Polis University, in the frame of the Erasmus + KA...<\/p><a href=\"https:\/\/universitetipolis.edu.al\/en\/full-scholarship-for-a-semester-in-germany\/\" class=\"eael-post-elements-readmore-btn\">Read More<\/a><\/div>\n                            <\/div><div class=\"eael-entry-header-after style-two\"><div class=\"eael-entry-meta\"><\/div><\/div><\/div><\/div>\n    <\/div>\n<\/article><article class=\"eael-grid-post  eael-post-grid-column eael-pg-post-31281 category-announcements-fkzh-mobility\" data-id=\"31281\">\n    <div class=\"eael-grid-post-holder\">\n        <div class=\"eael-grid-post-holder-inner\"><div class=\"eael-entry-media\"><div class=\"eael-entry-overlay fade-in\"><i class=\"fas fa-long-arrow-alt-right\" aria-hidden=\"true\"><\/i><a href=\"https:\/\/universitetipolis.edu.al\/en\/call-for-mobility-belkinge-institute-of-technology-sweden-computer-science\/\"><\/a><\/div><div class=\"eael-entry-thumbnail \">\n                            <img decoding=\"async\" width=\"300\" height=\"200\" src=\"https:\/\/universitetipolis.edu.al\/wp-content\/uploads\/2026\/03\/Belkinge-Institute-of-Technology-300x200.png\" class=\"attachment-medium size-medium wp-image-31271\" alt=\"\" srcset=\"https:\/\/universitetipolis.edu.al\/wp-content\/uploads\/2026\/03\/Belkinge-Institute-of-Technology-300x200.png 300w, https:\/\/universitetipolis.edu.al\/wp-content\/uploads\/2026\/03\/Belkinge-Institute-of-Technology-1024x682.png 1024w, https:\/\/universitetipolis.edu.al\/wp-content\/uploads\/2026\/03\/Belkinge-Institute-of-Technology-768x512.png 768w, https:\/\/universitetipolis.edu.al\/wp-content\/uploads\/2026\/03\/Belkinge-Institute-of-Technology-1536x1024.png 1536w, https:\/\/universitetipolis.edu.al\/wp-content\/uploads\/2026\/03\/Belkinge-Institute-of-Technology.png 2000w\" sizes=\"(max-width: 300px) 100vw, 300px\" \/>\n                            <\/div>\n                    <\/div><div class=\"eael-entry-wrapper\"><header class=\"eael-entry-header\"><h3 class=\"eael-entry-title\"><a class=\"eael-grid-post-link\" href=\"https:\/\/universitetipolis.edu.al\/en\/call-for-mobility-belkinge-institute-of-technology-sweden-computer-science\/\" title=\"Call for Mobility &#8211; Belkinge Institute of Technology, Sweden &#8211; Computer Science\">Call for Mobility &#8211; Belkinge Institute of Technology, Sweden &#8211; Computer Science<\/a><\/h3><\/header><div class=\"eael-entry-content\">\n                                <div class=\"eael-grid-post-excerpt\"><p>Polis University, in the frame of the Erasmus + KA1...<\/p><a href=\"https:\/\/universitetipolis.edu.al\/en\/call-for-mobility-belkinge-institute-of-technology-sweden-computer-science\/\" class=\"eael-post-elements-readmore-btn\">Read More<\/a><\/div>\n                            <\/div><div class=\"eael-entry-header-after style-two\"><div class=\"eael-entry-meta\"><\/div><\/div><\/div><\/div>\n    <\/div>\n<\/article><article class=\"eael-grid-post  eael-post-grid-column eael-pg-post-30628 category-fad-mobility\" data-id=\"30628\">\n    <div class=\"eael-grid-post-holder\">\n        <div class=\"eael-grid-post-holder-inner\"><div class=\"eael-entry-media\"><div class=\"eael-entry-overlay fade-in\"><i class=\"fas fa-long-arrow-alt-right\" aria-hidden=\"true\"><\/i><a href=\"https:\/\/universitetipolis.edu.al\/en\/call-for-mobility-bip-castelo-branco-portugal-art-and-design\/\"><\/a><\/div><div class=\"eael-entry-thumbnail \">\n                            <img decoding=\"async\" width=\"300\" height=\"300\" src=\"https:\/\/universitetipolis.edu.al\/wp-content\/uploads\/2026\/02\/thirrje-erasmus-format-4-300x300.png\" class=\"attachment-medium size-medium wp-image-30620\" alt=\"\" srcset=\"https:\/\/universitetipolis.edu.al\/wp-content\/uploads\/2026\/02\/thirrje-erasmus-format-4-300x300.png 300w, https:\/\/universitetipolis.edu.al\/wp-content\/uploads\/2026\/02\/thirrje-erasmus-format-4-1024x1024.png 1024w, https:\/\/universitetipolis.edu.al\/wp-content\/uploads\/2026\/02\/thirrje-erasmus-format-4-150x150.png 150w, https:\/\/universitetipolis.edu.al\/wp-content\/uploads\/2026\/02\/thirrje-erasmus-format-4-768x768.png 768w, https:\/\/universitetipolis.edu.al\/wp-content\/uploads\/2026\/02\/thirrje-erasmus-format-4-400x400.png 400w, https:\/\/universitetipolis.edu.al\/wp-content\/uploads\/2026\/02\/thirrje-erasmus-format-4.png 1080w\" sizes=\"(max-width: 300px) 100vw, 300px\" \/>\n                            <\/div>\n                    <\/div><div class=\"eael-entry-wrapper\"><header class=\"eael-entry-header\"><h3 class=\"eael-entry-title\"><a class=\"eael-grid-post-link\" href=\"https:\/\/universitetipolis.edu.al\/en\/call-for-mobility-bip-castelo-branco-portugal-art-and-design\/\" title=\"Call for Mobility BIP &#8211; Castelo Branco, Portugal\/ Art and Design\">Call for Mobility BIP &#8211; Castelo Branco, Portugal\/ Art and Design<\/a><\/h3><\/header><div class=\"eael-entry-content\">\n                                <div class=\"eael-grid-post-excerpt\"><p>Polis University, within the framework of the Erasmus+ Programme, offers...<\/p><a href=\"https:\/\/universitetipolis.edu.al\/en\/call-for-mobility-bip-castelo-branco-portugal-art-and-design\/\" class=\"eael-post-elements-readmore-btn\">Read More<\/a><\/div>\n                            <\/div><div class=\"eael-entry-header-after style-two\"><div class=\"eael-entry-meta\"><\/div><\/div><\/div><\/div>\n    <\/div>\n<\/article><\/div>\n            <div class=\"clearfix\"><\/div>\n        <\/div>            <div class=\"eael-load-more-button-wrap\">\n                <button class=\"eael-load-more-button\" id=\"eael-load-more-btn-e47673d\" data-widget-id=\"e47673d\" data-widget=\"e47673d\" data-page-id=\"31061\" data-template=\"{&quot;dir&quot;:&quot;lite&quot;,&quot;file_name&quot;:&quot;two.php&quot;,&quot;name&quot;:&quot;Post-Grid&quot;}\" data-class=\"Essential_Addons_Elementor\\Elements\\Post_Grid\" data-layout=\"grid\" data-page=\"1\" data-args=\"orderby=date&amp;order=desc&amp;ignore_sticky_posts=1&amp;post_status=publish&amp;posts_per_page=3&amp;offset=0&amp;post_type=post&amp;tax_query%5B0%5D%5Btaxonomy%5D=category&amp;tax_query%5B0%5D%5Bfield%5D=term_id&amp;tax_query%5B0%5D%5Bterms%5D%5B0%5D=289&amp;tax_query%5Brelation%5D=AND\" data-max-page=\"3\">\n                    <span class=\"eael-btn-loader button__loader\"><\/span>\n                    <span class=\"eael_load_more_text\">Load more<\/span>\n                <\/button>\n            <\/div>\n            \t\t\t\t<\/div>\n\t\t\t\t<\/div>\n\t\t\t\t\t<\/div>\n\t\t<\/div>\n\t\t\t\t\t<\/div>\n\t\t<\/section>\n\t\t\t\t<\/div>\n\t\t","protected":false},"excerpt":{"rendered":"<p>Thirrje per mobilitet BIP \u2013 Castelo Branco, Portugali \/ Art dhe Dizajn Universiteti Polis, n\u00eb kuad\u00ebr t\u00eb Programit Erasmus+, u ofron student\u00ebve&#8230; Read More Thirrje p\u00ebr BIP \u2013 Blended Intensive Programs Universiteti Polis, n\u00eb kuad\u00ebr t\u00eb Programit Erasmus+, u ofron student\u00ebve&#8230; Read More Thirrje per Mobilitet \u2013 Anhalt University, Bachelor Art Dizajn Universiteti Polis, n\u00eb kuad\u00ebr t\u00eb Projektit Erasmus+ KA1, u ofron&#8230; Read More Load more<\/p>\n","protected":false},"author":1217,"featured_media":0,"parent":0,"menu_order":0,"comment_status":"closed","ping_status":"closed","template":"","meta":{"footnotes":""},"class_list":["post-31061","page","type-page","status-publish","hentry"],"_links":{"self":[{"href":"https:\/\/universitetipolis.edu.al\/en\/wp-json\/wp\/v2\/pages\/31061","targetHints":{"allow":["GET"]}}],"collection":[{"href":"https:\/\/universitetipolis.edu.al\/en\/wp-json\/wp\/v2\/pages"}],"about":[{"href":"https:\/\/universitetipolis.edu.al\/en\/wp-json\/wp\/v2\/types\/page"}],"author":[{"embeddable":true,"href":"https:\/\/universitetipolis.edu.al\/en\/wp-json\/wp\/v2\/users\/1217"}],"replies":[{"embeddable":true,"href":"https:\/\/universitetipolis.edu.al\/en\/wp-json\/wp\/v2\/comments?post=31061"}],"version-history":[{"count":2,"href":"https:\/\/universitetipolis.edu.al\/en\/wp-json\/wp\/v2\/pages\/31061\/revisions"}],"predecessor-version":[{"id":31073,"href":"https:\/\/universitetipolis.edu.al\/en\/wp-json\/wp\/v2\/pages\/31061\/revisions\/31073"}],"wp:attachment":[{"href":"https:\/\/universitetipolis.edu.al\/en\/wp-json\/wp\/v2\/media?parent=31061"}],"curies":[{"name":"wp","href":"https:\/\/api.w.org\/{rel}","templated":true}]}}