{"id":29884,"date":"2025-12-12T09:57:48","date_gmt":"2025-12-12T08:57:48","guid":{"rendered":"https:\/\/universitetipolis.edu.al\/?page_id=29884"},"modified":"2025-12-12T10:38:09","modified_gmt":"2025-12-12T09:38:09","slug":"contacts-and-links-international-affairs","status":"publish","type":"page","link":"https:\/\/universitetipolis.edu.al\/en\/contacts-and-links-international-affairs\/","title":{"rendered":"Contacts and Links"},"content":{"rendered":"\t\t<div data-elementor-type=\"wp-page\" data-elementor-id=\"29884\" class=\"elementor elementor-29884\" data-elementor-post-type=\"page\">\n\t\t\t\t\t\t<section class=\"elementor-section elementor-top-section elementor-element elementor-element-25d4f738 elementor-section-boxed elementor-section-gap-beside-yes elementor-section-height-default elementor-section-height-default elementor-section-column-vertical-align-stretch\" data-id=\"25d4f738\" data-element_type=\"section\" data-e-type=\"section\">\n\t\t\t\t\t\t<div class=\"elementor-container elementor-column-gap-extended\">\n\t\t\t\t\t<div class=\"elementor-column elementor-col-100 elementor-top-column elementor-element elementor-element-3d343c04\" data-id=\"3d343c04\" data-element_type=\"column\" data-e-type=\"column\">\n\t\t\t<div class=\"elementor-widget-wrap elementor-element-populated\">\n\t\t\t\t\t\t<div class=\"elementor-element elementor-element-4bfe4610 elementor-widget elementor-widget-text-editor\" data-id=\"4bfe4610\" data-element_type=\"widget\" data-e-type=\"widget\" data-widget_type=\"text-editor.default\">\n\t\t\t\t<div class=\"elementor-widget-container\">\n\t\t\t\t\t\t\t\t\t<p><strong>International Affairs Office<\/strong><br \/>Polis University<br \/>Rruga Bylis 12, Autostrada Tiran\u00eb-Durr\u00ebs, Km 5, Kashar, SH2, Tiran\u00eb 1051, Albania<\/p><p><strong>Email:<\/strong> <a href=\"mailto:erasmus@universitetipolis.edu.al\">erasmus@universitetipolis.edu.al<\/a><br \/><strong>Phone:<\/strong> +355 42407420<br \/><strong>Office hours:<\/strong> Monday\u2013Friday, 08:00\u201315:30<\/p><p><strong>Useful links:<\/strong><\/p><ul><li><a href=\"#\">List of partner universities<\/a><\/li><li><a href=\"#\">Application form<\/a><\/li><li><a href=\"#\">Learning agreement template<\/a><\/li><li><a href=\"#\">Pre-departure checklist<\/a><\/li><\/ul>\t\t\t\t\t\t\t\t<\/div>\n\t\t\t\t<\/div>\n\t\t\t\t\t<\/div>\n\t\t<\/div>\n\t\t\t\t\t<\/div>\n\t\t<\/section>\n\t\t\t\t<\/div>\n\t\t","protected":false},"excerpt":{"rendered":"<p>International Affairs OfficePolis UniversityRruga Bylis 12, Autostrada Tiran\u00eb-Durr\u00ebs, Km 5, Kashar, SH2, Tiran\u00eb 1051, Albania Email: erasmus@universitetipolis.edu.alPhone: +355 42407420Office hours: Monday\u2013Friday, 08:00\u201315:30 Useful links: List of partner universities Application form Learning agreement template Pre-departure checklist<\/p>\n","protected":false},"author":1217,"featured_media":0,"parent":0,"menu_order":0,"comment_status":"closed","ping_status":"closed","template":"","meta":{"footnotes":""},"class_list":["post-29884","page","type-page","status-publish","hentry","post-no-thumbnail"],"_links":{"self":[{"href":"https:\/\/universitetipolis.edu.al\/en\/wp-json\/wp\/v2\/pages\/29884","targetHints":{"allow":["GET"]}}],"collection":[{"href":"https:\/\/universitetipolis.edu.al\/en\/wp-json\/wp\/v2\/pages"}],"about":[{"href":"https:\/\/universitetipolis.edu.al\/en\/wp-json\/wp\/v2\/types\/page"}],"author":[{"embeddable":true,"href":"https:\/\/universitetipolis.edu.al\/en\/wp-json\/wp\/v2\/users\/1217"}],"replies":[{"embeddable":true,"href":"https:\/\/universitetipolis.edu.al\/en\/wp-json\/wp\/v2\/comments?post=29884"}],"version-history":[{"count":7,"href":"https:\/\/universitetipolis.edu.al\/en\/wp-json\/wp\/v2\/pages\/29884\/revisions"}],"predecessor-version":[{"id":29895,"href":"https:\/\/universitetipolis.edu.al\/en\/wp-json\/wp\/v2\/pages\/29884\/revisions\/29895"}],"wp:attachment":[{"href":"https:\/\/universitetipolis.edu.al\/en\/wp-json\/wp\/v2\/media?parent=29884"}],"curies":[{"name":"wp","href":"https:\/\/api.w.org\/{rel}","templated":true}]}}