{"id":29428,"date":"2025-10-19T14:35:58","date_gmt":"2025-10-19T12:35:58","guid":{"rendered":"https:\/\/universitetipolis.edu.al\/training-activities\/"},"modified":"2025-10-19T15:53:38","modified_gmt":"2025-10-19T13:53:38","slug":"training-activities","status":"publish","type":"page","link":"https:\/\/universitetipolis.edu.al\/en\/training-activities\/","title":{"rendered":"Training Activities"},"content":{"rendered":"\t\t<div data-elementor-type=\"wp-page\" data-elementor-id=\"29428\" class=\"elementor elementor-29428 elementor-29420\" data-elementor-post-type=\"page\">\n\t\t\t\t\t\t<section class=\"elementor-section elementor-top-section elementor-element elementor-element-c92beff elementor-section-boxed elementor-section-gap-beside-yes elementor-section-height-default elementor-section-height-default elementor-section-column-vertical-align-stretch\" data-id=\"c92beff\" data-element_type=\"section\" data-e-type=\"section\">\n\t\t\t\t\t\t<div class=\"elementor-container elementor-column-gap-extended\">\n\t\t\t\t\t<div class=\"elementor-column elementor-col-100 elementor-top-column elementor-element elementor-element-1537edd\" data-id=\"1537edd\" data-element_type=\"column\" data-e-type=\"column\">\n\t\t\t<div class=\"elementor-widget-wrap elementor-element-populated\">\n\t\t\t\t\t\t<div class=\"elementor-element elementor-element-edda816 elementor-widget elementor-widget-heading\" data-id=\"edda816\" data-element_type=\"widget\" data-e-type=\"widget\" data-widget_type=\"heading.default\">\n\t\t\t\t<div class=\"elementor-widget-container\">\n\t\t\t\t\t<h6 class=\"elementor-heading-title elementor-size-default\">Capacity building - IQAU<\/h6>\t\t\t\t<\/div>\n\t\t\t\t<\/div>\n\t\t\t\t\t<\/div>\n\t\t<\/div>\n\t\t\t\t\t<\/div>\n\t\t<\/section>\n\t\t\t\t<section class=\"elementor-section elementor-top-section elementor-element elementor-element-e8b33fb elementor-section-boxed elementor-section-gap-beside-yes elementor-section-height-default elementor-section-height-default elementor-section-column-vertical-align-stretch\" data-id=\"e8b33fb\" data-element_type=\"section\" data-e-type=\"section\">\n\t\t\t\t\t\t<div class=\"elementor-container elementor-column-gap-extended\">\n\t\t\t\t\t<div class=\"elementor-column elementor-col-100 elementor-top-column elementor-element elementor-element-492b0bc\" data-id=\"492b0bc\" data-element_type=\"column\" data-e-type=\"column\">\n\t\t\t<div class=\"elementor-widget-wrap elementor-element-populated\">\n\t\t\t\t\t\t<div class=\"elementor-element elementor-element-9e4b81a elementor-widget elementor-widget-text-editor\" data-id=\"9e4b81a\" data-element_type=\"widget\" data-e-type=\"widget\" data-widget_type=\"text-editor.default\">\n\t\t\t\t<div class=\"elementor-widget-container\">\n\t\t\t\t\t\t\t\t\t<p>OLIS University is currently part of the project QA-SURE \u201cImproving University Quality Assurance Resilient Strategies Toward Excellence\u201d, Co-funded by the Erasmus+ Programme of the European Union under Grant Agreement No. 101129398- ERASMUS-EDU-2024-CBHE-STRAND-1. The project consortium is composed of 7 higher education institutions (HEIs), of which 5 are from the Western Balkans and 2 from the European Union. The project has a duration of 24 months, from 30.12.2023 until 30.11.2025 (<g id=\"gid_0\">https:\/\/qa-sure.com\/<\/g>) and aims at training administrative staff, academic staff, and students on quality assurance, to ensure better preparation and inclusiveness of administrative and academic outputs within partner HEIs, especially regarding service and study program design.  <\/p>\t\t\t\t\t\t\t\t<\/div>\n\t\t\t\t<\/div>\n\t\t\t\t\t<\/div>\n\t\t<\/div>\n\t\t\t\t\t<\/div>\n\t\t<\/section>\n\t\t\t\t<section class=\"elementor-section elementor-top-section elementor-element elementor-element-9b6f1cd elementor-section-boxed elementor-section-gap-beside-yes elementor-section-height-default elementor-section-height-default elementor-section-column-vertical-align-stretch\" data-id=\"9b6f1cd\" data-element_type=\"section\" data-e-type=\"section\">\n\t\t\t\t\t\t<div class=\"elementor-container elementor-column-gap-extended\">\n\t\t\t\t\t<div class=\"elementor-column elementor-col-100 elementor-top-column elementor-element elementor-element-082cc17\" data-id=\"082cc17\" data-element_type=\"column\" data-e-type=\"column\">\n\t\t\t<div class=\"elementor-widget-wrap elementor-element-populated\">\n\t\t\t\t\t\t<div class=\"elementor-element elementor-element-7d457fd elementor-widget elementor-widget-spacer\" data-id=\"7d457fd\" data-element_type=\"widget\" data-e-type=\"widget\" data-widget_type=\"spacer.default\">\n\t\t\t\t<div class=\"elementor-widget-container\">\n\t\t\t\t\t\t\t<div class=\"elementor-spacer\">\n\t\t\t<div class=\"elementor-spacer-inner\"><\/div>\n\t\t<\/div>\n\t\t\t\t\t\t<\/div>\n\t\t\t\t<\/div>\n\t\t\t\t\t<\/div>\n\t\t<\/div>\n\t\t\t\t\t<\/div>\n\t\t<\/section>\n\t\t\t\t<section class=\"elementor-section elementor-top-section elementor-element elementor-element-ac3987f elementor-section-boxed elementor-section-gap-beside-yes elementor-section-height-default elementor-section-height-default elementor-section-column-vertical-align-stretch\" data-id=\"ac3987f\" data-element_type=\"section\" data-e-type=\"section\">\n\t\t\t\t\t\t<div class=\"elementor-container elementor-column-gap-extended\">\n\t\t\t\t\t<div class=\"elementor-column elementor-col-100 elementor-top-column elementor-element elementor-element-b46b4f8\" data-id=\"b46b4f8\" data-element_type=\"column\" data-e-type=\"column\">\n\t\t\t<div class=\"elementor-widget-wrap elementor-element-populated\">\n\t\t\t\t\t\t<div class=\"elementor-element elementor-element-1af32d3 elementor-widget elementor-widget-heading\" data-id=\"1af32d3\" data-element_type=\"widget\" data-e-type=\"widget\" data-widget_type=\"heading.default\">\n\t\t\t\t<div class=\"elementor-widget-container\">\n\t\t\t\t\t<span class=\"elementor-heading-title elementor-size-default\">A. Academic, Administrative Staff and Student Trainings<\/span>\t\t\t\t<\/div>\n\t\t\t\t<\/div>\n\t\t\t\t\t<\/div>\n\t\t<\/div>\n\t\t\t\t\t<\/div>\n\t\t<\/section>\n\t\t\t\t<section class=\"elementor-section elementor-top-section elementor-element elementor-element-2e931e6 elementor-section-boxed elementor-section-gap-beside-yes elementor-section-height-default elementor-section-height-default elementor-section-column-vertical-align-stretch\" data-id=\"2e931e6\" data-element_type=\"section\" data-e-type=\"section\">\n\t\t\t\t\t\t<div class=\"elementor-container elementor-column-gap-extended\">\n\t\t\t\t\t<div class=\"elementor-column elementor-col-100 elementor-top-column elementor-element elementor-element-8b27ac1\" data-id=\"8b27ac1\" data-element_type=\"column\" data-e-type=\"column\">\n\t\t\t<div class=\"elementor-widget-wrap elementor-element-populated\">\n\t\t\t\t\t\t<div class=\"elementor-element elementor-element-c08159a elementor-widget elementor-widget-text-editor\" data-id=\"c08159a\" data-element_type=\"widget\" data-e-type=\"widget\" data-widget_type=\"text-editor.default\">\n\t\t\t\t<div class=\"elementor-widget-container\">\n\t\t\t\t\t\t\t\t\t<p>The training sessions for academic staff, administrative staff, and students within the framework of this project have been carried out by the Slovenian and North Macedonian partners, as follows:<\/p><ul><li>Training for academic staff from the Republic of Kosovo and Albania in August 2024 in Albania (Dr. Emi Hoxholli, Dr. Kledja Canaj, Dr. Flora Krasniqi, MSc. Marsela Jupas, MSc. Anjeza Dajzmaili, MSc. Anisa Sfrati);<\/li><li>Training for academic staff from the Republic of Kosovo and Albania in October 2024 in the Republic of Kosovo (Dr. Manjola Hoxha, Dr. Elona Karafili, Dr. Flora Krasniqi);<\/li><li>Training for students in Albania in August 2024 (doctoral students: Kejsi Veselagu, Sadmira Malaj, Dejvi Dauti);<\/li><li>Administrative training for administrative staff from the Republic of Kosovo and Albania in August 2024 in the Republic of Kosovo (Dr. Elona Karafili, Dr. Flora Krasniqi);<\/li><li>Administrative training for administrative staff from the Republic of Kosovo and Albania in August 2024 in Albania (Dr. Emi Hoxholli, MSc. Anjeza Dajzmaili).<\/li><li>Webinar \u201cReviewing and Updating QA Policies to Align with ESG Standards\u201d in January 2025 (Dr. Emi Hoxholli, Dr. Manjola Hoxha, MSc. Marsela Plyku).<\/li><\/ul><p>Detailed information regarding the trainings mentioned above is summarized in the document published at the <a href=\"https:\/\/qa-sure.com\/wp-content\/uploads\/2024\/12\/WP4_Del-4.2-_Trainings-on-Quality-Assurance.pdf\">link<\/a>.<\/p>\t\t\t\t\t\t\t\t<\/div>\n\t\t\t\t<\/div>\n\t\t\t\t\t<\/div>\n\t\t<\/div>\n\t\t\t\t\t<\/div>\n\t\t<\/section>\n\t\t\t\t<section class=\"elementor-section elementor-top-section elementor-element elementor-element-443f05a elementor-section-boxed elementor-section-gap-beside-yes elementor-section-height-default elementor-section-height-default elementor-section-column-vertical-align-stretch\" data-id=\"443f05a\" data-element_type=\"section\" data-e-type=\"section\">\n\t\t\t\t\t\t<div class=\"elementor-container elementor-column-gap-extended\">\n\t\t\t\t\t<div class=\"elementor-column elementor-col-100 elementor-top-column elementor-element elementor-element-ebbc3d0\" data-id=\"ebbc3d0\" data-element_type=\"column\" data-e-type=\"column\">\n\t\t\t<div class=\"elementor-widget-wrap elementor-element-populated\">\n\t\t\t\t\t\t<div class=\"elementor-element elementor-element-776d0a9 elementor-widget elementor-widget-spacer\" data-id=\"776d0a9\" data-element_type=\"widget\" data-e-type=\"widget\" data-widget_type=\"spacer.default\">\n\t\t\t\t<div class=\"elementor-widget-container\">\n\t\t\t\t\t\t\t<div class=\"elementor-spacer\">\n\t\t\t<div class=\"elementor-spacer-inner\"><\/div>\n\t\t<\/div>\n\t\t\t\t\t\t<\/div>\n\t\t\t\t<\/div>\n\t\t\t\t\t<\/div>\n\t\t<\/div>\n\t\t\t\t\t<\/div>\n\t\t<\/section>\n\t\t\t\t<section class=\"elementor-section elementor-top-section elementor-element elementor-element-c8c2012 elementor-section-boxed elementor-section-gap-beside-yes elementor-section-height-default elementor-section-height-default elementor-section-column-vertical-align-stretch\" data-id=\"c8c2012\" data-element_type=\"section\" data-e-type=\"section\">\n\t\t\t\t\t\t<div class=\"elementor-container elementor-column-gap-extended\">\n\t\t\t\t\t<div class=\"elementor-column elementor-col-100 elementor-top-column elementor-element elementor-element-abe1637\" data-id=\"abe1637\" data-element_type=\"column\" data-e-type=\"column\">\n\t\t\t<div class=\"elementor-widget-wrap elementor-element-populated\">\n\t\t\t\t\t\t<div class=\"elementor-element elementor-element-109778a elementor-widget elementor-widget-text-editor\" data-id=\"109778a\" data-element_type=\"widget\" data-e-type=\"widget\" data-widget_type=\"text-editor.default\">\n\t\t\t\t<div class=\"elementor-widget-container\">\n\t\t\t\t\t\t\t\t\t<p>B. Furthermore, as part of the project QA-SURE \u201cImproving University Quality Assurance Resilient Strategies Toward Excellence\u201d (<a href=\"https:\/\/qa-sure.com\/\">https:\/\/qa-sure.com\/<\/a>), the members of the IQAU have participated in different study visits, as follows:<\/p><ul><li>Assoc. Prof. Merita Guri (academic staff) and MSc. Anjeza Dajzmaili (administrative staff) took part in a study visit on 15\u201316 April 2024 at South East European University, Tetovo, North Macedonia. Merita Guri (staf akademik) dhe Msc. Anjeza Dajzmaili (staf administrative) kan\u00eb qen\u00eb pjes\u00eb e vizit\u00ebs studimore n\u00eb datat 15-16 Prill 2024 pran\u00eb South East European Unviversity n\u00eb Tetov\u00eb, Maqedoni e Veriut. <\/li><li>Anisa Gjini and Anisa Sfrati (administrative staff) took part in a study visit on quality issues in Celje, Slovenia, on 20\u201321 June 2024; <br>The focus of the study visit: Self-evaluation reports, Quality assurance (QA) surveys and focus groups, European standard guidelines (ESG) and its implementation at NAKVIS &#8211; Slovenian Quality Assurance Agency for Higher Education (external evaluation and HEI self-evaluations), QA and EHEA (ENQA, EQAR), and other related QA topics and external evaluations. Slovenian External Quality Assurance System, International evaluations (FIBBA, AQA, AZVO); QA Experiences from Different Stakeholders (internal self-evaluation process)<\/li><li>Administrative staff member Anjeza Dajzmaili and academic staff member Marsela Plyku participated in a study visit in Piran, Slovenia, at EMUNI University, on 23\u201326 March 2025 <br>The focus of the study visit: Switching from Quality Control to Quality Enhancement, Aligning Quality Assurance Offices with ESG 2015, and Quality Enhancement, Internationalization, and QA strategies.<\/li><\/ul><p>Details about the study visits are available at the <a href=\"https:\/\/qa-sure.com\/wp-content\/uploads\/2024\/12\/WP4_Del-4.1_EU-Study-Visits.pdf\">link<\/a>.<\/p>\t\t\t\t\t\t\t\t<\/div>\n\t\t\t\t<\/div>\n\t\t\t\t\t<\/div>\n\t\t<\/div>\n\t\t\t\t\t<\/div>\n\t\t<\/section>\n\t\t\t\t<section class=\"elementor-section elementor-top-section elementor-element elementor-element-ede13b7 elementor-section-boxed elementor-section-gap-beside-yes elementor-section-height-default elementor-section-height-default elementor-section-column-vertical-align-stretch\" data-id=\"ede13b7\" data-element_type=\"section\" data-e-type=\"section\">\n\t\t\t\t\t\t<div class=\"elementor-container elementor-column-gap-extended\">\n\t\t\t\t\t<div class=\"elementor-column elementor-col-100 elementor-top-column elementor-element elementor-element-0f18731\" data-id=\"0f18731\" data-element_type=\"column\" data-e-type=\"column\">\n\t\t\t<div class=\"elementor-widget-wrap elementor-element-populated\">\n\t\t\t\t\t\t<div class=\"elementor-element elementor-element-4693c19 elementor-widget elementor-widget-spacer\" data-id=\"4693c19\" data-element_type=\"widget\" data-e-type=\"widget\" data-widget_type=\"spacer.default\">\n\t\t\t\t<div class=\"elementor-widget-container\">\n\t\t\t\t\t\t\t<div class=\"elementor-spacer\">\n\t\t\t<div class=\"elementor-spacer-inner\"><\/div>\n\t\t<\/div>\n\t\t\t\t\t\t<\/div>\n\t\t\t\t<\/div>\n\t\t\t\t\t<\/div>\n\t\t<\/div>\n\t\t\t\t\t<\/div>\n\t\t<\/section>\n\t\t\t\t<section class=\"elementor-section elementor-top-section elementor-element elementor-element-c5e2f56 elementor-section-boxed elementor-section-gap-beside-yes elementor-section-height-default elementor-section-height-default elementor-section-column-vertical-align-stretch\" data-id=\"c5e2f56\" data-element_type=\"section\" data-e-type=\"section\">\n\t\t\t\t\t\t<div class=\"elementor-container elementor-column-gap-extended\">\n\t\t\t\t\t<div class=\"elementor-column elementor-col-100 elementor-top-column elementor-element elementor-element-fa81972\" data-id=\"fa81972\" data-element_type=\"column\" data-e-type=\"column\">\n\t\t\t<div class=\"elementor-widget-wrap elementor-element-populated\">\n\t\t\t\t\t\t<div class=\"elementor-element elementor-element-ea0cfae elementor-widget elementor-widget-heading\" data-id=\"ea0cfae\" data-element_type=\"widget\" data-e-type=\"widget\" data-widget_type=\"heading.default\">\n\t\t\t\t<div class=\"elementor-widget-container\">\n\t\t\t\t\t<span class=\"elementor-heading-title elementor-size-default\">C. Internal training in Institutional level<\/span>\t\t\t\t<\/div>\n\t\t\t\t<\/div>\n\t\t\t\t\t<\/div>\n\t\t<\/div>\n\t\t\t\t\t<\/div>\n\t\t<\/section>\n\t\t\t\t<section class=\"elementor-section elementor-top-section elementor-element elementor-element-1a6690d elementor-section-boxed elementor-section-gap-beside-yes elementor-section-height-default elementor-section-height-default elementor-section-column-vertical-align-stretch\" data-id=\"1a6690d\" data-element_type=\"section\" data-e-type=\"section\">\n\t\t\t\t\t\t<div class=\"elementor-container elementor-column-gap-extended\">\n\t\t\t\t\t<div class=\"elementor-column elementor-col-100 elementor-top-column elementor-element elementor-element-e909ed1\" data-id=\"e909ed1\" data-element_type=\"column\" data-e-type=\"column\">\n\t\t\t<div class=\"elementor-widget-wrap elementor-element-populated\">\n\t\t\t\t\t\t<div class=\"elementor-element elementor-element-1e7e442 elementor-widget elementor-widget-text-editor\" data-id=\"1e7e442\" data-element_type=\"widget\" data-e-type=\"widget\" data-widget_type=\"text-editor.default\">\n\t\t\t\t<div class=\"elementor-widget-container\">\n\t\t\t\t\t\t\t\t\t<p>As part of our internal policy for institutional development, POLIS University encourages, identifies, and supports the further qualification of academic\/ administrative staff by offering internal training (through the engagement of national and international external experts). During the academic year 2024\u20132025, specifically on 18 September 2024, a training session was held with academic and administrative staff on the topic \u201cCurrent Issues in National\/European Quality Development\u201d, delivered by Prof. Dr. Dhurata Bozo.<br> <\/p><ul><li>Arsimi i lart\u00eb, k\u00ebrkimi shkencor dhe inovacioni: tendencat globale\/europiane, dhe si<br>pasqyrohen ato n\u00eb Shqip\u00ebri &#8211; Prof. Dr. Myqerem Tafaj<\/li><li>Strategjia dhe politikat e arsimit t\u00eb lart\u00eb n\u00eb Shqip\u00ebri &#8211; Geron Kamberi<\/li><li>\u00c7\u00ebshtje aktuale dhe n\u00eb zhvillim t\u00eb cil\u00ebsis\u00eb komb\u00ebtare\/europiane &#8211; Prof. Dr. Dhurata Bozo<\/li><\/ul>\t\t\t\t\t\t\t\t<\/div>\n\t\t\t\t<\/div>\n\t\t\t\t\t<\/div>\n\t\t<\/div>\n\t\t\t\t\t<\/div>\n\t\t<\/section>\n\t\t\t\t<\/div>\n\t\t","protected":false},"excerpt":{"rendered":"<p>Capacity building &#8211; IQAU OLIS University is currently part of the project QA-SURE \u201cImproving University Quality Assurance Resilient Strategies Toward Excellence\u201d, Co-funded by the Erasmus+ Programme of the European Union under Grant Agreement No. 101129398- ERASMUS-EDU-2024-CBHE-STRAND-1. The project consortium is composed of 7 higher education institutions (HEIs), of which 5 are from the Western Balkans and 2 from the European Union. The project has a duration of 24 months, from 30.12.2023 until 30.11.2025 (https:\/\/qa-sure.com\/) and aims at training administrative staff, academic staff, and students on quality assurance, to ensure better preparation and inclusiveness of administrative and academic outputs within partner HEIs, especially regarding service and study program design. A. Academic, Administrative Staff and Student Trainings The training sessions for academic staff, administrative staff, and students within the framework of this project have been carried out by the Slovenian and North Macedonian partners, as follows: Training for academic staff from the Republic of Kosovo and Albania in August 2024 in Albania (Dr. Emi Hoxholli, Dr. Kledja Canaj, Dr. Flora Krasniqi, MSc. Marsela Jupas, MSc. Anjeza Dajzmaili, MSc. Anisa Sfrati); Training for academic staff from the Republic of Kosovo and Albania in October 2024 in the Republic of Kosovo (Dr. Manjola Hoxha, Dr. Elona Karafili, Dr. Flora Krasniqi); Training for students in Albania in August 2024 (doctoral students: Kejsi Veselagu, Sadmira Malaj, Dejvi Dauti); Administrative training for administrative staff from the Republic of Kosovo and Albania in August 2024 in the Republic of Kosovo (Dr. Elona Karafili, Dr. Flora Krasniqi); Administrative training for administrative staff from the Republic of Kosovo and Albania in August 2024 in Albania (Dr. Emi Hoxholli, MSc. Anjeza Dajzmaili). Webinar \u201cReviewing and Updating QA Policies to Align with ESG Standards\u201d in January 2025 (Dr. Emi Hoxholli, Dr. Manjola Hoxha, MSc. Marsela Plyku). Detailed information regarding the trainings mentioned above is summarized in the document published at the link. B. Furthermore, as part of the project QA-SURE \u201cImproving University Quality Assurance Resilient Strategies Toward Excellence\u201d (https:\/\/qa-sure.com\/), the members of the IQAU have participated in different study visits, as follows: Assoc. Prof. Merita Guri (academic staff) and MSc. Anjeza Dajzmaili (administrative staff) took part in a study visit on 15\u201316 April 2024 at South East European University, Tetovo, North Macedonia. Merita Guri (staf akademik) dhe Msc. Anjeza Dajzmaili (staf administrative) kan\u00eb qen\u00eb pjes\u00eb e vizit\u00ebs studimore n\u00eb datat 15-16 Prill 2024 pran\u00eb South East European Unviversity n\u00eb Tetov\u00eb, Maqedoni e Veriut. Anisa Gjini and Anisa Sfrati (administrative staff) took part in a study visit on quality issues in Celje, Slovenia, on 20\u201321 June 2024; The focus of the study visit: Self-evaluation reports, Quality assurance (QA) surveys and focus groups, European standard guidelines (ESG) and its implementation at NAKVIS &#8211; Slovenian Quality Assurance Agency for Higher Education (external evaluation and HEI self-evaluations), QA and EHEA (ENQA, EQAR), and other related QA topics and external evaluations. Slovenian External Quality Assurance System, International evaluations (FIBBA, AQA, AZVO); QA Experiences from Different Stakeholders (internal self-evaluation process) Administrative staff member Anjeza Dajzmaili and academic staff member Marsela Plyku participated in a study visit in Piran, Slovenia, at EMUNI University, on 23\u201326 March 2025 The focus of the study visit: Switching from Quality Control to Quality Enhancement, Aligning Quality Assurance Offices with ESG 2015, and Quality Enhancement, Internationalization, and QA strategies. Details about the study visits are available at the link. C. Internal training in Institutional level As part of our internal policy for institutional development, POLIS University encourages, identifies, and supports the further qualification of academic\/ administrative staff by offering internal training (through the engagement of national and international external experts). During the academic year 2024\u20132025, specifically on 18 September 2024, a training session was held with academic and administrative staff on the topic \u201cCurrent Issues in National\/European Quality Development\u201d, delivered by Prof. Dr. Dhurata Bozo. Arsimi i lart\u00eb, k\u00ebrkimi shkencor dhe inovacioni: tendencat globale\/europiane, dhe si pasqyrohen ato n\u00eb Shqip\u00ebri &#8211; Prof. Dr. Myqerem Tafaj Strategjia dhe politikat e arsimit t\u00eb lart\u00eb n\u00eb Shqip\u00ebri &#8211; Geron Kamberi \u00c7\u00ebshtje aktuale dhe n\u00eb zhvillim t\u00eb cil\u00ebsis\u00eb komb\u00ebtare\/europiane &#8211; Prof. Dr. Dhurata Bozo<\/p>\n","protected":false},"author":1217,"featured_media":0,"parent":0,"menu_order":0,"comment_status":"closed","ping_status":"closed","template":"","meta":{"footnotes":""},"class_list":["post-29428","page","type-page","status-publish","hentry","post-no-thumbnail"],"_links":{"self":[{"href":"https:\/\/universitetipolis.edu.al\/en\/wp-json\/wp\/v2\/pages\/29428","targetHints":{"allow":["GET"]}}],"collection":[{"href":"https:\/\/universitetipolis.edu.al\/en\/wp-json\/wp\/v2\/pages"}],"about":[{"href":"https:\/\/universitetipolis.edu.al\/en\/wp-json\/wp\/v2\/types\/page"}],"author":[{"embeddable":true,"href":"https:\/\/universitetipolis.edu.al\/en\/wp-json\/wp\/v2\/users\/1217"}],"replies":[{"embeddable":true,"href":"https:\/\/universitetipolis.edu.al\/en\/wp-json\/wp\/v2\/comments?post=29428"}],"version-history":[{"count":3,"href":"https:\/\/universitetipolis.edu.al\/en\/wp-json\/wp\/v2\/pages\/29428\/revisions"}],"predecessor-version":[{"id":29431,"href":"https:\/\/universitetipolis.edu.al\/en\/wp-json\/wp\/v2\/pages\/29428\/revisions\/29431"}],"wp:attachment":[{"href":"https:\/\/universitetipolis.edu.al\/en\/wp-json\/wp\/v2\/media?parent=29428"}],"curies":[{"name":"wp","href":"https:\/\/api.w.org\/{rel}","templated":true}]}}