{"id":13351,"date":"2022-11-08T12:22:49","date_gmt":"2022-11-08T11:22:49","guid":{"rendered":"https:\/\/universitetipolis.edu.al\/executive-master-in-restoration-conservation-and-valorisation\/"},"modified":"2023-04-25T11:58:27","modified_gmt":"2023-04-25T09:58:27","slug":"executive-master-in-restoration-conservation-and-valorisation","status":"publish","type":"page","link":"https:\/\/universitetipolis.edu.al\/en\/executive-master-in-restoration-conservation-and-valorisation\/","title":{"rendered":"Executive Master in Restoration, Conservation and Valorisation"},"content":{"rendered":"\t\t<div data-elementor-type=\"wp-page\" data-elementor-id=\"13351\" class=\"elementor elementor-13351 elementor-11988\" data-elementor-post-type=\"page\">\n\t\t\t\t\t\t<section class=\"elementor-section elementor-top-section elementor-element elementor-element-5b40c25 elementor-section-boxed elementor-section-gap-beside-yes elementor-section-height-default elementor-section-height-default elementor-section-column-vertical-align-stretch\" data-id=\"5b40c25\" data-element_type=\"section\" data-e-type=\"section\">\n\t\t\t\t\t\t<div class=\"elementor-container elementor-column-gap-extended\">\n\t\t\t\t\t<div class=\"elementor-column elementor-col-100 elementor-top-column elementor-element elementor-element-4027fc9\" data-id=\"4027fc9\" data-element_type=\"column\" data-e-type=\"column\">\n\t\t\t<div class=\"elementor-widget-wrap elementor-element-populated\">\n\t\t\t\t\t\t<div class=\"elementor-element elementor-element-d42c899 elementor-widget elementor-widget-text-editor\" data-id=\"d42c899\" data-element_type=\"widget\" data-e-type=\"widget\" data-widget_type=\"text-editor.default\">\n\t\t\t\t<div class=\"elementor-widget-container\">\n\t\t\t\t\t\t\t\t\t<h5>Executive Master in <strong>Restoration, Conservation and Valorization of Cultural Heritage<\/strong> (1 Year, Full Time, 60 Credits\/ECTS)<\/h5><p><strong>Cultural and professional profile<\/strong><\/p><p>The Executive Master Studies Program in Restoration, Conservation and Valorization of Cultural Heritage is organized by POLIS University in collaboration with the <a href=\"http:\/\/architettura.unife.it\/it\/post-laurea\/master-in-restoration-conservation-and-valorization-of-cultural-heritage\">University of Ferrara<\/a> with the support of the Regional Directories of Cultural Heritage (Gjirokast\u00ebr, Berat, Kor\u00e7\u00eb), and NGOs such as CHwB, AHF, and the IMK* Institute.<br \/>The program aims to equip students with in-depth theoretical knowledge and practical skills to guarantee a successful career in the field of restoration, conservation and evaluation of cultural heritage in urban centers and in areas with a strong natural character. In particular, students will be able to critically analyze the existing state of cultural and landscape heritage as well as propose further interventions in accordance with all contemporary developments in this field.<\/p><p><strong>Results of the study program<\/strong><\/p><p>At the end of the Executive Master&#8217;s Program in Restoration, Conservation and Valorization of Cultural Heritage, the student will be able to:<\/p><p>Understand, analyze and evaluate the current state of heritage and emergency issues;<\/p><ul><li>To design a suitable study methodology and cooperation with specialists in different specific fields;<\/li><li>To have leadership, management skills and responsibility in the professional environment at every stage of an intervention;<\/li><li>To acquire a critical way of thinking in making managerial decisions, and to have effective communication skills;<\/li><li>To have complete knowledge in the theoretical and practical aspects of the field of restoration and cultural and natural heritage;<\/li><li>To be able to use traditional and innovative surveying equipment and different restoration techniques;<\/li><li>To have artistic sensitivity and engineering knowledge;<\/li><li>To evaluate and interpret the story depending on the needs of the contemporary market.<\/li><li>To have scientific research skills.<\/li><\/ul><p><strong>Formative activities, Credits<\/strong><\/p><p>The study program of the second cycle &#8220;Executive Master&#8221; in Restoration, Conservation and Valorization of Cultural Heritage contains 12 subjects \/ modules, which include the diploma thesis. Students fulfill the requirements for the title &#8220;Executive Master&#8221; in Restoration, Conservation and Valorization of Cultural Heritage if they complete 60 credits according to the ECTS system. The study program contains formative activities grouped in the following disciplines:<\/p><ul><li>Activity in disciplines of general education (basic), 4 credits<\/li><li>Activity in the disciplines of the characteristic formation of the study program 35 credits<\/li><li>Activity in training disciplines with the student&#8217;s choice between those offered by the institution 9 credits<\/li><li>Preparation of diploma thesis 12 credits<\/li><\/ul>\t\t\t\t\t\t\t\t<\/div>\n\t\t\t\t<\/div>\n\t\t\t\t\t<\/div>\n\t\t<\/div>\n\t\t\t\t\t<\/div>\n\t\t<\/section>\n\t\t\t\t<section class=\"elementor-section elementor-top-section elementor-element elementor-element-d8732b2 elementor-section-boxed elementor-section-gap-beside-yes elementor-section-height-default elementor-section-height-default elementor-section-column-vertical-align-stretch\" data-id=\"d8732b2\" data-element_type=\"section\" data-e-type=\"section\" data-settings=\"{&quot;background_background&quot;:&quot;classic&quot;}\">\n\t\t\t\t\t\t<div class=\"elementor-container elementor-column-gap-extended\">\n\t\t\t\t\t<div class=\"elementor-column elementor-col-100 elementor-top-column elementor-element elementor-element-3809045\" data-id=\"3809045\" data-element_type=\"column\" data-e-type=\"column\">\n\t\t\t<div class=\"elementor-widget-wrap elementor-element-populated\">\n\t\t\t\t\t\t<div class=\"elementor-element elementor-element-01557bc elementor-widget elementor-widget-heading\" data-id=\"01557bc\" data-element_type=\"widget\" data-e-type=\"widget\" data-widget_type=\"heading.default\">\n\t\t\t\t<div class=\"elementor-widget-container\">\n\t\t\t\t\t<h2 class=\"elementor-heading-title elementor-size-default\">EXECUTIVE MASTER CURRICULUM<\/h2>\t\t\t\t<\/div>\n\t\t\t\t<\/div>\n\t\t\t\t<div class=\"elementor-element elementor-element-4c90a6e unicamp-accordion-style-03 elementor-widget elementor-widget-tm-accordion\" data-id=\"4c90a6e\" data-element_type=\"widget\" data-e-type=\"widget\" data-widget_type=\"tm-accordion.default\">\n\t\t\t\t<div class=\"elementor-widget-container\">\n\t\t\t\t\t\t\t<div class=\"unicamp-accordion unicamp-accordion-icon-right\">\n\t\t\t\t\t\t\t<div class=\"accordion-section\">\n\t\t\t\t\t<div class=\"accordion-header\">\n\t\t\t\t\t\t<div class=\"accordion-title-wrapper\">\n\t\t\t\t\t\t\t<h6 class=\"accordion-title\">Semester  I<\/h6>\t\t\t\t\t\t<\/div>\n\t\t\t\t\t\t\t\t\t\t\t\t\t<div class=\"accordion-icons\">\n\t\t\t\t\t\t\t\t<span\n\t\t\t\t\t\t\t\t\tclass=\"accordion-icon opened-icon\"><i class=\"far fa-angle-down\"><\/i><\/span>\n\t\t\t\t\t\t\t\t<span\n\t\t\t\t\t\t\t\t\tclass=\"accordion-icon closed-icon\"><\/span>\n\t\t\t\t\t\t\t<\/div>\n\t\t\t\t\t\t\t\t\t\t\t<\/div>\n\t\t\t\t\t<div class=\"accordion-content\">\n\t\t\t\t\t\t<ul><li>Research methods in contemporary architecture (6 credits)<\/li><li>Architectural History (8 credits)<\/li><li>Restoration Theory (8 credits)<\/li><li>Revival of Heritage Objects (6 credits)<\/li><li>Surveying and Documentation Tools (8 credits)<\/li><\/ul>\t\t\t\t\t<\/div>\n\t\t\t\t<\/div>\n\t\t\t\t\t\t\t<div class=\"accordion-section\">\n\t\t\t\t\t<div class=\"accordion-header\">\n\t\t\t\t\t\t<div class=\"accordion-title-wrapper\">\n\t\t\t\t\t\t\t<h6 class=\"accordion-title\">Semester II<\/h6>\t\t\t\t\t\t<\/div>\n\t\t\t\t\t\t\t\t\t\t\t\t\t<div class=\"accordion-icons\">\n\t\t\t\t\t\t\t\t<span\n\t\t\t\t\t\t\t\t\tclass=\"accordion-icon opened-icon\"><i class=\"far fa-angle-down\"><\/i><\/span>\n\t\t\t\t\t\t\t\t<span\n\t\t\t\t\t\t\t\t\tclass=\"accordion-icon closed-icon\"><\/span>\n\t\t\t\t\t\t\t<\/div>\n\t\t\t\t\t\t\t\t\t\t\t<\/div>\n\t\t\t\t\t<div class=\"accordion-content\">\n\t\t\t\t\t\t<ul><li>Restoration Technology &#8220;Materials and Techniques&#8221; (6 credits)<\/li><li>Techniques of Restorative and Reinforcement Interventions (6 credits)<\/li><li>Urban and Architectural Restoration Studio (12 credits)<\/li><\/ul>\t\t\t\t\t<\/div>\n\t\t\t\t<\/div>\n\t\t\t\t\t<\/div>\n\t\t\t\t\t\t<\/div>\n\t\t\t\t<\/div>\n\t\t\t\t\t<\/div>\n\t\t<\/div>\n\t\t\t\t\t<\/div>\n\t\t<\/section>\n\t\t\t\t<\/div>\n\t\t","protected":false},"excerpt":{"rendered":"<p>Executive Master in Restoration, Conservation and Valorization of Cultural Heritage (1 Year, Full Time, 60 Credits\/ECTS) Cultural and professional profile The Executive Master Studies Program in Restoration, Conservation and Valorization of Cultural Heritage is organized by POLIS University in collaboration with the University of Ferrara with the support of the Regional Directories of Cultural Heritage (Gjirokast\u00ebr, Berat, Kor\u00e7\u00eb), and NGOs such as CHwB, AHF, and the IMK* Institute.The program aims to equip students with in-depth theoretical knowledge and practical skills to guarantee a successful career in the field of restoration, conservation and evaluation of cultural heritage in urban centers and in areas with a strong natural character. In particular, students will be able to critically analyze the existing state of cultural and landscape heritage as well as propose further interventions in accordance with all contemporary developments in this field. Results of the study program At the end of the Executive Master&#8217;s Program in Restoration, Conservation and Valorization of Cultural Heritage, the student will be able to: Understand, analyze and evaluate the current state of heritage and emergency issues; To design a suitable study methodology and cooperation with specialists in different specific fields; To have leadership, management skills and responsibility in the professional environment at every stage of an intervention; To acquire a critical way of thinking in making managerial decisions, and to have effective communication skills; To have complete knowledge in the theoretical and practical aspects of the field of restoration and cultural and natural heritage; To be able to use traditional and innovative surveying equipment and different restoration techniques; To have artistic sensitivity and engineering knowledge; To evaluate and interpret the story depending on the needs of the contemporary market. To have scientific research skills. Formative activities, Credits The study program of the second cycle &#8220;Executive Master&#8221; in Restoration, Conservation and Valorization of Cultural Heritage contains 12 subjects \/ modules, which include the diploma thesis. Students fulfill the requirements for the title &#8220;Executive Master&#8221; in Restoration, Conservation and Valorization of Cultural Heritage if they complete 60 credits according to the ECTS system. The study program contains formative activities grouped in the following disciplines: Activity in disciplines of general education (basic), 4 credits Activity in the disciplines of the characteristic formation of the study program 35 credits Activity in training disciplines with the student&#8217;s choice between those offered by the institution 9 credits Preparation of diploma thesis 12 credits EXECUTIVE MASTER CURRICULUM Semester I Research methods in contemporary architecture (6 credits) Architectural History (8 credits) Restoration Theory (8 credits) Revival of Heritage Objects (6 credits) Surveying and Documentation Tools (8 credits) Semester II Restoration Technology &#8220;Materials and Techniques&#8221; (6 credits) Techniques of Restorative and Reinforcement Interventions (6 credits) Urban and Architectural Restoration Studio (12 credits)<\/p>\n","protected":false},"author":3,"featured_media":0,"parent":0,"menu_order":0,"comment_status":"closed","ping_status":"closed","template":"","meta":{"footnotes":""},"class_list":["post-13351","page","type-page","status-publish","hentry","post-no-thumbnail"],"_links":{"self":[{"href":"https:\/\/universitetipolis.edu.al\/en\/wp-json\/wp\/v2\/pages\/13351","targetHints":{"allow":["GET"]}}],"collection":[{"href":"https:\/\/universitetipolis.edu.al\/en\/wp-json\/wp\/v2\/pages"}],"about":[{"href":"https:\/\/universitetipolis.edu.al\/en\/wp-json\/wp\/v2\/types\/page"}],"author":[{"embeddable":true,"href":"https:\/\/universitetipolis.edu.al\/en\/wp-json\/wp\/v2\/users\/3"}],"replies":[{"embeddable":true,"href":"https:\/\/universitetipolis.edu.al\/en\/wp-json\/wp\/v2\/comments?post=13351"}],"version-history":[{"count":0,"href":"https:\/\/universitetipolis.edu.al\/en\/wp-json\/wp\/v2\/pages\/13351\/revisions"}],"wp:attachment":[{"href":"https:\/\/universitetipolis.edu.al\/en\/wp-json\/wp\/v2\/media?parent=13351"}],"curies":[{"name":"wp","href":"https:\/\/api.w.org\/{rel}","templated":true}]}}